{"id":5075,"date":"2023-07-29T19:33:02","date_gmt":"2023-07-29T19:33:02","guid":{"rendered":"https:\/\/unrostore.com\/?post_type=product&#038;p=5075"},"modified":"2026-01-19T20:37:23","modified_gmt":"2026-01-19T20:37:23","slug":"geschirrset-blau-16-teilig-mit-pastatellern-und-schusseln","status":"publish","type":"product","link":"https:\/\/unrostore.com\/de-at\/shop\/terrafina\/amazonenblau\/geschirrset-blau-16-teilig-mit-pastatellern-und-schusseln\/","title":{"rendered":"Geschirrset Blau 16-teilig mit Pastatellern und Sch\u00fcsseln"},"content":{"rendered":"<h3>Ein komplettes Geschirrset Blau 16-teilig mit Pastatellern und Sch\u00fcsseln f\u00fcr 4 Personen<\/h3>\n<p>Mit dem<strong> Geschirrset Blau 16-teilig mit Pastatellern und Sch\u00fcsseln<\/strong> von <a href=\"https:\/\/www.terrafinastore.com\/en\/collections\/amazonia\">Terrafina<\/a>, aus der Kollektion Amazonia Blue sieht Ihr Tisch immer topgepflegt und gro\u00dfz\u00fcgig gedeckt aus! Mit diesem Geschirrset in blauer Farbe wird jede Mahlzeit zu einem Fest. Verwenden Sie die Pastateller auch als Suppenteller, die Fr\u00fchst\u00fccksteller als Kuchenteller und die Schalen als Tapas-Teller, Dessertteller oder Amuse-Bouches. Genie\u00dfen Sie gemeinsam mit Ihren Lieben das sch\u00f6ne blaue Geschirr, das auch in die Sp\u00fclmaschine, die Mikrowelle und den Backofen darf! Jeder Teller ist ein Unikat, da er in Portugal in ehrlicher Handarbeit aus bester Keramik hergestellt wird: reines Steingut. Das 16-teilige Geschirrset kann f\u00fcr mehrere Personen zubereitet werden und l\u00e4sst sich auch mit passenden <a href=\"https:\/\/unrostore.com\/de-at\/shop\/terrafina\/amazonenblau\/blauwe-mokken-amazonia-blue-2-delig\/\">Cappuccino-Tassen<\/a>, <a href=\"https:\/\/unrostore.com\/de-at\/shop\/terrafina\/amazonenblau\/espressotasse-blau-amazonia-blau-2-stuck\/\">Espressotassen<\/a> und eine <a href=\"https:\/\/unrostore.com\/de-at\/shop\/terrafina\/amazonenblau\/obstschale-blau-amazonia-blau\/\">Obstschale\/Salatsch\u00fcssel<\/a>. Au\u00dferdem eignet sich dieses Geschirrset hervorragend als Geschenk f\u00fcr eine Hochzeit, einen Geburtstag oder eine Einweihungsparty!<\/p>\n<p>&nbsp;<\/p>\n<h3>Dies ist die Nummer, die Sie zugestellt bekommen<\/h3>\n<ul>\n<li>4x Amazonia Blue Schalen \u00f8 15 cm<\/li>\n<li>4x Amazonia Blue Nudelteller \u00f8 23 cm<\/li>\n<li>4x Amazonia Blue Fr\u00fchst\u00fccksteller \u00f8 21 cm<\/li>\n<li>4x Amazonia Blue Essteller \u00f8 29 cm<\/li>\n<li>5x Terrafina Geschenkbox<\/li>\n<\/ul>\n<p>&nbsp;<\/p>\n<p><em><strong>Nachhaltig f\u00fcr Mensch und Umwelt:<\/strong><br \/>\nJedes Produkt ist ein Unikat, denn es wird in Handarbeit hergestellt.<br \/>\nDruck und Textur k\u00f6nnen daher leicht vom Produktfoto abweichen.<\/em><\/p>","protected":false},"excerpt":{"rendered":"<div class=\"usps\"><i class=\"far fa-check-circle\"><\/i> Mikrowellenfest<br \/>\n<i class=\"far fa-check-circle\"><\/i> Backofenfest (bis zu 200 Grad)<br \/>\n<i class=\"far fa-check-circle\"><\/i> Sp\u00fclmaschinentauglich<br \/>\n<i class=\"far fa-thumbs-up\"><\/i> Handgefertigt<\/div>","protected":false},"featured_media":6414,"template":"","meta":[],"product_brand":[],"product_cat":[174,730,122,119],"product_tag":[696,175,407,284,289,620,765,804,405,649,123],"class_list":{"0":"post-5075","1":"product","2":"type-product","3":"status-publish","4":"has-post-thumbnail","6":"product_cat-amazonia-blue","7":"product_cat-servies-16-delig","8":"product_cat-serviesset","9":"product_cat-terrafina","10":"product_tag-acai-bowl","11":"product_tag-amazonia-blue","12":"product_tag-blauwe-serviesset","13":"product_tag-dinerborden","14":"product_tag-ontbijtborden","15":"product_tag-pastaborden-en-kommen","16":"product_tag-servies-16-delig","17":"product_tag-serviesset-blauw","18":"product_tag-serviesset-pastaborden","19":"product_tag-serviesset-voor-4-personen","20":"product_tag-terrafina","21":"product_shipping_class-pakket","23":"first","24":"outofstock","25":"sale","26":"taxable","27":"shipping-taxable","28":"purchasable","29":"product-type-simple"},"yoast_head":"<!-- This site is optimized with the Yoast SEO plugin v27.4 - https:\/\/yoast.com\/product\/yoast-seo-wordpress\/ -->\n<title>Serviesset Blauw 16 delig met Pastaborden en Kommen &#8226; UNRO<\/title>\n<meta name=\"description\" content=\"Met de serviesset blauw 16 delig ziet jouw tafel er altijd tip top verzorgd en royaal gedekt uit voor alle gezellige etentjes met elkaar!\" \/>\n<meta name=\"robots\" content=\"index, follow, max-snippet:-1, max-image-preview:large, max-video-preview:-1\" \/>\n<link rel=\"canonical\" href=\"https:\/\/unrostore.com\/de-at\/shop\/terrafina\/amazonenblau\/geschirrset-blau-16-teilig-mit-pastatellern-und-schusseln\/\" \/>\n<meta property=\"og:locale\" content=\"de_DE\" \/>\n<meta property=\"og:type\" content=\"article\" \/>\n<meta property=\"og:title\" content=\"Serviesset Blauw 16 delig met Pastaborden en Kommen &#8226; UNRO\" \/>\n<meta property=\"og:description\" content=\"Met de serviesset blauw 16 delig ziet jouw tafel er altijd tip top verzorgd en royaal gedekt uit voor alle gezellige etentjes met elkaar!\" \/>\n<meta property=\"og:url\" content=\"https:\/\/unrostore.com\/de-at\/shop\/terrafina\/amazonenblau\/geschirrset-blau-16-teilig-mit-pastatellern-und-schusseln\/\" \/>\n<meta property=\"og:site_name\" content=\"UNRO\" \/>\n<meta property=\"article:modified_time\" content=\"2026-01-19T20:37:23+00:00\" \/>\n<meta property=\"og:image\" content=\"https:\/\/unrostore.com\/wp-content\/uploads\/2023\/07\/unr-blauwe-serviesset-16-delig.webp\" \/>\n\t<meta property=\"og:image:width\" content=\"1000\" \/>\n\t<meta property=\"og:image:height\" content=\"1000\" \/>\n\t<meta property=\"og:image:type\" content=\"image\/webp\" \/>\n<meta name=\"twitter:card\" content=\"summary_large_image\" \/>\n<script type=\"application\/ld+json\" class=\"yoast-schema-graph\">{\"@context\":\"https:\\\/\\\/schema.org\",\"@graph\":[{\"@type\":\"WebPage\",\"@id\":\"https:\\\/\\\/unrostore.com\\\/shop\\\/terrafina\\\/amazonia-blue\\\/serviesset-blauw-16-delig-met-pastaborden-en-kommen\\\/\",\"url\":\"https:\\\/\\\/unrostore.com\\\/shop\\\/terrafina\\\/amazonia-blue\\\/serviesset-blauw-16-delig-met-pastaborden-en-kommen\\\/\",\"name\":\"Serviesset Blauw 16 delig met Pastaborden en Kommen &#8226; UNRO\",\"isPartOf\":{\"@id\":\"https:\\\/\\\/unrostore.com\\\/#website\"},\"primaryImageOfPage\":{\"@id\":\"https:\\\/\\\/unrostore.com\\\/shop\\\/terrafina\\\/amazonia-blue\\\/serviesset-blauw-16-delig-met-pastaborden-en-kommen\\\/#primaryimage\"},\"image\":{\"@id\":\"https:\\\/\\\/unrostore.com\\\/shop\\\/terrafina\\\/amazonia-blue\\\/serviesset-blauw-16-delig-met-pastaborden-en-kommen\\\/#primaryimage\"},\"thumbnailUrl\":\"https:\\\/\\\/unrostore.com\\\/wp-content\\\/uploads\\\/2023\\\/07\\\/unr-blauwe-serviesset-16-delig.webp\",\"datePublished\":\"2023-07-29T19:33:02+00:00\",\"dateModified\":\"2026-01-19T20:37:23+00:00\",\"description\":\"Met de serviesset blauw 16 delig ziet jouw tafel er altijd tip top verzorgd en royaal gedekt uit voor alle gezellige etentjes met elkaar!\",\"breadcrumb\":{\"@id\":\"https:\\\/\\\/unrostore.com\\\/shop\\\/terrafina\\\/amazonia-blue\\\/serviesset-blauw-16-delig-met-pastaborden-en-kommen\\\/#breadcrumb\"},\"inLanguage\":\"de-AT\",\"potentialAction\":[{\"@type\":\"ReadAction\",\"target\":[\"https:\\\/\\\/unrostore.com\\\/shop\\\/terrafina\\\/amazonia-blue\\\/serviesset-blauw-16-delig-met-pastaborden-en-kommen\\\/\"]}]},{\"@type\":\"ImageObject\",\"inLanguage\":\"de-AT\",\"@id\":\"https:\\\/\\\/unrostore.com\\\/shop\\\/terrafina\\\/amazonia-blue\\\/serviesset-blauw-16-delig-met-pastaborden-en-kommen\\\/#primaryimage\",\"url\":\"https:\\\/\\\/unrostore.com\\\/wp-content\\\/uploads\\\/2023\\\/07\\\/unr-blauwe-serviesset-16-delig.webp\",\"contentUrl\":\"https:\\\/\\\/unrostore.com\\\/wp-content\\\/uploads\\\/2023\\\/07\\\/unr-blauwe-serviesset-16-delig.webp\",\"width\":1000,\"height\":1000,\"caption\":\"Serviesset Blauw16-delig\"},{\"@type\":\"BreadcrumbList\",\"@id\":\"https:\\\/\\\/unrostore.com\\\/shop\\\/terrafina\\\/amazonia-blue\\\/serviesset-blauw-16-delig-met-pastaborden-en-kommen\\\/#breadcrumb\",\"itemListElement\":[{\"@type\":\"ListItem\",\"position\":1,\"name\":\"Home\",\"item\":\"https:\\\/\\\/unrostore.com\\\/\"},{\"@type\":\"ListItem\",\"position\":2,\"name\":\"Shop\",\"item\":\"https:\\\/\\\/unrostore.com\\\/shop\\\/\"},{\"@type\":\"ListItem\",\"position\":3,\"name\":\"Serviesset Blauw 16 delig met Pastaborden en Kommen\"}]},{\"@type\":\"WebSite\",\"@id\":\"https:\\\/\\\/unrostore.com\\\/#website\",\"url\":\"https:\\\/\\\/unrostore.com\\\/\",\"name\":\"UNRO\",\"description\":\"Portugees servies waar je blij van wordt!\",\"publisher\":{\"@id\":\"https:\\\/\\\/unrostore.com\\\/#organization\"},\"potentialAction\":[{\"@type\":\"SearchAction\",\"target\":{\"@type\":\"EntryPoint\",\"urlTemplate\":\"https:\\\/\\\/unrostore.com\\\/?s={search_term_string}\"},\"query-input\":{\"@type\":\"PropertyValueSpecification\",\"valueRequired\":true,\"valueName\":\"search_term_string\"}}],\"inLanguage\":\"de-AT\"},{\"@type\":\"Organization\",\"@id\":\"https:\\\/\\\/unrostore.com\\\/#organization\",\"name\":\"UNRO\",\"url\":\"https:\\\/\\\/unrostore.com\\\/\",\"logo\":{\"@type\":\"ImageObject\",\"inLanguage\":\"de-AT\",\"@id\":\"https:\\\/\\\/unrostore.com\\\/#\\\/schema\\\/logo\\\/image\\\/\",\"url\":\"https:\\\/\\\/unrostore.com\\\/wp-content\\\/uploads\\\/2022\\\/05\\\/Logo-UNRO.png\",\"contentUrl\":\"https:\\\/\\\/unrostore.com\\\/wp-content\\\/uploads\\\/2022\\\/05\\\/Logo-UNRO.png\",\"width\":605,\"height\":179,\"caption\":\"UNRO\"},\"image\":{\"@id\":\"https:\\\/\\\/unrostore.com\\\/#\\\/schema\\\/logo\\\/image\\\/\"}}]}<\/script>\n<!-- \/ Yoast SEO plugin. -->","yoast_head_json":{"title":"Geschirrset Blau 16-teilig mit Pastatellern und Sch\u00fcsseln - UNRO","description":"Mit dem Geschirrset blau 16-teilig sieht Ihr Tisch immer tipptopp aus und ist gro\u00dfz\u00fcgig gedeckt f\u00fcr all die gem\u00fctlichen gemeinsamen Mahlzeiten!","robots":{"index":"index","follow":"follow","max-snippet":"max-snippet:-1","max-image-preview":"max-image-preview:large","max-video-preview":"max-video-preview:-1"},"canonical":"https:\/\/unrostore.com\/de-at\/shop\/terrafina\/amazonenblau\/geschirrset-blau-16-teilig-mit-pastatellern-und-schusseln\/","og_locale":"de_DE","og_type":"article","og_title":"Serviesset Blauw 16 delig met Pastaborden en Kommen &#8226; UNRO","og_description":"Met de serviesset blauw 16 delig ziet jouw tafel er altijd tip top verzorgd en royaal gedekt uit voor alle gezellige etentjes met elkaar!","og_url":"https:\/\/unrostore.com\/de-at\/shop\/terrafina\/amazonenblau\/geschirrset-blau-16-teilig-mit-pastatellern-und-schusseln\/","og_site_name":"UNRO","article_modified_time":"2026-01-19T20:37:23+00:00","og_image":[{"width":1000,"height":1000,"url":"https:\/\/unrostore.com\/wp-content\/uploads\/2023\/07\/unr-blauwe-serviesset-16-delig.webp","type":"image\/webp"}],"twitter_card":"summary_large_image","schema":{"@context":"https:\/\/schema.org","@graph":[{"@type":"WebPage","@id":"https:\/\/unrostore.com\/shop\/terrafina\/amazonia-blue\/serviesset-blauw-16-delig-met-pastaborden-en-kommen\/","url":"https:\/\/unrostore.com\/shop\/terrafina\/amazonia-blue\/serviesset-blauw-16-delig-met-pastaborden-en-kommen\/","name":"Geschirrset Blau 16-teilig mit Pastatellern und Sch\u00fcsseln - UNRO","isPartOf":{"@id":"https:\/\/unrostore.com\/#website"},"primaryImageOfPage":{"@id":"https:\/\/unrostore.com\/shop\/terrafina\/amazonia-blue\/serviesset-blauw-16-delig-met-pastaborden-en-kommen\/#primaryimage"},"image":{"@id":"https:\/\/unrostore.com\/shop\/terrafina\/amazonia-blue\/serviesset-blauw-16-delig-met-pastaborden-en-kommen\/#primaryimage"},"thumbnailUrl":"https:\/\/unrostore.com\/wp-content\/uploads\/2023\/07\/unr-blauwe-serviesset-16-delig.webp","datePublished":"2023-07-29T19:33:02+00:00","dateModified":"2026-01-19T20:37:23+00:00","description":"Mit dem Geschirrset blau 16-teilig sieht Ihr Tisch immer tipptopp aus und ist gro\u00dfz\u00fcgig gedeckt f\u00fcr all die gem\u00fctlichen gemeinsamen Mahlzeiten!","breadcrumb":{"@id":"https:\/\/unrostore.com\/shop\/terrafina\/amazonia-blue\/serviesset-blauw-16-delig-met-pastaborden-en-kommen\/#breadcrumb"},"inLanguage":"de-AT","potentialAction":[{"@type":"ReadAction","target":["https:\/\/unrostore.com\/shop\/terrafina\/amazonia-blue\/serviesset-blauw-16-delig-met-pastaborden-en-kommen\/"]}]},{"@type":"ImageObject","inLanguage":"de-AT","@id":"https:\/\/unrostore.com\/shop\/terrafina\/amazonia-blue\/serviesset-blauw-16-delig-met-pastaborden-en-kommen\/#primaryimage","url":"https:\/\/unrostore.com\/wp-content\/uploads\/2023\/07\/unr-blauwe-serviesset-16-delig.webp","contentUrl":"https:\/\/unrostore.com\/wp-content\/uploads\/2023\/07\/unr-blauwe-serviesset-16-delig.webp","width":1000,"height":1000,"caption":"Serviesset Blauw16-delig"},{"@type":"BreadcrumbList","@id":"https:\/\/unrostore.com\/shop\/terrafina\/amazonia-blue\/serviesset-blauw-16-delig-met-pastaborden-en-kommen\/#breadcrumb","itemListElement":[{"@type":"ListItem","position":1,"name":"Home","item":"https:\/\/unrostore.com\/"},{"@type":"ListItem","position":2,"name":"Shop","item":"https:\/\/unrostore.com\/shop\/"},{"@type":"ListItem","position":3,"name":"Serviesset Blauw 16 delig met Pastaborden en Kommen"}]},{"@type":"WebSite","@id":"https:\/\/unrostore.com\/#website","url":"https:\/\/unrostore.com\/","name":"UNRO","description":"Portugiesisches Geschirr, das Sie gl\u00fccklich machen wird!","publisher":{"@id":"https:\/\/unrostore.com\/#organization"},"potentialAction":[{"@type":"SearchAction","target":{"@type":"EntryPoint","urlTemplate":"https:\/\/unrostore.com\/?s={search_term_string}"},"query-input":{"@type":"PropertyValueSpecification","valueRequired":true,"valueName":"search_term_string"}}],"inLanguage":"de-AT"},{"@type":"Organization","@id":"https:\/\/unrostore.com\/#organization","name":"UNRO","url":"https:\/\/unrostore.com\/","logo":{"@type":"ImageObject","inLanguage":"de-AT","@id":"https:\/\/unrostore.com\/#\/schema\/logo\/image\/","url":"https:\/\/unrostore.com\/wp-content\/uploads\/2022\/05\/Logo-UNRO.png","contentUrl":"https:\/\/unrostore.com\/wp-content\/uploads\/2022\/05\/Logo-UNRO.png","width":605,"height":179,"caption":"UNRO"},"image":{"@id":"https:\/\/unrostore.com\/#\/schema\/logo\/image\/"}}]}},"_links":{"self":[{"href":"https:\/\/unrostore.com\/de-at\/wp-json\/wp\/v2\/product\/5075","targetHints":{"allow":["GET"]}}],"collection":[{"href":"https:\/\/unrostore.com\/de-at\/wp-json\/wp\/v2\/product"}],"about":[{"href":"https:\/\/unrostore.com\/de-at\/wp-json\/wp\/v2\/types\/product"}],"wp:featuredmedia":[{"embeddable":true,"href":"https:\/\/unrostore.com\/de-at\/wp-json\/wp\/v2\/media\/6414"}],"wp:attachment":[{"href":"https:\/\/unrostore.com\/de-at\/wp-json\/wp\/v2\/media?parent=5075"}],"wp:term":[{"taxonomy":"product_brand","embeddable":true,"href":"https:\/\/unrostore.com\/de-at\/wp-json\/wp\/v2\/product_brand?post=5075"},{"taxonomy":"product_cat","embeddable":true,"href":"https:\/\/unrostore.com\/de-at\/wp-json\/wp\/v2\/product_cat?post=5075"},{"taxonomy":"product_tag","embeddable":true,"href":"https:\/\/unrostore.com\/de-at\/wp-json\/wp\/v2\/product_tag?post=5075"}],"curies":[{"name":"wp","href":"https:\/\/api.w.org\/{rel}","templated":true}]}}