{"id":5063,"date":"2023-07-29T19:07:56","date_gmt":"2023-07-29T19:07:56","guid":{"rendered":"https:\/\/unrostore.com\/?post_type=product&#038;p=5063"},"modified":"2026-01-19T20:37:23","modified_gmt":"2026-01-19T20:37:23","slug":"geschirrset-farbig-16-teilig-mit-pastatellern-und-schusseln","status":"publish","type":"product","link":"https:\/\/unrostore.com\/de-at\/shop\/terrafina\/korallen\/geschirrset-farbig-16-teilig-mit-pastatellern-und-schusseln\/","title":{"rendered":"Geschirrset farbig 16-teilig mit Pastatellern und Sch\u00fcsseln"},"content":{"rendered":"<h3>Fr\u00f6hliches Geschirrset Bunt 16-teilig mit Sch\u00fcsseln und Nudeltellern f\u00fcr 4 Personen<\/h3>\n<p>Die<strong> Geschirrset Bunt 16-teilig mit Pastatellern und Sch\u00fcsseln<\/strong> von <a href=\"https:\/\/www.terrafinastore.com\/en\/collections\/amazonia\">Terrafina<\/a>, aus der farbigen Geschirrkollektion Corals bringt jeden Tag zum Strahlen! Mit diesem farbenfrohen blau-gelben Geschirr werden Sie Ihr Fr\u00fchst\u00fcck, Mittagessen, Getr\u00e4nke und Abendessen besonders genie\u00dfen. Dieses farbenfrohe, glasierte Tafelservice sieht auf dem Esstisch gro\u00dfartig aus und verleiht Ihrer Einrichtung Stil und Verspieltheit. Egal, ob Sie ein l\u00e4ndliches Interieur haben oder in einem charakteristischen alten (renovierten) Haus mit sch\u00f6nen Vintage-M\u00f6beln und vielen warmen Holzt\u00f6nen leben, das handgefertigte bunte Keramikgeschirr wird Ihr Esszimmer zum Strahlen bringen!<\/p>\n<p><strong>Sch\u00f6nes portugiesisches Geschirr f\u00fcr verschiedene Anl\u00e4sse<\/strong><br \/>\nDieses farbenfrohe Geschirr bringt die fr\u00f6hlichen Fr\u00fchlings- und Osterfarben besonders gut zur Geltung. So wird Ihr Esstisch beim Osterfr\u00fchst\u00fcck und -brunch gem\u00fctlich aussehen! Verwenden Sie die Schalen morgens als Joghurt- oder M\u00fcslischalen und mittags als Suppenschalen oder abends als Tapasschalen. Die gelb-blauen Fr\u00fchst\u00fccksteller sind ebenfalls vielseitig einsetzbar und k\u00f6nnen perfekt als Kuchenteller oder Vorspeisenteller verwendet werden. Die farbenfrohen Pastateller eignen sich auch hervorragend als tiefe Teller f\u00fcr Ihre Acai Bowl, Suppenteller und Salatteller. Das bunte Geschirrset kann f\u00fcr mehrere Personen zubereitet werden und l\u00e4sst sich auch mit passenden <a href=\"https:\/\/unrostore.com\/de-at\/shop\/terrafina\/korallen\/gekleurde-mokken-corals-2-delig\/\">Cappuccino-Tassen<\/a>, <a href=\"https:\/\/unrostore.com\/de-at\/shop\/terrafina\/korallen\/farbige-espressotasse-mit-henkel-korallen-2-stuck\/\">Espressotassen<\/a> und eine <a href=\"https:\/\/unrostore.com\/de-at\/shop\/terrafina\/korallen\/farbige-servierschalen-korallen-2-grosen\/\">Serviergeschirr<\/a>. Au\u00dferdem eignet sich dieses Geschirrset hervorragend als Geschenk f\u00fcr eine Hochzeit, einen Geburtstag oder eine Einweihungsparty!<\/p>\n<h3>Dies ist die Nummer, die Sie zugestellt bekommen<\/h3>\n<ul>\n<li>4x Corals Schalen \u00f8 15 cm<\/li>\n<li>4x Corals Nudelteller \u00f8 22 cm<\/li>\n<li>4x Corals Fr\u00fchst\u00fccksteller \u00f8 22 cm<\/li>\n<li>4x Corals Essteller \u00f8 28,5 cm<\/li>\n<li>5x Terrafina Geschenkbox<\/li>\n<\/ul>\n<p>\u00a0<\/p>\n<p><em><strong>Duurzaam voor mens & milieu:<\/strong><br \/>\nJedes Produkt ist ein Unikat, denn es wird in Handarbeit hergestellt.<br \/>\nDruck und Textur k\u00f6nnen daher leicht vom Produktfoto abweichen.<\/em><\/p>","protected":false},"excerpt":{"rendered":"<div style=\"font-family: nunito sans; font-size: 14px; border: 1px solid #dedede; border-radius: 4px; padding: 15px 0 0 14px; margin-top: 20px; margin-bottom: 20px; width: 160px; box-shadow: 1px 1px 7px 0px rgb(0 0 0 \/ 15%), 0px 0px 2px 0px rgb(0 0 0 \/ 5%); color: #00b900;\">\n<p>Mit diesem Festpreis sparen Sie <strong>\u20ac5,-<\/strong><\/p>\n<\/div>\n<div class=\"usps\"><i class=\"far fa-check-circle\"><\/i> Mikrowellenfest<br \/>\n<i class=\"far fa-check-circle\"><\/i> Backofenfest (bis zu 200 Grad)<br \/>\n<i class=\"far fa-check-circle\"><\/i> Sp\u00fclmaschinentauglich<br \/>\n<i class=\"far fa-thumbs-up\"><\/i> Handgefertigt<\/div>","protected":false},"featured_media":6416,"template":"","meta":[],"product_brand":[],"product_cat":[127,871,730,122,119],"product_tag":[696,145,128,284,748,802,409,289,620,765,803,405,649,123],"class_list":{"0":"post-5063","1":"product","2":"type-product","3":"status-publish","4":"has-post-thumbnail","6":"product_cat-corals","7":"product_cat-unro-populair-portugees-keramiek","8":"product_cat-servies-16-delig","9":"product_cat-serviesset","10":"product_cat-terrafina","11":"product_tag-acai-bowl","12":"product_tag-amazonia-cream","13":"product_tag-corals","14":"product_tag-dinerborden","15":"product_tag-gekleurd-servies","16":"product_tag-gekleurde-serviesset","17":"product_tag-kleurrijke-serviesset","18":"product_tag-ontbijtborden","19":"product_tag-pastaborden-en-kommen","20":"product_tag-servies-16-delig","21":"product_tag-serviesset-kleur","22":"product_tag-serviesset-pastaborden","23":"product_tag-serviesset-voor-4-personen","24":"product_tag-terrafina","25":"product_shipping_class-pakket","27":"first","28":"outofstock","29":"sale","30":"taxable","31":"shipping-taxable","32":"purchasable","33":"product-type-simple"},"yoast_head":"<!-- This site is optimized with the Yoast SEO plugin v27.6 - https:\/\/yoast.com\/product\/yoast-seo-wordpress\/ -->\n<title>Serviesset gekleurd 16 delig met Pastaborden en Kommen &#8226; UNRO<\/title>\n<meta name=\"description\" content=\"De serviesset gekleurd 16 delig met pastaborden en kommen vrolijkt elk gerecht op. Om samen dagelijks van te genieten \u00e9n bij bijzondere momenten!\" \/>\n<meta name=\"robots\" content=\"index, follow, max-snippet:-1, max-image-preview:large, max-video-preview:-1\" \/>\n<link rel=\"canonical\" href=\"https:\/\/unrostore.com\/de-at\/shop\/terrafina\/korallen\/geschirrset-farbig-16-teilig-mit-pastatellern-und-schusseln\/\" \/>\n<meta property=\"og:locale\" content=\"de_DE\" \/>\n<meta property=\"og:type\" content=\"article\" \/>\n<meta property=\"og:title\" content=\"Serviesset gekleurd 16 delig met Pastaborden en Kommen &#8226; UNRO\" \/>\n<meta property=\"og:description\" content=\"De serviesset gekleurd 16 delig met pastaborden en kommen vrolijkt elk gerecht op. Om samen dagelijks van te genieten \u00e9n bij bijzondere momenten!\" \/>\n<meta property=\"og:url\" content=\"https:\/\/unrostore.com\/de-at\/shop\/terrafina\/korallen\/geschirrset-farbig-16-teilig-mit-pastatellern-und-schusseln\/\" \/>\n<meta property=\"og:site_name\" content=\"UNRO\" \/>\n<meta property=\"article:modified_time\" content=\"2026-01-19T20:37:23+00:00\" \/>\n<meta property=\"og:image\" content=\"https:\/\/unrostore.com\/wp-content\/uploads\/2023\/07\/unro-gekleurde-serviesset-16-delig.webp\" \/>\n\t<meta property=\"og:image:width\" content=\"1000\" \/>\n\t<meta property=\"og:image:height\" content=\"1000\" \/>\n\t<meta property=\"og:image:type\" content=\"image\/webp\" \/>\n<meta name=\"twitter:card\" content=\"summary_large_image\" \/>\n<script type=\"application\/ld+json\" class=\"yoast-schema-graph\">{\"@context\":\"https:\\\/\\\/schema.org\",\"@graph\":[{\"@type\":\"WebPage\",\"@id\":\"https:\\\/\\\/unrostore.com\\\/shop\\\/terrafina\\\/corals\\\/serviesset-gekleurd-16-delig-met-pastaborden-en-kommen\\\/\",\"url\":\"https:\\\/\\\/unrostore.com\\\/shop\\\/terrafina\\\/corals\\\/serviesset-gekleurd-16-delig-met-pastaborden-en-kommen\\\/\",\"name\":\"Serviesset gekleurd 16 delig met Pastaborden en Kommen &#8226; UNRO\",\"isPartOf\":{\"@id\":\"https:\\\/\\\/unrostore.com\\\/#website\"},\"primaryImageOfPage\":{\"@id\":\"https:\\\/\\\/unrostore.com\\\/shop\\\/terrafina\\\/corals\\\/serviesset-gekleurd-16-delig-met-pastaborden-en-kommen\\\/#primaryimage\"},\"image\":{\"@id\":\"https:\\\/\\\/unrostore.com\\\/shop\\\/terrafina\\\/corals\\\/serviesset-gekleurd-16-delig-met-pastaborden-en-kommen\\\/#primaryimage\"},\"thumbnailUrl\":\"https:\\\/\\\/unrostore.com\\\/wp-content\\\/uploads\\\/2023\\\/07\\\/unro-gekleurde-serviesset-16-delig.webp\",\"datePublished\":\"2023-07-29T19:07:56+00:00\",\"dateModified\":\"2026-01-19T20:37:23+00:00\",\"description\":\"De serviesset gekleurd 16 delig met pastaborden en kommen vrolijkt elk gerecht op. Om samen dagelijks van te genieten \u00e9n bij bijzondere momenten!\",\"breadcrumb\":{\"@id\":\"https:\\\/\\\/unrostore.com\\\/shop\\\/terrafina\\\/corals\\\/serviesset-gekleurd-16-delig-met-pastaborden-en-kommen\\\/#breadcrumb\"},\"inLanguage\":\"de-AT\",\"potentialAction\":[{\"@type\":\"ReadAction\",\"target\":[\"https:\\\/\\\/unrostore.com\\\/shop\\\/terrafina\\\/corals\\\/serviesset-gekleurd-16-delig-met-pastaborden-en-kommen\\\/\"]}]},{\"@type\":\"ImageObject\",\"inLanguage\":\"de-AT\",\"@id\":\"https:\\\/\\\/unrostore.com\\\/shop\\\/terrafina\\\/corals\\\/serviesset-gekleurd-16-delig-met-pastaborden-en-kommen\\\/#primaryimage\",\"url\":\"https:\\\/\\\/unrostore.com\\\/wp-content\\\/uploads\\\/2023\\\/07\\\/unro-gekleurde-serviesset-16-delig.webp\",\"contentUrl\":\"https:\\\/\\\/unrostore.com\\\/wp-content\\\/uploads\\\/2023\\\/07\\\/unro-gekleurde-serviesset-16-delig.webp\",\"width\":1000,\"height\":1000,\"caption\":\"Gekleurde Serviesset 16-delig\"},{\"@type\":\"BreadcrumbList\",\"@id\":\"https:\\\/\\\/unrostore.com\\\/shop\\\/terrafina\\\/corals\\\/serviesset-gekleurd-16-delig-met-pastaborden-en-kommen\\\/#breadcrumb\",\"itemListElement\":[{\"@type\":\"ListItem\",\"position\":1,\"name\":\"Home\",\"item\":\"https:\\\/\\\/unrostore.com\\\/\"},{\"@type\":\"ListItem\",\"position\":2,\"name\":\"Shop\",\"item\":\"https:\\\/\\\/unrostore.com\\\/shop\\\/\"},{\"@type\":\"ListItem\",\"position\":3,\"name\":\"Serviesset gekleurd 16 delig met Pastaborden en Kommen\"}]},{\"@type\":\"WebSite\",\"@id\":\"https:\\\/\\\/unrostore.com\\\/#website\",\"url\":\"https:\\\/\\\/unrostore.com\\\/\",\"name\":\"UNRO\",\"description\":\"Portugees servies waar je blij van wordt!\",\"publisher\":{\"@id\":\"https:\\\/\\\/unrostore.com\\\/#organization\"},\"potentialAction\":[{\"@type\":\"SearchAction\",\"target\":{\"@type\":\"EntryPoint\",\"urlTemplate\":\"https:\\\/\\\/unrostore.com\\\/?s={search_term_string}\"},\"query-input\":{\"@type\":\"PropertyValueSpecification\",\"valueRequired\":true,\"valueName\":\"search_term_string\"}}],\"inLanguage\":\"de-AT\"},{\"@type\":\"Organization\",\"@id\":\"https:\\\/\\\/unrostore.com\\\/#organization\",\"name\":\"UNRO\",\"url\":\"https:\\\/\\\/unrostore.com\\\/\",\"logo\":{\"@type\":\"ImageObject\",\"inLanguage\":\"de-AT\",\"@id\":\"https:\\\/\\\/unrostore.com\\\/#\\\/schema\\\/logo\\\/image\\\/\",\"url\":\"https:\\\/\\\/unrostore.com\\\/wp-content\\\/uploads\\\/2022\\\/05\\\/Logo-UNRO.png\",\"contentUrl\":\"https:\\\/\\\/unrostore.com\\\/wp-content\\\/uploads\\\/2022\\\/05\\\/Logo-UNRO.png\",\"width\":605,\"height\":179,\"caption\":\"UNRO\"},\"image\":{\"@id\":\"https:\\\/\\\/unrostore.com\\\/#\\\/schema\\\/logo\\\/image\\\/\"}}]}<\/script>\n<!-- \/ Yoast SEO plugin. -->","yoast_head_json":{"title":"Geschirrset farbig 16-teilig mit Pastatellern und Sch\u00fcsseln - UNRO","description":"Das 16-teilige farbige Geschirrset mit Pastatellern und Schalen bringt jedes Gericht zum Strahlen. Zum gemeinsamen Genie\u00dfen jeden Tag und zu besonderen Anl\u00e4ssen!","robots":{"index":"index","follow":"follow","max-snippet":"max-snippet:-1","max-image-preview":"max-image-preview:large","max-video-preview":"max-video-preview:-1"},"canonical":"https:\/\/unrostore.com\/de-at\/shop\/terrafina\/korallen\/geschirrset-farbig-16-teilig-mit-pastatellern-und-schusseln\/","og_locale":"de_DE","og_type":"article","og_title":"Serviesset gekleurd 16 delig met Pastaborden en Kommen &#8226; UNRO","og_description":"De serviesset gekleurd 16 delig met pastaborden en kommen vrolijkt elk gerecht op. Om samen dagelijks van te genieten \u00e9n bij bijzondere momenten!","og_url":"https:\/\/unrostore.com\/de-at\/shop\/terrafina\/korallen\/geschirrset-farbig-16-teilig-mit-pastatellern-und-schusseln\/","og_site_name":"UNRO","article_modified_time":"2026-01-19T20:37:23+00:00","og_image":[{"width":1000,"height":1000,"url":"https:\/\/unrostore.com\/wp-content\/uploads\/2023\/07\/unro-gekleurde-serviesset-16-delig.webp","type":"image\/webp"}],"twitter_card":"summary_large_image","schema":{"@context":"https:\/\/schema.org","@graph":[{"@type":"WebPage","@id":"https:\/\/unrostore.com\/shop\/terrafina\/corals\/serviesset-gekleurd-16-delig-met-pastaborden-en-kommen\/","url":"https:\/\/unrostore.com\/shop\/terrafina\/corals\/serviesset-gekleurd-16-delig-met-pastaborden-en-kommen\/","name":"Geschirrset farbig 16-teilig mit Pastatellern und Sch\u00fcsseln - UNRO","isPartOf":{"@id":"https:\/\/unrostore.com\/#website"},"primaryImageOfPage":{"@id":"https:\/\/unrostore.com\/shop\/terrafina\/corals\/serviesset-gekleurd-16-delig-met-pastaborden-en-kommen\/#primaryimage"},"image":{"@id":"https:\/\/unrostore.com\/shop\/terrafina\/corals\/serviesset-gekleurd-16-delig-met-pastaborden-en-kommen\/#primaryimage"},"thumbnailUrl":"https:\/\/unrostore.com\/wp-content\/uploads\/2023\/07\/unro-gekleurde-serviesset-16-delig.webp","datePublished":"2023-07-29T19:07:56+00:00","dateModified":"2026-01-19T20:37:23+00:00","description":"Das 16-teilige farbige Geschirrset mit Pastatellern und Schalen bringt jedes Gericht zum Strahlen. Zum gemeinsamen Genie\u00dfen jeden Tag und zu besonderen Anl\u00e4ssen!","breadcrumb":{"@id":"https:\/\/unrostore.com\/shop\/terrafina\/corals\/serviesset-gekleurd-16-delig-met-pastaborden-en-kommen\/#breadcrumb"},"inLanguage":"de-AT","potentialAction":[{"@type":"ReadAction","target":["https:\/\/unrostore.com\/shop\/terrafina\/corals\/serviesset-gekleurd-16-delig-met-pastaborden-en-kommen\/"]}]},{"@type":"ImageObject","inLanguage":"de-AT","@id":"https:\/\/unrostore.com\/shop\/terrafina\/corals\/serviesset-gekleurd-16-delig-met-pastaborden-en-kommen\/#primaryimage","url":"https:\/\/unrostore.com\/wp-content\/uploads\/2023\/07\/unro-gekleurde-serviesset-16-delig.webp","contentUrl":"https:\/\/unrostore.com\/wp-content\/uploads\/2023\/07\/unro-gekleurde-serviesset-16-delig.webp","width":1000,"height":1000,"caption":"Gekleurde Serviesset 16-delig"},{"@type":"BreadcrumbList","@id":"https:\/\/unrostore.com\/shop\/terrafina\/corals\/serviesset-gekleurd-16-delig-met-pastaborden-en-kommen\/#breadcrumb","itemListElement":[{"@type":"ListItem","position":1,"name":"Home","item":"https:\/\/unrostore.com\/"},{"@type":"ListItem","position":2,"name":"Shop","item":"https:\/\/unrostore.com\/shop\/"},{"@type":"ListItem","position":3,"name":"Serviesset gekleurd 16 delig met Pastaborden en Kommen"}]},{"@type":"WebSite","@id":"https:\/\/unrostore.com\/#website","url":"https:\/\/unrostore.com\/","name":"UNRO","description":"Portugiesisches Geschirr, das Sie gl\u00fccklich machen wird!","publisher":{"@id":"https:\/\/unrostore.com\/#organization"},"potentialAction":[{"@type":"SearchAction","target":{"@type":"EntryPoint","urlTemplate":"https:\/\/unrostore.com\/?s={search_term_string}"},"query-input":{"@type":"PropertyValueSpecification","valueRequired":true,"valueName":"search_term_string"}}],"inLanguage":"de-AT"},{"@type":"Organization","@id":"https:\/\/unrostore.com\/#organization","name":"UNRO","url":"https:\/\/unrostore.com\/","logo":{"@type":"ImageObject","inLanguage":"de-AT","@id":"https:\/\/unrostore.com\/#\/schema\/logo\/image\/","url":"https:\/\/unrostore.com\/wp-content\/uploads\/2022\/05\/Logo-UNRO.png","contentUrl":"https:\/\/unrostore.com\/wp-content\/uploads\/2022\/05\/Logo-UNRO.png","width":605,"height":179,"caption":"UNRO"},"image":{"@id":"https:\/\/unrostore.com\/#\/schema\/logo\/image\/"}}]}},"_links":{"self":[{"href":"https:\/\/unrostore.com\/de-at\/wp-json\/wp\/v2\/product\/5063","targetHints":{"allow":["GET"]}}],"collection":[{"href":"https:\/\/unrostore.com\/de-at\/wp-json\/wp\/v2\/product"}],"about":[{"href":"https:\/\/unrostore.com\/de-at\/wp-json\/wp\/v2\/types\/product"}],"wp:featuredmedia":[{"embeddable":true,"href":"https:\/\/unrostore.com\/de-at\/wp-json\/wp\/v2\/media\/6416"}],"wp:attachment":[{"href":"https:\/\/unrostore.com\/de-at\/wp-json\/wp\/v2\/media?parent=5063"}],"wp:term":[{"taxonomy":"product_brand","embeddable":true,"href":"https:\/\/unrostore.com\/de-at\/wp-json\/wp\/v2\/product_brand?post=5063"},{"taxonomy":"product_cat","embeddable":true,"href":"https:\/\/unrostore.com\/de-at\/wp-json\/wp\/v2\/product_cat?post=5063"},{"taxonomy":"product_tag","embeddable":true,"href":"https:\/\/unrostore.com\/de-at\/wp-json\/wp\/v2\/product_tag?post=5063"}],"curies":[{"name":"wp","href":"https:\/\/api.w.org\/{rel}","templated":true}]}}