{"id":4932,"date":"2023-07-16T13:51:47","date_gmt":"2023-07-16T13:51:47","guid":{"rendered":"https:\/\/unrostore.com\/?post_type=product&#038;p=4932"},"modified":"2026-01-19T20:37:24","modified_gmt":"2026-01-19T20:37:24","slug":"nudelteller-braun-kaffee-4er-set","status":"publish","type":"product","link":"https:\/\/unrostore.com\/de-at\/shop\/terrafina\/kaffee\/nudelteller-braun-kaffee-4er-set\/","title":{"rendered":"Pastateller Braun Coffee 4er Set"},"content":{"rendered":"<h3>Entdecken Sie die schicken und modernen braune Pastateller Coffee im 4er-Set tiefen Tellern aus Keramik<\/h3>\n<p>Die<strong> braune Pastateller Coffee <\/strong>Satz von 4 tiefen Keramiktellern der portugiesischen Marke <a href=\"https:\/\/www.terrafinastore.com\/en\/collections\/sail\">Terrafina<\/a> sehen nicht nur boutique-chic aus, sie sind es auch. Holen Sie sich das Luxus-Restaurant-Erlebnis nach Hause und genie\u00dfen Sie die vielseitigen braunen, tiefen Keramikteller allein oder zu zweit. Verwenden Sie die dunklen Teller als Salatteller, Pastateller, Suppenteller oder als Teller f\u00fcr Ihre Sushi Bowl oder Acai Bowl. Erleben Sie die Vielseitigkeit und den luxuri\u00f6sen Materialeinsatz der matten und gl\u00e4nzenden Textur der tiefen Keramikteller Coffee!<\/p>\n<p>Kombinationstipp von UNRO: Kombinieren Sie die Nudelplatten Coffee mit den <a href=\"https:\/\/unrostore.com\/de-at\/shop\/terrafina\/kaffee\/braune-essteller-kaffee-4-stuck\/\">Essteller<\/a>, <a href=\"https:\/\/unrostore.com\/de-at\/shop\/terrafina\/kaffee\/braune-servierschalen-kaffee-2-grosen\/\">braunes Serviergeschirr<\/a> und <a href=\"https:\/\/unrostore.com\/de-at\/shop\/terrafina\/kaffee\/bruine-saladekom-coffee\/\">braune Salatsch\u00fcssel<\/a> eine tolle Erg\u00e4nzung zu Ihrem sch\u00f6n gedeckten Tisch!<\/p>\n<h3>Das ist die Anzahl der Nudelplatten, die Sie geliefert bekommen:<\/h3>\n<ul>\n<li><strong>4x<\/strong>\u00a0Coffee Nudelteller \u00f8 23 cm<\/li>\n<li><strong>1x\u00a0<\/strong>Geschenkpackung von Terrafina<\/li>\n<\/ul>\n<p>&nbsp;<\/p>\n<p><em><strong>Nachhaltig f\u00fcr Mensch und Umwelt:<\/strong><br \/>\nJedes Produkt ist einzigartig, da es handgefertigt ist.<br \/>\nDruck und Textur k\u00f6nnen daher leicht vom Produktfoto abweichen.<\/em><\/p>","protected":false},"excerpt":{"rendered":"<div class=\"usps\"><i class=\"far fa-check-circle\"><\/i> Mikrowellenfest<br \/>\n<i class=\"far fa-check-circle\"><\/i> Backofenfest (bis zu 200 Grad)<br \/>\n<i class=\"far fa-check-circle\"><\/i> Sp\u00fclmaschinentauglich<br \/>\n<i class=\"far fa-thumbs-up\"><\/i> Handgefertigt<\/div>","protected":false},"featured_media":4933,"template":"","meta":[],"product_brand":[],"product_cat":[235,178,585,119],"product_tag":[696,129,624,625,590,601,773,404,243,589,588,123],"class_list":{"0":"post-4932","1":"product","2":"type-product","3":"status-publish","4":"has-post-thumbnail","6":"product_cat-borden","7":"product_cat-coffee","8":"product_cat-pastaborden","9":"product_cat-terrafina","10":"product_tag-acai-bowl","11":"product_tag-borden","12":"product_tag-bruine-pastaborden","13":"product_tag-coffee-pastaborden","14":"product_tag-diepe-borden","15":"product_tag-hapjesschaal","16":"product_tag-pasta-borden-bruin","17":"product_tag-pastaborden","18":"product_tag-salade-borden","19":"product_tag-saladeborden","20":"product_tag-soepborden","21":"product_tag-terrafina","22":"product_shipping_class-pakket","24":"first","25":"outofstock","26":"sale","27":"taxable","28":"shipping-taxable","29":"purchasable","30":"product-type-simple"},"yoast_head":"<!-- This site is optimized with the Yoast SEO plugin v27.4 - https:\/\/yoast.com\/product\/yoast-seo-wordpress\/ -->\n<title>Pasta Borden Bruin Coffee set van 4 &#8226; UNRO<\/title>\n<meta name=\"description\" content=\"Beleef elke dag het luxe restaurantgevoel met de Portugese Pasta Borden Bruin Coffee set van 4 diepe borden met een matte en glanzende textuur.\" \/>\n<meta name=\"robots\" content=\"index, follow, max-snippet:-1, max-image-preview:large, max-video-preview:-1\" \/>\n<link rel=\"canonical\" href=\"https:\/\/unrostore.com\/de-at\/shop\/terrafina\/kaffee\/nudelteller-braun-kaffee-4er-set\/\" \/>\n<meta property=\"og:locale\" content=\"de_DE\" \/>\n<meta property=\"og:type\" content=\"article\" \/>\n<meta property=\"og:title\" content=\"Pasta Borden Bruin Coffee set van 4 &#8226; UNRO\" \/>\n<meta property=\"og:description\" content=\"Beleef elke dag het luxe restaurantgevoel met de Portugese Pasta Borden Bruin Coffee set van 4 diepe borden met een matte en glanzende textuur.\" \/>\n<meta property=\"og:url\" content=\"https:\/\/unrostore.com\/de-at\/shop\/terrafina\/kaffee\/nudelteller-braun-kaffee-4er-set\/\" \/>\n<meta property=\"og:site_name\" content=\"UNRO\" \/>\n<meta property=\"article:modified_time\" content=\"2026-01-19T20:37:24+00:00\" \/>\n<meta property=\"og:image\" content=\"https:\/\/unrostore.com\/wp-content\/uploads\/2023\/07\/unro-bruine-pastaborden-coffee.jpg\" \/>\n\t<meta property=\"og:image:width\" content=\"1440\" \/>\n\t<meta property=\"og:image:height\" content=\"1440\" \/>\n\t<meta property=\"og:image:type\" content=\"image\/jpeg\" \/>\n<meta name=\"twitter:card\" content=\"summary_large_image\" \/>\n<script type=\"application\/ld+json\" class=\"yoast-schema-graph\">{\"@context\":\"https:\\\/\\\/schema.org\",\"@graph\":[{\"@type\":\"WebPage\",\"@id\":\"https:\\\/\\\/unrostore.com\\\/shop\\\/terrafina\\\/coffee\\\/pasta-borden-bruin-coffee-set-van-4\\\/\",\"url\":\"https:\\\/\\\/unrostore.com\\\/shop\\\/terrafina\\\/coffee\\\/pasta-borden-bruin-coffee-set-van-4\\\/\",\"name\":\"Pasta Borden Bruin Coffee set van 4 &#8226; UNRO\",\"isPartOf\":{\"@id\":\"https:\\\/\\\/unrostore.com\\\/#website\"},\"primaryImageOfPage\":{\"@id\":\"https:\\\/\\\/unrostore.com\\\/shop\\\/terrafina\\\/coffee\\\/pasta-borden-bruin-coffee-set-van-4\\\/#primaryimage\"},\"image\":{\"@id\":\"https:\\\/\\\/unrostore.com\\\/shop\\\/terrafina\\\/coffee\\\/pasta-borden-bruin-coffee-set-van-4\\\/#primaryimage\"},\"thumbnailUrl\":\"https:\\\/\\\/unrostore.com\\\/wp-content\\\/uploads\\\/2023\\\/07\\\/unro-bruine-pastaborden-coffee.jpg\",\"datePublished\":\"2023-07-16T13:51:47+00:00\",\"dateModified\":\"2026-01-19T20:37:24+00:00\",\"description\":\"Beleef elke dag het luxe restaurantgevoel met de Portugese Pasta Borden Bruin Coffee set van 4 diepe borden met een matte en glanzende textuur.\",\"breadcrumb\":{\"@id\":\"https:\\\/\\\/unrostore.com\\\/shop\\\/terrafina\\\/coffee\\\/pasta-borden-bruin-coffee-set-van-4\\\/#breadcrumb\"},\"inLanguage\":\"de-AT\",\"potentialAction\":[{\"@type\":\"ReadAction\",\"target\":[\"https:\\\/\\\/unrostore.com\\\/shop\\\/terrafina\\\/coffee\\\/pasta-borden-bruin-coffee-set-van-4\\\/\"]}]},{\"@type\":\"ImageObject\",\"inLanguage\":\"de-AT\",\"@id\":\"https:\\\/\\\/unrostore.com\\\/shop\\\/terrafina\\\/coffee\\\/pasta-borden-bruin-coffee-set-van-4\\\/#primaryimage\",\"url\":\"https:\\\/\\\/unrostore.com\\\/wp-content\\\/uploads\\\/2023\\\/07\\\/unro-bruine-pastaborden-coffee.jpg\",\"contentUrl\":\"https:\\\/\\\/unrostore.com\\\/wp-content\\\/uploads\\\/2023\\\/07\\\/unro-bruine-pastaborden-coffee.jpg\",\"width\":1440,\"height\":1440,\"caption\":\"Pasta Borden Bruin Coffee Portugees Servies Bruin\"},{\"@type\":\"BreadcrumbList\",\"@id\":\"https:\\\/\\\/unrostore.com\\\/shop\\\/terrafina\\\/coffee\\\/pasta-borden-bruin-coffee-set-van-4\\\/#breadcrumb\",\"itemListElement\":[{\"@type\":\"ListItem\",\"position\":1,\"name\":\"Home\",\"item\":\"https:\\\/\\\/unrostore.com\\\/\"},{\"@type\":\"ListItem\",\"position\":2,\"name\":\"Shop\",\"item\":\"https:\\\/\\\/unrostore.com\\\/shop\\\/\"},{\"@type\":\"ListItem\",\"position\":3,\"name\":\"Pasta Borden Bruin Coffee set van 4\"}]},{\"@type\":\"WebSite\",\"@id\":\"https:\\\/\\\/unrostore.com\\\/#website\",\"url\":\"https:\\\/\\\/unrostore.com\\\/\",\"name\":\"UNRO\",\"description\":\"Portugees servies waar je blij van wordt!\",\"publisher\":{\"@id\":\"https:\\\/\\\/unrostore.com\\\/#organization\"},\"potentialAction\":[{\"@type\":\"SearchAction\",\"target\":{\"@type\":\"EntryPoint\",\"urlTemplate\":\"https:\\\/\\\/unrostore.com\\\/?s={search_term_string}\"},\"query-input\":{\"@type\":\"PropertyValueSpecification\",\"valueRequired\":true,\"valueName\":\"search_term_string\"}}],\"inLanguage\":\"de-AT\"},{\"@type\":\"Organization\",\"@id\":\"https:\\\/\\\/unrostore.com\\\/#organization\",\"name\":\"UNRO\",\"url\":\"https:\\\/\\\/unrostore.com\\\/\",\"logo\":{\"@type\":\"ImageObject\",\"inLanguage\":\"de-AT\",\"@id\":\"https:\\\/\\\/unrostore.com\\\/#\\\/schema\\\/logo\\\/image\\\/\",\"url\":\"https:\\\/\\\/unrostore.com\\\/wp-content\\\/uploads\\\/2022\\\/05\\\/Logo-UNRO.png\",\"contentUrl\":\"https:\\\/\\\/unrostore.com\\\/wp-content\\\/uploads\\\/2022\\\/05\\\/Logo-UNRO.png\",\"width\":605,\"height\":179,\"caption\":\"UNRO\"},\"image\":{\"@id\":\"https:\\\/\\\/unrostore.com\\\/#\\\/schema\\\/logo\\\/image\\\/\"}}]}<\/script>\n<!-- \/ Yoast SEO plugin. -->","yoast_head_json":{"title":"Pastateller Braun Kaffee 4er Set - UNRO","description":"Erleben Sie jeden Tag ein luxuri\u00f6ses Restaurantgef\u00fchl mit den portugiesischen Pastatellern Brown Coffee, einem Set aus 4 tiefen Tellern mit matter und gl\u00e4nzender Textur.","robots":{"index":"index","follow":"follow","max-snippet":"max-snippet:-1","max-image-preview":"max-image-preview:large","max-video-preview":"max-video-preview:-1"},"canonical":"https:\/\/unrostore.com\/de-at\/shop\/terrafina\/kaffee\/nudelteller-braun-kaffee-4er-set\/","og_locale":"de_DE","og_type":"article","og_title":"Pasta Borden Bruin Coffee set van 4 &#8226; UNRO","og_description":"Beleef elke dag het luxe restaurantgevoel met de Portugese Pasta Borden Bruin Coffee set van 4 diepe borden met een matte en glanzende textuur.","og_url":"https:\/\/unrostore.com\/de-at\/shop\/terrafina\/kaffee\/nudelteller-braun-kaffee-4er-set\/","og_site_name":"UNRO","article_modified_time":"2026-01-19T20:37:24+00:00","og_image":[{"width":1440,"height":1440,"url":"https:\/\/unrostore.com\/wp-content\/uploads\/2023\/07\/unro-bruine-pastaborden-coffee.jpg","type":"image\/jpeg"}],"twitter_card":"summary_large_image","schema":{"@context":"https:\/\/schema.org","@graph":[{"@type":"WebPage","@id":"https:\/\/unrostore.com\/shop\/terrafina\/coffee\/pasta-borden-bruin-coffee-set-van-4\/","url":"https:\/\/unrostore.com\/shop\/terrafina\/coffee\/pasta-borden-bruin-coffee-set-van-4\/","name":"Pastateller Braun Kaffee 4er Set - UNRO","isPartOf":{"@id":"https:\/\/unrostore.com\/#website"},"primaryImageOfPage":{"@id":"https:\/\/unrostore.com\/shop\/terrafina\/coffee\/pasta-borden-bruin-coffee-set-van-4\/#primaryimage"},"image":{"@id":"https:\/\/unrostore.com\/shop\/terrafina\/coffee\/pasta-borden-bruin-coffee-set-van-4\/#primaryimage"},"thumbnailUrl":"https:\/\/unrostore.com\/wp-content\/uploads\/2023\/07\/unro-bruine-pastaborden-coffee.jpg","datePublished":"2023-07-16T13:51:47+00:00","dateModified":"2026-01-19T20:37:24+00:00","description":"Erleben Sie jeden Tag ein luxuri\u00f6ses Restaurantgef\u00fchl mit den portugiesischen Pastatellern Brown Coffee, einem Set aus 4 tiefen Tellern mit matter und gl\u00e4nzender Textur.","breadcrumb":{"@id":"https:\/\/unrostore.com\/shop\/terrafina\/coffee\/pasta-borden-bruin-coffee-set-van-4\/#breadcrumb"},"inLanguage":"de-AT","potentialAction":[{"@type":"ReadAction","target":["https:\/\/unrostore.com\/shop\/terrafina\/coffee\/pasta-borden-bruin-coffee-set-van-4\/"]}]},{"@type":"ImageObject","inLanguage":"de-AT","@id":"https:\/\/unrostore.com\/shop\/terrafina\/coffee\/pasta-borden-bruin-coffee-set-van-4\/#primaryimage","url":"https:\/\/unrostore.com\/wp-content\/uploads\/2023\/07\/unro-bruine-pastaborden-coffee.jpg","contentUrl":"https:\/\/unrostore.com\/wp-content\/uploads\/2023\/07\/unro-bruine-pastaborden-coffee.jpg","width":1440,"height":1440,"caption":"Pasta Borden Bruin Coffee Portugees Servies Bruin"},{"@type":"BreadcrumbList","@id":"https:\/\/unrostore.com\/shop\/terrafina\/coffee\/pasta-borden-bruin-coffee-set-van-4\/#breadcrumb","itemListElement":[{"@type":"ListItem","position":1,"name":"Home","item":"https:\/\/unrostore.com\/"},{"@type":"ListItem","position":2,"name":"Shop","item":"https:\/\/unrostore.com\/shop\/"},{"@type":"ListItem","position":3,"name":"Pasta Borden Bruin Coffee set van 4"}]},{"@type":"WebSite","@id":"https:\/\/unrostore.com\/#website","url":"https:\/\/unrostore.com\/","name":"UNRO","description":"Portugiesisches Geschirr, das Sie gl\u00fccklich machen wird!","publisher":{"@id":"https:\/\/unrostore.com\/#organization"},"potentialAction":[{"@type":"SearchAction","target":{"@type":"EntryPoint","urlTemplate":"https:\/\/unrostore.com\/?s={search_term_string}"},"query-input":{"@type":"PropertyValueSpecification","valueRequired":true,"valueName":"search_term_string"}}],"inLanguage":"de-AT"},{"@type":"Organization","@id":"https:\/\/unrostore.com\/#organization","name":"UNRO","url":"https:\/\/unrostore.com\/","logo":{"@type":"ImageObject","inLanguage":"de-AT","@id":"https:\/\/unrostore.com\/#\/schema\/logo\/image\/","url":"https:\/\/unrostore.com\/wp-content\/uploads\/2022\/05\/Logo-UNRO.png","contentUrl":"https:\/\/unrostore.com\/wp-content\/uploads\/2022\/05\/Logo-UNRO.png","width":605,"height":179,"caption":"UNRO"},"image":{"@id":"https:\/\/unrostore.com\/#\/schema\/logo\/image\/"}}]}},"_links":{"self":[{"href":"https:\/\/unrostore.com\/de-at\/wp-json\/wp\/v2\/product\/4932","targetHints":{"allow":["GET"]}}],"collection":[{"href":"https:\/\/unrostore.com\/de-at\/wp-json\/wp\/v2\/product"}],"about":[{"href":"https:\/\/unrostore.com\/de-at\/wp-json\/wp\/v2\/types\/product"}],"wp:featuredmedia":[{"embeddable":true,"href":"https:\/\/unrostore.com\/de-at\/wp-json\/wp\/v2\/media\/4933"}],"wp:attachment":[{"href":"https:\/\/unrostore.com\/de-at\/wp-json\/wp\/v2\/media?parent=4932"}],"wp:term":[{"taxonomy":"product_brand","embeddable":true,"href":"https:\/\/unrostore.com\/de-at\/wp-json\/wp\/v2\/product_brand?post=4932"},{"taxonomy":"product_cat","embeddable":true,"href":"https:\/\/unrostore.com\/de-at\/wp-json\/wp\/v2\/product_cat?post=4932"},{"taxonomy":"product_tag","embeddable":true,"href":"https:\/\/unrostore.com\/de-at\/wp-json\/wp\/v2\/product_tag?post=4932"}],"curies":[{"name":"wp","href":"https:\/\/api.w.org\/{rel}","templated":true}]}}