{"id":4868,"date":"2023-07-16T09:05:30","date_gmt":"2023-07-16T09:05:30","guid":{"rendered":"https:\/\/unrostore.com\/?post_type=product&#038;p=4868"},"modified":"2026-01-19T20:37:24","modified_gmt":"2026-01-19T20:37:24","slug":"grunes-geschirr-set-pasta-teller-und-schalen-amazonia-grun","status":"publish","type":"product","link":"https:\/\/unrostore.com\/de-at\/shop\/terrafina\/amazonia-grun\/grunes-geschirr-set-pasta-teller-und-schalen-amazonia-grun\/","title":{"rendered":"Gr\u00fcnes Geschirrset Pastateller und Sch\u00fcsseln Amazonia Green"},"content":{"rendered":"<h3>Ein komplettes gr\u00fcnes Geschirrset mit Pastatellern und Sch\u00fcsseln f\u00fcr 4 Personen (16-teilig)<\/h3>\n<p>Mit dem\u00a0<strong>Gr\u00fcnes Geschirrset mit Pastatellern und Sch\u00fcsseln<\/strong> durch portugiesische Marke\u00a0<a href=\"https:\/\/www.terrafinastore.com\/en\/collections\/amazonia\">Terrafina<\/a> haben Sie ein komplettes Geschirrset f\u00fcr Fr\u00fchst\u00fcck, Brunch, Mittagessen, Getr\u00e4nke und Abendessen! Dieses gr\u00fcne Geschirrset sieht auf Ihrem Esstisch, Ihrer Kochinsel oder in der K\u00fcche oder im Esszimmer gro\u00dfartig aus. Genie\u00dfen Sie die k\u00f6stlichen Gerichte, die auf diesem einzigartigen gr\u00fcnen Geschirrset serviert werden, das in Portugal aus reinem Steingut handgefertigt wird: sehr hochwertige Keramik. Das macht jeden gr\u00fcnen Teller zu einem Unikat und die Teller sind sp\u00fclmaschinen-, mikrowellen- und backofenfest (bis 200 Grad). Das gr\u00fcne Geschirrset kann f\u00fcr mehrere Personen zubereitet werden und l\u00e4sst sich auch mit passenden <a href=\"https:\/\/unrostore.com\/de-at\/shop\/terrafina\/amazonia-grun\/groene-cappuccino-mokken-amazonia-green-2-delig\/\">Cappuccino-Tassen<\/a>, <a href=\"https:\/\/unrostore.com\/de-at\/shop\/terrafina\/amazonia-grun\/groene-espresso-kopjes-2-delig-amazonia-green\/\">Espressotassen<\/a> und eine <a href=\"https:\/\/unrostore.com\/de-at\/shop\/terrafina\/amazonia-grun\/groene-saladekom-amazonia-green\/\">Salatsch\u00fcssel<\/a>. Dar\u00fcber hinaus ist dieses Geschirrset ein sch\u00f6nes Geschenk f\u00fcr eine Einweihungsparty, ein Jubil\u00e4um oder einen Geburtstag.<\/p>\n<h3>Dies ist die Nummer, die Sie zugestellt bekommen<\/h3>\n<ul>\n<li>4x Amazonia Green Schalen \u00f8 15 cm<\/li>\n<li>4x Amazonia Green Nudelteller \u00f8 23 cm<\/li>\n<li>4x Amazonia Green Fr\u00fchst\u00fccksteller \u00f8 21 cm<\/li>\n<li>4x Amazonia Green Essteller \u00f8 29 cm<\/li>\n<li>5x Terrafina Geschenkbox<\/li>\n<\/ul>\n<p>&nbsp;<\/p>\n<p><em><strong>Nachhaltig f\u00fcr Mensch und Umwelt:<\/strong><br \/>\nJedes Produkt ist ein Unikat, denn es wird in Handarbeit hergestellt.<br \/>\nDruck und Textur k\u00f6nnen daher leicht vom Produktfoto abweichen.<\/em><\/p>","protected":false},"excerpt":{"rendered":"<div class=\"usps\"><i class=\"far fa-check-circle\"><\/i> Mikrowellenfest<br \/>\n<i class=\"far fa-check-circle\"><\/i> Backofenfest (bis zu 200 Grad)<br \/>\n<i class=\"far fa-check-circle\"><\/i> Sp\u00fclmaschinentauglich<br \/>\n<i class=\"far fa-thumbs-up\"><\/i> Handgefertigt<\/div>","protected":false},"featured_media":5839,"template":"","meta":[],"product_brand":[],"product_cat":[170,871,730,122,119],"product_tag":[696,173,284,402,403,766,289,620,765,744,405,649,123],"class_list":{"0":"post-4868","1":"product","2":"type-product","3":"status-publish","4":"has-post-thumbnail","6":"product_cat-amazonia-green","7":"product_cat-unro-populair-portugees-keramiek","8":"product_cat-servies-16-delig","9":"product_cat-serviesset","10":"product_cat-terrafina","11":"product_tag-acai-bowl","12":"product_tag-amazonia-green","13":"product_tag-dinerborden","14":"product_tag-groen-servies","15":"product_tag-groene-serviesset","16":"product_tag-groene-serviesset-pastaborden-en-kommen","17":"product_tag-ontbijtborden","18":"product_tag-pastaborden-en-kommen","19":"product_tag-servies-16-delig","20":"product_tag-serviesset-groen","21":"product_tag-serviesset-pastaborden","22":"product_tag-serviesset-voor-4-personen","23":"product_tag-terrafina","24":"product_shipping_class-pakket","26":"first","27":"outofstock","28":"sale","29":"taxable","30":"shipping-taxable","31":"purchasable","32":"product-type-simple"},"yoast_head":"<!-- This site is optimized with the Yoast SEO plugin v27.4 - https:\/\/yoast.com\/product\/yoast-seo-wordpress\/ -->\n<title>Groene Serviesset Pastaborden en Kommen Amazonia Green &#8226; UNRO<\/title>\n<meta name=\"description\" content=\"De 16-delige groene serviesset met pastaborden en kommen voor 4 personen is de perfecte complete serviesset voor alle gerechten voor het hele gezin!\" \/>\n<meta name=\"robots\" content=\"index, follow, max-snippet:-1, max-image-preview:large, max-video-preview:-1\" \/>\n<link rel=\"canonical\" href=\"https:\/\/unrostore.com\/de-at\/shop\/terrafina\/amazonia-grun\/grunes-geschirr-set-pasta-teller-und-schalen-amazonia-grun\/\" \/>\n<meta property=\"og:locale\" content=\"de_DE\" \/>\n<meta property=\"og:type\" content=\"article\" \/>\n<meta property=\"og:title\" content=\"Groene Serviesset Pastaborden en Kommen Amazonia Green &#8226; UNRO\" \/>\n<meta property=\"og:description\" content=\"De 16-delige groene serviesset met pastaborden en kommen voor 4 personen is de perfecte complete serviesset voor alle gerechten voor het hele gezin!\" \/>\n<meta property=\"og:url\" content=\"https:\/\/unrostore.com\/de-at\/shop\/terrafina\/amazonia-grun\/grunes-geschirr-set-pasta-teller-und-schalen-amazonia-grun\/\" \/>\n<meta property=\"og:site_name\" content=\"UNRO\" \/>\n<meta property=\"article:modified_time\" content=\"2026-01-19T20:37:24+00:00\" \/>\n<meta property=\"og:image\" content=\"https:\/\/unrostore.com\/wp-content\/uploads\/2023\/07\/unro-groene-serviesset-16-delig.jpg\" \/>\n\t<meta property=\"og:image:width\" content=\"1000\" \/>\n\t<meta property=\"og:image:height\" content=\"1000\" \/>\n\t<meta property=\"og:image:type\" content=\"image\/jpeg\" \/>\n<meta name=\"twitter:card\" content=\"summary_large_image\" \/>\n<script type=\"application\/ld+json\" class=\"yoast-schema-graph\">{\"@context\":\"https:\\\/\\\/schema.org\",\"@graph\":[{\"@type\":\"WebPage\",\"@id\":\"https:\\\/\\\/unrostore.com\\\/shop\\\/terrafina\\\/amazonia-green\\\/groene-serviesset-pastaborden-en-kommen-amazonia-green\\\/\",\"url\":\"https:\\\/\\\/unrostore.com\\\/shop\\\/terrafina\\\/amazonia-green\\\/groene-serviesset-pastaborden-en-kommen-amazonia-green\\\/\",\"name\":\"Groene Serviesset Pastaborden en Kommen Amazonia Green &#8226; UNRO\",\"isPartOf\":{\"@id\":\"https:\\\/\\\/unrostore.com\\\/#website\"},\"primaryImageOfPage\":{\"@id\":\"https:\\\/\\\/unrostore.com\\\/shop\\\/terrafina\\\/amazonia-green\\\/groene-serviesset-pastaborden-en-kommen-amazonia-green\\\/#primaryimage\"},\"image\":{\"@id\":\"https:\\\/\\\/unrostore.com\\\/shop\\\/terrafina\\\/amazonia-green\\\/groene-serviesset-pastaborden-en-kommen-amazonia-green\\\/#primaryimage\"},\"thumbnailUrl\":\"https:\\\/\\\/unrostore.com\\\/wp-content\\\/uploads\\\/2023\\\/07\\\/unro-groene-serviesset-16-delig.jpg\",\"datePublished\":\"2023-07-16T09:05:30+00:00\",\"dateModified\":\"2026-01-19T20:37:24+00:00\",\"description\":\"De 16-delige groene serviesset met pastaborden en kommen voor 4 personen is de perfecte complete serviesset voor alle gerechten voor het hele gezin!\",\"breadcrumb\":{\"@id\":\"https:\\\/\\\/unrostore.com\\\/shop\\\/terrafina\\\/amazonia-green\\\/groene-serviesset-pastaborden-en-kommen-amazonia-green\\\/#breadcrumb\"},\"inLanguage\":\"de-AT\",\"potentialAction\":[{\"@type\":\"ReadAction\",\"target\":[\"https:\\\/\\\/unrostore.com\\\/shop\\\/terrafina\\\/amazonia-green\\\/groene-serviesset-pastaborden-en-kommen-amazonia-green\\\/\"]}]},{\"@type\":\"ImageObject\",\"inLanguage\":\"de-AT\",\"@id\":\"https:\\\/\\\/unrostore.com\\\/shop\\\/terrafina\\\/amazonia-green\\\/groene-serviesset-pastaborden-en-kommen-amazonia-green\\\/#primaryimage\",\"url\":\"https:\\\/\\\/unrostore.com\\\/wp-content\\\/uploads\\\/2023\\\/07\\\/unro-groene-serviesset-16-delig.jpg\",\"contentUrl\":\"https:\\\/\\\/unrostore.com\\\/wp-content\\\/uploads\\\/2023\\\/07\\\/unro-groene-serviesset-16-delig.jpg\",\"width\":1000,\"height\":1000,\"caption\":\"groene serviesset kommen en pastaborden\"},{\"@type\":\"BreadcrumbList\",\"@id\":\"https:\\\/\\\/unrostore.com\\\/shop\\\/terrafina\\\/amazonia-green\\\/groene-serviesset-pastaborden-en-kommen-amazonia-green\\\/#breadcrumb\",\"itemListElement\":[{\"@type\":\"ListItem\",\"position\":1,\"name\":\"Home\",\"item\":\"https:\\\/\\\/unrostore.com\\\/\"},{\"@type\":\"ListItem\",\"position\":2,\"name\":\"Shop\",\"item\":\"https:\\\/\\\/unrostore.com\\\/shop\\\/\"},{\"@type\":\"ListItem\",\"position\":3,\"name\":\"Groene Serviesset Pastaborden en Kommen Amazonia Green\"}]},{\"@type\":\"WebSite\",\"@id\":\"https:\\\/\\\/unrostore.com\\\/#website\",\"url\":\"https:\\\/\\\/unrostore.com\\\/\",\"name\":\"UNRO\",\"description\":\"Portugees servies waar je blij van wordt!\",\"publisher\":{\"@id\":\"https:\\\/\\\/unrostore.com\\\/#organization\"},\"potentialAction\":[{\"@type\":\"SearchAction\",\"target\":{\"@type\":\"EntryPoint\",\"urlTemplate\":\"https:\\\/\\\/unrostore.com\\\/?s={search_term_string}\"},\"query-input\":{\"@type\":\"PropertyValueSpecification\",\"valueRequired\":true,\"valueName\":\"search_term_string\"}}],\"inLanguage\":\"de-AT\"},{\"@type\":\"Organization\",\"@id\":\"https:\\\/\\\/unrostore.com\\\/#organization\",\"name\":\"UNRO\",\"url\":\"https:\\\/\\\/unrostore.com\\\/\",\"logo\":{\"@type\":\"ImageObject\",\"inLanguage\":\"de-AT\",\"@id\":\"https:\\\/\\\/unrostore.com\\\/#\\\/schema\\\/logo\\\/image\\\/\",\"url\":\"https:\\\/\\\/unrostore.com\\\/wp-content\\\/uploads\\\/2022\\\/05\\\/Logo-UNRO.png\",\"contentUrl\":\"https:\\\/\\\/unrostore.com\\\/wp-content\\\/uploads\\\/2022\\\/05\\\/Logo-UNRO.png\",\"width\":605,\"height\":179,\"caption\":\"UNRO\"},\"image\":{\"@id\":\"https:\\\/\\\/unrostore.com\\\/#\\\/schema\\\/logo\\\/image\\\/\"}}]}<\/script>\n<!-- \/ Yoast SEO plugin. -->","yoast_head_json":{"title":"Gr\u00fcnes Geschirrset Pastateller und Sch\u00fcsseln Amazonia Gr\u00fcn - UNRO","description":"Das 16-teilige gr\u00fcne Geschirrset mit Pastatellern und Sch\u00fcsseln f\u00fcr 4 Personen ist das perfekte komplette Geschirrset f\u00fcr alle Familienmahlzeiten!","robots":{"index":"index","follow":"follow","max-snippet":"max-snippet:-1","max-image-preview":"max-image-preview:large","max-video-preview":"max-video-preview:-1"},"canonical":"https:\/\/unrostore.com\/de-at\/shop\/terrafina\/amazonia-grun\/grunes-geschirr-set-pasta-teller-und-schalen-amazonia-grun\/","og_locale":"de_DE","og_type":"article","og_title":"Groene Serviesset Pastaborden en Kommen Amazonia Green &#8226; UNRO","og_description":"De 16-delige groene serviesset met pastaborden en kommen voor 4 personen is de perfecte complete serviesset voor alle gerechten voor het hele gezin!","og_url":"https:\/\/unrostore.com\/de-at\/shop\/terrafina\/amazonia-grun\/grunes-geschirr-set-pasta-teller-und-schalen-amazonia-grun\/","og_site_name":"UNRO","article_modified_time":"2026-01-19T20:37:24+00:00","og_image":[{"width":1000,"height":1000,"url":"https:\/\/unrostore.com\/wp-content\/uploads\/2023\/07\/unro-groene-serviesset-16-delig.jpg","type":"image\/jpeg"}],"twitter_card":"summary_large_image","schema":{"@context":"https:\/\/schema.org","@graph":[{"@type":"WebPage","@id":"https:\/\/unrostore.com\/shop\/terrafina\/amazonia-green\/groene-serviesset-pastaborden-en-kommen-amazonia-green\/","url":"https:\/\/unrostore.com\/shop\/terrafina\/amazonia-green\/groene-serviesset-pastaborden-en-kommen-amazonia-green\/","name":"Gr\u00fcnes Geschirrset Pastateller und Sch\u00fcsseln Amazonia Gr\u00fcn - UNRO","isPartOf":{"@id":"https:\/\/unrostore.com\/#website"},"primaryImageOfPage":{"@id":"https:\/\/unrostore.com\/shop\/terrafina\/amazonia-green\/groene-serviesset-pastaborden-en-kommen-amazonia-green\/#primaryimage"},"image":{"@id":"https:\/\/unrostore.com\/shop\/terrafina\/amazonia-green\/groene-serviesset-pastaborden-en-kommen-amazonia-green\/#primaryimage"},"thumbnailUrl":"https:\/\/unrostore.com\/wp-content\/uploads\/2023\/07\/unro-groene-serviesset-16-delig.jpg","datePublished":"2023-07-16T09:05:30+00:00","dateModified":"2026-01-19T20:37:24+00:00","description":"Das 16-teilige gr\u00fcne Geschirrset mit Pastatellern und Sch\u00fcsseln f\u00fcr 4 Personen ist das perfekte komplette Geschirrset f\u00fcr alle Familienmahlzeiten!","breadcrumb":{"@id":"https:\/\/unrostore.com\/shop\/terrafina\/amazonia-green\/groene-serviesset-pastaborden-en-kommen-amazonia-green\/#breadcrumb"},"inLanguage":"de-AT","potentialAction":[{"@type":"ReadAction","target":["https:\/\/unrostore.com\/shop\/terrafina\/amazonia-green\/groene-serviesset-pastaborden-en-kommen-amazonia-green\/"]}]},{"@type":"ImageObject","inLanguage":"de-AT","@id":"https:\/\/unrostore.com\/shop\/terrafina\/amazonia-green\/groene-serviesset-pastaborden-en-kommen-amazonia-green\/#primaryimage","url":"https:\/\/unrostore.com\/wp-content\/uploads\/2023\/07\/unro-groene-serviesset-16-delig.jpg","contentUrl":"https:\/\/unrostore.com\/wp-content\/uploads\/2023\/07\/unro-groene-serviesset-16-delig.jpg","width":1000,"height":1000,"caption":"groene serviesset kommen en pastaborden"},{"@type":"BreadcrumbList","@id":"https:\/\/unrostore.com\/shop\/terrafina\/amazonia-green\/groene-serviesset-pastaborden-en-kommen-amazonia-green\/#breadcrumb","itemListElement":[{"@type":"ListItem","position":1,"name":"Home","item":"https:\/\/unrostore.com\/"},{"@type":"ListItem","position":2,"name":"Shop","item":"https:\/\/unrostore.com\/shop\/"},{"@type":"ListItem","position":3,"name":"Groene Serviesset Pastaborden en Kommen Amazonia Green"}]},{"@type":"WebSite","@id":"https:\/\/unrostore.com\/#website","url":"https:\/\/unrostore.com\/","name":"UNRO","description":"Portugiesisches Geschirr, das Sie gl\u00fccklich machen wird!","publisher":{"@id":"https:\/\/unrostore.com\/#organization"},"potentialAction":[{"@type":"SearchAction","target":{"@type":"EntryPoint","urlTemplate":"https:\/\/unrostore.com\/?s={search_term_string}"},"query-input":{"@type":"PropertyValueSpecification","valueRequired":true,"valueName":"search_term_string"}}],"inLanguage":"de-AT"},{"@type":"Organization","@id":"https:\/\/unrostore.com\/#organization","name":"UNRO","url":"https:\/\/unrostore.com\/","logo":{"@type":"ImageObject","inLanguage":"de-AT","@id":"https:\/\/unrostore.com\/#\/schema\/logo\/image\/","url":"https:\/\/unrostore.com\/wp-content\/uploads\/2022\/05\/Logo-UNRO.png","contentUrl":"https:\/\/unrostore.com\/wp-content\/uploads\/2022\/05\/Logo-UNRO.png","width":605,"height":179,"caption":"UNRO"},"image":{"@id":"https:\/\/unrostore.com\/#\/schema\/logo\/image\/"}}]}},"_links":{"self":[{"href":"https:\/\/unrostore.com\/de-at\/wp-json\/wp\/v2\/product\/4868","targetHints":{"allow":["GET"]}}],"collection":[{"href":"https:\/\/unrostore.com\/de-at\/wp-json\/wp\/v2\/product"}],"about":[{"href":"https:\/\/unrostore.com\/de-at\/wp-json\/wp\/v2\/types\/product"}],"wp:featuredmedia":[{"embeddable":true,"href":"https:\/\/unrostore.com\/de-at\/wp-json\/wp\/v2\/media\/5839"}],"wp:attachment":[{"href":"https:\/\/unrostore.com\/de-at\/wp-json\/wp\/v2\/media?parent=4868"}],"wp:term":[{"taxonomy":"product_brand","embeddable":true,"href":"https:\/\/unrostore.com\/de-at\/wp-json\/wp\/v2\/product_brand?post=4868"},{"taxonomy":"product_cat","embeddable":true,"href":"https:\/\/unrostore.com\/de-at\/wp-json\/wp\/v2\/product_cat?post=4868"},{"taxonomy":"product_tag","embeddable":true,"href":"https:\/\/unrostore.com\/de-at\/wp-json\/wp\/v2\/product_tag?post=4868"}],"curies":[{"name":"wp","href":"https:\/\/api.w.org\/{rel}","templated":true}]}}