{"id":4738,"date":"2023-07-06T19:58:30","date_gmt":"2023-07-06T19:58:30","guid":{"rendered":"https:\/\/unrostore.com\/?post_type=product&#038;p=4738"},"modified":"2026-01-19T20:37:25","modified_gmt":"2026-01-19T20:37:25","slug":"nudelteller-grun-amazonia-grun-4-stuck","status":"publish","type":"product","link":"https:\/\/unrostore.com\/de-at\/shop\/terrafina\/amazonia-grun\/nudelteller-grun-amazonia-grun-4-stuck\/","title":{"rendered":"Nudelplatten Gr\u00fcn Amazonien Green - 4-tlg."},"content":{"rendered":"<h3>Entdecken Sie die einzigartigen Pastateller gr\u00fcn Amazonia Green 4er-Set von Terrafina<\/h3>\n<p>Die <strong> Pastateller Gr\u00fcn Amazonia Green <\/strong>4er-Set der portugiesischen Marke <a href=\"https:\/\/www.terrafinastore.com\/en\/collections\/sail\">Terrafina<\/a> sind sch\u00f6ne gro\u00dfe tiefe Teller, die sich auch als Suppenteller, Acai-Schale oder Salatteller eignen. Die tiefen Teller werden in Portugal aus hochwertiger Keramik handgefertigt: reines Steingut. Das macht die Teller sp\u00fclmaschinen-, magenton- und ofenfest (bis 200 Grad). Verw\u00f6hnen Sie sich, Ihre Familie oder Ihre Verwandten und Freunde mit einem k\u00f6stlichen Gericht zum Mittag- oder Abendessen, das gro\u00dfz\u00fcgig auf den sch\u00f6nen gr\u00fcnen Pastatellern serviert wird. So holen Sie sich das Luxus-Restaurant-Erlebnis nach Hause und bringen jedes Gericht zum Strahlen, entdecken Sie es jetzt selbst!<\/p>\n<p>Geschenk- &amp; Kombinationstipp von UNRO: Verschenken Sie die gr\u00fcnen Nudelteller (als 4er-Set sind sie in einer sch\u00f6nen Geschenkbox verpackt). Au\u00dferdem lassen sich die gr\u00fcnen Suppenteller auch gut mit den <a href=\"https:\/\/unrostore.com\/de-at\/shop\/terrafina\/amazonia-grun\/groene-dinerborden-amazonia-green-4-delig\/\">Amazonia Green Essteller<\/a> und <a href=\"https:\/\/unrostore.com\/de-at\/shop\/terrafina\/amazonia-grun\/amazonia-green-kommen-2-delig\/\">Amazonia Green Schalen<\/a> f\u00fcr einen sch\u00f6n gedeckten Tisch und ein \u00fcppiges Brunch, Mittagessen, Abendessen oder Getr\u00e4nke.<\/p>\n<h3>Das ist die Anzahl der Nudelplatten, die Sie geliefert bekommen:<\/h3>\n<ul>\n<li><strong>4x<\/strong> Amazonia Green Nudelteller \u00f8 23 cm<\/li>\n<li><strong>1x\u00a0<\/strong>Geschenkpackung von Terrafina<\/li>\n<\/ul>\n<p>\u00a0<\/p>\n<p><em><strong>Duurzaam voor mens & milieu:<\/strong><br \/>\nJedes Produkt ist einzigartig, da es handgefertigt ist.<br \/>\nDruck und Textur k\u00f6nnen daher leicht vom Produktfoto abweichen.<\/em><\/p>","protected":false},"excerpt":{"rendered":"<div class=\"usps\"><i class=\"far fa-check-circle\"><\/i> Mikrowellenfest<br \/>\n<i class=\"far fa-check-circle\"><\/i> Backofenfest (bis zu 200 Grad)<br \/>\n<i class=\"far fa-check-circle\"><\/i> Sp\u00fclmaschinentauglich<br \/>\n<i class=\"far fa-thumbs-up\"><\/i> Handgefertigt<\/div>","protected":false},"featured_media":4277,"template":"","meta":[],"product_brand":[],"product_cat":[235,170,585,119],"product_tag":[696,173,129,752,590,171,753,238,601,587,751,404,243,589,582,588,123],"class_list":{"0":"post-4738","1":"product","2":"type-product","3":"status-publish","4":"has-post-thumbnail","6":"product_cat-borden","7":"product_cat-amazonia-green","8":"product_cat-pastaborden","9":"product_cat-terrafina","10":"product_tag-acai-bowl","11":"product_tag-amazonia-green","12":"product_tag-borden","13":"product_tag-diepbord","14":"product_tag-diepe-borden","15":"product_tag-groen","16":"product_tag-groene-pastaborden","17":"product_tag-grote-borden","18":"product_tag-hapjesschaal","19":"product_tag-pasta-borden","20":"product_tag-pasta-borden-groen","21":"product_tag-pastaborden","22":"product_tag-salade-borden","23":"product_tag-saladeborden","24":"product_tag-soep-borden","25":"product_tag-soepborden","26":"product_tag-terrafina","27":"product_shipping_class-pakket","29":"first","30":"outofstock","31":"sale","32":"taxable","33":"shipping-taxable","34":"purchasable","35":"product-type-simple"},"yoast_head":"<!-- This site is optimized with the Yoast SEO plugin v27.5 - https:\/\/yoast.com\/product\/yoast-seo-wordpress\/ -->\n<title>Pasta Borden Groen Amazonia Green - 4-delig &#8226; UNRO<\/title>\n<meta name=\"description\" content=\"De prachtige Portugese Pasta Borden Groen Amazonia Green set van 4 zijn ook ideaal als soepborden en salade borden. Goede voornemens, anyone?\" \/>\n<meta name=\"robots\" content=\"index, follow, max-snippet:-1, max-image-preview:large, max-video-preview:-1\" \/>\n<link rel=\"canonical\" href=\"https:\/\/unrostore.com\/de-at\/shop\/terrafina\/amazonia-grun\/nudelteller-grun-amazonia-grun-4-stuck\/\" \/>\n<meta property=\"og:locale\" content=\"de_DE\" \/>\n<meta property=\"og:type\" content=\"article\" \/>\n<meta property=\"og:title\" content=\"Pasta Borden Groen Amazonia Green - 4-delig &#8226; UNRO\" \/>\n<meta property=\"og:description\" content=\"De prachtige Portugese Pasta Borden Groen Amazonia Green set van 4 zijn ook ideaal als soepborden en salade borden. Goede voornemens, anyone?\" \/>\n<meta property=\"og:url\" content=\"https:\/\/unrostore.com\/de-at\/shop\/terrafina\/amazonia-grun\/nudelteller-grun-amazonia-grun-4-stuck\/\" \/>\n<meta property=\"og:site_name\" content=\"UNRO\" \/>\n<meta property=\"article:modified_time\" content=\"2026-01-19T20:37:25+00:00\" \/>\n<meta property=\"og:image\" content=\"https:\/\/unrostore.com\/wp-content\/uploads\/2023\/05\/unro-portugees-groen-servies-handemaakt-keramiek-groen-pastabord-amazonia-green.jpg\" \/>\n\t<meta property=\"og:image:width\" content=\"1440\" \/>\n\t<meta property=\"og:image:height\" content=\"1440\" \/>\n\t<meta property=\"og:image:type\" content=\"image\/jpeg\" \/>\n<meta name=\"twitter:card\" content=\"summary_large_image\" \/>\n<script type=\"application\/ld+json\" class=\"yoast-schema-graph\">{\"@context\":\"https:\\\/\\\/schema.org\",\"@graph\":[{\"@type\":\"WebPage\",\"@id\":\"https:\\\/\\\/unrostore.com\\\/shop\\\/terrafina\\\/amazonia-green\\\/pasta-borden-groen-amazonia-green-4-delig\\\/\",\"url\":\"https:\\\/\\\/unrostore.com\\\/shop\\\/terrafina\\\/amazonia-green\\\/pasta-borden-groen-amazonia-green-4-delig\\\/\",\"name\":\"Pasta Borden Groen Amazonia Green - 4-delig &#8226; UNRO\",\"isPartOf\":{\"@id\":\"https:\\\/\\\/unrostore.com\\\/#website\"},\"primaryImageOfPage\":{\"@id\":\"https:\\\/\\\/unrostore.com\\\/shop\\\/terrafina\\\/amazonia-green\\\/pasta-borden-groen-amazonia-green-4-delig\\\/#primaryimage\"},\"image\":{\"@id\":\"https:\\\/\\\/unrostore.com\\\/shop\\\/terrafina\\\/amazonia-green\\\/pasta-borden-groen-amazonia-green-4-delig\\\/#primaryimage\"},\"thumbnailUrl\":\"https:\\\/\\\/unrostore.com\\\/wp-content\\\/uploads\\\/2023\\\/05\\\/unro-portugees-groen-servies-handemaakt-keramiek-groen-pastabord-amazonia-green.jpg\",\"datePublished\":\"2023-07-06T19:58:30+00:00\",\"dateModified\":\"2026-01-19T20:37:25+00:00\",\"description\":\"De prachtige Portugese Pasta Borden Groen Amazonia Green set van 4 zijn ook ideaal als soepborden en salade borden. Goede voornemens, anyone?\",\"breadcrumb\":{\"@id\":\"https:\\\/\\\/unrostore.com\\\/shop\\\/terrafina\\\/amazonia-green\\\/pasta-borden-groen-amazonia-green-4-delig\\\/#breadcrumb\"},\"inLanguage\":\"de-AT\",\"potentialAction\":[{\"@type\":\"ReadAction\",\"target\":[\"https:\\\/\\\/unrostore.com\\\/shop\\\/terrafina\\\/amazonia-green\\\/pasta-borden-groen-amazonia-green-4-delig\\\/\"]}]},{\"@type\":\"ImageObject\",\"inLanguage\":\"de-AT\",\"@id\":\"https:\\\/\\\/unrostore.com\\\/shop\\\/terrafina\\\/amazonia-green\\\/pasta-borden-groen-amazonia-green-4-delig\\\/#primaryimage\",\"url\":\"https:\\\/\\\/unrostore.com\\\/wp-content\\\/uploads\\\/2023\\\/05\\\/unro-portugees-groen-servies-handemaakt-keramiek-groen-pastabord-amazonia-green.jpg\",\"contentUrl\":\"https:\\\/\\\/unrostore.com\\\/wp-content\\\/uploads\\\/2023\\\/05\\\/unro-portugees-groen-servies-handemaakt-keramiek-groen-pastabord-amazonia-green.jpg\",\"width\":1440,\"height\":1440,\"caption\":\"groene pastaborden - amazonia green -handgemaakt keramiek - modern portugees groen servies bij UNRO\"},{\"@type\":\"BreadcrumbList\",\"@id\":\"https:\\\/\\\/unrostore.com\\\/shop\\\/terrafina\\\/amazonia-green\\\/pasta-borden-groen-amazonia-green-4-delig\\\/#breadcrumb\",\"itemListElement\":[{\"@type\":\"ListItem\",\"position\":1,\"name\":\"Home\",\"item\":\"https:\\\/\\\/unrostore.com\\\/\"},{\"@type\":\"ListItem\",\"position\":2,\"name\":\"Shop\",\"item\":\"https:\\\/\\\/unrostore.com\\\/shop\\\/\"},{\"@type\":\"ListItem\",\"position\":3,\"name\":\"Pasta Borden Groen Amazonia Green &#8211; 4-delig\"}]},{\"@type\":\"WebSite\",\"@id\":\"https:\\\/\\\/unrostore.com\\\/#website\",\"url\":\"https:\\\/\\\/unrostore.com\\\/\",\"name\":\"UNRO\",\"description\":\"Portugees servies waar je blij van wordt!\",\"publisher\":{\"@id\":\"https:\\\/\\\/unrostore.com\\\/#organization\"},\"potentialAction\":[{\"@type\":\"SearchAction\",\"target\":{\"@type\":\"EntryPoint\",\"urlTemplate\":\"https:\\\/\\\/unrostore.com\\\/?s={search_term_string}\"},\"query-input\":{\"@type\":\"PropertyValueSpecification\",\"valueRequired\":true,\"valueName\":\"search_term_string\"}}],\"inLanguage\":\"de-AT\"},{\"@type\":\"Organization\",\"@id\":\"https:\\\/\\\/unrostore.com\\\/#organization\",\"name\":\"UNRO\",\"url\":\"https:\\\/\\\/unrostore.com\\\/\",\"logo\":{\"@type\":\"ImageObject\",\"inLanguage\":\"de-AT\",\"@id\":\"https:\\\/\\\/unrostore.com\\\/#\\\/schema\\\/logo\\\/image\\\/\",\"url\":\"https:\\\/\\\/unrostore.com\\\/wp-content\\\/uploads\\\/2022\\\/05\\\/Logo-UNRO.png\",\"contentUrl\":\"https:\\\/\\\/unrostore.com\\\/wp-content\\\/uploads\\\/2022\\\/05\\\/Logo-UNRO.png\",\"width\":605,\"height\":179,\"caption\":\"UNRO\"},\"image\":{\"@id\":\"https:\\\/\\\/unrostore.com\\\/#\\\/schema\\\/logo\\\/image\\\/\"}}]}<\/script>\n<!-- \/ Yoast SEO plugin. -->","yoast_head_json":{"title":"Pastateller Gr\u00fcn Amazonien Gr\u00fcn - 4 St\u00fcck - UNRO","description":"Die sch\u00f6nen portugiesischen Pastateller Green Amazonia Green im 4er-Set sind auch ideal als Suppenteller und Salatteller. Hat jemand gute Absichten?","robots":{"index":"index","follow":"follow","max-snippet":"max-snippet:-1","max-image-preview":"max-image-preview:large","max-video-preview":"max-video-preview:-1"},"canonical":"https:\/\/unrostore.com\/de-at\/shop\/terrafina\/amazonia-grun\/nudelteller-grun-amazonia-grun-4-stuck\/","og_locale":"de_DE","og_type":"article","og_title":"Pasta Borden Groen Amazonia Green - 4-delig &#8226; UNRO","og_description":"De prachtige Portugese Pasta Borden Groen Amazonia Green set van 4 zijn ook ideaal als soepborden en salade borden. Goede voornemens, anyone?","og_url":"https:\/\/unrostore.com\/de-at\/shop\/terrafina\/amazonia-grun\/nudelteller-grun-amazonia-grun-4-stuck\/","og_site_name":"UNRO","article_modified_time":"2026-01-19T20:37:25+00:00","og_image":[{"width":1440,"height":1440,"url":"https:\/\/unrostore.com\/wp-content\/uploads\/2023\/05\/unro-portugees-groen-servies-handemaakt-keramiek-groen-pastabord-amazonia-green.jpg","type":"image\/jpeg"}],"twitter_card":"summary_large_image","schema":{"@context":"https:\/\/schema.org","@graph":[{"@type":"WebPage","@id":"https:\/\/unrostore.com\/shop\/terrafina\/amazonia-green\/pasta-borden-groen-amazonia-green-4-delig\/","url":"https:\/\/unrostore.com\/shop\/terrafina\/amazonia-green\/pasta-borden-groen-amazonia-green-4-delig\/","name":"Pastateller Gr\u00fcn Amazonien Gr\u00fcn - 4 St\u00fcck - UNRO","isPartOf":{"@id":"https:\/\/unrostore.com\/#website"},"primaryImageOfPage":{"@id":"https:\/\/unrostore.com\/shop\/terrafina\/amazonia-green\/pasta-borden-groen-amazonia-green-4-delig\/#primaryimage"},"image":{"@id":"https:\/\/unrostore.com\/shop\/terrafina\/amazonia-green\/pasta-borden-groen-amazonia-green-4-delig\/#primaryimage"},"thumbnailUrl":"https:\/\/unrostore.com\/wp-content\/uploads\/2023\/05\/unro-portugees-groen-servies-handemaakt-keramiek-groen-pastabord-amazonia-green.jpg","datePublished":"2023-07-06T19:58:30+00:00","dateModified":"2026-01-19T20:37:25+00:00","description":"Die sch\u00f6nen portugiesischen Pastateller Green Amazonia Green im 4er-Set sind auch ideal als Suppenteller und Salatteller. Hat jemand gute Absichten?","breadcrumb":{"@id":"https:\/\/unrostore.com\/shop\/terrafina\/amazonia-green\/pasta-borden-groen-amazonia-green-4-delig\/#breadcrumb"},"inLanguage":"de-AT","potentialAction":[{"@type":"ReadAction","target":["https:\/\/unrostore.com\/shop\/terrafina\/amazonia-green\/pasta-borden-groen-amazonia-green-4-delig\/"]}]},{"@type":"ImageObject","inLanguage":"de-AT","@id":"https:\/\/unrostore.com\/shop\/terrafina\/amazonia-green\/pasta-borden-groen-amazonia-green-4-delig\/#primaryimage","url":"https:\/\/unrostore.com\/wp-content\/uploads\/2023\/05\/unro-portugees-groen-servies-handemaakt-keramiek-groen-pastabord-amazonia-green.jpg","contentUrl":"https:\/\/unrostore.com\/wp-content\/uploads\/2023\/05\/unro-portugees-groen-servies-handemaakt-keramiek-groen-pastabord-amazonia-green.jpg","width":1440,"height":1440,"caption":"groene pastaborden - amazonia green -handgemaakt keramiek - modern portugees groen servies bij UNRO"},{"@type":"BreadcrumbList","@id":"https:\/\/unrostore.com\/shop\/terrafina\/amazonia-green\/pasta-borden-groen-amazonia-green-4-delig\/#breadcrumb","itemListElement":[{"@type":"ListItem","position":1,"name":"Home","item":"https:\/\/unrostore.com\/"},{"@type":"ListItem","position":2,"name":"Shop","item":"https:\/\/unrostore.com\/shop\/"},{"@type":"ListItem","position":3,"name":"Pasta Borden Groen Amazonia Green &#8211; 4-delig"}]},{"@type":"WebSite","@id":"https:\/\/unrostore.com\/#website","url":"https:\/\/unrostore.com\/","name":"UNRO","description":"Portugiesisches Geschirr, das Sie gl\u00fccklich machen wird!","publisher":{"@id":"https:\/\/unrostore.com\/#organization"},"potentialAction":[{"@type":"SearchAction","target":{"@type":"EntryPoint","urlTemplate":"https:\/\/unrostore.com\/?s={search_term_string}"},"query-input":{"@type":"PropertyValueSpecification","valueRequired":true,"valueName":"search_term_string"}}],"inLanguage":"de-AT"},{"@type":"Organization","@id":"https:\/\/unrostore.com\/#organization","name":"UNRO","url":"https:\/\/unrostore.com\/","logo":{"@type":"ImageObject","inLanguage":"de-AT","@id":"https:\/\/unrostore.com\/#\/schema\/logo\/image\/","url":"https:\/\/unrostore.com\/wp-content\/uploads\/2022\/05\/Logo-UNRO.png","contentUrl":"https:\/\/unrostore.com\/wp-content\/uploads\/2022\/05\/Logo-UNRO.png","width":605,"height":179,"caption":"UNRO"},"image":{"@id":"https:\/\/unrostore.com\/#\/schema\/logo\/image\/"}}]}},"_links":{"self":[{"href":"https:\/\/unrostore.com\/de-at\/wp-json\/wp\/v2\/product\/4738","targetHints":{"allow":["GET"]}}],"collection":[{"href":"https:\/\/unrostore.com\/de-at\/wp-json\/wp\/v2\/product"}],"about":[{"href":"https:\/\/unrostore.com\/de-at\/wp-json\/wp\/v2\/types\/product"}],"wp:featuredmedia":[{"embeddable":true,"href":"https:\/\/unrostore.com\/de-at\/wp-json\/wp\/v2\/media\/4277"}],"wp:attachment":[{"href":"https:\/\/unrostore.com\/de-at\/wp-json\/wp\/v2\/media?parent=4738"}],"wp:term":[{"taxonomy":"product_brand","embeddable":true,"href":"https:\/\/unrostore.com\/de-at\/wp-json\/wp\/v2\/product_brand?post=4738"},{"taxonomy":"product_cat","embeddable":true,"href":"https:\/\/unrostore.com\/de-at\/wp-json\/wp\/v2\/product_cat?post=4738"},{"taxonomy":"product_tag","embeddable":true,"href":"https:\/\/unrostore.com\/de-at\/wp-json\/wp\/v2\/product_tag?post=4738"}],"curies":[{"name":"wp","href":"https:\/\/api.w.org\/{rel}","templated":true}]}}