{"id":4294,"date":"2023-05-19T20:50:16","date_gmt":"2023-05-19T20:50:16","guid":{"rendered":"https:\/\/unrostore.com\/?post_type=product&#038;p=4294"},"modified":"2026-01-19T20:37:26","modified_gmt":"2026-01-19T20:37:26","slug":"geschirrset-braun-nudelteller-kaffee","status":"publish","type":"product","link":"https:\/\/unrostore.com\/de-at\/shop\/terrafina\/kaffee\/geschirrset-braun-nudelteller-kaffee\/","title":{"rendered":"Geschirrset Braun Nudelteller Coffee"},"content":{"rendered":"<h3>Boutique chic Geschirr-Set Braun mit Pasta-Teller Coffee 4-Personen<\/h3>\n<p>Wenn Sie Kaffee lieben, dann ist dieses dunkelbraune Geschirrset mit Pastatellern aus der Coffee-Geschirrkollektion von <a href=\"https:\/\/www.terrafinastore.com\/en\/collections\/amazonia\">Terrafina<\/a> wirklich etwas f\u00fcr Sie! Ein handgefertigtes portugiesisches Keramikgeschirr, das zu Ihrem Espresso, Kaffee oder Cappuccino am Morgen und am Nachmittag und zu Ihrem Espresso-Martini nach dem Abendessen passt. Aber dieses handgefertigte Keramikgeschirrset f\u00fcr 4 Personen (12-teilig) ist auch einfach sehr stilvoll. Die matte braune Farbe ist mit einem sch\u00f6nen gl\u00e4nzenden braunen Zierrand durchsetzt, der an Kaffee erinnert. Dieses dunkelbraune Set erinnert auch an orientalische Atmosph\u00e4ren und eignet sich daher auch sehr gut f\u00fcr Ihr asiatisches Fusionsdinner. Das braune Geschirr ist ideal f\u00fcr eine moderne und warme Einrichtung. Wechseln Sie die Nudelteller mit den <a href=\"https:\/\/unrostore.com\/de-at\/shop\/terrafina\/kaffee\/coffee-kommen-2-delig\/\">braune Schalen<\/a> aus der Coffee Geschirr-Kollektion oder erg\u00e4nzen Sie Ihr portugiesisches Geschirr mit dem <a href=\"https:\/\/unrostore.com\/de-at\/shop\/terrafina\/kaffee\/coffee-serveerkom\/\">Braune Obstschale<\/a>. \u00dcberzeugen Sie sich jetzt selbst von der Leistungsf\u00e4higkeit des Kaffee-Servier-Sets mit Pastatellern!<\/p>\n<h3>Dies ist die Nummer, die Sie zugestellt bekommen<\/h3>\n<ul>\n<li>4x Coffee Nudelteller \u00f8 22 cm<\/li>\n<li>4x Coffee Fr\u00fchst\u00fccksteller \u00f8 22 cm<\/li>\n<li>4x Coffee Speiseteller \u00f8 28,5 cm<\/li>\n<li>3x Terrafina Geschenkbox<\/li>\n<\/ul>\n<p>&nbsp;<\/p>\n<p><em><strong>Nachhaltig f\u00fcr Mensch und Umwelt:<\/strong><br \/>\nJedes Produkt ist ein Unikat, denn es wird in Handarbeit hergestellt.<br \/>\nDruck und Textur k\u00f6nnen daher leicht vom Produktfoto abweichen.<\/em><\/p>","protected":false},"excerpt":{"rendered":"<div class=\"usps\"><i class=\"far fa-check-circle\"><\/i> Mikrowellenfest<br \/>\n<i class=\"far fa-check-circle\"><\/i> Backofenfest (bis zu 200 Grad)<br \/>\n<i class=\"far fa-check-circle\"><\/i> Sp\u00fclmaschinentauglich<br \/>\n<i class=\"far fa-thumbs-up\"><\/i> Handgefertigt<\/div>","protected":false},"featured_media":7362,"template":"","meta":[],"product_brand":[],"product_cat":[728,178,871,122,119],"product_tag":[668,129,686,762,179,404,763,125,746,761,405,123],"class_list":{"0":"post-4294","1":"product","2":"type-product","3":"status-publish","4":"has-post-thumbnail","6":"product_cat-12-delig-servies-pasta","7":"product_cat-coffee","8":"product_cat-unro-populair-portugees-keramiek","9":"product_cat-serviesset","10":"product_cat-terrafina","11":"product_tag-12-delig-servies","12":"product_tag-borden","13":"product_tag-borden-set","14":"product_tag-bruine-serviesset","15":"product_tag-coffee","16":"product_tag-pastaborden","17":"product_tag-serivesset-4-personen","18":"product_tag-serviesset","19":"product_tag-serviesset-12-delig","20":"product_tag-serviesset-bruin","21":"product_tag-serviesset-pastaborden","22":"product_tag-terrafina","23":"product_shipping_class-pakket","25":"first","26":"outofstock","27":"sale","28":"taxable","29":"shipping-taxable","30":"purchasable","31":"product-type-simple"},"yoast_head":"<!-- This site is optimized with the Yoast SEO plugin v27.4 - https:\/\/yoast.com\/product\/yoast-seo-wordpress\/ -->\n<title>Serviesset Bruin Pastaborden Coffee &#8226; UNRO<\/title>\n<meta name=\"description\" content=\"Chic, rustiek en stoer is de 12-delige handgemaakte serviesset bruin met pastaborden voor 4 personen. Perfect voor jouw soep, salades of pasta&#039;s!\" \/>\n<meta name=\"robots\" content=\"index, follow, max-snippet:-1, max-image-preview:large, max-video-preview:-1\" \/>\n<link rel=\"canonical\" href=\"https:\/\/unrostore.com\/de-at\/shop\/terrafina\/kaffee\/geschirrset-braun-nudelteller-kaffee\/\" \/>\n<meta property=\"og:locale\" content=\"de_DE\" \/>\n<meta property=\"og:type\" content=\"article\" \/>\n<meta property=\"og:title\" content=\"Serviesset Bruin Pastaborden Coffee &#8226; UNRO\" \/>\n<meta property=\"og:description\" content=\"Chic, rustiek en stoer is de 12-delige handgemaakte serviesset bruin met pastaborden voor 4 personen. Perfect voor jouw soep, salades of pasta&#039;s!\" \/>\n<meta property=\"og:url\" content=\"https:\/\/unrostore.com\/de-at\/shop\/terrafina\/kaffee\/geschirrset-braun-nudelteller-kaffee\/\" \/>\n<meta property=\"og:site_name\" content=\"UNRO\" \/>\n<meta property=\"article:modified_time\" content=\"2026-01-19T20:37:26+00:00\" \/>\n<meta property=\"og:image\" content=\"https:\/\/unrostore.com\/wp-content\/uploads\/2023\/05\/unro-portugees-servies-set-coffee-servies-met-pastaborden.webp\" \/>\n\t<meta property=\"og:image:width\" content=\"1000\" \/>\n\t<meta property=\"og:image:height\" content=\"1000\" \/>\n\t<meta property=\"og:image:type\" content=\"image\/webp\" \/>\n<meta name=\"twitter:card\" content=\"summary_large_image\" \/>\n<script type=\"application\/ld+json\" class=\"yoast-schema-graph\">{\"@context\":\"https:\\\/\\\/schema.org\",\"@graph\":[{\"@type\":\"WebPage\",\"@id\":\"https:\\\/\\\/unrostore.com\\\/shop\\\/terrafina\\\/coffee\\\/serviesset-bruin-pastaborden-coffee\\\/\",\"url\":\"https:\\\/\\\/unrostore.com\\\/shop\\\/terrafina\\\/coffee\\\/serviesset-bruin-pastaborden-coffee\\\/\",\"name\":\"Serviesset Bruin Pastaborden Coffee &#8226; UNRO\",\"isPartOf\":{\"@id\":\"https:\\\/\\\/unrostore.com\\\/#website\"},\"primaryImageOfPage\":{\"@id\":\"https:\\\/\\\/unrostore.com\\\/shop\\\/terrafina\\\/coffee\\\/serviesset-bruin-pastaborden-coffee\\\/#primaryimage\"},\"image\":{\"@id\":\"https:\\\/\\\/unrostore.com\\\/shop\\\/terrafina\\\/coffee\\\/serviesset-bruin-pastaborden-coffee\\\/#primaryimage\"},\"thumbnailUrl\":\"https:\\\/\\\/unrostore.com\\\/wp-content\\\/uploads\\\/2023\\\/05\\\/unro-portugees-servies-set-coffee-servies-met-pastaborden.webp\",\"datePublished\":\"2023-05-19T20:50:16+00:00\",\"dateModified\":\"2026-01-19T20:37:26+00:00\",\"description\":\"Chic, rustiek en stoer is de 12-delige handgemaakte serviesset bruin met pastaborden voor 4 personen. Perfect voor jouw soep, salades of pasta's!\",\"breadcrumb\":{\"@id\":\"https:\\\/\\\/unrostore.com\\\/shop\\\/terrafina\\\/coffee\\\/serviesset-bruin-pastaborden-coffee\\\/#breadcrumb\"},\"inLanguage\":\"de-AT\",\"potentialAction\":[{\"@type\":\"ReadAction\",\"target\":[\"https:\\\/\\\/unrostore.com\\\/shop\\\/terrafina\\\/coffee\\\/serviesset-bruin-pastaborden-coffee\\\/\"]}]},{\"@type\":\"ImageObject\",\"inLanguage\":\"de-AT\",\"@id\":\"https:\\\/\\\/unrostore.com\\\/shop\\\/terrafina\\\/coffee\\\/serviesset-bruin-pastaborden-coffee\\\/#primaryimage\",\"url\":\"https:\\\/\\\/unrostore.com\\\/wp-content\\\/uploads\\\/2023\\\/05\\\/unro-portugees-servies-set-coffee-servies-met-pastaborden.webp\",\"contentUrl\":\"https:\\\/\\\/unrostore.com\\\/wp-content\\\/uploads\\\/2023\\\/05\\\/unro-portugees-servies-set-coffee-servies-met-pastaborden.webp\",\"width\":1000,\"height\":1000,\"caption\":\"bruin servies set met pastaborden\"},{\"@type\":\"BreadcrumbList\",\"@id\":\"https:\\\/\\\/unrostore.com\\\/shop\\\/terrafina\\\/coffee\\\/serviesset-bruin-pastaborden-coffee\\\/#breadcrumb\",\"itemListElement\":[{\"@type\":\"ListItem\",\"position\":1,\"name\":\"Home\",\"item\":\"https:\\\/\\\/unrostore.com\\\/\"},{\"@type\":\"ListItem\",\"position\":2,\"name\":\"Shop\",\"item\":\"https:\\\/\\\/unrostore.com\\\/shop\\\/\"},{\"@type\":\"ListItem\",\"position\":3,\"name\":\"Serviesset Bruin Pastaborden Coffee\"}]},{\"@type\":\"WebSite\",\"@id\":\"https:\\\/\\\/unrostore.com\\\/#website\",\"url\":\"https:\\\/\\\/unrostore.com\\\/\",\"name\":\"UNRO\",\"description\":\"Portugees servies waar je blij van wordt!\",\"publisher\":{\"@id\":\"https:\\\/\\\/unrostore.com\\\/#organization\"},\"potentialAction\":[{\"@type\":\"SearchAction\",\"target\":{\"@type\":\"EntryPoint\",\"urlTemplate\":\"https:\\\/\\\/unrostore.com\\\/?s={search_term_string}\"},\"query-input\":{\"@type\":\"PropertyValueSpecification\",\"valueRequired\":true,\"valueName\":\"search_term_string\"}}],\"inLanguage\":\"de-AT\"},{\"@type\":\"Organization\",\"@id\":\"https:\\\/\\\/unrostore.com\\\/#organization\",\"name\":\"UNRO\",\"url\":\"https:\\\/\\\/unrostore.com\\\/\",\"logo\":{\"@type\":\"ImageObject\",\"inLanguage\":\"de-AT\",\"@id\":\"https:\\\/\\\/unrostore.com\\\/#\\\/schema\\\/logo\\\/image\\\/\",\"url\":\"https:\\\/\\\/unrostore.com\\\/wp-content\\\/uploads\\\/2022\\\/05\\\/Logo-UNRO.png\",\"contentUrl\":\"https:\\\/\\\/unrostore.com\\\/wp-content\\\/uploads\\\/2022\\\/05\\\/Logo-UNRO.png\",\"width\":605,\"height\":179,\"caption\":\"UNRO\"},\"image\":{\"@id\":\"https:\\\/\\\/unrostore.com\\\/#\\\/schema\\\/logo\\\/image\\\/\"}}]}<\/script>\n<!-- \/ Yoast SEO plugin. -->","yoast_head_json":{"title":"Geschirrset Braun Nudelteller Kaffee - UNRO","description":"Schick, rustikal und robust ist das 12-teilige handgefertigte Geschirrset braun mit Pastatellern f\u00fcr 4 Personen. Perfekt f\u00fcr Ihre Suppe, Salate oder Nudeln!","robots":{"index":"index","follow":"follow","max-snippet":"max-snippet:-1","max-image-preview":"max-image-preview:large","max-video-preview":"max-video-preview:-1"},"canonical":"https:\/\/unrostore.com\/de-at\/shop\/terrafina\/kaffee\/geschirrset-braun-nudelteller-kaffee\/","og_locale":"de_DE","og_type":"article","og_title":"Serviesset Bruin Pastaborden Coffee &#8226; UNRO","og_description":"Chic, rustiek en stoer is de 12-delige handgemaakte serviesset bruin met pastaborden voor 4 personen. Perfect voor jouw soep, salades of pasta's!","og_url":"https:\/\/unrostore.com\/de-at\/shop\/terrafina\/kaffee\/geschirrset-braun-nudelteller-kaffee\/","og_site_name":"UNRO","article_modified_time":"2026-01-19T20:37:26+00:00","og_image":[{"width":1000,"height":1000,"url":"https:\/\/unrostore.com\/wp-content\/uploads\/2023\/05\/unro-portugees-servies-set-coffee-servies-met-pastaborden.webp","type":"image\/webp"}],"twitter_card":"summary_large_image","schema":{"@context":"https:\/\/schema.org","@graph":[{"@type":"WebPage","@id":"https:\/\/unrostore.com\/shop\/terrafina\/coffee\/serviesset-bruin-pastaborden-coffee\/","url":"https:\/\/unrostore.com\/shop\/terrafina\/coffee\/serviesset-bruin-pastaborden-coffee\/","name":"Geschirrset Braun Nudelteller Kaffee - UNRO","isPartOf":{"@id":"https:\/\/unrostore.com\/#website"},"primaryImageOfPage":{"@id":"https:\/\/unrostore.com\/shop\/terrafina\/coffee\/serviesset-bruin-pastaborden-coffee\/#primaryimage"},"image":{"@id":"https:\/\/unrostore.com\/shop\/terrafina\/coffee\/serviesset-bruin-pastaborden-coffee\/#primaryimage"},"thumbnailUrl":"https:\/\/unrostore.com\/wp-content\/uploads\/2023\/05\/unro-portugees-servies-set-coffee-servies-met-pastaborden.webp","datePublished":"2023-05-19T20:50:16+00:00","dateModified":"2026-01-19T20:37:26+00:00","description":"Schick, rustikal und robust ist das 12-teilige handgefertigte Geschirrset braun mit Pastatellern f\u00fcr 4 Personen. Perfekt f\u00fcr Ihre Suppe, Salate oder Nudeln!","breadcrumb":{"@id":"https:\/\/unrostore.com\/shop\/terrafina\/coffee\/serviesset-bruin-pastaborden-coffee\/#breadcrumb"},"inLanguage":"de-AT","potentialAction":[{"@type":"ReadAction","target":["https:\/\/unrostore.com\/shop\/terrafina\/coffee\/serviesset-bruin-pastaborden-coffee\/"]}]},{"@type":"ImageObject","inLanguage":"de-AT","@id":"https:\/\/unrostore.com\/shop\/terrafina\/coffee\/serviesset-bruin-pastaborden-coffee\/#primaryimage","url":"https:\/\/unrostore.com\/wp-content\/uploads\/2023\/05\/unro-portugees-servies-set-coffee-servies-met-pastaborden.webp","contentUrl":"https:\/\/unrostore.com\/wp-content\/uploads\/2023\/05\/unro-portugees-servies-set-coffee-servies-met-pastaborden.webp","width":1000,"height":1000,"caption":"bruin servies set met pastaborden"},{"@type":"BreadcrumbList","@id":"https:\/\/unrostore.com\/shop\/terrafina\/coffee\/serviesset-bruin-pastaborden-coffee\/#breadcrumb","itemListElement":[{"@type":"ListItem","position":1,"name":"Home","item":"https:\/\/unrostore.com\/"},{"@type":"ListItem","position":2,"name":"Shop","item":"https:\/\/unrostore.com\/shop\/"},{"@type":"ListItem","position":3,"name":"Serviesset Bruin Pastaborden Coffee"}]},{"@type":"WebSite","@id":"https:\/\/unrostore.com\/#website","url":"https:\/\/unrostore.com\/","name":"UNRO","description":"Portugiesisches Geschirr, das Sie gl\u00fccklich machen wird!","publisher":{"@id":"https:\/\/unrostore.com\/#organization"},"potentialAction":[{"@type":"SearchAction","target":{"@type":"EntryPoint","urlTemplate":"https:\/\/unrostore.com\/?s={search_term_string}"},"query-input":{"@type":"PropertyValueSpecification","valueRequired":true,"valueName":"search_term_string"}}],"inLanguage":"de-AT"},{"@type":"Organization","@id":"https:\/\/unrostore.com\/#organization","name":"UNRO","url":"https:\/\/unrostore.com\/","logo":{"@type":"ImageObject","inLanguage":"de-AT","@id":"https:\/\/unrostore.com\/#\/schema\/logo\/image\/","url":"https:\/\/unrostore.com\/wp-content\/uploads\/2022\/05\/Logo-UNRO.png","contentUrl":"https:\/\/unrostore.com\/wp-content\/uploads\/2022\/05\/Logo-UNRO.png","width":605,"height":179,"caption":"UNRO"},"image":{"@id":"https:\/\/unrostore.com\/#\/schema\/logo\/image\/"}}]}},"_links":{"self":[{"href":"https:\/\/unrostore.com\/de-at\/wp-json\/wp\/v2\/product\/4294","targetHints":{"allow":["GET"]}}],"collection":[{"href":"https:\/\/unrostore.com\/de-at\/wp-json\/wp\/v2\/product"}],"about":[{"href":"https:\/\/unrostore.com\/de-at\/wp-json\/wp\/v2\/types\/product"}],"wp:featuredmedia":[{"embeddable":true,"href":"https:\/\/unrostore.com\/de-at\/wp-json\/wp\/v2\/media\/7362"}],"wp:attachment":[{"href":"https:\/\/unrostore.com\/de-at\/wp-json\/wp\/v2\/media?parent=4294"}],"wp:term":[{"taxonomy":"product_brand","embeddable":true,"href":"https:\/\/unrostore.com\/de-at\/wp-json\/wp\/v2\/product_brand?post=4294"},{"taxonomy":"product_cat","embeddable":true,"href":"https:\/\/unrostore.com\/de-at\/wp-json\/wp\/v2\/product_cat?post=4294"},{"taxonomy":"product_tag","embeddable":true,"href":"https:\/\/unrostore.com\/de-at\/wp-json\/wp\/v2\/product_tag?post=4294"}],"curies":[{"name":"wp","href":"https:\/\/api.w.org\/{rel}","templated":true}]}}