{"id":4287,"date":"2023-05-19T20:15:58","date_gmt":"2023-05-19T20:15:58","guid":{"rendered":"https:\/\/unrostore.com\/?post_type=product&#038;p=4287"},"modified":"2026-01-19T20:37:26","modified_gmt":"2026-01-19T20:37:26","slug":"buntes-geschirr-nudelteller-set-korallen","status":"publish","type":"product","link":"https:\/\/unrostore.com\/de-at\/shop\/terrafina\/korallen\/buntes-geschirr-nudelteller-set-korallen\/","title":{"rendered":"Buntes Geschirr Pastateller-Set Corals - 4-Personen"},"content":{"rendered":"<h3>Buntes Geschirr Nudelteller-Set Corals 12-teilig f\u00fcr 4 Personen<\/h3>\n<p>F\u00fcr welches portugiesische Geschirrset entscheiden Sie sich? Das <a href=\"https:\/\/unrostore.com\/de-at\/shop\/terrafina\/korallen\/corals-serviesset-4-personen\/\">Buntes Geschirrset Corals mit Schalen<\/a> ob es <strong>Buntes Geschirr Nudelteller-Set<\/strong> durch portugiesische Marke <a href=\"https:\/\/www.terrafinastore.com\/en\/collections\/amazonia\">Terrafina<\/a>! Das farbenfrohe Geschirrset mit Pastatellern eignet sich nicht nur f\u00fcr Nudelgerichte, sondern auch als gro\u00dfe flache Suppensch\u00fcssel, tiefe Salatteller oder als Joghurtbecher. Mit diesem handgefertigten bunten Geschirrset aus Portugal k\u00f6nnen Sie mehrere G\u00e4nge servieren, von der Vorspeise \u00fcber den Hauptgang bis zum Dessert. Kombinieren Sie Ihr handgefertigtes, farbenfrohes Geschirrset beim Mittag- oder Abendessen mit dem <a href=\"https:\/\/unrostore.com\/de-at\/shop\/terrafina\/korallen\/farbige-schalen-korallen-4-stuck\/\">farbige Schalen<\/a>, <a href=\"https:\/\/unrostore.com\/de-at\/shop\/terrafina\/korallen\/grote-mokken-gekleurd-corals-4-delig\/\">farbige Becher<\/a>, <a href=\"https:\/\/unrostore.com\/de-at\/shop\/terrafina\/korallen\/bunte-obstschale-korallen\/\">bunte Obstschale<\/a> und <a href=\"https:\/\/unrostore.com\/de-at\/shop\/terrafina\/korallen\/farbige-servierschalen-korallen-2-grosen\/\">farbiges ovales Geschirr<\/a> aus der Corals-Geschirrkollektion. Genie\u00dfen Sie lange Mahlzeiten bei gem\u00fctlichen Abendessen zu Hause mit dem fr\u00f6hlichen Corals-Geschirr!<\/p>\n<h3>Dies ist die Anzahl der Platten, die Sie geliefert bekommen<\/h3>\n<ul>\n<li>4x Corals Nudelteller \u00f8 22 cm<\/li>\n<li>4x Corals Fr\u00fchst\u00fccksteller \u00f8 22 cm<\/li>\n<li>4x Corals Essteller \u00f8 28,5 cm<\/li>\n<li>3x Terrafina Geschenkbox<\/li>\n<\/ul>\n<p>&nbsp;<\/p>\n<p><em><strong>Nachhaltig f\u00fcr Mensch und Umwelt:<\/strong><br \/>\nJedes Produkt ist ein Unikat, denn es wird in Handarbeit hergestellt.<br \/>\nDruck und Textur k\u00f6nnen daher leicht vom Produktfoto abweichen.<\/em><\/p>","protected":false},"excerpt":{"rendered":"<div style=\"font-family: nunito sans; font-size: 14px; border: 1px solid #dedede; border-radius: 4px; padding: 15px 0 0 14px; margin-top: 20px; margin-bottom: 20px; width: 160px; box-shadow: 1px 1px 7px 0px rgb(0 0 0 \/ 15%), 0px 0px 2px 0px rgb(0 0 0 \/ 5%); color: #00b900;\">\n<p>Mit dem Festpreis sparen Sie <strong>\u20ac4,-<\/strong><\/p>\n<\/div>\n<div class=\"usps\"><i class=\"far fa-check-circle\"><\/i> Mikrowellenfest<br \/>\n<i class=\"far fa-check-circle\"><\/i> Backofenfest (bis zu 200 Grad)<br \/>\n<i class=\"far fa-check-circle\"><\/i> Sp\u00fclmaschinentauglich<br \/>\n<i class=\"far fa-thumbs-up\"><\/i> Handgefertigt<\/div>","protected":false},"featured_media":7091,"template":"","meta":[],"product_brand":[],"product_cat":[728,127,122,119],"product_tag":[668,129,128,284,748,289,404,125,746,337,747,749,405,123],"class_list":{"0":"post-4287","1":"product","2":"type-product","3":"status-publish","4":"has-post-thumbnail","6":"product_cat-12-delig-servies-pasta","7":"product_cat-corals","8":"product_cat-serviesset","9":"product_cat-terrafina","10":"product_tag-12-delig-servies","11":"product_tag-borden","12":"product_tag-corals","13":"product_tag-dinerborden","14":"product_tag-gekleurd-servies","15":"product_tag-ontbijtborden","16":"product_tag-pastaborden","17":"product_tag-serviesset","18":"product_tag-serviesset-12-delig","19":"product_tag-serviesset-4-personen","20":"product_tag-serviesset-gekleurd","21":"product_tag-serviesset-kleurrijk","22":"product_tag-serviesset-pastaborden","23":"product_tag-terrafina","24":"product_shipping_class-pakket","26":"first","27":"outofstock","28":"sale","29":"taxable","30":"shipping-taxable","31":"purchasable","32":"product-type-simple"},"yoast_head":"<!-- This site is optimized with the Yoast SEO plugin v27.4 - https:\/\/yoast.com\/product\/yoast-seo-wordpress\/ -->\n<title>Gekleurd Servies Pastaborden Set Corals - 4-personen &#8226; UNRO<\/title>\n<meta name=\"description\" content=\"Speels, vrolijk en nieuw is de 12-delige handgemaakte gekleurd servies pastaborden set met voor 4 personen. Perfect voor jouw soep, yoghurt of pasta&#039;s!\" \/>\n<meta name=\"robots\" content=\"index, follow, max-snippet:-1, max-image-preview:large, max-video-preview:-1\" \/>\n<link rel=\"canonical\" href=\"https:\/\/unrostore.com\/de-at\/shop\/terrafina\/korallen\/buntes-geschirr-nudelteller-set-korallen\/\" \/>\n<meta property=\"og:locale\" content=\"de_DE\" \/>\n<meta property=\"og:type\" content=\"article\" \/>\n<meta property=\"og:title\" content=\"Gekleurd Servies Pastaborden Set Corals - 4-personen &#8226; UNRO\" \/>\n<meta property=\"og:description\" content=\"Speels, vrolijk en nieuw is de 12-delige handgemaakte gekleurd servies pastaborden set met voor 4 personen. Perfect voor jouw soep, yoghurt of pasta&#039;s!\" \/>\n<meta property=\"og:url\" content=\"https:\/\/unrostore.com\/de-at\/shop\/terrafina\/korallen\/buntes-geschirr-nudelteller-set-korallen\/\" \/>\n<meta property=\"og:site_name\" content=\"UNRO\" \/>\n<meta property=\"article:modified_time\" content=\"2026-01-19T20:37:26+00:00\" \/>\n<meta property=\"og:image\" content=\"https:\/\/unrostore.com\/wp-content\/uploads\/2023\/05\/unro-gekleurd-servies-pastaborden-set.webp\" \/>\n\t<meta property=\"og:image:width\" content=\"1000\" \/>\n\t<meta property=\"og:image:height\" content=\"1000\" \/>\n\t<meta property=\"og:image:type\" content=\"image\/webp\" \/>\n<meta name=\"twitter:card\" content=\"summary_large_image\" \/>\n<script type=\"application\/ld+json\" class=\"yoast-schema-graph\">{\"@context\":\"https:\\\/\\\/schema.org\",\"@graph\":[{\"@type\":\"WebPage\",\"@id\":\"https:\\\/\\\/unrostore.com\\\/shop\\\/terrafina\\\/corals\\\/gekleurd-servies-pastaborden-set-corals\\\/\",\"url\":\"https:\\\/\\\/unrostore.com\\\/shop\\\/terrafina\\\/corals\\\/gekleurd-servies-pastaborden-set-corals\\\/\",\"name\":\"Gekleurd Servies Pastaborden Set Corals - 4-personen &#8226; UNRO\",\"isPartOf\":{\"@id\":\"https:\\\/\\\/unrostore.com\\\/#website\"},\"primaryImageOfPage\":{\"@id\":\"https:\\\/\\\/unrostore.com\\\/shop\\\/terrafina\\\/corals\\\/gekleurd-servies-pastaborden-set-corals\\\/#primaryimage\"},\"image\":{\"@id\":\"https:\\\/\\\/unrostore.com\\\/shop\\\/terrafina\\\/corals\\\/gekleurd-servies-pastaborden-set-corals\\\/#primaryimage\"},\"thumbnailUrl\":\"https:\\\/\\\/unrostore.com\\\/wp-content\\\/uploads\\\/2023\\\/05\\\/unro-gekleurd-servies-pastaborden-set.webp\",\"datePublished\":\"2023-05-19T20:15:58+00:00\",\"dateModified\":\"2026-01-19T20:37:26+00:00\",\"description\":\"Speels, vrolijk en nieuw is de 12-delige handgemaakte gekleurd servies pastaborden set met voor 4 personen. Perfect voor jouw soep, yoghurt of pasta's!\",\"breadcrumb\":{\"@id\":\"https:\\\/\\\/unrostore.com\\\/shop\\\/terrafina\\\/corals\\\/gekleurd-servies-pastaborden-set-corals\\\/#breadcrumb\"},\"inLanguage\":\"de-AT\",\"potentialAction\":[{\"@type\":\"ReadAction\",\"target\":[\"https:\\\/\\\/unrostore.com\\\/shop\\\/terrafina\\\/corals\\\/gekleurd-servies-pastaborden-set-corals\\\/\"]}]},{\"@type\":\"ImageObject\",\"inLanguage\":\"de-AT\",\"@id\":\"https:\\\/\\\/unrostore.com\\\/shop\\\/terrafina\\\/corals\\\/gekleurd-servies-pastaborden-set-corals\\\/#primaryimage\",\"url\":\"https:\\\/\\\/unrostore.com\\\/wp-content\\\/uploads\\\/2023\\\/05\\\/unro-gekleurd-servies-pastaborden-set.webp\",\"contentUrl\":\"https:\\\/\\\/unrostore.com\\\/wp-content\\\/uploads\\\/2023\\\/05\\\/unro-gekleurd-servies-pastaborden-set.webp\",\"width\":1000,\"height\":1000,\"caption\":\"Gekleurd servies pastaborden\"},{\"@type\":\"BreadcrumbList\",\"@id\":\"https:\\\/\\\/unrostore.com\\\/shop\\\/terrafina\\\/corals\\\/gekleurd-servies-pastaborden-set-corals\\\/#breadcrumb\",\"itemListElement\":[{\"@type\":\"ListItem\",\"position\":1,\"name\":\"Home\",\"item\":\"https:\\\/\\\/unrostore.com\\\/\"},{\"@type\":\"ListItem\",\"position\":2,\"name\":\"Shop\",\"item\":\"https:\\\/\\\/unrostore.com\\\/shop\\\/\"},{\"@type\":\"ListItem\",\"position\":3,\"name\":\"Gekleurd Servies Pastaborden Set Corals &#8211; 4-personen\"}]},{\"@type\":\"WebSite\",\"@id\":\"https:\\\/\\\/unrostore.com\\\/#website\",\"url\":\"https:\\\/\\\/unrostore.com\\\/\",\"name\":\"UNRO\",\"description\":\"Portugees servies waar je blij van wordt!\",\"publisher\":{\"@id\":\"https:\\\/\\\/unrostore.com\\\/#organization\"},\"potentialAction\":[{\"@type\":\"SearchAction\",\"target\":{\"@type\":\"EntryPoint\",\"urlTemplate\":\"https:\\\/\\\/unrostore.com\\\/?s={search_term_string}\"},\"query-input\":{\"@type\":\"PropertyValueSpecification\",\"valueRequired\":true,\"valueName\":\"search_term_string\"}}],\"inLanguage\":\"de-AT\"},{\"@type\":\"Organization\",\"@id\":\"https:\\\/\\\/unrostore.com\\\/#organization\",\"name\":\"UNRO\",\"url\":\"https:\\\/\\\/unrostore.com\\\/\",\"logo\":{\"@type\":\"ImageObject\",\"inLanguage\":\"de-AT\",\"@id\":\"https:\\\/\\\/unrostore.com\\\/#\\\/schema\\\/logo\\\/image\\\/\",\"url\":\"https:\\\/\\\/unrostore.com\\\/wp-content\\\/uploads\\\/2022\\\/05\\\/Logo-UNRO.png\",\"contentUrl\":\"https:\\\/\\\/unrostore.com\\\/wp-content\\\/uploads\\\/2022\\\/05\\\/Logo-UNRO.png\",\"width\":605,\"height\":179,\"caption\":\"UNRO\"},\"image\":{\"@id\":\"https:\\\/\\\/unrostore.com\\\/#\\\/schema\\\/logo\\\/image\\\/\"}}]}<\/script>\n<!-- \/ Yoast SEO plugin. -->","yoast_head_json":{"title":"Buntes Geschirr Pastateller-Set Korallen - 4 Personen - UNRO","description":"Verspielt, fr\u00f6hlich und neu ist das 12-teilige, handgefertigte, bunte Geschirr-Pastateller-Set f\u00fcr 4 Personen. Perfekt f\u00fcr Ihre Suppen-, Joghurt- oder Nudelgerichte!","robots":{"index":"index","follow":"follow","max-snippet":"max-snippet:-1","max-image-preview":"max-image-preview:large","max-video-preview":"max-video-preview:-1"},"canonical":"https:\/\/unrostore.com\/de-at\/shop\/terrafina\/korallen\/buntes-geschirr-nudelteller-set-korallen\/","og_locale":"de_DE","og_type":"article","og_title":"Gekleurd Servies Pastaborden Set Corals - 4-personen &#8226; UNRO","og_description":"Speels, vrolijk en nieuw is de 12-delige handgemaakte gekleurd servies pastaborden set met voor 4 personen. Perfect voor jouw soep, yoghurt of pasta's!","og_url":"https:\/\/unrostore.com\/de-at\/shop\/terrafina\/korallen\/buntes-geschirr-nudelteller-set-korallen\/","og_site_name":"UNRO","article_modified_time":"2026-01-19T20:37:26+00:00","og_image":[{"width":1000,"height":1000,"url":"https:\/\/unrostore.com\/wp-content\/uploads\/2023\/05\/unro-gekleurd-servies-pastaborden-set.webp","type":"image\/webp"}],"twitter_card":"summary_large_image","schema":{"@context":"https:\/\/schema.org","@graph":[{"@type":"WebPage","@id":"https:\/\/unrostore.com\/shop\/terrafina\/corals\/gekleurd-servies-pastaborden-set-corals\/","url":"https:\/\/unrostore.com\/shop\/terrafina\/corals\/gekleurd-servies-pastaborden-set-corals\/","name":"Buntes Geschirr Pastateller-Set Korallen - 4 Personen - UNRO","isPartOf":{"@id":"https:\/\/unrostore.com\/#website"},"primaryImageOfPage":{"@id":"https:\/\/unrostore.com\/shop\/terrafina\/corals\/gekleurd-servies-pastaborden-set-corals\/#primaryimage"},"image":{"@id":"https:\/\/unrostore.com\/shop\/terrafina\/corals\/gekleurd-servies-pastaborden-set-corals\/#primaryimage"},"thumbnailUrl":"https:\/\/unrostore.com\/wp-content\/uploads\/2023\/05\/unro-gekleurd-servies-pastaborden-set.webp","datePublished":"2023-05-19T20:15:58+00:00","dateModified":"2026-01-19T20:37:26+00:00","description":"Verspielt, fr\u00f6hlich und neu ist das 12-teilige, handgefertigte, bunte Geschirr-Pastateller-Set f\u00fcr 4 Personen. Perfekt f\u00fcr Ihre Suppen-, Joghurt- oder Nudelgerichte!","breadcrumb":{"@id":"https:\/\/unrostore.com\/shop\/terrafina\/corals\/gekleurd-servies-pastaborden-set-corals\/#breadcrumb"},"inLanguage":"de-AT","potentialAction":[{"@type":"ReadAction","target":["https:\/\/unrostore.com\/shop\/terrafina\/corals\/gekleurd-servies-pastaborden-set-corals\/"]}]},{"@type":"ImageObject","inLanguage":"de-AT","@id":"https:\/\/unrostore.com\/shop\/terrafina\/corals\/gekleurd-servies-pastaborden-set-corals\/#primaryimage","url":"https:\/\/unrostore.com\/wp-content\/uploads\/2023\/05\/unro-gekleurd-servies-pastaborden-set.webp","contentUrl":"https:\/\/unrostore.com\/wp-content\/uploads\/2023\/05\/unro-gekleurd-servies-pastaborden-set.webp","width":1000,"height":1000,"caption":"Gekleurd servies pastaborden"},{"@type":"BreadcrumbList","@id":"https:\/\/unrostore.com\/shop\/terrafina\/corals\/gekleurd-servies-pastaborden-set-corals\/#breadcrumb","itemListElement":[{"@type":"ListItem","position":1,"name":"Home","item":"https:\/\/unrostore.com\/"},{"@type":"ListItem","position":2,"name":"Shop","item":"https:\/\/unrostore.com\/shop\/"},{"@type":"ListItem","position":3,"name":"Gekleurd Servies Pastaborden Set Corals &#8211; 4-personen"}]},{"@type":"WebSite","@id":"https:\/\/unrostore.com\/#website","url":"https:\/\/unrostore.com\/","name":"UNRO","description":"Portugiesisches Geschirr, das Sie gl\u00fccklich machen wird!","publisher":{"@id":"https:\/\/unrostore.com\/#organization"},"potentialAction":[{"@type":"SearchAction","target":{"@type":"EntryPoint","urlTemplate":"https:\/\/unrostore.com\/?s={search_term_string}"},"query-input":{"@type":"PropertyValueSpecification","valueRequired":true,"valueName":"search_term_string"}}],"inLanguage":"de-AT"},{"@type":"Organization","@id":"https:\/\/unrostore.com\/#organization","name":"UNRO","url":"https:\/\/unrostore.com\/","logo":{"@type":"ImageObject","inLanguage":"de-AT","@id":"https:\/\/unrostore.com\/#\/schema\/logo\/image\/","url":"https:\/\/unrostore.com\/wp-content\/uploads\/2022\/05\/Logo-UNRO.png","contentUrl":"https:\/\/unrostore.com\/wp-content\/uploads\/2022\/05\/Logo-UNRO.png","width":605,"height":179,"caption":"UNRO"},"image":{"@id":"https:\/\/unrostore.com\/#\/schema\/logo\/image\/"}}]}},"_links":{"self":[{"href":"https:\/\/unrostore.com\/de-at\/wp-json\/wp\/v2\/product\/4287","targetHints":{"allow":["GET"]}}],"collection":[{"href":"https:\/\/unrostore.com\/de-at\/wp-json\/wp\/v2\/product"}],"about":[{"href":"https:\/\/unrostore.com\/de-at\/wp-json\/wp\/v2\/types\/product"}],"wp:featuredmedia":[{"embeddable":true,"href":"https:\/\/unrostore.com\/de-at\/wp-json\/wp\/v2\/media\/7091"}],"wp:attachment":[{"href":"https:\/\/unrostore.com\/de-at\/wp-json\/wp\/v2\/media?parent=4287"}],"wp:term":[{"taxonomy":"product_brand","embeddable":true,"href":"https:\/\/unrostore.com\/de-at\/wp-json\/wp\/v2\/product_brand?post=4287"},{"taxonomy":"product_cat","embeddable":true,"href":"https:\/\/unrostore.com\/de-at\/wp-json\/wp\/v2\/product_cat?post=4287"},{"taxonomy":"product_tag","embeddable":true,"href":"https:\/\/unrostore.com\/de-at\/wp-json\/wp\/v2\/product_tag?post=4287"}],"curies":[{"name":"wp","href":"https:\/\/api.w.org\/{rel}","templated":true}]}}