{"id":4229,"date":"2023-05-18T17:52:03","date_gmt":"2023-05-18T17:52:03","guid":{"rendered":"https:\/\/unrostore.com\/?post_type=product&#038;p=4229"},"modified":"2026-01-19T20:37:26","modified_gmt":"2026-01-19T20:37:26","slug":"espressotassen-schwarzer-stein","status":"publish","type":"product","link":"https:\/\/unrostore.com\/de-at\/shop\/terrafina\/schwarzes-geschirr-schwarzer-stein-2\/espressotassen-schwarzer-stein\/","title":{"rendered":"Espressotassen 100 ml Schwarz Schwarzer Stein - 2-tlg."},"content":{"rendered":"<h3>Neu und exklusiv: die Black Stone Espressotassen schwarz<\/h3>\n<p><span style=\"font-weight: 400;\">Die sch\u00f6ne Handarbeit <strong>Espressotassen schwarz\u00a0<\/strong>2er-Set Tassen von<\/span><a href=\"https:\/\/www.terrafinastore.com\/en\/collections\/coffee\"> <span style=\"font-weight: 400;\">Terrafina<\/span><\/a><span style=\"font-weight: 400;\"> aus der neuen und exklusiven schwarzen Geschirrkollektion Black Stone sind wirklich einzigartig. Diese Espressotassen sind modern, zeitlos und stilvoll und passen hervorragend in Ihr schickes (Boutique-)Interieur. Die schwarzen Espressotassen sind auch sehr angenehm zu trinken, da sie ein Ohr an der Seite haben. Au\u00dferdem sind die Espressotassen auch in einer gr\u00f6\u00dferen Variante erh\u00e4ltlich, der<\/span><a href=\"https:\/\/unrostore.com\/de-at\/shop\/terrafina\/schwarzes-geschirr-schwarzer-stein-2\/black-stone-cappuccino-mokken\/\"> <span style=\"font-weight: 400;\">schwarze Cappuccinotassen<\/span><\/a><span style=\"font-weight: 400;\"> aus der Black Stone Kollektion von schwarzem Tafelgeschirr. Die schwarzen Tassen und Becher erg\u00e4nzen Ihre t\u00e4gliche Kaffeezeit, High Tea und Geb\u00e4ck mit Kaffee, sind aber auch gro\u00dfartig als Geschenk zu geben, auf einen Geburtstag zum Beispiel. Die Espressotassen sind in Wirklichkeit noch sch\u00f6ner als auf dem Bild, erleben Sie es selbst!<\/span><\/p>\n<p>&nbsp;<\/p>\n<h3>Das ist die Anzahl der Tassen, die Sie geliefert bekommen<\/h3>\n<ul>\n<li>2x Black Stone Espressotassen (100 ml trinkbares Volumen)<\/li>\n<li>1x Terrafina Geschenkbox<\/li>\n<\/ul>\n<p>&nbsp;<\/p>\n<p><em><strong>Nachhaltig f\u00fcr Mensch und Umwelt:<\/strong><br \/>\nJedes Produkt ist ein Unikat, denn es wird in Handarbeit hergestellt.<br \/>\nDruck und Textur k\u00f6nnen daher leicht vom Produktfoto abweichen.<\/em><\/p>","protected":false},"excerpt":{"rendered":"<div class=\"usps\"><i class=\"far fa-check-circle\"><\/i> Mikrowellenfest<br \/>\n<i class=\"far fa-check-circle\"><\/i> Backofenfest (bis zu 200 Grad)<br \/>\n<i class=\"far fa-check-circle\"><\/i> Sp\u00fclmaschinentauglich<br \/>\n<i class=\"far fa-thumbs-up\"><\/i> Handgefertigt<\/div>","protected":false},"featured_media":6745,"template":"","meta":[],"product_brand":[],"product_cat":[307,132,119,384],"product_tag":[380,301,193,660,743,741,742,372,302,130,383,390,385,400],"class_list":{"0":"post-4229","1":"product","2":"type-product","3":"status-publish","4":"has-post-thumbnail","6":"product_cat-espresso-kopjes","7":"product_cat-kopjes-en-mokken","8":"product_cat-terrafina","9":"product_cat-zwart-servies-black-stone","10":"product_tag-black-stone","11":"product_tag-espresso","12":"product_tag-espresso-kopjes","13":"product_tag-espresso-kopjes-met-oor","14":"product_tag-espresso-kopjes-set","15":"product_tag-espresso-kopjes-zwart","16":"product_tag-espresso-mokken","17":"product_tag-kleine-kopjes","18":"product_tag-kopjes","19":"product_tag-mokken","20":"product_tag-zwart","21":"product_tag-zwart-keramiek","22":"product_tag-zwart-servies","23":"product_tag-zwarte-espresso-kopjes","24":"product_shipping_class-pakket","26":"first","27":"outofstock","28":"sale","29":"taxable","30":"shipping-taxable","31":"purchasable","32":"product-type-simple"},"yoast_head":"<!-- This site is optimized with the Yoast SEO plugin v27.4 - https:\/\/yoast.com\/product\/yoast-seo-wordpress\/ -->\n<title>Espresso Kopjes 100 ml Zwart Black Stone - 2-delig &#8226; UNRO<\/title>\n<meta name=\"description\" content=\"Ben jij gek op de kleur zwart en op espresso? Dan zijn de nieuwe en exclusieve Black Stone Espresso Kopjes Zwart helemaal jouw ding!\" \/>\n<meta name=\"robots\" content=\"index, follow, max-snippet:-1, max-image-preview:large, max-video-preview:-1\" \/>\n<link rel=\"canonical\" href=\"https:\/\/unrostore.com\/de-at\/shop\/terrafina\/schwarzes-geschirr-schwarzer-stein-2\/espressotassen-schwarzer-stein\/\" \/>\n<meta property=\"og:locale\" content=\"de_DE\" \/>\n<meta property=\"og:type\" content=\"article\" \/>\n<meta property=\"og:title\" content=\"Espresso Kopjes 100 ml Zwart Black Stone - 2-delig &#8226; UNRO\" \/>\n<meta property=\"og:description\" content=\"Ben jij gek op de kleur zwart en op espresso? Dan zijn de nieuwe en exclusieve Black Stone Espresso Kopjes Zwart helemaal jouw ding!\" \/>\n<meta property=\"og:url\" content=\"https:\/\/unrostore.com\/de-at\/shop\/terrafina\/schwarzes-geschirr-schwarzer-stein-2\/espressotassen-schwarzer-stein\/\" \/>\n<meta property=\"og:site_name\" content=\"UNRO\" \/>\n<meta property=\"article:modified_time\" content=\"2026-01-19T20:37:26+00:00\" \/>\n<meta property=\"og:image\" content=\"https:\/\/unrostore.com\/wp-content\/uploads\/2023\/05\/unro-zwarte-espresso-kopjes-set-van-2.webp\" \/>\n\t<meta property=\"og:image:width\" content=\"1000\" \/>\n\t<meta property=\"og:image:height\" content=\"1000\" \/>\n\t<meta property=\"og:image:type\" content=\"image\/webp\" \/>\n<meta name=\"twitter:card\" content=\"summary_large_image\" \/>\n<script type=\"application\/ld+json\" class=\"yoast-schema-graph\">{\"@context\":\"https:\\\/\\\/schema.org\",\"@graph\":[{\"@type\":\"WebPage\",\"@id\":\"https:\\\/\\\/unrostore.com\\\/shop\\\/terrafina\\\/zwart-servies-black-stone\\\/espresso-kopjes-zwart-black-stone\\\/\",\"url\":\"https:\\\/\\\/unrostore.com\\\/shop\\\/terrafina\\\/zwart-servies-black-stone\\\/espresso-kopjes-zwart-black-stone\\\/\",\"name\":\"Espresso Kopjes 100 ml Zwart Black Stone - 2-delig &#8226; UNRO\",\"isPartOf\":{\"@id\":\"https:\\\/\\\/unrostore.com\\\/#website\"},\"primaryImageOfPage\":{\"@id\":\"https:\\\/\\\/unrostore.com\\\/shop\\\/terrafina\\\/zwart-servies-black-stone\\\/espresso-kopjes-zwart-black-stone\\\/#primaryimage\"},\"image\":{\"@id\":\"https:\\\/\\\/unrostore.com\\\/shop\\\/terrafina\\\/zwart-servies-black-stone\\\/espresso-kopjes-zwart-black-stone\\\/#primaryimage\"},\"thumbnailUrl\":\"https:\\\/\\\/unrostore.com\\\/wp-content\\\/uploads\\\/2023\\\/05\\\/unro-zwarte-espresso-kopjes-set-van-2.webp\",\"datePublished\":\"2023-05-18T17:52:03+00:00\",\"dateModified\":\"2026-01-19T20:37:26+00:00\",\"description\":\"Ben jij gek op de kleur zwart en op espresso? Dan zijn de nieuwe en exclusieve Black Stone Espresso Kopjes Zwart helemaal jouw ding!\",\"breadcrumb\":{\"@id\":\"https:\\\/\\\/unrostore.com\\\/shop\\\/terrafina\\\/zwart-servies-black-stone\\\/espresso-kopjes-zwart-black-stone\\\/#breadcrumb\"},\"inLanguage\":\"de-AT\",\"potentialAction\":[{\"@type\":\"ReadAction\",\"target\":[\"https:\\\/\\\/unrostore.com\\\/shop\\\/terrafina\\\/zwart-servies-black-stone\\\/espresso-kopjes-zwart-black-stone\\\/\"]}]},{\"@type\":\"ImageObject\",\"inLanguage\":\"de-AT\",\"@id\":\"https:\\\/\\\/unrostore.com\\\/shop\\\/terrafina\\\/zwart-servies-black-stone\\\/espresso-kopjes-zwart-black-stone\\\/#primaryimage\",\"url\":\"https:\\\/\\\/unrostore.com\\\/wp-content\\\/uploads\\\/2023\\\/05\\\/unro-zwarte-espresso-kopjes-set-van-2.webp\",\"contentUrl\":\"https:\\\/\\\/unrostore.com\\\/wp-content\\\/uploads\\\/2023\\\/05\\\/unro-zwarte-espresso-kopjes-set-van-2.webp\",\"width\":1000,\"height\":1000,\"caption\":\"espresso kopjes zwart\"},{\"@type\":\"BreadcrumbList\",\"@id\":\"https:\\\/\\\/unrostore.com\\\/shop\\\/terrafina\\\/zwart-servies-black-stone\\\/espresso-kopjes-zwart-black-stone\\\/#breadcrumb\",\"itemListElement\":[{\"@type\":\"ListItem\",\"position\":1,\"name\":\"Home\",\"item\":\"https:\\\/\\\/unrostore.com\\\/\"},{\"@type\":\"ListItem\",\"position\":2,\"name\":\"Shop\",\"item\":\"https:\\\/\\\/unrostore.com\\\/shop\\\/\"},{\"@type\":\"ListItem\",\"position\":3,\"name\":\"Espresso Kopjes 100 ml Zwart Black Stone &#8211; 2-delig\"}]},{\"@type\":\"WebSite\",\"@id\":\"https:\\\/\\\/unrostore.com\\\/#website\",\"url\":\"https:\\\/\\\/unrostore.com\\\/\",\"name\":\"UNRO\",\"description\":\"Portugees servies waar je blij van wordt!\",\"publisher\":{\"@id\":\"https:\\\/\\\/unrostore.com\\\/#organization\"},\"potentialAction\":[{\"@type\":\"SearchAction\",\"target\":{\"@type\":\"EntryPoint\",\"urlTemplate\":\"https:\\\/\\\/unrostore.com\\\/?s={search_term_string}\"},\"query-input\":{\"@type\":\"PropertyValueSpecification\",\"valueRequired\":true,\"valueName\":\"search_term_string\"}}],\"inLanguage\":\"de-AT\"},{\"@type\":\"Organization\",\"@id\":\"https:\\\/\\\/unrostore.com\\\/#organization\",\"name\":\"UNRO\",\"url\":\"https:\\\/\\\/unrostore.com\\\/\",\"logo\":{\"@type\":\"ImageObject\",\"inLanguage\":\"de-AT\",\"@id\":\"https:\\\/\\\/unrostore.com\\\/#\\\/schema\\\/logo\\\/image\\\/\",\"url\":\"https:\\\/\\\/unrostore.com\\\/wp-content\\\/uploads\\\/2022\\\/05\\\/Logo-UNRO.png\",\"contentUrl\":\"https:\\\/\\\/unrostore.com\\\/wp-content\\\/uploads\\\/2022\\\/05\\\/Logo-UNRO.png\",\"width\":605,\"height\":179,\"caption\":\"UNRO\"},\"image\":{\"@id\":\"https:\\\/\\\/unrostore.com\\\/#\\\/schema\\\/logo\\\/image\\\/\"}}]}<\/script>\n<!-- \/ Yoast SEO plugin. -->","yoast_head_json":{"title":"Espressotassen 100 ml Schwarz Schwarzer Stein - 2-teilig - UNRO","description":"Sie lieben die Farbe Schwarz und Espresso? Dann sind die neuen und exklusiven Black Stone Espresso Cups Black genau das Richtige f\u00fcr Sie!","robots":{"index":"index","follow":"follow","max-snippet":"max-snippet:-1","max-image-preview":"max-image-preview:large","max-video-preview":"max-video-preview:-1"},"canonical":"https:\/\/unrostore.com\/de-at\/shop\/terrafina\/schwarzes-geschirr-schwarzer-stein-2\/espressotassen-schwarzer-stein\/","og_locale":"de_DE","og_type":"article","og_title":"Espresso Kopjes 100 ml Zwart Black Stone - 2-delig &#8226; UNRO","og_description":"Ben jij gek op de kleur zwart en op espresso? Dan zijn de nieuwe en exclusieve Black Stone Espresso Kopjes Zwart helemaal jouw ding!","og_url":"https:\/\/unrostore.com\/de-at\/shop\/terrafina\/schwarzes-geschirr-schwarzer-stein-2\/espressotassen-schwarzer-stein\/","og_site_name":"UNRO","article_modified_time":"2026-01-19T20:37:26+00:00","og_image":[{"width":1000,"height":1000,"url":"https:\/\/unrostore.com\/wp-content\/uploads\/2023\/05\/unro-zwarte-espresso-kopjes-set-van-2.webp","type":"image\/webp"}],"twitter_card":"summary_large_image","schema":{"@context":"https:\/\/schema.org","@graph":[{"@type":"WebPage","@id":"https:\/\/unrostore.com\/shop\/terrafina\/zwart-servies-black-stone\/espresso-kopjes-zwart-black-stone\/","url":"https:\/\/unrostore.com\/shop\/terrafina\/zwart-servies-black-stone\/espresso-kopjes-zwart-black-stone\/","name":"Espressotassen 100 ml Schwarz Schwarzer Stein - 2-teilig - UNRO","isPartOf":{"@id":"https:\/\/unrostore.com\/#website"},"primaryImageOfPage":{"@id":"https:\/\/unrostore.com\/shop\/terrafina\/zwart-servies-black-stone\/espresso-kopjes-zwart-black-stone\/#primaryimage"},"image":{"@id":"https:\/\/unrostore.com\/shop\/terrafina\/zwart-servies-black-stone\/espresso-kopjes-zwart-black-stone\/#primaryimage"},"thumbnailUrl":"https:\/\/unrostore.com\/wp-content\/uploads\/2023\/05\/unro-zwarte-espresso-kopjes-set-van-2.webp","datePublished":"2023-05-18T17:52:03+00:00","dateModified":"2026-01-19T20:37:26+00:00","description":"Sie lieben die Farbe Schwarz und Espresso? Dann sind die neuen und exklusiven Black Stone Espresso Cups Black genau das Richtige f\u00fcr Sie!","breadcrumb":{"@id":"https:\/\/unrostore.com\/shop\/terrafina\/zwart-servies-black-stone\/espresso-kopjes-zwart-black-stone\/#breadcrumb"},"inLanguage":"de-AT","potentialAction":[{"@type":"ReadAction","target":["https:\/\/unrostore.com\/shop\/terrafina\/zwart-servies-black-stone\/espresso-kopjes-zwart-black-stone\/"]}]},{"@type":"ImageObject","inLanguage":"de-AT","@id":"https:\/\/unrostore.com\/shop\/terrafina\/zwart-servies-black-stone\/espresso-kopjes-zwart-black-stone\/#primaryimage","url":"https:\/\/unrostore.com\/wp-content\/uploads\/2023\/05\/unro-zwarte-espresso-kopjes-set-van-2.webp","contentUrl":"https:\/\/unrostore.com\/wp-content\/uploads\/2023\/05\/unro-zwarte-espresso-kopjes-set-van-2.webp","width":1000,"height":1000,"caption":"espresso kopjes zwart"},{"@type":"BreadcrumbList","@id":"https:\/\/unrostore.com\/shop\/terrafina\/zwart-servies-black-stone\/espresso-kopjes-zwart-black-stone\/#breadcrumb","itemListElement":[{"@type":"ListItem","position":1,"name":"Home","item":"https:\/\/unrostore.com\/"},{"@type":"ListItem","position":2,"name":"Shop","item":"https:\/\/unrostore.com\/shop\/"},{"@type":"ListItem","position":3,"name":"Espresso Kopjes 100 ml Zwart Black Stone &#8211; 2-delig"}]},{"@type":"WebSite","@id":"https:\/\/unrostore.com\/#website","url":"https:\/\/unrostore.com\/","name":"UNRO","description":"Portugiesisches Geschirr, das Sie gl\u00fccklich machen wird!","publisher":{"@id":"https:\/\/unrostore.com\/#organization"},"potentialAction":[{"@type":"SearchAction","target":{"@type":"EntryPoint","urlTemplate":"https:\/\/unrostore.com\/?s={search_term_string}"},"query-input":{"@type":"PropertyValueSpecification","valueRequired":true,"valueName":"search_term_string"}}],"inLanguage":"de-AT"},{"@type":"Organization","@id":"https:\/\/unrostore.com\/#organization","name":"UNRO","url":"https:\/\/unrostore.com\/","logo":{"@type":"ImageObject","inLanguage":"de-AT","@id":"https:\/\/unrostore.com\/#\/schema\/logo\/image\/","url":"https:\/\/unrostore.com\/wp-content\/uploads\/2022\/05\/Logo-UNRO.png","contentUrl":"https:\/\/unrostore.com\/wp-content\/uploads\/2022\/05\/Logo-UNRO.png","width":605,"height":179,"caption":"UNRO"},"image":{"@id":"https:\/\/unrostore.com\/#\/schema\/logo\/image\/"}}]}},"_links":{"self":[{"href":"https:\/\/unrostore.com\/de-at\/wp-json\/wp\/v2\/product\/4229","targetHints":{"allow":["GET"]}}],"collection":[{"href":"https:\/\/unrostore.com\/de-at\/wp-json\/wp\/v2\/product"}],"about":[{"href":"https:\/\/unrostore.com\/de-at\/wp-json\/wp\/v2\/types\/product"}],"wp:featuredmedia":[{"embeddable":true,"href":"https:\/\/unrostore.com\/de-at\/wp-json\/wp\/v2\/media\/6745"}],"wp:attachment":[{"href":"https:\/\/unrostore.com\/de-at\/wp-json\/wp\/v2\/media?parent=4229"}],"wp:term":[{"taxonomy":"product_brand","embeddable":true,"href":"https:\/\/unrostore.com\/de-at\/wp-json\/wp\/v2\/product_brand?post=4229"},{"taxonomy":"product_cat","embeddable":true,"href":"https:\/\/unrostore.com\/de-at\/wp-json\/wp\/v2\/product_cat?post=4229"},{"taxonomy":"product_tag","embeddable":true,"href":"https:\/\/unrostore.com\/de-at\/wp-json\/wp\/v2\/product_tag?post=4229"}],"curies":[{"name":"wp","href":"https:\/\/api.w.org\/{rel}","templated":true}]}}