{"id":4193,"date":"2023-05-18T12:31:20","date_gmt":"2023-05-18T12:31:20","guid":{"rendered":"https:\/\/unrostore.com\/?post_type=product&#038;p=4193"},"modified":"2026-01-19T20:37:49","modified_gmt":"2026-01-19T20:37:49","slug":"eierbecher-schwarz-espressotassen-schwarzer-stein-6-stuck","status":"publish","type":"product","link":"https:\/\/unrostore.com\/de-at\/shop\/terrafina\/schwarzes-geschirr-schwarzer-stein-2\/eierbecher-schwarz-espressotassen-schwarzer-stein-6-stuck\/","title":{"rendered":"Eierbecher Schwarz Espressotassen Black Stone - 6 St\u00fcck"},"content":{"rendered":"<h3>Entdecken Sie die neue und stilvolle Eierbecher schwarz Espressotassen Black Stone - 6-teilig<\/h3>\n<p>Ganz neu in unserem Sortiment sind die exklusiven<strong>schwarze Espressotassen<\/strong> Black Stone Satz von 6 Espressotassen\/Eiertassen von portugiesischen Marke <a href=\"https:\/\/www.terrafinastore.com\/en\/collections\/coffee\">Terrafina<\/a>. Dieses Set von 6 Espressotassen ohne Ohr haben eine sch\u00f6ne schwarze Farbe mit subtilen matten Glanz und Textur. Dies macht die kleinen Tassen sehr stilvoll, schick, aber gleichzeitig robust und modern. Das schwarze Geschirr aus dem <a href=\"https:\/\/unrostore.com\/de-at\/produktkategorie-2\/terrafina\/schwarzes-geschirr-schwarzer-stein-2\/\">Geschirr-Kollektion Black Stone<\/a> ist eine echte Bereicherung f\u00fcr Ihr neu gebautes Haus, (renoviert) 1930er Haus mit Fischgr\u00e4tenboden, wei\u00df verputzten W\u00e4nden und schwarzen Akzenten. Die schwarzen Espressotassen machen auch ein sehr sch\u00f6nes Weihnachtsgeschenk, Weihnachtsgeschenk Mann, Geburtstagsgeschenk oder Weihnachtsgeschenk Frau. Au\u00dferdem sehen die schwarzen Espressotassen als schwarze Eierbecher auf dem Fr\u00fchst\u00fcckstisch sch\u00f6n aus. Entdecken Sie auch andere Produkte aus der Black Stone Geschirrkollektion, wie zum Beispiel die <a href=\"https:\/\/unrostore.com\/de-at\/shop\/terrafina\/schwarzes-geschirr-schwarzer-stein-2\/zwarte-espresso-kopjes-black-stone\/\">Espressotassen Schwarz 2er-Set<\/a> ob die <a href=\"https:\/\/unrostore.com\/de-at\/shop\/terrafina\/schwarzes-geschirr-schwarzer-stein-2\/zwarte-koffiemokken-black-stone\/\">Schwarze Cappuccinotassen im 2er-Set<\/a>.<\/p>\n<h3>Das ist die Anzahl der Tassen, die Sie geliefert bekommen<\/h3>\n<ul>\n<li>6x Espressotassen Black Stone (50 ml)<\/li>\n<li>1x Terrafina Geschenkbox<\/li>\n<\/ul>\n<p>&nbsp;<\/p>\n<p><em><strong>Nachhaltig f\u00fcr Mensch und Umwelt:<\/strong><br \/>\nJedes Produkt ist ein Unikat, denn es wird in Handarbeit hergestellt.<br \/>\nDruck und Textur k\u00f6nnen daher leicht vom Produktfoto abweichen.<\/em><\/p>","protected":false},"excerpt":{"rendered":"<div class=\"usps\"><i class=\"far fa-check-circle\"><\/i> Mikrowellenfest<br \/>\n<i class=\"far fa-check-circle\"><\/i> Backofenfest (bis zu 200 Grad)<br \/>\n<i class=\"far fa-check-circle\"><\/i> Sp\u00fclmaschinentauglich<br \/>\n<i class=\"far fa-thumbs-up\"><\/i> Handgefertigt<\/div>","protected":false},"featured_media":6740,"template":"","meta":[],"product_brand":[],"product_cat":[307,630,132,119,384],"product_tag":[381,380,724,619,301,371,193,726,727,725,372,302,382,383],"class_list":{"0":"post-4193","1":"product","2":"type-product","3":"status-publish","4":"has-post-thumbnail","6":"product_cat-espresso-kopjes","7":"product_cat-espresso-kopjes-zonder-oor","8":"product_cat-kopjes-en-mokken","9":"product_cat-terrafina","10":"product_cat-zwart-servies-black-stone","11":"product_tag-black","12":"product_tag-black-stone","13":"product_tag-eierderopjes-zwart","14":"product_tag-eierdopjes","15":"product_tag-espresso","16":"product_tag-espresso-kopje","17":"product_tag-espresso-kopjes","18":"product_tag-kerst-cadeau-man","19":"product_tag-kerst-cadeau-vrouw","20":"product_tag-kerstcadeau","21":"product_tag-kleine-kopjes","22":"product_tag-kopjes","23":"product_tag-stone","24":"product_tag-zwart","25":"product_shipping_class-pakket","27":"first","28":"outofstock","29":"sale","30":"taxable","31":"shipping-taxable","32":"purchasable","33":"product-type-simple"},"yoast_head":"<!-- This site is optimized with the Yoast SEO plugin v27.4 - https:\/\/yoast.com\/product\/yoast-seo-wordpress\/ -->\n<title>Eierdopjes Zwart Espressobekers 50 ml Black Stone - 6-delig &#8226; UNRO<\/title>\n<meta name=\"description\" content=\"De eierdopjes zwart espressobekers Black Stone set van 6 zijn erg stijlvol, modern en stoer. Mooi voor op de ontbijttafel in jouw hotel chique interieur!\" \/>\n<meta name=\"robots\" content=\"index, follow, max-snippet:-1, max-image-preview:large, max-video-preview:-1\" \/>\n<link rel=\"canonical\" href=\"https:\/\/unrostore.com\/de-at\/shop\/terrafina\/schwarzes-geschirr-schwarzer-stein-2\/eierbecher-schwarz-espressotassen-schwarzer-stein-6-stuck\/\" \/>\n<meta property=\"og:locale\" content=\"de_DE\" \/>\n<meta property=\"og:type\" content=\"article\" \/>\n<meta property=\"og:title\" content=\"Eierdopjes Zwart Espressobekers 50 ml Black Stone - 6-delig &#8226; UNRO\" \/>\n<meta property=\"og:description\" content=\"De eierdopjes zwart espressobekers Black Stone set van 6 zijn erg stijlvol, modern en stoer. Mooi voor op de ontbijttafel in jouw hotel chique interieur!\" \/>\n<meta property=\"og:url\" content=\"https:\/\/unrostore.com\/de-at\/shop\/terrafina\/schwarzes-geschirr-schwarzer-stein-2\/eierbecher-schwarz-espressotassen-schwarzer-stein-6-stuck\/\" \/>\n<meta property=\"og:site_name\" content=\"UNRO\" \/>\n<meta property=\"article:modified_time\" content=\"2026-01-19T20:37:49+00:00\" \/>\n<meta property=\"og:image\" content=\"https:\/\/unrostore.com\/wp-content\/uploads\/2023\/05\/unro-zwarte-espresso-kopjes-set-van-6.webp\" \/>\n\t<meta property=\"og:image:width\" content=\"1000\" \/>\n\t<meta property=\"og:image:height\" content=\"1000\" \/>\n\t<meta property=\"og:image:type\" content=\"image\/webp\" \/>\n<meta name=\"twitter:card\" content=\"summary_large_image\" \/>\n<script type=\"application\/ld+json\" class=\"yoast-schema-graph\">{\"@context\":\"https:\\\/\\\/schema.org\",\"@graph\":[{\"@type\":\"WebPage\",\"@id\":\"https:\\\/\\\/unrostore.com\\\/shop\\\/terrafina\\\/zwart-servies-black-stone\\\/eierdopjes-zwart-espressobekers-black-stone-6-delig\\\/\",\"url\":\"https:\\\/\\\/unrostore.com\\\/shop\\\/terrafina\\\/zwart-servies-black-stone\\\/eierdopjes-zwart-espressobekers-black-stone-6-delig\\\/\",\"name\":\"Eierdopjes Zwart Espressobekers 50 ml Black Stone - 6-delig &#8226; UNRO\",\"isPartOf\":{\"@id\":\"https:\\\/\\\/unrostore.com\\\/#website\"},\"primaryImageOfPage\":{\"@id\":\"https:\\\/\\\/unrostore.com\\\/shop\\\/terrafina\\\/zwart-servies-black-stone\\\/eierdopjes-zwart-espressobekers-black-stone-6-delig\\\/#primaryimage\"},\"image\":{\"@id\":\"https:\\\/\\\/unrostore.com\\\/shop\\\/terrafina\\\/zwart-servies-black-stone\\\/eierdopjes-zwart-espressobekers-black-stone-6-delig\\\/#primaryimage\"},\"thumbnailUrl\":\"https:\\\/\\\/unrostore.com\\\/wp-content\\\/uploads\\\/2023\\\/05\\\/unro-zwarte-espresso-kopjes-set-van-6.webp\",\"datePublished\":\"2023-05-18T12:31:20+00:00\",\"dateModified\":\"2026-01-19T20:37:49+00:00\",\"description\":\"De eierdopjes zwart espressobekers Black Stone set van 6 zijn erg stijlvol, modern en stoer. Mooi voor op de ontbijttafel in jouw hotel chique interieur!\",\"breadcrumb\":{\"@id\":\"https:\\\/\\\/unrostore.com\\\/shop\\\/terrafina\\\/zwart-servies-black-stone\\\/eierdopjes-zwart-espressobekers-black-stone-6-delig\\\/#breadcrumb\"},\"inLanguage\":\"de-AT\",\"potentialAction\":[{\"@type\":\"ReadAction\",\"target\":[\"https:\\\/\\\/unrostore.com\\\/shop\\\/terrafina\\\/zwart-servies-black-stone\\\/eierdopjes-zwart-espressobekers-black-stone-6-delig\\\/\"]}]},{\"@type\":\"ImageObject\",\"inLanguage\":\"de-AT\",\"@id\":\"https:\\\/\\\/unrostore.com\\\/shop\\\/terrafina\\\/zwart-servies-black-stone\\\/eierdopjes-zwart-espressobekers-black-stone-6-delig\\\/#primaryimage\",\"url\":\"https:\\\/\\\/unrostore.com\\\/wp-content\\\/uploads\\\/2023\\\/05\\\/unro-zwarte-espresso-kopjes-set-van-6.webp\",\"contentUrl\":\"https:\\\/\\\/unrostore.com\\\/wp-content\\\/uploads\\\/2023\\\/05\\\/unro-zwarte-espresso-kopjes-set-van-6.webp\",\"width\":1000,\"height\":1000,\"caption\":\"eierdopjes zwart espressokopjes set van 6\"},{\"@type\":\"BreadcrumbList\",\"@id\":\"https:\\\/\\\/unrostore.com\\\/shop\\\/terrafina\\\/zwart-servies-black-stone\\\/eierdopjes-zwart-espressobekers-black-stone-6-delig\\\/#breadcrumb\",\"itemListElement\":[{\"@type\":\"ListItem\",\"position\":1,\"name\":\"Home\",\"item\":\"https:\\\/\\\/unrostore.com\\\/\"},{\"@type\":\"ListItem\",\"position\":2,\"name\":\"Shop\",\"item\":\"https:\\\/\\\/unrostore.com\\\/shop\\\/\"},{\"@type\":\"ListItem\",\"position\":3,\"name\":\"Eierdopjes Zwart Espressobekers 50 ml Black Stone &#8211; 6-delig\"}]},{\"@type\":\"WebSite\",\"@id\":\"https:\\\/\\\/unrostore.com\\\/#website\",\"url\":\"https:\\\/\\\/unrostore.com\\\/\",\"name\":\"UNRO\",\"description\":\"Portugees servies waar je blij van wordt!\",\"publisher\":{\"@id\":\"https:\\\/\\\/unrostore.com\\\/#organization\"},\"potentialAction\":[{\"@type\":\"SearchAction\",\"target\":{\"@type\":\"EntryPoint\",\"urlTemplate\":\"https:\\\/\\\/unrostore.com\\\/?s={search_term_string}\"},\"query-input\":{\"@type\":\"PropertyValueSpecification\",\"valueRequired\":true,\"valueName\":\"search_term_string\"}}],\"inLanguage\":\"de-AT\"},{\"@type\":\"Organization\",\"@id\":\"https:\\\/\\\/unrostore.com\\\/#organization\",\"name\":\"UNRO\",\"url\":\"https:\\\/\\\/unrostore.com\\\/\",\"logo\":{\"@type\":\"ImageObject\",\"inLanguage\":\"de-AT\",\"@id\":\"https:\\\/\\\/unrostore.com\\\/#\\\/schema\\\/logo\\\/image\\\/\",\"url\":\"https:\\\/\\\/unrostore.com\\\/wp-content\\\/uploads\\\/2022\\\/05\\\/Logo-UNRO.png\",\"contentUrl\":\"https:\\\/\\\/unrostore.com\\\/wp-content\\\/uploads\\\/2022\\\/05\\\/Logo-UNRO.png\",\"width\":605,\"height\":179,\"caption\":\"UNRO\"},\"image\":{\"@id\":\"https:\\\/\\\/unrostore.com\\\/#\\\/schema\\\/logo\\\/image\\\/\"}}]}<\/script>\n<!-- \/ Yoast SEO plugin. -->","yoast_head_json":{"title":"Eierbecher Schwarz Espressotassen Schwarzer Stein - 6-teilig - UNRO","description":"Die Eierbecher schwarz Espressotassen Black Stone Satz von 6 sind sehr stilvoll, modern und robust. Sch\u00f6n f\u00fcr den Fr\u00fchst\u00fcckstisch in Ihrem Hotel chic Interieur!","robots":{"index":"index","follow":"follow","max-snippet":"max-snippet:-1","max-image-preview":"max-image-preview:large","max-video-preview":"max-video-preview:-1"},"canonical":"https:\/\/unrostore.com\/de-at\/shop\/terrafina\/schwarzes-geschirr-schwarzer-stein-2\/eierbecher-schwarz-espressotassen-schwarzer-stein-6-stuck\/","og_locale":"de_DE","og_type":"article","og_title":"Eierdopjes Zwart Espressobekers 50 ml Black Stone - 6-delig &#8226; UNRO","og_description":"De eierdopjes zwart espressobekers Black Stone set van 6 zijn erg stijlvol, modern en stoer. Mooi voor op de ontbijttafel in jouw hotel chique interieur!","og_url":"https:\/\/unrostore.com\/de-at\/shop\/terrafina\/schwarzes-geschirr-schwarzer-stein-2\/eierbecher-schwarz-espressotassen-schwarzer-stein-6-stuck\/","og_site_name":"UNRO","article_modified_time":"2026-01-19T20:37:49+00:00","og_image":[{"width":1000,"height":1000,"url":"https:\/\/unrostore.com\/wp-content\/uploads\/2023\/05\/unro-zwarte-espresso-kopjes-set-van-6.webp","type":"image\/webp"}],"twitter_card":"summary_large_image","schema":{"@context":"https:\/\/schema.org","@graph":[{"@type":"WebPage","@id":"https:\/\/unrostore.com\/shop\/terrafina\/zwart-servies-black-stone\/eierdopjes-zwart-espressobekers-black-stone-6-delig\/","url":"https:\/\/unrostore.com\/shop\/terrafina\/zwart-servies-black-stone\/eierdopjes-zwart-espressobekers-black-stone-6-delig\/","name":"Eierbecher Schwarz Espressotassen Schwarzer Stein - 6-teilig - UNRO","isPartOf":{"@id":"https:\/\/unrostore.com\/#website"},"primaryImageOfPage":{"@id":"https:\/\/unrostore.com\/shop\/terrafina\/zwart-servies-black-stone\/eierdopjes-zwart-espressobekers-black-stone-6-delig\/#primaryimage"},"image":{"@id":"https:\/\/unrostore.com\/shop\/terrafina\/zwart-servies-black-stone\/eierdopjes-zwart-espressobekers-black-stone-6-delig\/#primaryimage"},"thumbnailUrl":"https:\/\/unrostore.com\/wp-content\/uploads\/2023\/05\/unro-zwarte-espresso-kopjes-set-van-6.webp","datePublished":"2023-05-18T12:31:20+00:00","dateModified":"2026-01-19T20:37:49+00:00","description":"Die Eierbecher schwarz Espressotassen Black Stone Satz von 6 sind sehr stilvoll, modern und robust. Sch\u00f6n f\u00fcr den Fr\u00fchst\u00fcckstisch in Ihrem Hotel chic Interieur!","breadcrumb":{"@id":"https:\/\/unrostore.com\/shop\/terrafina\/zwart-servies-black-stone\/eierdopjes-zwart-espressobekers-black-stone-6-delig\/#breadcrumb"},"inLanguage":"de-AT","potentialAction":[{"@type":"ReadAction","target":["https:\/\/unrostore.com\/shop\/terrafina\/zwart-servies-black-stone\/eierdopjes-zwart-espressobekers-black-stone-6-delig\/"]}]},{"@type":"ImageObject","inLanguage":"de-AT","@id":"https:\/\/unrostore.com\/shop\/terrafina\/zwart-servies-black-stone\/eierdopjes-zwart-espressobekers-black-stone-6-delig\/#primaryimage","url":"https:\/\/unrostore.com\/wp-content\/uploads\/2023\/05\/unro-zwarte-espresso-kopjes-set-van-6.webp","contentUrl":"https:\/\/unrostore.com\/wp-content\/uploads\/2023\/05\/unro-zwarte-espresso-kopjes-set-van-6.webp","width":1000,"height":1000,"caption":"eierdopjes zwart espressokopjes set van 6"},{"@type":"BreadcrumbList","@id":"https:\/\/unrostore.com\/shop\/terrafina\/zwart-servies-black-stone\/eierdopjes-zwart-espressobekers-black-stone-6-delig\/#breadcrumb","itemListElement":[{"@type":"ListItem","position":1,"name":"Home","item":"https:\/\/unrostore.com\/"},{"@type":"ListItem","position":2,"name":"Shop","item":"https:\/\/unrostore.com\/shop\/"},{"@type":"ListItem","position":3,"name":"Eierdopjes Zwart Espressobekers 50 ml Black Stone &#8211; 6-delig"}]},{"@type":"WebSite","@id":"https:\/\/unrostore.com\/#website","url":"https:\/\/unrostore.com\/","name":"UNRO","description":"Portugiesisches Geschirr, das Sie gl\u00fccklich machen wird!","publisher":{"@id":"https:\/\/unrostore.com\/#organization"},"potentialAction":[{"@type":"SearchAction","target":{"@type":"EntryPoint","urlTemplate":"https:\/\/unrostore.com\/?s={search_term_string}"},"query-input":{"@type":"PropertyValueSpecification","valueRequired":true,"valueName":"search_term_string"}}],"inLanguage":"de-AT"},{"@type":"Organization","@id":"https:\/\/unrostore.com\/#organization","name":"UNRO","url":"https:\/\/unrostore.com\/","logo":{"@type":"ImageObject","inLanguage":"de-AT","@id":"https:\/\/unrostore.com\/#\/schema\/logo\/image\/","url":"https:\/\/unrostore.com\/wp-content\/uploads\/2022\/05\/Logo-UNRO.png","contentUrl":"https:\/\/unrostore.com\/wp-content\/uploads\/2022\/05\/Logo-UNRO.png","width":605,"height":179,"caption":"UNRO"},"image":{"@id":"https:\/\/unrostore.com\/#\/schema\/logo\/image\/"}}]}},"_links":{"self":[{"href":"https:\/\/unrostore.com\/de-at\/wp-json\/wp\/v2\/product\/4193","targetHints":{"allow":["GET"]}}],"collection":[{"href":"https:\/\/unrostore.com\/de-at\/wp-json\/wp\/v2\/product"}],"about":[{"href":"https:\/\/unrostore.com\/de-at\/wp-json\/wp\/v2\/types\/product"}],"wp:featuredmedia":[{"embeddable":true,"href":"https:\/\/unrostore.com\/de-at\/wp-json\/wp\/v2\/media\/6740"}],"wp:attachment":[{"href":"https:\/\/unrostore.com\/de-at\/wp-json\/wp\/v2\/media?parent=4193"}],"wp:term":[{"taxonomy":"product_brand","embeddable":true,"href":"https:\/\/unrostore.com\/de-at\/wp-json\/wp\/v2\/product_brand?post=4193"},{"taxonomy":"product_cat","embeddable":true,"href":"https:\/\/unrostore.com\/de-at\/wp-json\/wp\/v2\/product_cat?post=4193"},{"taxonomy":"product_tag","embeddable":true,"href":"https:\/\/unrostore.com\/de-at\/wp-json\/wp\/v2\/product_tag?post=4193"}],"curies":[{"name":"wp","href":"https:\/\/api.w.org\/{rel}","templated":true}]}}