{"id":4177,"date":"2023-05-17T19:55:27","date_gmt":"2023-05-17T19:55:27","guid":{"rendered":"https:\/\/unrostore.com\/?post_type=product&#038;p=4177"},"modified":"2026-02-26T12:04:38","modified_gmt":"2026-02-26T12:04:38","slug":"eierbecher-grun-espressotassen-amazonia-grun-6-stuck","status":"publish","type":"product","link":"https:\/\/unrostore.com\/de-at\/shop\/terrafina\/amazonia-grun\/eierbecher-grun-espressotassen-amazonia-grun-6-stuck\/","title":{"rendered":"Eierbecher Gr\u00fcn Espressotassen Amazonia Green - 6-teilig"},"content":{"rendered":"<h3>Beginnen Sie Ihren Tag voller Energie mit den Eierbecher gr\u00fcne Espresso Cups Amazonia Green<\/h3>\n<p>Dieser Satz von 6<strong> Eierbecher gr\u00fcn Espressotassen Amazonia Green<\/strong> sind von der portugiesischen Marke <a href=\"https:\/\/www.terrafinastore.com\/en\/collections\/coffee\">Terrafina<\/a> und haben eine sch\u00f6ne gr\u00fcne Farbe. Diese 6 handgefertigten Eierbecher und Espressotassen ohne Ohr aus Keramik sind eine Augenweide und auch einfach zu benutzen. Genie\u00dfen Sie Ihren Espresso zu jeder Tageszeit, w\u00e4hrend Ihrer Kaffeezeit, Kaffee und Kuchen oder High Tea mit den Amazonia Green Espressotassen gr\u00fcn. Dar\u00fcber hinaus sind die Espressotassen auch als Eierbecher praktisch und sehen auf dem Fr\u00fchst\u00fcckstisch und in der Espressobar toll aus. Die Espressotassen sind auch ein tolles Geschenk f\u00fcr Geburtstage, Vatertag, Umzug, Einweihungsparty oder Abschlussfeier.<\/p>\n<p>Bevorzugen Sie eine (Espresso-)Tasse mit einem Henkel? Dann schauen Sie sich unser <a href=\"https:\/\/unrostore.com\/de-at\/shop\/terrafina\/amazonia-grun\/amazonia-green-espresso-kopjes-2-delig\/\">Amazonia Green Espresso Kopjes \u2013 2-delig<\/a> ob die <a href=\"https:\/\/unrostore.com\/de-at\/shop\/terrafina\/amazonia-grun\/amazonia-green-cappuccino-mokken-2-delig\/\">Amazonia Green Cappuccinotassen<\/a>. Wir haben f\u00fcr jeden Kaffee- und Teemoment die richtige Tasse.<\/p>\n<h3>Dies ist die Anzahl der Eierbecher\/Espressotassen, die Sie erhalten<\/h3>\n<ul>\n<li>6x Amazonia Green Espressotassen (50 ml)<\/li>\n<li>1x Terrafina-Geschenkbox<\/li>\n<\/ul>\n<p>\u00a0<\/p>\n<p><em><strong>Duurzaam voor mens & milieu:<\/strong><br \/>\nJedes Produkt ist ein Unikat, denn es wird in Handarbeit hergestellt.<br \/>\nDruck und Textur k\u00f6nnen daher leicht vom Produktfoto abweichen.<\/em><\/p>","protected":false},"excerpt":{"rendered":"<div class=\"usps\"><i class=\"far fa-check-circle\"><\/i> Mikrowellenfest<br \/>\n<i class=\"far fa-check-circle\"><\/i> Backofenfest (bis zu 200 Grad)<br \/>\n<i class=\"far fa-check-circle\"><\/i> Sp\u00fclmaschinentauglich<br \/>\n<i class=\"far fa-thumbs-up\"><\/i> Handgefertigt<\/div>","protected":false},"featured_media":6739,"template":"","meta":[],"product_brand":[],"product_cat":[869,307,630,170,132,119],"product_tag":[173,619,717,301,371,193,716,171,665,689,372,690,718],"class_list":{"0":"post-4177","1":"product","2":"type-product","3":"status-publish","4":"has-post-thumbnail","6":"product_cat-unro-cadeautips","7":"product_cat-espresso-kopjes","8":"product_cat-espresso-kopjes-zonder-oor","9":"product_cat-amazonia-green","10":"product_cat-kopjes-en-mokken","11":"product_cat-terrafina","12":"product_tag-amazonia-green","13":"product_tag-eierdopjes","14":"product_tag-eierdopjes-groen","15":"product_tag-espresso","16":"product_tag-espresso-kopje","17":"product_tag-espresso-kopjes","18":"product_tag-espressokopjes-groen","19":"product_tag-groen","20":"product_tag-groene-espresso-kopjes","21":"product_tag-high-tea","22":"product_tag-kleine-kopjes","23":"product_tag-koffietijd","24":"product_tag-ontbijttafel","25":"product_shipping_class-pakket","27":"first","28":"instock","29":"sale","30":"taxable","31":"shipping-taxable","32":"purchasable","33":"product-type-simple"},"yoast_head":"<!-- This site is optimized with the Yoast SEO plugin v27.5 - https:\/\/yoast.com\/product\/yoast-seo-wordpress\/ -->\n<title>Eierdopjes Groen Espressobekers 50 ml Amazonia Green - 6-delig &#8226; UNRO<\/title>\n<meta name=\"description\" content=\"Geniet van jouw espresso op elk moment van de dag met deze handgemaakte Portugese Eierdopjes Groen Espressobekers Amazonia Green set van 6 van keramiek.\" \/>\n<meta name=\"robots\" content=\"index, follow, max-snippet:-1, max-image-preview:large, max-video-preview:-1\" \/>\n<link rel=\"canonical\" href=\"https:\/\/unrostore.com\/de-at\/shop\/terrafina\/amazonia-grun\/eierbecher-grun-espressotassen-amazonia-grun-6-stuck\/\" \/>\n<meta property=\"og:locale\" content=\"de_DE\" \/>\n<meta property=\"og:type\" content=\"article\" \/>\n<meta property=\"og:title\" content=\"Eierdopjes Groen Espressobekers 50 ml Amazonia Green - 6-delig &#8226; UNRO\" \/>\n<meta property=\"og:description\" content=\"Geniet van jouw espresso op elk moment van de dag met deze handgemaakte Portugese Eierdopjes Groen Espressobekers Amazonia Green set van 6 van keramiek.\" \/>\n<meta property=\"og:url\" content=\"https:\/\/unrostore.com\/de-at\/shop\/terrafina\/amazonia-grun\/eierbecher-grun-espressotassen-amazonia-grun-6-stuck\/\" \/>\n<meta property=\"og:site_name\" content=\"UNRO\" \/>\n<meta property=\"article:modified_time\" content=\"2026-02-26T12:04:38+00:00\" \/>\n<meta property=\"og:image\" content=\"https:\/\/unrostore.com\/wp-content\/uploads\/2023\/05\/unro-groene-espresso-kopjes-set-van-6.webp\" \/>\n\t<meta property=\"og:image:width\" content=\"1000\" \/>\n\t<meta property=\"og:image:height\" content=\"1000\" \/>\n\t<meta property=\"og:image:type\" content=\"image\/webp\" \/>\n<meta name=\"twitter:card\" content=\"summary_large_image\" \/>\n<script type=\"application\/ld+json\" class=\"yoast-schema-graph\">{\"@context\":\"https:\\\/\\\/schema.org\",\"@graph\":[{\"@type\":\"WebPage\",\"@id\":\"https:\\\/\\\/unrostore.com\\\/shop\\\/terrafina\\\/amazonia-green\\\/eierdopjes-groen-espressobekers-amazonia-green-6-delig\\\/\",\"url\":\"https:\\\/\\\/unrostore.com\\\/shop\\\/terrafina\\\/amazonia-green\\\/eierdopjes-groen-espressobekers-amazonia-green-6-delig\\\/\",\"name\":\"Eierdopjes Groen Espressobekers 50 ml Amazonia Green - 6-delig &#8226; UNRO\",\"isPartOf\":{\"@id\":\"https:\\\/\\\/unrostore.com\\\/#website\"},\"primaryImageOfPage\":{\"@id\":\"https:\\\/\\\/unrostore.com\\\/shop\\\/terrafina\\\/amazonia-green\\\/eierdopjes-groen-espressobekers-amazonia-green-6-delig\\\/#primaryimage\"},\"image\":{\"@id\":\"https:\\\/\\\/unrostore.com\\\/shop\\\/terrafina\\\/amazonia-green\\\/eierdopjes-groen-espressobekers-amazonia-green-6-delig\\\/#primaryimage\"},\"thumbnailUrl\":\"https:\\\/\\\/unrostore.com\\\/wp-content\\\/uploads\\\/2023\\\/05\\\/unro-groene-espresso-kopjes-set-van-6.webp\",\"datePublished\":\"2023-05-17T19:55:27+00:00\",\"dateModified\":\"2026-02-26T12:04:38+00:00\",\"description\":\"Geniet van jouw espresso op elk moment van de dag met deze handgemaakte Portugese Eierdopjes Groen Espressobekers Amazonia Green set van 6 van keramiek.\",\"breadcrumb\":{\"@id\":\"https:\\\/\\\/unrostore.com\\\/shop\\\/terrafina\\\/amazonia-green\\\/eierdopjes-groen-espressobekers-amazonia-green-6-delig\\\/#breadcrumb\"},\"inLanguage\":\"de-AT\",\"potentialAction\":[{\"@type\":\"ReadAction\",\"target\":[\"https:\\\/\\\/unrostore.com\\\/shop\\\/terrafina\\\/amazonia-green\\\/eierdopjes-groen-espressobekers-amazonia-green-6-delig\\\/\"]}]},{\"@type\":\"ImageObject\",\"inLanguage\":\"de-AT\",\"@id\":\"https:\\\/\\\/unrostore.com\\\/shop\\\/terrafina\\\/amazonia-green\\\/eierdopjes-groen-espressobekers-amazonia-green-6-delig\\\/#primaryimage\",\"url\":\"https:\\\/\\\/unrostore.com\\\/wp-content\\\/uploads\\\/2023\\\/05\\\/unro-groene-espresso-kopjes-set-van-6.webp\",\"contentUrl\":\"https:\\\/\\\/unrostore.com\\\/wp-content\\\/uploads\\\/2023\\\/05\\\/unro-groene-espresso-kopjes-set-van-6.webp\",\"width\":1000,\"height\":1000,\"caption\":\"eierdopjes groen espressokopjes\"},{\"@type\":\"BreadcrumbList\",\"@id\":\"https:\\\/\\\/unrostore.com\\\/shop\\\/terrafina\\\/amazonia-green\\\/eierdopjes-groen-espressobekers-amazonia-green-6-delig\\\/#breadcrumb\",\"itemListElement\":[{\"@type\":\"ListItem\",\"position\":1,\"name\":\"Home\",\"item\":\"https:\\\/\\\/unrostore.com\\\/\"},{\"@type\":\"ListItem\",\"position\":2,\"name\":\"Shop\",\"item\":\"https:\\\/\\\/unrostore.com\\\/shop\\\/\"},{\"@type\":\"ListItem\",\"position\":3,\"name\":\"Eierdopjes Groen Espressobekers 50 ml Amazonia Green &#8211; 6-delig\"}]},{\"@type\":\"WebSite\",\"@id\":\"https:\\\/\\\/unrostore.com\\\/#website\",\"url\":\"https:\\\/\\\/unrostore.com\\\/\",\"name\":\"UNRO\",\"description\":\"Portugees servies waar je blij van wordt!\",\"publisher\":{\"@id\":\"https:\\\/\\\/unrostore.com\\\/#organization\"},\"potentialAction\":[{\"@type\":\"SearchAction\",\"target\":{\"@type\":\"EntryPoint\",\"urlTemplate\":\"https:\\\/\\\/unrostore.com\\\/?s={search_term_string}\"},\"query-input\":{\"@type\":\"PropertyValueSpecification\",\"valueRequired\":true,\"valueName\":\"search_term_string\"}}],\"inLanguage\":\"de-AT\"},{\"@type\":\"Organization\",\"@id\":\"https:\\\/\\\/unrostore.com\\\/#organization\",\"name\":\"UNRO\",\"url\":\"https:\\\/\\\/unrostore.com\\\/\",\"logo\":{\"@type\":\"ImageObject\",\"inLanguage\":\"de-AT\",\"@id\":\"https:\\\/\\\/unrostore.com\\\/#\\\/schema\\\/logo\\\/image\\\/\",\"url\":\"https:\\\/\\\/unrostore.com\\\/wp-content\\\/uploads\\\/2022\\\/05\\\/Logo-UNRO.png\",\"contentUrl\":\"https:\\\/\\\/unrostore.com\\\/wp-content\\\/uploads\\\/2022\\\/05\\\/Logo-UNRO.png\",\"width\":605,\"height\":179,\"caption\":\"UNRO\"},\"image\":{\"@id\":\"https:\\\/\\\/unrostore.com\\\/#\\\/schema\\\/logo\\\/image\\\/\"}}]}<\/script>\n<!-- \/ Yoast SEO plugin. -->","yoast_head_json":{"title":"Eierbecher Gr\u00fcn Espressotassen Amazonia Gr\u00fcn - 6-teilig - UNRO","description":"Genie\u00dfen Sie Ihren Espresso zu jeder Tageszeit mit diesen handgefertigten portugiesischen Eierbechern Green Espresso Cups Amazonia Green, einem 6er-Set aus Keramik.","robots":{"index":"index","follow":"follow","max-snippet":"max-snippet:-1","max-image-preview":"max-image-preview:large","max-video-preview":"max-video-preview:-1"},"canonical":"https:\/\/unrostore.com\/de-at\/shop\/terrafina\/amazonia-grun\/eierbecher-grun-espressotassen-amazonia-grun-6-stuck\/","og_locale":"de_DE","og_type":"article","og_title":"Eierdopjes Groen Espressobekers 50 ml Amazonia Green - 6-delig &#8226; UNRO","og_description":"Geniet van jouw espresso op elk moment van de dag met deze handgemaakte Portugese Eierdopjes Groen Espressobekers Amazonia Green set van 6 van keramiek.","og_url":"https:\/\/unrostore.com\/de-at\/shop\/terrafina\/amazonia-grun\/eierbecher-grun-espressotassen-amazonia-grun-6-stuck\/","og_site_name":"UNRO","article_modified_time":"2026-02-26T12:04:38+00:00","og_image":[{"width":1000,"height":1000,"url":"https:\/\/unrostore.com\/wp-content\/uploads\/2023\/05\/unro-groene-espresso-kopjes-set-van-6.webp","type":"image\/webp"}],"twitter_card":"summary_large_image","schema":{"@context":"https:\/\/schema.org","@graph":[{"@type":"WebPage","@id":"https:\/\/unrostore.com\/shop\/terrafina\/amazonia-green\/eierdopjes-groen-espressobekers-amazonia-green-6-delig\/","url":"https:\/\/unrostore.com\/shop\/terrafina\/amazonia-green\/eierdopjes-groen-espressobekers-amazonia-green-6-delig\/","name":"Eierbecher Gr\u00fcn Espressotassen Amazonia Gr\u00fcn - 6-teilig - UNRO","isPartOf":{"@id":"https:\/\/unrostore.com\/#website"},"primaryImageOfPage":{"@id":"https:\/\/unrostore.com\/shop\/terrafina\/amazonia-green\/eierdopjes-groen-espressobekers-amazonia-green-6-delig\/#primaryimage"},"image":{"@id":"https:\/\/unrostore.com\/shop\/terrafina\/amazonia-green\/eierdopjes-groen-espressobekers-amazonia-green-6-delig\/#primaryimage"},"thumbnailUrl":"https:\/\/unrostore.com\/wp-content\/uploads\/2023\/05\/unro-groene-espresso-kopjes-set-van-6.webp","datePublished":"2023-05-17T19:55:27+00:00","dateModified":"2026-02-26T12:04:38+00:00","description":"Genie\u00dfen Sie Ihren Espresso zu jeder Tageszeit mit diesen handgefertigten portugiesischen Eierbechern Green Espresso Cups Amazonia Green, einem 6er-Set aus Keramik.","breadcrumb":{"@id":"https:\/\/unrostore.com\/shop\/terrafina\/amazonia-green\/eierdopjes-groen-espressobekers-amazonia-green-6-delig\/#breadcrumb"},"inLanguage":"de-AT","potentialAction":[{"@type":"ReadAction","target":["https:\/\/unrostore.com\/shop\/terrafina\/amazonia-green\/eierdopjes-groen-espressobekers-amazonia-green-6-delig\/"]}]},{"@type":"ImageObject","inLanguage":"de-AT","@id":"https:\/\/unrostore.com\/shop\/terrafina\/amazonia-green\/eierdopjes-groen-espressobekers-amazonia-green-6-delig\/#primaryimage","url":"https:\/\/unrostore.com\/wp-content\/uploads\/2023\/05\/unro-groene-espresso-kopjes-set-van-6.webp","contentUrl":"https:\/\/unrostore.com\/wp-content\/uploads\/2023\/05\/unro-groene-espresso-kopjes-set-van-6.webp","width":1000,"height":1000,"caption":"eierdopjes groen espressokopjes"},{"@type":"BreadcrumbList","@id":"https:\/\/unrostore.com\/shop\/terrafina\/amazonia-green\/eierdopjes-groen-espressobekers-amazonia-green-6-delig\/#breadcrumb","itemListElement":[{"@type":"ListItem","position":1,"name":"Home","item":"https:\/\/unrostore.com\/"},{"@type":"ListItem","position":2,"name":"Shop","item":"https:\/\/unrostore.com\/shop\/"},{"@type":"ListItem","position":3,"name":"Eierdopjes Groen Espressobekers 50 ml Amazonia Green &#8211; 6-delig"}]},{"@type":"WebSite","@id":"https:\/\/unrostore.com\/#website","url":"https:\/\/unrostore.com\/","name":"UNRO","description":"Portugiesisches Geschirr, das Sie gl\u00fccklich machen wird!","publisher":{"@id":"https:\/\/unrostore.com\/#organization"},"potentialAction":[{"@type":"SearchAction","target":{"@type":"EntryPoint","urlTemplate":"https:\/\/unrostore.com\/?s={search_term_string}"},"query-input":{"@type":"PropertyValueSpecification","valueRequired":true,"valueName":"search_term_string"}}],"inLanguage":"de-AT"},{"@type":"Organization","@id":"https:\/\/unrostore.com\/#organization","name":"UNRO","url":"https:\/\/unrostore.com\/","logo":{"@type":"ImageObject","inLanguage":"de-AT","@id":"https:\/\/unrostore.com\/#\/schema\/logo\/image\/","url":"https:\/\/unrostore.com\/wp-content\/uploads\/2022\/05\/Logo-UNRO.png","contentUrl":"https:\/\/unrostore.com\/wp-content\/uploads\/2022\/05\/Logo-UNRO.png","width":605,"height":179,"caption":"UNRO"},"image":{"@id":"https:\/\/unrostore.com\/#\/schema\/logo\/image\/"}}]}},"_links":{"self":[{"href":"https:\/\/unrostore.com\/de-at\/wp-json\/wp\/v2\/product\/4177","targetHints":{"allow":["GET"]}}],"collection":[{"href":"https:\/\/unrostore.com\/de-at\/wp-json\/wp\/v2\/product"}],"about":[{"href":"https:\/\/unrostore.com\/de-at\/wp-json\/wp\/v2\/types\/product"}],"wp:featuredmedia":[{"embeddable":true,"href":"https:\/\/unrostore.com\/de-at\/wp-json\/wp\/v2\/media\/6739"}],"wp:attachment":[{"href":"https:\/\/unrostore.com\/de-at\/wp-json\/wp\/v2\/media?parent=4177"}],"wp:term":[{"taxonomy":"product_brand","embeddable":true,"href":"https:\/\/unrostore.com\/de-at\/wp-json\/wp\/v2\/product_brand?post=4177"},{"taxonomy":"product_cat","embeddable":true,"href":"https:\/\/unrostore.com\/de-at\/wp-json\/wp\/v2\/product_cat?post=4177"},{"taxonomy":"product_tag","embeddable":true,"href":"https:\/\/unrostore.com\/de-at\/wp-json\/wp\/v2\/product_tag?post=4177"}],"curies":[{"name":"wp","href":"https:\/\/api.w.org\/{rel}","templated":true}]}}