{"id":3809,"date":"2023-03-30T19:44:34","date_gmt":"2023-03-30T19:44:34","guid":{"rendered":"https:\/\/unrostore.com\/?post_type=product&#038;p=3809"},"modified":"2026-03-04T07:40:33","modified_gmt":"2026-03-04T07:40:33","slug":"fruhstucksteller-grun-amazonia-grun-4-stuck","status":"publish","type":"product","link":"https:\/\/unrostore.com\/de-at\/shop\/terrafina\/amazonia-grun\/fruhstucksteller-grun-amazonia-grun-4-stuck\/","title":{"rendered":"Fr\u00fchst\u00fccksteller Gr\u00fcn Amazonia Green - 4-tlg."},"content":{"rendered":"<h3>Shop de prachtige Ontbijtborden Groen Amazonia Green \u2013 4-delig van Terrafina<\/h3>\n<p>Diese<strong> Fr\u00fchst\u00fccksteller Gr\u00fcn Amazonien Green<\/strong>\u00a04er-Satz aus <a href=\"https:\/\/www.terrafinastore.com\/en\/collections\/sail\">Terrafina<\/a> sind wirklich sch\u00f6n und auch einfach zu benutzen. Die Teller sind mikrowellen-, sp\u00fclmaschinen- und backofengeeignet (bis zu 200 Grad) und werden in Portugal aus hochwertiger Keramik handgefertigt. Benutzen Sie die Teller zum Fr\u00fchst\u00fcck, zum Tee oder zur Kaffeezeit und stellen Sie sie in die Sp\u00fclmaschine, um das Tellerset zum Mittag- oder Abendessen wieder zu verwenden! Auch wenn Sie eine Mahlzeit aufw\u00e4rmen m\u00f6chten, k\u00f6nnen Sie dies problemlos in der Mikrowelle tun. Kombinieren Sie also die Fr\u00fchst\u00fccksteller mit dem passenden <a href=\"https:\/\/unrostore.com\/de-at\/shop\/terrafina\/amazonia-grun\/amazonia-green-serveerkom\/\">Amazonia Green Servierplatte<\/a> f\u00fcr einen sch\u00f6n gedeckten Tisch!<\/p>\n<h3>Dies ist die Anzahl der Fr\u00fchst\u00fccksteller, die Sie geliefert bekommen:<\/h3>\n<ul>\n<li><strong>4x<\/strong> Amazonia Green Fr\u00fchst\u00fccksteller \u00f8 21 cm<\/li>\n<li><strong>1x\u00a0<\/strong>Geschenkpackung von Terrafina<\/li>\n<\/ul>\n<p>\u00a0<\/p>\n<p><em><strong>Duurzaam voor mens & milieu:<\/strong><br \/>\nJedes Produkt ist einzigartig, da es handgefertigt ist.<br \/>\nDruck und Textur k\u00f6nnen daher leicht vom Produktfoto abweichen.<\/em><\/p>","protected":false},"excerpt":{"rendered":"<div class=\"usps\"><i class=\"far fa-check-circle\"><\/i> Mikrowellenfest<br \/>\n<i class=\"far fa-check-circle\"><\/i> Backofenfest (bis zu 200 Grad)<br \/>\n<i class=\"far fa-check-circle\"><\/i> Sp\u00fclmaschinentauglich<br \/>\n<i class=\"far fa-thumbs-up\"><\/i> Handgefertigt<\/div>","protected":false},"featured_media":3811,"template":"","meta":[],"product_brand":[],"product_cat":[235,170,317,119],"product_tag":[147,173,286,129,596,581,715,172,171,714,141,288,289,243,123],"class_list":{"0":"post-3809","1":"product","2":"type-product","3":"status-publish","4":"has-post-thumbnail","6":"product_cat-borden","7":"product_cat-amazonia-green","8":"product_cat-ontbijtborden","9":"product_cat-terrafina","10":"product_tag-amazonia","11":"product_tag-amazonia-green","12":"product_tag-bord","13":"product_tag-borden","14":"product_tag-gebaksbord","15":"product_tag-gebaksbordjes","16":"product_tag-gebaksbordjes-groen","17":"product_tag-green","18":"product_tag-groen","19":"product_tag-groene-borden","20":"product_tag-kleine-borden","21":"product_tag-ontbijtbord","22":"product_tag-ontbijtborden","23":"product_tag-salade-borden","24":"product_tag-terrafina","25":"product_shipping_class-pakket","27":"first","28":"outofstock","29":"sale","30":"taxable","31":"shipping-taxable","32":"purchasable","33":"product-type-simple"},"yoast_head":"<!-- This site is optimized with the Yoast SEO plugin v27.5 - https:\/\/yoast.com\/product\/yoast-seo-wordpress\/ -->\n<title>Ontbijtborden Groen Amazonia Green - 4-delig &#8226; UNRO<\/title>\n<meta name=\"description\" content=\"De ontbijtborden Groen Amazonia Green zijn prachtig en ook nog eens gemakkelijk in gebruik. Start jouw dag in stijl met deze prachtige ontbijtborden!\" \/>\n<meta name=\"robots\" content=\"index, follow, max-snippet:-1, max-image-preview:large, max-video-preview:-1\" \/>\n<link rel=\"canonical\" href=\"https:\/\/unrostore.com\/de-at\/shop\/terrafina\/amazonia-grun\/fruhstucksteller-grun-amazonia-grun-4-stuck\/\" \/>\n<meta property=\"og:locale\" content=\"de_DE\" \/>\n<meta property=\"og:type\" content=\"article\" \/>\n<meta property=\"og:title\" content=\"Ontbijtborden Groen Amazonia Green - 4-delig &#8226; UNRO\" \/>\n<meta property=\"og:description\" content=\"De ontbijtborden Groen Amazonia Green zijn prachtig en ook nog eens gemakkelijk in gebruik. Start jouw dag in stijl met deze prachtige ontbijtborden!\" \/>\n<meta property=\"og:url\" content=\"https:\/\/unrostore.com\/de-at\/shop\/terrafina\/amazonia-grun\/fruhstucksteller-grun-amazonia-grun-4-stuck\/\" \/>\n<meta property=\"og:site_name\" content=\"UNRO\" \/>\n<meta property=\"article:modified_time\" content=\"2026-03-04T07:40:33+00:00\" \/>\n<meta property=\"og:image\" content=\"https:\/\/unrostore.com\/wp-content\/uploads\/2023\/03\/unro-portugees-servies-amazonia-green-ontbijtborden-2-delig-terrafina.jpg\" \/>\n\t<meta property=\"og:image:width\" content=\"1440\" \/>\n\t<meta property=\"og:image:height\" content=\"1440\" \/>\n\t<meta property=\"og:image:type\" content=\"image\/jpeg\" \/>\n<meta name=\"twitter:card\" content=\"summary_large_image\" \/>\n<script type=\"application\/ld+json\" class=\"yoast-schema-graph\">{\"@context\":\"https:\\\/\\\/schema.org\",\"@graph\":[{\"@type\":\"WebPage\",\"@id\":\"https:\\\/\\\/unrostore.com\\\/shop\\\/terrafina\\\/amazonia-green\\\/ontbijtborden-groen-amazonia-green-4-delig\\\/\",\"url\":\"https:\\\/\\\/unrostore.com\\\/shop\\\/terrafina\\\/amazonia-green\\\/ontbijtborden-groen-amazonia-green-4-delig\\\/\",\"name\":\"Ontbijtborden Groen Amazonia Green - 4-delig &#8226; UNRO\",\"isPartOf\":{\"@id\":\"https:\\\/\\\/unrostore.com\\\/#website\"},\"primaryImageOfPage\":{\"@id\":\"https:\\\/\\\/unrostore.com\\\/shop\\\/terrafina\\\/amazonia-green\\\/ontbijtborden-groen-amazonia-green-4-delig\\\/#primaryimage\"},\"image\":{\"@id\":\"https:\\\/\\\/unrostore.com\\\/shop\\\/terrafina\\\/amazonia-green\\\/ontbijtborden-groen-amazonia-green-4-delig\\\/#primaryimage\"},\"thumbnailUrl\":\"https:\\\/\\\/unrostore.com\\\/wp-content\\\/uploads\\\/2023\\\/03\\\/unro-portugees-servies-amazonia-green-ontbijtborden-2-delig-terrafina.jpg\",\"datePublished\":\"2023-03-30T19:44:34+00:00\",\"dateModified\":\"2026-03-04T07:40:33+00:00\",\"description\":\"De ontbijtborden Groen Amazonia Green zijn prachtig en ook nog eens gemakkelijk in gebruik. Start jouw dag in stijl met deze prachtige ontbijtborden!\",\"breadcrumb\":{\"@id\":\"https:\\\/\\\/unrostore.com\\\/shop\\\/terrafina\\\/amazonia-green\\\/ontbijtborden-groen-amazonia-green-4-delig\\\/#breadcrumb\"},\"inLanguage\":\"de-AT\",\"potentialAction\":[{\"@type\":\"ReadAction\",\"target\":[\"https:\\\/\\\/unrostore.com\\\/shop\\\/terrafina\\\/amazonia-green\\\/ontbijtborden-groen-amazonia-green-4-delig\\\/\"]}]},{\"@type\":\"ImageObject\",\"inLanguage\":\"de-AT\",\"@id\":\"https:\\\/\\\/unrostore.com\\\/shop\\\/terrafina\\\/amazonia-green\\\/ontbijtborden-groen-amazonia-green-4-delig\\\/#primaryimage\",\"url\":\"https:\\\/\\\/unrostore.com\\\/wp-content\\\/uploads\\\/2023\\\/03\\\/unro-portugees-servies-amazonia-green-ontbijtborden-2-delig-terrafina.jpg\",\"contentUrl\":\"https:\\\/\\\/unrostore.com\\\/wp-content\\\/uploads\\\/2023\\\/03\\\/unro-portugees-servies-amazonia-green-ontbijtborden-2-delig-terrafina.jpg\",\"width\":1440,\"height\":1440,\"caption\":\"Gebaksbordjes Groen Amazonia Green - 4-delig Terrafina Portugees Servies\"},{\"@type\":\"BreadcrumbList\",\"@id\":\"https:\\\/\\\/unrostore.com\\\/shop\\\/terrafina\\\/amazonia-green\\\/ontbijtborden-groen-amazonia-green-4-delig\\\/#breadcrumb\",\"itemListElement\":[{\"@type\":\"ListItem\",\"position\":1,\"name\":\"Home\",\"item\":\"https:\\\/\\\/unrostore.com\\\/\"},{\"@type\":\"ListItem\",\"position\":2,\"name\":\"Shop\",\"item\":\"https:\\\/\\\/unrostore.com\\\/shop\\\/\"},{\"@type\":\"ListItem\",\"position\":3,\"name\":\"Ontbijtborden Groen Amazonia Green &#8211; 4-delig\"}]},{\"@type\":\"WebSite\",\"@id\":\"https:\\\/\\\/unrostore.com\\\/#website\",\"url\":\"https:\\\/\\\/unrostore.com\\\/\",\"name\":\"UNRO\",\"description\":\"Portugees servies waar je blij van wordt!\",\"publisher\":{\"@id\":\"https:\\\/\\\/unrostore.com\\\/#organization\"},\"potentialAction\":[{\"@type\":\"SearchAction\",\"target\":{\"@type\":\"EntryPoint\",\"urlTemplate\":\"https:\\\/\\\/unrostore.com\\\/?s={search_term_string}\"},\"query-input\":{\"@type\":\"PropertyValueSpecification\",\"valueRequired\":true,\"valueName\":\"search_term_string\"}}],\"inLanguage\":\"de-AT\"},{\"@type\":\"Organization\",\"@id\":\"https:\\\/\\\/unrostore.com\\\/#organization\",\"name\":\"UNRO\",\"url\":\"https:\\\/\\\/unrostore.com\\\/\",\"logo\":{\"@type\":\"ImageObject\",\"inLanguage\":\"de-AT\",\"@id\":\"https:\\\/\\\/unrostore.com\\\/#\\\/schema\\\/logo\\\/image\\\/\",\"url\":\"https:\\\/\\\/unrostore.com\\\/wp-content\\\/uploads\\\/2022\\\/05\\\/Logo-UNRO.png\",\"contentUrl\":\"https:\\\/\\\/unrostore.com\\\/wp-content\\\/uploads\\\/2022\\\/05\\\/Logo-UNRO.png\",\"width\":605,\"height\":179,\"caption\":\"UNRO\"},\"image\":{\"@id\":\"https:\\\/\\\/unrostore.com\\\/#\\\/schema\\\/logo\\\/image\\\/\"}}]}<\/script>\n<!-- \/ Yoast SEO plugin. -->","yoast_head_json":{"title":"Fr\u00fchst\u00fccksteller Gr\u00fcn Amazonia Gr\u00fcn - 4-teilig - UNRO","description":"Die Fr\u00fchst\u00fccksteller Green Amazonia Green sind sch\u00f6n und auch einfach zu bedienen. Beginnen Sie Ihren Tag mit Stil mit diesen sch\u00f6nen Fr\u00fchst\u00fccksteller!","robots":{"index":"index","follow":"follow","max-snippet":"max-snippet:-1","max-image-preview":"max-image-preview:large","max-video-preview":"max-video-preview:-1"},"canonical":"https:\/\/unrostore.com\/de-at\/shop\/terrafina\/amazonia-grun\/fruhstucksteller-grun-amazonia-grun-4-stuck\/","og_locale":"de_DE","og_type":"article","og_title":"Ontbijtborden Groen Amazonia Green - 4-delig &#8226; UNRO","og_description":"De ontbijtborden Groen Amazonia Green zijn prachtig en ook nog eens gemakkelijk in gebruik. Start jouw dag in stijl met deze prachtige ontbijtborden!","og_url":"https:\/\/unrostore.com\/de-at\/shop\/terrafina\/amazonia-grun\/fruhstucksteller-grun-amazonia-grun-4-stuck\/","og_site_name":"UNRO","article_modified_time":"2026-03-04T07:40:33+00:00","og_image":[{"width":1440,"height":1440,"url":"https:\/\/unrostore.com\/wp-content\/uploads\/2023\/03\/unro-portugees-servies-amazonia-green-ontbijtborden-2-delig-terrafina.jpg","type":"image\/jpeg"}],"twitter_card":"summary_large_image","schema":{"@context":"https:\/\/schema.org","@graph":[{"@type":"WebPage","@id":"https:\/\/unrostore.com\/shop\/terrafina\/amazonia-green\/ontbijtborden-groen-amazonia-green-4-delig\/","url":"https:\/\/unrostore.com\/shop\/terrafina\/amazonia-green\/ontbijtborden-groen-amazonia-green-4-delig\/","name":"Fr\u00fchst\u00fccksteller Gr\u00fcn Amazonia Gr\u00fcn - 4-teilig - UNRO","isPartOf":{"@id":"https:\/\/unrostore.com\/#website"},"primaryImageOfPage":{"@id":"https:\/\/unrostore.com\/shop\/terrafina\/amazonia-green\/ontbijtborden-groen-amazonia-green-4-delig\/#primaryimage"},"image":{"@id":"https:\/\/unrostore.com\/shop\/terrafina\/amazonia-green\/ontbijtborden-groen-amazonia-green-4-delig\/#primaryimage"},"thumbnailUrl":"https:\/\/unrostore.com\/wp-content\/uploads\/2023\/03\/unro-portugees-servies-amazonia-green-ontbijtborden-2-delig-terrafina.jpg","datePublished":"2023-03-30T19:44:34+00:00","dateModified":"2026-03-04T07:40:33+00:00","description":"Die Fr\u00fchst\u00fccksteller Green Amazonia Green sind sch\u00f6n und auch einfach zu bedienen. Beginnen Sie Ihren Tag mit Stil mit diesen sch\u00f6nen Fr\u00fchst\u00fccksteller!","breadcrumb":{"@id":"https:\/\/unrostore.com\/shop\/terrafina\/amazonia-green\/ontbijtborden-groen-amazonia-green-4-delig\/#breadcrumb"},"inLanguage":"de-AT","potentialAction":[{"@type":"ReadAction","target":["https:\/\/unrostore.com\/shop\/terrafina\/amazonia-green\/ontbijtborden-groen-amazonia-green-4-delig\/"]}]},{"@type":"ImageObject","inLanguage":"de-AT","@id":"https:\/\/unrostore.com\/shop\/terrafina\/amazonia-green\/ontbijtborden-groen-amazonia-green-4-delig\/#primaryimage","url":"https:\/\/unrostore.com\/wp-content\/uploads\/2023\/03\/unro-portugees-servies-amazonia-green-ontbijtborden-2-delig-terrafina.jpg","contentUrl":"https:\/\/unrostore.com\/wp-content\/uploads\/2023\/03\/unro-portugees-servies-amazonia-green-ontbijtborden-2-delig-terrafina.jpg","width":1440,"height":1440,"caption":"Gebaksbordjes Groen Amazonia Green - 4-delig Terrafina Portugees Servies"},{"@type":"BreadcrumbList","@id":"https:\/\/unrostore.com\/shop\/terrafina\/amazonia-green\/ontbijtborden-groen-amazonia-green-4-delig\/#breadcrumb","itemListElement":[{"@type":"ListItem","position":1,"name":"Home","item":"https:\/\/unrostore.com\/"},{"@type":"ListItem","position":2,"name":"Shop","item":"https:\/\/unrostore.com\/shop\/"},{"@type":"ListItem","position":3,"name":"Ontbijtborden Groen Amazonia Green &#8211; 4-delig"}]},{"@type":"WebSite","@id":"https:\/\/unrostore.com\/#website","url":"https:\/\/unrostore.com\/","name":"UNRO","description":"Portugiesisches Geschirr, das Sie gl\u00fccklich machen wird!","publisher":{"@id":"https:\/\/unrostore.com\/#organization"},"potentialAction":[{"@type":"SearchAction","target":{"@type":"EntryPoint","urlTemplate":"https:\/\/unrostore.com\/?s={search_term_string}"},"query-input":{"@type":"PropertyValueSpecification","valueRequired":true,"valueName":"search_term_string"}}],"inLanguage":"de-AT"},{"@type":"Organization","@id":"https:\/\/unrostore.com\/#organization","name":"UNRO","url":"https:\/\/unrostore.com\/","logo":{"@type":"ImageObject","inLanguage":"de-AT","@id":"https:\/\/unrostore.com\/#\/schema\/logo\/image\/","url":"https:\/\/unrostore.com\/wp-content\/uploads\/2022\/05\/Logo-UNRO.png","contentUrl":"https:\/\/unrostore.com\/wp-content\/uploads\/2022\/05\/Logo-UNRO.png","width":605,"height":179,"caption":"UNRO"},"image":{"@id":"https:\/\/unrostore.com\/#\/schema\/logo\/image\/"}}]}},"_links":{"self":[{"href":"https:\/\/unrostore.com\/de-at\/wp-json\/wp\/v2\/product\/3809","targetHints":{"allow":["GET"]}}],"collection":[{"href":"https:\/\/unrostore.com\/de-at\/wp-json\/wp\/v2\/product"}],"about":[{"href":"https:\/\/unrostore.com\/de-at\/wp-json\/wp\/v2\/types\/product"}],"wp:featuredmedia":[{"embeddable":true,"href":"https:\/\/unrostore.com\/de-at\/wp-json\/wp\/v2\/media\/3811"}],"wp:attachment":[{"href":"https:\/\/unrostore.com\/de-at\/wp-json\/wp\/v2\/media?parent=3809"}],"wp:term":[{"taxonomy":"product_brand","embeddable":true,"href":"https:\/\/unrostore.com\/de-at\/wp-json\/wp\/v2\/product_brand?post=3809"},{"taxonomy":"product_cat","embeddable":true,"href":"https:\/\/unrostore.com\/de-at\/wp-json\/wp\/v2\/product_cat?post=3809"},{"taxonomy":"product_tag","embeddable":true,"href":"https:\/\/unrostore.com\/de-at\/wp-json\/wp\/v2\/product_tag?post=3809"}],"curies":[{"name":"wp","href":"https:\/\/api.w.org\/{rel}","templated":true}]}}