{"id":3806,"date":"2023-03-30T19:27:38","date_gmt":"2023-03-30T19:27:38","guid":{"rendered":"https:\/\/unrostore.com\/?post_type=product&#038;p=3806"},"modified":"2026-01-19T20:37:51","modified_gmt":"2026-01-19T20:37:51","slug":"gruner-teller-amazonia-grun-2-stuck","status":"publish","type":"product","link":"https:\/\/unrostore.com\/de-at\/shop\/terrafina\/amazonia-grun\/gruner-teller-amazonia-grun-2-stuck\/","title":{"rendered":"Gr\u00fcne Schale Amazonia Green - 2-teilig"},"content":{"rendered":"<h3>Wordt verliefd op de prachtige kleur van Groen Schaaltje Amazonia Green \u2013 2-delig<\/h3>\n<p><strong>Gr\u00fcne Schale <\/strong><strong>Amazonia Green<\/strong> 2er-Set Geschirr aus <a href=\"https:\/\/www.terrafinastore.com\/en\/collections\/sail\">Terrafina<\/a> k\u00f6nnen f\u00fcr fast alles verwendet werden und sind ein wahrer Augenschmaus. Die sch\u00f6ne gr\u00fcne Farbe ist wirklich einzigartig und ein Statement in jedem Interieur! Bringen Sie etwas Farbe in Ihr Zuhause mit den Amazonia Green Bowls! Ideal, um Ihr Fr\u00fchst\u00fcck, Brunch, Mittagessen, Getr\u00e4nke oder Abendessen zu versch\u00f6nern. Die kleinen Schalen haben eine sch\u00f6ne Gr\u00f6\u00dfe als Suppenschalen, Tapasschalen, Vorspeisenschalen und Schmuckschalen. Entdecken Sie jetzt auch die <a href=\"https:\/\/unrostore.com\/de-at\/shop\/terrafina\/amazonia-grun\/amazonia-green-cappuccino-mokken-2-delig\/\">Amazonia Green Cappuccinotassen<\/a> und erg\u00e4nzen Sie Ihr Fr\u00fchst\u00fcck, Ihre Kaffeezeit oder Ihren High Tea mit einer k\u00f6stlichen Tasse Cappuccino oder Tee!<\/p>\n<h3>Dies ist die Anzahl der Schalen, die Sie geliefert bekommen<\/h3>\n<ul>\n<li><strong>2x <\/strong>Amazonia Green Schalen \u00f8 15 cm<\/li>\n<li><strong>1x<\/strong> Terrafina-Geschenkverpackungen<\/li>\n<\/ul>\n<p><em><strong><br \/>\nDuurzaam voor mens & milieu:<\/strong><br \/>\n<\/em><em>Jedes Produkt ist ein Unikat, denn es wird in Handarbeit hergestellt.<br \/>\nDruck und Textur k\u00f6nnen daher leicht vom Produktfoto abweichen.<\/em><\/p>","protected":false},"excerpt":{"rendered":"<div class=\"usps\"><i class=\"far fa-check-circle\"><\/i> Mikrowellenfest<br \/>\n<i class=\"far fa-check-circle\"><\/i> Backofenfest (bis zu 200 Grad)<br \/>\n<i class=\"far fa-check-circle\"><\/i> Sp\u00fclmaschinentauglich<br \/>\n<i class=\"far fa-thumbs-up\"><\/i> Handgefertigt<\/div>","protected":false},"featured_media":3807,"template":"","meta":[],"product_brand":[],"product_cat":[170,135,119],"product_tag":[173,171,709,712,711,710,137,713,242,683,691,123],"class_list":{"0":"post-3806","1":"product","2":"type-product","3":"status-publish","4":"has-post-thumbnail","6":"product_cat-amazonia-green","7":"product_cat-kommen","8":"product_cat-terrafina","9":"product_tag-amazonia-green","10":"product_tag-groen","11":"product_tag-groen-schaaltje","12":"product_tag-groene-kommen","13":"product_tag-groene-kommetjes","14":"product_tag-groene-schaaltjes","15":"product_tag-kom","16":"product_tag-kommen-groen","17":"product_tag-ontbijt","18":"product_tag-soepkom","19":"product_tag-tapasschaaltjes","20":"product_tag-terrafina","22":"first","23":"outofstock","24":"sale","25":"taxable","26":"shipping-taxable","27":"purchasable","28":"product-type-simple"},"yoast_head":"<!-- This site is optimized with the Yoast SEO plugin v27.5 - https:\/\/yoast.com\/product\/yoast-seo-wordpress\/ -->\n<title>Groen Schaaltje Amazonia Green - 2-delig &#8226; UNRO<\/title>\n<meta name=\"description\" content=\"De Groen Schaaltje Amazonia Green set van 2 van Terrafina zijn gewoon onmisbaar en ook nog eens prachtig voor in jouw dagelijkse leven!\" \/>\n<meta name=\"robots\" content=\"index, follow, max-snippet:-1, max-image-preview:large, max-video-preview:-1\" \/>\n<link rel=\"canonical\" href=\"https:\/\/unrostore.com\/de-at\/shop\/terrafina\/amazonia-grun\/gruner-teller-amazonia-grun-2-stuck\/\" \/>\n<meta property=\"og:locale\" content=\"de_DE\" \/>\n<meta property=\"og:type\" content=\"article\" \/>\n<meta property=\"og:title\" content=\"Groen Schaaltje Amazonia Green - 2-delig &#8226; UNRO\" \/>\n<meta property=\"og:description\" content=\"De Groen Schaaltje Amazonia Green set van 2 van Terrafina zijn gewoon onmisbaar en ook nog eens prachtig voor in jouw dagelijkse leven!\" \/>\n<meta property=\"og:url\" content=\"https:\/\/unrostore.com\/de-at\/shop\/terrafina\/amazonia-grun\/gruner-teller-amazonia-grun-2-stuck\/\" \/>\n<meta property=\"og:site_name\" content=\"UNRO\" \/>\n<meta property=\"article:modified_time\" content=\"2026-01-19T20:37:51+00:00\" \/>\n<meta property=\"og:image\" content=\"https:\/\/unrostore.com\/wp-content\/uploads\/2023\/03\/unro-portugees-servies-amazonia-green-kommen-2-delig.jpg\" \/>\n\t<meta property=\"og:image:width\" content=\"1440\" \/>\n\t<meta property=\"og:image:height\" content=\"1440\" \/>\n\t<meta property=\"og:image:type\" content=\"image\/jpeg\" \/>\n<meta name=\"twitter:card\" content=\"summary_large_image\" \/>\n<script type=\"application\/ld+json\" class=\"yoast-schema-graph\">{\"@context\":\"https:\\\/\\\/schema.org\",\"@graph\":[{\"@type\":\"WebPage\",\"@id\":\"https:\\\/\\\/unrostore.com\\\/shop\\\/terrafina\\\/amazonia-green\\\/groen-schaaltje-amazonia-green-2-delig\\\/\",\"url\":\"https:\\\/\\\/unrostore.com\\\/shop\\\/terrafina\\\/amazonia-green\\\/groen-schaaltje-amazonia-green-2-delig\\\/\",\"name\":\"Groen Schaaltje Amazonia Green - 2-delig &#8226; UNRO\",\"isPartOf\":{\"@id\":\"https:\\\/\\\/unrostore.com\\\/#website\"},\"primaryImageOfPage\":{\"@id\":\"https:\\\/\\\/unrostore.com\\\/shop\\\/terrafina\\\/amazonia-green\\\/groen-schaaltje-amazonia-green-2-delig\\\/#primaryimage\"},\"image\":{\"@id\":\"https:\\\/\\\/unrostore.com\\\/shop\\\/terrafina\\\/amazonia-green\\\/groen-schaaltje-amazonia-green-2-delig\\\/#primaryimage\"},\"thumbnailUrl\":\"https:\\\/\\\/unrostore.com\\\/wp-content\\\/uploads\\\/2023\\\/03\\\/unro-portugees-servies-amazonia-green-kommen-2-delig.jpg\",\"datePublished\":\"2023-03-30T19:27:38+00:00\",\"dateModified\":\"2026-01-19T20:37:51+00:00\",\"description\":\"De Groen Schaaltje Amazonia Green set van 2 van Terrafina zijn gewoon onmisbaar en ook nog eens prachtig voor in jouw dagelijkse leven!\",\"breadcrumb\":{\"@id\":\"https:\\\/\\\/unrostore.com\\\/shop\\\/terrafina\\\/amazonia-green\\\/groen-schaaltje-amazonia-green-2-delig\\\/#breadcrumb\"},\"inLanguage\":\"de-AT\",\"potentialAction\":[{\"@type\":\"ReadAction\",\"target\":[\"https:\\\/\\\/unrostore.com\\\/shop\\\/terrafina\\\/amazonia-green\\\/groen-schaaltje-amazonia-green-2-delig\\\/\"]}]},{\"@type\":\"ImageObject\",\"inLanguage\":\"de-AT\",\"@id\":\"https:\\\/\\\/unrostore.com\\\/shop\\\/terrafina\\\/amazonia-green\\\/groen-schaaltje-amazonia-green-2-delig\\\/#primaryimage\",\"url\":\"https:\\\/\\\/unrostore.com\\\/wp-content\\\/uploads\\\/2023\\\/03\\\/unro-portugees-servies-amazonia-green-kommen-2-delig.jpg\",\"contentUrl\":\"https:\\\/\\\/unrostore.com\\\/wp-content\\\/uploads\\\/2023\\\/03\\\/unro-portugees-servies-amazonia-green-kommen-2-delig.jpg\",\"width\":1440,\"height\":1440,\"caption\":\"Groen Schaaltje Amazonia Green - 2-delig Terrafina Portugees Keramiek\"},{\"@type\":\"BreadcrumbList\",\"@id\":\"https:\\\/\\\/unrostore.com\\\/shop\\\/terrafina\\\/amazonia-green\\\/groen-schaaltje-amazonia-green-2-delig\\\/#breadcrumb\",\"itemListElement\":[{\"@type\":\"ListItem\",\"position\":1,\"name\":\"Home\",\"item\":\"https:\\\/\\\/unrostore.com\\\/\"},{\"@type\":\"ListItem\",\"position\":2,\"name\":\"Shop\",\"item\":\"https:\\\/\\\/unrostore.com\\\/shop\\\/\"},{\"@type\":\"ListItem\",\"position\":3,\"name\":\"Groen Schaaltje Amazonia Green &#8211; 2-delig\"}]},{\"@type\":\"WebSite\",\"@id\":\"https:\\\/\\\/unrostore.com\\\/#website\",\"url\":\"https:\\\/\\\/unrostore.com\\\/\",\"name\":\"UNRO\",\"description\":\"Portugees servies waar je blij van wordt!\",\"publisher\":{\"@id\":\"https:\\\/\\\/unrostore.com\\\/#organization\"},\"potentialAction\":[{\"@type\":\"SearchAction\",\"target\":{\"@type\":\"EntryPoint\",\"urlTemplate\":\"https:\\\/\\\/unrostore.com\\\/?s={search_term_string}\"},\"query-input\":{\"@type\":\"PropertyValueSpecification\",\"valueRequired\":true,\"valueName\":\"search_term_string\"}}],\"inLanguage\":\"de-AT\"},{\"@type\":\"Organization\",\"@id\":\"https:\\\/\\\/unrostore.com\\\/#organization\",\"name\":\"UNRO\",\"url\":\"https:\\\/\\\/unrostore.com\\\/\",\"logo\":{\"@type\":\"ImageObject\",\"inLanguage\":\"de-AT\",\"@id\":\"https:\\\/\\\/unrostore.com\\\/#\\\/schema\\\/logo\\\/image\\\/\",\"url\":\"https:\\\/\\\/unrostore.com\\\/wp-content\\\/uploads\\\/2022\\\/05\\\/Logo-UNRO.png\",\"contentUrl\":\"https:\\\/\\\/unrostore.com\\\/wp-content\\\/uploads\\\/2022\\\/05\\\/Logo-UNRO.png\",\"width\":605,\"height\":179,\"caption\":\"UNRO\"},\"image\":{\"@id\":\"https:\\\/\\\/unrostore.com\\\/#\\\/schema\\\/logo\\\/image\\\/\"}}]}<\/script>\n<!-- \/ Yoast SEO plugin. -->","yoast_head_json":{"title":"Gr\u00fcne Schale Amazonia Gr\u00fcn - 2-teilig - UNRO","description":"Die Green Bowl Amazonia Green 2er-Set von Terrafina sind einfach unverzichtbar und auch sch\u00f6n f\u00fcr Ihren Alltag!","robots":{"index":"index","follow":"follow","max-snippet":"max-snippet:-1","max-image-preview":"max-image-preview:large","max-video-preview":"max-video-preview:-1"},"canonical":"https:\/\/unrostore.com\/de-at\/shop\/terrafina\/amazonia-grun\/gruner-teller-amazonia-grun-2-stuck\/","og_locale":"de_DE","og_type":"article","og_title":"Groen Schaaltje Amazonia Green - 2-delig &#8226; UNRO","og_description":"De Groen Schaaltje Amazonia Green set van 2 van Terrafina zijn gewoon onmisbaar en ook nog eens prachtig voor in jouw dagelijkse leven!","og_url":"https:\/\/unrostore.com\/de-at\/shop\/terrafina\/amazonia-grun\/gruner-teller-amazonia-grun-2-stuck\/","og_site_name":"UNRO","article_modified_time":"2026-01-19T20:37:51+00:00","og_image":[{"width":1440,"height":1440,"url":"https:\/\/unrostore.com\/wp-content\/uploads\/2023\/03\/unro-portugees-servies-amazonia-green-kommen-2-delig.jpg","type":"image\/jpeg"}],"twitter_card":"summary_large_image","schema":{"@context":"https:\/\/schema.org","@graph":[{"@type":"WebPage","@id":"https:\/\/unrostore.com\/shop\/terrafina\/amazonia-green\/groen-schaaltje-amazonia-green-2-delig\/","url":"https:\/\/unrostore.com\/shop\/terrafina\/amazonia-green\/groen-schaaltje-amazonia-green-2-delig\/","name":"Gr\u00fcne Schale Amazonia Gr\u00fcn - 2-teilig - UNRO","isPartOf":{"@id":"https:\/\/unrostore.com\/#website"},"primaryImageOfPage":{"@id":"https:\/\/unrostore.com\/shop\/terrafina\/amazonia-green\/groen-schaaltje-amazonia-green-2-delig\/#primaryimage"},"image":{"@id":"https:\/\/unrostore.com\/shop\/terrafina\/amazonia-green\/groen-schaaltje-amazonia-green-2-delig\/#primaryimage"},"thumbnailUrl":"https:\/\/unrostore.com\/wp-content\/uploads\/2023\/03\/unro-portugees-servies-amazonia-green-kommen-2-delig.jpg","datePublished":"2023-03-30T19:27:38+00:00","dateModified":"2026-01-19T20:37:51+00:00","description":"Die Green Bowl Amazonia Green 2er-Set von Terrafina sind einfach unverzichtbar und auch sch\u00f6n f\u00fcr Ihren Alltag!","breadcrumb":{"@id":"https:\/\/unrostore.com\/shop\/terrafina\/amazonia-green\/groen-schaaltje-amazonia-green-2-delig\/#breadcrumb"},"inLanguage":"de-AT","potentialAction":[{"@type":"ReadAction","target":["https:\/\/unrostore.com\/shop\/terrafina\/amazonia-green\/groen-schaaltje-amazonia-green-2-delig\/"]}]},{"@type":"ImageObject","inLanguage":"de-AT","@id":"https:\/\/unrostore.com\/shop\/terrafina\/amazonia-green\/groen-schaaltje-amazonia-green-2-delig\/#primaryimage","url":"https:\/\/unrostore.com\/wp-content\/uploads\/2023\/03\/unro-portugees-servies-amazonia-green-kommen-2-delig.jpg","contentUrl":"https:\/\/unrostore.com\/wp-content\/uploads\/2023\/03\/unro-portugees-servies-amazonia-green-kommen-2-delig.jpg","width":1440,"height":1440,"caption":"Groen Schaaltje Amazonia Green - 2-delig Terrafina Portugees Keramiek"},{"@type":"BreadcrumbList","@id":"https:\/\/unrostore.com\/shop\/terrafina\/amazonia-green\/groen-schaaltje-amazonia-green-2-delig\/#breadcrumb","itemListElement":[{"@type":"ListItem","position":1,"name":"Home","item":"https:\/\/unrostore.com\/"},{"@type":"ListItem","position":2,"name":"Shop","item":"https:\/\/unrostore.com\/shop\/"},{"@type":"ListItem","position":3,"name":"Groen Schaaltje Amazonia Green &#8211; 2-delig"}]},{"@type":"WebSite","@id":"https:\/\/unrostore.com\/#website","url":"https:\/\/unrostore.com\/","name":"UNRO","description":"Portugiesisches Geschirr, das Sie gl\u00fccklich machen wird!","publisher":{"@id":"https:\/\/unrostore.com\/#organization"},"potentialAction":[{"@type":"SearchAction","target":{"@type":"EntryPoint","urlTemplate":"https:\/\/unrostore.com\/?s={search_term_string}"},"query-input":{"@type":"PropertyValueSpecification","valueRequired":true,"valueName":"search_term_string"}}],"inLanguage":"de-AT"},{"@type":"Organization","@id":"https:\/\/unrostore.com\/#organization","name":"UNRO","url":"https:\/\/unrostore.com\/","logo":{"@type":"ImageObject","inLanguage":"de-AT","@id":"https:\/\/unrostore.com\/#\/schema\/logo\/image\/","url":"https:\/\/unrostore.com\/wp-content\/uploads\/2022\/05\/Logo-UNRO.png","contentUrl":"https:\/\/unrostore.com\/wp-content\/uploads\/2022\/05\/Logo-UNRO.png","width":605,"height":179,"caption":"UNRO"},"image":{"@id":"https:\/\/unrostore.com\/#\/schema\/logo\/image\/"}}]}},"_links":{"self":[{"href":"https:\/\/unrostore.com\/de-at\/wp-json\/wp\/v2\/product\/3806","targetHints":{"allow":["GET"]}}],"collection":[{"href":"https:\/\/unrostore.com\/de-at\/wp-json\/wp\/v2\/product"}],"about":[{"href":"https:\/\/unrostore.com\/de-at\/wp-json\/wp\/v2\/types\/product"}],"wp:featuredmedia":[{"embeddable":true,"href":"https:\/\/unrostore.com\/de-at\/wp-json\/wp\/v2\/media\/3807"}],"wp:attachment":[{"href":"https:\/\/unrostore.com\/de-at\/wp-json\/wp\/v2\/media?parent=3806"}],"wp:term":[{"taxonomy":"product_brand","embeddable":true,"href":"https:\/\/unrostore.com\/de-at\/wp-json\/wp\/v2\/product_brand?post=3806"},{"taxonomy":"product_cat","embeddable":true,"href":"https:\/\/unrostore.com\/de-at\/wp-json\/wp\/v2\/product_cat?post=3806"},{"taxonomy":"product_tag","embeddable":true,"href":"https:\/\/unrostore.com\/de-at\/wp-json\/wp\/v2\/product_tag?post=3806"}],"curies":[{"name":"wp","href":"https:\/\/api.w.org\/{rel}","templated":true}]}}