{"id":2866,"date":"2023-01-16T19:43:05","date_gmt":"2023-01-16T19:43:05","guid":{"rendered":"https:\/\/unrostore.com\/?post_type=product&#038;p=2866"},"modified":"2026-01-19T20:37:51","modified_gmt":"2026-01-19T20:37:51","slug":"geschirrsegel-weis-2-stuck","status":"publish","type":"product","link":"https:\/\/unrostore.com\/de-at\/shop\/terrafina\/sail\/geschirrsegel-weis-2-stuck\/","title":{"rendered":"Wei\u00dfes Schalensegel - 2-teilig"},"content":{"rendered":"<h3>Entdecken Sie das sch\u00f6ne Innere des White Bowl Sail - 2-tlg.<\/h3>\n<p><strong>White Bowl Segel<\/strong> Satz von 2 wei\u00df-blauen Suppenschalen aus <a href=\"https:\/\/www.terrafinastore.com\/en\/collections\/sail\">Terrafina<\/a> kann f\u00fcr fast alles verwendet werden. Als Snackschale, Suppenschale, Joghurtschale oder als Acai-Schale. Nicht nur zum Fr\u00fchst\u00fcck, sondern auch ideal f\u00fcr High Tea, Brunch, Mittag- oder Abendessen. Die blau-wei\u00dfen Schalen von Sail sind einfach unverzichtbar und auch sch\u00f6n f\u00fcr den Alltag. Aber die Schalen sind auch ideal, um Ihre G\u00e4ste bei einer Dinnerparty oder einem Treffen zu beeindrucken. Entdecken Sie jetzt die <a href=\"https:\/\/unrostore.com\/de-at\/shop\/terrafina\/sail\/weise-espressotassen-segel-2-stuck\/\">Segel Espressotassen<\/a>, die <a href=\"https:\/\/unrostore.com\/de-at\/shop\/terrafina\/sail\/sail-mokken-2-delig\/\">Segel Cappuccino Becher - 2 St\u00fcck<\/a>, <a href=\"https:\/\/unrostore.com\/de-at\/shop\/terrafina\/sail\/gebaksbordjes-wit-sail-4-delig\/\">Sail Fr\u00fchst\u00fccksteller<\/a> und <a href=\"https:\/\/unrostore.com\/de-at\/shop\/terrafina\/sail\/witte-koffiemokken-groot-sail\/\">Segel-Kaffeebecher<\/a> und erg\u00e4nzen Sie Ihr Fr\u00fchst\u00fcck mit einer k\u00f6stlichen Tasse Cappuccino oder Tee!<\/p>\n<h3>Dies ist die Anzahl der Schalen, die Sie geliefert bekommen<\/h3>\n<ul>\n<li><strong>2x <\/strong>Segel Schale \u00f8 15 cm<\/li>\n<li><strong>1x<\/strong> Terrafina-Geschenkverpackungen<\/li>\n<\/ul>\n<p><em><strong><br \/>\nNachhaltig f\u00fcr Mensch und Umwelt:<\/strong><br \/>\n<\/em><em>Jedes Produkt ist ein Unikat, denn es wird in Handarbeit hergestellt.<br \/>\nDruck und Textur k\u00f6nnen daher leicht vom Produktfoto abweichen.<\/em><\/p>","protected":false},"excerpt":{"rendered":"<div class=\"usps\"><i class=\"far fa-check-circle\"><\/i> Mikrowellenfest<br \/>\n<i class=\"far fa-check-circle\"><\/i> Backofenfest (bis zu 200 Grad)<br \/>\n<i class=\"far fa-check-circle\"><\/i> Sp\u00fclmaschinentauglich<br \/>\n<i class=\"far fa-thumbs-up\"><\/i> Handgefertigt<\/div>","protected":false},"featured_media":7167,"template":"","meta":[],"product_brand":[],"product_cat":[135,871,119,139],"product_tag":[177,601,137,131,291,242,124,707,123,224,705,708,706],"class_list":{"0":"post-2866","1":"product","2":"type-product","3":"status-publish","4":"has-post-thumbnail","6":"product_cat-kommen","7":"product_cat-unro-populair-portugees-keramiek","8":"product_cat-terrafina","9":"product_cat-sail","10":"product_tag-blauw","11":"product_tag-hapjesschaal","12":"product_tag-kom","13":"product_tag-kommen","14":"product_tag-kommetjes","15":"product_tag-ontbijt","16":"product_tag-sail","17":"product_tag-schaaltjes-wit","18":"product_tag-terrafina","19":"product_tag-wit","20":"product_tag-wit-schaaltje","21":"product_tag-witte-kommen","22":"product_tag-witte-schaaltjes","24":"first","25":"instock","26":"sale","27":"taxable","28":"shipping-taxable","29":"purchasable","30":"product-type-simple"},"yoast_head":"<!-- This site is optimized with the Yoast SEO plugin v27.4 - https:\/\/yoast.com\/product\/yoast-seo-wordpress\/ -->\n<title>Wit Schaaltje Sail - 2-delig &#8226; UNRO<\/title>\n<meta name=\"description\" content=\"De Wit Schaaltje Sail van Terrafina kunnen bijna overal voor gebruikt. Ze zijn gewoon onmisbaar en ook nog eens prachtig voor in jouw dagelijkse leven!\" \/>\n<meta name=\"robots\" content=\"index, follow, max-snippet:-1, max-image-preview:large, max-video-preview:-1\" \/>\n<link rel=\"canonical\" href=\"https:\/\/unrostore.com\/de-at\/shop\/terrafina\/sail\/geschirrsegel-weis-2-stuck\/\" \/>\n<meta property=\"og:locale\" content=\"de_DE\" \/>\n<meta property=\"og:type\" content=\"article\" \/>\n<meta property=\"og:title\" content=\"Wit Schaaltje Sail - 2-delig &#8226; UNRO\" \/>\n<meta property=\"og:description\" content=\"De Wit Schaaltje Sail van Terrafina kunnen bijna overal voor gebruikt. Ze zijn gewoon onmisbaar en ook nog eens prachtig voor in jouw dagelijkse leven!\" \/>\n<meta property=\"og:url\" content=\"https:\/\/unrostore.com\/de-at\/shop\/terrafina\/sail\/geschirrsegel-weis-2-stuck\/\" \/>\n<meta property=\"og:site_name\" content=\"UNRO\" \/>\n<meta property=\"article:modified_time\" content=\"2026-01-19T20:37:51+00:00\" \/>\n<meta property=\"og:image\" content=\"https:\/\/unrostore.com\/wp-content\/uploads\/2023\/01\/unro-witte-soepkommen-handgemaakt-keramiek.webp\" \/>\n\t<meta property=\"og:image:width\" content=\"1000\" \/>\n\t<meta property=\"og:image:height\" content=\"1000\" \/>\n\t<meta property=\"og:image:type\" content=\"image\/webp\" \/>\n<meta name=\"twitter:card\" content=\"summary_large_image\" \/>\n<script type=\"application\/ld+json\" class=\"yoast-schema-graph\">{\"@context\":\"https:\\\/\\\/schema.org\",\"@graph\":[{\"@type\":\"WebPage\",\"@id\":\"https:\\\/\\\/unrostore.com\\\/shop\\\/terrafina\\\/sail\\\/wit-schaaltje-sail-2-delig\\\/\",\"url\":\"https:\\\/\\\/unrostore.com\\\/shop\\\/terrafina\\\/sail\\\/wit-schaaltje-sail-2-delig\\\/\",\"name\":\"Wit Schaaltje Sail - 2-delig &#8226; UNRO\",\"isPartOf\":{\"@id\":\"https:\\\/\\\/unrostore.com\\\/#website\"},\"primaryImageOfPage\":{\"@id\":\"https:\\\/\\\/unrostore.com\\\/shop\\\/terrafina\\\/sail\\\/wit-schaaltje-sail-2-delig\\\/#primaryimage\"},\"image\":{\"@id\":\"https:\\\/\\\/unrostore.com\\\/shop\\\/terrafina\\\/sail\\\/wit-schaaltje-sail-2-delig\\\/#primaryimage\"},\"thumbnailUrl\":\"https:\\\/\\\/unrostore.com\\\/wp-content\\\/uploads\\\/2023\\\/01\\\/unro-witte-soepkommen-handgemaakt-keramiek.webp\",\"datePublished\":\"2023-01-16T19:43:05+00:00\",\"dateModified\":\"2026-01-19T20:37:51+00:00\",\"description\":\"De Wit Schaaltje Sail van Terrafina kunnen bijna overal voor gebruikt. Ze zijn gewoon onmisbaar en ook nog eens prachtig voor in jouw dagelijkse leven!\",\"breadcrumb\":{\"@id\":\"https:\\\/\\\/unrostore.com\\\/shop\\\/terrafina\\\/sail\\\/wit-schaaltje-sail-2-delig\\\/#breadcrumb\"},\"inLanguage\":\"de-AT\",\"potentialAction\":[{\"@type\":\"ReadAction\",\"target\":[\"https:\\\/\\\/unrostore.com\\\/shop\\\/terrafina\\\/sail\\\/wit-schaaltje-sail-2-delig\\\/\"]}]},{\"@type\":\"ImageObject\",\"inLanguage\":\"de-AT\",\"@id\":\"https:\\\/\\\/unrostore.com\\\/shop\\\/terrafina\\\/sail\\\/wit-schaaltje-sail-2-delig\\\/#primaryimage\",\"url\":\"https:\\\/\\\/unrostore.com\\\/wp-content\\\/uploads\\\/2023\\\/01\\\/unro-witte-soepkommen-handgemaakt-keramiek.webp\",\"contentUrl\":\"https:\\\/\\\/unrostore.com\\\/wp-content\\\/uploads\\\/2023\\\/01\\\/unro-witte-soepkommen-handgemaakt-keramiek.webp\",\"width\":1000,\"height\":1000,\"caption\":\"Wit schaaltje set van 2 kommetjes Portugees servies\"},{\"@type\":\"BreadcrumbList\",\"@id\":\"https:\\\/\\\/unrostore.com\\\/shop\\\/terrafina\\\/sail\\\/wit-schaaltje-sail-2-delig\\\/#breadcrumb\",\"itemListElement\":[{\"@type\":\"ListItem\",\"position\":1,\"name\":\"Home\",\"item\":\"https:\\\/\\\/unrostore.com\\\/\"},{\"@type\":\"ListItem\",\"position\":2,\"name\":\"Shop\",\"item\":\"https:\\\/\\\/unrostore.com\\\/shop\\\/\"},{\"@type\":\"ListItem\",\"position\":3,\"name\":\"Wit Schaaltje Sail &#8211; 2-delig\"}]},{\"@type\":\"WebSite\",\"@id\":\"https:\\\/\\\/unrostore.com\\\/#website\",\"url\":\"https:\\\/\\\/unrostore.com\\\/\",\"name\":\"UNRO\",\"description\":\"Portugees servies waar je blij van wordt!\",\"publisher\":{\"@id\":\"https:\\\/\\\/unrostore.com\\\/#organization\"},\"potentialAction\":[{\"@type\":\"SearchAction\",\"target\":{\"@type\":\"EntryPoint\",\"urlTemplate\":\"https:\\\/\\\/unrostore.com\\\/?s={search_term_string}\"},\"query-input\":{\"@type\":\"PropertyValueSpecification\",\"valueRequired\":true,\"valueName\":\"search_term_string\"}}],\"inLanguage\":\"de-AT\"},{\"@type\":\"Organization\",\"@id\":\"https:\\\/\\\/unrostore.com\\\/#organization\",\"name\":\"UNRO\",\"url\":\"https:\\\/\\\/unrostore.com\\\/\",\"logo\":{\"@type\":\"ImageObject\",\"inLanguage\":\"de-AT\",\"@id\":\"https:\\\/\\\/unrostore.com\\\/#\\\/schema\\\/logo\\\/image\\\/\",\"url\":\"https:\\\/\\\/unrostore.com\\\/wp-content\\\/uploads\\\/2022\\\/05\\\/Logo-UNRO.png\",\"contentUrl\":\"https:\\\/\\\/unrostore.com\\\/wp-content\\\/uploads\\\/2022\\\/05\\\/Logo-UNRO.png\",\"width\":605,\"height\":179,\"caption\":\"UNRO\"},\"image\":{\"@id\":\"https:\\\/\\\/unrostore.com\\\/#\\\/schema\\\/logo\\\/image\\\/\"}}]}<\/script>\n<!-- \/ Yoast SEO plugin. -->","yoast_head_json":{"title":"Wei\u00dfes Schalensegel - 2-teilig - UNRO","description":"Die White Bowl Sail von Terrafina kann f\u00fcr fast alles verwendet werden. Sie sind einfach unverzichtbar und auch sch\u00f6n f\u00fcr Ihren Alltag!","robots":{"index":"index","follow":"follow","max-snippet":"max-snippet:-1","max-image-preview":"max-image-preview:large","max-video-preview":"max-video-preview:-1"},"canonical":"https:\/\/unrostore.com\/de-at\/shop\/terrafina\/sail\/geschirrsegel-weis-2-stuck\/","og_locale":"de_DE","og_type":"article","og_title":"Wit Schaaltje Sail - 2-delig &#8226; UNRO","og_description":"De Wit Schaaltje Sail van Terrafina kunnen bijna overal voor gebruikt. Ze zijn gewoon onmisbaar en ook nog eens prachtig voor in jouw dagelijkse leven!","og_url":"https:\/\/unrostore.com\/de-at\/shop\/terrafina\/sail\/geschirrsegel-weis-2-stuck\/","og_site_name":"UNRO","article_modified_time":"2026-01-19T20:37:51+00:00","og_image":[{"width":1000,"height":1000,"url":"https:\/\/unrostore.com\/wp-content\/uploads\/2023\/01\/unro-witte-soepkommen-handgemaakt-keramiek.webp","type":"image\/webp"}],"twitter_card":"summary_large_image","schema":{"@context":"https:\/\/schema.org","@graph":[{"@type":"WebPage","@id":"https:\/\/unrostore.com\/shop\/terrafina\/sail\/wit-schaaltje-sail-2-delig\/","url":"https:\/\/unrostore.com\/shop\/terrafina\/sail\/wit-schaaltje-sail-2-delig\/","name":"Wei\u00dfes Schalensegel - 2-teilig - UNRO","isPartOf":{"@id":"https:\/\/unrostore.com\/#website"},"primaryImageOfPage":{"@id":"https:\/\/unrostore.com\/shop\/terrafina\/sail\/wit-schaaltje-sail-2-delig\/#primaryimage"},"image":{"@id":"https:\/\/unrostore.com\/shop\/terrafina\/sail\/wit-schaaltje-sail-2-delig\/#primaryimage"},"thumbnailUrl":"https:\/\/unrostore.com\/wp-content\/uploads\/2023\/01\/unro-witte-soepkommen-handgemaakt-keramiek.webp","datePublished":"2023-01-16T19:43:05+00:00","dateModified":"2026-01-19T20:37:51+00:00","description":"Die White Bowl Sail von Terrafina kann f\u00fcr fast alles verwendet werden. Sie sind einfach unverzichtbar und auch sch\u00f6n f\u00fcr Ihren Alltag!","breadcrumb":{"@id":"https:\/\/unrostore.com\/shop\/terrafina\/sail\/wit-schaaltje-sail-2-delig\/#breadcrumb"},"inLanguage":"de-AT","potentialAction":[{"@type":"ReadAction","target":["https:\/\/unrostore.com\/shop\/terrafina\/sail\/wit-schaaltje-sail-2-delig\/"]}]},{"@type":"ImageObject","inLanguage":"de-AT","@id":"https:\/\/unrostore.com\/shop\/terrafina\/sail\/wit-schaaltje-sail-2-delig\/#primaryimage","url":"https:\/\/unrostore.com\/wp-content\/uploads\/2023\/01\/unro-witte-soepkommen-handgemaakt-keramiek.webp","contentUrl":"https:\/\/unrostore.com\/wp-content\/uploads\/2023\/01\/unro-witte-soepkommen-handgemaakt-keramiek.webp","width":1000,"height":1000,"caption":"Wit schaaltje set van 2 kommetjes Portugees servies"},{"@type":"BreadcrumbList","@id":"https:\/\/unrostore.com\/shop\/terrafina\/sail\/wit-schaaltje-sail-2-delig\/#breadcrumb","itemListElement":[{"@type":"ListItem","position":1,"name":"Home","item":"https:\/\/unrostore.com\/"},{"@type":"ListItem","position":2,"name":"Shop","item":"https:\/\/unrostore.com\/shop\/"},{"@type":"ListItem","position":3,"name":"Wit Schaaltje Sail &#8211; 2-delig"}]},{"@type":"WebSite","@id":"https:\/\/unrostore.com\/#website","url":"https:\/\/unrostore.com\/","name":"UNRO","description":"Portugiesisches Geschirr, das Sie gl\u00fccklich machen wird!","publisher":{"@id":"https:\/\/unrostore.com\/#organization"},"potentialAction":[{"@type":"SearchAction","target":{"@type":"EntryPoint","urlTemplate":"https:\/\/unrostore.com\/?s={search_term_string}"},"query-input":{"@type":"PropertyValueSpecification","valueRequired":true,"valueName":"search_term_string"}}],"inLanguage":"de-AT"},{"@type":"Organization","@id":"https:\/\/unrostore.com\/#organization","name":"UNRO","url":"https:\/\/unrostore.com\/","logo":{"@type":"ImageObject","inLanguage":"de-AT","@id":"https:\/\/unrostore.com\/#\/schema\/logo\/image\/","url":"https:\/\/unrostore.com\/wp-content\/uploads\/2022\/05\/Logo-UNRO.png","contentUrl":"https:\/\/unrostore.com\/wp-content\/uploads\/2022\/05\/Logo-UNRO.png","width":605,"height":179,"caption":"UNRO"},"image":{"@id":"https:\/\/unrostore.com\/#\/schema\/logo\/image\/"}}]}},"_links":{"self":[{"href":"https:\/\/unrostore.com\/de-at\/wp-json\/wp\/v2\/product\/2866","targetHints":{"allow":["GET"]}}],"collection":[{"href":"https:\/\/unrostore.com\/de-at\/wp-json\/wp\/v2\/product"}],"about":[{"href":"https:\/\/unrostore.com\/de-at\/wp-json\/wp\/v2\/types\/product"}],"wp:featuredmedia":[{"embeddable":true,"href":"https:\/\/unrostore.com\/de-at\/wp-json\/wp\/v2\/media\/7167"}],"wp:attachment":[{"href":"https:\/\/unrostore.com\/de-at\/wp-json\/wp\/v2\/media?parent=2866"}],"wp:term":[{"taxonomy":"product_brand","embeddable":true,"href":"https:\/\/unrostore.com\/de-at\/wp-json\/wp\/v2\/product_brand?post=2866"},{"taxonomy":"product_cat","embeddable":true,"href":"https:\/\/unrostore.com\/de-at\/wp-json\/wp\/v2\/product_cat?post=2866"},{"taxonomy":"product_tag","embeddable":true,"href":"https:\/\/unrostore.com\/de-at\/wp-json\/wp\/v2\/product_tag?post=2866"}],"curies":[{"name":"wp","href":"https:\/\/api.w.org\/{rel}","templated":true}]}}