{"id":2865,"date":"2023-01-16T19:38:00","date_gmt":"2023-01-16T19:38:00","guid":{"rendered":"https:\/\/unrostore.com\/?post_type=product&#038;p=2865"},"modified":"2026-01-19T20:37:51","modified_gmt":"2026-01-19T20:37:51","slug":"weise-fruhstucksteller-segel-4-stuck","status":"publish","type":"product","link":"https:\/\/unrostore.com\/de-at\/shop\/terrafina\/sail\/weise-fruhstucksteller-segel-4-stuck\/","title":{"rendered":"Wei\u00dfe Fr\u00fchst\u00fccksteller Sail - 4-tlg."},"content":{"rendered":"<h3>Die sch\u00f6nen wei\u00dfen Fr\u00fchst\u00fccksteller von Terrafina Sail<\/h3>\n<p>Diese <strong>wei\u00dfe Fr\u00fchst\u00fccksteller Sail <\/strong>(auch als Fr\u00fchst\u00fccksteller verwendbar) 4er-Set von <a href=\"https:\/\/www.terrafinastore.com\/en\/collections\/sail\">Terrafina<\/a> sind wirklich sch\u00f6n und auch einfach zu benutzen. Die Teller sind mikrowellen-, sp\u00fclmaschinen- und backofengeeignet (bis zu 200 Grad) und werden in Portugal aus hochwertiger Keramik handgefertigt. Verwenden Sie die Teller zum Fr\u00fchst\u00fcck, stellen Sie sie in die Sp\u00fclmaschine und verwenden Sie sie wieder zum Mittag- oder Abendessen! Auch wenn Sie eine Mahlzeit aufw\u00e4rmen wollen, geht das dank der hohen Qualit\u00e4t problemlos. Die wei\u00dfen Fr\u00fchst\u00fccksteller sind ideal f\u00fcr Kaffee und Kuchen, die Kaffeezeit und den High Tea. Kombinieren Sie den wei\u00df-blauen Fr\u00fchst\u00fccksteller mit den passenden Fr\u00fchst\u00fcckstellern. <a href=\"https:\/\/unrostore.com\/de-at\/shop\/terrafina\/sail\/witte-grote-mokken-sail-2-delig\/?_gl=1*18g7302*_up*MQ..*_ga*NTk3NjQzMjkzLjE3MTA3MDE3NjE.*_ga_QGLN1EFSS8*MTcxMDcwMTc2MC4xLjEuMTcxMDcwMTc2OC4wLjAuMTg3MTU5ODQ2MQ..\">Segel-Teebecher<\/a> und <a href=\"https:\/\/unrostore.com\/de-at\/shop\/terrafina\/sail\/sail-dinerborden-4-delig\/\">Sail Essteller - 4-tlg.<\/a> f\u00fcr einen sch\u00f6n gedeckten Tisch!<\/p>\n<h3>Dies ist die Anzahl der Fr\u00fchst\u00fccksteller, die Sie erhalten werden<\/h3>\n<ul>\n<li><strong>4x<\/strong> Segel Fr\u00fchst\u00fccksteller \u00f8 22 cm<\/li>\n<li><strong>1x\u00a0<\/strong>Geschenkpackung von Terrafina<\/li>\n<\/ul>\n<p><em><strong><br \/>\nNachhaltig f\u00fcr Mensch und Umwelt:<\/strong><br \/>\nJedes Produkt ist einzigartig, da es handgefertigt ist.<br \/>\nDruck und Textur k\u00f6nnen daher leicht vom Produktfoto abweichen.<\/em><\/p>","protected":false},"excerpt":{"rendered":"<div class=\"usps\"><i class=\"far fa-check-circle\"><\/i> Mikrowellenfest<br \/>\n<i class=\"far fa-check-circle\"><\/i> Backofenfest (bis zu 200 Grad)<br \/>\n<i class=\"far fa-check-circle\"><\/i> Sp\u00fclmaschinentauglich<br \/>\n<i class=\"far fa-thumbs-up\"><\/i> Handgefertigt<\/div>","protected":false},"featured_media":7169,"template":"","meta":[],"product_brand":[],"product_cat":[235,317,119,139],"product_tag":[286,699,689,141,703,690,242,288,289,701,124,704,123,224,700,702],"class_list":{"0":"post-2865","1":"product","2":"type-product","3":"status-publish","4":"has-post-thumbnail","6":"product_cat-borden","7":"product_cat-ontbijtborden","8":"product_cat-terrafina","9":"product_cat-sail","10":"product_tag-bord","11":"product_tag-gebaksbordjes-wit","12":"product_tag-high-tea","13":"product_tag-kleine-borden","14":"product_tag-koffie-met-gebak","15":"product_tag-koffietijd","16":"product_tag-ontbijt","17":"product_tag-ontbijtbord","18":"product_tag-ontbijtborden","19":"product_tag-ontbijtborden-wit","20":"product_tag-sail","21":"product_tag-tapas-bordjes","22":"product_tag-terrafina","23":"product_tag-wit","24":"product_tag-witte-gebaksbordjes","25":"product_tag-witte-ontbijtborden","26":"product_shipping_class-pakket","28":"first","29":"outofstock","30":"sale","31":"taxable","32":"shipping-taxable","33":"purchasable","34":"product-type-simple"},"yoast_head":"<!-- This site is optimized with the Yoast SEO plugin v27.4 - https:\/\/yoast.com\/product\/yoast-seo-wordpress\/ -->\n<title>Witte Ontbijtborden Sail - 4-delig &#8226; UNRO<\/title>\n<meta name=\"description\" content=\"De witte ontbijtborden Sail zijn werkelijk prachtig en ook nog eens gemakkelijk in gebruik. Start jouw dag stijlvol met deze prachtige ontbijtborden!\" \/>\n<meta name=\"robots\" content=\"index, follow, max-snippet:-1, max-image-preview:large, max-video-preview:-1\" \/>\n<link rel=\"canonical\" href=\"https:\/\/unrostore.com\/de-at\/shop\/terrafina\/sail\/weise-fruhstucksteller-segel-4-stuck\/\" \/>\n<meta property=\"og:locale\" content=\"de_DE\" \/>\n<meta property=\"og:type\" content=\"article\" \/>\n<meta property=\"og:title\" content=\"Witte Ontbijtborden Sail - 4-delig &#8226; UNRO\" \/>\n<meta property=\"og:description\" content=\"De witte ontbijtborden Sail zijn werkelijk prachtig en ook nog eens gemakkelijk in gebruik. Start jouw dag stijlvol met deze prachtige ontbijtborden!\" \/>\n<meta property=\"og:url\" content=\"https:\/\/unrostore.com\/de-at\/shop\/terrafina\/sail\/weise-fruhstucksteller-segel-4-stuck\/\" \/>\n<meta property=\"og:site_name\" content=\"UNRO\" \/>\n<meta property=\"article:modified_time\" content=\"2026-01-19T20:37:51+00:00\" \/>\n<meta property=\"og:image\" content=\"https:\/\/unrostore.com\/wp-content\/uploads\/2023\/01\/unro-wit-blauw-ontbijtbord-sail-terrafina.webp\" \/>\n\t<meta property=\"og:image:width\" content=\"1000\" \/>\n\t<meta property=\"og:image:height\" content=\"1000\" \/>\n\t<meta property=\"og:image:type\" content=\"image\/webp\" \/>\n<meta name=\"twitter:card\" content=\"summary_large_image\" \/>\n<script type=\"application\/ld+json\" class=\"yoast-schema-graph\">{\"@context\":\"https:\\\/\\\/schema.org\",\"@graph\":[{\"@type\":\"WebPage\",\"@id\":\"https:\\\/\\\/unrostore.com\\\/shop\\\/terrafina\\\/sail\\\/witte-ontbijtborden-sail-4-delig\\\/\",\"url\":\"https:\\\/\\\/unrostore.com\\\/shop\\\/terrafina\\\/sail\\\/witte-ontbijtborden-sail-4-delig\\\/\",\"name\":\"Witte Ontbijtborden Sail - 4-delig &#8226; UNRO\",\"isPartOf\":{\"@id\":\"https:\\\/\\\/unrostore.com\\\/#website\"},\"primaryImageOfPage\":{\"@id\":\"https:\\\/\\\/unrostore.com\\\/shop\\\/terrafina\\\/sail\\\/witte-ontbijtborden-sail-4-delig\\\/#primaryimage\"},\"image\":{\"@id\":\"https:\\\/\\\/unrostore.com\\\/shop\\\/terrafina\\\/sail\\\/witte-ontbijtborden-sail-4-delig\\\/#primaryimage\"},\"thumbnailUrl\":\"https:\\\/\\\/unrostore.com\\\/wp-content\\\/uploads\\\/2023\\\/01\\\/unro-wit-blauw-ontbijtbord-sail-terrafina.webp\",\"datePublished\":\"2023-01-16T19:38:00+00:00\",\"dateModified\":\"2026-01-19T20:37:51+00:00\",\"description\":\"De witte ontbijtborden Sail zijn werkelijk prachtig en ook nog eens gemakkelijk in gebruik. Start jouw dag stijlvol met deze prachtige ontbijtborden!\",\"breadcrumb\":{\"@id\":\"https:\\\/\\\/unrostore.com\\\/shop\\\/terrafina\\\/sail\\\/witte-ontbijtborden-sail-4-delig\\\/#breadcrumb\"},\"inLanguage\":\"de-AT\",\"potentialAction\":[{\"@type\":\"ReadAction\",\"target\":[\"https:\\\/\\\/unrostore.com\\\/shop\\\/terrafina\\\/sail\\\/witte-ontbijtborden-sail-4-delig\\\/\"]}]},{\"@type\":\"ImageObject\",\"inLanguage\":\"de-AT\",\"@id\":\"https:\\\/\\\/unrostore.com\\\/shop\\\/terrafina\\\/sail\\\/witte-ontbijtborden-sail-4-delig\\\/#primaryimage\",\"url\":\"https:\\\/\\\/unrostore.com\\\/wp-content\\\/uploads\\\/2023\\\/01\\\/unro-wit-blauw-ontbijtbord-sail-terrafina.webp\",\"contentUrl\":\"https:\\\/\\\/unrostore.com\\\/wp-content\\\/uploads\\\/2023\\\/01\\\/unro-wit-blauw-ontbijtbord-sail-terrafina.webp\",\"width\":1000,\"height\":1000,\"caption\":\"witte ontbijtborden\"},{\"@type\":\"BreadcrumbList\",\"@id\":\"https:\\\/\\\/unrostore.com\\\/shop\\\/terrafina\\\/sail\\\/witte-ontbijtborden-sail-4-delig\\\/#breadcrumb\",\"itemListElement\":[{\"@type\":\"ListItem\",\"position\":1,\"name\":\"Home\",\"item\":\"https:\\\/\\\/unrostore.com\\\/\"},{\"@type\":\"ListItem\",\"position\":2,\"name\":\"Shop\",\"item\":\"https:\\\/\\\/unrostore.com\\\/shop\\\/\"},{\"@type\":\"ListItem\",\"position\":3,\"name\":\"Witte Ontbijtborden Sail &#8211; 4-delig\"}]},{\"@type\":\"WebSite\",\"@id\":\"https:\\\/\\\/unrostore.com\\\/#website\",\"url\":\"https:\\\/\\\/unrostore.com\\\/\",\"name\":\"UNRO\",\"description\":\"Portugees servies waar je blij van wordt!\",\"publisher\":{\"@id\":\"https:\\\/\\\/unrostore.com\\\/#organization\"},\"potentialAction\":[{\"@type\":\"SearchAction\",\"target\":{\"@type\":\"EntryPoint\",\"urlTemplate\":\"https:\\\/\\\/unrostore.com\\\/?s={search_term_string}\"},\"query-input\":{\"@type\":\"PropertyValueSpecification\",\"valueRequired\":true,\"valueName\":\"search_term_string\"}}],\"inLanguage\":\"de-AT\"},{\"@type\":\"Organization\",\"@id\":\"https:\\\/\\\/unrostore.com\\\/#organization\",\"name\":\"UNRO\",\"url\":\"https:\\\/\\\/unrostore.com\\\/\",\"logo\":{\"@type\":\"ImageObject\",\"inLanguage\":\"de-AT\",\"@id\":\"https:\\\/\\\/unrostore.com\\\/#\\\/schema\\\/logo\\\/image\\\/\",\"url\":\"https:\\\/\\\/unrostore.com\\\/wp-content\\\/uploads\\\/2022\\\/05\\\/Logo-UNRO.png\",\"contentUrl\":\"https:\\\/\\\/unrostore.com\\\/wp-content\\\/uploads\\\/2022\\\/05\\\/Logo-UNRO.png\",\"width\":605,\"height\":179,\"caption\":\"UNRO\"},\"image\":{\"@id\":\"https:\\\/\\\/unrostore.com\\\/#\\\/schema\\\/logo\\\/image\\\/\"}}]}<\/script>\n<!-- \/ Yoast SEO plugin. -->","yoast_head_json":{"title":"Wei\u00dfes Fr\u00fchst\u00fccksbrettchen Sail - 4-tlg. - UNRO","description":"Die wei\u00dfen Fr\u00fchst\u00fccksteller Sail sind wirklich sch\u00f6n und auch einfach zu benutzen. Beginnen Sie Ihren Tag mit Stil mit diesen sch\u00f6nen Fr\u00fchst\u00fcckstellern!","robots":{"index":"index","follow":"follow","max-snippet":"max-snippet:-1","max-image-preview":"max-image-preview:large","max-video-preview":"max-video-preview:-1"},"canonical":"https:\/\/unrostore.com\/de-at\/shop\/terrafina\/sail\/weise-fruhstucksteller-segel-4-stuck\/","og_locale":"de_DE","og_type":"article","og_title":"Witte Ontbijtborden Sail - 4-delig &#8226; UNRO","og_description":"De witte ontbijtborden Sail zijn werkelijk prachtig en ook nog eens gemakkelijk in gebruik. Start jouw dag stijlvol met deze prachtige ontbijtborden!","og_url":"https:\/\/unrostore.com\/de-at\/shop\/terrafina\/sail\/weise-fruhstucksteller-segel-4-stuck\/","og_site_name":"UNRO","article_modified_time":"2026-01-19T20:37:51+00:00","og_image":[{"width":1000,"height":1000,"url":"https:\/\/unrostore.com\/wp-content\/uploads\/2023\/01\/unro-wit-blauw-ontbijtbord-sail-terrafina.webp","type":"image\/webp"}],"twitter_card":"summary_large_image","schema":{"@context":"https:\/\/schema.org","@graph":[{"@type":"WebPage","@id":"https:\/\/unrostore.com\/shop\/terrafina\/sail\/witte-ontbijtborden-sail-4-delig\/","url":"https:\/\/unrostore.com\/shop\/terrafina\/sail\/witte-ontbijtborden-sail-4-delig\/","name":"Wei\u00dfes Fr\u00fchst\u00fccksbrettchen Sail - 4-tlg. - UNRO","isPartOf":{"@id":"https:\/\/unrostore.com\/#website"},"primaryImageOfPage":{"@id":"https:\/\/unrostore.com\/shop\/terrafina\/sail\/witte-ontbijtborden-sail-4-delig\/#primaryimage"},"image":{"@id":"https:\/\/unrostore.com\/shop\/terrafina\/sail\/witte-ontbijtborden-sail-4-delig\/#primaryimage"},"thumbnailUrl":"https:\/\/unrostore.com\/wp-content\/uploads\/2023\/01\/unro-wit-blauw-ontbijtbord-sail-terrafina.webp","datePublished":"2023-01-16T19:38:00+00:00","dateModified":"2026-01-19T20:37:51+00:00","description":"Die wei\u00dfen Fr\u00fchst\u00fccksteller Sail sind wirklich sch\u00f6n und auch einfach zu benutzen. Beginnen Sie Ihren Tag mit Stil mit diesen sch\u00f6nen Fr\u00fchst\u00fcckstellern!","breadcrumb":{"@id":"https:\/\/unrostore.com\/shop\/terrafina\/sail\/witte-ontbijtborden-sail-4-delig\/#breadcrumb"},"inLanguage":"de-AT","potentialAction":[{"@type":"ReadAction","target":["https:\/\/unrostore.com\/shop\/terrafina\/sail\/witte-ontbijtborden-sail-4-delig\/"]}]},{"@type":"ImageObject","inLanguage":"de-AT","@id":"https:\/\/unrostore.com\/shop\/terrafina\/sail\/witte-ontbijtborden-sail-4-delig\/#primaryimage","url":"https:\/\/unrostore.com\/wp-content\/uploads\/2023\/01\/unro-wit-blauw-ontbijtbord-sail-terrafina.webp","contentUrl":"https:\/\/unrostore.com\/wp-content\/uploads\/2023\/01\/unro-wit-blauw-ontbijtbord-sail-terrafina.webp","width":1000,"height":1000,"caption":"witte ontbijtborden"},{"@type":"BreadcrumbList","@id":"https:\/\/unrostore.com\/shop\/terrafina\/sail\/witte-ontbijtborden-sail-4-delig\/#breadcrumb","itemListElement":[{"@type":"ListItem","position":1,"name":"Home","item":"https:\/\/unrostore.com\/"},{"@type":"ListItem","position":2,"name":"Shop","item":"https:\/\/unrostore.com\/shop\/"},{"@type":"ListItem","position":3,"name":"Witte Ontbijtborden Sail &#8211; 4-delig"}]},{"@type":"WebSite","@id":"https:\/\/unrostore.com\/#website","url":"https:\/\/unrostore.com\/","name":"UNRO","description":"Portugiesisches Geschirr, das Sie gl\u00fccklich machen wird!","publisher":{"@id":"https:\/\/unrostore.com\/#organization"},"potentialAction":[{"@type":"SearchAction","target":{"@type":"EntryPoint","urlTemplate":"https:\/\/unrostore.com\/?s={search_term_string}"},"query-input":{"@type":"PropertyValueSpecification","valueRequired":true,"valueName":"search_term_string"}}],"inLanguage":"de-AT"},{"@type":"Organization","@id":"https:\/\/unrostore.com\/#organization","name":"UNRO","url":"https:\/\/unrostore.com\/","logo":{"@type":"ImageObject","inLanguage":"de-AT","@id":"https:\/\/unrostore.com\/#\/schema\/logo\/image\/","url":"https:\/\/unrostore.com\/wp-content\/uploads\/2022\/05\/Logo-UNRO.png","contentUrl":"https:\/\/unrostore.com\/wp-content\/uploads\/2022\/05\/Logo-UNRO.png","width":605,"height":179,"caption":"UNRO"},"image":{"@id":"https:\/\/unrostore.com\/#\/schema\/logo\/image\/"}}]}},"_links":{"self":[{"href":"https:\/\/unrostore.com\/de-at\/wp-json\/wp\/v2\/product\/2865","targetHints":{"allow":["GET"]}}],"collection":[{"href":"https:\/\/unrostore.com\/de-at\/wp-json\/wp\/v2\/product"}],"about":[{"href":"https:\/\/unrostore.com\/de-at\/wp-json\/wp\/v2\/types\/product"}],"wp:featuredmedia":[{"embeddable":true,"href":"https:\/\/unrostore.com\/de-at\/wp-json\/wp\/v2\/media\/7169"}],"wp:attachment":[{"href":"https:\/\/unrostore.com\/de-at\/wp-json\/wp\/v2\/media?parent=2865"}],"wp:term":[{"taxonomy":"product_brand","embeddable":true,"href":"https:\/\/unrostore.com\/de-at\/wp-json\/wp\/v2\/product_brand?post=2865"},{"taxonomy":"product_cat","embeddable":true,"href":"https:\/\/unrostore.com\/de-at\/wp-json\/wp\/v2\/product_cat?post=2865"},{"taxonomy":"product_tag","embeddable":true,"href":"https:\/\/unrostore.com\/de-at\/wp-json\/wp\/v2\/product_tag?post=2865"}],"curies":[{"name":"wp","href":"https:\/\/api.w.org\/{rel}","templated":true}]}}