{"id":2864,"date":"2023-01-16T19:34:10","date_gmt":"2023-01-16T19:34:10","guid":{"rendered":"https:\/\/unrostore.com\/?post_type=product&#038;p=2864"},"modified":"2026-03-28T19:17:54","modified_gmt":"2026-03-28T19:17:54","slug":"essteller-weises-segel-4-stuck","status":"publish","type":"product","link":"https:\/\/unrostore.com\/de-at\/shop\/terrafina\/sail\/essteller-weises-segel-4-stuck\/","title":{"rendered":"Essteller White Sail - 4-teilig"},"content":{"rendered":"<h3>Terrafina's sch\u00f6ne Essteller White Sail<\/h3>\n<p>Die<strong> Essteller White Sail <\/strong>Satz mit 4 Tellern aus <a href=\"https:\/\/www.terrafinastore.com\/en\/collections\/sail\">Terrafina<\/a> Sie sind perfekt f\u00fcr jede Gelegenheit. Sie sind eines unserer Lieblingsst\u00fccke! Sie k\u00f6nnen diese Teller t\u00e4glich zum Abendessen oder f\u00fcr besondere Anl\u00e4sse verwenden. Sind Sie mit dem Essen fertig? Dann k\u00f6nnen Sie sie direkt in die Sp\u00fclmaschine stellen und am n\u00e4chsten Tag f\u00fcr Ihr Mittag- oder Abendessen wieder verwenden. Zumindest m\u00fcssen Sie sie nicht im Schrank aufbewahren. ;-). So bekommen Sie das einfache und luxuri\u00f6se Gef\u00fchl, ausw\u00e4rts zu essen, in Ihr Zuhause. Kombinieren Sie mit <a href=\"https:\/\/unrostore.com\/de-at\/shop\/terrafina\/sail\/gebaksbordjes-wit-sail-4-delig\/\">Sail Fr\u00fchst\u00fccksteller<\/a>, <a href=\"https:\/\/unrostore.com\/de-at\/shop\/terrafina\/sail\/pasta-borden-wit-sail-set-van-4\/\">Sail Nudelteller<\/a>, <a href=\"https:\/\/unrostore.com\/de-at\/shop\/terrafina\/sail\/weise-schalen-segel-4-stuck\/\">Segelschalen<\/a> und die <a href=\"https:\/\/unrostore.com\/de-at\/shop\/terrafina\/sail\/sail-serveerkom\/\">Sail Serve-Schale<\/a> oder <a href=\"https:\/\/unrostore.com\/de-at\/shop\/terrafina\/sail\/sail-serveerschaal-2-groottes\/\">Sail Servierplatte - 2 Gr\u00f6\u00dfen<\/a> f\u00fcr einen sch\u00f6n gedeckten Tisch. Kaufen Sie diese Essteller jetzt und erhalten Sie dazu eine sch\u00f6ne Geschenkbox von Terrafina.<\/p>\n<p>&nbsp;<\/p>\n<h3>Dies ist die Anzahl der Essteller, die Sie erhalten werden<\/h3>\n<ul>\n<li><strong>4x<\/strong> Segel Essteller \u00f8 28,5 cm<\/li>\n<li><strong>1x\u00a0<\/strong>Geschenkpackung von Terrafina<\/li>\n<\/ul>\n<p>&nbsp;<\/p>\n<p><em><strong>Nachhaltig f\u00fcr Mensch und Umwelt:<\/strong><br \/>\nJedes Produkt ist einzigartig, da es handgefertigt ist.<br \/>\nDruck und Textur k\u00f6nnen daher leicht vom Produktfoto abweichen.<\/em><\/p>","protected":false},"excerpt":{"rendered":"<div class=\"usps\"><i class=\"far fa-check-circle\"><\/i> Mikrowellenfest<br \/>\n<i class=\"far fa-check-circle\"><\/i> Backofenfest (bis zu 200 Grad)<br \/>\n<i class=\"far fa-check-circle\"><\/i> Sp\u00fclmaschinentauglich<br \/>\n<i class=\"far fa-thumbs-up\"><\/i> Handgefertigt<\/div>","protected":false},"featured_media":7170,"template":"","meta":[],"product_brand":[],"product_cat":[235,318,119,139],"product_tag":[177,129,283,284,171,237,238,124,123,224],"class_list":{"0":"post-2864","1":"product","2":"type-product","3":"status-publish","4":"has-post-thumbnail","6":"product_cat-borden","7":"product_cat-dinerborden","8":"product_cat-terrafina","9":"product_cat-sail","10":"product_tag-blauw","11":"product_tag-borden","12":"product_tag-dinerbord","13":"product_tag-dinerborden","14":"product_tag-groen","15":"product_tag-groot-bord","16":"product_tag-grote-borden","17":"product_tag-sail","18":"product_tag-terrafina","19":"product_tag-wit","20":"product_shipping_class-pakket","22":"first","23":"outofstock","24":"sale","25":"taxable","26":"shipping-taxable","27":"purchasable","28":"product-type-simple"},"yoast_head":"<!-- This site is optimized with the Yoast SEO plugin v27.4 - https:\/\/yoast.com\/product\/yoast-seo-wordpress\/ -->\n<title>Dinerborden Wit Sail - 4-delig &#8226; UNRO<\/title>\n<meta name=\"description\" content=\"Prachtige Portugese Dinerborden Wit Sail van Terrafina bij UNRO. Combineer jouw dinerborden met een bijpassende serveerschaal, gebaksbordjes en soepkommen.\" \/>\n<meta name=\"robots\" content=\"index, follow, max-snippet:-1, max-image-preview:large, max-video-preview:-1\" \/>\n<link rel=\"canonical\" href=\"https:\/\/unrostore.com\/de-at\/shop\/terrafina\/sail\/essteller-weises-segel-4-stuck\/\" \/>\n<meta property=\"og:locale\" content=\"de_DE\" \/>\n<meta property=\"og:type\" content=\"article\" \/>\n<meta property=\"og:title\" content=\"Dinerborden Wit Sail - 4-delig &#8226; UNRO\" \/>\n<meta property=\"og:description\" content=\"Prachtige Portugese Dinerborden Wit Sail van Terrafina bij UNRO. Combineer jouw dinerborden met een bijpassende serveerschaal, gebaksbordjes en soepkommen.\" \/>\n<meta property=\"og:url\" content=\"https:\/\/unrostore.com\/de-at\/shop\/terrafina\/sail\/essteller-weises-segel-4-stuck\/\" \/>\n<meta property=\"og:site_name\" content=\"UNRO\" \/>\n<meta property=\"article:modified_time\" content=\"2026-03-28T19:17:54+00:00\" \/>\n<meta property=\"og:image\" content=\"https:\/\/unrostore.com\/wp-content\/uploads\/2023\/01\/unro-wit-blauwe-dinerborden-set.webp\" \/>\n\t<meta property=\"og:image:width\" content=\"1000\" \/>\n\t<meta property=\"og:image:height\" content=\"1000\" \/>\n\t<meta property=\"og:image:type\" content=\"image\/webp\" \/>\n<meta name=\"twitter:card\" content=\"summary_large_image\" \/>\n<script type=\"application\/ld+json\" class=\"yoast-schema-graph\">{\"@context\":\"https:\\\/\\\/schema.org\",\"@graph\":[{\"@type\":\"WebPage\",\"@id\":\"https:\\\/\\\/unrostore.com\\\/shop\\\/terrafina\\\/sail\\\/dinerborden-wit-sail-4-delig\\\/\",\"url\":\"https:\\\/\\\/unrostore.com\\\/shop\\\/terrafina\\\/sail\\\/dinerborden-wit-sail-4-delig\\\/\",\"name\":\"Dinerborden Wit Sail - 4-delig &#8226; UNRO\",\"isPartOf\":{\"@id\":\"https:\\\/\\\/unrostore.com\\\/#website\"},\"primaryImageOfPage\":{\"@id\":\"https:\\\/\\\/unrostore.com\\\/shop\\\/terrafina\\\/sail\\\/dinerborden-wit-sail-4-delig\\\/#primaryimage\"},\"image\":{\"@id\":\"https:\\\/\\\/unrostore.com\\\/shop\\\/terrafina\\\/sail\\\/dinerborden-wit-sail-4-delig\\\/#primaryimage\"},\"thumbnailUrl\":\"https:\\\/\\\/unrostore.com\\\/wp-content\\\/uploads\\\/2023\\\/01\\\/unro-wit-blauwe-dinerborden-set.webp\",\"datePublished\":\"2023-01-16T19:34:10+00:00\",\"dateModified\":\"2026-03-28T19:17:54+00:00\",\"description\":\"Prachtige Portugese Dinerborden Wit Sail van Terrafina bij UNRO. Combineer jouw dinerborden met een bijpassende serveerschaal, gebaksbordjes en soepkommen.\",\"breadcrumb\":{\"@id\":\"https:\\\/\\\/unrostore.com\\\/shop\\\/terrafina\\\/sail\\\/dinerborden-wit-sail-4-delig\\\/#breadcrumb\"},\"inLanguage\":\"de-AT\",\"potentialAction\":[{\"@type\":\"ReadAction\",\"target\":[\"https:\\\/\\\/unrostore.com\\\/shop\\\/terrafina\\\/sail\\\/dinerborden-wit-sail-4-delig\\\/\"]}]},{\"@type\":\"ImageObject\",\"inLanguage\":\"de-AT\",\"@id\":\"https:\\\/\\\/unrostore.com\\\/shop\\\/terrafina\\\/sail\\\/dinerborden-wit-sail-4-delig\\\/#primaryimage\",\"url\":\"https:\\\/\\\/unrostore.com\\\/wp-content\\\/uploads\\\/2023\\\/01\\\/unro-wit-blauwe-dinerborden-set.webp\",\"contentUrl\":\"https:\\\/\\\/unrostore.com\\\/wp-content\\\/uploads\\\/2023\\\/01\\\/unro-wit-blauwe-dinerborden-set.webp\",\"width\":1000,\"height\":1000,\"caption\":\"Wit Blauw Dinerbord\"},{\"@type\":\"BreadcrumbList\",\"@id\":\"https:\\\/\\\/unrostore.com\\\/shop\\\/terrafina\\\/sail\\\/dinerborden-wit-sail-4-delig\\\/#breadcrumb\",\"itemListElement\":[{\"@type\":\"ListItem\",\"position\":1,\"name\":\"Home\",\"item\":\"https:\\\/\\\/unrostore.com\\\/\"},{\"@type\":\"ListItem\",\"position\":2,\"name\":\"Shop\",\"item\":\"https:\\\/\\\/unrostore.com\\\/shop\\\/\"},{\"@type\":\"ListItem\",\"position\":3,\"name\":\"Dinerborden Wit Sail &#8211; 4-delig\"}]},{\"@type\":\"WebSite\",\"@id\":\"https:\\\/\\\/unrostore.com\\\/#website\",\"url\":\"https:\\\/\\\/unrostore.com\\\/\",\"name\":\"UNRO\",\"description\":\"Portugees servies waar je blij van wordt!\",\"publisher\":{\"@id\":\"https:\\\/\\\/unrostore.com\\\/#organization\"},\"potentialAction\":[{\"@type\":\"SearchAction\",\"target\":{\"@type\":\"EntryPoint\",\"urlTemplate\":\"https:\\\/\\\/unrostore.com\\\/?s={search_term_string}\"},\"query-input\":{\"@type\":\"PropertyValueSpecification\",\"valueRequired\":true,\"valueName\":\"search_term_string\"}}],\"inLanguage\":\"de-AT\"},{\"@type\":\"Organization\",\"@id\":\"https:\\\/\\\/unrostore.com\\\/#organization\",\"name\":\"UNRO\",\"url\":\"https:\\\/\\\/unrostore.com\\\/\",\"logo\":{\"@type\":\"ImageObject\",\"inLanguage\":\"de-AT\",\"@id\":\"https:\\\/\\\/unrostore.com\\\/#\\\/schema\\\/logo\\\/image\\\/\",\"url\":\"https:\\\/\\\/unrostore.com\\\/wp-content\\\/uploads\\\/2022\\\/05\\\/Logo-UNRO.png\",\"contentUrl\":\"https:\\\/\\\/unrostore.com\\\/wp-content\\\/uploads\\\/2022\\\/05\\\/Logo-UNRO.png\",\"width\":605,\"height\":179,\"caption\":\"UNRO\"},\"image\":{\"@id\":\"https:\\\/\\\/unrostore.com\\\/#\\\/schema\\\/logo\\\/image\\\/\"}}]}<\/script>\n<!-- \/ Yoast SEO plugin. -->","yoast_head_json":{"title":"Essteller White Sail - 4-teilig - UNRO","description":"Sch\u00f6ne portugiesische Speiseteller White Sail von Terrafina bei UNRO. Kombinieren Sie Ihre Essteller mit einer passenden Servierplatte, Kuchentellern und Suppenschalen.","robots":{"index":"index","follow":"follow","max-snippet":"max-snippet:-1","max-image-preview":"max-image-preview:large","max-video-preview":"max-video-preview:-1"},"canonical":"https:\/\/unrostore.com\/de-at\/shop\/terrafina\/sail\/essteller-weises-segel-4-stuck\/","og_locale":"de_DE","og_type":"article","og_title":"Dinerborden Wit Sail - 4-delig &#8226; UNRO","og_description":"Prachtige Portugese Dinerborden Wit Sail van Terrafina bij UNRO. Combineer jouw dinerborden met een bijpassende serveerschaal, gebaksbordjes en soepkommen.","og_url":"https:\/\/unrostore.com\/de-at\/shop\/terrafina\/sail\/essteller-weises-segel-4-stuck\/","og_site_name":"UNRO","article_modified_time":"2026-03-28T19:17:54+00:00","og_image":[{"width":1000,"height":1000,"url":"https:\/\/unrostore.com\/wp-content\/uploads\/2023\/01\/unro-wit-blauwe-dinerborden-set.webp","type":"image\/webp"}],"twitter_card":"summary_large_image","schema":{"@context":"https:\/\/schema.org","@graph":[{"@type":"WebPage","@id":"https:\/\/unrostore.com\/shop\/terrafina\/sail\/dinerborden-wit-sail-4-delig\/","url":"https:\/\/unrostore.com\/shop\/terrafina\/sail\/dinerborden-wit-sail-4-delig\/","name":"Essteller White Sail - 4-teilig - UNRO","isPartOf":{"@id":"https:\/\/unrostore.com\/#website"},"primaryImageOfPage":{"@id":"https:\/\/unrostore.com\/shop\/terrafina\/sail\/dinerborden-wit-sail-4-delig\/#primaryimage"},"image":{"@id":"https:\/\/unrostore.com\/shop\/terrafina\/sail\/dinerborden-wit-sail-4-delig\/#primaryimage"},"thumbnailUrl":"https:\/\/unrostore.com\/wp-content\/uploads\/2023\/01\/unro-wit-blauwe-dinerborden-set.webp","datePublished":"2023-01-16T19:34:10+00:00","dateModified":"2026-03-28T19:17:54+00:00","description":"Sch\u00f6ne portugiesische Speiseteller White Sail von Terrafina bei UNRO. Kombinieren Sie Ihre Essteller mit einer passenden Servierplatte, Kuchentellern und Suppenschalen.","breadcrumb":{"@id":"https:\/\/unrostore.com\/shop\/terrafina\/sail\/dinerborden-wit-sail-4-delig\/#breadcrumb"},"inLanguage":"de-AT","potentialAction":[{"@type":"ReadAction","target":["https:\/\/unrostore.com\/shop\/terrafina\/sail\/dinerborden-wit-sail-4-delig\/"]}]},{"@type":"ImageObject","inLanguage":"de-AT","@id":"https:\/\/unrostore.com\/shop\/terrafina\/sail\/dinerborden-wit-sail-4-delig\/#primaryimage","url":"https:\/\/unrostore.com\/wp-content\/uploads\/2023\/01\/unro-wit-blauwe-dinerborden-set.webp","contentUrl":"https:\/\/unrostore.com\/wp-content\/uploads\/2023\/01\/unro-wit-blauwe-dinerborden-set.webp","width":1000,"height":1000,"caption":"Wit Blauw Dinerbord"},{"@type":"BreadcrumbList","@id":"https:\/\/unrostore.com\/shop\/terrafina\/sail\/dinerborden-wit-sail-4-delig\/#breadcrumb","itemListElement":[{"@type":"ListItem","position":1,"name":"Home","item":"https:\/\/unrostore.com\/"},{"@type":"ListItem","position":2,"name":"Shop","item":"https:\/\/unrostore.com\/shop\/"},{"@type":"ListItem","position":3,"name":"Dinerborden Wit Sail &#8211; 4-delig"}]},{"@type":"WebSite","@id":"https:\/\/unrostore.com\/#website","url":"https:\/\/unrostore.com\/","name":"UNRO","description":"Portugiesisches Geschirr, das Sie gl\u00fccklich machen wird!","publisher":{"@id":"https:\/\/unrostore.com\/#organization"},"potentialAction":[{"@type":"SearchAction","target":{"@type":"EntryPoint","urlTemplate":"https:\/\/unrostore.com\/?s={search_term_string}"},"query-input":{"@type":"PropertyValueSpecification","valueRequired":true,"valueName":"search_term_string"}}],"inLanguage":"de-AT"},{"@type":"Organization","@id":"https:\/\/unrostore.com\/#organization","name":"UNRO","url":"https:\/\/unrostore.com\/","logo":{"@type":"ImageObject","inLanguage":"de-AT","@id":"https:\/\/unrostore.com\/#\/schema\/logo\/image\/","url":"https:\/\/unrostore.com\/wp-content\/uploads\/2022\/05\/Logo-UNRO.png","contentUrl":"https:\/\/unrostore.com\/wp-content\/uploads\/2022\/05\/Logo-UNRO.png","width":605,"height":179,"caption":"UNRO"},"image":{"@id":"https:\/\/unrostore.com\/#\/schema\/logo\/image\/"}}]}},"_links":{"self":[{"href":"https:\/\/unrostore.com\/de-at\/wp-json\/wp\/v2\/product\/2864","targetHints":{"allow":["GET"]}}],"collection":[{"href":"https:\/\/unrostore.com\/de-at\/wp-json\/wp\/v2\/product"}],"about":[{"href":"https:\/\/unrostore.com\/de-at\/wp-json\/wp\/v2\/types\/product"}],"wp:featuredmedia":[{"embeddable":true,"href":"https:\/\/unrostore.com\/de-at\/wp-json\/wp\/v2\/media\/7170"}],"wp:attachment":[{"href":"https:\/\/unrostore.com\/de-at\/wp-json\/wp\/v2\/media?parent=2864"}],"wp:term":[{"taxonomy":"product_brand","embeddable":true,"href":"https:\/\/unrostore.com\/de-at\/wp-json\/wp\/v2\/product_brand?post=2864"},{"taxonomy":"product_cat","embeddable":true,"href":"https:\/\/unrostore.com\/de-at\/wp-json\/wp\/v2\/product_cat?post=2864"},{"taxonomy":"product_tag","embeddable":true,"href":"https:\/\/unrostore.com\/de-at\/wp-json\/wp\/v2\/product_tag?post=2864"}],"curies":[{"name":"wp","href":"https:\/\/api.w.org\/{rel}","templated":true}]}}