{"id":2863,"date":"2023-01-16T19:28:01","date_gmt":"2023-01-16T19:28:01","guid":{"rendered":"https:\/\/unrostore.com\/?post_type=product&#038;p=2863"},"modified":"2026-01-19T20:37:51","modified_gmt":"2026-01-19T20:37:51","slug":"braune-fruhstucksschale-kaffee-2-stuck","status":"publish","type":"product","link":"https:\/\/unrostore.com\/de-at\/shop\/terrafina\/kaffee\/braune-fruhstucksschale-kaffee-2-stuck\/","title":{"rendered":"Braune Fr\u00fchst\u00fccksschale Coffee - 2-teilig"},"content":{"rendered":"<h3>Entdecken Sie den Komfort der braune Fr\u00fchst\u00fccksschalen Coffee - 2 St\u00fcck<\/h3>\n<p>Die <strong>braune Fr\u00fchst\u00fcckssch\u00fcssel Coffee<\/strong> 2er-Set Geschirr aus <a href=\"https:\/\/www.terrafinastore.com\/en\/collections\/coffee\">Terrafina<\/a> sind perfekt f\u00fcr Ihr Joghurt- oder Haferflockenfr\u00fchst\u00fcck am Morgen und als Suppenschale, Acai-Schale oder Joghurtschale am Nachmittag oder Abend. Die Schalen sind aus hochwertiger Keramik gefertigt: reines Steingut. Dadurch sind die Sch\u00fcsseln leicht zu pflegen. Die dunkelbraune, matte Optik mit gl\u00e4nzendem Rand verleiht den Coffee Bowls einen Hotel-Chic-Look und passt in jedes Interieur. Kombinieren Sie die Schalen mit dem <a href=\"https:\/\/unrostore.com\/de-at\/shop\/terrafina\/kaffee\/coffee-dinerborden-4-delig\/\">Coffee Essteller - 4-tlg.<\/a> und vervollst\u00e4ndigen Sie Ihr Set mit dem <a href=\"https:\/\/unrostore.com\/de-at\/shop\/terrafina\/kaffee\/coffee-ontbijtborden-4-delig\/\">Coffee Fr\u00fchst\u00fccksteller - 4-teilig<\/a>!<\/p>\n<p>&nbsp;<\/p>\n<h3>Dies ist die Anzahl der Schalen, die Sie geliefert bekommen<\/h3>\n<ul>\n<li><strong>2x <\/strong>Coffee Schale \u00f8 15 cm<\/li>\n<li><strong>1x<\/strong> Terrafina-Geschenkverpackungen<\/li>\n<\/ul>\n<p><em><strong><br \/>\nNachhaltig f\u00fcr Mensch und Umwelt:<\/strong><br \/>\n<\/em><em>Jedes Produkt ist ein Unikat, denn es wird in Handarbeit hergestellt.<br \/>\nDruck und Textur k\u00f6nnen daher leicht vom Produktfoto abweichen.<\/em><\/p>","protected":false},"excerpt":{"rendered":"<div class=\"usps\"><i class=\"far fa-check-circle\"><\/i> Mikrowellenfest<br \/>\n<i class=\"far fa-check-circle\"><\/i> Backofenfest (bis zu 200 Grad)<br \/>\n<i class=\"far fa-check-circle\"><\/i> Sp\u00fclmaschinentauglich<br \/>\n<i class=\"far fa-thumbs-up\"><\/i> Handgefertigt<\/div>","protected":false},"featured_media":6145,"template":"","meta":[],"product_brand":[],"product_cat":[178,135,119],"product_tag":[696,295,697,179,296,601,137,131,698,241,242,602,677,604,691,603],"class_list":{"0":"post-2863","1":"product","2":"type-product","3":"status-publish","4":"has-post-thumbnail","6":"product_cat-coffee","7":"product_cat-kommen","8":"product_cat-terrafina","9":"product_tag-acai-bowl","10":"product_tag-bruin","11":"product_tag-bruine-tapasschaaltjes","12":"product_tag-coffee","13":"product_tag-donker","14":"product_tag-hapjesschaal","15":"product_tag-kom","16":"product_tag-kommen","17":"product_tag-kommetjres","18":"product_tag-muesli","19":"product_tag-ontbijt","20":"product_tag-ontbijtkom","21":"product_tag-schaaltjes","22":"product_tag-soep","23":"product_tag-tapasschaaltjes","24":"product_tag-yoghurt","26":"first","27":"instock","28":"sale","29":"taxable","30":"shipping-taxable","31":"purchasable","32":"product-type-simple"},"yoast_head":"<!-- This site is optimized with the Yoast SEO plugin v27.4 - https:\/\/yoast.com\/product\/yoast-seo-wordpress\/ -->\n<title>Bruine Ontbijtkom Coffee - 2-delig &#8226; UNRO<\/title>\n<meta name=\"description\" content=\"De Bruine Ontbijtkom Coffee van Terrafina zijn perfect voor jouw yoghurt of muesli ontbijt of als soepkom of acai bowl in de middag of avond.\" \/>\n<meta name=\"robots\" content=\"index, follow, max-snippet:-1, max-image-preview:large, max-video-preview:-1\" \/>\n<link rel=\"canonical\" href=\"https:\/\/unrostore.com\/de-at\/shop\/terrafina\/kaffee\/braune-fruhstucksschale-kaffee-2-stuck\/\" \/>\n<meta property=\"og:locale\" content=\"de_DE\" \/>\n<meta property=\"og:type\" content=\"article\" \/>\n<meta property=\"og:title\" content=\"Bruine Ontbijtkom Coffee - 2-delig &#8226; UNRO\" \/>\n<meta property=\"og:description\" content=\"De Bruine Ontbijtkom Coffee van Terrafina zijn perfect voor jouw yoghurt of muesli ontbijt of als soepkom of acai bowl in de middag of avond.\" \/>\n<meta property=\"og:url\" content=\"https:\/\/unrostore.com\/de-at\/shop\/terrafina\/kaffee\/braune-fruhstucksschale-kaffee-2-stuck\/\" \/>\n<meta property=\"og:site_name\" content=\"UNRO\" \/>\n<meta property=\"article:modified_time\" content=\"2026-01-19T20:37:51+00:00\" \/>\n<meta property=\"og:image\" content=\"https:\/\/unrostore.com\/wp-content\/uploads\/2023\/01\/unro-portugees-servies-bruine-kom.webp\" \/>\n\t<meta property=\"og:image:width\" content=\"1000\" \/>\n\t<meta property=\"og:image:height\" content=\"1000\" \/>\n\t<meta property=\"og:image:type\" content=\"image\/webp\" \/>\n<meta name=\"twitter:card\" content=\"summary_large_image\" \/>\n<script type=\"application\/ld+json\" class=\"yoast-schema-graph\">{\"@context\":\"https:\\\/\\\/schema.org\",\"@graph\":[{\"@type\":\"WebPage\",\"@id\":\"https:\\\/\\\/unrostore.com\\\/shop\\\/terrafina\\\/coffee\\\/bruine-ontbijtkom-coffee-2-delig\\\/\",\"url\":\"https:\\\/\\\/unrostore.com\\\/shop\\\/terrafina\\\/coffee\\\/bruine-ontbijtkom-coffee-2-delig\\\/\",\"name\":\"Bruine Ontbijtkom Coffee - 2-delig &#8226; UNRO\",\"isPartOf\":{\"@id\":\"https:\\\/\\\/unrostore.com\\\/#website\"},\"primaryImageOfPage\":{\"@id\":\"https:\\\/\\\/unrostore.com\\\/shop\\\/terrafina\\\/coffee\\\/bruine-ontbijtkom-coffee-2-delig\\\/#primaryimage\"},\"image\":{\"@id\":\"https:\\\/\\\/unrostore.com\\\/shop\\\/terrafina\\\/coffee\\\/bruine-ontbijtkom-coffee-2-delig\\\/#primaryimage\"},\"thumbnailUrl\":\"https:\\\/\\\/unrostore.com\\\/wp-content\\\/uploads\\\/2023\\\/01\\\/unro-portugees-servies-bruine-kom.webp\",\"datePublished\":\"2023-01-16T19:28:01+00:00\",\"dateModified\":\"2026-01-19T20:37:51+00:00\",\"description\":\"De Bruine Ontbijtkom Coffee van Terrafina zijn perfect voor jouw yoghurt of muesli ontbijt of als soepkom of acai bowl in de middag of avond.\",\"breadcrumb\":{\"@id\":\"https:\\\/\\\/unrostore.com\\\/shop\\\/terrafina\\\/coffee\\\/bruine-ontbijtkom-coffee-2-delig\\\/#breadcrumb\"},\"inLanguage\":\"de-AT\",\"potentialAction\":[{\"@type\":\"ReadAction\",\"target\":[\"https:\\\/\\\/unrostore.com\\\/shop\\\/terrafina\\\/coffee\\\/bruine-ontbijtkom-coffee-2-delig\\\/\"]}]},{\"@type\":\"ImageObject\",\"inLanguage\":\"de-AT\",\"@id\":\"https:\\\/\\\/unrostore.com\\\/shop\\\/terrafina\\\/coffee\\\/bruine-ontbijtkom-coffee-2-delig\\\/#primaryimage\",\"url\":\"https:\\\/\\\/unrostore.com\\\/wp-content\\\/uploads\\\/2023\\\/01\\\/unro-portugees-servies-bruine-kom.webp\",\"contentUrl\":\"https:\\\/\\\/unrostore.com\\\/wp-content\\\/uploads\\\/2023\\\/01\\\/unro-portugees-servies-bruine-kom.webp\",\"width\":1000,\"height\":1000,\"caption\":\"bruine kom\"},{\"@type\":\"BreadcrumbList\",\"@id\":\"https:\\\/\\\/unrostore.com\\\/shop\\\/terrafina\\\/coffee\\\/bruine-ontbijtkom-coffee-2-delig\\\/#breadcrumb\",\"itemListElement\":[{\"@type\":\"ListItem\",\"position\":1,\"name\":\"Home\",\"item\":\"https:\\\/\\\/unrostore.com\\\/\"},{\"@type\":\"ListItem\",\"position\":2,\"name\":\"Shop\",\"item\":\"https:\\\/\\\/unrostore.com\\\/shop\\\/\"},{\"@type\":\"ListItem\",\"position\":3,\"name\":\"Bruine Ontbijtkom Coffee &#8211; 2-delig\"}]},{\"@type\":\"WebSite\",\"@id\":\"https:\\\/\\\/unrostore.com\\\/#website\",\"url\":\"https:\\\/\\\/unrostore.com\\\/\",\"name\":\"UNRO\",\"description\":\"Portugees servies waar je blij van wordt!\",\"publisher\":{\"@id\":\"https:\\\/\\\/unrostore.com\\\/#organization\"},\"potentialAction\":[{\"@type\":\"SearchAction\",\"target\":{\"@type\":\"EntryPoint\",\"urlTemplate\":\"https:\\\/\\\/unrostore.com\\\/?s={search_term_string}\"},\"query-input\":{\"@type\":\"PropertyValueSpecification\",\"valueRequired\":true,\"valueName\":\"search_term_string\"}}],\"inLanguage\":\"de-AT\"},{\"@type\":\"Organization\",\"@id\":\"https:\\\/\\\/unrostore.com\\\/#organization\",\"name\":\"UNRO\",\"url\":\"https:\\\/\\\/unrostore.com\\\/\",\"logo\":{\"@type\":\"ImageObject\",\"inLanguage\":\"de-AT\",\"@id\":\"https:\\\/\\\/unrostore.com\\\/#\\\/schema\\\/logo\\\/image\\\/\",\"url\":\"https:\\\/\\\/unrostore.com\\\/wp-content\\\/uploads\\\/2022\\\/05\\\/Logo-UNRO.png\",\"contentUrl\":\"https:\\\/\\\/unrostore.com\\\/wp-content\\\/uploads\\\/2022\\\/05\\\/Logo-UNRO.png\",\"width\":605,\"height\":179,\"caption\":\"UNRO\"},\"image\":{\"@id\":\"https:\\\/\\\/unrostore.com\\\/#\\\/schema\\\/logo\\\/image\\\/\"}}]}<\/script>\n<!-- \/ Yoast SEO plugin. -->","yoast_head_json":{"title":"Braune Fr\u00fchst\u00fccksschale Kaffee - 2-teilig - UNRO","description":"Die Brown Breakfast Bowl Coffee von Terrafina eignen sich perfekt f\u00fcr Ihr Joghurt- oder M\u00fcslifr\u00fchst\u00fcck oder als Suppen- oder Acai-Bowl am Nachmittag oder Abend.","robots":{"index":"index","follow":"follow","max-snippet":"max-snippet:-1","max-image-preview":"max-image-preview:large","max-video-preview":"max-video-preview:-1"},"canonical":"https:\/\/unrostore.com\/de-at\/shop\/terrafina\/kaffee\/braune-fruhstucksschale-kaffee-2-stuck\/","og_locale":"de_DE","og_type":"article","og_title":"Bruine Ontbijtkom Coffee - 2-delig &#8226; UNRO","og_description":"De Bruine Ontbijtkom Coffee van Terrafina zijn perfect voor jouw yoghurt of muesli ontbijt of als soepkom of acai bowl in de middag of avond.","og_url":"https:\/\/unrostore.com\/de-at\/shop\/terrafina\/kaffee\/braune-fruhstucksschale-kaffee-2-stuck\/","og_site_name":"UNRO","article_modified_time":"2026-01-19T20:37:51+00:00","og_image":[{"width":1000,"height":1000,"url":"https:\/\/unrostore.com\/wp-content\/uploads\/2023\/01\/unro-portugees-servies-bruine-kom.webp","type":"image\/webp"}],"twitter_card":"summary_large_image","schema":{"@context":"https:\/\/schema.org","@graph":[{"@type":"WebPage","@id":"https:\/\/unrostore.com\/shop\/terrafina\/coffee\/bruine-ontbijtkom-coffee-2-delig\/","url":"https:\/\/unrostore.com\/shop\/terrafina\/coffee\/bruine-ontbijtkom-coffee-2-delig\/","name":"Braune Fr\u00fchst\u00fccksschale Kaffee - 2-teilig - UNRO","isPartOf":{"@id":"https:\/\/unrostore.com\/#website"},"primaryImageOfPage":{"@id":"https:\/\/unrostore.com\/shop\/terrafina\/coffee\/bruine-ontbijtkom-coffee-2-delig\/#primaryimage"},"image":{"@id":"https:\/\/unrostore.com\/shop\/terrafina\/coffee\/bruine-ontbijtkom-coffee-2-delig\/#primaryimage"},"thumbnailUrl":"https:\/\/unrostore.com\/wp-content\/uploads\/2023\/01\/unro-portugees-servies-bruine-kom.webp","datePublished":"2023-01-16T19:28:01+00:00","dateModified":"2026-01-19T20:37:51+00:00","description":"Die Brown Breakfast Bowl Coffee von Terrafina eignen sich perfekt f\u00fcr Ihr Joghurt- oder M\u00fcslifr\u00fchst\u00fcck oder als Suppen- oder Acai-Bowl am Nachmittag oder Abend.","breadcrumb":{"@id":"https:\/\/unrostore.com\/shop\/terrafina\/coffee\/bruine-ontbijtkom-coffee-2-delig\/#breadcrumb"},"inLanguage":"de-AT","potentialAction":[{"@type":"ReadAction","target":["https:\/\/unrostore.com\/shop\/terrafina\/coffee\/bruine-ontbijtkom-coffee-2-delig\/"]}]},{"@type":"ImageObject","inLanguage":"de-AT","@id":"https:\/\/unrostore.com\/shop\/terrafina\/coffee\/bruine-ontbijtkom-coffee-2-delig\/#primaryimage","url":"https:\/\/unrostore.com\/wp-content\/uploads\/2023\/01\/unro-portugees-servies-bruine-kom.webp","contentUrl":"https:\/\/unrostore.com\/wp-content\/uploads\/2023\/01\/unro-portugees-servies-bruine-kom.webp","width":1000,"height":1000,"caption":"bruine kom"},{"@type":"BreadcrumbList","@id":"https:\/\/unrostore.com\/shop\/terrafina\/coffee\/bruine-ontbijtkom-coffee-2-delig\/#breadcrumb","itemListElement":[{"@type":"ListItem","position":1,"name":"Home","item":"https:\/\/unrostore.com\/"},{"@type":"ListItem","position":2,"name":"Shop","item":"https:\/\/unrostore.com\/shop\/"},{"@type":"ListItem","position":3,"name":"Bruine Ontbijtkom Coffee &#8211; 2-delig"}]},{"@type":"WebSite","@id":"https:\/\/unrostore.com\/#website","url":"https:\/\/unrostore.com\/","name":"UNRO","description":"Portugiesisches Geschirr, das Sie gl\u00fccklich machen wird!","publisher":{"@id":"https:\/\/unrostore.com\/#organization"},"potentialAction":[{"@type":"SearchAction","target":{"@type":"EntryPoint","urlTemplate":"https:\/\/unrostore.com\/?s={search_term_string}"},"query-input":{"@type":"PropertyValueSpecification","valueRequired":true,"valueName":"search_term_string"}}],"inLanguage":"de-AT"},{"@type":"Organization","@id":"https:\/\/unrostore.com\/#organization","name":"UNRO","url":"https:\/\/unrostore.com\/","logo":{"@type":"ImageObject","inLanguage":"de-AT","@id":"https:\/\/unrostore.com\/#\/schema\/logo\/image\/","url":"https:\/\/unrostore.com\/wp-content\/uploads\/2022\/05\/Logo-UNRO.png","contentUrl":"https:\/\/unrostore.com\/wp-content\/uploads\/2022\/05\/Logo-UNRO.png","width":605,"height":179,"caption":"UNRO"},"image":{"@id":"https:\/\/unrostore.com\/#\/schema\/logo\/image\/"}}]}},"_links":{"self":[{"href":"https:\/\/unrostore.com\/de-at\/wp-json\/wp\/v2\/product\/2863","targetHints":{"allow":["GET"]}}],"collection":[{"href":"https:\/\/unrostore.com\/de-at\/wp-json\/wp\/v2\/product"}],"about":[{"href":"https:\/\/unrostore.com\/de-at\/wp-json\/wp\/v2\/types\/product"}],"wp:featuredmedia":[{"embeddable":true,"href":"https:\/\/unrostore.com\/de-at\/wp-json\/wp\/v2\/media\/6145"}],"wp:attachment":[{"href":"https:\/\/unrostore.com\/de-at\/wp-json\/wp\/v2\/media?parent=2863"}],"wp:term":[{"taxonomy":"product_brand","embeddable":true,"href":"https:\/\/unrostore.com\/de-at\/wp-json\/wp\/v2\/product_brand?post=2863"},{"taxonomy":"product_cat","embeddable":true,"href":"https:\/\/unrostore.com\/de-at\/wp-json\/wp\/v2\/product_cat?post=2863"},{"taxonomy":"product_tag","embeddable":true,"href":"https:\/\/unrostore.com\/de-at\/wp-json\/wp\/v2\/product_tag?post=2863"}],"curies":[{"name":"wp","href":"https:\/\/api.w.org\/{rel}","templated":true}]}}