{"id":2862,"date":"2023-01-16T19:23:12","date_gmt":"2023-01-16T19:23:12","guid":{"rendered":"https:\/\/unrostore.com\/?post_type=product&#038;p=2862"},"modified":"2026-01-19T20:37:52","modified_gmt":"2026-01-19T20:37:52","slug":"braune-teller-fruhstuck-kaffee-4-stuck","status":"publish","type":"product","link":"https:\/\/unrostore.com\/de-at\/shop\/terrafina\/kaffee\/braune-teller-fruhstuck-kaffee-4-stuck\/","title":{"rendered":"Braune Fr\u00fchst\u00fccksteller Coffee - 4-tlg."},"content":{"rendered":"<h3>De robuuste Bruine Borden Ontbijt Coffee \u2013 4-delig van Terrafina<\/h3>\n<p>Diese <strong>Braune Fr\u00fchst\u00fccksteller Coffee<\/strong> Satz von 4 Kuchentellern von <a href=\"https:\/\/www.terrafinastore.com\/en\/collections\/coffee\">Terrafina<\/a> sind die perfekte Erg\u00e4nzung f\u00fcr die morgendliche Routine, die Kaffeezeit oder den High Tea. Die Fr\u00fchst\u00fccksteller sind langlebig, stilvoll und pflegeleicht, da die Kuchenteller aus hochwertiger Keramik hergestellt sind: reines Steingut. Ideal f\u00fcr Ihr t\u00e4gliches Fr\u00fchst\u00fcck, Mittagessen, Vorspeise(n) oder Abendessen. Der matte Look mit einem dezent gl\u00e4nzenden Rand bringt den Hotel-Chic in Ihr Zuhause. Der braune Farbton passt hervorragend zu Beige, Wei\u00df und Schwarz. Entdecken Sie jetzt die <a href=\"https:\/\/unrostore.com\/de-at\/shop\/terrafina\/kaffee\/coffee-dinerborden-4-delig\/\">Coffee Dinerborden \u2013 4-delig<\/a>.<\/p>\n<h3>Dies ist die Anzahl der Fr\u00fchst\u00fccksteller, die Sie geliefert bekommen:<\/h3>\n<ul>\n<li><strong>4x<\/strong> Coffee Fr\u00fchst\u00fccksteller \u00f8 22 cm<\/li>\n<li><strong>1x\u00a0<\/strong>Geschenkpackung von Terrafina<\/li>\n<\/ul>\n<p>\u00a0<\/p>\n<p><em><strong>Duurzaam voor mens & milieu:<\/strong><br \/>\nJedes Produkt ist einzigartig, da es handgefertigt ist.<br \/>\nDruck und Textur k\u00f6nnen daher leicht vom Produktfoto abweichen.<\/em><\/p>","protected":false},"excerpt":{"rendered":"<div class=\"usps\"><i class=\"far fa-check-circle\"><\/i> Mikrowellenfest<br \/>\n<i class=\"far fa-check-circle\"><\/i> Backofenfest (bis zu 200 Grad)<br \/>\n<i class=\"far fa-check-circle\"><\/i> Sp\u00fclmaschinentauglich<br \/>\n<i class=\"far fa-thumbs-up\"><\/i> Handgefertigt<\/div>","protected":false},"featured_media":6147,"template":"","meta":[],"product_brand":[],"product_cat":[235,178,317,119],"product_tag":[295,179,296,583,596,141,297,288,289,123],"class_list":{"0":"post-2862","1":"product","2":"type-product","3":"status-publish","4":"has-post-thumbnail","6":"product_cat-borden","7":"product_cat-coffee","8":"product_cat-ontbijtborden","9":"product_cat-terrafina","10":"product_tag-bruin","11":"product_tag-coffee","12":"product_tag-donker","13":"product_tag-gebaks-bordjes","14":"product_tag-gebaksbord","15":"product_tag-kleine-borden","16":"product_tag-mat","17":"product_tag-ontbijtbord","18":"product_tag-ontbijtborden","19":"product_tag-terrafina","20":"product_shipping_class-pakket","22":"first","23":"instock","24":"sale","25":"taxable","26":"shipping-taxable","27":"purchasable","28":"product-type-simple"},"yoast_head":"<!-- This site is optimized with the Yoast SEO plugin v27.6 - https:\/\/yoast.com\/product\/yoast-seo-wordpress\/ -->\n<title>Bruine Borden Ontbijt Coffee - 4-delig &#8226; UNRO<\/title>\n<meta name=\"description\" content=\"Deze Bruine Borden Ontbijt Coffee van Terrafina zijn de perfecte toevoeging aan jouw ochtendroutine en zorgen voor het hotel chique gevoel bij jou thuis!\" \/>\n<meta name=\"robots\" content=\"index, follow, max-snippet:-1, max-image-preview:large, max-video-preview:-1\" \/>\n<link rel=\"canonical\" href=\"https:\/\/unrostore.com\/de-at\/shop\/terrafina\/kaffee\/braune-teller-fruhstuck-kaffee-4-stuck\/\" \/>\n<meta property=\"og:locale\" content=\"de_DE\" \/>\n<meta property=\"og:type\" content=\"article\" \/>\n<meta property=\"og:title\" content=\"Bruine Borden Ontbijt Coffee - 4-delig &#8226; UNRO\" \/>\n<meta property=\"og:description\" content=\"Deze Bruine Borden Ontbijt Coffee van Terrafina zijn de perfecte toevoeging aan jouw ochtendroutine en zorgen voor het hotel chique gevoel bij jou thuis!\" \/>\n<meta property=\"og:url\" content=\"https:\/\/unrostore.com\/de-at\/shop\/terrafina\/kaffee\/braune-teller-fruhstuck-kaffee-4-stuck\/\" \/>\n<meta property=\"og:site_name\" content=\"UNRO\" \/>\n<meta property=\"article:modified_time\" content=\"2026-01-19T20:37:52+00:00\" \/>\n<meta property=\"og:image\" content=\"https:\/\/unrostore.com\/wp-content\/uploads\/2023\/01\/unro-portugees-servies-bruin-ontbijtbord.webp\" \/>\n\t<meta property=\"og:image:width\" content=\"1000\" \/>\n\t<meta property=\"og:image:height\" content=\"1000\" \/>\n\t<meta property=\"og:image:type\" content=\"image\/webp\" \/>\n<meta name=\"twitter:card\" content=\"summary_large_image\" \/>\n<script type=\"application\/ld+json\" class=\"yoast-schema-graph\">{\"@context\":\"https:\\\/\\\/schema.org\",\"@graph\":[{\"@type\":\"WebPage\",\"@id\":\"https:\\\/\\\/unrostore.com\\\/shop\\\/terrafina\\\/coffee\\\/bruine-borden-ontbijt-coffee-4-delig\\\/\",\"url\":\"https:\\\/\\\/unrostore.com\\\/shop\\\/terrafina\\\/coffee\\\/bruine-borden-ontbijt-coffee-4-delig\\\/\",\"name\":\"Bruine Borden Ontbijt Coffee - 4-delig &#8226; UNRO\",\"isPartOf\":{\"@id\":\"https:\\\/\\\/unrostore.com\\\/#website\"},\"primaryImageOfPage\":{\"@id\":\"https:\\\/\\\/unrostore.com\\\/shop\\\/terrafina\\\/coffee\\\/bruine-borden-ontbijt-coffee-4-delig\\\/#primaryimage\"},\"image\":{\"@id\":\"https:\\\/\\\/unrostore.com\\\/shop\\\/terrafina\\\/coffee\\\/bruine-borden-ontbijt-coffee-4-delig\\\/#primaryimage\"},\"thumbnailUrl\":\"https:\\\/\\\/unrostore.com\\\/wp-content\\\/uploads\\\/2023\\\/01\\\/unro-portugees-servies-bruin-ontbijtbord.webp\",\"datePublished\":\"2023-01-16T19:23:12+00:00\",\"dateModified\":\"2026-01-19T20:37:52+00:00\",\"description\":\"Deze Bruine Borden Ontbijt Coffee van Terrafina zijn de perfecte toevoeging aan jouw ochtendroutine en zorgen voor het hotel chique gevoel bij jou thuis!\",\"breadcrumb\":{\"@id\":\"https:\\\/\\\/unrostore.com\\\/shop\\\/terrafina\\\/coffee\\\/bruine-borden-ontbijt-coffee-4-delig\\\/#breadcrumb\"},\"inLanguage\":\"de-AT\",\"potentialAction\":[{\"@type\":\"ReadAction\",\"target\":[\"https:\\\/\\\/unrostore.com\\\/shop\\\/terrafina\\\/coffee\\\/bruine-borden-ontbijt-coffee-4-delig\\\/\"]}]},{\"@type\":\"ImageObject\",\"inLanguage\":\"de-AT\",\"@id\":\"https:\\\/\\\/unrostore.com\\\/shop\\\/terrafina\\\/coffee\\\/bruine-borden-ontbijt-coffee-4-delig\\\/#primaryimage\",\"url\":\"https:\\\/\\\/unrostore.com\\\/wp-content\\\/uploads\\\/2023\\\/01\\\/unro-portugees-servies-bruin-ontbijtbord.webp\",\"contentUrl\":\"https:\\\/\\\/unrostore.com\\\/wp-content\\\/uploads\\\/2023\\\/01\\\/unro-portugees-servies-bruin-ontbijtbord.webp\",\"width\":1000,\"height\":1000,\"caption\":\"bruine ontbijtbord\"},{\"@type\":\"BreadcrumbList\",\"@id\":\"https:\\\/\\\/unrostore.com\\\/shop\\\/terrafina\\\/coffee\\\/bruine-borden-ontbijt-coffee-4-delig\\\/#breadcrumb\",\"itemListElement\":[{\"@type\":\"ListItem\",\"position\":1,\"name\":\"Home\",\"item\":\"https:\\\/\\\/unrostore.com\\\/\"},{\"@type\":\"ListItem\",\"position\":2,\"name\":\"Shop\",\"item\":\"https:\\\/\\\/unrostore.com\\\/shop\\\/\"},{\"@type\":\"ListItem\",\"position\":3,\"name\":\"Bruine Borden Ontbijt Coffee &#8211; 4-delig\"}]},{\"@type\":\"WebSite\",\"@id\":\"https:\\\/\\\/unrostore.com\\\/#website\",\"url\":\"https:\\\/\\\/unrostore.com\\\/\",\"name\":\"UNRO\",\"description\":\"Portugees servies waar je blij van wordt!\",\"publisher\":{\"@id\":\"https:\\\/\\\/unrostore.com\\\/#organization\"},\"potentialAction\":[{\"@type\":\"SearchAction\",\"target\":{\"@type\":\"EntryPoint\",\"urlTemplate\":\"https:\\\/\\\/unrostore.com\\\/?s={search_term_string}\"},\"query-input\":{\"@type\":\"PropertyValueSpecification\",\"valueRequired\":true,\"valueName\":\"search_term_string\"}}],\"inLanguage\":\"de-AT\"},{\"@type\":\"Organization\",\"@id\":\"https:\\\/\\\/unrostore.com\\\/#organization\",\"name\":\"UNRO\",\"url\":\"https:\\\/\\\/unrostore.com\\\/\",\"logo\":{\"@type\":\"ImageObject\",\"inLanguage\":\"de-AT\",\"@id\":\"https:\\\/\\\/unrostore.com\\\/#\\\/schema\\\/logo\\\/image\\\/\",\"url\":\"https:\\\/\\\/unrostore.com\\\/wp-content\\\/uploads\\\/2022\\\/05\\\/Logo-UNRO.png\",\"contentUrl\":\"https:\\\/\\\/unrostore.com\\\/wp-content\\\/uploads\\\/2022\\\/05\\\/Logo-UNRO.png\",\"width\":605,\"height\":179,\"caption\":\"UNRO\"},\"image\":{\"@id\":\"https:\\\/\\\/unrostore.com\\\/#\\\/schema\\\/logo\\\/image\\\/\"}}]}<\/script>\n<!-- \/ Yoast SEO plugin. -->","yoast_head_json":{"title":"Braune Teller Fr\u00fchst\u00fcckskaffee - 4-tlg. - UNRO","description":"Diese braunen Teller Fr\u00fchst\u00fcckskaffee von Terrafina sind die perfekte Erg\u00e4nzung zu Ihrer morgendlichen Routine und bringen das Gef\u00fchl von Hotel-Chic in Ihr Zuhause!","robots":{"index":"index","follow":"follow","max-snippet":"max-snippet:-1","max-image-preview":"max-image-preview:large","max-video-preview":"max-video-preview:-1"},"canonical":"https:\/\/unrostore.com\/de-at\/shop\/terrafina\/kaffee\/braune-teller-fruhstuck-kaffee-4-stuck\/","og_locale":"de_DE","og_type":"article","og_title":"Bruine Borden Ontbijt Coffee - 4-delig &#8226; UNRO","og_description":"Deze Bruine Borden Ontbijt Coffee van Terrafina zijn de perfecte toevoeging aan jouw ochtendroutine en zorgen voor het hotel chique gevoel bij jou thuis!","og_url":"https:\/\/unrostore.com\/de-at\/shop\/terrafina\/kaffee\/braune-teller-fruhstuck-kaffee-4-stuck\/","og_site_name":"UNRO","article_modified_time":"2026-01-19T20:37:52+00:00","og_image":[{"width":1000,"height":1000,"url":"https:\/\/unrostore.com\/wp-content\/uploads\/2023\/01\/unro-portugees-servies-bruin-ontbijtbord.webp","type":"image\/webp"}],"twitter_card":"summary_large_image","schema":{"@context":"https:\/\/schema.org","@graph":[{"@type":"WebPage","@id":"https:\/\/unrostore.com\/shop\/terrafina\/coffee\/bruine-borden-ontbijt-coffee-4-delig\/","url":"https:\/\/unrostore.com\/shop\/terrafina\/coffee\/bruine-borden-ontbijt-coffee-4-delig\/","name":"Braune Teller Fr\u00fchst\u00fcckskaffee - 4-tlg. - UNRO","isPartOf":{"@id":"https:\/\/unrostore.com\/#website"},"primaryImageOfPage":{"@id":"https:\/\/unrostore.com\/shop\/terrafina\/coffee\/bruine-borden-ontbijt-coffee-4-delig\/#primaryimage"},"image":{"@id":"https:\/\/unrostore.com\/shop\/terrafina\/coffee\/bruine-borden-ontbijt-coffee-4-delig\/#primaryimage"},"thumbnailUrl":"https:\/\/unrostore.com\/wp-content\/uploads\/2023\/01\/unro-portugees-servies-bruin-ontbijtbord.webp","datePublished":"2023-01-16T19:23:12+00:00","dateModified":"2026-01-19T20:37:52+00:00","description":"Diese braunen Teller Fr\u00fchst\u00fcckskaffee von Terrafina sind die perfekte Erg\u00e4nzung zu Ihrer morgendlichen Routine und bringen das Gef\u00fchl von Hotel-Chic in Ihr Zuhause!","breadcrumb":{"@id":"https:\/\/unrostore.com\/shop\/terrafina\/coffee\/bruine-borden-ontbijt-coffee-4-delig\/#breadcrumb"},"inLanguage":"de-AT","potentialAction":[{"@type":"ReadAction","target":["https:\/\/unrostore.com\/shop\/terrafina\/coffee\/bruine-borden-ontbijt-coffee-4-delig\/"]}]},{"@type":"ImageObject","inLanguage":"de-AT","@id":"https:\/\/unrostore.com\/shop\/terrafina\/coffee\/bruine-borden-ontbijt-coffee-4-delig\/#primaryimage","url":"https:\/\/unrostore.com\/wp-content\/uploads\/2023\/01\/unro-portugees-servies-bruin-ontbijtbord.webp","contentUrl":"https:\/\/unrostore.com\/wp-content\/uploads\/2023\/01\/unro-portugees-servies-bruin-ontbijtbord.webp","width":1000,"height":1000,"caption":"bruine ontbijtbord"},{"@type":"BreadcrumbList","@id":"https:\/\/unrostore.com\/shop\/terrafina\/coffee\/bruine-borden-ontbijt-coffee-4-delig\/#breadcrumb","itemListElement":[{"@type":"ListItem","position":1,"name":"Home","item":"https:\/\/unrostore.com\/"},{"@type":"ListItem","position":2,"name":"Shop","item":"https:\/\/unrostore.com\/shop\/"},{"@type":"ListItem","position":3,"name":"Bruine Borden Ontbijt Coffee &#8211; 4-delig"}]},{"@type":"WebSite","@id":"https:\/\/unrostore.com\/#website","url":"https:\/\/unrostore.com\/","name":"UNRO","description":"Portugiesisches Geschirr, das Sie gl\u00fccklich machen wird!","publisher":{"@id":"https:\/\/unrostore.com\/#organization"},"potentialAction":[{"@type":"SearchAction","target":{"@type":"EntryPoint","urlTemplate":"https:\/\/unrostore.com\/?s={search_term_string}"},"query-input":{"@type":"PropertyValueSpecification","valueRequired":true,"valueName":"search_term_string"}}],"inLanguage":"de-AT"},{"@type":"Organization","@id":"https:\/\/unrostore.com\/#organization","name":"UNRO","url":"https:\/\/unrostore.com\/","logo":{"@type":"ImageObject","inLanguage":"de-AT","@id":"https:\/\/unrostore.com\/#\/schema\/logo\/image\/","url":"https:\/\/unrostore.com\/wp-content\/uploads\/2022\/05\/Logo-UNRO.png","contentUrl":"https:\/\/unrostore.com\/wp-content\/uploads\/2022\/05\/Logo-UNRO.png","width":605,"height":179,"caption":"UNRO"},"image":{"@id":"https:\/\/unrostore.com\/#\/schema\/logo\/image\/"}}]}},"_links":{"self":[{"href":"https:\/\/unrostore.com\/de-at\/wp-json\/wp\/v2\/product\/2862","targetHints":{"allow":["GET"]}}],"collection":[{"href":"https:\/\/unrostore.com\/de-at\/wp-json\/wp\/v2\/product"}],"about":[{"href":"https:\/\/unrostore.com\/de-at\/wp-json\/wp\/v2\/types\/product"}],"wp:featuredmedia":[{"embeddable":true,"href":"https:\/\/unrostore.com\/de-at\/wp-json\/wp\/v2\/media\/6147"}],"wp:attachment":[{"href":"https:\/\/unrostore.com\/de-at\/wp-json\/wp\/v2\/media?parent=2862"}],"wp:term":[{"taxonomy":"product_brand","embeddable":true,"href":"https:\/\/unrostore.com\/de-at\/wp-json\/wp\/v2\/product_brand?post=2862"},{"taxonomy":"product_cat","embeddable":true,"href":"https:\/\/unrostore.com\/de-at\/wp-json\/wp\/v2\/product_cat?post=2862"},{"taxonomy":"product_tag","embeddable":true,"href":"https:\/\/unrostore.com\/de-at\/wp-json\/wp\/v2\/product_tag?post=2862"}],"curies":[{"name":"wp","href":"https:\/\/api.w.org\/{rel}","templated":true}]}}