{"id":2859,"date":"2023-01-16T19:17:56","date_gmt":"2023-01-16T19:17:56","guid":{"rendered":"https:\/\/unrostore.com\/?post_type=product&#038;p=2859"},"modified":"2026-01-19T20:37:52","modified_gmt":"2026-01-19T20:37:52","slug":"braune-essteller-kaffee-4-stuck","status":"publish","type":"product","link":"https:\/\/unrostore.com\/de-at\/shop\/terrafina\/kaffee\/braune-essteller-kaffee-4-stuck\/","title":{"rendered":"Braune Essteller Coffee - 4-tlg."},"content":{"rendered":"<h3>De chique Bruine Dinerborden Coffee \u2013 4-delig van Terrafina<\/h3>\n<p>Die <strong>Braune Essteller Coffee - 4-tlg. <\/strong>von <a href=\"https:\/\/www.terrafinastore.com\/en\/collections\/coffee\">Terrafina<\/a> sehen sehr schick aus und passen in fast jedes Interieur. Das vom Kaffee inspirierte Kaffeeteller-Set hat etwas Orientalisches und Industrielles und ist perfekt f\u00fcr Ihr Abendessen oder Ihren Tapas-Abend. M\u00f6chten Sie Ihr Essen in der Mikrowelle aufw\u00e4rmen? Kein Problem, denn die Teller sind mikrowellen-, sp\u00fclmaschinen- und ofenfest (bis zu 200 Grad)! Kaufen Sie diese Essteller jetzt und erhalten Sie dazu eine sch\u00f6ne Geschenkbox von Terrafina. Entdecken Sie auch die gesamte <a href=\"https:\/\/unrostore.com\/de-at\/shop\/terrafina\/kaffee\/coffee-serviesset-12-delig\/\">Coffee Serviesset \u2013 12-delig<\/a>.<\/p>\n<h3>Dies ist die Anzahl der Essteller, die Sie erhalten werden<\/h3>\n<ul>\n<li><strong>4x<\/strong> Coffee Essteller \u00f8 28,5 cm<\/li>\n<li><strong>1x\u00a0<\/strong>Geschenkpackung von Terrafina<\/li>\n<\/ul>\n<p>\u00a0<\/p>\n<p><em><strong>Duurzaam voor mens & milieu:<\/strong><br \/>\nJedes Produkt ist einzigartig, da es handgefertigt ist.<br \/>\nDruck und Textur k\u00f6nnen daher leicht vom Produktfoto abweichen.<\/em><\/p>","protected":false},"excerpt":{"rendered":"<div class=\"usps\"><i class=\"far fa-check-circle\"><\/i> Mikrowellenfest<br \/>\n<i class=\"far fa-check-circle\"><\/i> Backofenfest (bis zu 200 Grad)<br \/>\n<i class=\"far fa-check-circle\"><\/i> Sp\u00fclmaschinentauglich<br \/>\n<i class=\"far fa-thumbs-up\"><\/i> Handgefertigt<\/div>","protected":false},"featured_media":7179,"template":"","meta":[],"product_brand":[],"product_cat":[235,178,318,119],"product_tag":[129,295,695,694,179,283,284,296,238,297,123],"class_list":{"0":"post-2859","1":"product","2":"type-product","3":"status-publish","4":"has-post-thumbnail","6":"product_cat-borden","7":"product_cat-coffee","8":"product_cat-dinerborden","9":"product_cat-terrafina","10":"product_tag-borden","11":"product_tag-bruin","12":"product_tag-bruine-borden-diner","13":"product_tag-bruine-dinerborden","14":"product_tag-coffee","15":"product_tag-dinerbord","16":"product_tag-dinerborden","17":"product_tag-donker","18":"product_tag-grote-borden","19":"product_tag-mat","20":"product_tag-terrafina","21":"product_shipping_class-pakket","23":"first","24":"outofstock","25":"sale","26":"taxable","27":"shipping-taxable","28":"purchasable","29":"product-type-simple"},"yoast_head":"<!-- This site is optimized with the Yoast SEO plugin v27.6 - https:\/\/yoast.com\/product\/yoast-seo-wordpress\/ -->\n<title>Bruine Dinerborden Coffee - 4-delig &#8226; UNRO<\/title>\n<meta name=\"description\" content=\"De Bruine Dinerborden Coffee ogen chique en hebben iets Ori\u00ebntaals en industrieels. Ze zijn perfect voor jouw sushi of tapas avond, ervaar het nu zelf!\" \/>\n<meta name=\"robots\" content=\"index, follow, max-snippet:-1, max-image-preview:large, max-video-preview:-1\" \/>\n<link rel=\"canonical\" href=\"https:\/\/unrostore.com\/de-at\/shop\/terrafina\/kaffee\/braune-essteller-kaffee-4-stuck\/\" \/>\n<meta property=\"og:locale\" content=\"de_DE\" \/>\n<meta property=\"og:type\" content=\"article\" \/>\n<meta property=\"og:title\" content=\"Bruine Dinerborden Coffee - 4-delig &#8226; UNRO\" \/>\n<meta property=\"og:description\" content=\"De Bruine Dinerborden Coffee ogen chique en hebben iets Ori\u00ebntaals en industrieels. Ze zijn perfect voor jouw sushi of tapas avond, ervaar het nu zelf!\" \/>\n<meta property=\"og:url\" content=\"https:\/\/unrostore.com\/de-at\/shop\/terrafina\/kaffee\/braune-essteller-kaffee-4-stuck\/\" \/>\n<meta property=\"og:site_name\" content=\"UNRO\" \/>\n<meta property=\"article:modified_time\" content=\"2026-01-19T20:37:52+00:00\" \/>\n<meta property=\"og:image\" content=\"https:\/\/unrostore.com\/wp-content\/uploads\/2023\/01\/unro-donker-bruin-dinerbord.jpg\" \/>\n\t<meta property=\"og:image:width\" content=\"1000\" \/>\n\t<meta property=\"og:image:height\" content=\"1000\" \/>\n\t<meta property=\"og:image:type\" content=\"image\/jpeg\" \/>\n<meta name=\"twitter:card\" content=\"summary_large_image\" \/>\n<script type=\"application\/ld+json\" class=\"yoast-schema-graph\">{\"@context\":\"https:\\\/\\\/schema.org\",\"@graph\":[{\"@type\":\"WebPage\",\"@id\":\"https:\\\/\\\/unrostore.com\\\/shop\\\/terrafina\\\/coffee\\\/bruine-dinerborden-coffee-4-delig\\\/\",\"url\":\"https:\\\/\\\/unrostore.com\\\/shop\\\/terrafina\\\/coffee\\\/bruine-dinerborden-coffee-4-delig\\\/\",\"name\":\"Bruine Dinerborden Coffee - 4-delig &#8226; UNRO\",\"isPartOf\":{\"@id\":\"https:\\\/\\\/unrostore.com\\\/#website\"},\"primaryImageOfPage\":{\"@id\":\"https:\\\/\\\/unrostore.com\\\/shop\\\/terrafina\\\/coffee\\\/bruine-dinerborden-coffee-4-delig\\\/#primaryimage\"},\"image\":{\"@id\":\"https:\\\/\\\/unrostore.com\\\/shop\\\/terrafina\\\/coffee\\\/bruine-dinerborden-coffee-4-delig\\\/#primaryimage\"},\"thumbnailUrl\":\"https:\\\/\\\/unrostore.com\\\/wp-content\\\/uploads\\\/2023\\\/01\\\/unro-donker-bruin-dinerbord.jpg\",\"datePublished\":\"2023-01-16T19:17:56+00:00\",\"dateModified\":\"2026-01-19T20:37:52+00:00\",\"description\":\"De Bruine Dinerborden Coffee ogen chique en hebben iets Ori\u00ebntaals en industrieels. Ze zijn perfect voor jouw sushi of tapas avond, ervaar het nu zelf!\",\"breadcrumb\":{\"@id\":\"https:\\\/\\\/unrostore.com\\\/shop\\\/terrafina\\\/coffee\\\/bruine-dinerborden-coffee-4-delig\\\/#breadcrumb\"},\"inLanguage\":\"de-AT\",\"potentialAction\":[{\"@type\":\"ReadAction\",\"target\":[\"https:\\\/\\\/unrostore.com\\\/shop\\\/terrafina\\\/coffee\\\/bruine-dinerborden-coffee-4-delig\\\/\"]}]},{\"@type\":\"ImageObject\",\"inLanguage\":\"de-AT\",\"@id\":\"https:\\\/\\\/unrostore.com\\\/shop\\\/terrafina\\\/coffee\\\/bruine-dinerborden-coffee-4-delig\\\/#primaryimage\",\"url\":\"https:\\\/\\\/unrostore.com\\\/wp-content\\\/uploads\\\/2023\\\/01\\\/unro-donker-bruin-dinerbord.jpg\",\"contentUrl\":\"https:\\\/\\\/unrostore.com\\\/wp-content\\\/uploads\\\/2023\\\/01\\\/unro-donker-bruin-dinerbord.jpg\",\"width\":1000,\"height\":1000,\"caption\":\"bruine dinerborden\"},{\"@type\":\"BreadcrumbList\",\"@id\":\"https:\\\/\\\/unrostore.com\\\/shop\\\/terrafina\\\/coffee\\\/bruine-dinerborden-coffee-4-delig\\\/#breadcrumb\",\"itemListElement\":[{\"@type\":\"ListItem\",\"position\":1,\"name\":\"Home\",\"item\":\"https:\\\/\\\/unrostore.com\\\/\"},{\"@type\":\"ListItem\",\"position\":2,\"name\":\"Shop\",\"item\":\"https:\\\/\\\/unrostore.com\\\/shop\\\/\"},{\"@type\":\"ListItem\",\"position\":3,\"name\":\"Bruine Dinerborden Coffee &#8211; 4-delig\"}]},{\"@type\":\"WebSite\",\"@id\":\"https:\\\/\\\/unrostore.com\\\/#website\",\"url\":\"https:\\\/\\\/unrostore.com\\\/\",\"name\":\"UNRO\",\"description\":\"Portugees servies waar je blij van wordt!\",\"publisher\":{\"@id\":\"https:\\\/\\\/unrostore.com\\\/#organization\"},\"potentialAction\":[{\"@type\":\"SearchAction\",\"target\":{\"@type\":\"EntryPoint\",\"urlTemplate\":\"https:\\\/\\\/unrostore.com\\\/?s={search_term_string}\"},\"query-input\":{\"@type\":\"PropertyValueSpecification\",\"valueRequired\":true,\"valueName\":\"search_term_string\"}}],\"inLanguage\":\"de-AT\"},{\"@type\":\"Organization\",\"@id\":\"https:\\\/\\\/unrostore.com\\\/#organization\",\"name\":\"UNRO\",\"url\":\"https:\\\/\\\/unrostore.com\\\/\",\"logo\":{\"@type\":\"ImageObject\",\"inLanguage\":\"de-AT\",\"@id\":\"https:\\\/\\\/unrostore.com\\\/#\\\/schema\\\/logo\\\/image\\\/\",\"url\":\"https:\\\/\\\/unrostore.com\\\/wp-content\\\/uploads\\\/2022\\\/05\\\/Logo-UNRO.png\",\"contentUrl\":\"https:\\\/\\\/unrostore.com\\\/wp-content\\\/uploads\\\/2022\\\/05\\\/Logo-UNRO.png\",\"width\":605,\"height\":179,\"caption\":\"UNRO\"},\"image\":{\"@id\":\"https:\\\/\\\/unrostore.com\\\/#\\\/schema\\\/logo\\\/image\\\/\"}}]}<\/script>\n<!-- \/ Yoast SEO plugin. -->","yoast_head_json":{"title":"Braune Essteller Kaffee - 4-tlg. - UNRO","description":"Die braunen Speiseteller Coffee sehen schick aus und haben etwas Orientalisches und Industrielles an sich. Sie sind perfekt f\u00fcr Ihren Sushi- oder Tapas-Abend, erleben Sie es jetzt selbst!","robots":{"index":"index","follow":"follow","max-snippet":"max-snippet:-1","max-image-preview":"max-image-preview:large","max-video-preview":"max-video-preview:-1"},"canonical":"https:\/\/unrostore.com\/de-at\/shop\/terrafina\/kaffee\/braune-essteller-kaffee-4-stuck\/","og_locale":"de_DE","og_type":"article","og_title":"Bruine Dinerborden Coffee - 4-delig &#8226; UNRO","og_description":"De Bruine Dinerborden Coffee ogen chique en hebben iets Ori\u00ebntaals en industrieels. Ze zijn perfect voor jouw sushi of tapas avond, ervaar het nu zelf!","og_url":"https:\/\/unrostore.com\/de-at\/shop\/terrafina\/kaffee\/braune-essteller-kaffee-4-stuck\/","og_site_name":"UNRO","article_modified_time":"2026-01-19T20:37:52+00:00","og_image":[{"width":1000,"height":1000,"url":"https:\/\/unrostore.com\/wp-content\/uploads\/2023\/01\/unro-donker-bruin-dinerbord.jpg","type":"image\/jpeg"}],"twitter_card":"summary_large_image","schema":{"@context":"https:\/\/schema.org","@graph":[{"@type":"WebPage","@id":"https:\/\/unrostore.com\/shop\/terrafina\/coffee\/bruine-dinerborden-coffee-4-delig\/","url":"https:\/\/unrostore.com\/shop\/terrafina\/coffee\/bruine-dinerborden-coffee-4-delig\/","name":"Braune Essteller Kaffee - 4-tlg. - UNRO","isPartOf":{"@id":"https:\/\/unrostore.com\/#website"},"primaryImageOfPage":{"@id":"https:\/\/unrostore.com\/shop\/terrafina\/coffee\/bruine-dinerborden-coffee-4-delig\/#primaryimage"},"image":{"@id":"https:\/\/unrostore.com\/shop\/terrafina\/coffee\/bruine-dinerborden-coffee-4-delig\/#primaryimage"},"thumbnailUrl":"https:\/\/unrostore.com\/wp-content\/uploads\/2023\/01\/unro-donker-bruin-dinerbord.jpg","datePublished":"2023-01-16T19:17:56+00:00","dateModified":"2026-01-19T20:37:52+00:00","description":"Die braunen Speiseteller Coffee sehen schick aus und haben etwas Orientalisches und Industrielles an sich. Sie sind perfekt f\u00fcr Ihren Sushi- oder Tapas-Abend, erleben Sie es jetzt selbst!","breadcrumb":{"@id":"https:\/\/unrostore.com\/shop\/terrafina\/coffee\/bruine-dinerborden-coffee-4-delig\/#breadcrumb"},"inLanguage":"de-AT","potentialAction":[{"@type":"ReadAction","target":["https:\/\/unrostore.com\/shop\/terrafina\/coffee\/bruine-dinerborden-coffee-4-delig\/"]}]},{"@type":"ImageObject","inLanguage":"de-AT","@id":"https:\/\/unrostore.com\/shop\/terrafina\/coffee\/bruine-dinerborden-coffee-4-delig\/#primaryimage","url":"https:\/\/unrostore.com\/wp-content\/uploads\/2023\/01\/unro-donker-bruin-dinerbord.jpg","contentUrl":"https:\/\/unrostore.com\/wp-content\/uploads\/2023\/01\/unro-donker-bruin-dinerbord.jpg","width":1000,"height":1000,"caption":"bruine dinerborden"},{"@type":"BreadcrumbList","@id":"https:\/\/unrostore.com\/shop\/terrafina\/coffee\/bruine-dinerborden-coffee-4-delig\/#breadcrumb","itemListElement":[{"@type":"ListItem","position":1,"name":"Home","item":"https:\/\/unrostore.com\/"},{"@type":"ListItem","position":2,"name":"Shop","item":"https:\/\/unrostore.com\/shop\/"},{"@type":"ListItem","position":3,"name":"Bruine Dinerborden Coffee &#8211; 4-delig"}]},{"@type":"WebSite","@id":"https:\/\/unrostore.com\/#website","url":"https:\/\/unrostore.com\/","name":"UNRO","description":"Portugiesisches Geschirr, das Sie gl\u00fccklich machen wird!","publisher":{"@id":"https:\/\/unrostore.com\/#organization"},"potentialAction":[{"@type":"SearchAction","target":{"@type":"EntryPoint","urlTemplate":"https:\/\/unrostore.com\/?s={search_term_string}"},"query-input":{"@type":"PropertyValueSpecification","valueRequired":true,"valueName":"search_term_string"}}],"inLanguage":"de-AT"},{"@type":"Organization","@id":"https:\/\/unrostore.com\/#organization","name":"UNRO","url":"https:\/\/unrostore.com\/","logo":{"@type":"ImageObject","inLanguage":"de-AT","@id":"https:\/\/unrostore.com\/#\/schema\/logo\/image\/","url":"https:\/\/unrostore.com\/wp-content\/uploads\/2022\/05\/Logo-UNRO.png","contentUrl":"https:\/\/unrostore.com\/wp-content\/uploads\/2022\/05\/Logo-UNRO.png","width":605,"height":179,"caption":"UNRO"},"image":{"@id":"https:\/\/unrostore.com\/#\/schema\/logo\/image\/"}}]}},"_links":{"self":[{"href":"https:\/\/unrostore.com\/de-at\/wp-json\/wp\/v2\/product\/2859","targetHints":{"allow":["GET"]}}],"collection":[{"href":"https:\/\/unrostore.com\/de-at\/wp-json\/wp\/v2\/product"}],"about":[{"href":"https:\/\/unrostore.com\/de-at\/wp-json\/wp\/v2\/types\/product"}],"wp:featuredmedia":[{"embeddable":true,"href":"https:\/\/unrostore.com\/de-at\/wp-json\/wp\/v2\/media\/7179"}],"wp:attachment":[{"href":"https:\/\/unrostore.com\/de-at\/wp-json\/wp\/v2\/media?parent=2859"}],"wp:term":[{"taxonomy":"product_brand","embeddable":true,"href":"https:\/\/unrostore.com\/de-at\/wp-json\/wp\/v2\/product_brand?post=2859"},{"taxonomy":"product_cat","embeddable":true,"href":"https:\/\/unrostore.com\/de-at\/wp-json\/wp\/v2\/product_cat?post=2859"},{"taxonomy":"product_tag","embeddable":true,"href":"https:\/\/unrostore.com\/de-at\/wp-json\/wp\/v2\/product_tag?post=2859"}],"curies":[{"name":"wp","href":"https:\/\/api.w.org\/{rel}","templated":true}]}}