{"id":2855,"date":"2023-01-16T19:06:24","date_gmt":"2023-01-16T19:06:24","guid":{"rendered":"https:\/\/unrostore.com\/?post_type=product&#038;p=2855"},"modified":"2026-01-19T20:37:52","modified_gmt":"2026-01-19T20:37:52","slug":"blaues-geschirr-amazonia-blau-2-stuck","status":"publish","type":"product","link":"https:\/\/unrostore.com\/de-at\/shop\/terrafina\/amazonenblau\/blaues-geschirr-amazonia-blau-2-stuck\/","title":{"rendered":"Blaue Schalen Amazonia Blue - 2-teilig"},"content":{"rendered":"<h3>Entdecken Sie die Vielseitigkeit der blaue Schalen Amazonia Blue - 2-tlg.<\/h3>\n<p>Die<strong> Blaue Schalen Amazonia Blue<\/strong> 2er-Set von <a href=\"https:\/\/www.terrafinastore.com\/en\/collections\/amazonia\">Terrafina<\/a> zaubert Ihnen jeden Blue Monday und jeden anderen Tag der Woche ein breites L\u00e4cheln ins Gesicht. Die Schale ist aus hochwertiger Keramik gefertigt und damit nicht nur langlebig und stilvoll, sondern auch pflegeleicht. Dar\u00fcber hinaus eignen sich diese Schalen auch perfekt als Ofenschalen, So\u00dfenschalen und Teebeutelschalen. Die Schalen sind mit einem einzigartigen Muster versehen, das jeder Schale ein einzigartiges Aussehen verleiht. Ideal zum Abendessen, f\u00fcr (gesunde) Snacks am Abend, zum Fr\u00fchst\u00fcck oder als Snack- oder Tapasschalen. Beginnen Sie Ihren Tag stilvoll mit den portugiesischen Amazonia Blue Bowls aus hochwertiger Keramik! Entdecken Sie jetzt auch die <a href=\"https:\/\/unrostore.com\/de-at\/shop\/terrafina\/amazonenblau\/amazonia-blue-dinerborden-4-delig-kopie\/\">Amazonia Blue Essteller - 4-tlg.<\/a> und passen sie zu Ihren Schalen.<\/p>\n<p>&nbsp;<\/p>\n<h3>Dies ist die Anzahl der Schalen, die Sie geliefert bekommen:<\/h3>\n<ul>\n<li><strong>2x <\/strong>Amazonia Blue Schalen \u00f8 15 cm<\/li>\n<li><strong>1x<\/strong> Terrafina-Geschenkverpackungen<\/li>\n<\/ul>\n<p><em><strong><br \/>\nNachhaltig f\u00fcr Mensch und Umwelt:<\/strong><br \/>\n<\/em><em>Jedes Produkt ist ein Unikat, denn es wird in Handarbeit hergestellt.<br \/>\nDruck und Textur k\u00f6nnen daher leicht vom Produktfoto abweichen.<\/em><\/p>","protected":false},"excerpt":{"rendered":"<div class=\"usps\"><i class=\"far fa-check-circle\"><\/i> Mikrowellenfest<br \/>\n<i class=\"far fa-check-circle\"><\/i> Backofenfest (bis zu 200 Grad)<br \/>\n<i class=\"far fa-check-circle\"><\/i> Sp\u00fclmaschinentauglich<br \/>\n<i class=\"far fa-thumbs-up\"><\/i> Handgefertigt<\/div>","protected":false},"featured_media":3348,"template":"","meta":[],"product_brand":[],"product_cat":[174,135,119],"product_tag":[147,692,176,601,137,291,241,242,602,693,292,677,678,691,603],"class_list":{"0":"post-2855","1":"product","2":"type-product","3":"status-publish","4":"has-post-thumbnail","6":"product_cat-amazonia-blue","7":"product_cat-kommen","8":"product_cat-terrafina","9":"product_tag-amazonia","10":"product_tag-blauwe-schaaltjes","11":"product_tag-blue","12":"product_tag-hapjesschaal","13":"product_tag-kom","14":"product_tag-kommetjes","15":"product_tag-muesli","16":"product_tag-ontbijt","17":"product_tag-ontbijtkom","18":"product_tag-oven-schaaltjes","19":"product_tag-schaaltje","20":"product_tag-schaaltjes","21":"product_tag-tapas-schaaltjes","22":"product_tag-tapasschaaltjes","23":"product_tag-yoghurt","25":"first","26":"instock","27":"sale","28":"taxable","29":"shipping-taxable","30":"purchasable","31":"product-type-simple"},"yoast_head":"<!-- This site is optimized with the Yoast SEO plugin v27.4 - https:\/\/yoast.com\/product\/yoast-seo-wordpress\/ -->\n<title>Blauwe Schaaltjes Amazonia Blue - 2-delig &#8226; UNRO<\/title>\n<meta name=\"description\" content=\"De Blauwe Schaaltjes Amazonia Blue - 2-delig geven jou elke dag in de week een grote glimlach. Ontdek de veelzijdigheid van deze kommen en bestel ze nu!\" \/>\n<meta name=\"robots\" content=\"index, follow, max-snippet:-1, max-image-preview:large, max-video-preview:-1\" \/>\n<link rel=\"canonical\" href=\"https:\/\/unrostore.com\/de-at\/shop\/terrafina\/amazonenblau\/blaues-geschirr-amazonia-blau-2-stuck\/\" \/>\n<meta property=\"og:locale\" content=\"de_DE\" \/>\n<meta property=\"og:type\" content=\"article\" \/>\n<meta property=\"og:title\" content=\"Blauwe Schaaltjes Amazonia Blue - 2-delig &#8226; UNRO\" \/>\n<meta property=\"og:description\" content=\"De Blauwe Schaaltjes Amazonia Blue - 2-delig geven jou elke dag in de week een grote glimlach. Ontdek de veelzijdigheid van deze kommen en bestel ze nu!\" \/>\n<meta property=\"og:url\" content=\"https:\/\/unrostore.com\/de-at\/shop\/terrafina\/amazonenblau\/blaues-geschirr-amazonia-blau-2-stuck\/\" \/>\n<meta property=\"og:site_name\" content=\"UNRO\" \/>\n<meta property=\"article:modified_time\" content=\"2026-01-19T20:37:52+00:00\" \/>\n<meta property=\"og:image\" content=\"https:\/\/unrostore.com\/wp-content\/uploads\/2023\/01\/unro-portugees-servies-terrafina-amazonia-blue-kommen-2-delig.jpg\" \/>\n\t<meta property=\"og:image:width\" content=\"1440\" \/>\n\t<meta property=\"og:image:height\" content=\"1440\" \/>\n\t<meta property=\"og:image:type\" content=\"image\/jpeg\" \/>\n<meta name=\"twitter:card\" content=\"summary_large_image\" \/>\n<script type=\"application\/ld+json\" class=\"yoast-schema-graph\">{\"@context\":\"https:\\\/\\\/schema.org\",\"@graph\":[{\"@type\":\"WebPage\",\"@id\":\"https:\\\/\\\/unrostore.com\\\/shop\\\/terrafina\\\/amazonia-blue\\\/blauwe-schaaltjes-amazonia-blue-2-delig\\\/\",\"url\":\"https:\\\/\\\/unrostore.com\\\/shop\\\/terrafina\\\/amazonia-blue\\\/blauwe-schaaltjes-amazonia-blue-2-delig\\\/\",\"name\":\"Blauwe Schaaltjes Amazonia Blue - 2-delig &#8226; UNRO\",\"isPartOf\":{\"@id\":\"https:\\\/\\\/unrostore.com\\\/#website\"},\"primaryImageOfPage\":{\"@id\":\"https:\\\/\\\/unrostore.com\\\/shop\\\/terrafina\\\/amazonia-blue\\\/blauwe-schaaltjes-amazonia-blue-2-delig\\\/#primaryimage\"},\"image\":{\"@id\":\"https:\\\/\\\/unrostore.com\\\/shop\\\/terrafina\\\/amazonia-blue\\\/blauwe-schaaltjes-amazonia-blue-2-delig\\\/#primaryimage\"},\"thumbnailUrl\":\"https:\\\/\\\/unrostore.com\\\/wp-content\\\/uploads\\\/2023\\\/01\\\/unro-portugees-servies-terrafina-amazonia-blue-kommen-2-delig.jpg\",\"datePublished\":\"2023-01-16T19:06:24+00:00\",\"dateModified\":\"2026-01-19T20:37:52+00:00\",\"description\":\"De Blauwe Schaaltjes Amazonia Blue - 2-delig geven jou elke dag in de week een grote glimlach. Ontdek de veelzijdigheid van deze kommen en bestel ze nu!\",\"breadcrumb\":{\"@id\":\"https:\\\/\\\/unrostore.com\\\/shop\\\/terrafina\\\/amazonia-blue\\\/blauwe-schaaltjes-amazonia-blue-2-delig\\\/#breadcrumb\"},\"inLanguage\":\"de-AT\",\"potentialAction\":[{\"@type\":\"ReadAction\",\"target\":[\"https:\\\/\\\/unrostore.com\\\/shop\\\/terrafina\\\/amazonia-blue\\\/blauwe-schaaltjes-amazonia-blue-2-delig\\\/\"]}]},{\"@type\":\"ImageObject\",\"inLanguage\":\"de-AT\",\"@id\":\"https:\\\/\\\/unrostore.com\\\/shop\\\/terrafina\\\/amazonia-blue\\\/blauwe-schaaltjes-amazonia-blue-2-delig\\\/#primaryimage\",\"url\":\"https:\\\/\\\/unrostore.com\\\/wp-content\\\/uploads\\\/2023\\\/01\\\/unro-portugees-servies-terrafina-amazonia-blue-kommen-2-delig.jpg\",\"contentUrl\":\"https:\\\/\\\/unrostore.com\\\/wp-content\\\/uploads\\\/2023\\\/01\\\/unro-portugees-servies-terrafina-amazonia-blue-kommen-2-delig.jpg\",\"width\":1440,\"height\":1440,\"caption\":\"Blauwe schaaltjes Amazonia Blue -2 -delig Portugees Keramiek Servies\"},{\"@type\":\"BreadcrumbList\",\"@id\":\"https:\\\/\\\/unrostore.com\\\/shop\\\/terrafina\\\/amazonia-blue\\\/blauwe-schaaltjes-amazonia-blue-2-delig\\\/#breadcrumb\",\"itemListElement\":[{\"@type\":\"ListItem\",\"position\":1,\"name\":\"Home\",\"item\":\"https:\\\/\\\/unrostore.com\\\/\"},{\"@type\":\"ListItem\",\"position\":2,\"name\":\"Shop\",\"item\":\"https:\\\/\\\/unrostore.com\\\/shop\\\/\"},{\"@type\":\"ListItem\",\"position\":3,\"name\":\"Blauwe Schaaltjes Amazonia Blue &#8211; 2-delig\"}]},{\"@type\":\"WebSite\",\"@id\":\"https:\\\/\\\/unrostore.com\\\/#website\",\"url\":\"https:\\\/\\\/unrostore.com\\\/\",\"name\":\"UNRO\",\"description\":\"Portugees servies waar je blij van wordt!\",\"publisher\":{\"@id\":\"https:\\\/\\\/unrostore.com\\\/#organization\"},\"potentialAction\":[{\"@type\":\"SearchAction\",\"target\":{\"@type\":\"EntryPoint\",\"urlTemplate\":\"https:\\\/\\\/unrostore.com\\\/?s={search_term_string}\"},\"query-input\":{\"@type\":\"PropertyValueSpecification\",\"valueRequired\":true,\"valueName\":\"search_term_string\"}}],\"inLanguage\":\"de-AT\"},{\"@type\":\"Organization\",\"@id\":\"https:\\\/\\\/unrostore.com\\\/#organization\",\"name\":\"UNRO\",\"url\":\"https:\\\/\\\/unrostore.com\\\/\",\"logo\":{\"@type\":\"ImageObject\",\"inLanguage\":\"de-AT\",\"@id\":\"https:\\\/\\\/unrostore.com\\\/#\\\/schema\\\/logo\\\/image\\\/\",\"url\":\"https:\\\/\\\/unrostore.com\\\/wp-content\\\/uploads\\\/2022\\\/05\\\/Logo-UNRO.png\",\"contentUrl\":\"https:\\\/\\\/unrostore.com\\\/wp-content\\\/uploads\\\/2022\\\/05\\\/Logo-UNRO.png\",\"width\":605,\"height\":179,\"caption\":\"UNRO\"},\"image\":{\"@id\":\"https:\\\/\\\/unrostore.com\\\/#\\\/schema\\\/logo\\\/image\\\/\"}}]}<\/script>\n<!-- \/ Yoast SEO plugin. -->","yoast_head_json":{"title":"Blaue Schalen Amazonia Blau - 2-teilig - UNRO","description":"Die Blue Bowls Amazonia Blue - 2-teilig zaubern Ihnen an jedem Tag der Woche ein breites L\u00e4cheln ins Gesicht. Entdecken Sie die Vielseitigkeit dieser Schalen und bestellen Sie sie jetzt!","robots":{"index":"index","follow":"follow","max-snippet":"max-snippet:-1","max-image-preview":"max-image-preview:large","max-video-preview":"max-video-preview:-1"},"canonical":"https:\/\/unrostore.com\/de-at\/shop\/terrafina\/amazonenblau\/blaues-geschirr-amazonia-blau-2-stuck\/","og_locale":"de_DE","og_type":"article","og_title":"Blauwe Schaaltjes Amazonia Blue - 2-delig &#8226; UNRO","og_description":"De Blauwe Schaaltjes Amazonia Blue - 2-delig geven jou elke dag in de week een grote glimlach. Ontdek de veelzijdigheid van deze kommen en bestel ze nu!","og_url":"https:\/\/unrostore.com\/de-at\/shop\/terrafina\/amazonenblau\/blaues-geschirr-amazonia-blau-2-stuck\/","og_site_name":"UNRO","article_modified_time":"2026-01-19T20:37:52+00:00","og_image":[{"width":1440,"height":1440,"url":"https:\/\/unrostore.com\/wp-content\/uploads\/2023\/01\/unro-portugees-servies-terrafina-amazonia-blue-kommen-2-delig.jpg","type":"image\/jpeg"}],"twitter_card":"summary_large_image","schema":{"@context":"https:\/\/schema.org","@graph":[{"@type":"WebPage","@id":"https:\/\/unrostore.com\/shop\/terrafina\/amazonia-blue\/blauwe-schaaltjes-amazonia-blue-2-delig\/","url":"https:\/\/unrostore.com\/shop\/terrafina\/amazonia-blue\/blauwe-schaaltjes-amazonia-blue-2-delig\/","name":"Blaue Schalen Amazonia Blau - 2-teilig - UNRO","isPartOf":{"@id":"https:\/\/unrostore.com\/#website"},"primaryImageOfPage":{"@id":"https:\/\/unrostore.com\/shop\/terrafina\/amazonia-blue\/blauwe-schaaltjes-amazonia-blue-2-delig\/#primaryimage"},"image":{"@id":"https:\/\/unrostore.com\/shop\/terrafina\/amazonia-blue\/blauwe-schaaltjes-amazonia-blue-2-delig\/#primaryimage"},"thumbnailUrl":"https:\/\/unrostore.com\/wp-content\/uploads\/2023\/01\/unro-portugees-servies-terrafina-amazonia-blue-kommen-2-delig.jpg","datePublished":"2023-01-16T19:06:24+00:00","dateModified":"2026-01-19T20:37:52+00:00","description":"Die Blue Bowls Amazonia Blue - 2-teilig zaubern Ihnen an jedem Tag der Woche ein breites L\u00e4cheln ins Gesicht. Entdecken Sie die Vielseitigkeit dieser Schalen und bestellen Sie sie jetzt!","breadcrumb":{"@id":"https:\/\/unrostore.com\/shop\/terrafina\/amazonia-blue\/blauwe-schaaltjes-amazonia-blue-2-delig\/#breadcrumb"},"inLanguage":"de-AT","potentialAction":[{"@type":"ReadAction","target":["https:\/\/unrostore.com\/shop\/terrafina\/amazonia-blue\/blauwe-schaaltjes-amazonia-blue-2-delig\/"]}]},{"@type":"ImageObject","inLanguage":"de-AT","@id":"https:\/\/unrostore.com\/shop\/terrafina\/amazonia-blue\/blauwe-schaaltjes-amazonia-blue-2-delig\/#primaryimage","url":"https:\/\/unrostore.com\/wp-content\/uploads\/2023\/01\/unro-portugees-servies-terrafina-amazonia-blue-kommen-2-delig.jpg","contentUrl":"https:\/\/unrostore.com\/wp-content\/uploads\/2023\/01\/unro-portugees-servies-terrafina-amazonia-blue-kommen-2-delig.jpg","width":1440,"height":1440,"caption":"Blauwe schaaltjes Amazonia Blue -2 -delig Portugees Keramiek Servies"},{"@type":"BreadcrumbList","@id":"https:\/\/unrostore.com\/shop\/terrafina\/amazonia-blue\/blauwe-schaaltjes-amazonia-blue-2-delig\/#breadcrumb","itemListElement":[{"@type":"ListItem","position":1,"name":"Home","item":"https:\/\/unrostore.com\/"},{"@type":"ListItem","position":2,"name":"Shop","item":"https:\/\/unrostore.com\/shop\/"},{"@type":"ListItem","position":3,"name":"Blauwe Schaaltjes Amazonia Blue &#8211; 2-delig"}]},{"@type":"WebSite","@id":"https:\/\/unrostore.com\/#website","url":"https:\/\/unrostore.com\/","name":"UNRO","description":"Portugiesisches Geschirr, das Sie gl\u00fccklich machen wird!","publisher":{"@id":"https:\/\/unrostore.com\/#organization"},"potentialAction":[{"@type":"SearchAction","target":{"@type":"EntryPoint","urlTemplate":"https:\/\/unrostore.com\/?s={search_term_string}"},"query-input":{"@type":"PropertyValueSpecification","valueRequired":true,"valueName":"search_term_string"}}],"inLanguage":"de-AT"},{"@type":"Organization","@id":"https:\/\/unrostore.com\/#organization","name":"UNRO","url":"https:\/\/unrostore.com\/","logo":{"@type":"ImageObject","inLanguage":"de-AT","@id":"https:\/\/unrostore.com\/#\/schema\/logo\/image\/","url":"https:\/\/unrostore.com\/wp-content\/uploads\/2022\/05\/Logo-UNRO.png","contentUrl":"https:\/\/unrostore.com\/wp-content\/uploads\/2022\/05\/Logo-UNRO.png","width":605,"height":179,"caption":"UNRO"},"image":{"@id":"https:\/\/unrostore.com\/#\/schema\/logo\/image\/"}}]}},"_links":{"self":[{"href":"https:\/\/unrostore.com\/de-at\/wp-json\/wp\/v2\/product\/2855","targetHints":{"allow":["GET"]}}],"collection":[{"href":"https:\/\/unrostore.com\/de-at\/wp-json\/wp\/v2\/product"}],"about":[{"href":"https:\/\/unrostore.com\/de-at\/wp-json\/wp\/v2\/types\/product"}],"wp:featuredmedia":[{"embeddable":true,"href":"https:\/\/unrostore.com\/de-at\/wp-json\/wp\/v2\/media\/3348"}],"wp:attachment":[{"href":"https:\/\/unrostore.com\/de-at\/wp-json\/wp\/v2\/media?parent=2855"}],"wp:term":[{"taxonomy":"product_brand","embeddable":true,"href":"https:\/\/unrostore.com\/de-at\/wp-json\/wp\/v2\/product_brand?post=2855"},{"taxonomy":"product_cat","embeddable":true,"href":"https:\/\/unrostore.com\/de-at\/wp-json\/wp\/v2\/product_cat?post=2855"},{"taxonomy":"product_tag","embeddable":true,"href":"https:\/\/unrostore.com\/de-at\/wp-json\/wp\/v2\/product_tag?post=2855"}],"curies":[{"name":"wp","href":"https:\/\/api.w.org\/{rel}","templated":true}]}}