{"id":2842,"date":"2023-01-16T17:35:15","date_gmt":"2023-01-16T17:35:15","guid":{"rendered":"https:\/\/unrostore.com\/?post_type=product&#038;p=2842"},"modified":"2026-01-19T20:37:52","modified_gmt":"2026-01-19T20:37:52","slug":"bunte-fruhstucksschussel-korallen-2-stuck","status":"publish","type":"product","link":"https:\/\/unrostore.com\/de-at\/shop\/terrafina\/korallen\/bunte-fruhstucksschussel-korallen-2-stuck\/","title":{"rendered":"Farbige Fr\u00fchst\u00fcckssch\u00fcssel Corals - 2-teilig"},"content":{"rendered":"<h3>Die sch\u00f6ne Bunte Fr\u00fchst\u00fcckssch\u00fcssel Korallen - 2-teilig von Terrafina<\/h3>\n<p>Diese <strong>Farbige Fr\u00fchst\u00fccksschalen Corals<\/strong>\u00a0<strong>- 2-teilig<\/strong> von <a href=\"https:\/\/www.terrafinastore.com\/en\/collections\/corals\">Terrafina<\/a> sind die perfekte Erg\u00e4nzung f\u00fcr Ihre morgendliche Routine. Hergestellt aus sehr hochwertigem <a href=\"https:\/\/unrostore.com\/de-at\/worauf-ist-beim-kauf-von-geschirr-zu-achten-teil-1-qualitat\/\">keramik steinzeug<\/a>, diese farbenfrohen Schalen sind langlebig, stilvoll und <a href=\"https:\/\/unrostore.com\/de-at\/nachsorgedienst-nutzen\/\">leicht zu pflegen<\/a>. Diese farbigen portugiesischen Schalen sind daher nicht nur beim Fr\u00fchst\u00fcck, sondern auch beim Mittagessen, Brunch, bei Getr\u00e4nken und beim Abendessen n\u00fctzlich. Die blauen und gelben Schalen haben ein farbenfrohes, handbemaltes, fr\u00f6hliches Design, das jeder farbigen Schale und jedem Teller ein einzigartiges Aussehen verleiht. Die handgefertigten Keramikschalen eignen sich sowohl f\u00fcr warme (z. B. als Suppensch\u00fcssel) als auch f\u00fcr kalte Speisen und sind sp\u00fclmaschinenfest. Beginnen Sie Ihren Tag stilvoll mit den Schalen von The Corals! Eine sch\u00f6ne Erg\u00e4nzung sind auch die <a href=\"https:\/\/unrostore.com\/de-at\/shop\/terrafina\/korallen\/gekleurde-gebaksbordjes-corals-4-delig\/\">Korallen Kuchenteller<\/a>, <a href=\"https:\/\/unrostore.com\/de-at\/shop\/terrafina\/korallen\/grote-mokken-gekleurd-corals-4-delig\/\">Corals bunte Becher<\/a> ob die <a href=\"https:\/\/unrostore.com\/de-at\/shop\/terrafina\/korallen\/farbige-espressotassen-korallen-4-stuck\/\">Corals bunte Espressotassen<\/a>!<\/p>\n<p>&nbsp;<\/p>\n<h3>Dies ist die Anzahl der Schalen, die Sie geliefert bekommen:<\/h3>\n<ul>\n<li><strong>2x<\/strong> Corals Schalen \u00f8 15 cm<\/li>\n<li><strong>1x\u00a0<\/strong>Geschenkpackung von Terrafina<\/li>\n<\/ul>\n<p>&nbsp;<\/p>\n<p><em><strong>Nachhaltig f\u00fcr Mensch und Umwelt:<\/strong><br \/>\nJedes Produkt ist einzigartig, da es handgefertigt ist.<br \/>\nDruck und Textur k\u00f6nnen daher leicht vom Produktfoto abweichen.<\/em><\/p>","protected":false},"excerpt":{"rendered":"<div class=\"usps\"><i class=\"far fa-check-circle\"><\/i> Mikrowellenfest<br \/>\n<i class=\"far fa-check-circle\"><\/i> Backofenfest (bis zu 200 Grad)<br \/>\n<i class=\"far fa-check-circle\"><\/i> Sp\u00fclmaschinentauglich<br \/>\n<i class=\"far fa-thumbs-up\"><\/i> Handgefertigt<\/div>","protected":false},"featured_media":7166,"template":"","meta":[],"product_brand":[],"product_cat":[127,135,119],"product_tag":[177,295,128,610,684,137,131,291,241,242,677,604,683,678,123,603],"class_list":{"0":"post-2842","1":"product","2":"type-product","3":"status-publish","4":"has-post-thumbnail","6":"product_cat-corals","7":"product_cat-kommen","8":"product_cat-terrafina","9":"product_tag-blauw","10":"product_tag-bruin","11":"product_tag-corals","12":"product_tag-geel","13":"product_tag-gekleurde-schaaltjes","14":"product_tag-kom","15":"product_tag-kommen","16":"product_tag-kommetjes","17":"product_tag-muesli","18":"product_tag-ontbijt","19":"product_tag-schaaltjes","20":"product_tag-soep","21":"product_tag-soepkom","22":"product_tag-tapas-schaaltjes","23":"product_tag-terrafina","24":"product_tag-yoghurt","25":"product_shipping_class-pakket","27":"first","28":"outofstock","29":"sale","30":"taxable","31":"shipping-taxable","32":"purchasable","33":"product-type-simple"},"yoast_head":"<!-- This site is optimized with the Yoast SEO plugin v27.4 - https:\/\/yoast.com\/product\/yoast-seo-wordpress\/ -->\n<title>Gekleurde Ontbijtkom Corals - 2-delig &#8226; UNRO<\/title>\n<meta name=\"description\" content=\"Kleurrijk modern Portugees Gekleurde Ontbijtkom Corals - 2-delig van Terrafina bij UNRO. Start jouw dag stijlvol met dit prachtige kleurrijke servies!\" \/>\n<meta name=\"robots\" content=\"index, follow, max-snippet:-1, max-image-preview:large, max-video-preview:-1\" \/>\n<link rel=\"canonical\" href=\"https:\/\/unrostore.com\/de-at\/shop\/terrafina\/korallen\/bunte-fruhstucksschussel-korallen-2-stuck\/\" \/>\n<meta property=\"og:locale\" content=\"de_DE\" \/>\n<meta property=\"og:type\" content=\"article\" \/>\n<meta property=\"og:title\" content=\"Gekleurde Ontbijtkom Corals - 2-delig &#8226; UNRO\" \/>\n<meta property=\"og:description\" content=\"Kleurrijk modern Portugees Gekleurde Ontbijtkom Corals - 2-delig van Terrafina bij UNRO. Start jouw dag stijlvol met dit prachtige kleurrijke servies!\" \/>\n<meta property=\"og:url\" content=\"https:\/\/unrostore.com\/de-at\/shop\/terrafina\/korallen\/bunte-fruhstucksschussel-korallen-2-stuck\/\" \/>\n<meta property=\"og:site_name\" content=\"UNRO\" \/>\n<meta property=\"article:modified_time\" content=\"2026-01-19T20:37:52+00:00\" \/>\n<meta property=\"og:image\" content=\"https:\/\/unrostore.com\/wp-content\/uploads\/2023\/01\/unro-gekleurde-schaaltjes-handgemaakt-keramiek.webp\" \/>\n\t<meta property=\"og:image:width\" content=\"1000\" \/>\n\t<meta property=\"og:image:height\" content=\"1000\" \/>\n\t<meta property=\"og:image:type\" content=\"image\/webp\" \/>\n<meta name=\"twitter:card\" content=\"summary_large_image\" \/>\n<script type=\"application\/ld+json\" class=\"yoast-schema-graph\">{\"@context\":\"https:\\\/\\\/schema.org\",\"@graph\":[{\"@type\":\"WebPage\",\"@id\":\"https:\\\/\\\/unrostore.com\\\/shop\\\/terrafina\\\/corals\\\/gekleurde-ontbijtkom-corals-2-delig\\\/\",\"url\":\"https:\\\/\\\/unrostore.com\\\/shop\\\/terrafina\\\/corals\\\/gekleurde-ontbijtkom-corals-2-delig\\\/\",\"name\":\"Gekleurde Ontbijtkom Corals - 2-delig &#8226; UNRO\",\"isPartOf\":{\"@id\":\"https:\\\/\\\/unrostore.com\\\/#website\"},\"primaryImageOfPage\":{\"@id\":\"https:\\\/\\\/unrostore.com\\\/shop\\\/terrafina\\\/corals\\\/gekleurde-ontbijtkom-corals-2-delig\\\/#primaryimage\"},\"image\":{\"@id\":\"https:\\\/\\\/unrostore.com\\\/shop\\\/terrafina\\\/corals\\\/gekleurde-ontbijtkom-corals-2-delig\\\/#primaryimage\"},\"thumbnailUrl\":\"https:\\\/\\\/unrostore.com\\\/wp-content\\\/uploads\\\/2023\\\/01\\\/unro-gekleurde-schaaltjes-handgemaakt-keramiek.webp\",\"datePublished\":\"2023-01-16T17:35:15+00:00\",\"dateModified\":\"2026-01-19T20:37:52+00:00\",\"description\":\"Kleurrijk modern Portugees Gekleurde Ontbijtkom Corals - 2-delig van Terrafina bij UNRO. Start jouw dag stijlvol met dit prachtige kleurrijke servies!\",\"breadcrumb\":{\"@id\":\"https:\\\/\\\/unrostore.com\\\/shop\\\/terrafina\\\/corals\\\/gekleurde-ontbijtkom-corals-2-delig\\\/#breadcrumb\"},\"inLanguage\":\"de-AT\",\"potentialAction\":[{\"@type\":\"ReadAction\",\"target\":[\"https:\\\/\\\/unrostore.com\\\/shop\\\/terrafina\\\/corals\\\/gekleurde-ontbijtkom-corals-2-delig\\\/\"]}]},{\"@type\":\"ImageObject\",\"inLanguage\":\"de-AT\",\"@id\":\"https:\\\/\\\/unrostore.com\\\/shop\\\/terrafina\\\/corals\\\/gekleurde-ontbijtkom-corals-2-delig\\\/#primaryimage\",\"url\":\"https:\\\/\\\/unrostore.com\\\/wp-content\\\/uploads\\\/2023\\\/01\\\/unro-gekleurde-schaaltjes-handgemaakt-keramiek.webp\",\"contentUrl\":\"https:\\\/\\\/unrostore.com\\\/wp-content\\\/uploads\\\/2023\\\/01\\\/unro-gekleurde-schaaltjes-handgemaakt-keramiek.webp\",\"width\":1000,\"height\":1000,\"caption\":\"gekleurde schaaltjes corals\"},{\"@type\":\"BreadcrumbList\",\"@id\":\"https:\\\/\\\/unrostore.com\\\/shop\\\/terrafina\\\/corals\\\/gekleurde-ontbijtkom-corals-2-delig\\\/#breadcrumb\",\"itemListElement\":[{\"@type\":\"ListItem\",\"position\":1,\"name\":\"Home\",\"item\":\"https:\\\/\\\/unrostore.com\\\/\"},{\"@type\":\"ListItem\",\"position\":2,\"name\":\"Shop\",\"item\":\"https:\\\/\\\/unrostore.com\\\/shop\\\/\"},{\"@type\":\"ListItem\",\"position\":3,\"name\":\"Gekleurde Ontbijtkom Corals &#8211; 2-delig\"}]},{\"@type\":\"WebSite\",\"@id\":\"https:\\\/\\\/unrostore.com\\\/#website\",\"url\":\"https:\\\/\\\/unrostore.com\\\/\",\"name\":\"UNRO\",\"description\":\"Portugees servies waar je blij van wordt!\",\"publisher\":{\"@id\":\"https:\\\/\\\/unrostore.com\\\/#organization\"},\"potentialAction\":[{\"@type\":\"SearchAction\",\"target\":{\"@type\":\"EntryPoint\",\"urlTemplate\":\"https:\\\/\\\/unrostore.com\\\/?s={search_term_string}\"},\"query-input\":{\"@type\":\"PropertyValueSpecification\",\"valueRequired\":true,\"valueName\":\"search_term_string\"}}],\"inLanguage\":\"de-AT\"},{\"@type\":\"Organization\",\"@id\":\"https:\\\/\\\/unrostore.com\\\/#organization\",\"name\":\"UNRO\",\"url\":\"https:\\\/\\\/unrostore.com\\\/\",\"logo\":{\"@type\":\"ImageObject\",\"inLanguage\":\"de-AT\",\"@id\":\"https:\\\/\\\/unrostore.com\\\/#\\\/schema\\\/logo\\\/image\\\/\",\"url\":\"https:\\\/\\\/unrostore.com\\\/wp-content\\\/uploads\\\/2022\\\/05\\\/Logo-UNRO.png\",\"contentUrl\":\"https:\\\/\\\/unrostore.com\\\/wp-content\\\/uploads\\\/2022\\\/05\\\/Logo-UNRO.png\",\"width\":605,\"height\":179,\"caption\":\"UNRO\"},\"image\":{\"@id\":\"https:\\\/\\\/unrostore.com\\\/#\\\/schema\\\/logo\\\/image\\\/\"}}]}<\/script>\n<!-- \/ Yoast SEO plugin. -->","yoast_head_json":{"title":"Farbige Fr\u00fchst\u00fcckssch\u00fcssel Korallen - 2-teilig - UNRO","description":"Farbenfrohe moderne portugiesische Fr\u00fchst\u00fcckssch\u00fcssel Corals - 2-teilig von Terrafina bei UNRO. Beginnen Sie Ihren Tag stilvoll mit diesem sch\u00f6nen, farbenfrohen Geschirr!","robots":{"index":"index","follow":"follow","max-snippet":"max-snippet:-1","max-image-preview":"max-image-preview:large","max-video-preview":"max-video-preview:-1"},"canonical":"https:\/\/unrostore.com\/de-at\/shop\/terrafina\/korallen\/bunte-fruhstucksschussel-korallen-2-stuck\/","og_locale":"de_DE","og_type":"article","og_title":"Gekleurde Ontbijtkom Corals - 2-delig &#8226; UNRO","og_description":"Kleurrijk modern Portugees Gekleurde Ontbijtkom Corals - 2-delig van Terrafina bij UNRO. Start jouw dag stijlvol met dit prachtige kleurrijke servies!","og_url":"https:\/\/unrostore.com\/de-at\/shop\/terrafina\/korallen\/bunte-fruhstucksschussel-korallen-2-stuck\/","og_site_name":"UNRO","article_modified_time":"2026-01-19T20:37:52+00:00","og_image":[{"width":1000,"height":1000,"url":"https:\/\/unrostore.com\/wp-content\/uploads\/2023\/01\/unro-gekleurde-schaaltjes-handgemaakt-keramiek.webp","type":"image\/webp"}],"twitter_card":"summary_large_image","schema":{"@context":"https:\/\/schema.org","@graph":[{"@type":"WebPage","@id":"https:\/\/unrostore.com\/shop\/terrafina\/corals\/gekleurde-ontbijtkom-corals-2-delig\/","url":"https:\/\/unrostore.com\/shop\/terrafina\/corals\/gekleurde-ontbijtkom-corals-2-delig\/","name":"Farbige Fr\u00fchst\u00fcckssch\u00fcssel Korallen - 2-teilig - UNRO","isPartOf":{"@id":"https:\/\/unrostore.com\/#website"},"primaryImageOfPage":{"@id":"https:\/\/unrostore.com\/shop\/terrafina\/corals\/gekleurde-ontbijtkom-corals-2-delig\/#primaryimage"},"image":{"@id":"https:\/\/unrostore.com\/shop\/terrafina\/corals\/gekleurde-ontbijtkom-corals-2-delig\/#primaryimage"},"thumbnailUrl":"https:\/\/unrostore.com\/wp-content\/uploads\/2023\/01\/unro-gekleurde-schaaltjes-handgemaakt-keramiek.webp","datePublished":"2023-01-16T17:35:15+00:00","dateModified":"2026-01-19T20:37:52+00:00","description":"Farbenfrohe moderne portugiesische Fr\u00fchst\u00fcckssch\u00fcssel Corals - 2-teilig von Terrafina bei UNRO. Beginnen Sie Ihren Tag stilvoll mit diesem sch\u00f6nen, farbenfrohen Geschirr!","breadcrumb":{"@id":"https:\/\/unrostore.com\/shop\/terrafina\/corals\/gekleurde-ontbijtkom-corals-2-delig\/#breadcrumb"},"inLanguage":"de-AT","potentialAction":[{"@type":"ReadAction","target":["https:\/\/unrostore.com\/shop\/terrafina\/corals\/gekleurde-ontbijtkom-corals-2-delig\/"]}]},{"@type":"ImageObject","inLanguage":"de-AT","@id":"https:\/\/unrostore.com\/shop\/terrafina\/corals\/gekleurde-ontbijtkom-corals-2-delig\/#primaryimage","url":"https:\/\/unrostore.com\/wp-content\/uploads\/2023\/01\/unro-gekleurde-schaaltjes-handgemaakt-keramiek.webp","contentUrl":"https:\/\/unrostore.com\/wp-content\/uploads\/2023\/01\/unro-gekleurde-schaaltjes-handgemaakt-keramiek.webp","width":1000,"height":1000,"caption":"gekleurde schaaltjes corals"},{"@type":"BreadcrumbList","@id":"https:\/\/unrostore.com\/shop\/terrafina\/corals\/gekleurde-ontbijtkom-corals-2-delig\/#breadcrumb","itemListElement":[{"@type":"ListItem","position":1,"name":"Home","item":"https:\/\/unrostore.com\/"},{"@type":"ListItem","position":2,"name":"Shop","item":"https:\/\/unrostore.com\/shop\/"},{"@type":"ListItem","position":3,"name":"Gekleurde Ontbijtkom Corals &#8211; 2-delig"}]},{"@type":"WebSite","@id":"https:\/\/unrostore.com\/#website","url":"https:\/\/unrostore.com\/","name":"UNRO","description":"Portugiesisches Geschirr, das Sie gl\u00fccklich machen wird!","publisher":{"@id":"https:\/\/unrostore.com\/#organization"},"potentialAction":[{"@type":"SearchAction","target":{"@type":"EntryPoint","urlTemplate":"https:\/\/unrostore.com\/?s={search_term_string}"},"query-input":{"@type":"PropertyValueSpecification","valueRequired":true,"valueName":"search_term_string"}}],"inLanguage":"de-AT"},{"@type":"Organization","@id":"https:\/\/unrostore.com\/#organization","name":"UNRO","url":"https:\/\/unrostore.com\/","logo":{"@type":"ImageObject","inLanguage":"de-AT","@id":"https:\/\/unrostore.com\/#\/schema\/logo\/image\/","url":"https:\/\/unrostore.com\/wp-content\/uploads\/2022\/05\/Logo-UNRO.png","contentUrl":"https:\/\/unrostore.com\/wp-content\/uploads\/2022\/05\/Logo-UNRO.png","width":605,"height":179,"caption":"UNRO"},"image":{"@id":"https:\/\/unrostore.com\/#\/schema\/logo\/image\/"}}]}},"_links":{"self":[{"href":"https:\/\/unrostore.com\/de-at\/wp-json\/wp\/v2\/product\/2842","targetHints":{"allow":["GET"]}}],"collection":[{"href":"https:\/\/unrostore.com\/de-at\/wp-json\/wp\/v2\/product"}],"about":[{"href":"https:\/\/unrostore.com\/de-at\/wp-json\/wp\/v2\/types\/product"}],"wp:featuredmedia":[{"embeddable":true,"href":"https:\/\/unrostore.com\/de-at\/wp-json\/wp\/v2\/media\/7166"}],"wp:attachment":[{"href":"https:\/\/unrostore.com\/de-at\/wp-json\/wp\/v2\/media?parent=2842"}],"wp:term":[{"taxonomy":"product_brand","embeddable":true,"href":"https:\/\/unrostore.com\/de-at\/wp-json\/wp\/v2\/product_brand?post=2842"},{"taxonomy":"product_cat","embeddable":true,"href":"https:\/\/unrostore.com\/de-at\/wp-json\/wp\/v2\/product_cat?post=2842"},{"taxonomy":"product_tag","embeddable":true,"href":"https:\/\/unrostore.com\/de-at\/wp-json\/wp\/v2\/product_tag?post=2842"}],"curies":[{"name":"wp","href":"https:\/\/api.w.org\/{rel}","templated":true}]}}