{"id":2832,"date":"2023-01-14T12:05:53","date_gmt":"2023-01-14T12:05:53","guid":{"rendered":"https:\/\/unrostore.com\/?post_type=product&#038;p=2832"},"modified":"2026-01-19T20:37:53","modified_gmt":"2026-01-19T20:37:53","slug":"bunte-fruhstucksteller-korallen-4-stuck","status":"publish","type":"product","link":"https:\/\/unrostore.com\/de-at\/shop\/terrafina\/korallen\/bunte-fruhstucksteller-korallen-4-stuck\/","title":{"rendered":"Bunte Fr\u00fchst\u00fccksplatten Corals - 4-tlg."},"content":{"rendered":"<h3>Das sch\u00f6ne Bunte Fr\u00fchst\u00fccksbrettchen Corals - 4-tlg. von Terrafina<\/h3>\n<p>Diese <strong>Farbige Fr\u00fchst\u00fccksbrettchen Corals<\/strong>\u00a0- 4-teilig aus <a href=\"https:\/\/www.terrafinastore.com\/en\/collections\/corals\">Terrafina<\/a> Sie am Morgen zum L\u00e4cheln bringen. Nicht nur bei Kaffee und Kuchen oder beim Tee, sondern auch beim Fr\u00fchst\u00fcck und Mittagessen. Hergestellt aus sehr hochwertiger Keramik, ist dieses Tellerset langlebig, stilvoll und <a href=\"https:\/\/unrostore.com\/de-at\/nachsorgedienst-nutzen\/\">leicht zu pflegen<\/a>. Die farbigen Fr\u00fchst\u00fccksteller haben ein fr\u00f6hliches, farbenfrohes und handbemaltes Design, das jedem Teller einen einzigartigen Look verleiht. Die blauen und gelben Fr\u00fchst\u00fccksteller sind auch ideal als Vorspeisenteller und eignen sich sowohl f\u00fcr warme als auch f\u00fcr kalte Speisen. Die bunten Teller sind au\u00dferdem sp\u00fclmaschinenfest. Beginnen Sie Ihren Tag mit einem L\u00e4cheln mit den handgefertigten Keramiktellern von The Corals in den Farben hellblau, dunkelblau und gelb glasiert! Oder genie\u00dfen Sie die blauen und gelben Teller beim High Tea mit dem passenden <a href=\"https:\/\/unrostore.com\/de-at\/shop\/terrafina\/korallen\/kleurrijke-koffiemokken-corals-2-delig\/\">Corals bunte Kaffeebecher<\/a> in extragro\u00dfen Gr\u00f6\u00dfen (450-500 ml), die sich auch als Teebecher eignen, oder die kleinere Variante, die <a href=\"https:\/\/unrostore.com\/de-at\/shop\/terrafina\/korallen\/kleurrijke-espressokopjes-corals-2-delig\/\">Corals bunte Espressotassen<\/a>! Sind Sie nur auf der Suche nach farbigen Tellern? Dieses fr\u00f6hliche, glasierte Geschirr enth\u00e4lt auch <a href=\"https:\/\/unrostore.com\/de-at\/shop\/terrafina\/korallen\/bunte-essteller-korallen-4-stuck\/\">farbige Essteller<\/a>. Spa\u00df im Set, aber auch einzeln oder als Geschenkset f\u00fcr eine Einweihungsparty oder einen Geburtstag, f\u00fcr Sie und Ihn!<\/p>\n<p>&nbsp;<\/p>\n<h3>Dies ist die Anzahl der Fr\u00fchst\u00fccksteller, die Sie erhalten werden<\/h3>\n<ul>\n<li><strong>4x<\/strong> Corals Fr\u00fchst\u00fccksteller \u00f8 22 cm<\/li>\n<li><strong>1x <\/strong>Terrafina Geschenkbox<\/li>\n<\/ul>\n<p>&nbsp;<\/p>\n<p><em><strong>Nachhaltig f\u00fcr Mensch und Umwelt:<\/strong><br \/>\nJedes Produkt ist einzigartig, da es handgefertigt ist.<br \/>\nDruck und Textur k\u00f6nnen daher leicht vom Produktfoto abweichen.<\/em><\/p>","protected":false},"excerpt":{"rendered":"<div class=\"usps\"><i class=\"far fa-check-circle\"><\/i> Mikrowellenfest<br \/>\n<i class=\"far fa-check-circle\"><\/i> Backofenfest (bis zu 200 Grad)<br \/>\n<i class=\"far fa-check-circle\"><\/i> Sp\u00fclmaschinentauglich<br \/>\n<i class=\"far fa-thumbs-up\"><\/i> Handgefertigt<\/div>","protected":false},"featured_media":7086,"template":"","meta":[],"product_brand":[],"product_cat":[235,127,317,119],"product_tag":[286,128,581,889,884,141,703,288,289,243,123],"class_list":{"0":"post-2832","1":"product","2":"type-product","3":"status-publish","4":"has-post-thumbnail","6":"product_cat-borden","7":"product_cat-corals","8":"product_cat-ontbijtborden","9":"product_cat-terrafina","10":"product_tag-bord","11":"product_tag-corals","12":"product_tag-gebaksbordjes","13":"product_tag-gekleurd","14":"product_tag-gekleurde","15":"product_tag-kleine-borden","16":"product_tag-koffie-met-gebak","17":"product_tag-ontbijtbord","18":"product_tag-ontbijtborden","19":"product_tag-salade-borden","20":"product_tag-terrafina","21":"product_shipping_class-pakket","23":"first","24":"outofstock","25":"sale","26":"taxable","27":"shipping-taxable","28":"purchasable","29":"product-type-simple"},"yoast_head":"<!-- This site is optimized with the Yoast SEO plugin v27.4 - https:\/\/yoast.com\/product\/yoast-seo-wordpress\/ -->\n<title>Gekleurde Ontbijtborden Corals - 4-delig &#8226; UNRO<\/title>\n<meta name=\"description\" content=\"De moderne Portugese Gekleurde Ontbijtborden Corals - 4-delig zijn exclusief bij UNRO verkrijgbaar. Start jouw dag met dit prachtige kleurrijke servies!\" \/>\n<meta name=\"robots\" content=\"index, follow, max-snippet:-1, max-image-preview:large, max-video-preview:-1\" \/>\n<link rel=\"canonical\" href=\"https:\/\/unrostore.com\/de-at\/shop\/terrafina\/korallen\/bunte-fruhstucksteller-korallen-4-stuck\/\" \/>\n<meta property=\"og:locale\" content=\"de_DE\" \/>\n<meta property=\"og:type\" content=\"article\" \/>\n<meta property=\"og:title\" content=\"Gekleurde Ontbijtborden Corals - 4-delig &#8226; UNRO\" \/>\n<meta property=\"og:description\" content=\"De moderne Portugese Gekleurde Ontbijtborden Corals - 4-delig zijn exclusief bij UNRO verkrijgbaar. Start jouw dag met dit prachtige kleurrijke servies!\" \/>\n<meta property=\"og:url\" content=\"https:\/\/unrostore.com\/de-at\/shop\/terrafina\/korallen\/bunte-fruhstucksteller-korallen-4-stuck\/\" \/>\n<meta property=\"og:site_name\" content=\"UNRO\" \/>\n<meta property=\"article:modified_time\" content=\"2026-01-19T20:37:53+00:00\" \/>\n<meta property=\"og:image\" content=\"https:\/\/unrostore.com\/wp-content\/uploads\/2023\/01\/unro-kleurrijke-borden-ontbijtbord.webp\" \/>\n\t<meta property=\"og:image:width\" content=\"1000\" \/>\n\t<meta property=\"og:image:height\" content=\"1000\" \/>\n\t<meta property=\"og:image:type\" content=\"image\/webp\" \/>\n<meta name=\"twitter:card\" content=\"summary_large_image\" \/>\n<script type=\"application\/ld+json\" class=\"yoast-schema-graph\">{\"@context\":\"https:\\\/\\\/schema.org\",\"@graph\":[{\"@type\":\"WebPage\",\"@id\":\"https:\\\/\\\/unrostore.com\\\/shop\\\/terrafina\\\/corals\\\/gekleurde-ontbijtborden-corals-4-delig\\\/\",\"url\":\"https:\\\/\\\/unrostore.com\\\/shop\\\/terrafina\\\/corals\\\/gekleurde-ontbijtborden-corals-4-delig\\\/\",\"name\":\"Gekleurde Ontbijtborden Corals - 4-delig &#8226; UNRO\",\"isPartOf\":{\"@id\":\"https:\\\/\\\/unrostore.com\\\/#website\"},\"primaryImageOfPage\":{\"@id\":\"https:\\\/\\\/unrostore.com\\\/shop\\\/terrafina\\\/corals\\\/gekleurde-ontbijtborden-corals-4-delig\\\/#primaryimage\"},\"image\":{\"@id\":\"https:\\\/\\\/unrostore.com\\\/shop\\\/terrafina\\\/corals\\\/gekleurde-ontbijtborden-corals-4-delig\\\/#primaryimage\"},\"thumbnailUrl\":\"https:\\\/\\\/unrostore.com\\\/wp-content\\\/uploads\\\/2023\\\/01\\\/unro-kleurrijke-borden-ontbijtbord.webp\",\"datePublished\":\"2023-01-14T12:05:53+00:00\",\"dateModified\":\"2026-01-19T20:37:53+00:00\",\"description\":\"De moderne Portugese Gekleurde Ontbijtborden Corals - 4-delig zijn exclusief bij UNRO verkrijgbaar. Start jouw dag met dit prachtige kleurrijke servies!\",\"breadcrumb\":{\"@id\":\"https:\\\/\\\/unrostore.com\\\/shop\\\/terrafina\\\/corals\\\/gekleurde-ontbijtborden-corals-4-delig\\\/#breadcrumb\"},\"inLanguage\":\"de-AT\",\"potentialAction\":[{\"@type\":\"ReadAction\",\"target\":[\"https:\\\/\\\/unrostore.com\\\/shop\\\/terrafina\\\/corals\\\/gekleurde-ontbijtborden-corals-4-delig\\\/\"]}]},{\"@type\":\"ImageObject\",\"inLanguage\":\"de-AT\",\"@id\":\"https:\\\/\\\/unrostore.com\\\/shop\\\/terrafina\\\/corals\\\/gekleurde-ontbijtborden-corals-4-delig\\\/#primaryimage\",\"url\":\"https:\\\/\\\/unrostore.com\\\/wp-content\\\/uploads\\\/2023\\\/01\\\/unro-kleurrijke-borden-ontbijtbord.webp\",\"contentUrl\":\"https:\\\/\\\/unrostore.com\\\/wp-content\\\/uploads\\\/2023\\\/01\\\/unro-kleurrijke-borden-ontbijtbord.webp\",\"width\":1000,\"height\":1000,\"caption\":\"gekleurde gebaksbordjes\"},{\"@type\":\"BreadcrumbList\",\"@id\":\"https:\\\/\\\/unrostore.com\\\/shop\\\/terrafina\\\/corals\\\/gekleurde-ontbijtborden-corals-4-delig\\\/#breadcrumb\",\"itemListElement\":[{\"@type\":\"ListItem\",\"position\":1,\"name\":\"Home\",\"item\":\"https:\\\/\\\/unrostore.com\\\/\"},{\"@type\":\"ListItem\",\"position\":2,\"name\":\"Shop\",\"item\":\"https:\\\/\\\/unrostore.com\\\/shop\\\/\"},{\"@type\":\"ListItem\",\"position\":3,\"name\":\"Gekleurde Ontbijtborden Corals &#8211; 4-delig\"}]},{\"@type\":\"WebSite\",\"@id\":\"https:\\\/\\\/unrostore.com\\\/#website\",\"url\":\"https:\\\/\\\/unrostore.com\\\/\",\"name\":\"UNRO\",\"description\":\"Portugees servies waar je blij van wordt!\",\"publisher\":{\"@id\":\"https:\\\/\\\/unrostore.com\\\/#organization\"},\"potentialAction\":[{\"@type\":\"SearchAction\",\"target\":{\"@type\":\"EntryPoint\",\"urlTemplate\":\"https:\\\/\\\/unrostore.com\\\/?s={search_term_string}\"},\"query-input\":{\"@type\":\"PropertyValueSpecification\",\"valueRequired\":true,\"valueName\":\"search_term_string\"}}],\"inLanguage\":\"de-AT\"},{\"@type\":\"Organization\",\"@id\":\"https:\\\/\\\/unrostore.com\\\/#organization\",\"name\":\"UNRO\",\"url\":\"https:\\\/\\\/unrostore.com\\\/\",\"logo\":{\"@type\":\"ImageObject\",\"inLanguage\":\"de-AT\",\"@id\":\"https:\\\/\\\/unrostore.com\\\/#\\\/schema\\\/logo\\\/image\\\/\",\"url\":\"https:\\\/\\\/unrostore.com\\\/wp-content\\\/uploads\\\/2022\\\/05\\\/Logo-UNRO.png\",\"contentUrl\":\"https:\\\/\\\/unrostore.com\\\/wp-content\\\/uploads\\\/2022\\\/05\\\/Logo-UNRO.png\",\"width\":605,\"height\":179,\"caption\":\"UNRO\"},\"image\":{\"@id\":\"https:\\\/\\\/unrostore.com\\\/#\\\/schema\\\/logo\\\/image\\\/\"}}]}<\/script>\n<!-- \/ Yoast SEO plugin. -->","yoast_head_json":{"title":"Bunte Fr\u00fchst\u00fccksteller Korallen - 4 St\u00fcck - UNRO","description":"Die modernen portugiesischen farbigen Fr\u00fchst\u00fccksteller Corals - 4-tlg. sind exklusiv bei UNRO erh\u00e4ltlich. Beginnen Sie Ihren Tag mit diesem sch\u00f6nen bunten Geschirr!","robots":{"index":"index","follow":"follow","max-snippet":"max-snippet:-1","max-image-preview":"max-image-preview:large","max-video-preview":"max-video-preview:-1"},"canonical":"https:\/\/unrostore.com\/de-at\/shop\/terrafina\/korallen\/bunte-fruhstucksteller-korallen-4-stuck\/","og_locale":"de_DE","og_type":"article","og_title":"Gekleurde Ontbijtborden Corals - 4-delig &#8226; UNRO","og_description":"De moderne Portugese Gekleurde Ontbijtborden Corals - 4-delig zijn exclusief bij UNRO verkrijgbaar. Start jouw dag met dit prachtige kleurrijke servies!","og_url":"https:\/\/unrostore.com\/de-at\/shop\/terrafina\/korallen\/bunte-fruhstucksteller-korallen-4-stuck\/","og_site_name":"UNRO","article_modified_time":"2026-01-19T20:37:53+00:00","og_image":[{"width":1000,"height":1000,"url":"https:\/\/unrostore.com\/wp-content\/uploads\/2023\/01\/unro-kleurrijke-borden-ontbijtbord.webp","type":"image\/webp"}],"twitter_card":"summary_large_image","schema":{"@context":"https:\/\/schema.org","@graph":[{"@type":"WebPage","@id":"https:\/\/unrostore.com\/shop\/terrafina\/corals\/gekleurde-ontbijtborden-corals-4-delig\/","url":"https:\/\/unrostore.com\/shop\/terrafina\/corals\/gekleurde-ontbijtborden-corals-4-delig\/","name":"Bunte Fr\u00fchst\u00fccksteller Korallen - 4 St\u00fcck - UNRO","isPartOf":{"@id":"https:\/\/unrostore.com\/#website"},"primaryImageOfPage":{"@id":"https:\/\/unrostore.com\/shop\/terrafina\/corals\/gekleurde-ontbijtborden-corals-4-delig\/#primaryimage"},"image":{"@id":"https:\/\/unrostore.com\/shop\/terrafina\/corals\/gekleurde-ontbijtborden-corals-4-delig\/#primaryimage"},"thumbnailUrl":"https:\/\/unrostore.com\/wp-content\/uploads\/2023\/01\/unro-kleurrijke-borden-ontbijtbord.webp","datePublished":"2023-01-14T12:05:53+00:00","dateModified":"2026-01-19T20:37:53+00:00","description":"Die modernen portugiesischen farbigen Fr\u00fchst\u00fccksteller Corals - 4-tlg. sind exklusiv bei UNRO erh\u00e4ltlich. Beginnen Sie Ihren Tag mit diesem sch\u00f6nen bunten Geschirr!","breadcrumb":{"@id":"https:\/\/unrostore.com\/shop\/terrafina\/corals\/gekleurde-ontbijtborden-corals-4-delig\/#breadcrumb"},"inLanguage":"de-AT","potentialAction":[{"@type":"ReadAction","target":["https:\/\/unrostore.com\/shop\/terrafina\/corals\/gekleurde-ontbijtborden-corals-4-delig\/"]}]},{"@type":"ImageObject","inLanguage":"de-AT","@id":"https:\/\/unrostore.com\/shop\/terrafina\/corals\/gekleurde-ontbijtborden-corals-4-delig\/#primaryimage","url":"https:\/\/unrostore.com\/wp-content\/uploads\/2023\/01\/unro-kleurrijke-borden-ontbijtbord.webp","contentUrl":"https:\/\/unrostore.com\/wp-content\/uploads\/2023\/01\/unro-kleurrijke-borden-ontbijtbord.webp","width":1000,"height":1000,"caption":"gekleurde gebaksbordjes"},{"@type":"BreadcrumbList","@id":"https:\/\/unrostore.com\/shop\/terrafina\/corals\/gekleurde-ontbijtborden-corals-4-delig\/#breadcrumb","itemListElement":[{"@type":"ListItem","position":1,"name":"Home","item":"https:\/\/unrostore.com\/"},{"@type":"ListItem","position":2,"name":"Shop","item":"https:\/\/unrostore.com\/shop\/"},{"@type":"ListItem","position":3,"name":"Gekleurde Ontbijtborden Corals &#8211; 4-delig"}]},{"@type":"WebSite","@id":"https:\/\/unrostore.com\/#website","url":"https:\/\/unrostore.com\/","name":"UNRO","description":"Portugiesisches Geschirr, das Sie gl\u00fccklich machen wird!","publisher":{"@id":"https:\/\/unrostore.com\/#organization"},"potentialAction":[{"@type":"SearchAction","target":{"@type":"EntryPoint","urlTemplate":"https:\/\/unrostore.com\/?s={search_term_string}"},"query-input":{"@type":"PropertyValueSpecification","valueRequired":true,"valueName":"search_term_string"}}],"inLanguage":"de-AT"},{"@type":"Organization","@id":"https:\/\/unrostore.com\/#organization","name":"UNRO","url":"https:\/\/unrostore.com\/","logo":{"@type":"ImageObject","inLanguage":"de-AT","@id":"https:\/\/unrostore.com\/#\/schema\/logo\/image\/","url":"https:\/\/unrostore.com\/wp-content\/uploads\/2022\/05\/Logo-UNRO.png","contentUrl":"https:\/\/unrostore.com\/wp-content\/uploads\/2022\/05\/Logo-UNRO.png","width":605,"height":179,"caption":"UNRO"},"image":{"@id":"https:\/\/unrostore.com\/#\/schema\/logo\/image\/"}}]}},"_links":{"self":[{"href":"https:\/\/unrostore.com\/de-at\/wp-json\/wp\/v2\/product\/2832","targetHints":{"allow":["GET"]}}],"collection":[{"href":"https:\/\/unrostore.com\/de-at\/wp-json\/wp\/v2\/product"}],"about":[{"href":"https:\/\/unrostore.com\/de-at\/wp-json\/wp\/v2\/types\/product"}],"wp:featuredmedia":[{"embeddable":true,"href":"https:\/\/unrostore.com\/de-at\/wp-json\/wp\/v2\/media\/7086"}],"wp:attachment":[{"href":"https:\/\/unrostore.com\/de-at\/wp-json\/wp\/v2\/media?parent=2832"}],"wp:term":[{"taxonomy":"product_brand","embeddable":true,"href":"https:\/\/unrostore.com\/de-at\/wp-json\/wp\/v2\/product_brand?post=2832"},{"taxonomy":"product_cat","embeddable":true,"href":"https:\/\/unrostore.com\/de-at\/wp-json\/wp\/v2\/product_cat?post=2832"},{"taxonomy":"product_tag","embeddable":true,"href":"https:\/\/unrostore.com\/de-at\/wp-json\/wp\/v2\/product_tag?post=2832"}],"curies":[{"name":"wp","href":"https:\/\/api.w.org\/{rel}","templated":true}]}}