{"id":2831,"date":"2023-01-14T12:17:09","date_gmt":"2023-01-14T12:17:09","guid":{"rendered":"https:\/\/unrostore.com\/?post_type=product&#038;p=2831"},"modified":"2026-01-19T20:37:53","modified_gmt":"2026-01-19T20:37:53","slug":"creme-fruhstucksteller-amazonia-creme-4-stuck","status":"publish","type":"product","link":"https:\/\/unrostore.com\/de-at\/shop\/terrafina\/amazonia-creme\/creme-fruhstucksteller-amazonia-creme-4-stuck\/","title":{"rendered":"Creme Fr\u00fchst\u00fccksteller Amazonia Cream - 4-tlg."},"content":{"rendered":"<h3>Entdecken Sie die Vielseitigkeit der Creme-Fr\u00fchst\u00fccksbrettchen Amazonia Cream - 4-tlg.<\/h3>\n<p>Lassen Sie die<strong> Creme Fr\u00fchst\u00fccksteller<\/strong>\u00a0<strong>Amazonia Cream <\/strong>- 4-teilig aus <a href=\"https:\/\/www.terrafinastore.com\/en\/collections\/amazonia\">Terrafina<\/a> machen Sie gl\u00fccklich bei Tee, Kaffee, Kaffee und Kuchen oder beim Fr\u00fchst\u00fcck. Die Teller sind aus hochwertiger Keramik gefertigt, was sie nicht nur langlebig und stilvoll, sondern auch pflegeleicht macht. Die Fr\u00fchst\u00fccksteller sind mit einem einzigartigen Muster versehen, das jedem Teller einen einzigartigen Look verleiht. Beginnen Sie Ihren Tag stilvoll mit den portugiesischen Tortentellern Amazonia Cream aus hochwertiger Keramik! Sehen Sie sich auch die passenden <a href=\"https:\/\/unrostore.com\/de-at\/shop\/terrafina\/amazonia-creme\/amazonia-cream-dinerborden-4-delig\/\">Amazonia Cream Essteller<\/a>, <a href=\"https:\/\/unrostore.com\/de-at\/shop\/terrafina\/amazonia-creme\/beige-kommetjes-amazonia-cream-4-delig\/?_gl=1*1cl3o5z*_up*MQ..*_ga*MTQ2MzYzMjc2MS4xNzEwNzA1MDI1*_ga_QGLN1EFSS8*MTcxMDcwNTAyNC4xLjEuMTcxMDcwNTAyNy4wLjAuOTc3MDMwMjk3\">creme Sch\u00e4lchen<\/a>, <a href=\"https:\/\/unrostore.com\/de-at\/shop\/terrafina\/amazonia-creme\/pasta-borden-beige-amazonia-cream-set-van-4\/?_gl=1*s6ozrv*_up*MQ..*_ga*MTQ2MzYzMjc2MS4xNzEwNzA1MDI1*_ga_QGLN1EFSS8*MTcxMDcwNTAyNC4xLjEuMTcxMDcwNTA4Ny4wLjAuOTc3MDMwMjk3\">creme Nudelplatten<\/a> und <a href=\"https:\/\/unrostore.com\/de-at\/shop\/terrafina\/amazonia-creme\/creme-cappuccino-becher-amazonia-creme-4-stuck\/?_gl=1*1epwgll*_up*MQ..*_ga*MTQ2MzYzMjc2MS4xNzEwNzA1MDI1*_ga_QGLN1EFSS8*MTcxMDcwNTAyNC4xLjEuMTcxMDcwNTEwNy4wLjAuOTc3MDMwMjk3\">creme Cappuccino Tassen<\/a>.<\/p>\n<p>&nbsp;<\/p>\n<h3>Dies ist die Anzahl der Fr\u00fchst\u00fccksteller, die Sie erhalten werden<\/h3>\n<ul>\n<li><strong>4x <\/strong>Amazonia Cream Fr\u00fchst\u00fccksteller \u00f8 22 cm<\/li>\n<li><strong>1x<\/strong> Terrafina-Geschenkverpackungen<\/li>\n<\/ul>\n<p><em><strong><br \/>\nNachhaltig f\u00fcr Mensch und Umwelt:<\/strong><br \/>\n<\/em><em>Jedes Produkt ist ein Unikat, denn es wird in Handarbeit hergestellt.<br \/>\nDruck und Textur k\u00f6nnen daher leicht vom Produktfoto abweichen.<\/em><\/p>","protected":false},"excerpt":{"rendered":"<div class=\"usps\"><i class=\"far fa-check-circle\"><\/i> Mikrowellenfest<br \/>\n<i class=\"far fa-check-circle\"><\/i> Backofenfest (bis zu 200 Grad)<br \/>\n<i class=\"far fa-check-circle\"><\/i> Sp\u00fclmaschinentauglich<br \/>\n<i class=\"far fa-thumbs-up\"><\/i> Handgefertigt<\/div>","protected":false},"featured_media":3376,"template":"","meta":[],"product_brand":[],"product_cat":[235,144,317,119],"product_tag":[147,286,233,600,596,581,239,141,207,242,288,669],"class_list":{"0":"post-2831","1":"product","2":"type-product","3":"status-publish","4":"has-post-thumbnail","6":"product_cat-borden","7":"product_cat-amazonia-cream","8":"product_cat-ontbijtborden","9":"product_cat-terrafina","10":"product_tag-amazonia","11":"product_tag-bord","12":"product_tag-creme","13":"product_tag-gebak","14":"product_tag-gebaksbord","15":"product_tag-gebaksbordjes","16":"product_tag-klein-bord","17":"product_tag-kleine-borden","18":"product_tag-lila","19":"product_tag-ontbijt","20":"product_tag-ontbijtbord","21":"product_tag-ontbijtbordjes","23":"first","24":"outofstock","25":"sale","26":"taxable","27":"shipping-taxable","28":"purchasable","29":"product-type-simple"},"yoast_head":"<!-- This site is optimized with the Yoast SEO plugin v27.4 - https:\/\/yoast.com\/product\/yoast-seo-wordpress\/ -->\n<title>Creme Ontbijtborden Amazonia Cream - 4-delig &#8226; UNRO<\/title>\n<meta name=\"description\" content=\"Start je dag in stijl met de Portugese creme ontbijtborden Amazonia Cream. De borden zijn mooi om naar te kijken en praktisch in gebruik!\" \/>\n<meta name=\"robots\" content=\"index, follow, max-snippet:-1, max-image-preview:large, max-video-preview:-1\" \/>\n<link rel=\"canonical\" href=\"https:\/\/unrostore.com\/de-at\/shop\/terrafina\/amazonia-creme\/creme-fruhstucksteller-amazonia-creme-4-stuck\/\" \/>\n<meta property=\"og:locale\" content=\"de_DE\" \/>\n<meta property=\"og:type\" content=\"article\" \/>\n<meta property=\"og:title\" content=\"Creme Ontbijtborden Amazonia Cream - 4-delig &#8226; UNRO\" \/>\n<meta property=\"og:description\" content=\"Start je dag in stijl met de Portugese creme ontbijtborden Amazonia Cream. De borden zijn mooi om naar te kijken en praktisch in gebruik!\" \/>\n<meta property=\"og:url\" content=\"https:\/\/unrostore.com\/de-at\/shop\/terrafina\/amazonia-creme\/creme-fruhstucksteller-amazonia-creme-4-stuck\/\" \/>\n<meta property=\"og:site_name\" content=\"UNRO\" \/>\n<meta property=\"article:modified_time\" content=\"2026-01-19T20:37:53+00:00\" \/>\n<meta property=\"og:image\" content=\"https:\/\/unrostore.com\/wp-content\/uploads\/2023\/01\/unro-portugees-servies-terrafina-amazonia-cream-ontbijtbord.jpg\" \/>\n\t<meta property=\"og:image:width\" content=\"1400\" \/>\n\t<meta property=\"og:image:height\" content=\"1400\" \/>\n\t<meta property=\"og:image:type\" content=\"image\/jpeg\" \/>\n<meta name=\"twitter:card\" content=\"summary_large_image\" \/>\n<script type=\"application\/ld+json\" class=\"yoast-schema-graph\">{\"@context\":\"https:\\\/\\\/schema.org\",\"@graph\":[{\"@type\":\"WebPage\",\"@id\":\"https:\\\/\\\/unrostore.com\\\/shop\\\/terrafina\\\/amazonia-cream\\\/creme-ontbijtborden-amazonia-cream-4-delig\\\/\",\"url\":\"https:\\\/\\\/unrostore.com\\\/shop\\\/terrafina\\\/amazonia-cream\\\/creme-ontbijtborden-amazonia-cream-4-delig\\\/\",\"name\":\"Creme Ontbijtborden Amazonia Cream - 4-delig &#8226; UNRO\",\"isPartOf\":{\"@id\":\"https:\\\/\\\/unrostore.com\\\/#website\"},\"primaryImageOfPage\":{\"@id\":\"https:\\\/\\\/unrostore.com\\\/shop\\\/terrafina\\\/amazonia-cream\\\/creme-ontbijtborden-amazonia-cream-4-delig\\\/#primaryimage\"},\"image\":{\"@id\":\"https:\\\/\\\/unrostore.com\\\/shop\\\/terrafina\\\/amazonia-cream\\\/creme-ontbijtborden-amazonia-cream-4-delig\\\/#primaryimage\"},\"thumbnailUrl\":\"https:\\\/\\\/unrostore.com\\\/wp-content\\\/uploads\\\/2023\\\/01\\\/unro-portugees-servies-terrafina-amazonia-cream-ontbijtbord.jpg\",\"datePublished\":\"2023-01-14T12:17:09+00:00\",\"dateModified\":\"2026-01-19T20:37:53+00:00\",\"description\":\"Start je dag in stijl met de Portugese creme ontbijtborden Amazonia Cream. De borden zijn mooi om naar te kijken en praktisch in gebruik!\",\"breadcrumb\":{\"@id\":\"https:\\\/\\\/unrostore.com\\\/shop\\\/terrafina\\\/amazonia-cream\\\/creme-ontbijtborden-amazonia-cream-4-delig\\\/#breadcrumb\"},\"inLanguage\":\"de-AT\",\"potentialAction\":[{\"@type\":\"ReadAction\",\"target\":[\"https:\\\/\\\/unrostore.com\\\/shop\\\/terrafina\\\/amazonia-cream\\\/creme-ontbijtborden-amazonia-cream-4-delig\\\/\"]}]},{\"@type\":\"ImageObject\",\"inLanguage\":\"de-AT\",\"@id\":\"https:\\\/\\\/unrostore.com\\\/shop\\\/terrafina\\\/amazonia-cream\\\/creme-ontbijtborden-amazonia-cream-4-delig\\\/#primaryimage\",\"url\":\"https:\\\/\\\/unrostore.com\\\/wp-content\\\/uploads\\\/2023\\\/01\\\/unro-portugees-servies-terrafina-amazonia-cream-ontbijtbord.jpg\",\"contentUrl\":\"https:\\\/\\\/unrostore.com\\\/wp-content\\\/uploads\\\/2023\\\/01\\\/unro-portugees-servies-terrafina-amazonia-cream-ontbijtbord.jpg\",\"width\":1400,\"height\":1400,\"caption\":\"Beige Gebaksbordjes Amazonia Cream - 4-delig Portugees Keramiek Servies\"},{\"@type\":\"BreadcrumbList\",\"@id\":\"https:\\\/\\\/unrostore.com\\\/shop\\\/terrafina\\\/amazonia-cream\\\/creme-ontbijtborden-amazonia-cream-4-delig\\\/#breadcrumb\",\"itemListElement\":[{\"@type\":\"ListItem\",\"position\":1,\"name\":\"Home\",\"item\":\"https:\\\/\\\/unrostore.com\\\/\"},{\"@type\":\"ListItem\",\"position\":2,\"name\":\"Shop\",\"item\":\"https:\\\/\\\/unrostore.com\\\/shop\\\/\"},{\"@type\":\"ListItem\",\"position\":3,\"name\":\"Creme Ontbijtborden Amazonia Cream &#8211; 4-delig\"}]},{\"@type\":\"WebSite\",\"@id\":\"https:\\\/\\\/unrostore.com\\\/#website\",\"url\":\"https:\\\/\\\/unrostore.com\\\/\",\"name\":\"UNRO\",\"description\":\"Portugees servies waar je blij van wordt!\",\"publisher\":{\"@id\":\"https:\\\/\\\/unrostore.com\\\/#organization\"},\"potentialAction\":[{\"@type\":\"SearchAction\",\"target\":{\"@type\":\"EntryPoint\",\"urlTemplate\":\"https:\\\/\\\/unrostore.com\\\/?s={search_term_string}\"},\"query-input\":{\"@type\":\"PropertyValueSpecification\",\"valueRequired\":true,\"valueName\":\"search_term_string\"}}],\"inLanguage\":\"de-AT\"},{\"@type\":\"Organization\",\"@id\":\"https:\\\/\\\/unrostore.com\\\/#organization\",\"name\":\"UNRO\",\"url\":\"https:\\\/\\\/unrostore.com\\\/\",\"logo\":{\"@type\":\"ImageObject\",\"inLanguage\":\"de-AT\",\"@id\":\"https:\\\/\\\/unrostore.com\\\/#\\\/schema\\\/logo\\\/image\\\/\",\"url\":\"https:\\\/\\\/unrostore.com\\\/wp-content\\\/uploads\\\/2022\\\/05\\\/Logo-UNRO.png\",\"contentUrl\":\"https:\\\/\\\/unrostore.com\\\/wp-content\\\/uploads\\\/2022\\\/05\\\/Logo-UNRO.png\",\"width\":605,\"height\":179,\"caption\":\"UNRO\"},\"image\":{\"@id\":\"https:\\\/\\\/unrostore.com\\\/#\\\/schema\\\/logo\\\/image\\\/\"}}]}<\/script>\n<!-- \/ Yoast SEO plugin. -->","yoast_head_json":{"title":"Creme Fr\u00fchst\u00fccksteller Amazonia Creme - 4-teilig - UNRO","description":"Beginnen Sie Ihren Tag stilvoll mit den portugiesischen Creme-Fr\u00fchst\u00fcckstellern Amazonia Cream. Die Teller sind sch\u00f6n anzuschauen und praktisch zu benutzen!","robots":{"index":"index","follow":"follow","max-snippet":"max-snippet:-1","max-image-preview":"max-image-preview:large","max-video-preview":"max-video-preview:-1"},"canonical":"https:\/\/unrostore.com\/de-at\/shop\/terrafina\/amazonia-creme\/creme-fruhstucksteller-amazonia-creme-4-stuck\/","og_locale":"de_DE","og_type":"article","og_title":"Creme Ontbijtborden Amazonia Cream - 4-delig &#8226; UNRO","og_description":"Start je dag in stijl met de Portugese creme ontbijtborden Amazonia Cream. De borden zijn mooi om naar te kijken en praktisch in gebruik!","og_url":"https:\/\/unrostore.com\/de-at\/shop\/terrafina\/amazonia-creme\/creme-fruhstucksteller-amazonia-creme-4-stuck\/","og_site_name":"UNRO","article_modified_time":"2026-01-19T20:37:53+00:00","og_image":[{"width":1400,"height":1400,"url":"https:\/\/unrostore.com\/wp-content\/uploads\/2023\/01\/unro-portugees-servies-terrafina-amazonia-cream-ontbijtbord.jpg","type":"image\/jpeg"}],"twitter_card":"summary_large_image","schema":{"@context":"https:\/\/schema.org","@graph":[{"@type":"WebPage","@id":"https:\/\/unrostore.com\/shop\/terrafina\/amazonia-cream\/creme-ontbijtborden-amazonia-cream-4-delig\/","url":"https:\/\/unrostore.com\/shop\/terrafina\/amazonia-cream\/creme-ontbijtborden-amazonia-cream-4-delig\/","name":"Creme Fr\u00fchst\u00fccksteller Amazonia Creme - 4-teilig - UNRO","isPartOf":{"@id":"https:\/\/unrostore.com\/#website"},"primaryImageOfPage":{"@id":"https:\/\/unrostore.com\/shop\/terrafina\/amazonia-cream\/creme-ontbijtborden-amazonia-cream-4-delig\/#primaryimage"},"image":{"@id":"https:\/\/unrostore.com\/shop\/terrafina\/amazonia-cream\/creme-ontbijtborden-amazonia-cream-4-delig\/#primaryimage"},"thumbnailUrl":"https:\/\/unrostore.com\/wp-content\/uploads\/2023\/01\/unro-portugees-servies-terrafina-amazonia-cream-ontbijtbord.jpg","datePublished":"2023-01-14T12:17:09+00:00","dateModified":"2026-01-19T20:37:53+00:00","description":"Beginnen Sie Ihren Tag stilvoll mit den portugiesischen Creme-Fr\u00fchst\u00fcckstellern Amazonia Cream. Die Teller sind sch\u00f6n anzuschauen und praktisch zu benutzen!","breadcrumb":{"@id":"https:\/\/unrostore.com\/shop\/terrafina\/amazonia-cream\/creme-ontbijtborden-amazonia-cream-4-delig\/#breadcrumb"},"inLanguage":"de-AT","potentialAction":[{"@type":"ReadAction","target":["https:\/\/unrostore.com\/shop\/terrafina\/amazonia-cream\/creme-ontbijtborden-amazonia-cream-4-delig\/"]}]},{"@type":"ImageObject","inLanguage":"de-AT","@id":"https:\/\/unrostore.com\/shop\/terrafina\/amazonia-cream\/creme-ontbijtborden-amazonia-cream-4-delig\/#primaryimage","url":"https:\/\/unrostore.com\/wp-content\/uploads\/2023\/01\/unro-portugees-servies-terrafina-amazonia-cream-ontbijtbord.jpg","contentUrl":"https:\/\/unrostore.com\/wp-content\/uploads\/2023\/01\/unro-portugees-servies-terrafina-amazonia-cream-ontbijtbord.jpg","width":1400,"height":1400,"caption":"Beige Gebaksbordjes Amazonia Cream - 4-delig Portugees Keramiek Servies"},{"@type":"BreadcrumbList","@id":"https:\/\/unrostore.com\/shop\/terrafina\/amazonia-cream\/creme-ontbijtborden-amazonia-cream-4-delig\/#breadcrumb","itemListElement":[{"@type":"ListItem","position":1,"name":"Home","item":"https:\/\/unrostore.com\/"},{"@type":"ListItem","position":2,"name":"Shop","item":"https:\/\/unrostore.com\/shop\/"},{"@type":"ListItem","position":3,"name":"Creme Ontbijtborden Amazonia Cream &#8211; 4-delig"}]},{"@type":"WebSite","@id":"https:\/\/unrostore.com\/#website","url":"https:\/\/unrostore.com\/","name":"UNRO","description":"Portugiesisches Geschirr, das Sie gl\u00fccklich machen wird!","publisher":{"@id":"https:\/\/unrostore.com\/#organization"},"potentialAction":[{"@type":"SearchAction","target":{"@type":"EntryPoint","urlTemplate":"https:\/\/unrostore.com\/?s={search_term_string}"},"query-input":{"@type":"PropertyValueSpecification","valueRequired":true,"valueName":"search_term_string"}}],"inLanguage":"de-AT"},{"@type":"Organization","@id":"https:\/\/unrostore.com\/#organization","name":"UNRO","url":"https:\/\/unrostore.com\/","logo":{"@type":"ImageObject","inLanguage":"de-AT","@id":"https:\/\/unrostore.com\/#\/schema\/logo\/image\/","url":"https:\/\/unrostore.com\/wp-content\/uploads\/2022\/05\/Logo-UNRO.png","contentUrl":"https:\/\/unrostore.com\/wp-content\/uploads\/2022\/05\/Logo-UNRO.png","width":605,"height":179,"caption":"UNRO"},"image":{"@id":"https:\/\/unrostore.com\/#\/schema\/logo\/image\/"}}]}},"_links":{"self":[{"href":"https:\/\/unrostore.com\/de-at\/wp-json\/wp\/v2\/product\/2831","targetHints":{"allow":["GET"]}}],"collection":[{"href":"https:\/\/unrostore.com\/de-at\/wp-json\/wp\/v2\/product"}],"about":[{"href":"https:\/\/unrostore.com\/de-at\/wp-json\/wp\/v2\/types\/product"}],"wp:featuredmedia":[{"embeddable":true,"href":"https:\/\/unrostore.com\/de-at\/wp-json\/wp\/v2\/media\/3376"}],"wp:attachment":[{"href":"https:\/\/unrostore.com\/de-at\/wp-json\/wp\/v2\/media?parent=2831"}],"wp:term":[{"taxonomy":"product_brand","embeddable":true,"href":"https:\/\/unrostore.com\/de-at\/wp-json\/wp\/v2\/product_brand?post=2831"},{"taxonomy":"product_cat","embeddable":true,"href":"https:\/\/unrostore.com\/de-at\/wp-json\/wp\/v2\/product_cat?post=2831"},{"taxonomy":"product_tag","embeddable":true,"href":"https:\/\/unrostore.com\/de-at\/wp-json\/wp\/v2\/product_tag?post=2831"}],"curies":[{"name":"wp","href":"https:\/\/api.w.org\/{rel}","templated":true}]}}