{"id":2771,"date":"2022-12-04T14:43:44","date_gmt":"2022-12-04T14:43:44","guid":{"rendered":"https:\/\/unrostore.com\/?post_type=product&#038;p=2771"},"modified":"2026-01-19T20:37:54","modified_gmt":"2026-01-19T20:37:54","slug":"mar-blau-fruhstucksteller-2-stuck","status":"publish","type":"product","link":"https:\/\/unrostore.com\/de-at\/shop\/ca-atlantica\/marmor-blau-2\/mar-blau-fruhstucksteller-2-stuck\/","title":{"rendered":"Mar Blue Fr\u00fchst\u00fccksteller - 2-tlg."},"content":{"rendered":"<h3>Entdecken Sie die sch\u00f6nen Mar Blue Breakfast Plates<\/h3>\n<p>Met de Mar Blaue Fr\u00fchst\u00fccksteller - 2-teilig von der portugiesischen Marke <a href=\"https:\/\/www.companhiaatlantica.pt\/en\/about-us\/\">C\u00aa Atlantica<\/a> die in Portugal handgefertigt werden, sind Sie immer an der richtigen Adresse. Dunkelblau und Wei\u00df ist eine klassisch schicke Kombination und passt perfekt zu jedem Anlass und jeder Jahreszeit. Damit Sie jeden Tag gl\u00fccklich sind, erleben Sie es jetzt selbst! Kombinieren Sie die Fr\u00fchst\u00fccksteller mit dem <a href=\"https:\/\/unrostore.com\/de-at\/shop\/ca-atlantica\/marmor-blau-2\/mar-blau-muslischalen-2-stuck\/\">Mar Blue Schalen - 2-teilig<\/a> ob die <a href=\"https:\/\/unrostore.com\/de-at\/shop\/ca-atlantica\/marmor-blau-2\/mar-blue-serveer-schaal-groot\/\">Mar Blue Servierplatte Gro\u00df<\/a>.<\/p>\n<p>&nbsp;<\/p>\n<h3>Dies ist die Anzahl der Platten, die Sie geliefert bekommen<\/h3>\n<ul>\n<li>2x Mar Blue Fr\u00fchst\u00fccksteller<\/li>\n<\/ul>\n<p>&nbsp;<\/p>\n<p><em><strong>Nachhaltig f\u00fcr Mensch und Umwelt:<\/strong><br \/>\nJedes Produkt ist ein Unikat, denn es wird in Handarbeit hergestellt.<br \/>\nDruck und Textur k\u00f6nnen daher leicht vom Produktfoto abweichen.<\/em><\/p>","protected":false},"excerpt":{"rendered":"<div class=\"usps\"><i class=\"far fa-check-circle\"><\/i> Mikrowellenfest<br \/>\n<i class=\"far fa-check-circle\"><\/i> Backofenfest (bis zu 200 Grad)<br \/>\n<i class=\"far fa-check-circle\"><\/i> Sp\u00fclmaschinentauglich<br \/>\n<i class=\"far fa-thumbs-up\"><\/i> Handgefertigt<\/div>","protected":false},"featured_media":4926,"template":"","meta":[],"product_brand":[],"product_cat":[235,120,195,317],"product_tag":[177,216,236,239,245,255,256],"class_list":{"0":"post-2771","1":"product","2":"type-product","3":"status-publish","4":"has-post-thumbnail","6":"product_cat-borden","7":"product_cat-ca-atlantica","8":"product_cat-mar-blue","9":"product_cat-ontbijtborden","10":"product_tag-blauw","11":"product_tag-ca-atlantica","12":"product_tag-dinner-plate","13":"product_tag-klein-bord","14":"product_tag-mar","15":"product_tag-ontbijt-bord","16":"product_tag-salade-bord","17":"product_shipping_class-pakket","19":"first","20":"outofstock","21":"sale","22":"taxable","23":"shipping-taxable","24":"purchasable","25":"product-type-simple"},"yoast_head":"<!-- This site is optimized with the Yoast SEO plugin v27.4 - https:\/\/yoast.com\/product\/yoast-seo-wordpress\/ -->\n<title>Mar Blue Ontbijtborden - 2-delig - Middelgrote Bord &#8226; UNRO<\/title>\n<meta name=\"description\" content=\"De MAR Blue Ontbijtborden - 2-delig zijn werkelijk prachtig en neemt je mee naar de zee. Om elke dag blij van te worden, ervaar het nu zelf!\" \/>\n<meta name=\"robots\" content=\"index, follow, max-snippet:-1, max-image-preview:large, max-video-preview:-1\" \/>\n<link rel=\"canonical\" href=\"https:\/\/unrostore.com\/de-at\/shop\/ca-atlantica\/marmor-blau-2\/mar-blau-fruhstucksteller-2-stuck\/\" \/>\n<meta property=\"og:locale\" content=\"de_DE\" \/>\n<meta property=\"og:type\" content=\"article\" \/>\n<meta property=\"og:title\" content=\"Mar Blue Ontbijtborden - 2-delig - Middelgrote Bord &#8226; UNRO\" \/>\n<meta property=\"og:description\" content=\"De MAR Blue Ontbijtborden - 2-delig zijn werkelijk prachtig en neemt je mee naar de zee. Om elke dag blij van te worden, ervaar het nu zelf!\" \/>\n<meta property=\"og:url\" content=\"https:\/\/unrostore.com\/de-at\/shop\/ca-atlantica\/marmor-blau-2\/mar-blau-fruhstucksteller-2-stuck\/\" \/>\n<meta property=\"og:site_name\" content=\"UNRO\" \/>\n<meta property=\"article:modified_time\" content=\"2026-01-19T20:37:54+00:00\" \/>\n<meta property=\"og:image\" content=\"https:\/\/unrostore.com\/wp-content\/uploads\/2022\/12\/unro-portugees-servies-mar-blue-ontbijtborden-2-delig-1.jpg\" \/>\n\t<meta property=\"og:image:width\" content=\"2560\" \/>\n\t<meta property=\"og:image:height\" content=\"2438\" \/>\n\t<meta property=\"og:image:type\" content=\"image\/jpeg\" \/>\n<meta name=\"twitter:card\" content=\"summary_large_image\" \/>\n<script type=\"application\/ld+json\" class=\"yoast-schema-graph\">{\"@context\":\"https:\\\/\\\/schema.org\",\"@graph\":[{\"@type\":\"WebPage\",\"@id\":\"https:\\\/\\\/unrostore.com\\\/shop\\\/ca-atlantica\\\/mar-blue\\\/mar-blue-ontbijt-borden-2-delig\\\/\",\"url\":\"https:\\\/\\\/unrostore.com\\\/shop\\\/ca-atlantica\\\/mar-blue\\\/mar-blue-ontbijt-borden-2-delig\\\/\",\"name\":\"Mar Blue Ontbijtborden - 2-delig - Middelgrote Bord &#8226; UNRO\",\"isPartOf\":{\"@id\":\"https:\\\/\\\/unrostore.com\\\/#website\"},\"primaryImageOfPage\":{\"@id\":\"https:\\\/\\\/unrostore.com\\\/shop\\\/ca-atlantica\\\/mar-blue\\\/mar-blue-ontbijt-borden-2-delig\\\/#primaryimage\"},\"image\":{\"@id\":\"https:\\\/\\\/unrostore.com\\\/shop\\\/ca-atlantica\\\/mar-blue\\\/mar-blue-ontbijt-borden-2-delig\\\/#primaryimage\"},\"thumbnailUrl\":\"https:\\\/\\\/unrostore.com\\\/wp-content\\\/uploads\\\/2022\\\/12\\\/unro-portugees-servies-mar-blue-ontbijtborden-2-delig-1.jpg\",\"datePublished\":\"2022-12-04T14:43:44+00:00\",\"dateModified\":\"2026-01-19T20:37:54+00:00\",\"description\":\"De MAR Blue Ontbijtborden - 2-delig zijn werkelijk prachtig en neemt je mee naar de zee. Om elke dag blij van te worden, ervaar het nu zelf!\",\"breadcrumb\":{\"@id\":\"https:\\\/\\\/unrostore.com\\\/shop\\\/ca-atlantica\\\/mar-blue\\\/mar-blue-ontbijt-borden-2-delig\\\/#breadcrumb\"},\"inLanguage\":\"de-AT\",\"potentialAction\":[{\"@type\":\"ReadAction\",\"target\":[\"https:\\\/\\\/unrostore.com\\\/shop\\\/ca-atlantica\\\/mar-blue\\\/mar-blue-ontbijt-borden-2-delig\\\/\"]}]},{\"@type\":\"ImageObject\",\"inLanguage\":\"de-AT\",\"@id\":\"https:\\\/\\\/unrostore.com\\\/shop\\\/ca-atlantica\\\/mar-blue\\\/mar-blue-ontbijt-borden-2-delig\\\/#primaryimage\",\"url\":\"https:\\\/\\\/unrostore.com\\\/wp-content\\\/uploads\\\/2022\\\/12\\\/unro-portugees-servies-mar-blue-ontbijtborden-2-delig-1.jpg\",\"contentUrl\":\"https:\\\/\\\/unrostore.com\\\/wp-content\\\/uploads\\\/2022\\\/12\\\/unro-portugees-servies-mar-blue-ontbijtborden-2-delig-1.jpg\",\"width\":2560,\"height\":2438,\"caption\":\"Blauwe ontbijtborden Mar Blue Portugees Servies blauw UNRO\"},{\"@type\":\"BreadcrumbList\",\"@id\":\"https:\\\/\\\/unrostore.com\\\/shop\\\/ca-atlantica\\\/mar-blue\\\/mar-blue-ontbijt-borden-2-delig\\\/#breadcrumb\",\"itemListElement\":[{\"@type\":\"ListItem\",\"position\":1,\"name\":\"Home\",\"item\":\"https:\\\/\\\/unrostore.com\\\/\"},{\"@type\":\"ListItem\",\"position\":2,\"name\":\"Shop\",\"item\":\"https:\\\/\\\/unrostore.com\\\/shop\\\/\"},{\"@type\":\"ListItem\",\"position\":3,\"name\":\"Mar Blue Ontbijtborden &#8211; 2-delig\"}]},{\"@type\":\"WebSite\",\"@id\":\"https:\\\/\\\/unrostore.com\\\/#website\",\"url\":\"https:\\\/\\\/unrostore.com\\\/\",\"name\":\"UNRO\",\"description\":\"Portugees servies waar je blij van wordt!\",\"publisher\":{\"@id\":\"https:\\\/\\\/unrostore.com\\\/#organization\"},\"potentialAction\":[{\"@type\":\"SearchAction\",\"target\":{\"@type\":\"EntryPoint\",\"urlTemplate\":\"https:\\\/\\\/unrostore.com\\\/?s={search_term_string}\"},\"query-input\":{\"@type\":\"PropertyValueSpecification\",\"valueRequired\":true,\"valueName\":\"search_term_string\"}}],\"inLanguage\":\"de-AT\"},{\"@type\":\"Organization\",\"@id\":\"https:\\\/\\\/unrostore.com\\\/#organization\",\"name\":\"UNRO\",\"url\":\"https:\\\/\\\/unrostore.com\\\/\",\"logo\":{\"@type\":\"ImageObject\",\"inLanguage\":\"de-AT\",\"@id\":\"https:\\\/\\\/unrostore.com\\\/#\\\/schema\\\/logo\\\/image\\\/\",\"url\":\"https:\\\/\\\/unrostore.com\\\/wp-content\\\/uploads\\\/2022\\\/05\\\/Logo-UNRO.png\",\"contentUrl\":\"https:\\\/\\\/unrostore.com\\\/wp-content\\\/uploads\\\/2022\\\/05\\\/Logo-UNRO.png\",\"width\":605,\"height\":179,\"caption\":\"UNRO\"},\"image\":{\"@id\":\"https:\\\/\\\/unrostore.com\\\/#\\\/schema\\\/logo\\\/image\\\/\"}}]}<\/script>\n<!-- \/ Yoast SEO plugin. -->","yoast_head_json":{"title":"Mar Blue Fr\u00fchst\u00fccksteller - 2-teilig - Medium Teller - UNRO","description":"Die MAR Blue Breakfast Plates - 2-piece sind wirklich sch\u00f6n und werden Sie ans Meer entf\u00fchren. Um Sie jeden Tag gl\u00fccklich zu machen, erleben Sie es jetzt selbst!","robots":{"index":"index","follow":"follow","max-snippet":"max-snippet:-1","max-image-preview":"max-image-preview:large","max-video-preview":"max-video-preview:-1"},"canonical":"https:\/\/unrostore.com\/de-at\/shop\/ca-atlantica\/marmor-blau-2\/mar-blau-fruhstucksteller-2-stuck\/","og_locale":"de_DE","og_type":"article","og_title":"Mar Blue Ontbijtborden - 2-delig - Middelgrote Bord &#8226; UNRO","og_description":"De MAR Blue Ontbijtborden - 2-delig zijn werkelijk prachtig en neemt je mee naar de zee. Om elke dag blij van te worden, ervaar het nu zelf!","og_url":"https:\/\/unrostore.com\/de-at\/shop\/ca-atlantica\/marmor-blau-2\/mar-blau-fruhstucksteller-2-stuck\/","og_site_name":"UNRO","article_modified_time":"2026-01-19T20:37:54+00:00","og_image":[{"width":2560,"height":2438,"url":"https:\/\/unrostore.com\/wp-content\/uploads\/2022\/12\/unro-portugees-servies-mar-blue-ontbijtborden-2-delig-1.jpg","type":"image\/jpeg"}],"twitter_card":"summary_large_image","schema":{"@context":"https:\/\/schema.org","@graph":[{"@type":"WebPage","@id":"https:\/\/unrostore.com\/shop\/ca-atlantica\/mar-blue\/mar-blue-ontbijt-borden-2-delig\/","url":"https:\/\/unrostore.com\/shop\/ca-atlantica\/mar-blue\/mar-blue-ontbijt-borden-2-delig\/","name":"Mar Blue Fr\u00fchst\u00fccksteller - 2-teilig - Medium Teller - UNRO","isPartOf":{"@id":"https:\/\/unrostore.com\/#website"},"primaryImageOfPage":{"@id":"https:\/\/unrostore.com\/shop\/ca-atlantica\/mar-blue\/mar-blue-ontbijt-borden-2-delig\/#primaryimage"},"image":{"@id":"https:\/\/unrostore.com\/shop\/ca-atlantica\/mar-blue\/mar-blue-ontbijt-borden-2-delig\/#primaryimage"},"thumbnailUrl":"https:\/\/unrostore.com\/wp-content\/uploads\/2022\/12\/unro-portugees-servies-mar-blue-ontbijtborden-2-delig-1.jpg","datePublished":"2022-12-04T14:43:44+00:00","dateModified":"2026-01-19T20:37:54+00:00","description":"Die MAR Blue Breakfast Plates - 2-piece sind wirklich sch\u00f6n und werden Sie ans Meer entf\u00fchren. Um Sie jeden Tag gl\u00fccklich zu machen, erleben Sie es jetzt selbst!","breadcrumb":{"@id":"https:\/\/unrostore.com\/shop\/ca-atlantica\/mar-blue\/mar-blue-ontbijt-borden-2-delig\/#breadcrumb"},"inLanguage":"de-AT","potentialAction":[{"@type":"ReadAction","target":["https:\/\/unrostore.com\/shop\/ca-atlantica\/mar-blue\/mar-blue-ontbijt-borden-2-delig\/"]}]},{"@type":"ImageObject","inLanguage":"de-AT","@id":"https:\/\/unrostore.com\/shop\/ca-atlantica\/mar-blue\/mar-blue-ontbijt-borden-2-delig\/#primaryimage","url":"https:\/\/unrostore.com\/wp-content\/uploads\/2022\/12\/unro-portugees-servies-mar-blue-ontbijtborden-2-delig-1.jpg","contentUrl":"https:\/\/unrostore.com\/wp-content\/uploads\/2022\/12\/unro-portugees-servies-mar-blue-ontbijtborden-2-delig-1.jpg","width":2560,"height":2438,"caption":"Blauwe ontbijtborden Mar Blue Portugees Servies blauw UNRO"},{"@type":"BreadcrumbList","@id":"https:\/\/unrostore.com\/shop\/ca-atlantica\/mar-blue\/mar-blue-ontbijt-borden-2-delig\/#breadcrumb","itemListElement":[{"@type":"ListItem","position":1,"name":"Home","item":"https:\/\/unrostore.com\/"},{"@type":"ListItem","position":2,"name":"Shop","item":"https:\/\/unrostore.com\/shop\/"},{"@type":"ListItem","position":3,"name":"Mar Blue Ontbijtborden &#8211; 2-delig"}]},{"@type":"WebSite","@id":"https:\/\/unrostore.com\/#website","url":"https:\/\/unrostore.com\/","name":"UNRO","description":"Portugiesisches Geschirr, das Sie gl\u00fccklich machen wird!","publisher":{"@id":"https:\/\/unrostore.com\/#organization"},"potentialAction":[{"@type":"SearchAction","target":{"@type":"EntryPoint","urlTemplate":"https:\/\/unrostore.com\/?s={search_term_string}"},"query-input":{"@type":"PropertyValueSpecification","valueRequired":true,"valueName":"search_term_string"}}],"inLanguage":"de-AT"},{"@type":"Organization","@id":"https:\/\/unrostore.com\/#organization","name":"UNRO","url":"https:\/\/unrostore.com\/","logo":{"@type":"ImageObject","inLanguage":"de-AT","@id":"https:\/\/unrostore.com\/#\/schema\/logo\/image\/","url":"https:\/\/unrostore.com\/wp-content\/uploads\/2022\/05\/Logo-UNRO.png","contentUrl":"https:\/\/unrostore.com\/wp-content\/uploads\/2022\/05\/Logo-UNRO.png","width":605,"height":179,"caption":"UNRO"},"image":{"@id":"https:\/\/unrostore.com\/#\/schema\/logo\/image\/"}}]}},"_links":{"self":[{"href":"https:\/\/unrostore.com\/de-at\/wp-json\/wp\/v2\/product\/2771","targetHints":{"allow":["GET"]}}],"collection":[{"href":"https:\/\/unrostore.com\/de-at\/wp-json\/wp\/v2\/product"}],"about":[{"href":"https:\/\/unrostore.com\/de-at\/wp-json\/wp\/v2\/types\/product"}],"wp:featuredmedia":[{"embeddable":true,"href":"https:\/\/unrostore.com\/de-at\/wp-json\/wp\/v2\/media\/4926"}],"wp:attachment":[{"href":"https:\/\/unrostore.com\/de-at\/wp-json\/wp\/v2\/media?parent=2771"}],"wp:term":[{"taxonomy":"product_brand","embeddable":true,"href":"https:\/\/unrostore.com\/de-at\/wp-json\/wp\/v2\/product_brand?post=2771"},{"taxonomy":"product_cat","embeddable":true,"href":"https:\/\/unrostore.com\/de-at\/wp-json\/wp\/v2\/product_cat?post=2771"},{"taxonomy":"product_tag","embeddable":true,"href":"https:\/\/unrostore.com\/de-at\/wp-json\/wp\/v2\/product_tag?post=2771"}],"curies":[{"name":"wp","href":"https:\/\/api.w.org\/{rel}","templated":true}]}}