{"id":2764,"date":"2022-12-04T14:28:25","date_gmt":"2022-12-04T14:28:25","guid":{"rendered":"https:\/\/unrostore.com\/?post_type=product&#038;p=2764"},"modified":"2026-01-19T20:37:54","modified_gmt":"2026-01-19T20:37:54","slug":"mar-rosa-servierplatte-medium","status":"publish","type":"product","link":"https:\/\/unrostore.com\/de-at\/shop\/ca-atlantica\/altrosa\/mar-rosa-servierplatte-medium\/","title":{"rendered":"Mar Rosa Servierplatte Medium"},"content":{"rendered":"<h3>Der rosa Traum aller: die Mar Pink Servierschale<\/h3>\n<p><span style=\"font-weight: 400;\">Entdecken Sie jetzt die Vielseitigkeit dieser Mar Rosa Serviertablett Medium von portugiesischen Marke <a href=\"https:\/\/www.companhiaatlantica.pt\/en\/about-us\/\">C\u00aa Atlantica<\/a> und versch\u00f6nern Sie Ihr Zuhause mit dieser h\u00fcbschen rosa Farbe. Eine ideale Schale, um Ihr Sushi oder ein anderes leckeres Gericht zu pr\u00e4sentieren: Caprese-Salat zum Beispiel. Mit dieser ovalen Servierplatte werden Sie Ihre rosa Wolke nicht mehr verlassen k\u00f6nnen! Kombinieren Sie mit dem <a href=\"https:\/\/unrostore.com\/de-at\/shop\/ca-atlantica\/altrosa\/mar-pink-salad-plates-2-delig-kopie\/\">Mar Rosa Fr\u00fchst\u00fccksteller<\/a> um Ihre Zusammenkunft zu vervollst\u00e4ndigen. Alternativ k\u00f6nnen Sie die Serviersch\u00fcssel mit dem <a href=\"https:\/\/unrostore.com\/de-at\/shop\/ca-atlantica\/altrosa\/mar-pink-dinner-plates-2-delig\/\">Mar Rosa Essteller<\/a> f\u00fcr ein wunderbares Mittag- oder Abendessen!<\/span><\/p>\n<p>&nbsp;<\/p>\n<h3>Dies ist die Nummer, die Sie zugestellt bekommen<\/h3>\n<ul>\n<li>1x Mar Rosa Serviertablett Medium<\/li>\n<\/ul>\n<p><em><strong>Nachhaltig f\u00fcr Mensch und Umwelt:<\/strong><br \/>\nJedes Produkt ist ein Unikat, denn es wird in Handarbeit hergestellt.<br \/>\nDruck und Textur k\u00f6nnen daher leicht vom Produktfoto abweichen.<\/em><\/p>","protected":false},"excerpt":{"rendered":"<div class=\"usps\"><i class=\"far fa-check-circle\"><\/i> Mikrowellenfest<br \/>\n<i class=\"far fa-check-circle\"><\/i> Backofenfest (bis zu 200 Grad)<br \/>\n<i class=\"far fa-check-circle\"><\/i> Sp\u00fclmaschinentauglich<br \/>\n<i class=\"far fa-thumbs-up\"><\/i> Handgefertigt<\/div>","protected":false},"featured_media":3412,"template":"","meta":[],"product_brand":[],"product_cat":[120,196,138],"product_tag":[216,601,245,261,278,260,215,252,148],"class_list":{"0":"post-2764","1":"product","2":"type-product","3":"status-publish","4":"has-post-thumbnail","6":"product_cat-ca-atlantica","7":"product_cat-mar-pink","8":"product_cat-serveerschalen","9":"product_tag-ca-atlantica","10":"product_tag-hapjesschaal","11":"product_tag-mar","12":"product_tag-middel","13":"product_tag-middelgroot","14":"product_tag-ovaal","15":"product_tag-roze","16":"product_tag-schaal","17":"product_tag-serveerschaal","18":"product_shipping_class-pakket","20":"first","21":"instock","22":"sale","23":"taxable","24":"shipping-taxable","25":"purchasable","26":"product-type-simple"},"yoast_head":"<!-- This site is optimized with the Yoast SEO plugin v27.4 - https:\/\/yoast.com\/product\/yoast-seo-wordpress\/ -->\n<title>Mar Pink Serveerschaal Middelgroot &#8226; UNRO<\/title>\n<meta name=\"description\" content=\"Met de Mar Pink Serveerschaal Middelgroot ben jij niet meer van je roze wolk te krijgen. Fleur nu jouw interieur op met deze mooie roze kleur!\" \/>\n<meta name=\"robots\" content=\"index, follow, max-snippet:-1, max-image-preview:large, max-video-preview:-1\" \/>\n<link rel=\"canonical\" href=\"https:\/\/unrostore.com\/de-at\/shop\/ca-atlantica\/altrosa\/mar-rosa-servierplatte-medium\/\" \/>\n<meta property=\"og:locale\" content=\"de_DE\" \/>\n<meta property=\"og:type\" content=\"article\" \/>\n<meta property=\"og:title\" content=\"Mar Pink Serveerschaal Middelgroot &#8226; UNRO\" \/>\n<meta property=\"og:description\" content=\"Met de Mar Pink Serveerschaal Middelgroot ben jij niet meer van je roze wolk te krijgen. Fleur nu jouw interieur op met deze mooie roze kleur!\" \/>\n<meta property=\"og:url\" content=\"https:\/\/unrostore.com\/de-at\/shop\/ca-atlantica\/altrosa\/mar-rosa-servierplatte-medium\/\" \/>\n<meta property=\"og:site_name\" content=\"UNRO\" \/>\n<meta property=\"article:modified_time\" content=\"2026-01-19T20:37:54+00:00\" \/>\n<meta property=\"og:image\" content=\"https:\/\/unrostore.com\/wp-content\/uploads\/2022\/12\/unro-portugees-servies-mar-pink-serveerschaal-middelgroot.jpeg\" \/>\n\t<meta property=\"og:image:width\" content=\"2560\" \/>\n\t<meta property=\"og:image:height\" content=\"2442\" \/>\n\t<meta property=\"og:image:type\" content=\"image\/jpeg\" \/>\n<meta name=\"twitter:card\" content=\"summary_large_image\" \/>\n<script type=\"application\/ld+json\" class=\"yoast-schema-graph\">{\"@context\":\"https:\\\/\\\/schema.org\",\"@graph\":[{\"@type\":\"WebPage\",\"@id\":\"https:\\\/\\\/unrostore.com\\\/shop\\\/ca-atlantica\\\/mar-pink\\\/mar-pink-serveerschaal-middelgroot\\\/\",\"url\":\"https:\\\/\\\/unrostore.com\\\/shop\\\/ca-atlantica\\\/mar-pink\\\/mar-pink-serveerschaal-middelgroot\\\/\",\"name\":\"Mar Pink Serveerschaal Middelgroot &#8226; UNRO\",\"isPartOf\":{\"@id\":\"https:\\\/\\\/unrostore.com\\\/#website\"},\"primaryImageOfPage\":{\"@id\":\"https:\\\/\\\/unrostore.com\\\/shop\\\/ca-atlantica\\\/mar-pink\\\/mar-pink-serveerschaal-middelgroot\\\/#primaryimage\"},\"image\":{\"@id\":\"https:\\\/\\\/unrostore.com\\\/shop\\\/ca-atlantica\\\/mar-pink\\\/mar-pink-serveerschaal-middelgroot\\\/#primaryimage\"},\"thumbnailUrl\":\"https:\\\/\\\/unrostore.com\\\/wp-content\\\/uploads\\\/2022\\\/12\\\/unro-portugees-servies-mar-pink-serveerschaal-middelgroot.jpeg\",\"datePublished\":\"2022-12-04T14:28:25+00:00\",\"dateModified\":\"2026-01-19T20:37:54+00:00\",\"description\":\"Met de Mar Pink Serveerschaal Middelgroot ben jij niet meer van je roze wolk te krijgen. Fleur nu jouw interieur op met deze mooie roze kleur!\",\"breadcrumb\":{\"@id\":\"https:\\\/\\\/unrostore.com\\\/shop\\\/ca-atlantica\\\/mar-pink\\\/mar-pink-serveerschaal-middelgroot\\\/#breadcrumb\"},\"inLanguage\":\"de-AT\",\"potentialAction\":[{\"@type\":\"ReadAction\",\"target\":[\"https:\\\/\\\/unrostore.com\\\/shop\\\/ca-atlantica\\\/mar-pink\\\/mar-pink-serveerschaal-middelgroot\\\/\"]}]},{\"@type\":\"ImageObject\",\"inLanguage\":\"de-AT\",\"@id\":\"https:\\\/\\\/unrostore.com\\\/shop\\\/ca-atlantica\\\/mar-pink\\\/mar-pink-serveerschaal-middelgroot\\\/#primaryimage\",\"url\":\"https:\\\/\\\/unrostore.com\\\/wp-content\\\/uploads\\\/2022\\\/12\\\/unro-portugees-servies-mar-pink-serveerschaal-middelgroot.jpeg\",\"contentUrl\":\"https:\\\/\\\/unrostore.com\\\/wp-content\\\/uploads\\\/2022\\\/12\\\/unro-portugees-servies-mar-pink-serveerschaal-middelgroot.jpeg\",\"width\":2560,\"height\":2442,\"caption\":\"Mar Pink Serveerschaal Middelgroot Portugees Keramiek Servies exclusief bij UNRO.\"},{\"@type\":\"BreadcrumbList\",\"@id\":\"https:\\\/\\\/unrostore.com\\\/shop\\\/ca-atlantica\\\/mar-pink\\\/mar-pink-serveerschaal-middelgroot\\\/#breadcrumb\",\"itemListElement\":[{\"@type\":\"ListItem\",\"position\":1,\"name\":\"Home\",\"item\":\"https:\\\/\\\/unrostore.com\\\/\"},{\"@type\":\"ListItem\",\"position\":2,\"name\":\"Shop\",\"item\":\"https:\\\/\\\/unrostore.com\\\/shop\\\/\"},{\"@type\":\"ListItem\",\"position\":3,\"name\":\"Mar Pink Serveerschaal Middelgroot\"}]},{\"@type\":\"WebSite\",\"@id\":\"https:\\\/\\\/unrostore.com\\\/#website\",\"url\":\"https:\\\/\\\/unrostore.com\\\/\",\"name\":\"UNRO\",\"description\":\"Portugees servies waar je blij van wordt!\",\"publisher\":{\"@id\":\"https:\\\/\\\/unrostore.com\\\/#organization\"},\"potentialAction\":[{\"@type\":\"SearchAction\",\"target\":{\"@type\":\"EntryPoint\",\"urlTemplate\":\"https:\\\/\\\/unrostore.com\\\/?s={search_term_string}\"},\"query-input\":{\"@type\":\"PropertyValueSpecification\",\"valueRequired\":true,\"valueName\":\"search_term_string\"}}],\"inLanguage\":\"de-AT\"},{\"@type\":\"Organization\",\"@id\":\"https:\\\/\\\/unrostore.com\\\/#organization\",\"name\":\"UNRO\",\"url\":\"https:\\\/\\\/unrostore.com\\\/\",\"logo\":{\"@type\":\"ImageObject\",\"inLanguage\":\"de-AT\",\"@id\":\"https:\\\/\\\/unrostore.com\\\/#\\\/schema\\\/logo\\\/image\\\/\",\"url\":\"https:\\\/\\\/unrostore.com\\\/wp-content\\\/uploads\\\/2022\\\/05\\\/Logo-UNRO.png\",\"contentUrl\":\"https:\\\/\\\/unrostore.com\\\/wp-content\\\/uploads\\\/2022\\\/05\\\/Logo-UNRO.png\",\"width\":605,\"height\":179,\"caption\":\"UNRO\"},\"image\":{\"@id\":\"https:\\\/\\\/unrostore.com\\\/#\\\/schema\\\/logo\\\/image\\\/\"}}]}<\/script>\n<!-- \/ Yoast SEO plugin. -->","yoast_head_json":{"title":"Mar Rosa Servierplatte Medium - UNRO","description":"Mit dem Mar Pink Serviertablett Medium kommen Sie nicht mehr von Ihrer rosa Wolke herunter. Versch\u00f6nern Sie Ihr Interieur mit dieser sch\u00f6nen rosa Farbe!","robots":{"index":"index","follow":"follow","max-snippet":"max-snippet:-1","max-image-preview":"max-image-preview:large","max-video-preview":"max-video-preview:-1"},"canonical":"https:\/\/unrostore.com\/de-at\/shop\/ca-atlantica\/altrosa\/mar-rosa-servierplatte-medium\/","og_locale":"de_DE","og_type":"article","og_title":"Mar Pink Serveerschaal Middelgroot &#8226; UNRO","og_description":"Met de Mar Pink Serveerschaal Middelgroot ben jij niet meer van je roze wolk te krijgen. Fleur nu jouw interieur op met deze mooie roze kleur!","og_url":"https:\/\/unrostore.com\/de-at\/shop\/ca-atlantica\/altrosa\/mar-rosa-servierplatte-medium\/","og_site_name":"UNRO","article_modified_time":"2026-01-19T20:37:54+00:00","og_image":[{"width":2560,"height":2442,"url":"https:\/\/unrostore.com\/wp-content\/uploads\/2022\/12\/unro-portugees-servies-mar-pink-serveerschaal-middelgroot.jpeg","type":"image\/jpeg"}],"twitter_card":"summary_large_image","schema":{"@context":"https:\/\/schema.org","@graph":[{"@type":"WebPage","@id":"https:\/\/unrostore.com\/shop\/ca-atlantica\/mar-pink\/mar-pink-serveerschaal-middelgroot\/","url":"https:\/\/unrostore.com\/shop\/ca-atlantica\/mar-pink\/mar-pink-serveerschaal-middelgroot\/","name":"Mar Rosa Servierplatte Medium - UNRO","isPartOf":{"@id":"https:\/\/unrostore.com\/#website"},"primaryImageOfPage":{"@id":"https:\/\/unrostore.com\/shop\/ca-atlantica\/mar-pink\/mar-pink-serveerschaal-middelgroot\/#primaryimage"},"image":{"@id":"https:\/\/unrostore.com\/shop\/ca-atlantica\/mar-pink\/mar-pink-serveerschaal-middelgroot\/#primaryimage"},"thumbnailUrl":"https:\/\/unrostore.com\/wp-content\/uploads\/2022\/12\/unro-portugees-servies-mar-pink-serveerschaal-middelgroot.jpeg","datePublished":"2022-12-04T14:28:25+00:00","dateModified":"2026-01-19T20:37:54+00:00","description":"Mit dem Mar Pink Serviertablett Medium kommen Sie nicht mehr von Ihrer rosa Wolke herunter. Versch\u00f6nern Sie Ihr Interieur mit dieser sch\u00f6nen rosa Farbe!","breadcrumb":{"@id":"https:\/\/unrostore.com\/shop\/ca-atlantica\/mar-pink\/mar-pink-serveerschaal-middelgroot\/#breadcrumb"},"inLanguage":"de-AT","potentialAction":[{"@type":"ReadAction","target":["https:\/\/unrostore.com\/shop\/ca-atlantica\/mar-pink\/mar-pink-serveerschaal-middelgroot\/"]}]},{"@type":"ImageObject","inLanguage":"de-AT","@id":"https:\/\/unrostore.com\/shop\/ca-atlantica\/mar-pink\/mar-pink-serveerschaal-middelgroot\/#primaryimage","url":"https:\/\/unrostore.com\/wp-content\/uploads\/2022\/12\/unro-portugees-servies-mar-pink-serveerschaal-middelgroot.jpeg","contentUrl":"https:\/\/unrostore.com\/wp-content\/uploads\/2022\/12\/unro-portugees-servies-mar-pink-serveerschaal-middelgroot.jpeg","width":2560,"height":2442,"caption":"Mar Pink Serveerschaal Middelgroot Portugees Keramiek Servies exclusief bij UNRO."},{"@type":"BreadcrumbList","@id":"https:\/\/unrostore.com\/shop\/ca-atlantica\/mar-pink\/mar-pink-serveerschaal-middelgroot\/#breadcrumb","itemListElement":[{"@type":"ListItem","position":1,"name":"Home","item":"https:\/\/unrostore.com\/"},{"@type":"ListItem","position":2,"name":"Shop","item":"https:\/\/unrostore.com\/shop\/"},{"@type":"ListItem","position":3,"name":"Mar Pink Serveerschaal Middelgroot"}]},{"@type":"WebSite","@id":"https:\/\/unrostore.com\/#website","url":"https:\/\/unrostore.com\/","name":"UNRO","description":"Portugiesisches Geschirr, das Sie gl\u00fccklich machen wird!","publisher":{"@id":"https:\/\/unrostore.com\/#organization"},"potentialAction":[{"@type":"SearchAction","target":{"@type":"EntryPoint","urlTemplate":"https:\/\/unrostore.com\/?s={search_term_string}"},"query-input":{"@type":"PropertyValueSpecification","valueRequired":true,"valueName":"search_term_string"}}],"inLanguage":"de-AT"},{"@type":"Organization","@id":"https:\/\/unrostore.com\/#organization","name":"UNRO","url":"https:\/\/unrostore.com\/","logo":{"@type":"ImageObject","inLanguage":"de-AT","@id":"https:\/\/unrostore.com\/#\/schema\/logo\/image\/","url":"https:\/\/unrostore.com\/wp-content\/uploads\/2022\/05\/Logo-UNRO.png","contentUrl":"https:\/\/unrostore.com\/wp-content\/uploads\/2022\/05\/Logo-UNRO.png","width":605,"height":179,"caption":"UNRO"},"image":{"@id":"https:\/\/unrostore.com\/#\/schema\/logo\/image\/"}}]}},"_links":{"self":[{"href":"https:\/\/unrostore.com\/de-at\/wp-json\/wp\/v2\/product\/2764","targetHints":{"allow":["GET"]}}],"collection":[{"href":"https:\/\/unrostore.com\/de-at\/wp-json\/wp\/v2\/product"}],"about":[{"href":"https:\/\/unrostore.com\/de-at\/wp-json\/wp\/v2\/types\/product"}],"wp:featuredmedia":[{"embeddable":true,"href":"https:\/\/unrostore.com\/de-at\/wp-json\/wp\/v2\/media\/3412"}],"wp:attachment":[{"href":"https:\/\/unrostore.com\/de-at\/wp-json\/wp\/v2\/media?parent=2764"}],"wp:term":[{"taxonomy":"product_brand","embeddable":true,"href":"https:\/\/unrostore.com\/de-at\/wp-json\/wp\/v2\/product_brand?post=2764"},{"taxonomy":"product_cat","embeddable":true,"href":"https:\/\/unrostore.com\/de-at\/wp-json\/wp\/v2\/product_cat?post=2764"},{"taxonomy":"product_tag","embeddable":true,"href":"https:\/\/unrostore.com\/de-at\/wp-json\/wp\/v2\/product_tag?post=2764"}],"curies":[{"name":"wp","href":"https:\/\/api.w.org\/{rel}","templated":true}]}}