{"id":2494,"date":"2022-11-06T11:24:04","date_gmt":"2022-11-06T11:24:04","guid":{"rendered":"https:\/\/unrostore.com\/?post_type=product&#038;p=2494"},"modified":"2026-01-19T20:37:55","modified_gmt":"2026-01-19T20:37:55","slug":"primo-kerzenleuchter-h5-latte","status":"publish","type":"product","link":"https:\/\/unrostore.com\/de-at\/shop\/dekoration-2\/kerzenhalter-und-kerzenstander-2\/primo-kerzenleuchter-h5-latte\/","title":{"rendered":"Primo Kerzenleuchter H5 Latte"},"content":{"rendered":"<h3>Gem\u00fctlich, zeitlos und ruhig: der Primo Candlestick Latte<\/h3>\n<p>Machen Sie es sich zu Hause gem\u00fctlich mit dem <strong>Primo Kerzenleuchter H5 Latte<\/strong> oder dekorieren Sie Ihren Tisch zum Mittag- oder Abendessen. Die Primo Kerzenst\u00e4nder von <a href=\"https:\/\/www.companhiaatlantica.pt\/en\/about-us\/\">C\u00aa Atlantica<\/a> werden in Portugal handgefertigt und machen jedes St\u00fcck zu einem Unikat. Die Artikel der portugiesischen Marke C\u00aa Atlantica sind in den Niederlanden exklusiv bei UNRO erh\u00e4ltlich. Dieser Kerzenst\u00e4nder l\u00e4sst sich perfekt mit dem <a href=\"https:\/\/unrostore.com\/de-at\/shop\/dekoration-2\/kerzenhalter-und-kerzenstander-2\/primo-kerzenleuchter-h10-latte\/\">Primo Kerzenleuchter H10 Latte<\/a> oder die Geschirrkollektion Breezy Latte wie zum Beispiel die <a href=\"https:\/\/unrostore.com\/de-at\/shop\/ca-atlantica\/luftiger-milchkaffee\/breezy-latte-salad-bowl\/\">Breezy Latte Salatsch\u00fcssel<\/a>.<\/p>\n<p>&nbsp;<\/p>\n<h3>Dies ist die Nummer, die Sie zugestellt bekommen<\/h3>\n<ul>\n<li>1x Primo Kerzenleuchter H5 Latte<\/li>\n<\/ul>\n<p>&nbsp;<\/p>\n<p><em><strong>Nachhaltig f\u00fcr Mensch und Umwelt:<\/strong><br \/>\nJedes Produkt ist ein Unikat, denn es wird in Handarbeit hergestellt.<br \/>\nDruck und Textur k\u00f6nnen daher leicht vom Produktfoto abweichen.<\/em><\/p>","protected":false},"excerpt":{"rendered":"<div class=\"usps\"><i class=\"far fa-check-circle\"><\/i> Schlankes Design<br \/>\n<i class=\"far fa-check-circle\"><\/i> F\u00fcr jede Inneneinrichtung<br \/>\n<i class=\"far fa-check-circle\"><\/i> Kombinieren Sie mit Breezy-Geschirr<br \/>\n<i class=\"far fa-thumbs-up\"><\/i> Handgefertigt<\/div>","protected":false},"featured_media":2496,"template":"","meta":[],"product_brand":[],"product_cat":[197,120,869,265],"product_tag":[216,233,268,300,270,267,266,229,269,299],"class_list":{"0":"post-2494","1":"product","2":"type-product","3":"status-publish","4":"has-post-thumbnail","6":"product_cat-breezy-latte","7":"product_cat-ca-atlantica","8":"product_cat-unro-cadeautips","9":"product_cat-kaarshouders-en-kandelaars","10":"product_tag-ca-atlantica","11":"product_tag-creme","12":"product_tag-decoratie","13":"product_tag-gebroken-wit","14":"product_tag-h5","15":"product_tag-kaarshouder","16":"product_tag-kandelaar","17":"product_tag-latte","18":"product_tag-primo","19":"product_tag-zand","20":"product_shipping_class-pakket","22":"first","23":"outofstock","24":"sale","25":"taxable","26":"shipping-taxable","27":"purchasable","28":"product-type-simple"},"yoast_head":"<!-- This site is optimized with the Yoast SEO plugin v27.4 - https:\/\/yoast.com\/product\/yoast-seo-wordpress\/ -->\n<title>Primo Kandelaar H5 Latte &#8226; UNRO<\/title>\n<meta name=\"description\" content=\"Maak het gezellig in huis met de Primo Kandelaar H5 Latte of decoreer jouw tafel voor een lunch of diner. Bekijk &amp; bestel direct bij UNRO!\" \/>\n<meta name=\"robots\" content=\"index, follow, max-snippet:-1, max-image-preview:large, max-video-preview:-1\" \/>\n<link rel=\"canonical\" href=\"https:\/\/unrostore.com\/de-at\/shop\/dekoration-2\/kerzenhalter-und-kerzenstander-2\/primo-kerzenleuchter-h5-latte\/\" \/>\n<meta property=\"og:locale\" content=\"de_DE\" \/>\n<meta property=\"og:type\" content=\"article\" \/>\n<meta property=\"og:title\" content=\"Primo Kandelaar H5 Latte &#8226; UNRO\" \/>\n<meta property=\"og:description\" content=\"Maak het gezellig in huis met de Primo Kandelaar H5 Latte of decoreer jouw tafel voor een lunch of diner. Bekijk &amp; bestel direct bij UNRO!\" \/>\n<meta property=\"og:url\" content=\"https:\/\/unrostore.com\/de-at\/shop\/dekoration-2\/kerzenhalter-und-kerzenstander-2\/primo-kerzenleuchter-h5-latte\/\" \/>\n<meta property=\"og:site_name\" content=\"UNRO\" \/>\n<meta property=\"article:modified_time\" content=\"2026-01-19T20:37:55+00:00\" \/>\n<meta property=\"og:image\" content=\"https:\/\/unrostore.com\/wp-content\/uploads\/2022\/11\/unro-portugees-servies-primo-kandelaar-h5-latte.jpeg\" \/>\n\t<meta property=\"og:image:width\" content=\"1000\" \/>\n\t<meta property=\"og:image:height\" content=\"1000\" \/>\n\t<meta property=\"og:image:type\" content=\"image\/jpeg\" \/>\n<meta name=\"twitter:card\" content=\"summary_large_image\" \/>\n<script type=\"application\/ld+json\" class=\"yoast-schema-graph\">{\"@context\":\"https:\\\/\\\/schema.org\",\"@graph\":[{\"@type\":\"WebPage\",\"@id\":\"https:\\\/\\\/unrostore.com\\\/shop\\\/decoratie\\\/kaarshouders-en-kandelaars\\\/primo-kandelaar-h5-latte\\\/\",\"url\":\"https:\\\/\\\/unrostore.com\\\/shop\\\/decoratie\\\/kaarshouders-en-kandelaars\\\/primo-kandelaar-h5-latte\\\/\",\"name\":\"Primo Kandelaar H5 Latte &#8226; UNRO\",\"isPartOf\":{\"@id\":\"https:\\\/\\\/unrostore.com\\\/#website\"},\"primaryImageOfPage\":{\"@id\":\"https:\\\/\\\/unrostore.com\\\/shop\\\/decoratie\\\/kaarshouders-en-kandelaars\\\/primo-kandelaar-h5-latte\\\/#primaryimage\"},\"image\":{\"@id\":\"https:\\\/\\\/unrostore.com\\\/shop\\\/decoratie\\\/kaarshouders-en-kandelaars\\\/primo-kandelaar-h5-latte\\\/#primaryimage\"},\"thumbnailUrl\":\"https:\\\/\\\/unrostore.com\\\/wp-content\\\/uploads\\\/2022\\\/11\\\/unro-portugees-servies-primo-kandelaar-h5-latte.jpeg\",\"datePublished\":\"2022-11-06T11:24:04+00:00\",\"dateModified\":\"2026-01-19T20:37:55+00:00\",\"description\":\"Maak het gezellig in huis met de Primo Kandelaar H5 Latte of decoreer jouw tafel voor een lunch of diner. Bekijk & bestel direct bij UNRO!\",\"breadcrumb\":{\"@id\":\"https:\\\/\\\/unrostore.com\\\/shop\\\/decoratie\\\/kaarshouders-en-kandelaars\\\/primo-kandelaar-h5-latte\\\/#breadcrumb\"},\"inLanguage\":\"de-AT\",\"potentialAction\":[{\"@type\":\"ReadAction\",\"target\":[\"https:\\\/\\\/unrostore.com\\\/shop\\\/decoratie\\\/kaarshouders-en-kandelaars\\\/primo-kandelaar-h5-latte\\\/\"]}]},{\"@type\":\"ImageObject\",\"inLanguage\":\"de-AT\",\"@id\":\"https:\\\/\\\/unrostore.com\\\/shop\\\/decoratie\\\/kaarshouders-en-kandelaars\\\/primo-kandelaar-h5-latte\\\/#primaryimage\",\"url\":\"https:\\\/\\\/unrostore.com\\\/wp-content\\\/uploads\\\/2022\\\/11\\\/unro-portugees-servies-primo-kandelaar-h5-latte.jpeg\",\"contentUrl\":\"https:\\\/\\\/unrostore.com\\\/wp-content\\\/uploads\\\/2022\\\/11\\\/unro-portugees-servies-primo-kandelaar-h5-latte.jpeg\",\"width\":1000,\"height\":1000,\"caption\":\"PRIMO kandelaar H5 kaarshouder latte van Ca Atlantica, exclusief bij UNRO.\"},{\"@type\":\"BreadcrumbList\",\"@id\":\"https:\\\/\\\/unrostore.com\\\/shop\\\/decoratie\\\/kaarshouders-en-kandelaars\\\/primo-kandelaar-h5-latte\\\/#breadcrumb\",\"itemListElement\":[{\"@type\":\"ListItem\",\"position\":1,\"name\":\"Home\",\"item\":\"https:\\\/\\\/unrostore.com\\\/\"},{\"@type\":\"ListItem\",\"position\":2,\"name\":\"Shop\",\"item\":\"https:\\\/\\\/unrostore.com\\\/shop\\\/\"},{\"@type\":\"ListItem\",\"position\":3,\"name\":\"Primo Kandelaar H5 Latte\"}]},{\"@type\":\"WebSite\",\"@id\":\"https:\\\/\\\/unrostore.com\\\/#website\",\"url\":\"https:\\\/\\\/unrostore.com\\\/\",\"name\":\"UNRO\",\"description\":\"Portugees servies waar je blij van wordt!\",\"publisher\":{\"@id\":\"https:\\\/\\\/unrostore.com\\\/#organization\"},\"potentialAction\":[{\"@type\":\"SearchAction\",\"target\":{\"@type\":\"EntryPoint\",\"urlTemplate\":\"https:\\\/\\\/unrostore.com\\\/?s={search_term_string}\"},\"query-input\":{\"@type\":\"PropertyValueSpecification\",\"valueRequired\":true,\"valueName\":\"search_term_string\"}}],\"inLanguage\":\"de-AT\"},{\"@type\":\"Organization\",\"@id\":\"https:\\\/\\\/unrostore.com\\\/#organization\",\"name\":\"UNRO\",\"url\":\"https:\\\/\\\/unrostore.com\\\/\",\"logo\":{\"@type\":\"ImageObject\",\"inLanguage\":\"de-AT\",\"@id\":\"https:\\\/\\\/unrostore.com\\\/#\\\/schema\\\/logo\\\/image\\\/\",\"url\":\"https:\\\/\\\/unrostore.com\\\/wp-content\\\/uploads\\\/2022\\\/05\\\/Logo-UNRO.png\",\"contentUrl\":\"https:\\\/\\\/unrostore.com\\\/wp-content\\\/uploads\\\/2022\\\/05\\\/Logo-UNRO.png\",\"width\":605,\"height\":179,\"caption\":\"UNRO\"},\"image\":{\"@id\":\"https:\\\/\\\/unrostore.com\\\/#\\\/schema\\\/logo\\\/image\\\/\"}}]}<\/script>\n<!-- \/ Yoast SEO plugin. -->","yoast_head_json":{"title":"Primo Kerzenleuchter H5 Latte - UNRO","description":"Machen Sie es sich zu Hause gem\u00fctlich mit dem Primo Kerzenst\u00e4nder H10 Latte oder dekorieren Sie Ihren Tisch zum Mittag- oder Abendessen. Ansehen &amp; direkt bei UNRO bestellen!","robots":{"index":"index","follow":"follow","max-snippet":"max-snippet:-1","max-image-preview":"max-image-preview:large","max-video-preview":"max-video-preview:-1"},"canonical":"https:\/\/unrostore.com\/de-at\/shop\/dekoration-2\/kerzenhalter-und-kerzenstander-2\/primo-kerzenleuchter-h5-latte\/","og_locale":"de_DE","og_type":"article","og_title":"Primo Kandelaar H5 Latte &#8226; UNRO","og_description":"Maak het gezellig in huis met de Primo Kandelaar H5 Latte of decoreer jouw tafel voor een lunch of diner. Bekijk & bestel direct bij UNRO!","og_url":"https:\/\/unrostore.com\/de-at\/shop\/dekoration-2\/kerzenhalter-und-kerzenstander-2\/primo-kerzenleuchter-h5-latte\/","og_site_name":"UNRO","article_modified_time":"2026-01-19T20:37:55+00:00","og_image":[{"width":1000,"height":1000,"url":"https:\/\/unrostore.com\/wp-content\/uploads\/2022\/11\/unro-portugees-servies-primo-kandelaar-h5-latte.jpeg","type":"image\/jpeg"}],"twitter_card":"summary_large_image","schema":{"@context":"https:\/\/schema.org","@graph":[{"@type":"WebPage","@id":"https:\/\/unrostore.com\/shop\/decoratie\/kaarshouders-en-kandelaars\/primo-kandelaar-h5-latte\/","url":"https:\/\/unrostore.com\/shop\/decoratie\/kaarshouders-en-kandelaars\/primo-kandelaar-h5-latte\/","name":"Primo Kerzenleuchter H5 Latte - UNRO","isPartOf":{"@id":"https:\/\/unrostore.com\/#website"},"primaryImageOfPage":{"@id":"https:\/\/unrostore.com\/shop\/decoratie\/kaarshouders-en-kandelaars\/primo-kandelaar-h5-latte\/#primaryimage"},"image":{"@id":"https:\/\/unrostore.com\/shop\/decoratie\/kaarshouders-en-kandelaars\/primo-kandelaar-h5-latte\/#primaryimage"},"thumbnailUrl":"https:\/\/unrostore.com\/wp-content\/uploads\/2022\/11\/unro-portugees-servies-primo-kandelaar-h5-latte.jpeg","datePublished":"2022-11-06T11:24:04+00:00","dateModified":"2026-01-19T20:37:55+00:00","description":"Machen Sie es sich zu Hause gem\u00fctlich mit dem Primo Kerzenst\u00e4nder H10 Latte oder dekorieren Sie Ihren Tisch zum Mittag- oder Abendessen. Ansehen &amp; direkt bei UNRO bestellen!","breadcrumb":{"@id":"https:\/\/unrostore.com\/shop\/decoratie\/kaarshouders-en-kandelaars\/primo-kandelaar-h5-latte\/#breadcrumb"},"inLanguage":"de-AT","potentialAction":[{"@type":"ReadAction","target":["https:\/\/unrostore.com\/shop\/decoratie\/kaarshouders-en-kandelaars\/primo-kandelaar-h5-latte\/"]}]},{"@type":"ImageObject","inLanguage":"de-AT","@id":"https:\/\/unrostore.com\/shop\/decoratie\/kaarshouders-en-kandelaars\/primo-kandelaar-h5-latte\/#primaryimage","url":"https:\/\/unrostore.com\/wp-content\/uploads\/2022\/11\/unro-portugees-servies-primo-kandelaar-h5-latte.jpeg","contentUrl":"https:\/\/unrostore.com\/wp-content\/uploads\/2022\/11\/unro-portugees-servies-primo-kandelaar-h5-latte.jpeg","width":1000,"height":1000,"caption":"PRIMO kandelaar H5 kaarshouder latte van Ca Atlantica, exclusief bij UNRO."},{"@type":"BreadcrumbList","@id":"https:\/\/unrostore.com\/shop\/decoratie\/kaarshouders-en-kandelaars\/primo-kandelaar-h5-latte\/#breadcrumb","itemListElement":[{"@type":"ListItem","position":1,"name":"Home","item":"https:\/\/unrostore.com\/"},{"@type":"ListItem","position":2,"name":"Shop","item":"https:\/\/unrostore.com\/shop\/"},{"@type":"ListItem","position":3,"name":"Primo Kandelaar H5 Latte"}]},{"@type":"WebSite","@id":"https:\/\/unrostore.com\/#website","url":"https:\/\/unrostore.com\/","name":"UNRO","description":"Portugiesisches Geschirr, das Sie gl\u00fccklich machen wird!","publisher":{"@id":"https:\/\/unrostore.com\/#organization"},"potentialAction":[{"@type":"SearchAction","target":{"@type":"EntryPoint","urlTemplate":"https:\/\/unrostore.com\/?s={search_term_string}"},"query-input":{"@type":"PropertyValueSpecification","valueRequired":true,"valueName":"search_term_string"}}],"inLanguage":"de-AT"},{"@type":"Organization","@id":"https:\/\/unrostore.com\/#organization","name":"UNRO","url":"https:\/\/unrostore.com\/","logo":{"@type":"ImageObject","inLanguage":"de-AT","@id":"https:\/\/unrostore.com\/#\/schema\/logo\/image\/","url":"https:\/\/unrostore.com\/wp-content\/uploads\/2022\/05\/Logo-UNRO.png","contentUrl":"https:\/\/unrostore.com\/wp-content\/uploads\/2022\/05\/Logo-UNRO.png","width":605,"height":179,"caption":"UNRO"},"image":{"@id":"https:\/\/unrostore.com\/#\/schema\/logo\/image\/"}}]}},"_links":{"self":[{"href":"https:\/\/unrostore.com\/de-at\/wp-json\/wp\/v2\/product\/2494","targetHints":{"allow":["GET"]}}],"collection":[{"href":"https:\/\/unrostore.com\/de-at\/wp-json\/wp\/v2\/product"}],"about":[{"href":"https:\/\/unrostore.com\/de-at\/wp-json\/wp\/v2\/types\/product"}],"wp:featuredmedia":[{"embeddable":true,"href":"https:\/\/unrostore.com\/de-at\/wp-json\/wp\/v2\/media\/2496"}],"wp:attachment":[{"href":"https:\/\/unrostore.com\/de-at\/wp-json\/wp\/v2\/media?parent=2494"}],"wp:term":[{"taxonomy":"product_brand","embeddable":true,"href":"https:\/\/unrostore.com\/de-at\/wp-json\/wp\/v2\/product_brand?post=2494"},{"taxonomy":"product_cat","embeddable":true,"href":"https:\/\/unrostore.com\/de-at\/wp-json\/wp\/v2\/product_cat?post=2494"},{"taxonomy":"product_tag","embeddable":true,"href":"https:\/\/unrostore.com\/de-at\/wp-json\/wp\/v2\/product_tag?post=2494"}],"curies":[{"name":"wp","href":"https:\/\/api.w.org\/{rel}","templated":true}]}}