{"id":2487,"date":"2022-11-05T21:11:11","date_gmt":"2022-11-05T21:11:11","guid":{"rendered":"https:\/\/unrostore.com\/?post_type=product&#038;p=2487"},"modified":"2026-01-19T20:37:55","modified_gmt":"2026-01-19T20:37:55","slug":"mar-blau-servierplatte-gros","status":"publish","type":"product","link":"https:\/\/unrostore.com\/de-at\/shop\/ca-atlantica\/marmor-blau-2\/mar-blau-servierplatte-gros\/","title":{"rendered":"Mar Blue Servierplatte Gro\u00df"},"content":{"rendered":"<h3>Tr\u00e4umen Sie sich ans Meer mit der Mar Blue Kollektion<\/h3>\n<p><span style=\"font-weight: 400;\"><br \/>\nDie gro\u00dfe Servierschale des <strong>MAR Blau<\/strong> Sammlung ist eine echte Bereicherung f\u00fcr die <a href=\"https:\/\/unrostore.com\/de-at\/shop\/ca-atlantica\/marmor-blau-2\/mar-blau-fruhstucksteller-2-stuck\/\">Mar Blue Fr\u00fchst\u00fccksteller<\/a> und die <a href=\"https:\/\/unrostore.com\/de-at\/shop\/ca-atlantica\/marmor-blau-2\/mar-blau-muslischalen-2-stuck\/\">Mar Blue Bowls<\/a>. Und wissen Sie, was so praktisch ist? Sie k\u00f6nnen vom Ofen direkt auf den Tisch und wieder in die Sp\u00fclmaschine. Sie sind also ideal f\u00fcr den t\u00e4glichen Gebrauch, aber auch sch\u00f6n f\u00fcr einen festlichen Anlass. Nicht nur sch\u00f6n, sondern auch funktionell, was will man mehr? Die Kollektion Mar Blue stammt von der portugiesischen Marke <a href=\"https:\/\/www.companhiaatlantica.pt\/en\/about-us\/\">C\u00aa Atlantica<\/a>ist aus hochwertiger Keramik gefertigt und wird in Handarbeit hergestellt. Diese Marke ist exklusiv in den Niederlanden bei UNRO erh\u00e4ltlich.\u00a0<\/span><\/p>\n<p>\u00a0<\/p>\n<h3>Dies ist die Nummer, die Sie zugestellt bekommen<\/h3>\n<ul>\n<li>1x Mar Blue Servierplatte Large.<\/li>\n<\/ul>\n<p>\u00a0<\/p>\n<p><em><strong>Duurzaam voor mens & milieu:<br \/>\n<\/strong><\/em><em>Jedes Produkt ist ein Unikat, denn es wird in Handarbeit hergestellt.<br \/>\nDruck und Textur k\u00f6nnen daher leicht vom Produktfoto abweichen.<\/em><\/p>","protected":false},"excerpt":{"rendered":"<div class=\"usps\"><i class=\"far fa-check-circle\"><\/i> Mikrowellenfest<br \/>\n<i class=\"far fa-check-circle\"><\/i> Backofenfest (bis zu 200 Grad)<br \/>\n<i class=\"far fa-check-circle\"><\/i> Sp\u00fclmaschinentauglich<br \/>\n<i class=\"far fa-thumbs-up\"><\/i> Handgefertigt<\/div>","protected":false},"featured_media":2504,"template":"","meta":[],"product_brand":[],"product_cat":[120,195,138],"product_tag":[177,176,216,264,601,245,260,252,148],"class_list":{"0":"post-2487","1":"product","2":"type-product","3":"status-publish","4":"has-post-thumbnail","6":"product_cat-ca-atlantica","7":"product_cat-mar-blue","8":"product_cat-serveerschalen","9":"product_tag-blauw","10":"product_tag-blue","11":"product_tag-ca-atlantica","12":"product_tag-groot","13":"product_tag-hapjesschaal","14":"product_tag-mar","15":"product_tag-ovaal","16":"product_tag-schaal","17":"product_tag-serveerschaal","18":"product_shipping_class-pakket","20":"first","21":"outofstock","22":"sale","23":"taxable","24":"shipping-taxable","25":"purchasable","26":"product-type-simple"},"yoast_head":"<!-- This site is optimized with the Yoast SEO plugin v27.6 - https:\/\/yoast.com\/product\/yoast-seo-wordpress\/ -->\n<title>Mar Blue Serveerschaal Groot &#8226; UNRO<\/title>\n<meta name=\"description\" content=\"De MAR Blue Serveerschaal Groot is een echte toevoeging aan jouw MAR Blue serviesset. Ideaal voor dagelijks gebruik \u00e9n speciale gelegenheden!\" \/>\n<meta name=\"robots\" content=\"index, follow, max-snippet:-1, max-image-preview:large, max-video-preview:-1\" \/>\n<link rel=\"canonical\" href=\"https:\/\/unrostore.com\/de-at\/shop\/ca-atlantica\/marmor-blau-2\/mar-blau-servierplatte-gros\/\" \/>\n<meta property=\"og:locale\" content=\"de_DE\" \/>\n<meta property=\"og:type\" content=\"article\" \/>\n<meta property=\"og:title\" content=\"Mar Blue Serveerschaal Groot &#8226; UNRO\" \/>\n<meta property=\"og:description\" content=\"De MAR Blue Serveerschaal Groot is een echte toevoeging aan jouw MAR Blue serviesset. Ideaal voor dagelijks gebruik \u00e9n speciale gelegenheden!\" \/>\n<meta property=\"og:url\" content=\"https:\/\/unrostore.com\/de-at\/shop\/ca-atlantica\/marmor-blau-2\/mar-blau-servierplatte-gros\/\" \/>\n<meta property=\"og:site_name\" content=\"UNRO\" \/>\n<meta property=\"article:modified_time\" content=\"2026-01-19T20:37:55+00:00\" \/>\n<meta property=\"og:image\" content=\"https:\/\/unrostore.com\/wp-content\/uploads\/2022\/11\/unro-portugees-servies-ca-atlantica-mar-blue-serveer-schaal-groot-2-1-scaled.jpg\" \/>\n\t<meta property=\"og:image:width\" content=\"2560\" \/>\n\t<meta property=\"og:image:height\" content=\"1920\" \/>\n\t<meta property=\"og:image:type\" content=\"image\/jpeg\" \/>\n<meta name=\"twitter:card\" content=\"summary_large_image\" \/>\n<script type=\"application\/ld+json\" class=\"yoast-schema-graph\">{\"@context\":\"https:\\\/\\\/schema.org\",\"@graph\":[{\"@type\":\"WebPage\",\"@id\":\"https:\\\/\\\/unrostore.com\\\/shop\\\/ca-atlantica\\\/mar-blue\\\/mar-blue-serveerschaal-groot\\\/\",\"url\":\"https:\\\/\\\/unrostore.com\\\/shop\\\/ca-atlantica\\\/mar-blue\\\/mar-blue-serveerschaal-groot\\\/\",\"name\":\"Mar Blue Serveerschaal Groot &#8226; UNRO\",\"isPartOf\":{\"@id\":\"https:\\\/\\\/unrostore.com\\\/#website\"},\"primaryImageOfPage\":{\"@id\":\"https:\\\/\\\/unrostore.com\\\/shop\\\/ca-atlantica\\\/mar-blue\\\/mar-blue-serveerschaal-groot\\\/#primaryimage\"},\"image\":{\"@id\":\"https:\\\/\\\/unrostore.com\\\/shop\\\/ca-atlantica\\\/mar-blue\\\/mar-blue-serveerschaal-groot\\\/#primaryimage\"},\"thumbnailUrl\":\"https:\\\/\\\/unrostore.com\\\/wp-content\\\/uploads\\\/2022\\\/11\\\/unro-portugees-servies-ca-atlantica-mar-blue-serveer-schaal-groot-2-1-scaled.jpg\",\"datePublished\":\"2022-11-05T21:11:11+00:00\",\"dateModified\":\"2026-01-19T20:37:55+00:00\",\"description\":\"De MAR Blue Serveerschaal Groot is een echte toevoeging aan jouw MAR Blue serviesset. Ideaal voor dagelijks gebruik \u00e9n speciale gelegenheden!\",\"breadcrumb\":{\"@id\":\"https:\\\/\\\/unrostore.com\\\/shop\\\/ca-atlantica\\\/mar-blue\\\/mar-blue-serveerschaal-groot\\\/#breadcrumb\"},\"inLanguage\":\"de-AT\",\"potentialAction\":[{\"@type\":\"ReadAction\",\"target\":[\"https:\\\/\\\/unrostore.com\\\/shop\\\/ca-atlantica\\\/mar-blue\\\/mar-blue-serveerschaal-groot\\\/\"]}]},{\"@type\":\"ImageObject\",\"inLanguage\":\"de-AT\",\"@id\":\"https:\\\/\\\/unrostore.com\\\/shop\\\/ca-atlantica\\\/mar-blue\\\/mar-blue-serveerschaal-groot\\\/#primaryimage\",\"url\":\"https:\\\/\\\/unrostore.com\\\/wp-content\\\/uploads\\\/2022\\\/11\\\/unro-portugees-servies-ca-atlantica-mar-blue-serveer-schaal-groot-2-1-scaled.jpg\",\"contentUrl\":\"https:\\\/\\\/unrostore.com\\\/wp-content\\\/uploads\\\/2022\\\/11\\\/unro-portugees-servies-ca-atlantica-mar-blue-serveer-schaal-groot-2-1-scaled.jpg\",\"width\":2560,\"height\":1920,\"caption\":\"UNRO Portugees servies Ca Atlantica MAR Blue Serveerschaal Groot exclusief bij UNRO.\"},{\"@type\":\"BreadcrumbList\",\"@id\":\"https:\\\/\\\/unrostore.com\\\/shop\\\/ca-atlantica\\\/mar-blue\\\/mar-blue-serveerschaal-groot\\\/#breadcrumb\",\"itemListElement\":[{\"@type\":\"ListItem\",\"position\":1,\"name\":\"Home\",\"item\":\"https:\\\/\\\/unrostore.com\\\/\"},{\"@type\":\"ListItem\",\"position\":2,\"name\":\"Shop\",\"item\":\"https:\\\/\\\/unrostore.com\\\/shop\\\/\"},{\"@type\":\"ListItem\",\"position\":3,\"name\":\"Mar Blue Serveerschaal Groot\"}]},{\"@type\":\"WebSite\",\"@id\":\"https:\\\/\\\/unrostore.com\\\/#website\",\"url\":\"https:\\\/\\\/unrostore.com\\\/\",\"name\":\"UNRO\",\"description\":\"Portugees servies waar je blij van wordt!\",\"publisher\":{\"@id\":\"https:\\\/\\\/unrostore.com\\\/#organization\"},\"potentialAction\":[{\"@type\":\"SearchAction\",\"target\":{\"@type\":\"EntryPoint\",\"urlTemplate\":\"https:\\\/\\\/unrostore.com\\\/?s={search_term_string}\"},\"query-input\":{\"@type\":\"PropertyValueSpecification\",\"valueRequired\":true,\"valueName\":\"search_term_string\"}}],\"inLanguage\":\"de-AT\"},{\"@type\":\"Organization\",\"@id\":\"https:\\\/\\\/unrostore.com\\\/#organization\",\"name\":\"UNRO\",\"url\":\"https:\\\/\\\/unrostore.com\\\/\",\"logo\":{\"@type\":\"ImageObject\",\"inLanguage\":\"de-AT\",\"@id\":\"https:\\\/\\\/unrostore.com\\\/#\\\/schema\\\/logo\\\/image\\\/\",\"url\":\"https:\\\/\\\/unrostore.com\\\/wp-content\\\/uploads\\\/2022\\\/05\\\/Logo-UNRO.png\",\"contentUrl\":\"https:\\\/\\\/unrostore.com\\\/wp-content\\\/uploads\\\/2022\\\/05\\\/Logo-UNRO.png\",\"width\":605,\"height\":179,\"caption\":\"UNRO\"},\"image\":{\"@id\":\"https:\\\/\\\/unrostore.com\\\/#\\\/schema\\\/logo\\\/image\\\/\"}}]}<\/script>\n<!-- \/ Yoast SEO plugin. -->","yoast_head_json":{"title":"Mar Blaue Servierplatte Gro\u00df - UNRO","description":"Die MAR Blue Servierplatte Large ist eine echte Bereicherung f\u00fcr Ihr MAR Blue Geschirrset. Ideal f\u00fcr den t\u00e4glichen Gebrauch und besondere Anl\u00e4sse!","robots":{"index":"index","follow":"follow","max-snippet":"max-snippet:-1","max-image-preview":"max-image-preview:large","max-video-preview":"max-video-preview:-1"},"canonical":"https:\/\/unrostore.com\/de-at\/shop\/ca-atlantica\/marmor-blau-2\/mar-blau-servierplatte-gros\/","og_locale":"de_DE","og_type":"article","og_title":"Mar Blue Serveerschaal Groot &#8226; UNRO","og_description":"De MAR Blue Serveerschaal Groot is een echte toevoeging aan jouw MAR Blue serviesset. Ideaal voor dagelijks gebruik \u00e9n speciale gelegenheden!","og_url":"https:\/\/unrostore.com\/de-at\/shop\/ca-atlantica\/marmor-blau-2\/mar-blau-servierplatte-gros\/","og_site_name":"UNRO","article_modified_time":"2026-01-19T20:37:55+00:00","og_image":[{"width":2560,"height":1920,"url":"https:\/\/unrostore.com\/wp-content\/uploads\/2022\/11\/unro-portugees-servies-ca-atlantica-mar-blue-serveer-schaal-groot-2-1-scaled.jpg","type":"image\/jpeg"}],"twitter_card":"summary_large_image","schema":{"@context":"https:\/\/schema.org","@graph":[{"@type":"WebPage","@id":"https:\/\/unrostore.com\/shop\/ca-atlantica\/mar-blue\/mar-blue-serveerschaal-groot\/","url":"https:\/\/unrostore.com\/shop\/ca-atlantica\/mar-blue\/mar-blue-serveerschaal-groot\/","name":"Mar Blaue Servierplatte Gro\u00df - UNRO","isPartOf":{"@id":"https:\/\/unrostore.com\/#website"},"primaryImageOfPage":{"@id":"https:\/\/unrostore.com\/shop\/ca-atlantica\/mar-blue\/mar-blue-serveerschaal-groot\/#primaryimage"},"image":{"@id":"https:\/\/unrostore.com\/shop\/ca-atlantica\/mar-blue\/mar-blue-serveerschaal-groot\/#primaryimage"},"thumbnailUrl":"https:\/\/unrostore.com\/wp-content\/uploads\/2022\/11\/unro-portugees-servies-ca-atlantica-mar-blue-serveer-schaal-groot-2-1-scaled.jpg","datePublished":"2022-11-05T21:11:11+00:00","dateModified":"2026-01-19T20:37:55+00:00","description":"Die MAR Blue Servierplatte Large ist eine echte Bereicherung f\u00fcr Ihr MAR Blue Geschirrset. Ideal f\u00fcr den t\u00e4glichen Gebrauch und besondere Anl\u00e4sse!","breadcrumb":{"@id":"https:\/\/unrostore.com\/shop\/ca-atlantica\/mar-blue\/mar-blue-serveerschaal-groot\/#breadcrumb"},"inLanguage":"de-AT","potentialAction":[{"@type":"ReadAction","target":["https:\/\/unrostore.com\/shop\/ca-atlantica\/mar-blue\/mar-blue-serveerschaal-groot\/"]}]},{"@type":"ImageObject","inLanguage":"de-AT","@id":"https:\/\/unrostore.com\/shop\/ca-atlantica\/mar-blue\/mar-blue-serveerschaal-groot\/#primaryimage","url":"https:\/\/unrostore.com\/wp-content\/uploads\/2022\/11\/unro-portugees-servies-ca-atlantica-mar-blue-serveer-schaal-groot-2-1-scaled.jpg","contentUrl":"https:\/\/unrostore.com\/wp-content\/uploads\/2022\/11\/unro-portugees-servies-ca-atlantica-mar-blue-serveer-schaal-groot-2-1-scaled.jpg","width":2560,"height":1920,"caption":"UNRO Portugees servies Ca Atlantica MAR Blue Serveerschaal Groot exclusief bij UNRO."},{"@type":"BreadcrumbList","@id":"https:\/\/unrostore.com\/shop\/ca-atlantica\/mar-blue\/mar-blue-serveerschaal-groot\/#breadcrumb","itemListElement":[{"@type":"ListItem","position":1,"name":"Home","item":"https:\/\/unrostore.com\/"},{"@type":"ListItem","position":2,"name":"Shop","item":"https:\/\/unrostore.com\/shop\/"},{"@type":"ListItem","position":3,"name":"Mar Blue Serveerschaal Groot"}]},{"@type":"WebSite","@id":"https:\/\/unrostore.com\/#website","url":"https:\/\/unrostore.com\/","name":"UNRO","description":"Portugiesisches Geschirr, das Sie gl\u00fccklich machen wird!","publisher":{"@id":"https:\/\/unrostore.com\/#organization"},"potentialAction":[{"@type":"SearchAction","target":{"@type":"EntryPoint","urlTemplate":"https:\/\/unrostore.com\/?s={search_term_string}"},"query-input":{"@type":"PropertyValueSpecification","valueRequired":true,"valueName":"search_term_string"}}],"inLanguage":"de-AT"},{"@type":"Organization","@id":"https:\/\/unrostore.com\/#organization","name":"UNRO","url":"https:\/\/unrostore.com\/","logo":{"@type":"ImageObject","inLanguage":"de-AT","@id":"https:\/\/unrostore.com\/#\/schema\/logo\/image\/","url":"https:\/\/unrostore.com\/wp-content\/uploads\/2022\/05\/Logo-UNRO.png","contentUrl":"https:\/\/unrostore.com\/wp-content\/uploads\/2022\/05\/Logo-UNRO.png","width":605,"height":179,"caption":"UNRO"},"image":{"@id":"https:\/\/unrostore.com\/#\/schema\/logo\/image\/"}}]}},"_links":{"self":[{"href":"https:\/\/unrostore.com\/de-at\/wp-json\/wp\/v2\/product\/2487","targetHints":{"allow":["GET"]}}],"collection":[{"href":"https:\/\/unrostore.com\/de-at\/wp-json\/wp\/v2\/product"}],"about":[{"href":"https:\/\/unrostore.com\/de-at\/wp-json\/wp\/v2\/types\/product"}],"wp:featuredmedia":[{"embeddable":true,"href":"https:\/\/unrostore.com\/de-at\/wp-json\/wp\/v2\/media\/2504"}],"wp:attachment":[{"href":"https:\/\/unrostore.com\/de-at\/wp-json\/wp\/v2\/media?parent=2487"}],"wp:term":[{"taxonomy":"product_brand","embeddable":true,"href":"https:\/\/unrostore.com\/de-at\/wp-json\/wp\/v2\/product_brand?post=2487"},{"taxonomy":"product_cat","embeddable":true,"href":"https:\/\/unrostore.com\/de-at\/wp-json\/wp\/v2\/product_cat?post=2487"},{"taxonomy":"product_tag","embeddable":true,"href":"https:\/\/unrostore.com\/de-at\/wp-json\/wp\/v2\/product_tag?post=2487"}],"curies":[{"name":"wp","href":"https:\/\/api.w.org\/{rel}","templated":true}]}}