{"id":2477,"date":"2022-11-05T20:16:57","date_gmt":"2022-11-05T20:16:57","guid":{"rendered":"https:\/\/unrostore.com\/?post_type=product&#038;p=2477"},"modified":"2026-01-19T20:37:55","modified_gmt":"2026-01-19T20:37:55","slug":"rosa-fruhstucksteller-mar-rosa","status":"publish","type":"product","link":"https:\/\/unrostore.com\/de-at\/shop\/ca-atlantica\/altrosa\/rosa-fruhstucksteller-mar-rosa\/","title":{"rendered":"Rosa Fr\u00fchst\u00fccksteller Mar Pink"},"content":{"rendered":"<h3>Auf Wolke sieben mit dem Pink Breakfast Plate Mar Pink<\/h3>\n<p><span style=\"font-weight: 400;\">Die <strong>Rosa Fr\u00fchst\u00fccksteller Mar Pink<\/strong>\u00a0durch portugiesische Marke <a href=\"https:\/\/www.companhiaatlantica.pt\/en\/about-us\/\">C\u00aa Atlantica<\/a> versch\u00f6nern Sie Ihren Tag, jeden Tag. Eine ideale mittelgro\u00dfe Gr\u00f6\u00dfe f\u00fcr Ihr Fr\u00fchst\u00fcck, Mittagessen oder Ihre Vorspeise. Auch perfekt f\u00fcr Ihre Tapas und das gemeinsame Essen. Mit den rosafarbenen mittelgro\u00dfen Fr\u00fchst\u00fcckstellern werden Sie Ihre rosa Wolke nie verlassen! Entdecken Sie auch die <a href=\"https:\/\/unrostore.com\/de-at\/shop\/ca-atlantica\/altrosa\/mar-pink-dinner-plates-2-delig\/\">Mar Rosa Essteller<\/a> und die <a href=\"https:\/\/unrostore.com\/de-at\/shop\/ca-atlantica\/altrosa\/mar-rosa-servierplatte-medium\/\">Mar Rosa Servierplatte Medium<\/a>.<\/span><\/p>\n<p>&nbsp;<\/p>\n<h3>Dies ist die Anzahl der Platten, die Sie erhalten<\/h3>\n<ul>\n<li>1x Mar Pink Fr\u00fchst\u00fccksteller<\/li>\n<\/ul>\n<p>&nbsp;<\/p>\n<p><em><strong>Nachhaltig f\u00fcr Mensch und Umwelt<\/strong><br \/>\nJedes Produkt ist ein Unikat, denn es wird in Handarbeit hergestellt.<br \/>\nDruck und Textur k\u00f6nnen daher leicht vom Produktfoto abweichen.<\/em><\/p>","protected":false},"excerpt":{"rendered":"<div class=\"usps\"><i class=\"far fa-check-circle\"><\/i> Mikrowellenfest<br \/>\n<i class=\"far fa-check-circle\"><\/i> Backofenfest (bis zu 200 Grad)<br \/>\n<i class=\"far fa-check-circle\"><\/i> Sp\u00fclmaschinentauglich<br \/>\n<i class=\"far fa-thumbs-up\"><\/i> Handgefertigt<\/div>","protected":false},"featured_media":2510,"template":"","meta":[],"product_brand":[],"product_cat":[235,120,196,317],"product_tag":[286,216,236,239,245,242,255,288,214,215,230,256],"class_list":{"0":"post-2477","1":"product","2":"type-product","3":"status-publish","4":"has-post-thumbnail","6":"product_cat-borden","7":"product_cat-ca-atlantica","8":"product_cat-mar-pink","9":"product_cat-ontbijtborden","10":"product_tag-bord","11":"product_tag-ca-atlantica","12":"product_tag-dinner-plate","13":"product_tag-klein-bord","14":"product_tag-mar","15":"product_tag-ontbijt","16":"product_tag-ontbijt-bord","17":"product_tag-ontbijtbord","18":"product_tag-pink","19":"product_tag-roze","20":"product_tag-salade","21":"product_tag-salade-bord","22":"product_shipping_class-pakket","24":"first","25":"outofstock","26":"sale","27":"taxable","28":"shipping-taxable","29":"purchasable","30":"product-type-simple"},"yoast_head":"<!-- This site is optimized with the Yoast SEO plugin v27.4 - https:\/\/yoast.com\/product\/yoast-seo-wordpress\/ -->\n<title>Roze Ontbijtbord Mar Pink &#8226; UNRO<\/title>\n<meta name=\"description\" content=\"Het Roze Ontbijtbord Mar Pink vrolijkt jou elke dag op door de vrolijke roze kleur waardoor jij het leven door een roze bril zult zien! \ud83e\udd29\" \/>\n<meta name=\"robots\" content=\"index, follow, max-snippet:-1, max-image-preview:large, max-video-preview:-1\" \/>\n<link rel=\"canonical\" href=\"https:\/\/unrostore.com\/de-at\/shop\/ca-atlantica\/altrosa\/rosa-fruhstucksteller-mar-rosa\/\" \/>\n<meta property=\"og:locale\" content=\"de_DE\" \/>\n<meta property=\"og:type\" content=\"article\" \/>\n<meta property=\"og:title\" content=\"Roze Ontbijtbord Mar Pink &#8226; UNRO\" \/>\n<meta property=\"og:description\" content=\"Het Roze Ontbijtbord Mar Pink vrolijkt jou elke dag op door de vrolijke roze kleur waardoor jij het leven door een roze bril zult zien! \ud83e\udd29\" \/>\n<meta property=\"og:url\" content=\"https:\/\/unrostore.com\/de-at\/shop\/ca-atlantica\/altrosa\/rosa-fruhstucksteller-mar-rosa\/\" \/>\n<meta property=\"og:site_name\" content=\"UNRO\" \/>\n<meta property=\"article:modified_time\" content=\"2026-01-19T20:37:55+00:00\" \/>\n<meta property=\"og:image\" content=\"https:\/\/unrostore.com\/wp-content\/uploads\/2022\/11\/unro-portugees-servies-ca-atlantica-mar-pink-salad-plate-2-scaled.jpg\" \/>\n\t<meta property=\"og:image:width\" content=\"2481\" \/>\n\t<meta property=\"og:image:height\" content=\"2560\" \/>\n\t<meta property=\"og:image:type\" content=\"image\/jpeg\" \/>\n<meta name=\"twitter:card\" content=\"summary_large_image\" \/>\n<script type=\"application\/ld+json\" class=\"yoast-schema-graph\">{\"@context\":\"https:\\\/\\\/schema.org\",\"@graph\":[{\"@type\":\"WebPage\",\"@id\":\"https:\\\/\\\/unrostore.com\\\/shop\\\/ca-atlantica\\\/mar-pink\\\/roze-ontbijtbord-mar-pink\\\/\",\"url\":\"https:\\\/\\\/unrostore.com\\\/shop\\\/ca-atlantica\\\/mar-pink\\\/roze-ontbijtbord-mar-pink\\\/\",\"name\":\"Roze Ontbijtbord Mar Pink &#8226; UNRO\",\"isPartOf\":{\"@id\":\"https:\\\/\\\/unrostore.com\\\/#website\"},\"primaryImageOfPage\":{\"@id\":\"https:\\\/\\\/unrostore.com\\\/shop\\\/ca-atlantica\\\/mar-pink\\\/roze-ontbijtbord-mar-pink\\\/#primaryimage\"},\"image\":{\"@id\":\"https:\\\/\\\/unrostore.com\\\/shop\\\/ca-atlantica\\\/mar-pink\\\/roze-ontbijtbord-mar-pink\\\/#primaryimage\"},\"thumbnailUrl\":\"https:\\\/\\\/unrostore.com\\\/wp-content\\\/uploads\\\/2022\\\/11\\\/unro-portugees-servies-ca-atlantica-mar-pink-salad-plate-2-scaled.jpg\",\"datePublished\":\"2022-11-05T20:16:57+00:00\",\"dateModified\":\"2026-01-19T20:37:55+00:00\",\"description\":\"Het Roze Ontbijtbord Mar Pink vrolijkt jou elke dag op door de vrolijke roze kleur waardoor jij het leven door een roze bril zult zien! \ud83e\udd29\",\"breadcrumb\":{\"@id\":\"https:\\\/\\\/unrostore.com\\\/shop\\\/ca-atlantica\\\/mar-pink\\\/roze-ontbijtbord-mar-pink\\\/#breadcrumb\"},\"inLanguage\":\"de-AT\",\"potentialAction\":[{\"@type\":\"ReadAction\",\"target\":[\"https:\\\/\\\/unrostore.com\\\/shop\\\/ca-atlantica\\\/mar-pink\\\/roze-ontbijtbord-mar-pink\\\/\"]}]},{\"@type\":\"ImageObject\",\"inLanguage\":\"de-AT\",\"@id\":\"https:\\\/\\\/unrostore.com\\\/shop\\\/ca-atlantica\\\/mar-pink\\\/roze-ontbijtbord-mar-pink\\\/#primaryimage\",\"url\":\"https:\\\/\\\/unrostore.com\\\/wp-content\\\/uploads\\\/2022\\\/11\\\/unro-portugees-servies-ca-atlantica-mar-pink-salad-plate-2-scaled.jpg\",\"contentUrl\":\"https:\\\/\\\/unrostore.com\\\/wp-content\\\/uploads\\\/2022\\\/11\\\/unro-portugees-servies-ca-atlantica-mar-pink-salad-plate-2-scaled.jpg\",\"width\":2481,\"height\":2560,\"caption\":\"Roze Ontbijtbord Mar Pink UNRO Portugees servies Ca Atlantica\"},{\"@type\":\"BreadcrumbList\",\"@id\":\"https:\\\/\\\/unrostore.com\\\/shop\\\/ca-atlantica\\\/mar-pink\\\/roze-ontbijtbord-mar-pink\\\/#breadcrumb\",\"itemListElement\":[{\"@type\":\"ListItem\",\"position\":1,\"name\":\"Home\",\"item\":\"https:\\\/\\\/unrostore.com\\\/\"},{\"@type\":\"ListItem\",\"position\":2,\"name\":\"Shop\",\"item\":\"https:\\\/\\\/unrostore.com\\\/shop\\\/\"},{\"@type\":\"ListItem\",\"position\":3,\"name\":\"Roze Ontbijtbord Mar Pink\"}]},{\"@type\":\"WebSite\",\"@id\":\"https:\\\/\\\/unrostore.com\\\/#website\",\"url\":\"https:\\\/\\\/unrostore.com\\\/\",\"name\":\"UNRO\",\"description\":\"Portugees servies waar je blij van wordt!\",\"publisher\":{\"@id\":\"https:\\\/\\\/unrostore.com\\\/#organization\"},\"potentialAction\":[{\"@type\":\"SearchAction\",\"target\":{\"@type\":\"EntryPoint\",\"urlTemplate\":\"https:\\\/\\\/unrostore.com\\\/?s={search_term_string}\"},\"query-input\":{\"@type\":\"PropertyValueSpecification\",\"valueRequired\":true,\"valueName\":\"search_term_string\"}}],\"inLanguage\":\"de-AT\"},{\"@type\":\"Organization\",\"@id\":\"https:\\\/\\\/unrostore.com\\\/#organization\",\"name\":\"UNRO\",\"url\":\"https:\\\/\\\/unrostore.com\\\/\",\"logo\":{\"@type\":\"ImageObject\",\"inLanguage\":\"de-AT\",\"@id\":\"https:\\\/\\\/unrostore.com\\\/#\\\/schema\\\/logo\\\/image\\\/\",\"url\":\"https:\\\/\\\/unrostore.com\\\/wp-content\\\/uploads\\\/2022\\\/05\\\/Logo-UNRO.png\",\"contentUrl\":\"https:\\\/\\\/unrostore.com\\\/wp-content\\\/uploads\\\/2022\\\/05\\\/Logo-UNRO.png\",\"width\":605,\"height\":179,\"caption\":\"UNRO\"},\"image\":{\"@id\":\"https:\\\/\\\/unrostore.com\\\/#\\\/schema\\\/logo\\\/image\\\/\"}}]}<\/script>\n<!-- \/ Yoast SEO plugin. -->","yoast_head_json":{"title":"Rosa Fr\u00fchst\u00fccksteller Mar Pink - UNRO","description":"Der rosa Fr\u00fchst\u00fccksteller Mar Pink wird Sie jeden Tag mit seiner fr\u00f6hlichen rosa Farbe aufheitern und Sie das Leben durch eine rosarote Brille sehen lassen! \ud83e\udd29","robots":{"index":"index","follow":"follow","max-snippet":"max-snippet:-1","max-image-preview":"max-image-preview:large","max-video-preview":"max-video-preview:-1"},"canonical":"https:\/\/unrostore.com\/de-at\/shop\/ca-atlantica\/altrosa\/rosa-fruhstucksteller-mar-rosa\/","og_locale":"de_DE","og_type":"article","og_title":"Roze Ontbijtbord Mar Pink &#8226; UNRO","og_description":"Het Roze Ontbijtbord Mar Pink vrolijkt jou elke dag op door de vrolijke roze kleur waardoor jij het leven door een roze bril zult zien! \ud83e\udd29","og_url":"https:\/\/unrostore.com\/de-at\/shop\/ca-atlantica\/altrosa\/rosa-fruhstucksteller-mar-rosa\/","og_site_name":"UNRO","article_modified_time":"2026-01-19T20:37:55+00:00","og_image":[{"width":2481,"height":2560,"url":"https:\/\/unrostore.com\/wp-content\/uploads\/2022\/11\/unro-portugees-servies-ca-atlantica-mar-pink-salad-plate-2-scaled.jpg","type":"image\/jpeg"}],"twitter_card":"summary_large_image","schema":{"@context":"https:\/\/schema.org","@graph":[{"@type":"WebPage","@id":"https:\/\/unrostore.com\/shop\/ca-atlantica\/mar-pink\/roze-ontbijtbord-mar-pink\/","url":"https:\/\/unrostore.com\/shop\/ca-atlantica\/mar-pink\/roze-ontbijtbord-mar-pink\/","name":"Rosa Fr\u00fchst\u00fccksteller Mar Pink - UNRO","isPartOf":{"@id":"https:\/\/unrostore.com\/#website"},"primaryImageOfPage":{"@id":"https:\/\/unrostore.com\/shop\/ca-atlantica\/mar-pink\/roze-ontbijtbord-mar-pink\/#primaryimage"},"image":{"@id":"https:\/\/unrostore.com\/shop\/ca-atlantica\/mar-pink\/roze-ontbijtbord-mar-pink\/#primaryimage"},"thumbnailUrl":"https:\/\/unrostore.com\/wp-content\/uploads\/2022\/11\/unro-portugees-servies-ca-atlantica-mar-pink-salad-plate-2-scaled.jpg","datePublished":"2022-11-05T20:16:57+00:00","dateModified":"2026-01-19T20:37:55+00:00","description":"Der rosa Fr\u00fchst\u00fccksteller Mar Pink wird Sie jeden Tag mit seiner fr\u00f6hlichen rosa Farbe aufheitern und Sie das Leben durch eine rosarote Brille sehen lassen! \ud83e\udd29","breadcrumb":{"@id":"https:\/\/unrostore.com\/shop\/ca-atlantica\/mar-pink\/roze-ontbijtbord-mar-pink\/#breadcrumb"},"inLanguage":"de-AT","potentialAction":[{"@type":"ReadAction","target":["https:\/\/unrostore.com\/shop\/ca-atlantica\/mar-pink\/roze-ontbijtbord-mar-pink\/"]}]},{"@type":"ImageObject","inLanguage":"de-AT","@id":"https:\/\/unrostore.com\/shop\/ca-atlantica\/mar-pink\/roze-ontbijtbord-mar-pink\/#primaryimage","url":"https:\/\/unrostore.com\/wp-content\/uploads\/2022\/11\/unro-portugees-servies-ca-atlantica-mar-pink-salad-plate-2-scaled.jpg","contentUrl":"https:\/\/unrostore.com\/wp-content\/uploads\/2022\/11\/unro-portugees-servies-ca-atlantica-mar-pink-salad-plate-2-scaled.jpg","width":2481,"height":2560,"caption":"Roze Ontbijtbord Mar Pink UNRO Portugees servies Ca Atlantica"},{"@type":"BreadcrumbList","@id":"https:\/\/unrostore.com\/shop\/ca-atlantica\/mar-pink\/roze-ontbijtbord-mar-pink\/#breadcrumb","itemListElement":[{"@type":"ListItem","position":1,"name":"Home","item":"https:\/\/unrostore.com\/"},{"@type":"ListItem","position":2,"name":"Shop","item":"https:\/\/unrostore.com\/shop\/"},{"@type":"ListItem","position":3,"name":"Roze Ontbijtbord Mar Pink"}]},{"@type":"WebSite","@id":"https:\/\/unrostore.com\/#website","url":"https:\/\/unrostore.com\/","name":"UNRO","description":"Portugiesisches Geschirr, das Sie gl\u00fccklich machen wird!","publisher":{"@id":"https:\/\/unrostore.com\/#organization"},"potentialAction":[{"@type":"SearchAction","target":{"@type":"EntryPoint","urlTemplate":"https:\/\/unrostore.com\/?s={search_term_string}"},"query-input":{"@type":"PropertyValueSpecification","valueRequired":true,"valueName":"search_term_string"}}],"inLanguage":"de-AT"},{"@type":"Organization","@id":"https:\/\/unrostore.com\/#organization","name":"UNRO","url":"https:\/\/unrostore.com\/","logo":{"@type":"ImageObject","inLanguage":"de-AT","@id":"https:\/\/unrostore.com\/#\/schema\/logo\/image\/","url":"https:\/\/unrostore.com\/wp-content\/uploads\/2022\/05\/Logo-UNRO.png","contentUrl":"https:\/\/unrostore.com\/wp-content\/uploads\/2022\/05\/Logo-UNRO.png","width":605,"height":179,"caption":"UNRO"},"image":{"@id":"https:\/\/unrostore.com\/#\/schema\/logo\/image\/"}}]}},"_links":{"self":[{"href":"https:\/\/unrostore.com\/de-at\/wp-json\/wp\/v2\/product\/2477","targetHints":{"allow":["GET"]}}],"collection":[{"href":"https:\/\/unrostore.com\/de-at\/wp-json\/wp\/v2\/product"}],"about":[{"href":"https:\/\/unrostore.com\/de-at\/wp-json\/wp\/v2\/types\/product"}],"wp:featuredmedia":[{"embeddable":true,"href":"https:\/\/unrostore.com\/de-at\/wp-json\/wp\/v2\/media\/2510"}],"wp:attachment":[{"href":"https:\/\/unrostore.com\/de-at\/wp-json\/wp\/v2\/media?parent=2477"}],"wp:term":[{"taxonomy":"product_brand","embeddable":true,"href":"https:\/\/unrostore.com\/de-at\/wp-json\/wp\/v2\/product_brand?post=2477"},{"taxonomy":"product_cat","embeddable":true,"href":"https:\/\/unrostore.com\/de-at\/wp-json\/wp\/v2\/product_cat?post=2477"},{"taxonomy":"product_tag","embeddable":true,"href":"https:\/\/unrostore.com\/de-at\/wp-json\/wp\/v2\/product_tag?post=2477"}],"curies":[{"name":"wp","href":"https:\/\/api.w.org\/{rel}","templated":true}]}}