{"id":2474,"date":"2022-11-05T19:57:12","date_gmt":"2022-11-05T19:57:12","guid":{"rendered":"https:\/\/unrostore.com\/?post_type=product&#038;p=2474"},"modified":"2026-01-19T20:37:55","modified_gmt":"2026-01-19T20:37:55","slug":"breezy-latte-salatschussel","status":"publish","type":"product","link":"https:\/\/unrostore.com\/de-at\/shop\/ca-atlantica\/luftiger-milchkaffee\/breezy-latte-salatschussel\/","title":{"rendered":"Breezy Latte Salatsch\u00fcssel"},"content":{"rendered":"<h3>Modern und zeitlos: Breezy Latte<\/h3>\n<p><span style=\"font-weight: 400;\">Ein Salat ist immer gut, besonders in der <strong>Breezy Latte Salatsch\u00fcssel<\/strong> durch portugiesische Marke <a href=\"https:\/\/www.companhiaatlantica.pt\/en\/about-us\/\">C\u00aa Atlantica<\/a>. Sie k\u00f6nnen sie auch als Teigsch\u00fcssel oder Obstschale verwenden, sie ist also sehr vielseitig. Und praktisch ist sie auch noch, denn die Sch\u00fcssel kann in die Sp\u00fclmaschine, die Mikrowelle und den Backofen (bis 200 Grad) gestellt werden. <\/span><span style=\"font-weight: 400;\">Vervollst\u00e4ndigen Sie Ihr Breezy Latte-Geschirrset und sorgen Sie f\u00fcr Harmonie auf dem Tisch. Kombinieren Sie dazu die gro\u00dfe Schale mit dem <a href=\"https:\/\/unrostore.com\/de-at\/shop\/ca-atlantica\/luftiger-milchkaffee\/breezy-latte-servierplatte-gros\/\">Breezy Latte Serviersch\u00fcssel Gro\u00df<\/a> und die <a href=\"https:\/\/unrostore.com\/de-at\/shop\/ca-atlantica\/luftiger-milchkaffee\/breezy-latte-essteller-2-stuck\/\">Breezy Latte Essteller<\/a>.<\/span><\/p>\n<p>&nbsp;<\/p>\n<h3>Dies ist die Nummer, die Sie zugestellt bekommen<\/h3>\n<ul>\n<li>1x Breezy Latte Salatsch\u00fcssel<\/li>\n<\/ul>\n<p>&nbsp;<\/p>\n<p><strong>Nachhaltig f\u00fcr Mensch und Umwelt:<\/strong><br \/>\nJedes Produkt ist ein Unikat, denn es wird in Handarbeit hergestellt.<br \/>\nDruck und Textur k\u00f6nnen daher leicht vom Produktfoto abweichen.<\/p>","protected":false},"excerpt":{"rendered":"<div class=\"usps\"><i class=\"far fa-check-circle\"><\/i> Mikrowellenfest<br \/>\n<i class=\"far fa-check-circle\"><\/i> Backofenfest (bis zu 200 Grad)<br \/>\n<i class=\"far fa-check-circle\"><\/i> Sp\u00fclmaschinentauglich<br \/>\n<i class=\"far fa-thumbs-up\"><\/i> Handgefertigt<\/div>","protected":false},"featured_media":2475,"template":"","meta":[],"product_brand":[],"product_cat":[197,120,135,138],"product_tag":[234,228,216,233,253,251,254,137,229,242,252,148,299],"class_list":{"0":"post-2474","1":"product","2":"type-product","3":"status-publish","4":"has-post-thumbnail","6":"product_cat-breezy-latte","7":"product_cat-ca-atlantica","8":"product_cat-kommen","9":"product_cat-serveerschalen","10":"product_tag-beige","11":"product_tag-breezy","12":"product_tag-ca-atlantica","13":"product_tag-creme","14":"product_tag-fruitschaal","15":"product_tag-grote-kom","16":"product_tag-grote-schaal","17":"product_tag-kom","18":"product_tag-latte","19":"product_tag-ontbijt","20":"product_tag-schaal","21":"product_tag-serveerschaal","22":"product_tag-zand","23":"product_shipping_class-pakket","25":"first","26":"outofstock","27":"sale","28":"taxable","29":"shipping-taxable","30":"purchasable","31":"product-type-simple"},"yoast_head":"<!-- This site is optimized with the Yoast SEO plugin v27.4 - https:\/\/yoast.com\/product\/yoast-seo-wordpress\/ -->\n<title>Breezy Latte Salade Kom Grote Kom &#8226; UNRO<\/title>\n<meta name=\"description\" content=\"De Breezy Latte Salade Kom is erg veelzijdig, functioneel en mooi. Maak jouw Breezy Latte serviesset compleet en cre\u00eber harmonie op tafel.\" \/>\n<meta name=\"robots\" content=\"index, follow, max-snippet:-1, max-image-preview:large, max-video-preview:-1\" \/>\n<link rel=\"canonical\" href=\"https:\/\/unrostore.com\/de-at\/shop\/ca-atlantica\/luftiger-milchkaffee\/breezy-latte-salatschussel\/\" \/>\n<meta property=\"og:locale\" content=\"de_DE\" \/>\n<meta property=\"og:type\" content=\"article\" \/>\n<meta property=\"og:title\" content=\"Breezy Latte Salade Kom Grote Kom &#8226; UNRO\" \/>\n<meta property=\"og:description\" content=\"De Breezy Latte Salade Kom is erg veelzijdig, functioneel en mooi. Maak jouw Breezy Latte serviesset compleet en cre\u00eber harmonie op tafel.\" \/>\n<meta property=\"og:url\" content=\"https:\/\/unrostore.com\/de-at\/shop\/ca-atlantica\/luftiger-milchkaffee\/breezy-latte-salatschussel\/\" \/>\n<meta property=\"og:site_name\" content=\"UNRO\" \/>\n<meta property=\"article:modified_time\" content=\"2026-01-19T20:37:55+00:00\" \/>\n<meta property=\"og:image\" content=\"https:\/\/unrostore.com\/wp-content\/uploads\/2022\/11\/unro-portugees-servies-ca-atlantica-breezy-latte-salad-bowl.jpg\" \/>\n\t<meta property=\"og:image:width\" content=\"1000\" \/>\n\t<meta property=\"og:image:height\" content=\"1000\" \/>\n\t<meta property=\"og:image:type\" content=\"image\/jpeg\" \/>\n<meta name=\"twitter:card\" content=\"summary_large_image\" \/>\n<script type=\"application\/ld+json\" class=\"yoast-schema-graph\">{\"@context\":\"https:\\\/\\\/schema.org\",\"@graph\":[{\"@type\":\"WebPage\",\"@id\":\"https:\\\/\\\/unrostore.com\\\/shop\\\/ca-atlantica\\\/breezy-latte\\\/breezy-latte-salade-kom\\\/\",\"url\":\"https:\\\/\\\/unrostore.com\\\/shop\\\/ca-atlantica\\\/breezy-latte\\\/breezy-latte-salade-kom\\\/\",\"name\":\"Breezy Latte Salade Kom Grote Kom &#8226; UNRO\",\"isPartOf\":{\"@id\":\"https:\\\/\\\/unrostore.com\\\/#website\"},\"primaryImageOfPage\":{\"@id\":\"https:\\\/\\\/unrostore.com\\\/shop\\\/ca-atlantica\\\/breezy-latte\\\/breezy-latte-salade-kom\\\/#primaryimage\"},\"image\":{\"@id\":\"https:\\\/\\\/unrostore.com\\\/shop\\\/ca-atlantica\\\/breezy-latte\\\/breezy-latte-salade-kom\\\/#primaryimage\"},\"thumbnailUrl\":\"https:\\\/\\\/unrostore.com\\\/wp-content\\\/uploads\\\/2022\\\/11\\\/unro-portugees-servies-ca-atlantica-breezy-latte-salad-bowl.jpg\",\"datePublished\":\"2022-11-05T19:57:12+00:00\",\"dateModified\":\"2026-01-19T20:37:55+00:00\",\"description\":\"De Breezy Latte Salade Kom is erg veelzijdig, functioneel en mooi. Maak jouw Breezy Latte serviesset compleet en cre\u00eber harmonie op tafel.\",\"breadcrumb\":{\"@id\":\"https:\\\/\\\/unrostore.com\\\/shop\\\/ca-atlantica\\\/breezy-latte\\\/breezy-latte-salade-kom\\\/#breadcrumb\"},\"inLanguage\":\"de-AT\",\"potentialAction\":[{\"@type\":\"ReadAction\",\"target\":[\"https:\\\/\\\/unrostore.com\\\/shop\\\/ca-atlantica\\\/breezy-latte\\\/breezy-latte-salade-kom\\\/\"]}]},{\"@type\":\"ImageObject\",\"inLanguage\":\"de-AT\",\"@id\":\"https:\\\/\\\/unrostore.com\\\/shop\\\/ca-atlantica\\\/breezy-latte\\\/breezy-latte-salade-kom\\\/#primaryimage\",\"url\":\"https:\\\/\\\/unrostore.com\\\/wp-content\\\/uploads\\\/2022\\\/11\\\/unro-portugees-servies-ca-atlantica-breezy-latte-salad-bowl.jpg\",\"contentUrl\":\"https:\\\/\\\/unrostore.com\\\/wp-content\\\/uploads\\\/2022\\\/11\\\/unro-portugees-servies-ca-atlantica-breezy-latte-salad-bowl.jpg\",\"width\":1000,\"height\":1000,\"caption\":\"UNRO Portugees servies Ca Atlantica Breezy Latte Salad Bowl\"},{\"@type\":\"BreadcrumbList\",\"@id\":\"https:\\\/\\\/unrostore.com\\\/shop\\\/ca-atlantica\\\/breezy-latte\\\/breezy-latte-salade-kom\\\/#breadcrumb\",\"itemListElement\":[{\"@type\":\"ListItem\",\"position\":1,\"name\":\"Home\",\"item\":\"https:\\\/\\\/unrostore.com\\\/\"},{\"@type\":\"ListItem\",\"position\":2,\"name\":\"Shop\",\"item\":\"https:\\\/\\\/unrostore.com\\\/shop\\\/\"},{\"@type\":\"ListItem\",\"position\":3,\"name\":\"Breezy Latte Salade Kom\"}]},{\"@type\":\"WebSite\",\"@id\":\"https:\\\/\\\/unrostore.com\\\/#website\",\"url\":\"https:\\\/\\\/unrostore.com\\\/\",\"name\":\"UNRO\",\"description\":\"Portugees servies waar je blij van wordt!\",\"publisher\":{\"@id\":\"https:\\\/\\\/unrostore.com\\\/#organization\"},\"potentialAction\":[{\"@type\":\"SearchAction\",\"target\":{\"@type\":\"EntryPoint\",\"urlTemplate\":\"https:\\\/\\\/unrostore.com\\\/?s={search_term_string}\"},\"query-input\":{\"@type\":\"PropertyValueSpecification\",\"valueRequired\":true,\"valueName\":\"search_term_string\"}}],\"inLanguage\":\"de-AT\"},{\"@type\":\"Organization\",\"@id\":\"https:\\\/\\\/unrostore.com\\\/#organization\",\"name\":\"UNRO\",\"url\":\"https:\\\/\\\/unrostore.com\\\/\",\"logo\":{\"@type\":\"ImageObject\",\"inLanguage\":\"de-AT\",\"@id\":\"https:\\\/\\\/unrostore.com\\\/#\\\/schema\\\/logo\\\/image\\\/\",\"url\":\"https:\\\/\\\/unrostore.com\\\/wp-content\\\/uploads\\\/2022\\\/05\\\/Logo-UNRO.png\",\"contentUrl\":\"https:\\\/\\\/unrostore.com\\\/wp-content\\\/uploads\\\/2022\\\/05\\\/Logo-UNRO.png\",\"width\":605,\"height\":179,\"caption\":\"UNRO\"},\"image\":{\"@id\":\"https:\\\/\\\/unrostore.com\\\/#\\\/schema\\\/logo\\\/image\\\/\"}}]}<\/script>\n<!-- \/ Yoast SEO plugin. -->","yoast_head_json":{"title":"Breezy Latte Salatsch\u00fcssel Gro\u00dfe Schale - UNRO","description":"Die Breezy Latte Salatsch\u00fcssel ist sehr vielseitig, funktionell und sch\u00f6n. Vervollst\u00e4ndigen Sie Ihr Breezy Latte-Geschirrset und sorgen Sie f\u00fcr Harmonie auf dem Tisch.","robots":{"index":"index","follow":"follow","max-snippet":"max-snippet:-1","max-image-preview":"max-image-preview:large","max-video-preview":"max-video-preview:-1"},"canonical":"https:\/\/unrostore.com\/de-at\/shop\/ca-atlantica\/luftiger-milchkaffee\/breezy-latte-salatschussel\/","og_locale":"de_DE","og_type":"article","og_title":"Breezy Latte Salade Kom Grote Kom &#8226; UNRO","og_description":"De Breezy Latte Salade Kom is erg veelzijdig, functioneel en mooi. Maak jouw Breezy Latte serviesset compleet en cre\u00eber harmonie op tafel.","og_url":"https:\/\/unrostore.com\/de-at\/shop\/ca-atlantica\/luftiger-milchkaffee\/breezy-latte-salatschussel\/","og_site_name":"UNRO","article_modified_time":"2026-01-19T20:37:55+00:00","og_image":[{"width":1000,"height":1000,"url":"https:\/\/unrostore.com\/wp-content\/uploads\/2022\/11\/unro-portugees-servies-ca-atlantica-breezy-latte-salad-bowl.jpg","type":"image\/jpeg"}],"twitter_card":"summary_large_image","schema":{"@context":"https:\/\/schema.org","@graph":[{"@type":"WebPage","@id":"https:\/\/unrostore.com\/shop\/ca-atlantica\/breezy-latte\/breezy-latte-salade-kom\/","url":"https:\/\/unrostore.com\/shop\/ca-atlantica\/breezy-latte\/breezy-latte-salade-kom\/","name":"Breezy Latte Salatsch\u00fcssel Gro\u00dfe Schale - UNRO","isPartOf":{"@id":"https:\/\/unrostore.com\/#website"},"primaryImageOfPage":{"@id":"https:\/\/unrostore.com\/shop\/ca-atlantica\/breezy-latte\/breezy-latte-salade-kom\/#primaryimage"},"image":{"@id":"https:\/\/unrostore.com\/shop\/ca-atlantica\/breezy-latte\/breezy-latte-salade-kom\/#primaryimage"},"thumbnailUrl":"https:\/\/unrostore.com\/wp-content\/uploads\/2022\/11\/unro-portugees-servies-ca-atlantica-breezy-latte-salad-bowl.jpg","datePublished":"2022-11-05T19:57:12+00:00","dateModified":"2026-01-19T20:37:55+00:00","description":"Die Breezy Latte Salatsch\u00fcssel ist sehr vielseitig, funktionell und sch\u00f6n. Vervollst\u00e4ndigen Sie Ihr Breezy Latte-Geschirrset und sorgen Sie f\u00fcr Harmonie auf dem Tisch.","breadcrumb":{"@id":"https:\/\/unrostore.com\/shop\/ca-atlantica\/breezy-latte\/breezy-latte-salade-kom\/#breadcrumb"},"inLanguage":"de-AT","potentialAction":[{"@type":"ReadAction","target":["https:\/\/unrostore.com\/shop\/ca-atlantica\/breezy-latte\/breezy-latte-salade-kom\/"]}]},{"@type":"ImageObject","inLanguage":"de-AT","@id":"https:\/\/unrostore.com\/shop\/ca-atlantica\/breezy-latte\/breezy-latte-salade-kom\/#primaryimage","url":"https:\/\/unrostore.com\/wp-content\/uploads\/2022\/11\/unro-portugees-servies-ca-atlantica-breezy-latte-salad-bowl.jpg","contentUrl":"https:\/\/unrostore.com\/wp-content\/uploads\/2022\/11\/unro-portugees-servies-ca-atlantica-breezy-latte-salad-bowl.jpg","width":1000,"height":1000,"caption":"UNRO Portugees servies Ca Atlantica Breezy Latte Salad Bowl"},{"@type":"BreadcrumbList","@id":"https:\/\/unrostore.com\/shop\/ca-atlantica\/breezy-latte\/breezy-latte-salade-kom\/#breadcrumb","itemListElement":[{"@type":"ListItem","position":1,"name":"Home","item":"https:\/\/unrostore.com\/"},{"@type":"ListItem","position":2,"name":"Shop","item":"https:\/\/unrostore.com\/shop\/"},{"@type":"ListItem","position":3,"name":"Breezy Latte Salade Kom"}]},{"@type":"WebSite","@id":"https:\/\/unrostore.com\/#website","url":"https:\/\/unrostore.com\/","name":"UNRO","description":"Portugiesisches Geschirr, das Sie gl\u00fccklich machen wird!","publisher":{"@id":"https:\/\/unrostore.com\/#organization"},"potentialAction":[{"@type":"SearchAction","target":{"@type":"EntryPoint","urlTemplate":"https:\/\/unrostore.com\/?s={search_term_string}"},"query-input":{"@type":"PropertyValueSpecification","valueRequired":true,"valueName":"search_term_string"}}],"inLanguage":"de-AT"},{"@type":"Organization","@id":"https:\/\/unrostore.com\/#organization","name":"UNRO","url":"https:\/\/unrostore.com\/","logo":{"@type":"ImageObject","inLanguage":"de-AT","@id":"https:\/\/unrostore.com\/#\/schema\/logo\/image\/","url":"https:\/\/unrostore.com\/wp-content\/uploads\/2022\/05\/Logo-UNRO.png","contentUrl":"https:\/\/unrostore.com\/wp-content\/uploads\/2022\/05\/Logo-UNRO.png","width":605,"height":179,"caption":"UNRO"},"image":{"@id":"https:\/\/unrostore.com\/#\/schema\/logo\/image\/"}}]}},"_links":{"self":[{"href":"https:\/\/unrostore.com\/de-at\/wp-json\/wp\/v2\/product\/2474","targetHints":{"allow":["GET"]}}],"collection":[{"href":"https:\/\/unrostore.com\/de-at\/wp-json\/wp\/v2\/product"}],"about":[{"href":"https:\/\/unrostore.com\/de-at\/wp-json\/wp\/v2\/types\/product"}],"wp:featuredmedia":[{"embeddable":true,"href":"https:\/\/unrostore.com\/de-at\/wp-json\/wp\/v2\/media\/2475"}],"wp:attachment":[{"href":"https:\/\/unrostore.com\/de-at\/wp-json\/wp\/v2\/media?parent=2474"}],"wp:term":[{"taxonomy":"product_brand","embeddable":true,"href":"https:\/\/unrostore.com\/de-at\/wp-json\/wp\/v2\/product_brand?post=2474"},{"taxonomy":"product_cat","embeddable":true,"href":"https:\/\/unrostore.com\/de-at\/wp-json\/wp\/v2\/product_cat?post=2474"},{"taxonomy":"product_tag","embeddable":true,"href":"https:\/\/unrostore.com\/de-at\/wp-json\/wp\/v2\/product_tag?post=2474"}],"curies":[{"name":"wp","href":"https:\/\/api.w.org\/{rel}","templated":true}]}}