{"id":2462,"date":"2022-11-05T17:56:13","date_gmt":"2022-11-05T17:56:13","guid":{"rendered":"https:\/\/unrostore.com\/?post_type=product&#038;p=2462"},"modified":"2026-01-19T20:37:56","modified_gmt":"2026-01-19T20:37:56","slug":"rosa-essteller-mar-rosa","status":"publish","type":"product","link":"https:\/\/unrostore.com\/de-at\/shop\/ca-atlantica\/altrosa\/rosa-essteller-mar-rosa\/","title":{"rendered":"Rosa Essteller Mar Pink"},"content":{"rendered":"<h3>Blick durch die rosa Brille mit dem Pink Dinner Plate Mar Pink<\/h3>\n<p><span style=\"font-weight: 400;\">Die <strong>Rosa Essteller Mar Pink<\/strong>\u00a0durch portugiesische Marke <a href=\"https:\/\/www.companhiaatlantica.pt\/en\/about-us\/\">C\u00aa Atlantica<\/a> bringen sofort frischen Wind in jede Einrichtung. Die farbenfrohen gro\u00dfen Teller mit ihrer tiefrosa Farbe, die einen sch\u00f6nen Kontrast zum mattwei\u00dfen \u00c4u\u00dferen bildet, sind eine wunderbare Kombination. Mit der Kollektion Mar Pink wird jede Mahlzeit zu einem Fest. Kombinieren Sie sie mit dem <a href=\"https:\/\/unrostore.com\/de-at\/shop\/ca-atlantica\/altrosa\/mar-pink-ontbijtborden-2-delig\/\">Mar Rosa Fr\u00fchst\u00fccksteller<\/a> und die <a href=\"https:\/\/unrostore.com\/de-at\/shop\/ca-atlantica\/altrosa\/mar-rosa-servierplatte-medium\/\">Mar Rosa Servierplatte Medium<\/a>.<\/span><\/p>\n<p>&nbsp;<\/p>\n<h3>Dies ist die Anzahl der Platten, die Sie erhalten<\/h3>\n<ul>\n<li>1x Mar Rosa Essteller<\/li>\n<\/ul>\n<p>&nbsp;<\/p>\n<p><em><strong>Nachhaltig f\u00fcr Mensch und Umwelt:<br \/>\n<\/strong>Jedes Produkt ist ein Unikat, denn es wird in Handarbeit hergestellt.<br \/>\nDruck und Textur k\u00f6nnen daher leicht vom Produktfoto abweichen.<\/em><\/p>","protected":false},"excerpt":{"rendered":"<div class=\"usps\"><i class=\"far fa-check-circle\"><\/i> Mikrowellenfest<br \/>\n<i class=\"far fa-check-circle\"><\/i> Backofenfest (bis zu 200 Grad)<br \/>\n<i class=\"far fa-check-circle\"><\/i> Sp\u00fclmaschinentauglich<br \/>\n<i class=\"far fa-thumbs-up\"><\/i> Handgefertigt<\/div>","protected":false},"featured_media":2511,"template":"","meta":[],"product_brand":[],"product_cat":[235,120,318,196],"product_tag":[216,246,283,236,237,238,245,214,215],"class_list":{"0":"post-2462","1":"product","2":"type-product","3":"status-publish","4":"has-post-thumbnail","6":"product_cat-borden","7":"product_cat-ca-atlantica","8":"product_cat-dinerborden","9":"product_cat-mar-pink","10":"product_tag-ca-atlantica","11":"product_tag-diner-bord","12":"product_tag-dinerbord","13":"product_tag-dinner-plate","14":"product_tag-groot-bord","15":"product_tag-grote-borden","16":"product_tag-mar","17":"product_tag-pink","18":"product_tag-roze","19":"product_shipping_class-pakket","21":"first","22":"outofstock","23":"sale","24":"taxable","25":"shipping-taxable","26":"purchasable","27":"product-type-simple"},"yoast_head":"<!-- This site is optimized with the Yoast SEO plugin v27.4 - https:\/\/yoast.com\/product\/yoast-seo-wordpress\/ -->\n<title>Roze Dinerbord Mar Pink &#8226; UNRO<\/title>\n<meta name=\"description\" content=\"Het Roze Dinerbord Mar Pink van C\u00aa Atlantica vrolijken direct je interieur op. Maak van elke maaltijd een feestje met deze prachtige roze dinerborden!\" \/>\n<meta name=\"robots\" content=\"index, follow, max-snippet:-1, max-image-preview:large, max-video-preview:-1\" \/>\n<link rel=\"canonical\" href=\"https:\/\/unrostore.com\/de-at\/shop\/ca-atlantica\/altrosa\/rosa-essteller-mar-rosa\/\" \/>\n<meta property=\"og:locale\" content=\"de_DE\" \/>\n<meta property=\"og:type\" content=\"article\" \/>\n<meta property=\"og:title\" content=\"Roze Dinerbord Mar Pink &#8226; UNRO\" \/>\n<meta property=\"og:description\" content=\"Het Roze Dinerbord Mar Pink van C\u00aa Atlantica vrolijken direct je interieur op. Maak van elke maaltijd een feestje met deze prachtige roze dinerborden!\" \/>\n<meta property=\"og:url\" content=\"https:\/\/unrostore.com\/de-at\/shop\/ca-atlantica\/altrosa\/rosa-essteller-mar-rosa\/\" \/>\n<meta property=\"og:site_name\" content=\"UNRO\" \/>\n<meta property=\"article:modified_time\" content=\"2026-01-19T20:37:56+00:00\" \/>\n<meta property=\"og:image\" content=\"https:\/\/unrostore.com\/wp-content\/uploads\/2022\/11\/unro-portugees-servies-ca-atlantica-mar-pink-dinner-plate-1-scaled.jpg\" \/>\n\t<meta property=\"og:image:width\" content=\"2385\" \/>\n\t<meta property=\"og:image:height\" content=\"2560\" \/>\n\t<meta property=\"og:image:type\" content=\"image\/jpeg\" \/>\n<meta name=\"twitter:card\" content=\"summary_large_image\" \/>\n<script type=\"application\/ld+json\" class=\"yoast-schema-graph\">{\"@context\":\"https:\\\/\\\/schema.org\",\"@graph\":[{\"@type\":\"WebPage\",\"@id\":\"https:\\\/\\\/unrostore.com\\\/shop\\\/ca-atlantica\\\/mar-pink\\\/roze-dinerbord-mar-pink\\\/\",\"url\":\"https:\\\/\\\/unrostore.com\\\/shop\\\/ca-atlantica\\\/mar-pink\\\/roze-dinerbord-mar-pink\\\/\",\"name\":\"Roze Dinerbord Mar Pink &#8226; UNRO\",\"isPartOf\":{\"@id\":\"https:\\\/\\\/unrostore.com\\\/#website\"},\"primaryImageOfPage\":{\"@id\":\"https:\\\/\\\/unrostore.com\\\/shop\\\/ca-atlantica\\\/mar-pink\\\/roze-dinerbord-mar-pink\\\/#primaryimage\"},\"image\":{\"@id\":\"https:\\\/\\\/unrostore.com\\\/shop\\\/ca-atlantica\\\/mar-pink\\\/roze-dinerbord-mar-pink\\\/#primaryimage\"},\"thumbnailUrl\":\"https:\\\/\\\/unrostore.com\\\/wp-content\\\/uploads\\\/2022\\\/11\\\/unro-portugees-servies-ca-atlantica-mar-pink-dinner-plate-1-scaled.jpg\",\"datePublished\":\"2022-11-05T17:56:13+00:00\",\"dateModified\":\"2026-01-19T20:37:56+00:00\",\"description\":\"Het Roze Dinerbord Mar Pink van C\u00aa Atlantica vrolijken direct je interieur op. Maak van elke maaltijd een feestje met deze prachtige roze dinerborden!\",\"breadcrumb\":{\"@id\":\"https:\\\/\\\/unrostore.com\\\/shop\\\/ca-atlantica\\\/mar-pink\\\/roze-dinerbord-mar-pink\\\/#breadcrumb\"},\"inLanguage\":\"de-AT\",\"potentialAction\":[{\"@type\":\"ReadAction\",\"target\":[\"https:\\\/\\\/unrostore.com\\\/shop\\\/ca-atlantica\\\/mar-pink\\\/roze-dinerbord-mar-pink\\\/\"]}]},{\"@type\":\"ImageObject\",\"inLanguage\":\"de-AT\",\"@id\":\"https:\\\/\\\/unrostore.com\\\/shop\\\/ca-atlantica\\\/mar-pink\\\/roze-dinerbord-mar-pink\\\/#primaryimage\",\"url\":\"https:\\\/\\\/unrostore.com\\\/wp-content\\\/uploads\\\/2022\\\/11\\\/unro-portugees-servies-ca-atlantica-mar-pink-dinner-plate-1-scaled.jpg\",\"contentUrl\":\"https:\\\/\\\/unrostore.com\\\/wp-content\\\/uploads\\\/2022\\\/11\\\/unro-portugees-servies-ca-atlantica-mar-pink-dinner-plate-1-scaled.jpg\",\"width\":2385,\"height\":2560,\"caption\":\"Roze Dinerbord Mar Pink UNRO Portugees Servies\"},{\"@type\":\"BreadcrumbList\",\"@id\":\"https:\\\/\\\/unrostore.com\\\/shop\\\/ca-atlantica\\\/mar-pink\\\/roze-dinerbord-mar-pink\\\/#breadcrumb\",\"itemListElement\":[{\"@type\":\"ListItem\",\"position\":1,\"name\":\"Home\",\"item\":\"https:\\\/\\\/unrostore.com\\\/\"},{\"@type\":\"ListItem\",\"position\":2,\"name\":\"Shop\",\"item\":\"https:\\\/\\\/unrostore.com\\\/shop\\\/\"},{\"@type\":\"ListItem\",\"position\":3,\"name\":\"Roze Dinerbord Mar Pink\"}]},{\"@type\":\"WebSite\",\"@id\":\"https:\\\/\\\/unrostore.com\\\/#website\",\"url\":\"https:\\\/\\\/unrostore.com\\\/\",\"name\":\"UNRO\",\"description\":\"Portugees servies waar je blij van wordt!\",\"publisher\":{\"@id\":\"https:\\\/\\\/unrostore.com\\\/#organization\"},\"potentialAction\":[{\"@type\":\"SearchAction\",\"target\":{\"@type\":\"EntryPoint\",\"urlTemplate\":\"https:\\\/\\\/unrostore.com\\\/?s={search_term_string}\"},\"query-input\":{\"@type\":\"PropertyValueSpecification\",\"valueRequired\":true,\"valueName\":\"search_term_string\"}}],\"inLanguage\":\"de-AT\"},{\"@type\":\"Organization\",\"@id\":\"https:\\\/\\\/unrostore.com\\\/#organization\",\"name\":\"UNRO\",\"url\":\"https:\\\/\\\/unrostore.com\\\/\",\"logo\":{\"@type\":\"ImageObject\",\"inLanguage\":\"de-AT\",\"@id\":\"https:\\\/\\\/unrostore.com\\\/#\\\/schema\\\/logo\\\/image\\\/\",\"url\":\"https:\\\/\\\/unrostore.com\\\/wp-content\\\/uploads\\\/2022\\\/05\\\/Logo-UNRO.png\",\"contentUrl\":\"https:\\\/\\\/unrostore.com\\\/wp-content\\\/uploads\\\/2022\\\/05\\\/Logo-UNRO.png\",\"width\":605,\"height\":179,\"caption\":\"UNRO\"},\"image\":{\"@id\":\"https:\\\/\\\/unrostore.com\\\/#\\\/schema\\\/logo\\\/image\\\/\"}}]}<\/script>\n<!-- \/ Yoast SEO plugin. -->","yoast_head_json":{"title":"Rosa Essteller Mar Rosa - UNRO","description":"Der rosa Essteller Mar Pink von C\u00aa Atlantica bringt sofort Farbe in Ihr Interieur. Machen Sie jede Mahlzeit zu einem Fest mit diesen sch\u00f6nen rosa Esstellern!","robots":{"index":"index","follow":"follow","max-snippet":"max-snippet:-1","max-image-preview":"max-image-preview:large","max-video-preview":"max-video-preview:-1"},"canonical":"https:\/\/unrostore.com\/de-at\/shop\/ca-atlantica\/altrosa\/rosa-essteller-mar-rosa\/","og_locale":"de_DE","og_type":"article","og_title":"Roze Dinerbord Mar Pink &#8226; UNRO","og_description":"Het Roze Dinerbord Mar Pink van C\u00aa Atlantica vrolijken direct je interieur op. Maak van elke maaltijd een feestje met deze prachtige roze dinerborden!","og_url":"https:\/\/unrostore.com\/de-at\/shop\/ca-atlantica\/altrosa\/rosa-essteller-mar-rosa\/","og_site_name":"UNRO","article_modified_time":"2026-01-19T20:37:56+00:00","og_image":[{"width":2385,"height":2560,"url":"https:\/\/unrostore.com\/wp-content\/uploads\/2022\/11\/unro-portugees-servies-ca-atlantica-mar-pink-dinner-plate-1-scaled.jpg","type":"image\/jpeg"}],"twitter_card":"summary_large_image","schema":{"@context":"https:\/\/schema.org","@graph":[{"@type":"WebPage","@id":"https:\/\/unrostore.com\/shop\/ca-atlantica\/mar-pink\/roze-dinerbord-mar-pink\/","url":"https:\/\/unrostore.com\/shop\/ca-atlantica\/mar-pink\/roze-dinerbord-mar-pink\/","name":"Rosa Essteller Mar Rosa - UNRO","isPartOf":{"@id":"https:\/\/unrostore.com\/#website"},"primaryImageOfPage":{"@id":"https:\/\/unrostore.com\/shop\/ca-atlantica\/mar-pink\/roze-dinerbord-mar-pink\/#primaryimage"},"image":{"@id":"https:\/\/unrostore.com\/shop\/ca-atlantica\/mar-pink\/roze-dinerbord-mar-pink\/#primaryimage"},"thumbnailUrl":"https:\/\/unrostore.com\/wp-content\/uploads\/2022\/11\/unro-portugees-servies-ca-atlantica-mar-pink-dinner-plate-1-scaled.jpg","datePublished":"2022-11-05T17:56:13+00:00","dateModified":"2026-01-19T20:37:56+00:00","description":"Der rosa Essteller Mar Pink von C\u00aa Atlantica bringt sofort Farbe in Ihr Interieur. Machen Sie jede Mahlzeit zu einem Fest mit diesen sch\u00f6nen rosa Esstellern!","breadcrumb":{"@id":"https:\/\/unrostore.com\/shop\/ca-atlantica\/mar-pink\/roze-dinerbord-mar-pink\/#breadcrumb"},"inLanguage":"de-AT","potentialAction":[{"@type":"ReadAction","target":["https:\/\/unrostore.com\/shop\/ca-atlantica\/mar-pink\/roze-dinerbord-mar-pink\/"]}]},{"@type":"ImageObject","inLanguage":"de-AT","@id":"https:\/\/unrostore.com\/shop\/ca-atlantica\/mar-pink\/roze-dinerbord-mar-pink\/#primaryimage","url":"https:\/\/unrostore.com\/wp-content\/uploads\/2022\/11\/unro-portugees-servies-ca-atlantica-mar-pink-dinner-plate-1-scaled.jpg","contentUrl":"https:\/\/unrostore.com\/wp-content\/uploads\/2022\/11\/unro-portugees-servies-ca-atlantica-mar-pink-dinner-plate-1-scaled.jpg","width":2385,"height":2560,"caption":"Roze Dinerbord Mar Pink UNRO Portugees Servies"},{"@type":"BreadcrumbList","@id":"https:\/\/unrostore.com\/shop\/ca-atlantica\/mar-pink\/roze-dinerbord-mar-pink\/#breadcrumb","itemListElement":[{"@type":"ListItem","position":1,"name":"Home","item":"https:\/\/unrostore.com\/"},{"@type":"ListItem","position":2,"name":"Shop","item":"https:\/\/unrostore.com\/shop\/"},{"@type":"ListItem","position":3,"name":"Roze Dinerbord Mar Pink"}]},{"@type":"WebSite","@id":"https:\/\/unrostore.com\/#website","url":"https:\/\/unrostore.com\/","name":"UNRO","description":"Portugiesisches Geschirr, das Sie gl\u00fccklich machen wird!","publisher":{"@id":"https:\/\/unrostore.com\/#organization"},"potentialAction":[{"@type":"SearchAction","target":{"@type":"EntryPoint","urlTemplate":"https:\/\/unrostore.com\/?s={search_term_string}"},"query-input":{"@type":"PropertyValueSpecification","valueRequired":true,"valueName":"search_term_string"}}],"inLanguage":"de-AT"},{"@type":"Organization","@id":"https:\/\/unrostore.com\/#organization","name":"UNRO","url":"https:\/\/unrostore.com\/","logo":{"@type":"ImageObject","inLanguage":"de-AT","@id":"https:\/\/unrostore.com\/#\/schema\/logo\/image\/","url":"https:\/\/unrostore.com\/wp-content\/uploads\/2022\/05\/Logo-UNRO.png","contentUrl":"https:\/\/unrostore.com\/wp-content\/uploads\/2022\/05\/Logo-UNRO.png","width":605,"height":179,"caption":"UNRO"},"image":{"@id":"https:\/\/unrostore.com\/#\/schema\/logo\/image\/"}}]}},"_links":{"self":[{"href":"https:\/\/unrostore.com\/de-at\/wp-json\/wp\/v2\/product\/2462","targetHints":{"allow":["GET"]}}],"collection":[{"href":"https:\/\/unrostore.com\/de-at\/wp-json\/wp\/v2\/product"}],"about":[{"href":"https:\/\/unrostore.com\/de-at\/wp-json\/wp\/v2\/types\/product"}],"wp:featuredmedia":[{"embeddable":true,"href":"https:\/\/unrostore.com\/de-at\/wp-json\/wp\/v2\/media\/2511"}],"wp:attachment":[{"href":"https:\/\/unrostore.com\/de-at\/wp-json\/wp\/v2\/media?parent=2462"}],"wp:term":[{"taxonomy":"product_brand","embeddable":true,"href":"https:\/\/unrostore.com\/de-at\/wp-json\/wp\/v2\/product_brand?post=2462"},{"taxonomy":"product_cat","embeddable":true,"href":"https:\/\/unrostore.com\/de-at\/wp-json\/wp\/v2\/product_cat?post=2462"},{"taxonomy":"product_tag","embeddable":true,"href":"https:\/\/unrostore.com\/de-at\/wp-json\/wp\/v2\/product_tag?post=2462"}],"curies":[{"name":"wp","href":"https:\/\/api.w.org\/{rel}","templated":true}]}}