{"id":2451,"date":"2022-11-04T20:44:31","date_gmt":"2022-11-04T20:44:31","guid":{"rendered":"https:\/\/unrostore.com\/?post_type=product&#038;p=2451"},"modified":"2026-01-19T20:37:56","modified_gmt":"2026-01-19T20:37:56","slug":"kuchenteller-beige-breezy-latte-2-stuck","status":"publish","type":"product","link":"https:\/\/unrostore.com\/de-at\/shop\/ca-atlantica\/luftiger-milchkaffee\/kuchenteller-beige-breezy-latte-2-stuck\/","title":{"rendered":"Kuchenteller Beige Breezy Latte - 2-teilig"},"content":{"rendered":"<h3>Modern en tijdloos: de Gebaksbordjes Beige Breezy Latte \u2013 2-delig<\/h3>\n<p>Die<strong> Kuchenteller Beige Breezy Latte - 2-tlg.<\/strong> der portugiesischen Marke <a href=\"https:\/\/www.companhiaatlantica.pt\/en\/about-us\/\">C\u00aa Atlantica<\/a> sind ideal f\u00fcr den t\u00e4glichen Gebrauch: als Salatteller, Fr\u00fchst\u00fccksteller, Tapas-Teller und Kuchenteller. Praktisch ist auch, dass die Teller backofen-, mikrowellen- und sp\u00fclmaschinenfest sind. Erleben Sie jetzt selbst den Komfort der sch\u00f6nen Boho-Chic Breezy Latte Breakfast Plates. Kombinieren Sie diese auch mit den <a href=\"https:\/\/unrostore.com\/de-at\/shop\/ca-atlantica\/luftiger-milchkaffee\/breezy-latte-essteller-2-stuck\/\">Breezy Latte Essteller<\/a> und die <a href=\"https:\/\/unrostore.com\/de-at\/shop\/ca-atlantica\/luftiger-milchkaffee\/breezy-latte-schalen-2-stuck\/\">Breezy Latte Schalen<\/a>.<\/p>\n<p>\u00a0<\/p>\n<h3>Dies ist die Anzahl der Platten, die Sie geliefert bekommen<\/h3>\n<ul>\n<li>2x Breezy Latte Fr\u00fchst\u00fccksbrettchen \u00f8 21 cm<\/li>\n<\/ul>\n<p>\u00a0<\/p>\n<p><em><strong>Duurzaam voor mens & milieu:<\/strong><br \/>\nJedes Produkt ist ein Unikat, denn es wird in Handarbeit hergestellt.<br \/>\nDruck und Textur k\u00f6nnen daher leicht vom Produktfoto abweichen.<\/em><\/p>","protected":false},"excerpt":{"rendered":"<div class=\"usps\"><i class=\"far fa-check-circle\"><\/i> Mikrowellenfest<br \/>\n<i class=\"far fa-check-circle\"><\/i> Backofenfest (bis zu 200 Grad)<br \/>\n<i class=\"far fa-check-circle\"><\/i> Sp\u00fclmaschinentauglich<br \/>\n<i class=\"far fa-thumbs-up\"><\/i> Handgefertigt<\/div>","protected":false},"featured_media":3430,"template":"","meta":[],"product_brand":[],"product_cat":[235,197,120,317,96],"product_tag":[234,129,228,216,233,141,229,244,243,112,299],"class_list":{"0":"post-2451","1":"product","2":"type-product","3":"status-publish","4":"has-post-thumbnail","6":"product_cat-borden","7":"product_cat-breezy-latte","8":"product_cat-ca-atlantica","9":"product_cat-ontbijtborden","10":"product_cat-portugees-servies","11":"product_tag-beige","12":"product_tag-borden","13":"product_tag-breezy","14":"product_tag-ca-atlantica","15":"product_tag-creme","16":"product_tag-kleine-borden","17":"product_tag-latte","18":"product_tag-ontbijt-borden","19":"product_tag-salade-borden","20":"product_tag-unro","21":"product_tag-zand","22":"product_shipping_class-pakket","24":"first","25":"instock","26":"sale","27":"taxable","28":"shipping-taxable","29":"purchasable","30":"product-type-simple"},"yoast_head":"<!-- This site is optimized with the Yoast SEO plugin v27.5 - https:\/\/yoast.com\/product\/yoast-seo-wordpress\/ -->\n<title>Gebaksbordjes Beige Breezy Latte - 2-delig &#8226; UNRO<\/title>\n<meta name=\"description\" content=\"De\u00a0Gebaksbordjes Beige Breezy Latte - 2-delig van het merk C\u00aa Atlantica zijn ideaal voor dagelijks gebruik. Exclusief in Nederland verkrijgbaar bij UNRO.\" \/>\n<meta name=\"robots\" content=\"index, follow, max-snippet:-1, max-image-preview:large, max-video-preview:-1\" \/>\n<link rel=\"canonical\" href=\"https:\/\/unrostore.com\/de-at\/shop\/ca-atlantica\/luftiger-milchkaffee\/kuchenteller-beige-breezy-latte-2-stuck\/\" \/>\n<meta property=\"og:locale\" content=\"de_DE\" \/>\n<meta property=\"og:type\" content=\"article\" \/>\n<meta property=\"og:title\" content=\"Gebaksbordjes Beige Breezy Latte - 2-delig &#8226; UNRO\" \/>\n<meta property=\"og:description\" content=\"De\u00a0Gebaksbordjes Beige Breezy Latte - 2-delig van het merk C\u00aa Atlantica zijn ideaal voor dagelijks gebruik. Exclusief in Nederland verkrijgbaar bij UNRO.\" \/>\n<meta property=\"og:url\" content=\"https:\/\/unrostore.com\/de-at\/shop\/ca-atlantica\/luftiger-milchkaffee\/kuchenteller-beige-breezy-latte-2-stuck\/\" \/>\n<meta property=\"og:site_name\" content=\"UNRO\" \/>\n<meta property=\"article:modified_time\" content=\"2026-01-19T20:37:56+00:00\" \/>\n<meta property=\"og:image\" content=\"https:\/\/unrostore.com\/wp-content\/uploads\/2022\/11\/unro-portugees-servies-breezy-latte-ontbijtborden-2-delig-ca-atlantica.jpeg\" \/>\n\t<meta property=\"og:image:width\" content=\"1000\" \/>\n\t<meta property=\"og:image:height\" content=\"1000\" \/>\n\t<meta property=\"og:image:type\" content=\"image\/jpeg\" \/>\n<meta name=\"twitter:card\" content=\"summary_large_image\" \/>\n<script type=\"application\/ld+json\" class=\"yoast-schema-graph\">{\"@context\":\"https:\\\/\\\/schema.org\",\"@graph\":[{\"@type\":\"WebPage\",\"@id\":\"https:\\\/\\\/unrostore.com\\\/shop\\\/ca-atlantica\\\/breezy-latte\\\/gebaksbordjes-beige-breezy-latte-2-delig\\\/\",\"url\":\"https:\\\/\\\/unrostore.com\\\/shop\\\/ca-atlantica\\\/breezy-latte\\\/gebaksbordjes-beige-breezy-latte-2-delig\\\/\",\"name\":\"Gebaksbordjes Beige Breezy Latte - 2-delig &#8226; UNRO\",\"isPartOf\":{\"@id\":\"https:\\\/\\\/unrostore.com\\\/#website\"},\"primaryImageOfPage\":{\"@id\":\"https:\\\/\\\/unrostore.com\\\/shop\\\/ca-atlantica\\\/breezy-latte\\\/gebaksbordjes-beige-breezy-latte-2-delig\\\/#primaryimage\"},\"image\":{\"@id\":\"https:\\\/\\\/unrostore.com\\\/shop\\\/ca-atlantica\\\/breezy-latte\\\/gebaksbordjes-beige-breezy-latte-2-delig\\\/#primaryimage\"},\"thumbnailUrl\":\"https:\\\/\\\/unrostore.com\\\/wp-content\\\/uploads\\\/2022\\\/11\\\/unro-portugees-servies-breezy-latte-ontbijtborden-2-delig-ca-atlantica.jpeg\",\"datePublished\":\"2022-11-04T20:44:31+00:00\",\"dateModified\":\"2026-01-19T20:37:56+00:00\",\"description\":\"De\u00a0Gebaksbordjes Beige Breezy Latte - 2-delig van het merk C\u00aa Atlantica zijn ideaal voor dagelijks gebruik. Exclusief in Nederland verkrijgbaar bij UNRO.\",\"breadcrumb\":{\"@id\":\"https:\\\/\\\/unrostore.com\\\/shop\\\/ca-atlantica\\\/breezy-latte\\\/gebaksbordjes-beige-breezy-latte-2-delig\\\/#breadcrumb\"},\"inLanguage\":\"de-AT\",\"potentialAction\":[{\"@type\":\"ReadAction\",\"target\":[\"https:\\\/\\\/unrostore.com\\\/shop\\\/ca-atlantica\\\/breezy-latte\\\/gebaksbordjes-beige-breezy-latte-2-delig\\\/\"]}]},{\"@type\":\"ImageObject\",\"inLanguage\":\"de-AT\",\"@id\":\"https:\\\/\\\/unrostore.com\\\/shop\\\/ca-atlantica\\\/breezy-latte\\\/gebaksbordjes-beige-breezy-latte-2-delig\\\/#primaryimage\",\"url\":\"https:\\\/\\\/unrostore.com\\\/wp-content\\\/uploads\\\/2022\\\/11\\\/unro-portugees-servies-breezy-latte-ontbijtborden-2-delig-ca-atlantica.jpeg\",\"contentUrl\":\"https:\\\/\\\/unrostore.com\\\/wp-content\\\/uploads\\\/2022\\\/11\\\/unro-portugees-servies-breezy-latte-ontbijtborden-2-delig-ca-atlantica.jpeg\",\"width\":1000,\"height\":1000,\"caption\":\"Gebaksbordjes beige Breezy Latte - 2-delig Portugees Keramiek Servies\"},{\"@type\":\"BreadcrumbList\",\"@id\":\"https:\\\/\\\/unrostore.com\\\/shop\\\/ca-atlantica\\\/breezy-latte\\\/gebaksbordjes-beige-breezy-latte-2-delig\\\/#breadcrumb\",\"itemListElement\":[{\"@type\":\"ListItem\",\"position\":1,\"name\":\"Home\",\"item\":\"https:\\\/\\\/unrostore.com\\\/\"},{\"@type\":\"ListItem\",\"position\":2,\"name\":\"Shop\",\"item\":\"https:\\\/\\\/unrostore.com\\\/shop\\\/\"},{\"@type\":\"ListItem\",\"position\":3,\"name\":\"Gebaksbordjes Beige Breezy Latte &#8211; 2-delig\"}]},{\"@type\":\"WebSite\",\"@id\":\"https:\\\/\\\/unrostore.com\\\/#website\",\"url\":\"https:\\\/\\\/unrostore.com\\\/\",\"name\":\"UNRO\",\"description\":\"Portugees servies waar je blij van wordt!\",\"publisher\":{\"@id\":\"https:\\\/\\\/unrostore.com\\\/#organization\"},\"potentialAction\":[{\"@type\":\"SearchAction\",\"target\":{\"@type\":\"EntryPoint\",\"urlTemplate\":\"https:\\\/\\\/unrostore.com\\\/?s={search_term_string}\"},\"query-input\":{\"@type\":\"PropertyValueSpecification\",\"valueRequired\":true,\"valueName\":\"search_term_string\"}}],\"inLanguage\":\"de-AT\"},{\"@type\":\"Organization\",\"@id\":\"https:\\\/\\\/unrostore.com\\\/#organization\",\"name\":\"UNRO\",\"url\":\"https:\\\/\\\/unrostore.com\\\/\",\"logo\":{\"@type\":\"ImageObject\",\"inLanguage\":\"de-AT\",\"@id\":\"https:\\\/\\\/unrostore.com\\\/#\\\/schema\\\/logo\\\/image\\\/\",\"url\":\"https:\\\/\\\/unrostore.com\\\/wp-content\\\/uploads\\\/2022\\\/05\\\/Logo-UNRO.png\",\"contentUrl\":\"https:\\\/\\\/unrostore.com\\\/wp-content\\\/uploads\\\/2022\\\/05\\\/Logo-UNRO.png\",\"width\":605,\"height\":179,\"caption\":\"UNRO\"},\"image\":{\"@id\":\"https:\\\/\\\/unrostore.com\\\/#\\\/schema\\\/logo\\\/image\\\/\"}}]}<\/script>\n<!-- \/ Yoast SEO plugin. -->","yoast_head_json":{"title":"Kuchenteller Beige Breezy Latte - 2-teilig - UNRO","description":"Geb\u00e4ckteller Beige Breezy Latte - 2-teilig von der Marke C\u00aa Atlantica sind ideal f\u00fcr den t\u00e4glichen Gebrauch. Exklusiv in den Niederlanden bei UNRO erh\u00e4ltlich.","robots":{"index":"index","follow":"follow","max-snippet":"max-snippet:-1","max-image-preview":"max-image-preview:large","max-video-preview":"max-video-preview:-1"},"canonical":"https:\/\/unrostore.com\/de-at\/shop\/ca-atlantica\/luftiger-milchkaffee\/kuchenteller-beige-breezy-latte-2-stuck\/","og_locale":"de_DE","og_type":"article","og_title":"Gebaksbordjes Beige Breezy Latte - 2-delig &#8226; UNRO","og_description":"De\u00a0Gebaksbordjes Beige Breezy Latte - 2-delig van het merk C\u00aa Atlantica zijn ideaal voor dagelijks gebruik. Exclusief in Nederland verkrijgbaar bij UNRO.","og_url":"https:\/\/unrostore.com\/de-at\/shop\/ca-atlantica\/luftiger-milchkaffee\/kuchenteller-beige-breezy-latte-2-stuck\/","og_site_name":"UNRO","article_modified_time":"2026-01-19T20:37:56+00:00","og_image":[{"width":1000,"height":1000,"url":"https:\/\/unrostore.com\/wp-content\/uploads\/2022\/11\/unro-portugees-servies-breezy-latte-ontbijtborden-2-delig-ca-atlantica.jpeg","type":"image\/jpeg"}],"twitter_card":"summary_large_image","schema":{"@context":"https:\/\/schema.org","@graph":[{"@type":"WebPage","@id":"https:\/\/unrostore.com\/shop\/ca-atlantica\/breezy-latte\/gebaksbordjes-beige-breezy-latte-2-delig\/","url":"https:\/\/unrostore.com\/shop\/ca-atlantica\/breezy-latte\/gebaksbordjes-beige-breezy-latte-2-delig\/","name":"Kuchenteller Beige Breezy Latte - 2-teilig - UNRO","isPartOf":{"@id":"https:\/\/unrostore.com\/#website"},"primaryImageOfPage":{"@id":"https:\/\/unrostore.com\/shop\/ca-atlantica\/breezy-latte\/gebaksbordjes-beige-breezy-latte-2-delig\/#primaryimage"},"image":{"@id":"https:\/\/unrostore.com\/shop\/ca-atlantica\/breezy-latte\/gebaksbordjes-beige-breezy-latte-2-delig\/#primaryimage"},"thumbnailUrl":"https:\/\/unrostore.com\/wp-content\/uploads\/2022\/11\/unro-portugees-servies-breezy-latte-ontbijtborden-2-delig-ca-atlantica.jpeg","datePublished":"2022-11-04T20:44:31+00:00","dateModified":"2026-01-19T20:37:56+00:00","description":"Geb\u00e4ckteller Beige Breezy Latte - 2-teilig von der Marke C\u00aa Atlantica sind ideal f\u00fcr den t\u00e4glichen Gebrauch. Exklusiv in den Niederlanden bei UNRO erh\u00e4ltlich.","breadcrumb":{"@id":"https:\/\/unrostore.com\/shop\/ca-atlantica\/breezy-latte\/gebaksbordjes-beige-breezy-latte-2-delig\/#breadcrumb"},"inLanguage":"de-AT","potentialAction":[{"@type":"ReadAction","target":["https:\/\/unrostore.com\/shop\/ca-atlantica\/breezy-latte\/gebaksbordjes-beige-breezy-latte-2-delig\/"]}]},{"@type":"ImageObject","inLanguage":"de-AT","@id":"https:\/\/unrostore.com\/shop\/ca-atlantica\/breezy-latte\/gebaksbordjes-beige-breezy-latte-2-delig\/#primaryimage","url":"https:\/\/unrostore.com\/wp-content\/uploads\/2022\/11\/unro-portugees-servies-breezy-latte-ontbijtborden-2-delig-ca-atlantica.jpeg","contentUrl":"https:\/\/unrostore.com\/wp-content\/uploads\/2022\/11\/unro-portugees-servies-breezy-latte-ontbijtborden-2-delig-ca-atlantica.jpeg","width":1000,"height":1000,"caption":"Gebaksbordjes beige Breezy Latte - 2-delig Portugees Keramiek Servies"},{"@type":"BreadcrumbList","@id":"https:\/\/unrostore.com\/shop\/ca-atlantica\/breezy-latte\/gebaksbordjes-beige-breezy-latte-2-delig\/#breadcrumb","itemListElement":[{"@type":"ListItem","position":1,"name":"Home","item":"https:\/\/unrostore.com\/"},{"@type":"ListItem","position":2,"name":"Shop","item":"https:\/\/unrostore.com\/shop\/"},{"@type":"ListItem","position":3,"name":"Gebaksbordjes Beige Breezy Latte &#8211; 2-delig"}]},{"@type":"WebSite","@id":"https:\/\/unrostore.com\/#website","url":"https:\/\/unrostore.com\/","name":"UNRO","description":"Portugiesisches Geschirr, das Sie gl\u00fccklich machen wird!","publisher":{"@id":"https:\/\/unrostore.com\/#organization"},"potentialAction":[{"@type":"SearchAction","target":{"@type":"EntryPoint","urlTemplate":"https:\/\/unrostore.com\/?s={search_term_string}"},"query-input":{"@type":"PropertyValueSpecification","valueRequired":true,"valueName":"search_term_string"}}],"inLanguage":"de-AT"},{"@type":"Organization","@id":"https:\/\/unrostore.com\/#organization","name":"UNRO","url":"https:\/\/unrostore.com\/","logo":{"@type":"ImageObject","inLanguage":"de-AT","@id":"https:\/\/unrostore.com\/#\/schema\/logo\/image\/","url":"https:\/\/unrostore.com\/wp-content\/uploads\/2022\/05\/Logo-UNRO.png","contentUrl":"https:\/\/unrostore.com\/wp-content\/uploads\/2022\/05\/Logo-UNRO.png","width":605,"height":179,"caption":"UNRO"},"image":{"@id":"https:\/\/unrostore.com\/#\/schema\/logo\/image\/"}}]}},"_links":{"self":[{"href":"https:\/\/unrostore.com\/de-at\/wp-json\/wp\/v2\/product\/2451","targetHints":{"allow":["GET"]}}],"collection":[{"href":"https:\/\/unrostore.com\/de-at\/wp-json\/wp\/v2\/product"}],"about":[{"href":"https:\/\/unrostore.com\/de-at\/wp-json\/wp\/v2\/types\/product"}],"wp:featuredmedia":[{"embeddable":true,"href":"https:\/\/unrostore.com\/de-at\/wp-json\/wp\/v2\/media\/3430"}],"wp:attachment":[{"href":"https:\/\/unrostore.com\/de-at\/wp-json\/wp\/v2\/media?parent=2451"}],"wp:term":[{"taxonomy":"product_brand","embeddable":true,"href":"https:\/\/unrostore.com\/de-at\/wp-json\/wp\/v2\/product_brand?post=2451"},{"taxonomy":"product_cat","embeddable":true,"href":"https:\/\/unrostore.com\/de-at\/wp-json\/wp\/v2\/product_cat?post=2451"},{"taxonomy":"product_tag","embeddable":true,"href":"https:\/\/unrostore.com\/de-at\/wp-json\/wp\/v2\/product_tag?post=2451"}],"curies":[{"name":"wp","href":"https:\/\/api.w.org\/{rel}","templated":true}]}}