{"id":2421,"date":"2022-11-03T07:20:58","date_gmt":"2022-11-03T07:20:58","guid":{"rendered":"https:\/\/unrostore.com\/?post_type=product&#038;p=2421"},"modified":"2026-01-19T20:37:56","modified_gmt":"2026-01-19T20:37:56","slug":"rosa-becher-fass-rosa","status":"publish","type":"product","link":"https:\/\/unrostore.com\/de-at\/shop\/ca-atlantica\/fass\/rosa-becher-fass-rosa\/","title":{"rendered":"Rosa Becher Barrel Pink - 1 St\u00fcck"},"content":{"rendered":"<h3>Ein rosa Traum: der Pink Mug Barrel Pink<\/h3>\n<p><span style=\"font-weight: 400;\">Wie lustig ist das <strong>Rosa Becher Barrel Pink <\/strong>durch portugiesische Marke <a href=\"https:\/\/www.companhiaatlantica.pt\/en\/about-us\/\">C\u00aa Atlantica<\/a>. Nicht nur f\u00fcr Ihren Cappuccino geeignet, sondern auch f\u00fcr eine leckere Tasse Tee, um Sie jeden Tag gl\u00fccklich zu machen. Wegen seiner sch\u00f6nen rosa Farbe und wegen seiner Bequemlichkeit: stellen Sie den Cappuccino-Becher nach Gebrauch in die Sp\u00fclmaschine oder erw\u00e4rmen Sie Ihr Getr\u00e4nk oder Ihre Suppe in der Mikrowelle. Dieser Teebecher ist n\u00e4mlich aus hochwertiger Keramik gefertigt und daher sp\u00fclmaschinen- und mikrowellenfest. Entdecken Sie auch die anderen tollen Farben dieses Modells: <a href=\"https:\/\/unrostore.com\/de-at\/shop\/ca-atlantica\/fass\/barrel-cappuccino-green-mokken-2-delig\/\">Barrel Cappuccino Gr\u00fcner Becher<\/a>\u00a0und <a href=\"https:\/\/unrostore.com\/de-at\/shop\/ca-atlantica\/fass\/barrel-cappuccino-lilac-mokken-2-delig\/\">Barrel Cappuccino Flieder Becher<\/a>.\u00a0<\/span><\/p>\n<p>&nbsp;<\/p>\n<h3>Dies ist die Anzahl der Becher, die Sie geliefert bekommen<\/h3>\n<ul>\n<li>1x Barrel Pink Cappuccino Becher (330 ml)<\/li>\n<\/ul>\n<p>&nbsp;<\/p>\n<p><em><strong>Nachhaltig f\u00fcr Mensch und Umwelt:<\/strong><br \/>\nJedes Produkt ist ein Unikat, denn es wird in Handarbeit hergestellt.<br \/>\nDruck und Textur k\u00f6nnen daher leicht vom Produktfoto abweichen.<\/em><\/p>","protected":false},"excerpt":{"rendered":"<div class=\"usps\"><i class=\"far fa-check-circle\"><\/i> Mikrowellenfest<br \/>\n<i class=\"far fa-check-circle\"><\/i> Backofenfest (bis zu 200 Grad)<br \/>\n<i class=\"far fa-check-circle\"><\/i> Sp\u00fclmaschinentauglich<br \/>\n<i class=\"far fa-thumbs-up\"><\/i> Handgefertigt<\/div>","protected":false},"featured_media":6431,"template":"","meta":[],"product_brand":[],"product_cat":[276,120,316,132],"product_tag":[213,216,280,114,130,214,215],"class_list":{"0":"post-2421","1":"product","2":"type-product","3":"status-publish","4":"has-post-thumbnail","6":"product_cat-barrel","7":"product_cat-ca-atlantica","8":"product_cat-cappuccino-mokken","9":"product_cat-kopjes-en-mokken","10":"product_tag-barrel","11":"product_tag-ca-atlantica","12":"product_tag-cappuccino","13":"product_tag-mok","14":"product_tag-mokken","15":"product_tag-pink","16":"product_tag-roze","17":"product_shipping_class-pakket","19":"first","20":"outofstock","21":"sale","22":"taxable","23":"shipping-taxable","24":"purchasable","25":"product-type-simple"},"yoast_head":"<!-- This site is optimized with the Yoast SEO plugin v27.4 - https:\/\/yoast.com\/product\/yoast-seo-wordpress\/ -->\n<title>Roze Mok Barrel Pink - 1 stuk &#8226; UNRO<\/title>\n<meta name=\"description\" content=\"Wordt nu nog vrolijker van een koffie of thee momentje voor jezelf met de Barrel Roze Mok Barrel Pink van Portugees merk C\u00aa Atlantica!\" \/>\n<meta name=\"robots\" content=\"index, follow, max-snippet:-1, max-image-preview:large, max-video-preview:-1\" \/>\n<link rel=\"canonical\" href=\"https:\/\/unrostore.com\/de-at\/shop\/ca-atlantica\/fass\/rosa-becher-fass-rosa\/\" \/>\n<meta property=\"og:locale\" content=\"de_DE\" \/>\n<meta property=\"og:type\" content=\"article\" \/>\n<meta property=\"og:title\" content=\"Roze Mok Barrel Pink - 1 stuk &#8226; UNRO\" \/>\n<meta property=\"og:description\" content=\"Wordt nu nog vrolijker van een koffie of thee momentje voor jezelf met de Barrel Roze Mok Barrel Pink van Portugees merk C\u00aa Atlantica!\" \/>\n<meta property=\"og:url\" content=\"https:\/\/unrostore.com\/de-at\/shop\/ca-atlantica\/fass\/rosa-becher-fass-rosa\/\" \/>\n<meta property=\"og:site_name\" content=\"UNRO\" \/>\n<meta property=\"article:modified_time\" content=\"2026-01-19T20:37:56+00:00\" \/>\n<meta property=\"og:image\" content=\"https:\/\/unrostore.com\/wp-content\/uploads\/2022\/11\/unro-roze-mok-portugees-servies.webp\" \/>\n\t<meta property=\"og:image:width\" content=\"1000\" \/>\n\t<meta property=\"og:image:height\" content=\"1000\" \/>\n\t<meta property=\"og:image:type\" content=\"image\/webp\" \/>\n<meta name=\"twitter:card\" content=\"summary_large_image\" \/>\n<script type=\"application\/ld+json\" class=\"yoast-schema-graph\">{\"@context\":\"https:\\\/\\\/schema.org\",\"@graph\":[{\"@type\":\"WebPage\",\"@id\":\"https:\\\/\\\/unrostore.com\\\/shop\\\/ca-atlantica\\\/barrel\\\/roze-mok-barrel-pink\\\/\",\"url\":\"https:\\\/\\\/unrostore.com\\\/shop\\\/ca-atlantica\\\/barrel\\\/roze-mok-barrel-pink\\\/\",\"name\":\"Roze Mok Barrel Pink - 1 stuk &#8226; UNRO\",\"isPartOf\":{\"@id\":\"https:\\\/\\\/unrostore.com\\\/#website\"},\"primaryImageOfPage\":{\"@id\":\"https:\\\/\\\/unrostore.com\\\/shop\\\/ca-atlantica\\\/barrel\\\/roze-mok-barrel-pink\\\/#primaryimage\"},\"image\":{\"@id\":\"https:\\\/\\\/unrostore.com\\\/shop\\\/ca-atlantica\\\/barrel\\\/roze-mok-barrel-pink\\\/#primaryimage\"},\"thumbnailUrl\":\"https:\\\/\\\/unrostore.com\\\/wp-content\\\/uploads\\\/2022\\\/11\\\/unro-roze-mok-portugees-servies.webp\",\"datePublished\":\"2022-11-03T07:20:58+00:00\",\"dateModified\":\"2026-01-19T20:37:56+00:00\",\"description\":\"Wordt nu nog vrolijker van een koffie of thee momentje voor jezelf met de Barrel Roze Mok Barrel Pink van Portugees merk C\u00aa Atlantica!\",\"breadcrumb\":{\"@id\":\"https:\\\/\\\/unrostore.com\\\/shop\\\/ca-atlantica\\\/barrel\\\/roze-mok-barrel-pink\\\/#breadcrumb\"},\"inLanguage\":\"de-AT\",\"potentialAction\":[{\"@type\":\"ReadAction\",\"target\":[\"https:\\\/\\\/unrostore.com\\\/shop\\\/ca-atlantica\\\/barrel\\\/roze-mok-barrel-pink\\\/\"]}]},{\"@type\":\"ImageObject\",\"inLanguage\":\"de-AT\",\"@id\":\"https:\\\/\\\/unrostore.com\\\/shop\\\/ca-atlantica\\\/barrel\\\/roze-mok-barrel-pink\\\/#primaryimage\",\"url\":\"https:\\\/\\\/unrostore.com\\\/wp-content\\\/uploads\\\/2022\\\/11\\\/unro-roze-mok-portugees-servies.webp\",\"contentUrl\":\"https:\\\/\\\/unrostore.com\\\/wp-content\\\/uploads\\\/2022\\\/11\\\/unro-roze-mok-portugees-servies.webp\",\"width\":1000,\"height\":1000,\"caption\":\"roze mok met oor\"},{\"@type\":\"BreadcrumbList\",\"@id\":\"https:\\\/\\\/unrostore.com\\\/shop\\\/ca-atlantica\\\/barrel\\\/roze-mok-barrel-pink\\\/#breadcrumb\",\"itemListElement\":[{\"@type\":\"ListItem\",\"position\":1,\"name\":\"Home\",\"item\":\"https:\\\/\\\/unrostore.com\\\/\"},{\"@type\":\"ListItem\",\"position\":2,\"name\":\"Shop\",\"item\":\"https:\\\/\\\/unrostore.com\\\/shop\\\/\"},{\"@type\":\"ListItem\",\"position\":3,\"name\":\"Roze Mok Barrel Pink &#8211; 1 stuk\"}]},{\"@type\":\"WebSite\",\"@id\":\"https:\\\/\\\/unrostore.com\\\/#website\",\"url\":\"https:\\\/\\\/unrostore.com\\\/\",\"name\":\"UNRO\",\"description\":\"Portugees servies waar je blij van wordt!\",\"publisher\":{\"@id\":\"https:\\\/\\\/unrostore.com\\\/#organization\"},\"potentialAction\":[{\"@type\":\"SearchAction\",\"target\":{\"@type\":\"EntryPoint\",\"urlTemplate\":\"https:\\\/\\\/unrostore.com\\\/?s={search_term_string}\"},\"query-input\":{\"@type\":\"PropertyValueSpecification\",\"valueRequired\":true,\"valueName\":\"search_term_string\"}}],\"inLanguage\":\"de-AT\"},{\"@type\":\"Organization\",\"@id\":\"https:\\\/\\\/unrostore.com\\\/#organization\",\"name\":\"UNRO\",\"url\":\"https:\\\/\\\/unrostore.com\\\/\",\"logo\":{\"@type\":\"ImageObject\",\"inLanguage\":\"de-AT\",\"@id\":\"https:\\\/\\\/unrostore.com\\\/#\\\/schema\\\/logo\\\/image\\\/\",\"url\":\"https:\\\/\\\/unrostore.com\\\/wp-content\\\/uploads\\\/2022\\\/05\\\/Logo-UNRO.png\",\"contentUrl\":\"https:\\\/\\\/unrostore.com\\\/wp-content\\\/uploads\\\/2022\\\/05\\\/Logo-UNRO.png\",\"width\":605,\"height\":179,\"caption\":\"UNRO\"},\"image\":{\"@id\":\"https:\\\/\\\/unrostore.com\\\/#\\\/schema\\\/logo\\\/image\\\/\"}}]}<\/script>\n<!-- \/ Yoast SEO plugin. -->","yoast_head_json":{"title":"Rosa Becher Barrel Pink - 1 St\u00fcck - UNRO","description":"Jetzt werden Sie noch gl\u00fccklicher mit einem Kaffee oder Tee Moment f\u00fcr sich selbst mit dem Barrel Pink Mug Barrel Pink von der portugiesischen Marke C\u00aa Atlantica!","robots":{"index":"index","follow":"follow","max-snippet":"max-snippet:-1","max-image-preview":"max-image-preview:large","max-video-preview":"max-video-preview:-1"},"canonical":"https:\/\/unrostore.com\/de-at\/shop\/ca-atlantica\/fass\/rosa-becher-fass-rosa\/","og_locale":"de_DE","og_type":"article","og_title":"Roze Mok Barrel Pink - 1 stuk &#8226; UNRO","og_description":"Wordt nu nog vrolijker van een koffie of thee momentje voor jezelf met de Barrel Roze Mok Barrel Pink van Portugees merk C\u00aa Atlantica!","og_url":"https:\/\/unrostore.com\/de-at\/shop\/ca-atlantica\/fass\/rosa-becher-fass-rosa\/","og_site_name":"UNRO","article_modified_time":"2026-01-19T20:37:56+00:00","og_image":[{"width":1000,"height":1000,"url":"https:\/\/unrostore.com\/wp-content\/uploads\/2022\/11\/unro-roze-mok-portugees-servies.webp","type":"image\/webp"}],"twitter_card":"summary_large_image","schema":{"@context":"https:\/\/schema.org","@graph":[{"@type":"WebPage","@id":"https:\/\/unrostore.com\/shop\/ca-atlantica\/barrel\/roze-mok-barrel-pink\/","url":"https:\/\/unrostore.com\/shop\/ca-atlantica\/barrel\/roze-mok-barrel-pink\/","name":"Rosa Becher Barrel Pink - 1 St\u00fcck - UNRO","isPartOf":{"@id":"https:\/\/unrostore.com\/#website"},"primaryImageOfPage":{"@id":"https:\/\/unrostore.com\/shop\/ca-atlantica\/barrel\/roze-mok-barrel-pink\/#primaryimage"},"image":{"@id":"https:\/\/unrostore.com\/shop\/ca-atlantica\/barrel\/roze-mok-barrel-pink\/#primaryimage"},"thumbnailUrl":"https:\/\/unrostore.com\/wp-content\/uploads\/2022\/11\/unro-roze-mok-portugees-servies.webp","datePublished":"2022-11-03T07:20:58+00:00","dateModified":"2026-01-19T20:37:56+00:00","description":"Jetzt werden Sie noch gl\u00fccklicher mit einem Kaffee oder Tee Moment f\u00fcr sich selbst mit dem Barrel Pink Mug Barrel Pink von der portugiesischen Marke C\u00aa Atlantica!","breadcrumb":{"@id":"https:\/\/unrostore.com\/shop\/ca-atlantica\/barrel\/roze-mok-barrel-pink\/#breadcrumb"},"inLanguage":"de-AT","potentialAction":[{"@type":"ReadAction","target":["https:\/\/unrostore.com\/shop\/ca-atlantica\/barrel\/roze-mok-barrel-pink\/"]}]},{"@type":"ImageObject","inLanguage":"de-AT","@id":"https:\/\/unrostore.com\/shop\/ca-atlantica\/barrel\/roze-mok-barrel-pink\/#primaryimage","url":"https:\/\/unrostore.com\/wp-content\/uploads\/2022\/11\/unro-roze-mok-portugees-servies.webp","contentUrl":"https:\/\/unrostore.com\/wp-content\/uploads\/2022\/11\/unro-roze-mok-portugees-servies.webp","width":1000,"height":1000,"caption":"roze mok met oor"},{"@type":"BreadcrumbList","@id":"https:\/\/unrostore.com\/shop\/ca-atlantica\/barrel\/roze-mok-barrel-pink\/#breadcrumb","itemListElement":[{"@type":"ListItem","position":1,"name":"Home","item":"https:\/\/unrostore.com\/"},{"@type":"ListItem","position":2,"name":"Shop","item":"https:\/\/unrostore.com\/shop\/"},{"@type":"ListItem","position":3,"name":"Roze Mok Barrel Pink &#8211; 1 stuk"}]},{"@type":"WebSite","@id":"https:\/\/unrostore.com\/#website","url":"https:\/\/unrostore.com\/","name":"UNRO","description":"Portugiesisches Geschirr, das Sie gl\u00fccklich machen wird!","publisher":{"@id":"https:\/\/unrostore.com\/#organization"},"potentialAction":[{"@type":"SearchAction","target":{"@type":"EntryPoint","urlTemplate":"https:\/\/unrostore.com\/?s={search_term_string}"},"query-input":{"@type":"PropertyValueSpecification","valueRequired":true,"valueName":"search_term_string"}}],"inLanguage":"de-AT"},{"@type":"Organization","@id":"https:\/\/unrostore.com\/#organization","name":"UNRO","url":"https:\/\/unrostore.com\/","logo":{"@type":"ImageObject","inLanguage":"de-AT","@id":"https:\/\/unrostore.com\/#\/schema\/logo\/image\/","url":"https:\/\/unrostore.com\/wp-content\/uploads\/2022\/05\/Logo-UNRO.png","contentUrl":"https:\/\/unrostore.com\/wp-content\/uploads\/2022\/05\/Logo-UNRO.png","width":605,"height":179,"caption":"UNRO"},"image":{"@id":"https:\/\/unrostore.com\/#\/schema\/logo\/image\/"}}]}},"_links":{"self":[{"href":"https:\/\/unrostore.com\/de-at\/wp-json\/wp\/v2\/product\/2421","targetHints":{"allow":["GET"]}}],"collection":[{"href":"https:\/\/unrostore.com\/de-at\/wp-json\/wp\/v2\/product"}],"about":[{"href":"https:\/\/unrostore.com\/de-at\/wp-json\/wp\/v2\/types\/product"}],"wp:featuredmedia":[{"embeddable":true,"href":"https:\/\/unrostore.com\/de-at\/wp-json\/wp\/v2\/media\/6431"}],"wp:attachment":[{"href":"https:\/\/unrostore.com\/de-at\/wp-json\/wp\/v2\/media?parent=2421"}],"wp:term":[{"taxonomy":"product_brand","embeddable":true,"href":"https:\/\/unrostore.com\/de-at\/wp-json\/wp\/v2\/product_brand?post=2421"},{"taxonomy":"product_cat","embeddable":true,"href":"https:\/\/unrostore.com\/de-at\/wp-json\/wp\/v2\/product_cat?post=2421"},{"taxonomy":"product_tag","embeddable":true,"href":"https:\/\/unrostore.com\/de-at\/wp-json\/wp\/v2\/product_tag?post=2421"}],"curies":[{"name":"wp","href":"https:\/\/api.w.org\/{rel}","templated":true}]}}