{"id":2248,"date":"2022-10-16T15:44:05","date_gmt":"2022-10-16T15:44:05","guid":{"rendered":"https:\/\/unrostore.com\/?post_type=product&#038;p=2248"},"modified":"2026-01-19T20:38:13","modified_gmt":"2026-01-19T20:38:13","slug":"weises-serviergeschirr-segel","status":"publish","type":"product","link":"https:\/\/unrostore.com\/de-at\/shop\/terrafina\/sail\/weises-serviergeschirr-segel\/","title":{"rendered":"Wei\u00dfes Serviergeschirr Sail - 2 Gr\u00f6\u00dfen"},"content":{"rendered":"<h3>Die einmalig sch\u00f6nen wei\u00dfen Servierschalen Sail - 2 Gr\u00f6\u00dfen<\/h3>\n<p>Diese sch\u00f6ne <strong>Wei\u00dfes Serviergeschirr Sail - 2 Gr\u00f6\u00dfen<\/strong> sind von der portugiesischen Marke <a href=\"https:\/\/www.terrafinastore.com\/en\/collections\/sail\">Terrafina<\/a> und sind aus hochwertiger Keramik handgefertigt: reines Steingut, das die Servierschalen sp\u00fclmaschinen-, mikrowellen- und backofenfest (bis 200 Grad) macht. <span style=\"font-weight: 400;\">Bei einer Dinnerparty mit Freunden oder der Familie ist es immer gut, Brot und Aufstriche zu den Getr\u00e4nken oder zum Essen zu servieren. Das macht jetzt noch mehr Spa\u00df mit den gro\u00dfen wei\u00dfen flachen Tellern aus der Geschirrkollektion Sail. Ein Tapas-Abend, ein gemeinsames Essen oder ein Teller mit frischen Nachos aus dem Ofen? Die wei\u00dfen Dekoschalen aus der Sail-Kollektion sind die L\u00f6sung. Diese wei\u00dfen Servierschalen sind auch als wei\u00dfe Obstschalen praktisch. Bereichern Sie Ihr Service-Set Sail wei\u00df und wei\u00dfe Keramikschalen zum Beispiel mit den <a href=\"https:\/\/unrostore.com\/de-at\/shop\/terrafina\/sail\/sail-serveerkom\/\">Sail Serve-Schale<\/a> und <a href=\"https:\/\/unrostore.com\/de-at\/shop\/terrafina\/sail\/sail-kommen-2-delig\/\">Segelschalen<\/a>!<\/span><\/p>\n<p>&nbsp;<\/p>\n<h3>Dies ist die Anzahl der Servierschalen, die Ihnen zur Verf\u00fcgung gestellt werden<\/h3>\n<ul>\n<li>1x Gro\u00dfe Servierplatte (42cm lang)<\/li>\n<li>1x Mittlere Servierplatte (34cm lang)<\/li>\n<li>1x Terrafina Geschenkbox<\/li>\n<\/ul>\n<p>&nbsp;<\/p>\n<p><em><strong>Nachhaltig f\u00fcr Mensch und Umwelt:<\/strong><br \/>\nJedes Produkt ist ein Unikat, denn es wird in Handarbeit hergestellt.<br \/>\nDruck und Textur k\u00f6nnen daher leicht vom Produktfoto abweichen.<\/em><\/p>","protected":false},"excerpt":{"rendered":"<div class=\"usps\"><i class=\"far fa-check-circle\"><\/i> Mikrowellenfest<br \/>\n<i class=\"far fa-check-circle\"><\/i> Backofenfest (bis zu 200 Grad)<br \/>\n<i class=\"far fa-check-circle\"><\/i> Sp\u00fclmaschinentauglich<br \/>\n<i class=\"far fa-thumbs-up\"><\/i> Handgefertigt<\/div>","protected":false},"featured_media":4010,"template":"","meta":[],"product_brand":[],"product_cat":[869,138,119,139],"product_tag":[253,601,260,124,191,252,148,149,303,123],"class_list":{"0":"post-2248","1":"product","2":"type-product","3":"status-publish","4":"has-post-thumbnail","6":"product_cat-unro-cadeautips","7":"product_cat-serveerschalen","8":"product_cat-terrafina","9":"product_cat-sail","10":"product_tag-fruitschaal","11":"product_tag-hapjesschaal","12":"product_tag-ovaal","13":"product_tag-sail","14":"product_tag-sail-serveerschaal","15":"product_tag-schaal","16":"product_tag-serveerschaal","17":"product_tag-serveerschalen","18":"product_tag-serveren","19":"product_tag-terrafina","20":"product_shipping_class-pakket","22":"first","23":"instock","24":"sale","25":"taxable","26":"shipping-taxable","27":"purchasable","28":"product-type-simple"},"yoast_head":"<!-- This site is optimized with the Yoast SEO plugin v27.4 - https:\/\/yoast.com\/product\/yoast-seo-wordpress\/ -->\n<title>Witte Serveerschalen Sail - 2-groottes &#8226; Terrafina &#8226; UNRO<\/title>\n<meta name=\"description\" content=\"Een tapas avond, shared dining moment of wil je een heerlijke frisse salade serveren? De Sail Witte Serveerschalen in 2 groottes zijn d\u00e9 oplossing!\" \/>\n<meta name=\"robots\" content=\"index, follow, max-snippet:-1, max-image-preview:large, max-video-preview:-1\" \/>\n<link rel=\"canonical\" href=\"https:\/\/unrostore.com\/de-at\/shop\/terrafina\/sail\/weises-serviergeschirr-segel\/\" \/>\n<meta property=\"og:locale\" content=\"de_DE\" \/>\n<meta property=\"og:type\" content=\"article\" \/>\n<meta property=\"og:title\" content=\"Witte Serveerschalen Sail - 2-groottes &#8226; Terrafina &#8226; UNRO\" \/>\n<meta property=\"og:description\" content=\"Een tapas avond, shared dining moment of wil je een heerlijke frisse salade serveren? De Sail Witte Serveerschalen in 2 groottes zijn d\u00e9 oplossing!\" \/>\n<meta property=\"og:url\" content=\"https:\/\/unrostore.com\/de-at\/shop\/terrafina\/sail\/weises-serviergeschirr-segel\/\" \/>\n<meta property=\"og:site_name\" content=\"UNRO\" \/>\n<meta property=\"article:modified_time\" content=\"2026-01-19T20:38:13+00:00\" \/>\n<meta property=\"og:image\" content=\"https:\/\/unrostore.com\/wp-content\/uploads\/2022\/10\/unro-portugees-servies-terrafina-sail-serveerschalen-2-groottes-1.jpg\" \/>\n\t<meta property=\"og:image:width\" content=\"2000\" \/>\n\t<meta property=\"og:image:height\" content=\"2000\" \/>\n\t<meta property=\"og:image:type\" content=\"image\/jpeg\" \/>\n<meta name=\"twitter:card\" content=\"summary_large_image\" \/>\n<script type=\"application\/ld+json\" class=\"yoast-schema-graph\">{\"@context\":\"https:\\\/\\\/schema.org\",\"@graph\":[{\"@type\":\"WebPage\",\"@id\":\"https:\\\/\\\/unrostore.com\\\/shop\\\/terrafina\\\/sail\\\/witte-serveerschalen-sail\\\/\",\"url\":\"https:\\\/\\\/unrostore.com\\\/shop\\\/terrafina\\\/sail\\\/witte-serveerschalen-sail\\\/\",\"name\":\"Witte Serveerschalen Sail - 2-groottes &#8226; Terrafina &#8226; UNRO\",\"isPartOf\":{\"@id\":\"https:\\\/\\\/unrostore.com\\\/#website\"},\"primaryImageOfPage\":{\"@id\":\"https:\\\/\\\/unrostore.com\\\/shop\\\/terrafina\\\/sail\\\/witte-serveerschalen-sail\\\/#primaryimage\"},\"image\":{\"@id\":\"https:\\\/\\\/unrostore.com\\\/shop\\\/terrafina\\\/sail\\\/witte-serveerschalen-sail\\\/#primaryimage\"},\"thumbnailUrl\":\"https:\\\/\\\/unrostore.com\\\/wp-content\\\/uploads\\\/2022\\\/10\\\/unro-portugees-servies-terrafina-sail-serveerschalen-2-groottes-1.jpg\",\"datePublished\":\"2022-10-16T15:44:05+00:00\",\"dateModified\":\"2026-01-19T20:38:13+00:00\",\"description\":\"Een tapas avond, shared dining moment of wil je een heerlijke frisse salade serveren? De Sail Witte Serveerschalen in 2 groottes zijn d\u00e9 oplossing!\",\"breadcrumb\":{\"@id\":\"https:\\\/\\\/unrostore.com\\\/shop\\\/terrafina\\\/sail\\\/witte-serveerschalen-sail\\\/#breadcrumb\"},\"inLanguage\":\"de-AT\",\"potentialAction\":[{\"@type\":\"ReadAction\",\"target\":[\"https:\\\/\\\/unrostore.com\\\/shop\\\/terrafina\\\/sail\\\/witte-serveerschalen-sail\\\/\"]}]},{\"@type\":\"ImageObject\",\"inLanguage\":\"de-AT\",\"@id\":\"https:\\\/\\\/unrostore.com\\\/shop\\\/terrafina\\\/sail\\\/witte-serveerschalen-sail\\\/#primaryimage\",\"url\":\"https:\\\/\\\/unrostore.com\\\/wp-content\\\/uploads\\\/2022\\\/10\\\/unro-portugees-servies-terrafina-sail-serveerschalen-2-groottes-1.jpg\",\"contentUrl\":\"https:\\\/\\\/unrostore.com\\\/wp-content\\\/uploads\\\/2022\\\/10\\\/unro-portugees-servies-terrafina-sail-serveerschalen-2-groottes-1.jpg\",\"width\":2000,\"height\":2000,\"caption\":\"Sail Serveerschalen - 2-groottes van Terrafina Portugees Keramiek\"},{\"@type\":\"BreadcrumbList\",\"@id\":\"https:\\\/\\\/unrostore.com\\\/shop\\\/terrafina\\\/sail\\\/witte-serveerschalen-sail\\\/#breadcrumb\",\"itemListElement\":[{\"@type\":\"ListItem\",\"position\":1,\"name\":\"Home\",\"item\":\"https:\\\/\\\/unrostore.com\\\/\"},{\"@type\":\"ListItem\",\"position\":2,\"name\":\"Shop\",\"item\":\"https:\\\/\\\/unrostore.com\\\/shop\\\/\"},{\"@type\":\"ListItem\",\"position\":3,\"name\":\"Witte Serveerschalen Sail &#8211; 2-groottes\"}]},{\"@type\":\"WebSite\",\"@id\":\"https:\\\/\\\/unrostore.com\\\/#website\",\"url\":\"https:\\\/\\\/unrostore.com\\\/\",\"name\":\"UNRO\",\"description\":\"Portugees servies waar je blij van wordt!\",\"publisher\":{\"@id\":\"https:\\\/\\\/unrostore.com\\\/#organization\"},\"potentialAction\":[{\"@type\":\"SearchAction\",\"target\":{\"@type\":\"EntryPoint\",\"urlTemplate\":\"https:\\\/\\\/unrostore.com\\\/?s={search_term_string}\"},\"query-input\":{\"@type\":\"PropertyValueSpecification\",\"valueRequired\":true,\"valueName\":\"search_term_string\"}}],\"inLanguage\":\"de-AT\"},{\"@type\":\"Organization\",\"@id\":\"https:\\\/\\\/unrostore.com\\\/#organization\",\"name\":\"UNRO\",\"url\":\"https:\\\/\\\/unrostore.com\\\/\",\"logo\":{\"@type\":\"ImageObject\",\"inLanguage\":\"de-AT\",\"@id\":\"https:\\\/\\\/unrostore.com\\\/#\\\/schema\\\/logo\\\/image\\\/\",\"url\":\"https:\\\/\\\/unrostore.com\\\/wp-content\\\/uploads\\\/2022\\\/05\\\/Logo-UNRO.png\",\"contentUrl\":\"https:\\\/\\\/unrostore.com\\\/wp-content\\\/uploads\\\/2022\\\/05\\\/Logo-UNRO.png\",\"width\":605,\"height\":179,\"caption\":\"UNRO\"},\"image\":{\"@id\":\"https:\\\/\\\/unrostore.com\\\/#\\\/schema\\\/logo\\\/image\\\/\"}}]}<\/script>\n<!-- \/ Yoast SEO plugin. -->","yoast_head_json":{"title":"Wei\u00dfes Serviergeschirr Segel - 2-Gr\u00f6\u00dfe - Terrafina - UNRO","description":"Ein Tapas-Abend, ein gemeinsames Essen oder wollen Sie einen k\u00f6stlichen frischen Salat servieren? Die Sail White Servierschalen in 2 Gr\u00f6\u00dfen sind die L\u00f6sung!","robots":{"index":"index","follow":"follow","max-snippet":"max-snippet:-1","max-image-preview":"max-image-preview:large","max-video-preview":"max-video-preview:-1"},"canonical":"https:\/\/unrostore.com\/de-at\/shop\/terrafina\/sail\/weises-serviergeschirr-segel\/","og_locale":"de_DE","og_type":"article","og_title":"Witte Serveerschalen Sail - 2-groottes &#8226; Terrafina &#8226; UNRO","og_description":"Een tapas avond, shared dining moment of wil je een heerlijke frisse salade serveren? De Sail Witte Serveerschalen in 2 groottes zijn d\u00e9 oplossing!","og_url":"https:\/\/unrostore.com\/de-at\/shop\/terrafina\/sail\/weises-serviergeschirr-segel\/","og_site_name":"UNRO","article_modified_time":"2026-01-19T20:38:13+00:00","og_image":[{"width":2000,"height":2000,"url":"https:\/\/unrostore.com\/wp-content\/uploads\/2022\/10\/unro-portugees-servies-terrafina-sail-serveerschalen-2-groottes-1.jpg","type":"image\/jpeg"}],"twitter_card":"summary_large_image","schema":{"@context":"https:\/\/schema.org","@graph":[{"@type":"WebPage","@id":"https:\/\/unrostore.com\/shop\/terrafina\/sail\/witte-serveerschalen-sail\/","url":"https:\/\/unrostore.com\/shop\/terrafina\/sail\/witte-serveerschalen-sail\/","name":"Wei\u00dfes Serviergeschirr Segel - 2-Gr\u00f6\u00dfe - Terrafina - UNRO","isPartOf":{"@id":"https:\/\/unrostore.com\/#website"},"primaryImageOfPage":{"@id":"https:\/\/unrostore.com\/shop\/terrafina\/sail\/witte-serveerschalen-sail\/#primaryimage"},"image":{"@id":"https:\/\/unrostore.com\/shop\/terrafina\/sail\/witte-serveerschalen-sail\/#primaryimage"},"thumbnailUrl":"https:\/\/unrostore.com\/wp-content\/uploads\/2022\/10\/unro-portugees-servies-terrafina-sail-serveerschalen-2-groottes-1.jpg","datePublished":"2022-10-16T15:44:05+00:00","dateModified":"2026-01-19T20:38:13+00:00","description":"Ein Tapas-Abend, ein gemeinsames Essen oder wollen Sie einen k\u00f6stlichen frischen Salat servieren? Die Sail White Servierschalen in 2 Gr\u00f6\u00dfen sind die L\u00f6sung!","breadcrumb":{"@id":"https:\/\/unrostore.com\/shop\/terrafina\/sail\/witte-serveerschalen-sail\/#breadcrumb"},"inLanguage":"de-AT","potentialAction":[{"@type":"ReadAction","target":["https:\/\/unrostore.com\/shop\/terrafina\/sail\/witte-serveerschalen-sail\/"]}]},{"@type":"ImageObject","inLanguage":"de-AT","@id":"https:\/\/unrostore.com\/shop\/terrafina\/sail\/witte-serveerschalen-sail\/#primaryimage","url":"https:\/\/unrostore.com\/wp-content\/uploads\/2022\/10\/unro-portugees-servies-terrafina-sail-serveerschalen-2-groottes-1.jpg","contentUrl":"https:\/\/unrostore.com\/wp-content\/uploads\/2022\/10\/unro-portugees-servies-terrafina-sail-serveerschalen-2-groottes-1.jpg","width":2000,"height":2000,"caption":"Sail Serveerschalen - 2-groottes van Terrafina Portugees Keramiek"},{"@type":"BreadcrumbList","@id":"https:\/\/unrostore.com\/shop\/terrafina\/sail\/witte-serveerschalen-sail\/#breadcrumb","itemListElement":[{"@type":"ListItem","position":1,"name":"Home","item":"https:\/\/unrostore.com\/"},{"@type":"ListItem","position":2,"name":"Shop","item":"https:\/\/unrostore.com\/shop\/"},{"@type":"ListItem","position":3,"name":"Witte Serveerschalen Sail &#8211; 2-groottes"}]},{"@type":"WebSite","@id":"https:\/\/unrostore.com\/#website","url":"https:\/\/unrostore.com\/","name":"UNRO","description":"Portugiesisches Geschirr, das Sie gl\u00fccklich machen wird!","publisher":{"@id":"https:\/\/unrostore.com\/#organization"},"potentialAction":[{"@type":"SearchAction","target":{"@type":"EntryPoint","urlTemplate":"https:\/\/unrostore.com\/?s={search_term_string}"},"query-input":{"@type":"PropertyValueSpecification","valueRequired":true,"valueName":"search_term_string"}}],"inLanguage":"de-AT"},{"@type":"Organization","@id":"https:\/\/unrostore.com\/#organization","name":"UNRO","url":"https:\/\/unrostore.com\/","logo":{"@type":"ImageObject","inLanguage":"de-AT","@id":"https:\/\/unrostore.com\/#\/schema\/logo\/image\/","url":"https:\/\/unrostore.com\/wp-content\/uploads\/2022\/05\/Logo-UNRO.png","contentUrl":"https:\/\/unrostore.com\/wp-content\/uploads\/2022\/05\/Logo-UNRO.png","width":605,"height":179,"caption":"UNRO"},"image":{"@id":"https:\/\/unrostore.com\/#\/schema\/logo\/image\/"}}]}},"_links":{"self":[{"href":"https:\/\/unrostore.com\/de-at\/wp-json\/wp\/v2\/product\/2248","targetHints":{"allow":["GET"]}}],"collection":[{"href":"https:\/\/unrostore.com\/de-at\/wp-json\/wp\/v2\/product"}],"about":[{"href":"https:\/\/unrostore.com\/de-at\/wp-json\/wp\/v2\/types\/product"}],"wp:featuredmedia":[{"embeddable":true,"href":"https:\/\/unrostore.com\/de-at\/wp-json\/wp\/v2\/media\/4010"}],"wp:attachment":[{"href":"https:\/\/unrostore.com\/de-at\/wp-json\/wp\/v2\/media?parent=2248"}],"wp:term":[{"taxonomy":"product_brand","embeddable":true,"href":"https:\/\/unrostore.com\/de-at\/wp-json\/wp\/v2\/product_brand?post=2248"},{"taxonomy":"product_cat","embeddable":true,"href":"https:\/\/unrostore.com\/de-at\/wp-json\/wp\/v2\/product_cat?post=2248"},{"taxonomy":"product_tag","embeddable":true,"href":"https:\/\/unrostore.com\/de-at\/wp-json\/wp\/v2\/product_tag?post=2248"}],"curies":[{"name":"wp","href":"https:\/\/api.w.org\/{rel}","templated":true}]}}