{"id":2236,"date":"2022-10-16T15:26:42","date_gmt":"2022-10-16T15:26:42","guid":{"rendered":"https:\/\/unrostore.com\/?post_type=product&#038;p=2236"},"modified":"2026-03-04T07:36:46","modified_gmt":"2026-03-04T07:36:46","slug":"braune-obstschale-kaffee","status":"publish","type":"product","link":"https:\/\/unrostore.com\/de-at\/shop\/terrafina\/kaffee\/braune-obstschale-kaffee\/","title":{"rendered":"Braune Obstschale Coffee"},"content":{"rendered":"<h3>Eine sch\u00f6ne Obstschale aus der einzigartigen Coffee brown Geschirrkollektion<\/h3>\n<p>Die <strong>Braune Obstschale Coffee<\/strong> durch portugiesische Marke <a href=\"https:\/\/www.terrafinastore.com\/en\/collections\/coffee\">Terrafina<\/a> besteht aus hochwertiger Keramik und ist handgefertigt, so dass jedes St\u00fcck ein Unikat ist. <span style=\"font-weight: 400;\">Schaffen Sie Harmonie auf dem Tisch in Kombination mit dem braunen Geschirrset oder verwenden Sie es zur Dekoration in der K\u00fcche, im Esszimmer oder auf Ihrer K\u00fccheninsel. Die Keramikschale eignet sich auch hervorragend als Salatsch\u00fcssel und bildet einen sch\u00f6nen Kontrast zu den Farben Ihres Salats. Kombinieren Sie die Obstschale Coffee z.B. mit der <a href=\"https:\/\/unrostore.com\/de-at\/shop\/terrafina\/kaffee\/coffee-serveerschalen-2-groottes\/\">Coffee Serviergeschirr<\/a> ob die <a href=\"https:\/\/unrostore.com\/de-at\/shop\/terrafina\/kaffee\/coffee-dinerborden-4-delig\/\">Coffee Speiseteller<\/a>.\u00a0<\/span><\/p>\n<p>&nbsp;<\/p>\n<h3>Dies ist die Nummer, die Sie zugestellt bekommen<\/h3>\n<ul>\n<li>1x Kaffee Fruchtschale \u00f8 26cm<\/li>\n<li>1x Terrafina Geschenkbox<\/li>\n<\/ul>\n<p>&nbsp;<\/p>\n<p><em><strong>Nachhaltig f\u00fcr Mensch und Umwelt:<\/strong><br \/>\nJedes Produkt ist ein Unikat, denn es wird in Handarbeit hergestellt.<br \/>\nDruck und Textur k\u00f6nnen daher leicht vom Produktfoto abweichen.<\/em><\/p>","protected":false},"excerpt":{"rendered":"<div class=\"usps\"><i class=\"far fa-check-circle\"><\/i> Mikrowellenfest<br \/>\n<i class=\"far fa-check-circle\"><\/i> Backofenfest (bis zu 200 Grad)<br \/>\n<i class=\"far fa-check-circle\"><\/i> Sp\u00fclmaschinentauglich<br \/>\n<i class=\"far fa-thumbs-up\"><\/i> Handgefertigt<\/div>","protected":false},"featured_media":6175,"template":"","meta":[],"product_brand":[],"product_cat":[178,273,657,135,138,119],"product_tag":[606,295,179,184,253,607,137,605,143,148,629,123],"class_list":{"0":"post-2236","1":"product","2":"type-product","3":"status-publish","4":"has-post-thumbnail","6":"product_cat-coffee","7":"product_cat-decoratie","8":"product_cat-fruitschalen-en-saladeschalen","9":"product_cat-kommen","10":"product_cat-serveerschalen","11":"product_cat-terrafina","12":"product_tag-brood-schaal","13":"product_tag-bruin","14":"product_tag-coffee","15":"product_tag-coffee-serveerkom","16":"product_tag-fruitschaal","17":"product_tag-groente-kom","18":"product_tag-kom","19":"product_tag-saladekom","20":"product_tag-serveerkom","21":"product_tag-serveerschaal","22":"product_tag-slakom","23":"product_tag-terrafina","24":"product_shipping_class-pakket","26":"first","27":"outofstock","28":"sale","29":"taxable","30":"shipping-taxable","31":"purchasable","32":"product-type-simple"},"yoast_head":"<!-- This site is optimized with the Yoast SEO plugin v27.4 - https:\/\/yoast.com\/product\/yoast-seo-wordpress\/ -->\n<title>Bruine Fruitschaal Coffee &#8226; UNRO<\/title>\n<meta name=\"description\" content=\"Cre\u00eber harmonie op tafel met de bruine Fruitschaal Coffee of gebruik deze ter decoratie en maak jouw Coffee Serviesset nu compleet, exclusief bij UNRO!\" \/>\n<meta name=\"robots\" content=\"index, follow, max-snippet:-1, max-image-preview:large, max-video-preview:-1\" \/>\n<link rel=\"canonical\" href=\"https:\/\/unrostore.com\/de-at\/shop\/terrafina\/kaffee\/braune-obstschale-kaffee\/\" \/>\n<meta property=\"og:locale\" content=\"de_DE\" \/>\n<meta property=\"og:type\" content=\"article\" \/>\n<meta property=\"og:title\" content=\"Bruine Fruitschaal Coffee &#8226; UNRO\" \/>\n<meta property=\"og:description\" content=\"Cre\u00eber harmonie op tafel met de bruine Fruitschaal Coffee of gebruik deze ter decoratie en maak jouw Coffee Serviesset nu compleet, exclusief bij UNRO!\" \/>\n<meta property=\"og:url\" content=\"https:\/\/unrostore.com\/de-at\/shop\/terrafina\/kaffee\/braune-obstschale-kaffee\/\" \/>\n<meta property=\"og:site_name\" content=\"UNRO\" \/>\n<meta property=\"article:modified_time\" content=\"2026-03-04T07:36:46+00:00\" \/>\n<meta property=\"og:image\" content=\"https:\/\/unrostore.com\/wp-content\/uploads\/2022\/10\/unro-portugees-servies-serveerschaal-bruin.webp\" \/>\n\t<meta property=\"og:image:width\" content=\"1000\" \/>\n\t<meta property=\"og:image:height\" content=\"1000\" \/>\n\t<meta property=\"og:image:type\" content=\"image\/webp\" \/>\n<meta name=\"twitter:card\" content=\"summary_large_image\" \/>\n<script type=\"application\/ld+json\" class=\"yoast-schema-graph\">{\"@context\":\"https:\\\/\\\/schema.org\",\"@graph\":[{\"@type\":\"WebPage\",\"@id\":\"https:\\\/\\\/unrostore.com\\\/shop\\\/terrafina\\\/coffee\\\/bruine-fruitschaal-coffee\\\/\",\"url\":\"https:\\\/\\\/unrostore.com\\\/shop\\\/terrafina\\\/coffee\\\/bruine-fruitschaal-coffee\\\/\",\"name\":\"Bruine Fruitschaal Coffee &#8226; UNRO\",\"isPartOf\":{\"@id\":\"https:\\\/\\\/unrostore.com\\\/#website\"},\"primaryImageOfPage\":{\"@id\":\"https:\\\/\\\/unrostore.com\\\/shop\\\/terrafina\\\/coffee\\\/bruine-fruitschaal-coffee\\\/#primaryimage\"},\"image\":{\"@id\":\"https:\\\/\\\/unrostore.com\\\/shop\\\/terrafina\\\/coffee\\\/bruine-fruitschaal-coffee\\\/#primaryimage\"},\"thumbnailUrl\":\"https:\\\/\\\/unrostore.com\\\/wp-content\\\/uploads\\\/2022\\\/10\\\/unro-portugees-servies-serveerschaal-bruin.webp\",\"datePublished\":\"2022-10-16T15:26:42+00:00\",\"dateModified\":\"2026-03-04T07:36:46+00:00\",\"description\":\"Cre\u00eber harmonie op tafel met de bruine Fruitschaal Coffee of gebruik deze ter decoratie en maak jouw Coffee Serviesset nu compleet, exclusief bij UNRO!\",\"breadcrumb\":{\"@id\":\"https:\\\/\\\/unrostore.com\\\/shop\\\/terrafina\\\/coffee\\\/bruine-fruitschaal-coffee\\\/#breadcrumb\"},\"inLanguage\":\"de-AT\",\"potentialAction\":[{\"@type\":\"ReadAction\",\"target\":[\"https:\\\/\\\/unrostore.com\\\/shop\\\/terrafina\\\/coffee\\\/bruine-fruitschaal-coffee\\\/\"]}]},{\"@type\":\"ImageObject\",\"inLanguage\":\"de-AT\",\"@id\":\"https:\\\/\\\/unrostore.com\\\/shop\\\/terrafina\\\/coffee\\\/bruine-fruitschaal-coffee\\\/#primaryimage\",\"url\":\"https:\\\/\\\/unrostore.com\\\/wp-content\\\/uploads\\\/2022\\\/10\\\/unro-portugees-servies-serveerschaal-bruin.webp\",\"contentUrl\":\"https:\\\/\\\/unrostore.com\\\/wp-content\\\/uploads\\\/2022\\\/10\\\/unro-portugees-servies-serveerschaal-bruin.webp\",\"width\":1000,\"height\":1000},{\"@type\":\"BreadcrumbList\",\"@id\":\"https:\\\/\\\/unrostore.com\\\/shop\\\/terrafina\\\/coffee\\\/bruine-fruitschaal-coffee\\\/#breadcrumb\",\"itemListElement\":[{\"@type\":\"ListItem\",\"position\":1,\"name\":\"Home\",\"item\":\"https:\\\/\\\/unrostore.com\\\/\"},{\"@type\":\"ListItem\",\"position\":2,\"name\":\"Shop\",\"item\":\"https:\\\/\\\/unrostore.com\\\/shop\\\/\"},{\"@type\":\"ListItem\",\"position\":3,\"name\":\"Bruine Fruitschaal Coffee\"}]},{\"@type\":\"WebSite\",\"@id\":\"https:\\\/\\\/unrostore.com\\\/#website\",\"url\":\"https:\\\/\\\/unrostore.com\\\/\",\"name\":\"UNRO\",\"description\":\"Portugees servies waar je blij van wordt!\",\"publisher\":{\"@id\":\"https:\\\/\\\/unrostore.com\\\/#organization\"},\"potentialAction\":[{\"@type\":\"SearchAction\",\"target\":{\"@type\":\"EntryPoint\",\"urlTemplate\":\"https:\\\/\\\/unrostore.com\\\/?s={search_term_string}\"},\"query-input\":{\"@type\":\"PropertyValueSpecification\",\"valueRequired\":true,\"valueName\":\"search_term_string\"}}],\"inLanguage\":\"de-AT\"},{\"@type\":\"Organization\",\"@id\":\"https:\\\/\\\/unrostore.com\\\/#organization\",\"name\":\"UNRO\",\"url\":\"https:\\\/\\\/unrostore.com\\\/\",\"logo\":{\"@type\":\"ImageObject\",\"inLanguage\":\"de-AT\",\"@id\":\"https:\\\/\\\/unrostore.com\\\/#\\\/schema\\\/logo\\\/image\\\/\",\"url\":\"https:\\\/\\\/unrostore.com\\\/wp-content\\\/uploads\\\/2022\\\/05\\\/Logo-UNRO.png\",\"contentUrl\":\"https:\\\/\\\/unrostore.com\\\/wp-content\\\/uploads\\\/2022\\\/05\\\/Logo-UNRO.png\",\"width\":605,\"height\":179,\"caption\":\"UNRO\"},\"image\":{\"@id\":\"https:\\\/\\\/unrostore.com\\\/#\\\/schema\\\/logo\\\/image\\\/\"}}]}<\/script>\n<!-- \/ Yoast SEO plugin. -->","yoast_head_json":{"title":"Braune Obstschale Kaffee - UNRO","description":"Schaffen Sie Harmonie auf dem Tisch mit der braunen Fruit Bowl Coffee oder verwenden Sie sie zur Dekoration und vervollst\u00e4ndigen Sie jetzt Ihr Kaffeegeschirr, exklusiv bei UNRO!","robots":{"index":"index","follow":"follow","max-snippet":"max-snippet:-1","max-image-preview":"max-image-preview:large","max-video-preview":"max-video-preview:-1"},"canonical":"https:\/\/unrostore.com\/de-at\/shop\/terrafina\/kaffee\/braune-obstschale-kaffee\/","og_locale":"de_DE","og_type":"article","og_title":"Bruine Fruitschaal Coffee &#8226; UNRO","og_description":"Cre\u00eber harmonie op tafel met de bruine Fruitschaal Coffee of gebruik deze ter decoratie en maak jouw Coffee Serviesset nu compleet, exclusief bij UNRO!","og_url":"https:\/\/unrostore.com\/de-at\/shop\/terrafina\/kaffee\/braune-obstschale-kaffee\/","og_site_name":"UNRO","article_modified_time":"2026-03-04T07:36:46+00:00","og_image":[{"width":1000,"height":1000,"url":"https:\/\/unrostore.com\/wp-content\/uploads\/2022\/10\/unro-portugees-servies-serveerschaal-bruin.webp","type":"image\/webp"}],"twitter_card":"summary_large_image","schema":{"@context":"https:\/\/schema.org","@graph":[{"@type":"WebPage","@id":"https:\/\/unrostore.com\/shop\/terrafina\/coffee\/bruine-fruitschaal-coffee\/","url":"https:\/\/unrostore.com\/shop\/terrafina\/coffee\/bruine-fruitschaal-coffee\/","name":"Braune Obstschale Kaffee - UNRO","isPartOf":{"@id":"https:\/\/unrostore.com\/#website"},"primaryImageOfPage":{"@id":"https:\/\/unrostore.com\/shop\/terrafina\/coffee\/bruine-fruitschaal-coffee\/#primaryimage"},"image":{"@id":"https:\/\/unrostore.com\/shop\/terrafina\/coffee\/bruine-fruitschaal-coffee\/#primaryimage"},"thumbnailUrl":"https:\/\/unrostore.com\/wp-content\/uploads\/2022\/10\/unro-portugees-servies-serveerschaal-bruin.webp","datePublished":"2022-10-16T15:26:42+00:00","dateModified":"2026-03-04T07:36:46+00:00","description":"Schaffen Sie Harmonie auf dem Tisch mit der braunen Fruit Bowl Coffee oder verwenden Sie sie zur Dekoration und vervollst\u00e4ndigen Sie jetzt Ihr Kaffeegeschirr, exklusiv bei UNRO!","breadcrumb":{"@id":"https:\/\/unrostore.com\/shop\/terrafina\/coffee\/bruine-fruitschaal-coffee\/#breadcrumb"},"inLanguage":"de-AT","potentialAction":[{"@type":"ReadAction","target":["https:\/\/unrostore.com\/shop\/terrafina\/coffee\/bruine-fruitschaal-coffee\/"]}]},{"@type":"ImageObject","inLanguage":"de-AT","@id":"https:\/\/unrostore.com\/shop\/terrafina\/coffee\/bruine-fruitschaal-coffee\/#primaryimage","url":"https:\/\/unrostore.com\/wp-content\/uploads\/2022\/10\/unro-portugees-servies-serveerschaal-bruin.webp","contentUrl":"https:\/\/unrostore.com\/wp-content\/uploads\/2022\/10\/unro-portugees-servies-serveerschaal-bruin.webp","width":1000,"height":1000},{"@type":"BreadcrumbList","@id":"https:\/\/unrostore.com\/shop\/terrafina\/coffee\/bruine-fruitschaal-coffee\/#breadcrumb","itemListElement":[{"@type":"ListItem","position":1,"name":"Home","item":"https:\/\/unrostore.com\/"},{"@type":"ListItem","position":2,"name":"Shop","item":"https:\/\/unrostore.com\/shop\/"},{"@type":"ListItem","position":3,"name":"Bruine Fruitschaal Coffee"}]},{"@type":"WebSite","@id":"https:\/\/unrostore.com\/#website","url":"https:\/\/unrostore.com\/","name":"UNRO","description":"Portugiesisches Geschirr, das Sie gl\u00fccklich machen wird!","publisher":{"@id":"https:\/\/unrostore.com\/#organization"},"potentialAction":[{"@type":"SearchAction","target":{"@type":"EntryPoint","urlTemplate":"https:\/\/unrostore.com\/?s={search_term_string}"},"query-input":{"@type":"PropertyValueSpecification","valueRequired":true,"valueName":"search_term_string"}}],"inLanguage":"de-AT"},{"@type":"Organization","@id":"https:\/\/unrostore.com\/#organization","name":"UNRO","url":"https:\/\/unrostore.com\/","logo":{"@type":"ImageObject","inLanguage":"de-AT","@id":"https:\/\/unrostore.com\/#\/schema\/logo\/image\/","url":"https:\/\/unrostore.com\/wp-content\/uploads\/2022\/05\/Logo-UNRO.png","contentUrl":"https:\/\/unrostore.com\/wp-content\/uploads\/2022\/05\/Logo-UNRO.png","width":605,"height":179,"caption":"UNRO"},"image":{"@id":"https:\/\/unrostore.com\/#\/schema\/logo\/image\/"}}]}},"_links":{"self":[{"href":"https:\/\/unrostore.com\/de-at\/wp-json\/wp\/v2\/product\/2236","targetHints":{"allow":["GET"]}}],"collection":[{"href":"https:\/\/unrostore.com\/de-at\/wp-json\/wp\/v2\/product"}],"about":[{"href":"https:\/\/unrostore.com\/de-at\/wp-json\/wp\/v2\/types\/product"}],"wp:featuredmedia":[{"embeddable":true,"href":"https:\/\/unrostore.com\/de-at\/wp-json\/wp\/v2\/media\/6175"}],"wp:attachment":[{"href":"https:\/\/unrostore.com\/de-at\/wp-json\/wp\/v2\/media?parent=2236"}],"wp:term":[{"taxonomy":"product_brand","embeddable":true,"href":"https:\/\/unrostore.com\/de-at\/wp-json\/wp\/v2\/product_brand?post=2236"},{"taxonomy":"product_cat","embeddable":true,"href":"https:\/\/unrostore.com\/de-at\/wp-json\/wp\/v2\/product_cat?post=2236"},{"taxonomy":"product_tag","embeddable":true,"href":"https:\/\/unrostore.com\/de-at\/wp-json\/wp\/v2\/product_tag?post=2236"}],"curies":[{"name":"wp","href":"https:\/\/api.w.org\/{rel}","templated":true}]}}