{"id":2232,"date":"2022-10-16T15:21:03","date_gmt":"2022-10-16T15:21:03","guid":{"rendered":"https:\/\/unrostore.com\/?post_type=product&#038;p=2232"},"modified":"2026-01-19T20:38:14","modified_gmt":"2026-01-19T20:38:14","slug":"braune-espresso-kaffeetassen-2-stuck","status":"publish","type":"product","link":"https:\/\/unrostore.com\/de-at\/shop\/terrafina\/kaffee\/braune-espresso-kaffeetassen-2-stuck\/","title":{"rendered":"Braune Espressotassen 100 ml Kaffee - 2-tlg."},"content":{"rendered":"<h3>Erleben Sie den idealen Espresso mit den braunen Espressotassen Coffee - 2-teilig<\/h3>\n<p>Die <strong>braune Espressotassen Coffee - 2-teilig<\/strong>\u00a0 durch portugiesische Marke <a href=\"https:\/\/www.terrafinastore.com\/en\/collections\/coffee\">Terrafina<\/a> sind perfekt f\u00fcr den Espresso zu Ihrer Kaffeezeit! Die Espressotassen sind aus hochwertiger Keramik handgefertigt, wodurch jede Tasse ein Unikat ist.<span style=\"font-weight: 400;\"> Ihr Espresso wird jetzt eins mit der Tasse in den Espressotassen aus der Kollektion Kaffeegeschirr. Ein kleines Kraftpaket, das Ihnen den Tag vers\u00fc\u00dft. Erleben Sie es jetzt selbst oder verschenken Sie dieses Set aus 2 Espressotassen. Vervollst\u00e4ndigen Sie Ihr Fr\u00fchst\u00fcck, Mittag- oder Abendessen mit der <a href=\"https:\/\/unrostore.com\/de-at\/shop\/terrafina\/kaffee\/coffee-ontbijtborden-4-delig\/\">Coffee Fr\u00fchst\u00fccksteller<\/a>, <a href=\"https:\/\/unrostore.com\/de-at\/shop\/terrafina\/kaffee\/coffee-dinerborden-4-delig\/\">Coffee Speiseteller<\/a> und <a href=\"https:\/\/unrostore.com\/de-at\/shop\/terrafina\/kaffee\/coffee-kommen-2-delig\/\">Coffee Schalen<\/a>.<\/span><\/p>\n<p>&nbsp;<\/p>\n<h3>Das ist die Anzahl der Tassen, die Sie geliefert bekommen<\/h3>\n<ul>\n<li>4x Coffee Espressotassen (100 ml trinkbares Volumen)<\/li>\n<li>1x Terrafina Geschenkbox<\/li>\n<\/ul>\n<p>&nbsp;<\/p>\n<p><em><strong>Nachhaltig f\u00fcr Mensch und Umwelt:<\/strong><br \/>\nJedes Produkt ist ein Unikat, denn es wird in Handarbeit hergestellt.<br \/>\nDruck und Textur k\u00f6nnen daher leicht vom Produktfoto abweichen.<\/em><\/p>","protected":false},"excerpt":{"rendered":"<div class=\"usps\"><i class=\"far fa-check-circle\"><\/i> Mikrowellenfest<br \/>\n<i class=\"far fa-check-circle\"><\/i> Backofenfest (bis zu 200 Grad)<br \/>\n<i class=\"far fa-check-circle\"><\/i> Sp\u00fclmaschinentauglich<br \/>\n<i class=\"far fa-thumbs-up\"><\/i> Handgefertigt<\/div>","protected":false},"featured_media":6176,"template":"","meta":[],"product_brand":[],"product_cat":[178,307,132,119],"product_tag":[179,180,301,193,134,142,302,123],"class_list":{"0":"post-2232","1":"product","2":"type-product","3":"status-publish","4":"has-post-thumbnail","6":"product_cat-coffee","7":"product_cat-espresso-kopjes","8":"product_cat-kopjes-en-mokken","9":"product_cat-terrafina","10":"product_tag-coffee","11":"product_tag-coffee-mokken","12":"product_tag-espresso","13":"product_tag-espresso-kopjes","14":"product_tag-kleine-mok","15":"product_tag-kleine-mokken","16":"product_tag-kopjes","17":"product_tag-terrafina","18":"product_shipping_class-pakket","20":"first","21":"instock","22":"sale","23":"taxable","24":"shipping-taxable","25":"purchasable","26":"product-type-simple"},"yoast_head":"<!-- This site is optimized with the Yoast SEO plugin v27.4 - https:\/\/yoast.com\/product\/yoast-seo-wordpress\/ -->\n<title>Bruine Espresso Kopjes 100 ml Coffee - 2-delig &#8226; UNRO<\/title>\n<meta name=\"description\" content=\"De Bruine Espresso Kopjes Coffee - 2-delig zijn echte kleine krachtpatsers om jouw dag een boost te geven, ervaar nu zelf de kracht van deze bruine kopjes!\" \/>\n<meta name=\"robots\" content=\"index, follow, max-snippet:-1, max-image-preview:large, max-video-preview:-1\" \/>\n<link rel=\"canonical\" href=\"https:\/\/unrostore.com\/de-at\/shop\/terrafina\/kaffee\/braune-espresso-kaffeetassen-2-stuck\/\" \/>\n<meta property=\"og:locale\" content=\"de_DE\" \/>\n<meta property=\"og:type\" content=\"article\" \/>\n<meta property=\"og:title\" content=\"Bruine Espresso Kopjes 100 ml Coffee - 2-delig &#8226; UNRO\" \/>\n<meta property=\"og:description\" content=\"De Bruine Espresso Kopjes Coffee - 2-delig zijn echte kleine krachtpatsers om jouw dag een boost te geven, ervaar nu zelf de kracht van deze bruine kopjes!\" \/>\n<meta property=\"og:url\" content=\"https:\/\/unrostore.com\/de-at\/shop\/terrafina\/kaffee\/braune-espresso-kaffeetassen-2-stuck\/\" \/>\n<meta property=\"og:site_name\" content=\"UNRO\" \/>\n<meta property=\"article:modified_time\" content=\"2026-01-19T20:38:14+00:00\" \/>\n<meta property=\"og:image\" content=\"https:\/\/unrostore.com\/wp-content\/uploads\/2022\/10\/unro-bruine-espresso-kopjes.webp\" \/>\n\t<meta property=\"og:image:width\" content=\"1000\" \/>\n\t<meta property=\"og:image:height\" content=\"1000\" \/>\n\t<meta property=\"og:image:type\" content=\"image\/webp\" \/>\n<meta name=\"twitter:card\" content=\"summary_large_image\" \/>\n<script type=\"application\/ld+json\" class=\"yoast-schema-graph\">{\"@context\":\"https:\\\/\\\/schema.org\",\"@graph\":[{\"@type\":\"WebPage\",\"@id\":\"https:\\\/\\\/unrostore.com\\\/shop\\\/terrafina\\\/coffee\\\/bruine-espresso-kopjes-coffee-2-delig\\\/\",\"url\":\"https:\\\/\\\/unrostore.com\\\/shop\\\/terrafina\\\/coffee\\\/bruine-espresso-kopjes-coffee-2-delig\\\/\",\"name\":\"Bruine Espresso Kopjes 100 ml Coffee - 2-delig &#8226; UNRO\",\"isPartOf\":{\"@id\":\"https:\\\/\\\/unrostore.com\\\/#website\"},\"primaryImageOfPage\":{\"@id\":\"https:\\\/\\\/unrostore.com\\\/shop\\\/terrafina\\\/coffee\\\/bruine-espresso-kopjes-coffee-2-delig\\\/#primaryimage\"},\"image\":{\"@id\":\"https:\\\/\\\/unrostore.com\\\/shop\\\/terrafina\\\/coffee\\\/bruine-espresso-kopjes-coffee-2-delig\\\/#primaryimage\"},\"thumbnailUrl\":\"https:\\\/\\\/unrostore.com\\\/wp-content\\\/uploads\\\/2022\\\/10\\\/unro-bruine-espresso-kopjes.webp\",\"datePublished\":\"2022-10-16T15:21:03+00:00\",\"dateModified\":\"2026-01-19T20:38:14+00:00\",\"description\":\"De Bruine Espresso Kopjes Coffee - 2-delig zijn echte kleine krachtpatsers om jouw dag een boost te geven, ervaar nu zelf de kracht van deze bruine kopjes!\",\"breadcrumb\":{\"@id\":\"https:\\\/\\\/unrostore.com\\\/shop\\\/terrafina\\\/coffee\\\/bruine-espresso-kopjes-coffee-2-delig\\\/#breadcrumb\"},\"inLanguage\":\"de-AT\",\"potentialAction\":[{\"@type\":\"ReadAction\",\"target\":[\"https:\\\/\\\/unrostore.com\\\/shop\\\/terrafina\\\/coffee\\\/bruine-espresso-kopjes-coffee-2-delig\\\/\"]}]},{\"@type\":\"ImageObject\",\"inLanguage\":\"de-AT\",\"@id\":\"https:\\\/\\\/unrostore.com\\\/shop\\\/terrafina\\\/coffee\\\/bruine-espresso-kopjes-coffee-2-delig\\\/#primaryimage\",\"url\":\"https:\\\/\\\/unrostore.com\\\/wp-content\\\/uploads\\\/2022\\\/10\\\/unro-bruine-espresso-kopjes.webp\",\"contentUrl\":\"https:\\\/\\\/unrostore.com\\\/wp-content\\\/uploads\\\/2022\\\/10\\\/unro-bruine-espresso-kopjes.webp\",\"width\":1000,\"height\":1000,\"caption\":\"bruine espresso kopjes\"},{\"@type\":\"BreadcrumbList\",\"@id\":\"https:\\\/\\\/unrostore.com\\\/shop\\\/terrafina\\\/coffee\\\/bruine-espresso-kopjes-coffee-2-delig\\\/#breadcrumb\",\"itemListElement\":[{\"@type\":\"ListItem\",\"position\":1,\"name\":\"Home\",\"item\":\"https:\\\/\\\/unrostore.com\\\/\"},{\"@type\":\"ListItem\",\"position\":2,\"name\":\"Shop\",\"item\":\"https:\\\/\\\/unrostore.com\\\/shop\\\/\"},{\"@type\":\"ListItem\",\"position\":3,\"name\":\"Bruine Espresso Kopjes 100 ml Coffee &#8211; 2-delig\"}]},{\"@type\":\"WebSite\",\"@id\":\"https:\\\/\\\/unrostore.com\\\/#website\",\"url\":\"https:\\\/\\\/unrostore.com\\\/\",\"name\":\"UNRO\",\"description\":\"Portugees servies waar je blij van wordt!\",\"publisher\":{\"@id\":\"https:\\\/\\\/unrostore.com\\\/#organization\"},\"potentialAction\":[{\"@type\":\"SearchAction\",\"target\":{\"@type\":\"EntryPoint\",\"urlTemplate\":\"https:\\\/\\\/unrostore.com\\\/?s={search_term_string}\"},\"query-input\":{\"@type\":\"PropertyValueSpecification\",\"valueRequired\":true,\"valueName\":\"search_term_string\"}}],\"inLanguage\":\"de-AT\"},{\"@type\":\"Organization\",\"@id\":\"https:\\\/\\\/unrostore.com\\\/#organization\",\"name\":\"UNRO\",\"url\":\"https:\\\/\\\/unrostore.com\\\/\",\"logo\":{\"@type\":\"ImageObject\",\"inLanguage\":\"de-AT\",\"@id\":\"https:\\\/\\\/unrostore.com\\\/#\\\/schema\\\/logo\\\/image\\\/\",\"url\":\"https:\\\/\\\/unrostore.com\\\/wp-content\\\/uploads\\\/2022\\\/05\\\/Logo-UNRO.png\",\"contentUrl\":\"https:\\\/\\\/unrostore.com\\\/wp-content\\\/uploads\\\/2022\\\/05\\\/Logo-UNRO.png\",\"width\":605,\"height\":179,\"caption\":\"UNRO\"},\"image\":{\"@id\":\"https:\\\/\\\/unrostore.com\\\/#\\\/schema\\\/logo\\\/image\\\/\"}}]}<\/script>\n<!-- \/ Yoast SEO plugin. -->","yoast_head_json":{"title":"Braune Espressotassen 100 ml Kaffee - 2-teilig - UNRO","description":"Die Brown Espresso Cups Coffee - 2-piece sind echte kleine Kraftpakete f\u00fcr den Tag. Erleben Sie die Power dieser braunen Tassen jetzt selbst!","robots":{"index":"index","follow":"follow","max-snippet":"max-snippet:-1","max-image-preview":"max-image-preview:large","max-video-preview":"max-video-preview:-1"},"canonical":"https:\/\/unrostore.com\/de-at\/shop\/terrafina\/kaffee\/braune-espresso-kaffeetassen-2-stuck\/","og_locale":"de_DE","og_type":"article","og_title":"Bruine Espresso Kopjes 100 ml Coffee - 2-delig &#8226; UNRO","og_description":"De Bruine Espresso Kopjes Coffee - 2-delig zijn echte kleine krachtpatsers om jouw dag een boost te geven, ervaar nu zelf de kracht van deze bruine kopjes!","og_url":"https:\/\/unrostore.com\/de-at\/shop\/terrafina\/kaffee\/braune-espresso-kaffeetassen-2-stuck\/","og_site_name":"UNRO","article_modified_time":"2026-01-19T20:38:14+00:00","og_image":[{"width":1000,"height":1000,"url":"https:\/\/unrostore.com\/wp-content\/uploads\/2022\/10\/unro-bruine-espresso-kopjes.webp","type":"image\/webp"}],"twitter_card":"summary_large_image","schema":{"@context":"https:\/\/schema.org","@graph":[{"@type":"WebPage","@id":"https:\/\/unrostore.com\/shop\/terrafina\/coffee\/bruine-espresso-kopjes-coffee-2-delig\/","url":"https:\/\/unrostore.com\/shop\/terrafina\/coffee\/bruine-espresso-kopjes-coffee-2-delig\/","name":"Braune Espressotassen 100 ml Kaffee - 2-teilig - UNRO","isPartOf":{"@id":"https:\/\/unrostore.com\/#website"},"primaryImageOfPage":{"@id":"https:\/\/unrostore.com\/shop\/terrafina\/coffee\/bruine-espresso-kopjes-coffee-2-delig\/#primaryimage"},"image":{"@id":"https:\/\/unrostore.com\/shop\/terrafina\/coffee\/bruine-espresso-kopjes-coffee-2-delig\/#primaryimage"},"thumbnailUrl":"https:\/\/unrostore.com\/wp-content\/uploads\/2022\/10\/unro-bruine-espresso-kopjes.webp","datePublished":"2022-10-16T15:21:03+00:00","dateModified":"2026-01-19T20:38:14+00:00","description":"Die Brown Espresso Cups Coffee - 2-piece sind echte kleine Kraftpakete f\u00fcr den Tag. Erleben Sie die Power dieser braunen Tassen jetzt selbst!","breadcrumb":{"@id":"https:\/\/unrostore.com\/shop\/terrafina\/coffee\/bruine-espresso-kopjes-coffee-2-delig\/#breadcrumb"},"inLanguage":"de-AT","potentialAction":[{"@type":"ReadAction","target":["https:\/\/unrostore.com\/shop\/terrafina\/coffee\/bruine-espresso-kopjes-coffee-2-delig\/"]}]},{"@type":"ImageObject","inLanguage":"de-AT","@id":"https:\/\/unrostore.com\/shop\/terrafina\/coffee\/bruine-espresso-kopjes-coffee-2-delig\/#primaryimage","url":"https:\/\/unrostore.com\/wp-content\/uploads\/2022\/10\/unro-bruine-espresso-kopjes.webp","contentUrl":"https:\/\/unrostore.com\/wp-content\/uploads\/2022\/10\/unro-bruine-espresso-kopjes.webp","width":1000,"height":1000,"caption":"bruine espresso kopjes"},{"@type":"BreadcrumbList","@id":"https:\/\/unrostore.com\/shop\/terrafina\/coffee\/bruine-espresso-kopjes-coffee-2-delig\/#breadcrumb","itemListElement":[{"@type":"ListItem","position":1,"name":"Home","item":"https:\/\/unrostore.com\/"},{"@type":"ListItem","position":2,"name":"Shop","item":"https:\/\/unrostore.com\/shop\/"},{"@type":"ListItem","position":3,"name":"Bruine Espresso Kopjes 100 ml Coffee &#8211; 2-delig"}]},{"@type":"WebSite","@id":"https:\/\/unrostore.com\/#website","url":"https:\/\/unrostore.com\/","name":"UNRO","description":"Portugiesisches Geschirr, das Sie gl\u00fccklich machen wird!","publisher":{"@id":"https:\/\/unrostore.com\/#organization"},"potentialAction":[{"@type":"SearchAction","target":{"@type":"EntryPoint","urlTemplate":"https:\/\/unrostore.com\/?s={search_term_string}"},"query-input":{"@type":"PropertyValueSpecification","valueRequired":true,"valueName":"search_term_string"}}],"inLanguage":"de-AT"},{"@type":"Organization","@id":"https:\/\/unrostore.com\/#organization","name":"UNRO","url":"https:\/\/unrostore.com\/","logo":{"@type":"ImageObject","inLanguage":"de-AT","@id":"https:\/\/unrostore.com\/#\/schema\/logo\/image\/","url":"https:\/\/unrostore.com\/wp-content\/uploads\/2022\/05\/Logo-UNRO.png","contentUrl":"https:\/\/unrostore.com\/wp-content\/uploads\/2022\/05\/Logo-UNRO.png","width":605,"height":179,"caption":"UNRO"},"image":{"@id":"https:\/\/unrostore.com\/#\/schema\/logo\/image\/"}}]}},"_links":{"self":[{"href":"https:\/\/unrostore.com\/de-at\/wp-json\/wp\/v2\/product\/2232","targetHints":{"allow":["GET"]}}],"collection":[{"href":"https:\/\/unrostore.com\/de-at\/wp-json\/wp\/v2\/product"}],"about":[{"href":"https:\/\/unrostore.com\/de-at\/wp-json\/wp\/v2\/types\/product"}],"wp:featuredmedia":[{"embeddable":true,"href":"https:\/\/unrostore.com\/de-at\/wp-json\/wp\/v2\/media\/6176"}],"wp:attachment":[{"href":"https:\/\/unrostore.com\/de-at\/wp-json\/wp\/v2\/media?parent=2232"}],"wp:term":[{"taxonomy":"product_brand","embeddable":true,"href":"https:\/\/unrostore.com\/de-at\/wp-json\/wp\/v2\/product_brand?post=2232"},{"taxonomy":"product_cat","embeddable":true,"href":"https:\/\/unrostore.com\/de-at\/wp-json\/wp\/v2\/product_cat?post=2232"},{"taxonomy":"product_tag","embeddable":true,"href":"https:\/\/unrostore.com\/de-at\/wp-json\/wp\/v2\/product_tag?post=2232"}],"curies":[{"name":"wp","href":"https:\/\/api.w.org\/{rel}","templated":true}]}}