{"id":2228,"date":"2022-10-16T15:14:27","date_gmt":"2022-10-16T15:14:27","guid":{"rendered":"https:\/\/unrostore.com\/?post_type=product&#038;p=2228"},"modified":"2026-01-19T20:38:14","modified_gmt":"2026-01-19T20:38:14","slug":"braune-teebecher-kaffee-2-stuck","status":"publish","type":"product","link":"https:\/\/unrostore.com\/de-at\/shop\/terrafina\/kaffee\/braune-teebecher-kaffee-2-stuck\/","title":{"rendered":"Brauner Teebecher 450 ml Kaffee - 2-tlg."},"content":{"rendered":"<h3>Kombinieren Sie Ihren Kaffee mit den braunen Teebechern Coffee - 2-teilig<\/h3>\n<p>Die<strong> Brauner Teebecher Coffee - 2-teilig<\/strong> von <a href=\"https:\/\/www.terrafinastore.com\/en\/collections\/coffee\">Terrafina<\/a> werden in Portugal aus hochwertiger Keramik handgefertigt. Das macht sie ideal f\u00fcr den t\u00e4glichen Gebrauch, denn sie sind sp\u00fclmaschinen-, mikrowellen- und ofenfest (bis zu 200 Grad), und jeder gro\u00dfe Teebecher ist ein Unikat. <span style=\"font-weight: 400;\">Trinken Sie jetzt Ihren Kaffee, Cappuccino, hei\u00dfe Schokolade, Latte Macchiato, Chai Latte oder Tee aus Tassen, deren Design davon inspiriert ist! H\u00e4tten Sie nie gedacht, dass Ihre Kaffeezeit so inspirierend sein kann? Erleben Sie jetzt selbst die Kraft des Kaffees und entdecken Sie auch die <a href=\"https:\/\/unrostore.com\/de-at\/shop\/terrafina\/kaffee\/coffee-espresso-kopjes-2-delig\/\">Coffee Espressotassen - 2-teilig<\/a>, die <a href=\"https:\/\/unrostore.com\/de-at\/shop\/terrafina\/kaffee\/coffee-espresso-kopjes-6-delig\/\">Coffee Espressotassen - 6-teilig<\/a> und die <a href=\"https:\/\/unrostore.com\/de-at\/shop\/terrafina\/kaffee\/coffee-kommen-2-delig\/\">Coffee Schalen<\/a>.<\/span><\/p>\n<p>&nbsp;<\/p>\n<h3>Dies ist die Anzahl der Tassen, die Sie erhalten werden<\/h3>\n<ul>\n<li>2x Kaffee-\/Teebecher (450 ml Trinkvolumen)<\/li>\n<li>1x Terrafina Geschenkbox<\/li>\n<\/ul>\n<p>&nbsp;<\/p>\n<p><em><strong>Nachhaltig f\u00fcr Mensch und Umwelt:<\/strong><br \/>\nJedes Produkt ist ein Unikat, denn es wird in Handarbeit hergestellt.<br \/>\nDruck und Textur k\u00f6nnen daher leicht vom Produktfoto abweichen.<\/em><\/p>","protected":false},"excerpt":{"rendered":"<div class=\"usps\"><i class=\"far fa-check-circle\"><\/i> Mikrowellenfest<br \/>\n<i class=\"far fa-check-circle\"><\/i> Backofenfest (bis zu 200 Grad)<br \/>\n<i class=\"far fa-check-circle\"><\/i> Sp\u00fclmaschinentauglich<br \/>\n<i class=\"far fa-thumbs-up\"><\/i> Handgefertigt<\/div>","protected":false},"featured_media":6182,"template":"","meta":[],"product_brand":[],"product_cat":[178,316,132,871,119],"product_tag":[280,309,634,179,180,638,626,633,114,130,123,632],"class_list":{"0":"post-2228","1":"product","2":"type-product","3":"status-publish","4":"has-post-thumbnail","6":"product_cat-coffee","7":"product_cat-cappuccino-mokken","8":"product_cat-kopjes-en-mokken","9":"product_cat-unro-populair-portugees-keramiek","10":"product_cat-terrafina","11":"product_tag-cappuccino","12":"product_tag-cappuccino-mokken","13":"product_tag-chai-latte","14":"product_tag-coffee","15":"product_tag-coffee-mokken","16":"product_tag-koffiekopjes","17":"product_tag-koffiemokken","18":"product_tag-latte-macchiato","19":"product_tag-mok","20":"product_tag-mokken","21":"product_tag-terrafina","22":"product_tag-theemokken","23":"product_shipping_class-pakket","25":"first","26":"instock","27":"sale","28":"taxable","29":"shipping-taxable","30":"purchasable","31":"product-type-simple"},"yoast_head":"<!-- This site is optimized with the Yoast SEO plugin v27.4 - https:\/\/yoast.com\/product\/yoast-seo-wordpress\/ -->\n<title>Bruine Theemokken 450 ml Coffee - 2-delig &#8226; UNRO<\/title>\n<meta name=\"description\" content=\"Drink nu uit de Bruine Theemokken Coffee - 2-delig. Hoe leuk is het om je koffie uit een kopje te drinken waarvan het design hierop ge\u00efnspireerd is!\" \/>\n<meta name=\"robots\" content=\"index, follow, max-snippet:-1, max-image-preview:large, max-video-preview:-1\" \/>\n<link rel=\"canonical\" href=\"https:\/\/unrostore.com\/de-at\/shop\/terrafina\/kaffee\/braune-teebecher-kaffee-2-stuck\/\" \/>\n<meta property=\"og:locale\" content=\"de_DE\" \/>\n<meta property=\"og:type\" content=\"article\" \/>\n<meta property=\"og:title\" content=\"Bruine Theemokken 450 ml Coffee - 2-delig &#8226; UNRO\" \/>\n<meta property=\"og:description\" content=\"Drink nu uit de Bruine Theemokken Coffee - 2-delig. Hoe leuk is het om je koffie uit een kopje te drinken waarvan het design hierop ge\u00efnspireerd is!\" \/>\n<meta property=\"og:url\" content=\"https:\/\/unrostore.com\/de-at\/shop\/terrafina\/kaffee\/braune-teebecher-kaffee-2-stuck\/\" \/>\n<meta property=\"og:site_name\" content=\"UNRO\" \/>\n<meta property=\"article:modified_time\" content=\"2026-01-19T20:38:14+00:00\" \/>\n<meta property=\"og:image\" content=\"https:\/\/unrostore.com\/wp-content\/uploads\/2022\/10\/unro-bruine-cappuccino-mokken.webp\" \/>\n\t<meta property=\"og:image:width\" content=\"1000\" \/>\n\t<meta property=\"og:image:height\" content=\"1000\" \/>\n\t<meta property=\"og:image:type\" content=\"image\/webp\" \/>\n<meta name=\"twitter:card\" content=\"summary_large_image\" \/>\n<script type=\"application\/ld+json\" class=\"yoast-schema-graph\">{\"@context\":\"https:\\\/\\\/schema.org\",\"@graph\":[{\"@type\":\"WebPage\",\"@id\":\"https:\\\/\\\/unrostore.com\\\/shop\\\/terrafina\\\/coffee\\\/bruine-theemokken-coffee-2-delig\\\/\",\"url\":\"https:\\\/\\\/unrostore.com\\\/shop\\\/terrafina\\\/coffee\\\/bruine-theemokken-coffee-2-delig\\\/\",\"name\":\"Bruine Theemokken 450 ml Coffee - 2-delig &#8226; UNRO\",\"isPartOf\":{\"@id\":\"https:\\\/\\\/unrostore.com\\\/#website\"},\"primaryImageOfPage\":{\"@id\":\"https:\\\/\\\/unrostore.com\\\/shop\\\/terrafina\\\/coffee\\\/bruine-theemokken-coffee-2-delig\\\/#primaryimage\"},\"image\":{\"@id\":\"https:\\\/\\\/unrostore.com\\\/shop\\\/terrafina\\\/coffee\\\/bruine-theemokken-coffee-2-delig\\\/#primaryimage\"},\"thumbnailUrl\":\"https:\\\/\\\/unrostore.com\\\/wp-content\\\/uploads\\\/2022\\\/10\\\/unro-bruine-cappuccino-mokken.webp\",\"datePublished\":\"2022-10-16T15:14:27+00:00\",\"dateModified\":\"2026-01-19T20:38:14+00:00\",\"description\":\"Drink nu uit de Bruine Theemokken Coffee - 2-delig. Hoe leuk is het om je koffie uit een kopje te drinken waarvan het design hierop ge\u00efnspireerd is!\",\"breadcrumb\":{\"@id\":\"https:\\\/\\\/unrostore.com\\\/shop\\\/terrafina\\\/coffee\\\/bruine-theemokken-coffee-2-delig\\\/#breadcrumb\"},\"inLanguage\":\"de-AT\",\"potentialAction\":[{\"@type\":\"ReadAction\",\"target\":[\"https:\\\/\\\/unrostore.com\\\/shop\\\/terrafina\\\/coffee\\\/bruine-theemokken-coffee-2-delig\\\/\"]}]},{\"@type\":\"ImageObject\",\"inLanguage\":\"de-AT\",\"@id\":\"https:\\\/\\\/unrostore.com\\\/shop\\\/terrafina\\\/coffee\\\/bruine-theemokken-coffee-2-delig\\\/#primaryimage\",\"url\":\"https:\\\/\\\/unrostore.com\\\/wp-content\\\/uploads\\\/2022\\\/10\\\/unro-bruine-cappuccino-mokken.webp\",\"contentUrl\":\"https:\\\/\\\/unrostore.com\\\/wp-content\\\/uploads\\\/2022\\\/10\\\/unro-bruine-cappuccino-mokken.webp\",\"width\":1000,\"height\":1000,\"caption\":\"bruine cappuccino mokken\"},{\"@type\":\"BreadcrumbList\",\"@id\":\"https:\\\/\\\/unrostore.com\\\/shop\\\/terrafina\\\/coffee\\\/bruine-theemokken-coffee-2-delig\\\/#breadcrumb\",\"itemListElement\":[{\"@type\":\"ListItem\",\"position\":1,\"name\":\"Home\",\"item\":\"https:\\\/\\\/unrostore.com\\\/\"},{\"@type\":\"ListItem\",\"position\":2,\"name\":\"Shop\",\"item\":\"https:\\\/\\\/unrostore.com\\\/shop\\\/\"},{\"@type\":\"ListItem\",\"position\":3,\"name\":\"Bruine Theemokken 450 ml Coffee &#8211; 2-delig\"}]},{\"@type\":\"WebSite\",\"@id\":\"https:\\\/\\\/unrostore.com\\\/#website\",\"url\":\"https:\\\/\\\/unrostore.com\\\/\",\"name\":\"UNRO\",\"description\":\"Portugees servies waar je blij van wordt!\",\"publisher\":{\"@id\":\"https:\\\/\\\/unrostore.com\\\/#organization\"},\"potentialAction\":[{\"@type\":\"SearchAction\",\"target\":{\"@type\":\"EntryPoint\",\"urlTemplate\":\"https:\\\/\\\/unrostore.com\\\/?s={search_term_string}\"},\"query-input\":{\"@type\":\"PropertyValueSpecification\",\"valueRequired\":true,\"valueName\":\"search_term_string\"}}],\"inLanguage\":\"de-AT\"},{\"@type\":\"Organization\",\"@id\":\"https:\\\/\\\/unrostore.com\\\/#organization\",\"name\":\"UNRO\",\"url\":\"https:\\\/\\\/unrostore.com\\\/\",\"logo\":{\"@type\":\"ImageObject\",\"inLanguage\":\"de-AT\",\"@id\":\"https:\\\/\\\/unrostore.com\\\/#\\\/schema\\\/logo\\\/image\\\/\",\"url\":\"https:\\\/\\\/unrostore.com\\\/wp-content\\\/uploads\\\/2022\\\/05\\\/Logo-UNRO.png\",\"contentUrl\":\"https:\\\/\\\/unrostore.com\\\/wp-content\\\/uploads\\\/2022\\\/05\\\/Logo-UNRO.png\",\"width\":605,\"height\":179,\"caption\":\"UNRO\"},\"image\":{\"@id\":\"https:\\\/\\\/unrostore.com\\\/#\\\/schema\\\/logo\\\/image\\\/\"}}]}<\/script>\n<!-- \/ Yoast SEO plugin. -->","yoast_head_json":{"title":"Brauner Teebecher 450 ml Kaffee - 2-teilig - UNRO","description":"Trinken Sie jetzt aus den Brown Tea Mugs Coffee - 2-piece. Wie sch\u00f6n ist es, seinen Kaffee aus einem Becher zu trinken, dessen Design von diesem inspiriert ist!","robots":{"index":"index","follow":"follow","max-snippet":"max-snippet:-1","max-image-preview":"max-image-preview:large","max-video-preview":"max-video-preview:-1"},"canonical":"https:\/\/unrostore.com\/de-at\/shop\/terrafina\/kaffee\/braune-teebecher-kaffee-2-stuck\/","og_locale":"de_DE","og_type":"article","og_title":"Bruine Theemokken 450 ml Coffee - 2-delig &#8226; UNRO","og_description":"Drink nu uit de Bruine Theemokken Coffee - 2-delig. Hoe leuk is het om je koffie uit een kopje te drinken waarvan het design hierop ge\u00efnspireerd is!","og_url":"https:\/\/unrostore.com\/de-at\/shop\/terrafina\/kaffee\/braune-teebecher-kaffee-2-stuck\/","og_site_name":"UNRO","article_modified_time":"2026-01-19T20:38:14+00:00","og_image":[{"width":1000,"height":1000,"url":"https:\/\/unrostore.com\/wp-content\/uploads\/2022\/10\/unro-bruine-cappuccino-mokken.webp","type":"image\/webp"}],"twitter_card":"summary_large_image","schema":{"@context":"https:\/\/schema.org","@graph":[{"@type":"WebPage","@id":"https:\/\/unrostore.com\/shop\/terrafina\/coffee\/bruine-theemokken-coffee-2-delig\/","url":"https:\/\/unrostore.com\/shop\/terrafina\/coffee\/bruine-theemokken-coffee-2-delig\/","name":"Brauner Teebecher 450 ml Kaffee - 2-teilig - UNRO","isPartOf":{"@id":"https:\/\/unrostore.com\/#website"},"primaryImageOfPage":{"@id":"https:\/\/unrostore.com\/shop\/terrafina\/coffee\/bruine-theemokken-coffee-2-delig\/#primaryimage"},"image":{"@id":"https:\/\/unrostore.com\/shop\/terrafina\/coffee\/bruine-theemokken-coffee-2-delig\/#primaryimage"},"thumbnailUrl":"https:\/\/unrostore.com\/wp-content\/uploads\/2022\/10\/unro-bruine-cappuccino-mokken.webp","datePublished":"2022-10-16T15:14:27+00:00","dateModified":"2026-01-19T20:38:14+00:00","description":"Trinken Sie jetzt aus den Brown Tea Mugs Coffee - 2-piece. Wie sch\u00f6n ist es, seinen Kaffee aus einem Becher zu trinken, dessen Design von diesem inspiriert ist!","breadcrumb":{"@id":"https:\/\/unrostore.com\/shop\/terrafina\/coffee\/bruine-theemokken-coffee-2-delig\/#breadcrumb"},"inLanguage":"de-AT","potentialAction":[{"@type":"ReadAction","target":["https:\/\/unrostore.com\/shop\/terrafina\/coffee\/bruine-theemokken-coffee-2-delig\/"]}]},{"@type":"ImageObject","inLanguage":"de-AT","@id":"https:\/\/unrostore.com\/shop\/terrafina\/coffee\/bruine-theemokken-coffee-2-delig\/#primaryimage","url":"https:\/\/unrostore.com\/wp-content\/uploads\/2022\/10\/unro-bruine-cappuccino-mokken.webp","contentUrl":"https:\/\/unrostore.com\/wp-content\/uploads\/2022\/10\/unro-bruine-cappuccino-mokken.webp","width":1000,"height":1000,"caption":"bruine cappuccino mokken"},{"@type":"BreadcrumbList","@id":"https:\/\/unrostore.com\/shop\/terrafina\/coffee\/bruine-theemokken-coffee-2-delig\/#breadcrumb","itemListElement":[{"@type":"ListItem","position":1,"name":"Home","item":"https:\/\/unrostore.com\/"},{"@type":"ListItem","position":2,"name":"Shop","item":"https:\/\/unrostore.com\/shop\/"},{"@type":"ListItem","position":3,"name":"Bruine Theemokken 450 ml Coffee &#8211; 2-delig"}]},{"@type":"WebSite","@id":"https:\/\/unrostore.com\/#website","url":"https:\/\/unrostore.com\/","name":"UNRO","description":"Portugiesisches Geschirr, das Sie gl\u00fccklich machen wird!","publisher":{"@id":"https:\/\/unrostore.com\/#organization"},"potentialAction":[{"@type":"SearchAction","target":{"@type":"EntryPoint","urlTemplate":"https:\/\/unrostore.com\/?s={search_term_string}"},"query-input":{"@type":"PropertyValueSpecification","valueRequired":true,"valueName":"search_term_string"}}],"inLanguage":"de-AT"},{"@type":"Organization","@id":"https:\/\/unrostore.com\/#organization","name":"UNRO","url":"https:\/\/unrostore.com\/","logo":{"@type":"ImageObject","inLanguage":"de-AT","@id":"https:\/\/unrostore.com\/#\/schema\/logo\/image\/","url":"https:\/\/unrostore.com\/wp-content\/uploads\/2022\/05\/Logo-UNRO.png","contentUrl":"https:\/\/unrostore.com\/wp-content\/uploads\/2022\/05\/Logo-UNRO.png","width":605,"height":179,"caption":"UNRO"},"image":{"@id":"https:\/\/unrostore.com\/#\/schema\/logo\/image\/"}}]}},"_links":{"self":[{"href":"https:\/\/unrostore.com\/de-at\/wp-json\/wp\/v2\/product\/2228","targetHints":{"allow":["GET"]}}],"collection":[{"href":"https:\/\/unrostore.com\/de-at\/wp-json\/wp\/v2\/product"}],"about":[{"href":"https:\/\/unrostore.com\/de-at\/wp-json\/wp\/v2\/types\/product"}],"wp:featuredmedia":[{"embeddable":true,"href":"https:\/\/unrostore.com\/de-at\/wp-json\/wp\/v2\/media\/6182"}],"wp:attachment":[{"href":"https:\/\/unrostore.com\/de-at\/wp-json\/wp\/v2\/media?parent=2228"}],"wp:term":[{"taxonomy":"product_brand","embeddable":true,"href":"https:\/\/unrostore.com\/de-at\/wp-json\/wp\/v2\/product_brand?post=2228"},{"taxonomy":"product_cat","embeddable":true,"href":"https:\/\/unrostore.com\/de-at\/wp-json\/wp\/v2\/product_cat?post=2228"},{"taxonomy":"product_tag","embeddable":true,"href":"https:\/\/unrostore.com\/de-at\/wp-json\/wp\/v2\/product_tag?post=2228"}],"curies":[{"name":"wp","href":"https:\/\/api.w.org\/{rel}","templated":true}]}}