{"id":2210,"date":"2022-10-16T14:32:08","date_gmt":"2022-10-16T14:32:08","guid":{"rendered":"https:\/\/unrostore.com\/?post_type=product&#038;p=2210"},"modified":"2026-01-19T20:38:15","modified_gmt":"2026-01-19T20:38:15","slug":"espressotasse-blau-amazonia-blau-2-stuck","status":"publish","type":"product","link":"https:\/\/unrostore.com\/de-at\/shop\/terrafina\/amazonenblau\/espressotasse-blau-amazonia-blau-2-stuck\/","title":{"rendered":"Espressotassen Blau 100 ml Amazonien Blau - 2 St\u00fcck"},"content":{"rendered":"<h3>Sch\u00f6n blau sind die Espressotassen Blau Amazonia Blue<\/h3>\n<p>Die <strong>Espresso-Tassen Blau<\/strong> <strong>Amazonia Blue<\/strong>\u00a0durch portugiesische Marke <a href=\"https:\/\/www.terrafinastore.com\/en\/collections\/amazonia\">Terrafina<\/a> sind aus hochwertiger Keramik handgefertigt. Holen Sie sich jetzt das gl\u00fcckliche Portugal ins Haus und trinken Sie Ihren Espresso aus den k\u00f6nigsblauen Espressotassen. Ideal, um Ihren K\u00f6rper und Ihre Stimmung am Morgen zu beleben oder als netter Abschluss nach einer Dinnerparty. Diese Tassen sind immer gut, nicht nur an einem blauen Montag ;). Genie\u00dfen Sie diese blauen Espressotassen zur Kaffeezeit oder zum High Tea, und entdecken Sie auch die <a href=\"https:\/\/unrostore.com\/de-at\/shop\/terrafina\/amazonenblau\/amazonia-blue-mokken-2-delig\/\">Amazonia Blue Cappuccino Becher<\/a> und die <a href=\"https:\/\/unrostore.com\/de-at\/shop\/terrafina\/amazonenblau\/amazonia-blue-kommen-2-delig\/\">Amazonia Blue Schalen<\/a>.<\/p>\n<p>&nbsp;<\/p>\n<h3>Das ist die Anzahl der Tassen, die Sie geliefert bekommen<\/h3>\n<ul>\n<li>4x Amazonia Blue Espressotassen (100 ml trinkbares Volumen)<\/li>\n<li>1x Terrafina Geschenkbox<\/li>\n<\/ul>\n<p>&nbsp;<\/p>\n<p><em><strong>Nachhaltig f\u00fcr Mensch und Umwelt:<\/strong><br \/>\nJedes Produkt ist ein Unikat, denn es wird in Handarbeit hergestellt.<br \/>\nDruck und Textur k\u00f6nnen daher leicht vom Produktfoto abweichen.<\/em><\/p>","protected":false},"excerpt":{"rendered":"<div class=\"usps\"><i class=\"far fa-check-circle\"><\/i> Mikrowellenfest<br \/>\n<i class=\"far fa-check-circle\"><\/i> Backofenfest (bis zu 200 Grad)<br \/>\n<i class=\"far fa-check-circle\"><\/i> Sp\u00fclmaschinentauglich<br \/>\n<i class=\"far fa-thumbs-up\"><\/i> Handgefertigt<\/div>","protected":false},"featured_media":3533,"template":"","meta":[],"product_brand":[],"product_cat":[174,869,307,132,119],"product_tag":[147,175,177,661,193,660,659,130,123],"class_list":{"0":"post-2210","1":"product","2":"type-product","3":"status-publish","4":"has-post-thumbnail","6":"product_cat-amazonia-blue","7":"product_cat-unro-cadeautips","8":"product_cat-espresso-kopjes","9":"product_cat-kopjes-en-mokken","10":"product_cat-terrafina","11":"product_tag-amazonia","12":"product_tag-amazonia-blue","13":"product_tag-blauw","14":"product_tag-blauwe-espresso-kopjes","15":"product_tag-espresso-kopjes","16":"product_tag-espresso-kopjes-met-oor","17":"product_tag-espressokopjes","18":"product_tag-mokken","19":"product_tag-terrafina","20":"product_shipping_class-pakket","22":"first","23":"instock","24":"sale","25":"taxable","26":"shipping-taxable","27":"purchasable","28":"product-type-simple"},"yoast_head":"<!-- This site is optimized with the Yoast SEO plugin v27.4 - https:\/\/yoast.com\/product\/yoast-seo-wordpress\/ -->\n<title>Espresso Kopjes Blauw 100 ml Amazonia Blue - 2-delig &#8226; UNRO<\/title>\n<meta name=\"description\" content=\"Haal nu het vrolijke Portugal in huis met de helder blauwe kleur van de Espresso Kopjes Blauw Amazonia Blue. Ideaal voor jouw energie boost!\" \/>\n<meta name=\"robots\" content=\"index, follow, max-snippet:-1, max-image-preview:large, max-video-preview:-1\" \/>\n<link rel=\"canonical\" href=\"https:\/\/unrostore.com\/de-at\/shop\/terrafina\/amazonenblau\/espressotasse-blau-amazonia-blau-2-stuck\/\" \/>\n<meta property=\"og:locale\" content=\"de_DE\" \/>\n<meta property=\"og:type\" content=\"article\" \/>\n<meta property=\"og:title\" content=\"Espresso Kopjes Blauw 100 ml Amazonia Blue - 2-delig &#8226; UNRO\" \/>\n<meta property=\"og:description\" content=\"Haal nu het vrolijke Portugal in huis met de helder blauwe kleur van de Espresso Kopjes Blauw Amazonia Blue. Ideaal voor jouw energie boost!\" \/>\n<meta property=\"og:url\" content=\"https:\/\/unrostore.com\/de-at\/shop\/terrafina\/amazonenblau\/espressotasse-blau-amazonia-blau-2-stuck\/\" \/>\n<meta property=\"og:site_name\" content=\"UNRO\" \/>\n<meta property=\"article:modified_time\" content=\"2026-01-19T20:38:15+00:00\" \/>\n<meta property=\"og:image\" content=\"https:\/\/unrostore.com\/wp-content\/uploads\/2022\/10\/unro-portugees-servies-amazonia-blue-espresso-kopjes-2-delig-terrafina.jpg\" \/>\n\t<meta property=\"og:image:width\" content=\"1440\" \/>\n\t<meta property=\"og:image:height\" content=\"1440\" \/>\n\t<meta property=\"og:image:type\" content=\"image\/jpeg\" \/>\n<meta name=\"twitter:card\" content=\"summary_large_image\" \/>\n<script type=\"application\/ld+json\" class=\"yoast-schema-graph\">{\"@context\":\"https:\\\/\\\/schema.org\",\"@graph\":[{\"@type\":\"WebPage\",\"@id\":\"https:\\\/\\\/unrostore.com\\\/shop\\\/terrafina\\\/amazonia-blue\\\/espresso-kopjes-blauw-amazonia-blue-2-delig\\\/\",\"url\":\"https:\\\/\\\/unrostore.com\\\/shop\\\/terrafina\\\/amazonia-blue\\\/espresso-kopjes-blauw-amazonia-blue-2-delig\\\/\",\"name\":\"Espresso Kopjes Blauw 100 ml Amazonia Blue - 2-delig &#8226; UNRO\",\"isPartOf\":{\"@id\":\"https:\\\/\\\/unrostore.com\\\/#website\"},\"primaryImageOfPage\":{\"@id\":\"https:\\\/\\\/unrostore.com\\\/shop\\\/terrafina\\\/amazonia-blue\\\/espresso-kopjes-blauw-amazonia-blue-2-delig\\\/#primaryimage\"},\"image\":{\"@id\":\"https:\\\/\\\/unrostore.com\\\/shop\\\/terrafina\\\/amazonia-blue\\\/espresso-kopjes-blauw-amazonia-blue-2-delig\\\/#primaryimage\"},\"thumbnailUrl\":\"https:\\\/\\\/unrostore.com\\\/wp-content\\\/uploads\\\/2022\\\/10\\\/unro-portugees-servies-amazonia-blue-espresso-kopjes-2-delig-terrafina.jpg\",\"datePublished\":\"2022-10-16T14:32:08+00:00\",\"dateModified\":\"2026-01-19T20:38:15+00:00\",\"description\":\"Haal nu het vrolijke Portugal in huis met de helder blauwe kleur van de Espresso Kopjes Blauw Amazonia Blue. Ideaal voor jouw energie boost!\",\"breadcrumb\":{\"@id\":\"https:\\\/\\\/unrostore.com\\\/shop\\\/terrafina\\\/amazonia-blue\\\/espresso-kopjes-blauw-amazonia-blue-2-delig\\\/#breadcrumb\"},\"inLanguage\":\"de-AT\",\"potentialAction\":[{\"@type\":\"ReadAction\",\"target\":[\"https:\\\/\\\/unrostore.com\\\/shop\\\/terrafina\\\/amazonia-blue\\\/espresso-kopjes-blauw-amazonia-blue-2-delig\\\/\"]}]},{\"@type\":\"ImageObject\",\"inLanguage\":\"de-AT\",\"@id\":\"https:\\\/\\\/unrostore.com\\\/shop\\\/terrafina\\\/amazonia-blue\\\/espresso-kopjes-blauw-amazonia-blue-2-delig\\\/#primaryimage\",\"url\":\"https:\\\/\\\/unrostore.com\\\/wp-content\\\/uploads\\\/2022\\\/10\\\/unro-portugees-servies-amazonia-blue-espresso-kopjes-2-delig-terrafina.jpg\",\"contentUrl\":\"https:\\\/\\\/unrostore.com\\\/wp-content\\\/uploads\\\/2022\\\/10\\\/unro-portugees-servies-amazonia-blue-espresso-kopjes-2-delig-terrafina.jpg\",\"width\":1440,\"height\":1440,\"caption\":\"Amazonia Blue espresso kopjes - 2-delig van Terrafina Portugees Keramiek Servies exclusief bij UNRO\"},{\"@type\":\"BreadcrumbList\",\"@id\":\"https:\\\/\\\/unrostore.com\\\/shop\\\/terrafina\\\/amazonia-blue\\\/espresso-kopjes-blauw-amazonia-blue-2-delig\\\/#breadcrumb\",\"itemListElement\":[{\"@type\":\"ListItem\",\"position\":1,\"name\":\"Home\",\"item\":\"https:\\\/\\\/unrostore.com\\\/\"},{\"@type\":\"ListItem\",\"position\":2,\"name\":\"Shop\",\"item\":\"https:\\\/\\\/unrostore.com\\\/shop\\\/\"},{\"@type\":\"ListItem\",\"position\":3,\"name\":\"Espresso Kopjes Blauw 100 ml Amazonia Blue &#8211; 2-delig\"}]},{\"@type\":\"WebSite\",\"@id\":\"https:\\\/\\\/unrostore.com\\\/#website\",\"url\":\"https:\\\/\\\/unrostore.com\\\/\",\"name\":\"UNRO\",\"description\":\"Portugees servies waar je blij van wordt!\",\"publisher\":{\"@id\":\"https:\\\/\\\/unrostore.com\\\/#organization\"},\"potentialAction\":[{\"@type\":\"SearchAction\",\"target\":{\"@type\":\"EntryPoint\",\"urlTemplate\":\"https:\\\/\\\/unrostore.com\\\/?s={search_term_string}\"},\"query-input\":{\"@type\":\"PropertyValueSpecification\",\"valueRequired\":true,\"valueName\":\"search_term_string\"}}],\"inLanguage\":\"de-AT\"},{\"@type\":\"Organization\",\"@id\":\"https:\\\/\\\/unrostore.com\\\/#organization\",\"name\":\"UNRO\",\"url\":\"https:\\\/\\\/unrostore.com\\\/\",\"logo\":{\"@type\":\"ImageObject\",\"inLanguage\":\"de-AT\",\"@id\":\"https:\\\/\\\/unrostore.com\\\/#\\\/schema\\\/logo\\\/image\\\/\",\"url\":\"https:\\\/\\\/unrostore.com\\\/wp-content\\\/uploads\\\/2022\\\/05\\\/Logo-UNRO.png\",\"contentUrl\":\"https:\\\/\\\/unrostore.com\\\/wp-content\\\/uploads\\\/2022\\\/05\\\/Logo-UNRO.png\",\"width\":605,\"height\":179,\"caption\":\"UNRO\"},\"image\":{\"@id\":\"https:\\\/\\\/unrostore.com\\\/#\\\/schema\\\/logo\\\/image\\\/\"}}]}<\/script>\n<!-- \/ Yoast SEO plugin. -->","yoast_head_json":{"title":"Espressotassen Blau 100 ml Amazonien Blau - 2 St\u00fcck - UNRO","description":"Holen Sie sich jetzt das fr\u00f6hliche Portugal in Ihr Zuhause mit der leuchtend blauen Farbe der Espressotassen Blue Amazonia Blue. Ideal f\u00fcr Ihren Energieschub!","robots":{"index":"index","follow":"follow","max-snippet":"max-snippet:-1","max-image-preview":"max-image-preview:large","max-video-preview":"max-video-preview:-1"},"canonical":"https:\/\/unrostore.com\/de-at\/shop\/terrafina\/amazonenblau\/espressotasse-blau-amazonia-blau-2-stuck\/","og_locale":"de_DE","og_type":"article","og_title":"Espresso Kopjes Blauw 100 ml Amazonia Blue - 2-delig &#8226; UNRO","og_description":"Haal nu het vrolijke Portugal in huis met de helder blauwe kleur van de Espresso Kopjes Blauw Amazonia Blue. Ideaal voor jouw energie boost!","og_url":"https:\/\/unrostore.com\/de-at\/shop\/terrafina\/amazonenblau\/espressotasse-blau-amazonia-blau-2-stuck\/","og_site_name":"UNRO","article_modified_time":"2026-01-19T20:38:15+00:00","og_image":[{"width":1440,"height":1440,"url":"https:\/\/unrostore.com\/wp-content\/uploads\/2022\/10\/unro-portugees-servies-amazonia-blue-espresso-kopjes-2-delig-terrafina.jpg","type":"image\/jpeg"}],"twitter_card":"summary_large_image","schema":{"@context":"https:\/\/schema.org","@graph":[{"@type":"WebPage","@id":"https:\/\/unrostore.com\/shop\/terrafina\/amazonia-blue\/espresso-kopjes-blauw-amazonia-blue-2-delig\/","url":"https:\/\/unrostore.com\/shop\/terrafina\/amazonia-blue\/espresso-kopjes-blauw-amazonia-blue-2-delig\/","name":"Espressotassen Blau 100 ml Amazonien Blau - 2 St\u00fcck - UNRO","isPartOf":{"@id":"https:\/\/unrostore.com\/#website"},"primaryImageOfPage":{"@id":"https:\/\/unrostore.com\/shop\/terrafina\/amazonia-blue\/espresso-kopjes-blauw-amazonia-blue-2-delig\/#primaryimage"},"image":{"@id":"https:\/\/unrostore.com\/shop\/terrafina\/amazonia-blue\/espresso-kopjes-blauw-amazonia-blue-2-delig\/#primaryimage"},"thumbnailUrl":"https:\/\/unrostore.com\/wp-content\/uploads\/2022\/10\/unro-portugees-servies-amazonia-blue-espresso-kopjes-2-delig-terrafina.jpg","datePublished":"2022-10-16T14:32:08+00:00","dateModified":"2026-01-19T20:38:15+00:00","description":"Holen Sie sich jetzt das fr\u00f6hliche Portugal in Ihr Zuhause mit der leuchtend blauen Farbe der Espressotassen Blue Amazonia Blue. Ideal f\u00fcr Ihren Energieschub!","breadcrumb":{"@id":"https:\/\/unrostore.com\/shop\/terrafina\/amazonia-blue\/espresso-kopjes-blauw-amazonia-blue-2-delig\/#breadcrumb"},"inLanguage":"de-AT","potentialAction":[{"@type":"ReadAction","target":["https:\/\/unrostore.com\/shop\/terrafina\/amazonia-blue\/espresso-kopjes-blauw-amazonia-blue-2-delig\/"]}]},{"@type":"ImageObject","inLanguage":"de-AT","@id":"https:\/\/unrostore.com\/shop\/terrafina\/amazonia-blue\/espresso-kopjes-blauw-amazonia-blue-2-delig\/#primaryimage","url":"https:\/\/unrostore.com\/wp-content\/uploads\/2022\/10\/unro-portugees-servies-amazonia-blue-espresso-kopjes-2-delig-terrafina.jpg","contentUrl":"https:\/\/unrostore.com\/wp-content\/uploads\/2022\/10\/unro-portugees-servies-amazonia-blue-espresso-kopjes-2-delig-terrafina.jpg","width":1440,"height":1440,"caption":"Amazonia Blue espresso kopjes - 2-delig van Terrafina Portugees Keramiek Servies exclusief bij UNRO"},{"@type":"BreadcrumbList","@id":"https:\/\/unrostore.com\/shop\/terrafina\/amazonia-blue\/espresso-kopjes-blauw-amazonia-blue-2-delig\/#breadcrumb","itemListElement":[{"@type":"ListItem","position":1,"name":"Home","item":"https:\/\/unrostore.com\/"},{"@type":"ListItem","position":2,"name":"Shop","item":"https:\/\/unrostore.com\/shop\/"},{"@type":"ListItem","position":3,"name":"Espresso Kopjes Blauw 100 ml Amazonia Blue &#8211; 2-delig"}]},{"@type":"WebSite","@id":"https:\/\/unrostore.com\/#website","url":"https:\/\/unrostore.com\/","name":"UNRO","description":"Portugiesisches Geschirr, das Sie gl\u00fccklich machen wird!","publisher":{"@id":"https:\/\/unrostore.com\/#organization"},"potentialAction":[{"@type":"SearchAction","target":{"@type":"EntryPoint","urlTemplate":"https:\/\/unrostore.com\/?s={search_term_string}"},"query-input":{"@type":"PropertyValueSpecification","valueRequired":true,"valueName":"search_term_string"}}],"inLanguage":"de-AT"},{"@type":"Organization","@id":"https:\/\/unrostore.com\/#organization","name":"UNRO","url":"https:\/\/unrostore.com\/","logo":{"@type":"ImageObject","inLanguage":"de-AT","@id":"https:\/\/unrostore.com\/#\/schema\/logo\/image\/","url":"https:\/\/unrostore.com\/wp-content\/uploads\/2022\/05\/Logo-UNRO.png","contentUrl":"https:\/\/unrostore.com\/wp-content\/uploads\/2022\/05\/Logo-UNRO.png","width":605,"height":179,"caption":"UNRO"},"image":{"@id":"https:\/\/unrostore.com\/#\/schema\/logo\/image\/"}}]}},"_links":{"self":[{"href":"https:\/\/unrostore.com\/de-at\/wp-json\/wp\/v2\/product\/2210","targetHints":{"allow":["GET"]}}],"collection":[{"href":"https:\/\/unrostore.com\/de-at\/wp-json\/wp\/v2\/product"}],"about":[{"href":"https:\/\/unrostore.com\/de-at\/wp-json\/wp\/v2\/types\/product"}],"wp:featuredmedia":[{"embeddable":true,"href":"https:\/\/unrostore.com\/de-at\/wp-json\/wp\/v2\/media\/3533"}],"wp:attachment":[{"href":"https:\/\/unrostore.com\/de-at\/wp-json\/wp\/v2\/media?parent=2210"}],"wp:term":[{"taxonomy":"product_brand","embeddable":true,"href":"https:\/\/unrostore.com\/de-at\/wp-json\/wp\/v2\/product_brand?post=2210"},{"taxonomy":"product_cat","embeddable":true,"href":"https:\/\/unrostore.com\/de-at\/wp-json\/wp\/v2\/product_cat?post=2210"},{"taxonomy":"product_tag","embeddable":true,"href":"https:\/\/unrostore.com\/de-at\/wp-json\/wp\/v2\/product_tag?post=2210"}],"curies":[{"name":"wp","href":"https:\/\/api.w.org\/{rel}","templated":true}]}}