{"id":2206,"date":"2022-10-16T14:27:34","date_gmt":"2022-10-16T14:27:34","guid":{"rendered":"https:\/\/unrostore.com\/?post_type=product&#038;p=2206"},"modified":"2026-01-19T20:38:15","modified_gmt":"2026-01-19T20:38:15","slug":"cappuccinotassen-blau-amazonia-blau-2-stuck","status":"publish","type":"product","link":"https:\/\/unrostore.com\/de-at\/shop\/terrafina\/amazonenblau\/cappuccinotassen-blau-amazonia-blau-2-stuck\/","title":{"rendered":"Cappuccinotassen Blau 350 ml Amazonienblau - 2-tlg."},"content":{"rendered":"<h3>Sch\u00f6ne Cappuccinotassen Blau Amazonia Blue - 2 St\u00fcck<\/h3>\n<p>Die<strong> Cappuccinotassen Blau Amazonien Blau <\/strong>durch portugiesische Marke <a href=\"https:\/\/www.terrafinastore.com\/en\/collections\/amazonia\">Terrafina<\/a> sind aus hochwertiger Keramik handgefertigt. Sie k\u00f6nnen nicht genug bekommen von der leuchtend blauen Farbe der Amazonia Blue Kollektion? Diese gro\u00dfen blauen Becher haben die perfekte Gr\u00f6\u00dfe f\u00fcr Cappuccino, (Chai) Latte (Macchiato) und Tee und sind ideal f\u00fcr Ihr Lieblingshei\u00dfgetr\u00e4nk zu jeder Tageszeit. Diese blauen Kaffeetassen eignen sich hervorragend f\u00fcr Ihr B\u00fcro zu Hause, in Ihrer K\u00fcche, K\u00fccheninsel, Kaffeebar, Kaffeeecke oder Kaffeenische, an einem Arbeitstag zu Hause oder an einem freien Tag. Auch sch\u00f6n, einem Kollegen, Freund oder Familienmitglied mit diesen sch\u00f6nen Bechern eine Freude zu machen. Entdecken Sie auch die <a href=\"https:\/\/unrostore.com\/de-at\/shop\/terrafina\/amazonenblau\/amazonia-blue-ontbijtborden-4-delig\/\">Amazonia Blue Fr\u00fchst\u00fccksteller<\/a> und <a href=\"https:\/\/unrostore.com\/de-at\/shop\/terrafina\/amazonenblau\/amazonia-blue-kommen-2-delig\/\">Amazonia Blue Schalen<\/a>.<\/p>\n<p>&nbsp;<\/p>\n<h3>Das ist die Anzahl der Tassen, die Sie geliefert bekommen<\/h3>\n<ul>\n<li>2x Amazonia Blue Cappuccinotassen (350ml Fassungsverm\u00f6gen)<\/li>\n<li>1x Terrafina Geschenkbox<\/li>\n<\/ul>\n<p>&nbsp;<\/p>\n<p><em><strong>Nachhaltig f\u00fcr Mensch und Umwelt:<\/strong><br \/>\nJedes Produkt ist ein Unikat, denn es wird in Handarbeit hergestellt.<br \/>\nDruck und Textur k\u00f6nnen daher leicht vom Produktfoto abweichen.<\/em><\/p>","protected":false},"excerpt":{"rendered":"<div class=\"usps\"><i class=\"far fa-check-circle\"><\/i> Mikrowellenfest<br \/>\n<i class=\"far fa-check-circle\"><\/i> Backofenfest (bis zu 200 Grad)<br \/>\n<i class=\"far fa-check-circle\"><\/i> Sp\u00fclmaschinentauglich<br \/>\n<i class=\"far fa-thumbs-up\"><\/i> Handgefertigt<\/div>","protected":false},"featured_media":3541,"template":"","meta":[],"product_brand":[],"product_cat":[174,869,316,132,119],"product_tag":[175,177,627,309,634,638,626,633,130,632],"class_list":{"0":"post-2206","1":"product","2":"type-product","3":"status-publish","4":"has-post-thumbnail","6":"product_cat-amazonia-blue","7":"product_cat-unro-cadeautips","8":"product_cat-cappuccino-mokken","9":"product_cat-kopjes-en-mokken","10":"product_cat-terrafina","11":"product_tag-amazonia-blue","12":"product_tag-blauw","13":"product_tag-blauwe-mokken","14":"product_tag-cappuccino-mokken","15":"product_tag-chai-latte","16":"product_tag-koffiekopjes","17":"product_tag-koffiemokken","18":"product_tag-latte-macchiato","19":"product_tag-mokken","20":"product_tag-theemokken","21":"product_shipping_class-pakket","23":"first","24":"instock","25":"sale","26":"taxable","27":"shipping-taxable","28":"purchasable","29":"product-type-simple"},"yoast_head":"<!-- This site is optimized with the Yoast SEO plugin v27.4 - https:\/\/yoast.com\/product\/yoast-seo-wordpress\/ -->\n<title>Cappuccino Mokken Blauw 350 ml Amazonia Blue - 2-delig &#8226; UNRO<\/title>\n<meta name=\"description\" content=\"De Cappuccino Mokken Blauw zijn perfect voor jouw thuiskantoor, tijdens een high tea of koffietijd. Maak ook een vriend of familielid blij met deze mokken!\" \/>\n<meta name=\"robots\" content=\"index, follow, max-snippet:-1, max-image-preview:large, max-video-preview:-1\" \/>\n<link rel=\"canonical\" href=\"https:\/\/unrostore.com\/de-at\/shop\/terrafina\/amazonenblau\/cappuccinotassen-blau-amazonia-blau-2-stuck\/\" \/>\n<meta property=\"og:locale\" content=\"de_DE\" \/>\n<meta property=\"og:type\" content=\"article\" \/>\n<meta property=\"og:title\" content=\"Cappuccino Mokken Blauw 350 ml Amazonia Blue - 2-delig &#8226; UNRO\" \/>\n<meta property=\"og:description\" content=\"De Cappuccino Mokken Blauw zijn perfect voor jouw thuiskantoor, tijdens een high tea of koffietijd. Maak ook een vriend of familielid blij met deze mokken!\" \/>\n<meta property=\"og:url\" content=\"https:\/\/unrostore.com\/de-at\/shop\/terrafina\/amazonenblau\/cappuccinotassen-blau-amazonia-blau-2-stuck\/\" \/>\n<meta property=\"og:site_name\" content=\"UNRO\" \/>\n<meta property=\"article:modified_time\" content=\"2026-01-19T20:38:15+00:00\" \/>\n<meta property=\"og:image\" content=\"https:\/\/unrostore.com\/wp-content\/uploads\/2022\/10\/unro-portugees-servies-amazonia-blue-cappuccino-mokken-2-delig-terrafina.jpg\" \/>\n\t<meta property=\"og:image:width\" content=\"1440\" \/>\n\t<meta property=\"og:image:height\" content=\"1440\" \/>\n\t<meta property=\"og:image:type\" content=\"image\/jpeg\" \/>\n<meta name=\"twitter:card\" content=\"summary_large_image\" \/>\n<script type=\"application\/ld+json\" class=\"yoast-schema-graph\">{\"@context\":\"https:\\\/\\\/schema.org\",\"@graph\":[{\"@type\":\"WebPage\",\"@id\":\"https:\\\/\\\/unrostore.com\\\/shop\\\/terrafina\\\/amazonia-blue\\\/cappuccino-mokken-blauw-amazonia-blue-2-delig\\\/\",\"url\":\"https:\\\/\\\/unrostore.com\\\/shop\\\/terrafina\\\/amazonia-blue\\\/cappuccino-mokken-blauw-amazonia-blue-2-delig\\\/\",\"name\":\"Cappuccino Mokken Blauw 350 ml Amazonia Blue - 2-delig &#8226; UNRO\",\"isPartOf\":{\"@id\":\"https:\\\/\\\/unrostore.com\\\/#website\"},\"primaryImageOfPage\":{\"@id\":\"https:\\\/\\\/unrostore.com\\\/shop\\\/terrafina\\\/amazonia-blue\\\/cappuccino-mokken-blauw-amazonia-blue-2-delig\\\/#primaryimage\"},\"image\":{\"@id\":\"https:\\\/\\\/unrostore.com\\\/shop\\\/terrafina\\\/amazonia-blue\\\/cappuccino-mokken-blauw-amazonia-blue-2-delig\\\/#primaryimage\"},\"thumbnailUrl\":\"https:\\\/\\\/unrostore.com\\\/wp-content\\\/uploads\\\/2022\\\/10\\\/unro-portugees-servies-amazonia-blue-cappuccino-mokken-2-delig-terrafina.jpg\",\"datePublished\":\"2022-10-16T14:27:34+00:00\",\"dateModified\":\"2026-01-19T20:38:15+00:00\",\"description\":\"De Cappuccino Mokken Blauw zijn perfect voor jouw thuiskantoor, tijdens een high tea of koffietijd. Maak ook een vriend of familielid blij met deze mokken!\",\"breadcrumb\":{\"@id\":\"https:\\\/\\\/unrostore.com\\\/shop\\\/terrafina\\\/amazonia-blue\\\/cappuccino-mokken-blauw-amazonia-blue-2-delig\\\/#breadcrumb\"},\"inLanguage\":\"de-AT\",\"potentialAction\":[{\"@type\":\"ReadAction\",\"target\":[\"https:\\\/\\\/unrostore.com\\\/shop\\\/terrafina\\\/amazonia-blue\\\/cappuccino-mokken-blauw-amazonia-blue-2-delig\\\/\"]}]},{\"@type\":\"ImageObject\",\"inLanguage\":\"de-AT\",\"@id\":\"https:\\\/\\\/unrostore.com\\\/shop\\\/terrafina\\\/amazonia-blue\\\/cappuccino-mokken-blauw-amazonia-blue-2-delig\\\/#primaryimage\",\"url\":\"https:\\\/\\\/unrostore.com\\\/wp-content\\\/uploads\\\/2022\\\/10\\\/unro-portugees-servies-amazonia-blue-cappuccino-mokken-2-delig-terrafina.jpg\",\"contentUrl\":\"https:\\\/\\\/unrostore.com\\\/wp-content\\\/uploads\\\/2022\\\/10\\\/unro-portugees-servies-amazonia-blue-cappuccino-mokken-2-delig-terrafina.jpg\",\"width\":1440,\"height\":1440,\"caption\":\"Amazonia Blue Koffiemokken - 2-delig Portugees Keramiek Servies\"},{\"@type\":\"BreadcrumbList\",\"@id\":\"https:\\\/\\\/unrostore.com\\\/shop\\\/terrafina\\\/amazonia-blue\\\/cappuccino-mokken-blauw-amazonia-blue-2-delig\\\/#breadcrumb\",\"itemListElement\":[{\"@type\":\"ListItem\",\"position\":1,\"name\":\"Home\",\"item\":\"https:\\\/\\\/unrostore.com\\\/\"},{\"@type\":\"ListItem\",\"position\":2,\"name\":\"Shop\",\"item\":\"https:\\\/\\\/unrostore.com\\\/shop\\\/\"},{\"@type\":\"ListItem\",\"position\":3,\"name\":\"Cappuccino Mokken Blauw 350 ml Amazonia Blue &#8211; 2-delig\"}]},{\"@type\":\"WebSite\",\"@id\":\"https:\\\/\\\/unrostore.com\\\/#website\",\"url\":\"https:\\\/\\\/unrostore.com\\\/\",\"name\":\"UNRO\",\"description\":\"Portugees servies waar je blij van wordt!\",\"publisher\":{\"@id\":\"https:\\\/\\\/unrostore.com\\\/#organization\"},\"potentialAction\":[{\"@type\":\"SearchAction\",\"target\":{\"@type\":\"EntryPoint\",\"urlTemplate\":\"https:\\\/\\\/unrostore.com\\\/?s={search_term_string}\"},\"query-input\":{\"@type\":\"PropertyValueSpecification\",\"valueRequired\":true,\"valueName\":\"search_term_string\"}}],\"inLanguage\":\"de-AT\"},{\"@type\":\"Organization\",\"@id\":\"https:\\\/\\\/unrostore.com\\\/#organization\",\"name\":\"UNRO\",\"url\":\"https:\\\/\\\/unrostore.com\\\/\",\"logo\":{\"@type\":\"ImageObject\",\"inLanguage\":\"de-AT\",\"@id\":\"https:\\\/\\\/unrostore.com\\\/#\\\/schema\\\/logo\\\/image\\\/\",\"url\":\"https:\\\/\\\/unrostore.com\\\/wp-content\\\/uploads\\\/2022\\\/05\\\/Logo-UNRO.png\",\"contentUrl\":\"https:\\\/\\\/unrostore.com\\\/wp-content\\\/uploads\\\/2022\\\/05\\\/Logo-UNRO.png\",\"width\":605,\"height\":179,\"caption\":\"UNRO\"},\"image\":{\"@id\":\"https:\\\/\\\/unrostore.com\\\/#\\\/schema\\\/logo\\\/image\\\/\"}}]}<\/script>\n<!-- \/ Yoast SEO plugin. -->","yoast_head_json":{"title":"Cappuccinotassen Blau 350 ml Amazonia Blau - 2-teilig - UNRO","description":"Die Cappuccino Tassen Blau sind perfekt f\u00fcr Ihr B\u00fcro zu Hause, w\u00e4hrend der Tee- oder Kaffeezeit. Machen Sie auch einem Freund oder Familienmitglied eine Freude mit diesen Bechern!","robots":{"index":"index","follow":"follow","max-snippet":"max-snippet:-1","max-image-preview":"max-image-preview:large","max-video-preview":"max-video-preview:-1"},"canonical":"https:\/\/unrostore.com\/de-at\/shop\/terrafina\/amazonenblau\/cappuccinotassen-blau-amazonia-blau-2-stuck\/","og_locale":"de_DE","og_type":"article","og_title":"Cappuccino Mokken Blauw 350 ml Amazonia Blue - 2-delig &#8226; UNRO","og_description":"De Cappuccino Mokken Blauw zijn perfect voor jouw thuiskantoor, tijdens een high tea of koffietijd. Maak ook een vriend of familielid blij met deze mokken!","og_url":"https:\/\/unrostore.com\/de-at\/shop\/terrafina\/amazonenblau\/cappuccinotassen-blau-amazonia-blau-2-stuck\/","og_site_name":"UNRO","article_modified_time":"2026-01-19T20:38:15+00:00","og_image":[{"width":1440,"height":1440,"url":"https:\/\/unrostore.com\/wp-content\/uploads\/2022\/10\/unro-portugees-servies-amazonia-blue-cappuccino-mokken-2-delig-terrafina.jpg","type":"image\/jpeg"}],"twitter_card":"summary_large_image","schema":{"@context":"https:\/\/schema.org","@graph":[{"@type":"WebPage","@id":"https:\/\/unrostore.com\/shop\/terrafina\/amazonia-blue\/cappuccino-mokken-blauw-amazonia-blue-2-delig\/","url":"https:\/\/unrostore.com\/shop\/terrafina\/amazonia-blue\/cappuccino-mokken-blauw-amazonia-blue-2-delig\/","name":"Cappuccinotassen Blau 350 ml Amazonia Blau - 2-teilig - UNRO","isPartOf":{"@id":"https:\/\/unrostore.com\/#website"},"primaryImageOfPage":{"@id":"https:\/\/unrostore.com\/shop\/terrafina\/amazonia-blue\/cappuccino-mokken-blauw-amazonia-blue-2-delig\/#primaryimage"},"image":{"@id":"https:\/\/unrostore.com\/shop\/terrafina\/amazonia-blue\/cappuccino-mokken-blauw-amazonia-blue-2-delig\/#primaryimage"},"thumbnailUrl":"https:\/\/unrostore.com\/wp-content\/uploads\/2022\/10\/unro-portugees-servies-amazonia-blue-cappuccino-mokken-2-delig-terrafina.jpg","datePublished":"2022-10-16T14:27:34+00:00","dateModified":"2026-01-19T20:38:15+00:00","description":"Die Cappuccino Tassen Blau sind perfekt f\u00fcr Ihr B\u00fcro zu Hause, w\u00e4hrend der Tee- oder Kaffeezeit. Machen Sie auch einem Freund oder Familienmitglied eine Freude mit diesen Bechern!","breadcrumb":{"@id":"https:\/\/unrostore.com\/shop\/terrafina\/amazonia-blue\/cappuccino-mokken-blauw-amazonia-blue-2-delig\/#breadcrumb"},"inLanguage":"de-AT","potentialAction":[{"@type":"ReadAction","target":["https:\/\/unrostore.com\/shop\/terrafina\/amazonia-blue\/cappuccino-mokken-blauw-amazonia-blue-2-delig\/"]}]},{"@type":"ImageObject","inLanguage":"de-AT","@id":"https:\/\/unrostore.com\/shop\/terrafina\/amazonia-blue\/cappuccino-mokken-blauw-amazonia-blue-2-delig\/#primaryimage","url":"https:\/\/unrostore.com\/wp-content\/uploads\/2022\/10\/unro-portugees-servies-amazonia-blue-cappuccino-mokken-2-delig-terrafina.jpg","contentUrl":"https:\/\/unrostore.com\/wp-content\/uploads\/2022\/10\/unro-portugees-servies-amazonia-blue-cappuccino-mokken-2-delig-terrafina.jpg","width":1440,"height":1440,"caption":"Amazonia Blue Koffiemokken - 2-delig Portugees Keramiek Servies"},{"@type":"BreadcrumbList","@id":"https:\/\/unrostore.com\/shop\/terrafina\/amazonia-blue\/cappuccino-mokken-blauw-amazonia-blue-2-delig\/#breadcrumb","itemListElement":[{"@type":"ListItem","position":1,"name":"Home","item":"https:\/\/unrostore.com\/"},{"@type":"ListItem","position":2,"name":"Shop","item":"https:\/\/unrostore.com\/shop\/"},{"@type":"ListItem","position":3,"name":"Cappuccino Mokken Blauw 350 ml Amazonia Blue &#8211; 2-delig"}]},{"@type":"WebSite","@id":"https:\/\/unrostore.com\/#website","url":"https:\/\/unrostore.com\/","name":"UNRO","description":"Portugiesisches Geschirr, das Sie gl\u00fccklich machen wird!","publisher":{"@id":"https:\/\/unrostore.com\/#organization"},"potentialAction":[{"@type":"SearchAction","target":{"@type":"EntryPoint","urlTemplate":"https:\/\/unrostore.com\/?s={search_term_string}"},"query-input":{"@type":"PropertyValueSpecification","valueRequired":true,"valueName":"search_term_string"}}],"inLanguage":"de-AT"},{"@type":"Organization","@id":"https:\/\/unrostore.com\/#organization","name":"UNRO","url":"https:\/\/unrostore.com\/","logo":{"@type":"ImageObject","inLanguage":"de-AT","@id":"https:\/\/unrostore.com\/#\/schema\/logo\/image\/","url":"https:\/\/unrostore.com\/wp-content\/uploads\/2022\/05\/Logo-UNRO.png","contentUrl":"https:\/\/unrostore.com\/wp-content\/uploads\/2022\/05\/Logo-UNRO.png","width":605,"height":179,"caption":"UNRO"},"image":{"@id":"https:\/\/unrostore.com\/#\/schema\/logo\/image\/"}}]}},"_links":{"self":[{"href":"https:\/\/unrostore.com\/de-at\/wp-json\/wp\/v2\/product\/2206","targetHints":{"allow":["GET"]}}],"collection":[{"href":"https:\/\/unrostore.com\/de-at\/wp-json\/wp\/v2\/product"}],"about":[{"href":"https:\/\/unrostore.com\/de-at\/wp-json\/wp\/v2\/types\/product"}],"wp:featuredmedia":[{"embeddable":true,"href":"https:\/\/unrostore.com\/de-at\/wp-json\/wp\/v2\/media\/3541"}],"wp:attachment":[{"href":"https:\/\/unrostore.com\/de-at\/wp-json\/wp\/v2\/media?parent=2206"}],"wp:term":[{"taxonomy":"product_brand","embeddable":true,"href":"https:\/\/unrostore.com\/de-at\/wp-json\/wp\/v2\/product_brand?post=2206"},{"taxonomy":"product_cat","embeddable":true,"href":"https:\/\/unrostore.com\/de-at\/wp-json\/wp\/v2\/product_cat?post=2206"},{"taxonomy":"product_tag","embeddable":true,"href":"https:\/\/unrostore.com\/de-at\/wp-json\/wp\/v2\/product_tag?post=2206"}],"curies":[{"name":"wp","href":"https:\/\/api.w.org\/{rel}","templated":true}]}}