{"id":2145,"date":"2022-10-15T19:24:34","date_gmt":"2022-10-15T19:24:34","guid":{"rendered":"https:\/\/unrostore.com\/?post_type=product&#038;p=2145"},"modified":"2026-01-19T20:38:16","modified_gmt":"2026-01-19T20:38:16","slug":"espressotassen-amazonia-creme-2-stuck","status":"publish","type":"product","link":"https:\/\/unrostore.com\/de-at\/shop\/terrafina\/amazonia-creme\/espressotassen-amazonia-creme-2-stuck\/","title":{"rendered":"Espressotassen Creme 100 ml Amazonia Creme - 2 St\u00fcck"},"content":{"rendered":"<h3>Die perfekten Espresso-Tassen Creme Amazonia Cream<\/h3>\n<p>Die<strong> Espressotassen Creme Amazonia Cream<\/strong> durch portugiesische Marke <a href=\"https:\/\/www.terrafinastore.com\/en\/collections\/amazonia\">Terrafina<\/a> sind aus hochwertiger Keramik handgefertigt. <span style=\"font-weight: 400;\">Diese kleine Gr\u00f6\u00dfe ist besonders f\u00fcr Espressoliebhaber geeignet. Und wenn Sie nicht ohnehin schon ein Espresso-Fan waren, werden Sie es beim Anblick dieser Espressotassen mit Ohr werden. Die helle Cremefarbe bildet einen sch\u00f6nen Kontrast zu der dunklen Farbe des Kaffees. Ihr Espresso wird Ihnen viel besser schmecken, wenn Sie ihn aus diesen sch\u00f6nen cremefarbenen Espressotassen trinken! Siehe auch die <a href=\"https:\/\/unrostore.com\/de-at\/shop\/terrafina\/amazonia-creme\/amazonia-cream-mokken-2-delig\/\">Amazonia Cream Becher<\/a> und <a href=\"https:\/\/unrostore.com\/de-at\/shop\/terrafina\/amazonia-creme\/amazonia-cream-kommen-2-delig-kopie\/\">Amazonia Cream Schalen<\/a>.<\/span><\/p>\n<p>&nbsp;<\/p>\n<h3>Dies ist die Anzahl der Tassen, die Sie erhalten<\/h3>\n<ul>\n<li>2x Amazonia Cream Espressotassen (100 ml trinkbares Volumen)<\/li>\n<li>1x Terrafina Geschenkbox<\/li>\n<\/ul>\n<p>&nbsp;<\/p>\n<p><em><strong>Nachhaltig f\u00fcr Mensch und Umwelt:<\/strong><br \/>\nJedes Produkt ist ein Unikat, denn es wird in Handarbeit hergestellt.<br \/>\nDruck und Textur k\u00f6nnen daher leicht vom Produktfoto abweichen.<\/em><\/p>","protected":false},"excerpt":{"rendered":"<div class=\"usps\"><i class=\"far fa-check-circle\"><\/i> Mikrowellenfest<br \/>\n<i class=\"far fa-check-circle\"><\/i> Backofenfest (bis zu 200 Grad)<br \/>\n<i class=\"far fa-check-circle\"><\/i> Sp\u00fclmaschinentauglich<br \/>\n<i class=\"far fa-thumbs-up\"><\/i> Handgefertigt<\/div>","protected":false},"featured_media":3592,"template":"","meta":[],"product_brand":[],"product_cat":[869,144,307,132,119],"product_tag":[147,145,719,794,146,301,193,660,793,335,134,152,302,123],"class_list":{"0":"post-2145","1":"product","2":"type-product","3":"status-publish","4":"has-post-thumbnail","6":"product_cat-unro-cadeautips","7":"product_cat-amazonia-cream","8":"product_cat-espresso-kopjes","9":"product_cat-kopjes-en-mokken","10":"product_cat-terrafina","11":"product_tag-amazonia","12":"product_tag-amazonia-cream","13":"product_tag-beige-espresso-kopjes","14":"product_tag-beige-kopejs","15":"product_tag-cream","16":"product_tag-espresso","17":"product_tag-espresso-kopjes","18":"product_tag-espresso-kopjes-met-oor","19":"product_tag-espressokopjes-beige","20":"product_tag-expresso","21":"product_tag-kleine-mok","22":"product_tag-kleine-mokkenset","23":"product_tag-kopjes","24":"product_tag-terrafina","25":"product_shipping_class-pakket","27":"first","28":"instock","29":"sale","30":"taxable","31":"shipping-taxable","32":"purchasable","33":"product-type-simple"},"yoast_head":"<!-- This site is optimized with the Yoast SEO plugin v27.4 - https:\/\/yoast.com\/product\/yoast-seo-wordpress\/ -->\n<title>Espressokopjes Creme 100 ml Amazonia Cream - 2-delig &#8226; UNRO<\/title>\n<meta name=\"description\" content=\"Je espresso smaakt gelijk goed wanneer je deze drinkt uit de espressokopjes creme tijdens jouw koffietijd of high tea, voor de echte espresso liefhebber!\" \/>\n<meta name=\"robots\" content=\"index, follow, max-snippet:-1, max-image-preview:large, max-video-preview:-1\" \/>\n<link rel=\"canonical\" href=\"https:\/\/unrostore.com\/de-at\/shop\/terrafina\/amazonia-creme\/espressotassen-amazonia-creme-2-stuck\/\" \/>\n<meta property=\"og:locale\" content=\"de_DE\" \/>\n<meta property=\"og:type\" content=\"article\" \/>\n<meta property=\"og:title\" content=\"Espressokopjes Creme 100 ml Amazonia Cream - 2-delig &#8226; UNRO\" \/>\n<meta property=\"og:description\" content=\"Je espresso smaakt gelijk goed wanneer je deze drinkt uit de espressokopjes creme tijdens jouw koffietijd of high tea, voor de echte espresso liefhebber!\" \/>\n<meta property=\"og:url\" content=\"https:\/\/unrostore.com\/de-at\/shop\/terrafina\/amazonia-creme\/espressotassen-amazonia-creme-2-stuck\/\" \/>\n<meta property=\"og:site_name\" content=\"UNRO\" \/>\n<meta property=\"article:modified_time\" content=\"2026-01-19T20:38:16+00:00\" \/>\n<meta property=\"og:image\" content=\"https:\/\/unrostore.com\/wp-content\/uploads\/2022\/10\/unro-portugees-servies-terrafina-amazonia-cream-espresso-kopjes-2-delig.jpg\" \/>\n\t<meta property=\"og:image:width\" content=\"1440\" \/>\n\t<meta property=\"og:image:height\" content=\"1440\" \/>\n\t<meta property=\"og:image:type\" content=\"image\/jpeg\" \/>\n<meta name=\"twitter:card\" content=\"summary_large_image\" \/>\n<script type=\"application\/ld+json\" class=\"yoast-schema-graph\">{\"@context\":\"https:\\\/\\\/schema.org\",\"@graph\":[{\"@type\":\"WebPage\",\"@id\":\"https:\\\/\\\/unrostore.com\\\/shop\\\/terrafina\\\/amazonia-cream\\\/espressokopjes-creme-amazonia-cream-2-delig\\\/\",\"url\":\"https:\\\/\\\/unrostore.com\\\/shop\\\/terrafina\\\/amazonia-cream\\\/espressokopjes-creme-amazonia-cream-2-delig\\\/\",\"name\":\"Espressokopjes Creme 100 ml Amazonia Cream - 2-delig &#8226; UNRO\",\"isPartOf\":{\"@id\":\"https:\\\/\\\/unrostore.com\\\/#website\"},\"primaryImageOfPage\":{\"@id\":\"https:\\\/\\\/unrostore.com\\\/shop\\\/terrafina\\\/amazonia-cream\\\/espressokopjes-creme-amazonia-cream-2-delig\\\/#primaryimage\"},\"image\":{\"@id\":\"https:\\\/\\\/unrostore.com\\\/shop\\\/terrafina\\\/amazonia-cream\\\/espressokopjes-creme-amazonia-cream-2-delig\\\/#primaryimage\"},\"thumbnailUrl\":\"https:\\\/\\\/unrostore.com\\\/wp-content\\\/uploads\\\/2022\\\/10\\\/unro-portugees-servies-terrafina-amazonia-cream-espresso-kopjes-2-delig.jpg\",\"datePublished\":\"2022-10-15T19:24:34+00:00\",\"dateModified\":\"2026-01-19T20:38:16+00:00\",\"description\":\"Je espresso smaakt gelijk goed wanneer je deze drinkt uit de espressokopjes creme tijdens jouw koffietijd of high tea, voor de echte espresso liefhebber!\",\"breadcrumb\":{\"@id\":\"https:\\\/\\\/unrostore.com\\\/shop\\\/terrafina\\\/amazonia-cream\\\/espressokopjes-creme-amazonia-cream-2-delig\\\/#breadcrumb\"},\"inLanguage\":\"de-AT\",\"potentialAction\":[{\"@type\":\"ReadAction\",\"target\":[\"https:\\\/\\\/unrostore.com\\\/shop\\\/terrafina\\\/amazonia-cream\\\/espressokopjes-creme-amazonia-cream-2-delig\\\/\"]}]},{\"@type\":\"ImageObject\",\"inLanguage\":\"de-AT\",\"@id\":\"https:\\\/\\\/unrostore.com\\\/shop\\\/terrafina\\\/amazonia-cream\\\/espressokopjes-creme-amazonia-cream-2-delig\\\/#primaryimage\",\"url\":\"https:\\\/\\\/unrostore.com\\\/wp-content\\\/uploads\\\/2022\\\/10\\\/unro-portugees-servies-terrafina-amazonia-cream-espresso-kopjes-2-delig.jpg\",\"contentUrl\":\"https:\\\/\\\/unrostore.com\\\/wp-content\\\/uploads\\\/2022\\\/10\\\/unro-portugees-servies-terrafina-amazonia-cream-espresso-kopjes-2-delig.jpg\",\"width\":1440,\"height\":1440,\"caption\":\"Beige Espressokopjes Amazonia Cream - 2-delig Portugees Keramiek Servies\"},{\"@type\":\"BreadcrumbList\",\"@id\":\"https:\\\/\\\/unrostore.com\\\/shop\\\/terrafina\\\/amazonia-cream\\\/espressokopjes-creme-amazonia-cream-2-delig\\\/#breadcrumb\",\"itemListElement\":[{\"@type\":\"ListItem\",\"position\":1,\"name\":\"Home\",\"item\":\"https:\\\/\\\/unrostore.com\\\/\"},{\"@type\":\"ListItem\",\"position\":2,\"name\":\"Shop\",\"item\":\"https:\\\/\\\/unrostore.com\\\/shop\\\/\"},{\"@type\":\"ListItem\",\"position\":3,\"name\":\"Espressokopjes Creme 100 ml Amazonia Cream &#8211; 2-delig\"}]},{\"@type\":\"WebSite\",\"@id\":\"https:\\\/\\\/unrostore.com\\\/#website\",\"url\":\"https:\\\/\\\/unrostore.com\\\/\",\"name\":\"UNRO\",\"description\":\"Portugees servies waar je blij van wordt!\",\"publisher\":{\"@id\":\"https:\\\/\\\/unrostore.com\\\/#organization\"},\"potentialAction\":[{\"@type\":\"SearchAction\",\"target\":{\"@type\":\"EntryPoint\",\"urlTemplate\":\"https:\\\/\\\/unrostore.com\\\/?s={search_term_string}\"},\"query-input\":{\"@type\":\"PropertyValueSpecification\",\"valueRequired\":true,\"valueName\":\"search_term_string\"}}],\"inLanguage\":\"de-AT\"},{\"@type\":\"Organization\",\"@id\":\"https:\\\/\\\/unrostore.com\\\/#organization\",\"name\":\"UNRO\",\"url\":\"https:\\\/\\\/unrostore.com\\\/\",\"logo\":{\"@type\":\"ImageObject\",\"inLanguage\":\"de-AT\",\"@id\":\"https:\\\/\\\/unrostore.com\\\/#\\\/schema\\\/logo\\\/image\\\/\",\"url\":\"https:\\\/\\\/unrostore.com\\\/wp-content\\\/uploads\\\/2022\\\/05\\\/Logo-UNRO.png\",\"contentUrl\":\"https:\\\/\\\/unrostore.com\\\/wp-content\\\/uploads\\\/2022\\\/05\\\/Logo-UNRO.png\",\"width\":605,\"height\":179,\"caption\":\"UNRO\"},\"image\":{\"@id\":\"https:\\\/\\\/unrostore.com\\\/#\\\/schema\\\/logo\\\/image\\\/\"}}]}<\/script>\n<!-- \/ Yoast SEO plugin. -->","yoast_head_json":{"title":"Espressotassen Creme 100 ml Amazonien Creme - 2 St\u00fcck - UNRO","description":"Ihr Espresso schmeckt gut, wenn Sie ihn aus den Espresso-Creme-Tassen zur Kaffeezeit oder zum High Tea trinken, f\u00fcr den echten Espresso-Liebhaber!","robots":{"index":"index","follow":"follow","max-snippet":"max-snippet:-1","max-image-preview":"max-image-preview:large","max-video-preview":"max-video-preview:-1"},"canonical":"https:\/\/unrostore.com\/de-at\/shop\/terrafina\/amazonia-creme\/espressotassen-amazonia-creme-2-stuck\/","og_locale":"de_DE","og_type":"article","og_title":"Espressokopjes Creme 100 ml Amazonia Cream - 2-delig &#8226; UNRO","og_description":"Je espresso smaakt gelijk goed wanneer je deze drinkt uit de espressokopjes creme tijdens jouw koffietijd of high tea, voor de echte espresso liefhebber!","og_url":"https:\/\/unrostore.com\/de-at\/shop\/terrafina\/amazonia-creme\/espressotassen-amazonia-creme-2-stuck\/","og_site_name":"UNRO","article_modified_time":"2026-01-19T20:38:16+00:00","og_image":[{"width":1440,"height":1440,"url":"https:\/\/unrostore.com\/wp-content\/uploads\/2022\/10\/unro-portugees-servies-terrafina-amazonia-cream-espresso-kopjes-2-delig.jpg","type":"image\/jpeg"}],"twitter_card":"summary_large_image","schema":{"@context":"https:\/\/schema.org","@graph":[{"@type":"WebPage","@id":"https:\/\/unrostore.com\/shop\/terrafina\/amazonia-cream\/espressokopjes-creme-amazonia-cream-2-delig\/","url":"https:\/\/unrostore.com\/shop\/terrafina\/amazonia-cream\/espressokopjes-creme-amazonia-cream-2-delig\/","name":"Espressotassen Creme 100 ml Amazonien Creme - 2 St\u00fcck - UNRO","isPartOf":{"@id":"https:\/\/unrostore.com\/#website"},"primaryImageOfPage":{"@id":"https:\/\/unrostore.com\/shop\/terrafina\/amazonia-cream\/espressokopjes-creme-amazonia-cream-2-delig\/#primaryimage"},"image":{"@id":"https:\/\/unrostore.com\/shop\/terrafina\/amazonia-cream\/espressokopjes-creme-amazonia-cream-2-delig\/#primaryimage"},"thumbnailUrl":"https:\/\/unrostore.com\/wp-content\/uploads\/2022\/10\/unro-portugees-servies-terrafina-amazonia-cream-espresso-kopjes-2-delig.jpg","datePublished":"2022-10-15T19:24:34+00:00","dateModified":"2026-01-19T20:38:16+00:00","description":"Ihr Espresso schmeckt gut, wenn Sie ihn aus den Espresso-Creme-Tassen zur Kaffeezeit oder zum High Tea trinken, f\u00fcr den echten Espresso-Liebhaber!","breadcrumb":{"@id":"https:\/\/unrostore.com\/shop\/terrafina\/amazonia-cream\/espressokopjes-creme-amazonia-cream-2-delig\/#breadcrumb"},"inLanguage":"de-AT","potentialAction":[{"@type":"ReadAction","target":["https:\/\/unrostore.com\/shop\/terrafina\/amazonia-cream\/espressokopjes-creme-amazonia-cream-2-delig\/"]}]},{"@type":"ImageObject","inLanguage":"de-AT","@id":"https:\/\/unrostore.com\/shop\/terrafina\/amazonia-cream\/espressokopjes-creme-amazonia-cream-2-delig\/#primaryimage","url":"https:\/\/unrostore.com\/wp-content\/uploads\/2022\/10\/unro-portugees-servies-terrafina-amazonia-cream-espresso-kopjes-2-delig.jpg","contentUrl":"https:\/\/unrostore.com\/wp-content\/uploads\/2022\/10\/unro-portugees-servies-terrafina-amazonia-cream-espresso-kopjes-2-delig.jpg","width":1440,"height":1440,"caption":"Beige Espressokopjes Amazonia Cream - 2-delig Portugees Keramiek Servies"},{"@type":"BreadcrumbList","@id":"https:\/\/unrostore.com\/shop\/terrafina\/amazonia-cream\/espressokopjes-creme-amazonia-cream-2-delig\/#breadcrumb","itemListElement":[{"@type":"ListItem","position":1,"name":"Home","item":"https:\/\/unrostore.com\/"},{"@type":"ListItem","position":2,"name":"Shop","item":"https:\/\/unrostore.com\/shop\/"},{"@type":"ListItem","position":3,"name":"Espressokopjes Creme 100 ml Amazonia Cream &#8211; 2-delig"}]},{"@type":"WebSite","@id":"https:\/\/unrostore.com\/#website","url":"https:\/\/unrostore.com\/","name":"UNRO","description":"Portugiesisches Geschirr, das Sie gl\u00fccklich machen wird!","publisher":{"@id":"https:\/\/unrostore.com\/#organization"},"potentialAction":[{"@type":"SearchAction","target":{"@type":"EntryPoint","urlTemplate":"https:\/\/unrostore.com\/?s={search_term_string}"},"query-input":{"@type":"PropertyValueSpecification","valueRequired":true,"valueName":"search_term_string"}}],"inLanguage":"de-AT"},{"@type":"Organization","@id":"https:\/\/unrostore.com\/#organization","name":"UNRO","url":"https:\/\/unrostore.com\/","logo":{"@type":"ImageObject","inLanguage":"de-AT","@id":"https:\/\/unrostore.com\/#\/schema\/logo\/image\/","url":"https:\/\/unrostore.com\/wp-content\/uploads\/2022\/05\/Logo-UNRO.png","contentUrl":"https:\/\/unrostore.com\/wp-content\/uploads\/2022\/05\/Logo-UNRO.png","width":605,"height":179,"caption":"UNRO"},"image":{"@id":"https:\/\/unrostore.com\/#\/schema\/logo\/image\/"}}]}},"_links":{"self":[{"href":"https:\/\/unrostore.com\/de-at\/wp-json\/wp\/v2\/product\/2145","targetHints":{"allow":["GET"]}}],"collection":[{"href":"https:\/\/unrostore.com\/de-at\/wp-json\/wp\/v2\/product"}],"about":[{"href":"https:\/\/unrostore.com\/de-at\/wp-json\/wp\/v2\/types\/product"}],"wp:featuredmedia":[{"embeddable":true,"href":"https:\/\/unrostore.com\/de-at\/wp-json\/wp\/v2\/media\/3592"}],"wp:attachment":[{"href":"https:\/\/unrostore.com\/de-at\/wp-json\/wp\/v2\/media?parent=2145"}],"wp:term":[{"taxonomy":"product_brand","embeddable":true,"href":"https:\/\/unrostore.com\/de-at\/wp-json\/wp\/v2\/product_brand?post=2145"},{"taxonomy":"product_cat","embeddable":true,"href":"https:\/\/unrostore.com\/de-at\/wp-json\/wp\/v2\/product_cat?post=2145"},{"taxonomy":"product_tag","embeddable":true,"href":"https:\/\/unrostore.com\/de-at\/wp-json\/wp\/v2\/product_tag?post=2145"}],"curies":[{"name":"wp","href":"https:\/\/api.w.org\/{rel}","templated":true}]}}