{"id":2140,"date":"2022-10-15T19:20:57","date_gmt":"2022-10-15T19:20:57","guid":{"rendered":"https:\/\/unrostore.com\/?post_type=product&#038;p=2140"},"modified":"2026-02-16T16:30:49","modified_gmt":"2026-02-16T16:30:49","slug":"cappuccino-becher-amazonia-creme-2-stuck","status":"publish","type":"product","link":"https:\/\/unrostore.com\/de-at\/shop\/terrafina\/amazonia-creme\/cappuccino-becher-amazonia-creme-2-stuck\/","title":{"rendered":"Cappuccinotassen Creme 350 ml Amazonia Creme - 2-teilig"},"content":{"rendered":"<h3>Sehen Sie sich diese sch\u00f6ne, dezent bunte <strong>Cappuccinotassen Creme Amazonien Creme - 2 St\u00fcck<\/strong>\u00a0na ja! \ud83d\ude0d<\/h3>\n<p><span style=\"font-weight: 400;\">Die <strong>Cappuccinotassen Creme Amazonia Cream<\/strong> von <a href=\"https:\/\/www.terrafinastore.com\/en\/collections\/amazonia\">Terrafina<\/a> sind ideal f\u00fcr Ihren Kaffee, Cappuccino, Latte Macchiato, Chai Latte oder Tee zu jeder Tee- oder Kaffeezeit des Tages. Die helle Farbe der Tasse mit einem hellbraunen dekorativen Rand abgeschlossen macht eine sch\u00f6ne \u00dcbereinstimmung mit Ihrem Kaffee, Tee oder hei\u00dfe Schokolade. Die Teebecher sind sogar mikrowellen- und sp\u00fclmaschinenfest. Ideal also, um an kalten und regnerischen Tagen Ihre Schokomilch aufzuw\u00e4rmen. Die gro\u00dfen Kaffeebecher mit Ohrteil des <a href=\"https:\/\/unrostore.com\/de-at\/shop\/terrafina\/amazonia-creme\/amazonia-cream-serviesset-4-personen\/\">Geschirrset Amazonia Cream<\/a> und <a href=\"https:\/\/unrostore.com\/de-at\/shop\/terrafina\/amazonia-creme\/amazonia-cream-serveerkom\/\">Amazonia Cream Servierschale<\/a> so dass Sie sie perfekt kombinieren k\u00f6nnen. Beginnen Sie Ihren Tag mit einem L\u00e4cheln, indem Sie einen guten Morgenkaffee aus dem Amazonia Cream Mug trinken.\u00a0<\/span><\/p>\n<p>\u00a0<\/p>\n<h3>Dies ist die Anzahl der Tassen, die Sie erhalten werden<\/h3>\n<ul>\n<li>4x Amazonia Cream Cappuccino Becher (350ml Trinkvolumen)<\/li>\n<li>1x Terrafina Geschenkbox<\/li>\n<\/ul>\n<p>\u00a0<\/p>\n<p><em><strong>Duurzaam voor mens & milieu:<\/strong><br \/>\nJedes Produkt ist ein Unikat, denn es wird in Handarbeit hergestellt.<br \/>\nDruck und Textur k\u00f6nnen daher leicht vom Produktfoto abweichen.<\/em><\/p>","protected":false},"excerpt":{"rendered":"<div class=\"usps\"><i class=\"far fa-check-circle\"><\/i> Mikrowellenfest<br \/>\n<i class=\"far fa-check-circle\"><\/i> Backofenfest (bis zu 200 Grad)<br \/>\n<i class=\"far fa-check-circle\"><\/i> Sp\u00fclmaschinentauglich<br \/>\n<i class=\"far fa-thumbs-up\"><\/i> Handgefertigt<\/div>","protected":false},"featured_media":3590,"template":"","meta":[],"product_brand":[],"product_cat":[869,316,144,132,871,119],"product_tag":[145,788,309,634,233,639,689,703,638,626,690,633,789,790,123,637,632],"class_list":{"0":"post-2140","1":"product","2":"type-product","3":"status-publish","4":"has-post-thumbnail","6":"product_cat-unro-cadeautips","7":"product_cat-cappuccino-mokken","8":"product_cat-amazonia-cream","9":"product_cat-kopjes-en-mokken","10":"product_cat-unro-populair-portugees-keramiek","11":"product_cat-terrafina","12":"product_tag-amazonia-cream","13":"product_tag-beige-mokken","14":"product_tag-cappuccino-mokken","15":"product_tag-chai-latte","16":"product_tag-creme","17":"product_tag-grote-mokken","18":"product_tag-high-tea","19":"product_tag-koffie-met-gebak","20":"product_tag-koffiekopjes","21":"product_tag-koffiemokken","22":"product_tag-koffietijd","23":"product_tag-latte-macchiato","24":"product_tag-mokken-beige","25":"product_tag-mokken-met-oor","26":"product_tag-terrafina","27":"product_tag-theekopjes","28":"product_tag-theemokken","29":"product_shipping_class-pakket","31":"first","32":"instock","33":"sale","34":"taxable","35":"shipping-taxable","36":"purchasable","37":"product-type-simple"},"yoast_head":"<!-- This site is optimized with the Yoast SEO plugin v27.6 - https:\/\/yoast.com\/product\/yoast-seo-wordpress\/ -->\n<title>Cappuccino Mokken Creme 350 ml Amazonia Cream - 2-delig &#8226; UNRO<\/title>\n<meta name=\"description\" content=\"De Cappuccino Mokken Creme zijn ideaal voor jouw koffie of thee op elk moment van de dag of tijdens een high tea en bezorgen jou keer op keer een glimlach!\" \/>\n<meta name=\"robots\" content=\"index, follow, max-snippet:-1, max-image-preview:large, max-video-preview:-1\" \/>\n<link rel=\"canonical\" href=\"https:\/\/unrostore.com\/de-at\/shop\/terrafina\/amazonia-creme\/cappuccino-becher-amazonia-creme-2-stuck\/\" \/>\n<meta property=\"og:locale\" content=\"de_DE\" \/>\n<meta property=\"og:type\" content=\"article\" \/>\n<meta property=\"og:title\" content=\"Cappuccino Mokken Creme 350 ml Amazonia Cream - 2-delig &#8226; UNRO\" \/>\n<meta property=\"og:description\" content=\"De Cappuccino Mokken Creme zijn ideaal voor jouw koffie of thee op elk moment van de dag of tijdens een high tea en bezorgen jou keer op keer een glimlach!\" \/>\n<meta property=\"og:url\" content=\"https:\/\/unrostore.com\/de-at\/shop\/terrafina\/amazonia-creme\/cappuccino-becher-amazonia-creme-2-stuck\/\" \/>\n<meta property=\"og:site_name\" content=\"UNRO\" \/>\n<meta property=\"article:modified_time\" content=\"2026-02-16T16:30:49+00:00\" \/>\n<meta property=\"og:image\" content=\"https:\/\/unrostore.com\/wp-content\/uploads\/2022\/10\/unro-portugees-servies-terrafina-amazonia-cream-cappuccino-mokken-2-delig.jpg\" \/>\n\t<meta property=\"og:image:width\" content=\"1440\" \/>\n\t<meta property=\"og:image:height\" content=\"1440\" \/>\n\t<meta property=\"og:image:type\" content=\"image\/jpeg\" \/>\n<meta name=\"twitter:card\" content=\"summary_large_image\" \/>\n<script type=\"application\/ld+json\" class=\"yoast-schema-graph\">{\"@context\":\"https:\\\/\\\/schema.org\",\"@graph\":[{\"@type\":\"WebPage\",\"@id\":\"https:\\\/\\\/unrostore.com\\\/shop\\\/terrafina\\\/amazonia-cream\\\/cappuccino-mokken-creme-amazonia-cream-2-delig\\\/\",\"url\":\"https:\\\/\\\/unrostore.com\\\/shop\\\/terrafina\\\/amazonia-cream\\\/cappuccino-mokken-creme-amazonia-cream-2-delig\\\/\",\"name\":\"Cappuccino Mokken Creme 350 ml Amazonia Cream - 2-delig &#8226; UNRO\",\"isPartOf\":{\"@id\":\"https:\\\/\\\/unrostore.com\\\/#website\"},\"primaryImageOfPage\":{\"@id\":\"https:\\\/\\\/unrostore.com\\\/shop\\\/terrafina\\\/amazonia-cream\\\/cappuccino-mokken-creme-amazonia-cream-2-delig\\\/#primaryimage\"},\"image\":{\"@id\":\"https:\\\/\\\/unrostore.com\\\/shop\\\/terrafina\\\/amazonia-cream\\\/cappuccino-mokken-creme-amazonia-cream-2-delig\\\/#primaryimage\"},\"thumbnailUrl\":\"https:\\\/\\\/unrostore.com\\\/wp-content\\\/uploads\\\/2022\\\/10\\\/unro-portugees-servies-terrafina-amazonia-cream-cappuccino-mokken-2-delig.jpg\",\"datePublished\":\"2022-10-15T19:20:57+00:00\",\"dateModified\":\"2026-02-16T16:30:49+00:00\",\"description\":\"De Cappuccino Mokken Creme zijn ideaal voor jouw koffie of thee op elk moment van de dag of tijdens een high tea en bezorgen jou keer op keer een glimlach!\",\"breadcrumb\":{\"@id\":\"https:\\\/\\\/unrostore.com\\\/shop\\\/terrafina\\\/amazonia-cream\\\/cappuccino-mokken-creme-amazonia-cream-2-delig\\\/#breadcrumb\"},\"inLanguage\":\"de-AT\",\"potentialAction\":[{\"@type\":\"ReadAction\",\"target\":[\"https:\\\/\\\/unrostore.com\\\/shop\\\/terrafina\\\/amazonia-cream\\\/cappuccino-mokken-creme-amazonia-cream-2-delig\\\/\"]}]},{\"@type\":\"ImageObject\",\"inLanguage\":\"de-AT\",\"@id\":\"https:\\\/\\\/unrostore.com\\\/shop\\\/terrafina\\\/amazonia-cream\\\/cappuccino-mokken-creme-amazonia-cream-2-delig\\\/#primaryimage\",\"url\":\"https:\\\/\\\/unrostore.com\\\/wp-content\\\/uploads\\\/2022\\\/10\\\/unro-portugees-servies-terrafina-amazonia-cream-cappuccino-mokken-2-delig.jpg\",\"contentUrl\":\"https:\\\/\\\/unrostore.com\\\/wp-content\\\/uploads\\\/2022\\\/10\\\/unro-portugees-servies-terrafina-amazonia-cream-cappuccino-mokken-2-delig.jpg\",\"width\":1440,\"height\":1440,\"caption\":\"Beige Mokken Amazonia Cream - 2-delig Portugees Keramiek Servies\"},{\"@type\":\"BreadcrumbList\",\"@id\":\"https:\\\/\\\/unrostore.com\\\/shop\\\/terrafina\\\/amazonia-cream\\\/cappuccino-mokken-creme-amazonia-cream-2-delig\\\/#breadcrumb\",\"itemListElement\":[{\"@type\":\"ListItem\",\"position\":1,\"name\":\"Home\",\"item\":\"https:\\\/\\\/unrostore.com\\\/\"},{\"@type\":\"ListItem\",\"position\":2,\"name\":\"Shop\",\"item\":\"https:\\\/\\\/unrostore.com\\\/shop\\\/\"},{\"@type\":\"ListItem\",\"position\":3,\"name\":\"Cappuccino Mokken Creme 350 ml Amazonia Cream &#8211; 2-delig\"}]},{\"@type\":\"WebSite\",\"@id\":\"https:\\\/\\\/unrostore.com\\\/#website\",\"url\":\"https:\\\/\\\/unrostore.com\\\/\",\"name\":\"UNRO\",\"description\":\"Portugees servies waar je blij van wordt!\",\"publisher\":{\"@id\":\"https:\\\/\\\/unrostore.com\\\/#organization\"},\"potentialAction\":[{\"@type\":\"SearchAction\",\"target\":{\"@type\":\"EntryPoint\",\"urlTemplate\":\"https:\\\/\\\/unrostore.com\\\/?s={search_term_string}\"},\"query-input\":{\"@type\":\"PropertyValueSpecification\",\"valueRequired\":true,\"valueName\":\"search_term_string\"}}],\"inLanguage\":\"de-AT\"},{\"@type\":\"Organization\",\"@id\":\"https:\\\/\\\/unrostore.com\\\/#organization\",\"name\":\"UNRO\",\"url\":\"https:\\\/\\\/unrostore.com\\\/\",\"logo\":{\"@type\":\"ImageObject\",\"inLanguage\":\"de-AT\",\"@id\":\"https:\\\/\\\/unrostore.com\\\/#\\\/schema\\\/logo\\\/image\\\/\",\"url\":\"https:\\\/\\\/unrostore.com\\\/wp-content\\\/uploads\\\/2022\\\/05\\\/Logo-UNRO.png\",\"contentUrl\":\"https:\\\/\\\/unrostore.com\\\/wp-content\\\/uploads\\\/2022\\\/05\\\/Logo-UNRO.png\",\"width\":605,\"height\":179,\"caption\":\"UNRO\"},\"image\":{\"@id\":\"https:\\\/\\\/unrostore.com\\\/#\\\/schema\\\/logo\\\/image\\\/\"}}]}<\/script>\n<!-- \/ Yoast SEO plugin. -->","yoast_head_json":{"title":"Cappuccinotassen Creme 350 ml Amazonia Creme - 2-teilig - UNRO","description":"Ideal f\u00fcr Ihren Kaffee oder Tee zu jeder Tageszeit oder w\u00e4hrend eines High Tea, die Cappuccino Tassen Creme werden Ihnen jedes Mal ein L\u00e4cheln ins Gesicht zaubern!","robots":{"index":"index","follow":"follow","max-snippet":"max-snippet:-1","max-image-preview":"max-image-preview:large","max-video-preview":"max-video-preview:-1"},"canonical":"https:\/\/unrostore.com\/de-at\/shop\/terrafina\/amazonia-creme\/cappuccino-becher-amazonia-creme-2-stuck\/","og_locale":"de_DE","og_type":"article","og_title":"Cappuccino Mokken Creme 350 ml Amazonia Cream - 2-delig &#8226; UNRO","og_description":"De Cappuccino Mokken Creme zijn ideaal voor jouw koffie of thee op elk moment van de dag of tijdens een high tea en bezorgen jou keer op keer een glimlach!","og_url":"https:\/\/unrostore.com\/de-at\/shop\/terrafina\/amazonia-creme\/cappuccino-becher-amazonia-creme-2-stuck\/","og_site_name":"UNRO","article_modified_time":"2026-02-16T16:30:49+00:00","og_image":[{"width":1440,"height":1440,"url":"https:\/\/unrostore.com\/wp-content\/uploads\/2022\/10\/unro-portugees-servies-terrafina-amazonia-cream-cappuccino-mokken-2-delig.jpg","type":"image\/jpeg"}],"twitter_card":"summary_large_image","schema":{"@context":"https:\/\/schema.org","@graph":[{"@type":"WebPage","@id":"https:\/\/unrostore.com\/shop\/terrafina\/amazonia-cream\/cappuccino-mokken-creme-amazonia-cream-2-delig\/","url":"https:\/\/unrostore.com\/shop\/terrafina\/amazonia-cream\/cappuccino-mokken-creme-amazonia-cream-2-delig\/","name":"Cappuccinotassen Creme 350 ml Amazonia Creme - 2-teilig - UNRO","isPartOf":{"@id":"https:\/\/unrostore.com\/#website"},"primaryImageOfPage":{"@id":"https:\/\/unrostore.com\/shop\/terrafina\/amazonia-cream\/cappuccino-mokken-creme-amazonia-cream-2-delig\/#primaryimage"},"image":{"@id":"https:\/\/unrostore.com\/shop\/terrafina\/amazonia-cream\/cappuccino-mokken-creme-amazonia-cream-2-delig\/#primaryimage"},"thumbnailUrl":"https:\/\/unrostore.com\/wp-content\/uploads\/2022\/10\/unro-portugees-servies-terrafina-amazonia-cream-cappuccino-mokken-2-delig.jpg","datePublished":"2022-10-15T19:20:57+00:00","dateModified":"2026-02-16T16:30:49+00:00","description":"Ideal f\u00fcr Ihren Kaffee oder Tee zu jeder Tageszeit oder w\u00e4hrend eines High Tea, die Cappuccino Tassen Creme werden Ihnen jedes Mal ein L\u00e4cheln ins Gesicht zaubern!","breadcrumb":{"@id":"https:\/\/unrostore.com\/shop\/terrafina\/amazonia-cream\/cappuccino-mokken-creme-amazonia-cream-2-delig\/#breadcrumb"},"inLanguage":"de-AT","potentialAction":[{"@type":"ReadAction","target":["https:\/\/unrostore.com\/shop\/terrafina\/amazonia-cream\/cappuccino-mokken-creme-amazonia-cream-2-delig\/"]}]},{"@type":"ImageObject","inLanguage":"de-AT","@id":"https:\/\/unrostore.com\/shop\/terrafina\/amazonia-cream\/cappuccino-mokken-creme-amazonia-cream-2-delig\/#primaryimage","url":"https:\/\/unrostore.com\/wp-content\/uploads\/2022\/10\/unro-portugees-servies-terrafina-amazonia-cream-cappuccino-mokken-2-delig.jpg","contentUrl":"https:\/\/unrostore.com\/wp-content\/uploads\/2022\/10\/unro-portugees-servies-terrafina-amazonia-cream-cappuccino-mokken-2-delig.jpg","width":1440,"height":1440,"caption":"Beige Mokken Amazonia Cream - 2-delig Portugees Keramiek Servies"},{"@type":"BreadcrumbList","@id":"https:\/\/unrostore.com\/shop\/terrafina\/amazonia-cream\/cappuccino-mokken-creme-amazonia-cream-2-delig\/#breadcrumb","itemListElement":[{"@type":"ListItem","position":1,"name":"Home","item":"https:\/\/unrostore.com\/"},{"@type":"ListItem","position":2,"name":"Shop","item":"https:\/\/unrostore.com\/shop\/"},{"@type":"ListItem","position":3,"name":"Cappuccino Mokken Creme 350 ml Amazonia Cream &#8211; 2-delig"}]},{"@type":"WebSite","@id":"https:\/\/unrostore.com\/#website","url":"https:\/\/unrostore.com\/","name":"UNRO","description":"Portugiesisches Geschirr, das Sie gl\u00fccklich machen wird!","publisher":{"@id":"https:\/\/unrostore.com\/#organization"},"potentialAction":[{"@type":"SearchAction","target":{"@type":"EntryPoint","urlTemplate":"https:\/\/unrostore.com\/?s={search_term_string}"},"query-input":{"@type":"PropertyValueSpecification","valueRequired":true,"valueName":"search_term_string"}}],"inLanguage":"de-AT"},{"@type":"Organization","@id":"https:\/\/unrostore.com\/#organization","name":"UNRO","url":"https:\/\/unrostore.com\/","logo":{"@type":"ImageObject","inLanguage":"de-AT","@id":"https:\/\/unrostore.com\/#\/schema\/logo\/image\/","url":"https:\/\/unrostore.com\/wp-content\/uploads\/2022\/05\/Logo-UNRO.png","contentUrl":"https:\/\/unrostore.com\/wp-content\/uploads\/2022\/05\/Logo-UNRO.png","width":605,"height":179,"caption":"UNRO"},"image":{"@id":"https:\/\/unrostore.com\/#\/schema\/logo\/image\/"}}]}},"_links":{"self":[{"href":"https:\/\/unrostore.com\/de-at\/wp-json\/wp\/v2\/product\/2140","targetHints":{"allow":["GET"]}}],"collection":[{"href":"https:\/\/unrostore.com\/de-at\/wp-json\/wp\/v2\/product"}],"about":[{"href":"https:\/\/unrostore.com\/de-at\/wp-json\/wp\/v2\/types\/product"}],"wp:featuredmedia":[{"embeddable":true,"href":"https:\/\/unrostore.com\/de-at\/wp-json\/wp\/v2\/media\/3590"}],"wp:attachment":[{"href":"https:\/\/unrostore.com\/de-at\/wp-json\/wp\/v2\/media?parent=2140"}],"wp:term":[{"taxonomy":"product_brand","embeddable":true,"href":"https:\/\/unrostore.com\/de-at\/wp-json\/wp\/v2\/product_brand?post=2140"},{"taxonomy":"product_cat","embeddable":true,"href":"https:\/\/unrostore.com\/de-at\/wp-json\/wp\/v2\/product_cat?post=2140"},{"taxonomy":"product_tag","embeddable":true,"href":"https:\/\/unrostore.com\/de-at\/wp-json\/wp\/v2\/product_tag?post=2140"}],"curies":[{"name":"wp","href":"https:\/\/api.w.org\/{rel}","templated":true}]}}