{"id":2124,"date":"2022-10-15T18:55:26","date_gmt":"2022-10-15T18:55:26","guid":{"rendered":"https:\/\/unrostore.com\/?post_type=product&#038;p=2124"},"modified":"2026-01-19T20:38:17","modified_gmt":"2026-01-19T20:38:17","slug":"geschirrset-amazonia-creme-4-personen","status":"publish","type":"product","link":"https:\/\/unrostore.com\/de-at\/shop\/terrafina\/amazonia-creme\/geschirrset-amazonia-creme-4-personen\/","title":{"rendered":"Geschirrset Creme Amazonia Cream - 4 Personen"},"content":{"rendered":"<h3>Das sch\u00f6ne Geschirrset Creme Amazonia Cream - 4 Personen<\/h3>\n<p>Die cremefarbene<strong> Geschirrset Creme Amazonia Cream - 4 Personen<\/strong> von <a href=\"https:\/\/www.terrafinastore.com\/en\/collections\/amazonia\">Terrafina<\/a> wird in Portugal aus hochwertiger Keramik handgefertigt. <span style=\"font-weight: 400;\">Verwenden Sie das Geschirrset einfach separat zum Fr\u00fchst\u00fcck f\u00fcr den t\u00e4glichen Gebrauch oder kombinieren Sie das Set, wenn Sie eine Dinnerparty geben und beeindrucken wollen. Das Geschirrset schafft mit seiner sch\u00f6nen hellbeigen Cremefarbe Harmonie auf Ihrem Tisch beim Mittag- oder Abendessen und l\u00e4sst sich leicht mit dem passenden <a href=\"https:\/\/unrostore.com\/de-at\/shop\/terrafina\/amazonia-creme\/amazonia-cream-espresso-kopjes-2-delig\/\">Amazonia Cream Espresso Tassen<\/a>, <a href=\"https:\/\/unrostore.com\/de-at\/shop\/terrafina\/amazonia-creme\/amazonia-cream-mokken-2-delig\/\">Amazonia Cream Cappuccino Becher<\/a> ob die <a href=\"https:\/\/unrostore.com\/de-at\/shop\/terrafina\/amazonia-creme\/amazonia-cream-serveerkom\/\">Amazonia Cream Servierschale<\/a>.<\/span><\/p>\n<p>&nbsp;<\/p>\n<h3>Dies ist die Nummer, die Sie zugestellt bekommen<\/h3>\n<ul>\n<li>4x Amazonia Cream Schale \u00f8 15 cm<\/li>\n<li>4x Amazonia Cream Fr\u00fchst\u00fccksteller \u00f8 22,5 cm<\/li>\n<li>4x Amazonia Cream Essteller \u00f8 28,5 cm<\/li>\n<li>4x Terrafina Geschenkbox<\/li>\n<\/ul>\n<p>&nbsp;<\/p>\n<p><em><strong>Nachhaltig f\u00fcr Mensch und Umwelt:<\/strong><br \/>\nJedes Produkt ist ein Unikat, denn es wird in Handarbeit hergestellt.<br \/>\nDruck und Textur k\u00f6nnen daher leicht vom Produktfoto abweichen.<\/em><\/p>","protected":false},"excerpt":{"rendered":"<div class=\"usps\"><i class=\"far fa-check-circle\"><\/i> Mikrowellenfest<br \/>\n<i class=\"far fa-check-circle\"><\/i> Backofenfest (bis zu 200 Grad)<br \/>\n<i class=\"far fa-check-circle\"><\/i> Sp\u00fclmaschinentauglich<br \/>\n<i class=\"far fa-thumbs-up\"><\/i> Handgefertigt<\/div>","protected":false},"featured_media":3603,"template":"","meta":[],"product_brand":[],"product_cat":[729,144,122,119],"product_tag":[647,145,768,618,653,125,337,767,646],"class_list":{"0":"post-2124","1":"product","2":"type-product","3":"status-publish","4":"has-post-thumbnail","6":"product_cat-12-delig-servies-schaaltjes","7":"product_cat-amazonia-cream","8":"product_cat-serviesset","9":"product_cat-terrafina","10":"product_tag-12-delige-serviesset","11":"product_tag-amazonia-cream","12":"product_tag-beige-serviesset","13":"product_tag-creme-serviesset","14":"product_tag-servies-creme","15":"product_tag-serviesset","16":"product_tag-serviesset-4-personen","17":"product_tag-serviesset-beige","18":"product_tag-serviesset-met-kommen","19":"product_shipping_class-pakket","21":"first","22":"outofstock","23":"sale","24":"taxable","25":"shipping-taxable","26":"purchasable","27":"product-type-simple"},"yoast_head":"<!-- This site is optimized with the Yoast SEO plugin v27.4 - https:\/\/yoast.com\/product\/yoast-seo-wordpress\/ -->\n<title>Serviesset Creme Amazonia Cream - 4 personen &#8226; UNRO<\/title>\n<meta name=\"description\" content=\"De Serviesset Creme Amazonia Cream zorgt voor harmonie op jouw tafel met zijn mooie creme kleur. Bekijk nu de gehele collectie exclusief bij UNRO.\" \/>\n<meta name=\"robots\" content=\"index, follow, max-snippet:-1, max-image-preview:large, max-video-preview:-1\" \/>\n<link rel=\"canonical\" href=\"https:\/\/unrostore.com\/de-at\/shop\/terrafina\/amazonia-creme\/geschirrset-amazonia-creme-4-personen\/\" \/>\n<meta property=\"og:locale\" content=\"de_DE\" \/>\n<meta property=\"og:type\" content=\"article\" \/>\n<meta property=\"og:title\" content=\"Serviesset Creme Amazonia Cream - 4 personen &#8226; UNRO\" \/>\n<meta property=\"og:description\" content=\"De Serviesset Creme Amazonia Cream zorgt voor harmonie op jouw tafel met zijn mooie creme kleur. Bekijk nu de gehele collectie exclusief bij UNRO.\" \/>\n<meta property=\"og:url\" content=\"https:\/\/unrostore.com\/de-at\/shop\/terrafina\/amazonia-creme\/geschirrset-amazonia-creme-4-personen\/\" \/>\n<meta property=\"og:site_name\" content=\"UNRO\" \/>\n<meta property=\"article:modified_time\" content=\"2026-01-19T20:38:17+00:00\" \/>\n<meta property=\"og:image\" content=\"https:\/\/unrostore.com\/wp-content\/uploads\/2022\/10\/unro-portugees-servies-amazonia-cream-serviesset-4-personen-terrafina.jpg\" \/>\n\t<meta property=\"og:image:width\" content=\"1440\" \/>\n\t<meta property=\"og:image:height\" content=\"1440\" \/>\n\t<meta property=\"og:image:type\" content=\"image\/jpeg\" \/>\n<meta name=\"twitter:card\" content=\"summary_large_image\" \/>\n<script type=\"application\/ld+json\" class=\"yoast-schema-graph\">{\"@context\":\"https:\\\/\\\/schema.org\",\"@graph\":[{\"@type\":\"WebPage\",\"@id\":\"https:\\\/\\\/unrostore.com\\\/shop\\\/terrafina\\\/amazonia-cream\\\/serviesset-creme-amazonia-cream-4-personen\\\/\",\"url\":\"https:\\\/\\\/unrostore.com\\\/shop\\\/terrafina\\\/amazonia-cream\\\/serviesset-creme-amazonia-cream-4-personen\\\/\",\"name\":\"Serviesset Creme Amazonia Cream - 4 personen &#8226; UNRO\",\"isPartOf\":{\"@id\":\"https:\\\/\\\/unrostore.com\\\/#website\"},\"primaryImageOfPage\":{\"@id\":\"https:\\\/\\\/unrostore.com\\\/shop\\\/terrafina\\\/amazonia-cream\\\/serviesset-creme-amazonia-cream-4-personen\\\/#primaryimage\"},\"image\":{\"@id\":\"https:\\\/\\\/unrostore.com\\\/shop\\\/terrafina\\\/amazonia-cream\\\/serviesset-creme-amazonia-cream-4-personen\\\/#primaryimage\"},\"thumbnailUrl\":\"https:\\\/\\\/unrostore.com\\\/wp-content\\\/uploads\\\/2022\\\/10\\\/unro-portugees-servies-amazonia-cream-serviesset-4-personen-terrafina.jpg\",\"datePublished\":\"2022-10-15T18:55:26+00:00\",\"dateModified\":\"2026-01-19T20:38:17+00:00\",\"description\":\"De Serviesset Creme Amazonia Cream zorgt voor harmonie op jouw tafel met zijn mooie creme kleur. Bekijk nu de gehele collectie exclusief bij UNRO.\",\"breadcrumb\":{\"@id\":\"https:\\\/\\\/unrostore.com\\\/shop\\\/terrafina\\\/amazonia-cream\\\/serviesset-creme-amazonia-cream-4-personen\\\/#breadcrumb\"},\"inLanguage\":\"de-AT\",\"potentialAction\":[{\"@type\":\"ReadAction\",\"target\":[\"https:\\\/\\\/unrostore.com\\\/shop\\\/terrafina\\\/amazonia-cream\\\/serviesset-creme-amazonia-cream-4-personen\\\/\"]}]},{\"@type\":\"ImageObject\",\"inLanguage\":\"de-AT\",\"@id\":\"https:\\\/\\\/unrostore.com\\\/shop\\\/terrafina\\\/amazonia-cream\\\/serviesset-creme-amazonia-cream-4-personen\\\/#primaryimage\",\"url\":\"https:\\\/\\\/unrostore.com\\\/wp-content\\\/uploads\\\/2022\\\/10\\\/unro-portugees-servies-amazonia-cream-serviesset-4-personen-terrafina.jpg\",\"contentUrl\":\"https:\\\/\\\/unrostore.com\\\/wp-content\\\/uploads\\\/2022\\\/10\\\/unro-portugees-servies-amazonia-cream-serviesset-4-personen-terrafina.jpg\",\"width\":1440,\"height\":1440,\"caption\":\"Amazonia Cream Serviesset - 4-personen van Terrafina Portugees Keramiek Servies exclusief bij UNRO.\"},{\"@type\":\"BreadcrumbList\",\"@id\":\"https:\\\/\\\/unrostore.com\\\/shop\\\/terrafina\\\/amazonia-cream\\\/serviesset-creme-amazonia-cream-4-personen\\\/#breadcrumb\",\"itemListElement\":[{\"@type\":\"ListItem\",\"position\":1,\"name\":\"Home\",\"item\":\"https:\\\/\\\/unrostore.com\\\/\"},{\"@type\":\"ListItem\",\"position\":2,\"name\":\"Shop\",\"item\":\"https:\\\/\\\/unrostore.com\\\/shop\\\/\"},{\"@type\":\"ListItem\",\"position\":3,\"name\":\"Serviesset Creme Amazonia Cream &#8211; 4 personen\"}]},{\"@type\":\"WebSite\",\"@id\":\"https:\\\/\\\/unrostore.com\\\/#website\",\"url\":\"https:\\\/\\\/unrostore.com\\\/\",\"name\":\"UNRO\",\"description\":\"Portugees servies waar je blij van wordt!\",\"publisher\":{\"@id\":\"https:\\\/\\\/unrostore.com\\\/#organization\"},\"potentialAction\":[{\"@type\":\"SearchAction\",\"target\":{\"@type\":\"EntryPoint\",\"urlTemplate\":\"https:\\\/\\\/unrostore.com\\\/?s={search_term_string}\"},\"query-input\":{\"@type\":\"PropertyValueSpecification\",\"valueRequired\":true,\"valueName\":\"search_term_string\"}}],\"inLanguage\":\"de-AT\"},{\"@type\":\"Organization\",\"@id\":\"https:\\\/\\\/unrostore.com\\\/#organization\",\"name\":\"UNRO\",\"url\":\"https:\\\/\\\/unrostore.com\\\/\",\"logo\":{\"@type\":\"ImageObject\",\"inLanguage\":\"de-AT\",\"@id\":\"https:\\\/\\\/unrostore.com\\\/#\\\/schema\\\/logo\\\/image\\\/\",\"url\":\"https:\\\/\\\/unrostore.com\\\/wp-content\\\/uploads\\\/2022\\\/05\\\/Logo-UNRO.png\",\"contentUrl\":\"https:\\\/\\\/unrostore.com\\\/wp-content\\\/uploads\\\/2022\\\/05\\\/Logo-UNRO.png\",\"width\":605,\"height\":179,\"caption\":\"UNRO\"},\"image\":{\"@id\":\"https:\\\/\\\/unrostore.com\\\/#\\\/schema\\\/logo\\\/image\\\/\"}}]}<\/script>\n<!-- \/ Yoast SEO plugin. -->","yoast_head_json":{"title":"Geschirrset Creme Amazonia Cream - 4 Personen - UNRO","description":"Das Servier-Set Creme Amazonia Cream sorgt mit seiner sch\u00f6nen Cremefarbe f\u00fcr Harmonie auf Ihrem Tisch. Sehen Sie sich die gesamte Kollektion jetzt exklusiv bei UNRO an.","robots":{"index":"index","follow":"follow","max-snippet":"max-snippet:-1","max-image-preview":"max-image-preview:large","max-video-preview":"max-video-preview:-1"},"canonical":"https:\/\/unrostore.com\/de-at\/shop\/terrafina\/amazonia-creme\/geschirrset-amazonia-creme-4-personen\/","og_locale":"de_DE","og_type":"article","og_title":"Serviesset Creme Amazonia Cream - 4 personen &#8226; UNRO","og_description":"De Serviesset Creme Amazonia Cream zorgt voor harmonie op jouw tafel met zijn mooie creme kleur. Bekijk nu de gehele collectie exclusief bij UNRO.","og_url":"https:\/\/unrostore.com\/de-at\/shop\/terrafina\/amazonia-creme\/geschirrset-amazonia-creme-4-personen\/","og_site_name":"UNRO","article_modified_time":"2026-01-19T20:38:17+00:00","og_image":[{"width":1440,"height":1440,"url":"https:\/\/unrostore.com\/wp-content\/uploads\/2022\/10\/unro-portugees-servies-amazonia-cream-serviesset-4-personen-terrafina.jpg","type":"image\/jpeg"}],"twitter_card":"summary_large_image","schema":{"@context":"https:\/\/schema.org","@graph":[{"@type":"WebPage","@id":"https:\/\/unrostore.com\/shop\/terrafina\/amazonia-cream\/serviesset-creme-amazonia-cream-4-personen\/","url":"https:\/\/unrostore.com\/shop\/terrafina\/amazonia-cream\/serviesset-creme-amazonia-cream-4-personen\/","name":"Geschirrset Creme Amazonia Cream - 4 Personen - UNRO","isPartOf":{"@id":"https:\/\/unrostore.com\/#website"},"primaryImageOfPage":{"@id":"https:\/\/unrostore.com\/shop\/terrafina\/amazonia-cream\/serviesset-creme-amazonia-cream-4-personen\/#primaryimage"},"image":{"@id":"https:\/\/unrostore.com\/shop\/terrafina\/amazonia-cream\/serviesset-creme-amazonia-cream-4-personen\/#primaryimage"},"thumbnailUrl":"https:\/\/unrostore.com\/wp-content\/uploads\/2022\/10\/unro-portugees-servies-amazonia-cream-serviesset-4-personen-terrafina.jpg","datePublished":"2022-10-15T18:55:26+00:00","dateModified":"2026-01-19T20:38:17+00:00","description":"Das Servier-Set Creme Amazonia Cream sorgt mit seiner sch\u00f6nen Cremefarbe f\u00fcr Harmonie auf Ihrem Tisch. Sehen Sie sich die gesamte Kollektion jetzt exklusiv bei UNRO an.","breadcrumb":{"@id":"https:\/\/unrostore.com\/shop\/terrafina\/amazonia-cream\/serviesset-creme-amazonia-cream-4-personen\/#breadcrumb"},"inLanguage":"de-AT","potentialAction":[{"@type":"ReadAction","target":["https:\/\/unrostore.com\/shop\/terrafina\/amazonia-cream\/serviesset-creme-amazonia-cream-4-personen\/"]}]},{"@type":"ImageObject","inLanguage":"de-AT","@id":"https:\/\/unrostore.com\/shop\/terrafina\/amazonia-cream\/serviesset-creme-amazonia-cream-4-personen\/#primaryimage","url":"https:\/\/unrostore.com\/wp-content\/uploads\/2022\/10\/unro-portugees-servies-amazonia-cream-serviesset-4-personen-terrafina.jpg","contentUrl":"https:\/\/unrostore.com\/wp-content\/uploads\/2022\/10\/unro-portugees-servies-amazonia-cream-serviesset-4-personen-terrafina.jpg","width":1440,"height":1440,"caption":"Amazonia Cream Serviesset - 4-personen van Terrafina Portugees Keramiek Servies exclusief bij UNRO."},{"@type":"BreadcrumbList","@id":"https:\/\/unrostore.com\/shop\/terrafina\/amazonia-cream\/serviesset-creme-amazonia-cream-4-personen\/#breadcrumb","itemListElement":[{"@type":"ListItem","position":1,"name":"Home","item":"https:\/\/unrostore.com\/"},{"@type":"ListItem","position":2,"name":"Shop","item":"https:\/\/unrostore.com\/shop\/"},{"@type":"ListItem","position":3,"name":"Serviesset Creme Amazonia Cream &#8211; 4 personen"}]},{"@type":"WebSite","@id":"https:\/\/unrostore.com\/#website","url":"https:\/\/unrostore.com\/","name":"UNRO","description":"Portugiesisches Geschirr, das Sie gl\u00fccklich machen wird!","publisher":{"@id":"https:\/\/unrostore.com\/#organization"},"potentialAction":[{"@type":"SearchAction","target":{"@type":"EntryPoint","urlTemplate":"https:\/\/unrostore.com\/?s={search_term_string}"},"query-input":{"@type":"PropertyValueSpecification","valueRequired":true,"valueName":"search_term_string"}}],"inLanguage":"de-AT"},{"@type":"Organization","@id":"https:\/\/unrostore.com\/#organization","name":"UNRO","url":"https:\/\/unrostore.com\/","logo":{"@type":"ImageObject","inLanguage":"de-AT","@id":"https:\/\/unrostore.com\/#\/schema\/logo\/image\/","url":"https:\/\/unrostore.com\/wp-content\/uploads\/2022\/05\/Logo-UNRO.png","contentUrl":"https:\/\/unrostore.com\/wp-content\/uploads\/2022\/05\/Logo-UNRO.png","width":605,"height":179,"caption":"UNRO"},"image":{"@id":"https:\/\/unrostore.com\/#\/schema\/logo\/image\/"}}]}},"_links":{"self":[{"href":"https:\/\/unrostore.com\/de-at\/wp-json\/wp\/v2\/product\/2124","targetHints":{"allow":["GET"]}}],"collection":[{"href":"https:\/\/unrostore.com\/de-at\/wp-json\/wp\/v2\/product"}],"about":[{"href":"https:\/\/unrostore.com\/de-at\/wp-json\/wp\/v2\/types\/product"}],"wp:featuredmedia":[{"embeddable":true,"href":"https:\/\/unrostore.com\/de-at\/wp-json\/wp\/v2\/media\/3603"}],"wp:attachment":[{"href":"https:\/\/unrostore.com\/de-at\/wp-json\/wp\/v2\/media?parent=2124"}],"wp:term":[{"taxonomy":"product_brand","embeddable":true,"href":"https:\/\/unrostore.com\/de-at\/wp-json\/wp\/v2\/product_brand?post=2124"},{"taxonomy":"product_cat","embeddable":true,"href":"https:\/\/unrostore.com\/de-at\/wp-json\/wp\/v2\/product_cat?post=2124"},{"taxonomy":"product_tag","embeddable":true,"href":"https:\/\/unrostore.com\/de-at\/wp-json\/wp\/v2\/product_tag?post=2124"}],"curies":[{"name":"wp","href":"https:\/\/api.w.org\/{rel}","templated":true}]}}