{"id":2073,"date":"2022-10-14T10:56:13","date_gmt":"2022-10-14T10:56:13","guid":{"rendered":"https:\/\/unrostore.com\/?post_type=product&#038;p=2073"},"modified":"2026-01-19T20:38:17","modified_gmt":"2026-01-19T20:38:17","slug":"farbige-servierschalen-korallen-2-grosen","status":"publish","type":"product","link":"https:\/\/unrostore.com\/de-at\/shop\/terrafina\/korallen\/farbige-servierschalen-korallen-2-grosen\/","title":{"rendered":"Farbige Servierschalen Corals - 2 Gr\u00f6\u00dfen"},"content":{"rendered":"<h3>Farbige Servierschalen Korallen - 2 Gr\u00f6\u00dfen<\/h3>\n<p>Die <strong>Farbige Servierschalen Korallen - 2 Gr\u00f6\u00dfen<\/strong> werden in Portugal aus hochwertiger Keramik handgefertigt und sind von der Marke <a href=\"https:\/\/www.terrafinastore.com\/en\/collections\/corals\">Terrafina<\/a>. <span style=\"font-weight: 400;\">Um Ihre festliche Tafel zu vervollst\u00e4ndigen oder als Auflaufform, Obstschale oder Salatsch\u00fcssel sind die ovalen Schalen aus der Corals-Kollektion ideal. Praktisch und dekorativ, sehr sch\u00f6n f\u00fcr Ihren Snackabend, Tapasabend oder High Tea und passend zum Geschirr aus der bunten Geschirrkollektion. Was kann man sich mehr w\u00fcnschen? G\u00f6nnen Sie sich oder anderen einen gl\u00fccklichen Moment mit dem blau-gelben Geschirr aus der Corals-Kollektion. Werfen Sie auch einen Blick auf das passende\u00a0 <a href=\"https:\/\/unrostore.com\/de-at\/shop\/terrafina\/korallen\/corals-serveer-kom\/\">Corals Serviersch\u00fcssel<\/a> und die <a href=\"https:\/\/unrostore.com\/de-at\/shop\/terrafina\/korallen\/corals-dinerborden-4-delig\/\">Corals Essteller<\/a>.\u00a0<\/span><\/p>\n<p>\u00a0<\/p>\n<h3>Dies ist die Anzahl der Tabletts, die Sie geliefert bekommen<\/h3>\n<ul>\n<li>1x Gro\u00dfe Servierplatte (42 cm lang)<\/li>\n<li>1x Mittlere Servierplatte (34 cm lang)<\/li>\n<li>1x Terrafina Geschenkbox<\/li>\n<\/ul>\n<p>\u00a0<\/p>\n<p><em><strong>Duurzaam voor mens & milieu:<\/strong><br \/>\nJedes Produkt ist ein Unikat, denn es wird in Handarbeit hergestellt.<br \/>\nDruck und Textur k\u00f6nnen daher leicht vom Produktfoto abweichen.<\/em><\/p>","protected":false},"excerpt":{"rendered":"<div class=\"usps\"><i class=\"far fa-check-circle\"><\/i> Mikrowellenfest<br \/>\n<i class=\"far fa-check-circle\"><\/i> Backofenfest (bis zu 200 Grad)<br \/>\n<i class=\"far fa-check-circle\"><\/i> Sp\u00fclmaschinentauglich<br \/>\n<i class=\"far fa-thumbs-up\"><\/i> Handgefertigt<\/div>","protected":false},"featured_media":3626,"template":"","meta":[],"product_brand":[],"product_cat":[869,127,138,119],"product_tag":[177,128,189,610,781,601,674,782,609,148,149,123],"class_list":{"0":"post-2073","1":"product","2":"type-product","3":"status-publish","4":"has-post-thumbnail","6":"product_cat-unro-cadeautips","7":"product_cat-corals","8":"product_cat-serveerschalen","9":"product_cat-terrafina","10":"product_tag-blauw","11":"product_tag-corals","12":"product_tag-corals-serveerschaal","13":"product_tag-geel","14":"product_tag-gekleurde-serveerschalen","15":"product_tag-hapjesschaal","16":"product_tag-kleur","17":"product_tag-kleurrijke-serveerschalen","18":"product_tag-ovale-schaal","19":"product_tag-serveerschaal","20":"product_tag-serveerschalen","21":"product_tag-terrafina","22":"product_shipping_class-pakket","24":"first","25":"outofstock","26":"sale","27":"taxable","28":"shipping-taxable","29":"purchasable","30":"product-type-simple"},"yoast_head":"<!-- This site is optimized with the Yoast SEO plugin v27.5 - https:\/\/yoast.com\/product\/yoast-seo-wordpress\/ -->\n<title>Gekleurde Serveerschalen Corals - 2-groottes &#8226; UNRO<\/title>\n<meta name=\"description\" content=\"Om je high tea of hapjes avond echt af te maken zijn deze Gekleurde Serveerschalen ideaal om jouw tapas op te serveren, ervaar nu zelf het gemak!\" \/>\n<meta name=\"robots\" content=\"index, follow, max-snippet:-1, max-image-preview:large, max-video-preview:-1\" \/>\n<link rel=\"canonical\" href=\"https:\/\/unrostore.com\/de-at\/shop\/terrafina\/korallen\/farbige-servierschalen-korallen-2-grosen\/\" \/>\n<meta property=\"og:locale\" content=\"de_DE\" \/>\n<meta property=\"og:type\" content=\"article\" \/>\n<meta property=\"og:title\" content=\"Gekleurde Serveerschalen Corals - 2-groottes &#8226; UNRO\" \/>\n<meta property=\"og:description\" content=\"Om je high tea of hapjes avond echt af te maken zijn deze Gekleurde Serveerschalen ideaal om jouw tapas op te serveren, ervaar nu zelf het gemak!\" \/>\n<meta property=\"og:url\" content=\"https:\/\/unrostore.com\/de-at\/shop\/terrafina\/korallen\/farbige-servierschalen-korallen-2-grosen\/\" \/>\n<meta property=\"og:site_name\" content=\"UNRO\" \/>\n<meta property=\"article:modified_time\" content=\"2026-01-19T20:38:17+00:00\" \/>\n<meta property=\"og:image\" content=\"https:\/\/unrostore.com\/wp-content\/uploads\/2022\/10\/unro-portugees-servies-terrafina-corals-serveerschalen-2-groottes.jpg\" \/>\n\t<meta property=\"og:image:width\" content=\"1440\" \/>\n\t<meta property=\"og:image:height\" content=\"1440\" \/>\n\t<meta property=\"og:image:type\" content=\"image\/jpeg\" \/>\n<meta name=\"twitter:card\" content=\"summary_large_image\" \/>\n<script type=\"application\/ld+json\" class=\"yoast-schema-graph\">{\"@context\":\"https:\\\/\\\/schema.org\",\"@graph\":[{\"@type\":\"WebPage\",\"@id\":\"https:\\\/\\\/unrostore.com\\\/shop\\\/terrafina\\\/corals\\\/gekleurde-serveerschalen-corals-2-groottes\\\/\",\"url\":\"https:\\\/\\\/unrostore.com\\\/shop\\\/terrafina\\\/corals\\\/gekleurde-serveerschalen-corals-2-groottes\\\/\",\"name\":\"Gekleurde Serveerschalen Corals - 2-groottes &#8226; UNRO\",\"isPartOf\":{\"@id\":\"https:\\\/\\\/unrostore.com\\\/#website\"},\"primaryImageOfPage\":{\"@id\":\"https:\\\/\\\/unrostore.com\\\/shop\\\/terrafina\\\/corals\\\/gekleurde-serveerschalen-corals-2-groottes\\\/#primaryimage\"},\"image\":{\"@id\":\"https:\\\/\\\/unrostore.com\\\/shop\\\/terrafina\\\/corals\\\/gekleurde-serveerschalen-corals-2-groottes\\\/#primaryimage\"},\"thumbnailUrl\":\"https:\\\/\\\/unrostore.com\\\/wp-content\\\/uploads\\\/2022\\\/10\\\/unro-portugees-servies-terrafina-corals-serveerschalen-2-groottes.jpg\",\"datePublished\":\"2022-10-14T10:56:13+00:00\",\"dateModified\":\"2026-01-19T20:38:17+00:00\",\"description\":\"Om je high tea of hapjes avond echt af te maken zijn deze Gekleurde Serveerschalen ideaal om jouw tapas op te serveren, ervaar nu zelf het gemak!\",\"breadcrumb\":{\"@id\":\"https:\\\/\\\/unrostore.com\\\/shop\\\/terrafina\\\/corals\\\/gekleurde-serveerschalen-corals-2-groottes\\\/#breadcrumb\"},\"inLanguage\":\"de-AT\",\"potentialAction\":[{\"@type\":\"ReadAction\",\"target\":[\"https:\\\/\\\/unrostore.com\\\/shop\\\/terrafina\\\/corals\\\/gekleurde-serveerschalen-corals-2-groottes\\\/\"]}]},{\"@type\":\"ImageObject\",\"inLanguage\":\"de-AT\",\"@id\":\"https:\\\/\\\/unrostore.com\\\/shop\\\/terrafina\\\/corals\\\/gekleurde-serveerschalen-corals-2-groottes\\\/#primaryimage\",\"url\":\"https:\\\/\\\/unrostore.com\\\/wp-content\\\/uploads\\\/2022\\\/10\\\/unro-portugees-servies-terrafina-corals-serveerschalen-2-groottes.jpg\",\"contentUrl\":\"https:\\\/\\\/unrostore.com\\\/wp-content\\\/uploads\\\/2022\\\/10\\\/unro-portugees-servies-terrafina-corals-serveerschalen-2-groottes.jpg\",\"width\":1440,\"height\":1440,\"caption\":\"Kleurrijke Serveerschalen Corals - 2-delig Portugees Keramiek Servies\"},{\"@type\":\"BreadcrumbList\",\"@id\":\"https:\\\/\\\/unrostore.com\\\/shop\\\/terrafina\\\/corals\\\/gekleurde-serveerschalen-corals-2-groottes\\\/#breadcrumb\",\"itemListElement\":[{\"@type\":\"ListItem\",\"position\":1,\"name\":\"Home\",\"item\":\"https:\\\/\\\/unrostore.com\\\/\"},{\"@type\":\"ListItem\",\"position\":2,\"name\":\"Shop\",\"item\":\"https:\\\/\\\/unrostore.com\\\/shop\\\/\"},{\"@type\":\"ListItem\",\"position\":3,\"name\":\"Gekleurde Serveerschalen Corals &#8211; 2-groottes\"}]},{\"@type\":\"WebSite\",\"@id\":\"https:\\\/\\\/unrostore.com\\\/#website\",\"url\":\"https:\\\/\\\/unrostore.com\\\/\",\"name\":\"UNRO\",\"description\":\"Portugees servies waar je blij van wordt!\",\"publisher\":{\"@id\":\"https:\\\/\\\/unrostore.com\\\/#organization\"},\"potentialAction\":[{\"@type\":\"SearchAction\",\"target\":{\"@type\":\"EntryPoint\",\"urlTemplate\":\"https:\\\/\\\/unrostore.com\\\/?s={search_term_string}\"},\"query-input\":{\"@type\":\"PropertyValueSpecification\",\"valueRequired\":true,\"valueName\":\"search_term_string\"}}],\"inLanguage\":\"de-AT\"},{\"@type\":\"Organization\",\"@id\":\"https:\\\/\\\/unrostore.com\\\/#organization\",\"name\":\"UNRO\",\"url\":\"https:\\\/\\\/unrostore.com\\\/\",\"logo\":{\"@type\":\"ImageObject\",\"inLanguage\":\"de-AT\",\"@id\":\"https:\\\/\\\/unrostore.com\\\/#\\\/schema\\\/logo\\\/image\\\/\",\"url\":\"https:\\\/\\\/unrostore.com\\\/wp-content\\\/uploads\\\/2022\\\/05\\\/Logo-UNRO.png\",\"contentUrl\":\"https:\\\/\\\/unrostore.com\\\/wp-content\\\/uploads\\\/2022\\\/05\\\/Logo-UNRO.png\",\"width\":605,\"height\":179,\"caption\":\"UNRO\"},\"image\":{\"@id\":\"https:\\\/\\\/unrostore.com\\\/#\\\/schema\\\/logo\\\/image\\\/\"}}]}<\/script>\n<!-- \/ Yoast SEO plugin. -->","yoast_head_json":{"title":"Bunte Servierschalen Korallen - 2er Gr\u00f6\u00dfe - UNRO","description":"Diese farbigen Servierschalen eignen sich ideal zum Servieren von Tapas, um Ihren High Tea oder Aperitif-Abend abzurunden. \u00dcberzeugen Sie sich selbst von der praktischen Handhabung!","robots":{"index":"index","follow":"follow","max-snippet":"max-snippet:-1","max-image-preview":"max-image-preview:large","max-video-preview":"max-video-preview:-1"},"canonical":"https:\/\/unrostore.com\/de-at\/shop\/terrafina\/korallen\/farbige-servierschalen-korallen-2-grosen\/","og_locale":"de_DE","og_type":"article","og_title":"Gekleurde Serveerschalen Corals - 2-groottes &#8226; UNRO","og_description":"Om je high tea of hapjes avond echt af te maken zijn deze Gekleurde Serveerschalen ideaal om jouw tapas op te serveren, ervaar nu zelf het gemak!","og_url":"https:\/\/unrostore.com\/de-at\/shop\/terrafina\/korallen\/farbige-servierschalen-korallen-2-grosen\/","og_site_name":"UNRO","article_modified_time":"2026-01-19T20:38:17+00:00","og_image":[{"width":1440,"height":1440,"url":"https:\/\/unrostore.com\/wp-content\/uploads\/2022\/10\/unro-portugees-servies-terrafina-corals-serveerschalen-2-groottes.jpg","type":"image\/jpeg"}],"twitter_card":"summary_large_image","schema":{"@context":"https:\/\/schema.org","@graph":[{"@type":"WebPage","@id":"https:\/\/unrostore.com\/shop\/terrafina\/corals\/gekleurde-serveerschalen-corals-2-groottes\/","url":"https:\/\/unrostore.com\/shop\/terrafina\/corals\/gekleurde-serveerschalen-corals-2-groottes\/","name":"Bunte Servierschalen Korallen - 2er Gr\u00f6\u00dfe - UNRO","isPartOf":{"@id":"https:\/\/unrostore.com\/#website"},"primaryImageOfPage":{"@id":"https:\/\/unrostore.com\/shop\/terrafina\/corals\/gekleurde-serveerschalen-corals-2-groottes\/#primaryimage"},"image":{"@id":"https:\/\/unrostore.com\/shop\/terrafina\/corals\/gekleurde-serveerschalen-corals-2-groottes\/#primaryimage"},"thumbnailUrl":"https:\/\/unrostore.com\/wp-content\/uploads\/2022\/10\/unro-portugees-servies-terrafina-corals-serveerschalen-2-groottes.jpg","datePublished":"2022-10-14T10:56:13+00:00","dateModified":"2026-01-19T20:38:17+00:00","description":"Diese farbigen Servierschalen eignen sich ideal zum Servieren von Tapas, um Ihren High Tea oder Aperitif-Abend abzurunden. \u00dcberzeugen Sie sich selbst von der praktischen Handhabung!","breadcrumb":{"@id":"https:\/\/unrostore.com\/shop\/terrafina\/corals\/gekleurde-serveerschalen-corals-2-groottes\/#breadcrumb"},"inLanguage":"de-AT","potentialAction":[{"@type":"ReadAction","target":["https:\/\/unrostore.com\/shop\/terrafina\/corals\/gekleurde-serveerschalen-corals-2-groottes\/"]}]},{"@type":"ImageObject","inLanguage":"de-AT","@id":"https:\/\/unrostore.com\/shop\/terrafina\/corals\/gekleurde-serveerschalen-corals-2-groottes\/#primaryimage","url":"https:\/\/unrostore.com\/wp-content\/uploads\/2022\/10\/unro-portugees-servies-terrafina-corals-serveerschalen-2-groottes.jpg","contentUrl":"https:\/\/unrostore.com\/wp-content\/uploads\/2022\/10\/unro-portugees-servies-terrafina-corals-serveerschalen-2-groottes.jpg","width":1440,"height":1440,"caption":"Kleurrijke Serveerschalen Corals - 2-delig Portugees Keramiek Servies"},{"@type":"BreadcrumbList","@id":"https:\/\/unrostore.com\/shop\/terrafina\/corals\/gekleurde-serveerschalen-corals-2-groottes\/#breadcrumb","itemListElement":[{"@type":"ListItem","position":1,"name":"Home","item":"https:\/\/unrostore.com\/"},{"@type":"ListItem","position":2,"name":"Shop","item":"https:\/\/unrostore.com\/shop\/"},{"@type":"ListItem","position":3,"name":"Gekleurde Serveerschalen Corals &#8211; 2-groottes"}]},{"@type":"WebSite","@id":"https:\/\/unrostore.com\/#website","url":"https:\/\/unrostore.com\/","name":"UNRO","description":"Portugiesisches Geschirr, das Sie gl\u00fccklich machen wird!","publisher":{"@id":"https:\/\/unrostore.com\/#organization"},"potentialAction":[{"@type":"SearchAction","target":{"@type":"EntryPoint","urlTemplate":"https:\/\/unrostore.com\/?s={search_term_string}"},"query-input":{"@type":"PropertyValueSpecification","valueRequired":true,"valueName":"search_term_string"}}],"inLanguage":"de-AT"},{"@type":"Organization","@id":"https:\/\/unrostore.com\/#organization","name":"UNRO","url":"https:\/\/unrostore.com\/","logo":{"@type":"ImageObject","inLanguage":"de-AT","@id":"https:\/\/unrostore.com\/#\/schema\/logo\/image\/","url":"https:\/\/unrostore.com\/wp-content\/uploads\/2022\/05\/Logo-UNRO.png","contentUrl":"https:\/\/unrostore.com\/wp-content\/uploads\/2022\/05\/Logo-UNRO.png","width":605,"height":179,"caption":"UNRO"},"image":{"@id":"https:\/\/unrostore.com\/#\/schema\/logo\/image\/"}}]}},"_links":{"self":[{"href":"https:\/\/unrostore.com\/de-at\/wp-json\/wp\/v2\/product\/2073","targetHints":{"allow":["GET"]}}],"collection":[{"href":"https:\/\/unrostore.com\/de-at\/wp-json\/wp\/v2\/product"}],"about":[{"href":"https:\/\/unrostore.com\/de-at\/wp-json\/wp\/v2\/types\/product"}],"wp:featuredmedia":[{"embeddable":true,"href":"https:\/\/unrostore.com\/de-at\/wp-json\/wp\/v2\/media\/3626"}],"wp:attachment":[{"href":"https:\/\/unrostore.com\/de-at\/wp-json\/wp\/v2\/media?parent=2073"}],"wp:term":[{"taxonomy":"product_brand","embeddable":true,"href":"https:\/\/unrostore.com\/de-at\/wp-json\/wp\/v2\/product_brand?post=2073"},{"taxonomy":"product_cat","embeddable":true,"href":"https:\/\/unrostore.com\/de-at\/wp-json\/wp\/v2\/product_cat?post=2073"},{"taxonomy":"product_tag","embeddable":true,"href":"https:\/\/unrostore.com\/de-at\/wp-json\/wp\/v2\/product_tag?post=2073"}],"curies":[{"name":"wp","href":"https:\/\/api.w.org\/{rel}","templated":true}]}}