{"id":2068,"date":"2022-10-14T10:43:41","date_gmt":"2022-10-14T10:43:41","guid":{"rendered":"https:\/\/unrostore.com\/?post_type=product&#038;p=2068"},"modified":"2026-01-19T20:38:18","modified_gmt":"2026-01-19T20:38:18","slug":"bunte-obstschale-korallen","status":"publish","type":"product","link":"https:\/\/unrostore.com\/de-at\/shop\/terrafina\/korallen\/bunte-obstschale-korallen\/","title":{"rendered":"Bunte Obstschale Corals"},"content":{"rendered":"<h3>Bunte Obstschale Corals<\/h3>\n<p>Die\u00a0<strong>Farbig<\/strong>\u00a0<strong>Obstschale Corals<\/strong> wird in Portugal aus hochwertiger Keramik handgefertigt und ist von der Marke <a href=\"https:\/\/www.terrafinastore.com\/en\/collections\/corals\">Terrafina<\/a>. <span style=\"font-weight: 400;\">Mit der farbenfrohen Keramik aus der Geschirrkollektion Corals ist Ihr Tisch nicht nur sch\u00f6n gedeckt, sondern jeder kann Ihr Gericht auch genie\u00dfen. Sie k\u00f6nnen die gro\u00dfe bunte Obstschale oder Salatsch\u00fcssel auch in der K\u00fcche verwenden. Praktisch als Teigsch\u00fcssel, oder als gro\u00dfe Salatsch\u00fcssel f\u00fcr verschiedene Gerichte und Sandwiches. Denn wie sch\u00f6n ist es, beim Osterbrunch gem\u00fctliche Brunch-Sandwiches in dieser lustigen Osterschale zu pr\u00e4sentieren! Wie w\u00fcrden Sie die bunte Servierschale Corals verwenden? Finden Sie es jetzt heraus und bestellen Sie sie noch heute. Kombinieren Sie die Schale zusammen mit dem <a href=\"https:\/\/unrostore.com\/de-at\/shop\/terrafina\/korallen\/corals-serveerschalen-2-groottes\/\">Corals Serviergeschirr<\/a>, die <a href=\"https:\/\/unrostore.com\/de-at\/shop\/terrafina\/korallen\/corals-dinerborden-4-delig\/\">Corals Essteller<\/a> oder Sie entscheiden sich f\u00fcr einen kompletten Service mit dem <a href=\"https:\/\/unrostore.com\/de-at\/shop\/terrafina\/korallen\/geschirrset-farbig-16-teilig-mit-pastatellern-und-schusseln\/\">Corals buntes Geschirrset 16-teilig<\/a>!<\/span><\/p>\n<p>\u00a0<\/p>\n<h3>Dies ist die Nummer, die Sie zugestellt bekommen<\/h3>\n<ul>\n<li>1x Corals Obstschale \u00f8 26cm<\/li>\n<li>1x Terrafina Geschenkbox<\/li>\n<\/ul>\n<p>\u00a0<\/p>\n<p><em><strong>Duurzaam voor mens & milieu:<\/strong><br \/>\nJedes Produkt ist ein Unikat, denn es wird in Handarbeit hergestellt.<br \/>\nDruck und Textur k\u00f6nnen daher leicht vom Produktfoto abweichen.<\/em><\/p>","protected":false},"excerpt":{"rendered":"<div class=\"usps\"><i class=\"far fa-check-circle\"><\/i> Mikrowellenfest<br \/>\n<i class=\"far fa-check-circle\"><\/i> Backofenfest (bis zu 200 Grad)<br \/>\n<i class=\"far fa-check-circle\"><\/i> Sp\u00fclmaschinentauglich<br \/>\n<i class=\"far fa-thumbs-up\"><\/i> Handgefertigt<\/div>","protected":false},"featured_media":7165,"template":"","meta":[],"product_brand":[],"product_cat":[869,657,127,135,138,119],"product_tag":[177,128,253,610,909,779,601,780,137,131,907,908,605,631,252,143,126,629,123],"class_list":{"0":"post-2068","1":"product","2":"type-product","3":"status-publish","4":"has-post-thumbnail","6":"product_cat-unro-cadeautips","7":"product_cat-fruitschalen-en-saladeschalen","8":"product_cat-corals","9":"product_cat-kommen","10":"product_cat-serveerschalen","11":"product_cat-terrafina","12":"product_tag-blauw","13":"product_tag-corals","14":"product_tag-fruitschaal","15":"product_tag-geel","16":"product_tag-geglazuurd","17":"product_tag-gekleurde-frutischaal","18":"product_tag-hapjesschaal","19":"product_tag-kleurrijke-fruitschaal","20":"product_tag-kom","21":"product_tag-kommen","22":"product_tag-paasschaal","23":"product_tag-pasen","24":"product_tag-saladekom","25":"product_tag-saladeschaal","26":"product_tag-schaal","27":"product_tag-serveerkom","28":"product_tag-servies","29":"product_tag-slakom","30":"product_tag-terrafina","31":"product_shipping_class-pakket","33":"first","34":"outofstock","35":"sale","36":"taxable","37":"shipping-taxable","38":"purchasable","39":"product-type-simple"},"yoast_head":"<!-- This site is optimized with the Yoast SEO plugin v27.5 - https:\/\/yoast.com\/product\/yoast-seo-wordpress\/ -->\n<title>Gekleurde Fruitschaal Corals &#8226; UNRO<\/title>\n<meta name=\"description\" content=\"Maak je serviesset van Corals compleet en voeg de Gekleurde Fruitschaal Corals toe. Hoe zou jij deze gebruiken? Ontdek het nu en bestel hem vandaag nog!\" \/>\n<meta name=\"robots\" content=\"index, follow, max-snippet:-1, max-image-preview:large, max-video-preview:-1\" \/>\n<link rel=\"canonical\" href=\"https:\/\/unrostore.com\/de-at\/shop\/terrafina\/korallen\/bunte-obstschale-korallen\/\" \/>\n<meta property=\"og:locale\" content=\"de_DE\" \/>\n<meta property=\"og:type\" content=\"article\" \/>\n<meta property=\"og:title\" content=\"Gekleurde Fruitschaal Corals &#8226; UNRO\" \/>\n<meta property=\"og:description\" content=\"Maak je serviesset van Corals compleet en voeg de Gekleurde Fruitschaal Corals toe. Hoe zou jij deze gebruiken? Ontdek het nu en bestel hem vandaag nog!\" \/>\n<meta property=\"og:url\" content=\"https:\/\/unrostore.com\/de-at\/shop\/terrafina\/korallen\/bunte-obstschale-korallen\/\" \/>\n<meta property=\"og:site_name\" content=\"UNRO\" \/>\n<meta property=\"article:modified_time\" content=\"2026-01-19T20:38:18+00:00\" \/>\n<meta property=\"og:image\" content=\"https:\/\/unrostore.com\/wp-content\/uploads\/2022\/10\/unro-gekleurde-fruitschaal-grote-kom.webp\" \/>\n\t<meta property=\"og:image:width\" content=\"1000\" \/>\n\t<meta property=\"og:image:height\" content=\"1000\" \/>\n\t<meta property=\"og:image:type\" content=\"image\/webp\" \/>\n<meta name=\"twitter:card\" content=\"summary_large_image\" \/>\n<script type=\"application\/ld+json\" class=\"yoast-schema-graph\">{\"@context\":\"https:\\\/\\\/schema.org\",\"@graph\":[{\"@type\":\"WebPage\",\"@id\":\"https:\\\/\\\/unrostore.com\\\/shop\\\/terrafina\\\/corals\\\/gekleurde-fruitschaal-corals\\\/\",\"url\":\"https:\\\/\\\/unrostore.com\\\/shop\\\/terrafina\\\/corals\\\/gekleurde-fruitschaal-corals\\\/\",\"name\":\"Gekleurde Fruitschaal Corals &#8226; UNRO\",\"isPartOf\":{\"@id\":\"https:\\\/\\\/unrostore.com\\\/#website\"},\"primaryImageOfPage\":{\"@id\":\"https:\\\/\\\/unrostore.com\\\/shop\\\/terrafina\\\/corals\\\/gekleurde-fruitschaal-corals\\\/#primaryimage\"},\"image\":{\"@id\":\"https:\\\/\\\/unrostore.com\\\/shop\\\/terrafina\\\/corals\\\/gekleurde-fruitschaal-corals\\\/#primaryimage\"},\"thumbnailUrl\":\"https:\\\/\\\/unrostore.com\\\/wp-content\\\/uploads\\\/2022\\\/10\\\/unro-gekleurde-fruitschaal-grote-kom.webp\",\"datePublished\":\"2022-10-14T10:43:41+00:00\",\"dateModified\":\"2026-01-19T20:38:18+00:00\",\"description\":\"Maak je serviesset van Corals compleet en voeg de Gekleurde Fruitschaal Corals toe. Hoe zou jij deze gebruiken? Ontdek het nu en bestel hem vandaag nog!\",\"breadcrumb\":{\"@id\":\"https:\\\/\\\/unrostore.com\\\/shop\\\/terrafina\\\/corals\\\/gekleurde-fruitschaal-corals\\\/#breadcrumb\"},\"inLanguage\":\"de-AT\",\"potentialAction\":[{\"@type\":\"ReadAction\",\"target\":[\"https:\\\/\\\/unrostore.com\\\/shop\\\/terrafina\\\/corals\\\/gekleurde-fruitschaal-corals\\\/\"]}]},{\"@type\":\"ImageObject\",\"inLanguage\":\"de-AT\",\"@id\":\"https:\\\/\\\/unrostore.com\\\/shop\\\/terrafina\\\/corals\\\/gekleurde-fruitschaal-corals\\\/#primaryimage\",\"url\":\"https:\\\/\\\/unrostore.com\\\/wp-content\\\/uploads\\\/2022\\\/10\\\/unro-gekleurde-fruitschaal-grote-kom.webp\",\"contentUrl\":\"https:\\\/\\\/unrostore.com\\\/wp-content\\\/uploads\\\/2022\\\/10\\\/unro-gekleurde-fruitschaal-grote-kom.webp\",\"width\":1000,\"height\":1000,\"caption\":\"gekleurde fruitschaal grote slakom\"},{\"@type\":\"BreadcrumbList\",\"@id\":\"https:\\\/\\\/unrostore.com\\\/shop\\\/terrafina\\\/corals\\\/gekleurde-fruitschaal-corals\\\/#breadcrumb\",\"itemListElement\":[{\"@type\":\"ListItem\",\"position\":1,\"name\":\"Home\",\"item\":\"https:\\\/\\\/unrostore.com\\\/\"},{\"@type\":\"ListItem\",\"position\":2,\"name\":\"Shop\",\"item\":\"https:\\\/\\\/unrostore.com\\\/shop\\\/\"},{\"@type\":\"ListItem\",\"position\":3,\"name\":\"Gekleurde Fruitschaal Corals\"}]},{\"@type\":\"WebSite\",\"@id\":\"https:\\\/\\\/unrostore.com\\\/#website\",\"url\":\"https:\\\/\\\/unrostore.com\\\/\",\"name\":\"UNRO\",\"description\":\"Portugees servies waar je blij van wordt!\",\"publisher\":{\"@id\":\"https:\\\/\\\/unrostore.com\\\/#organization\"},\"potentialAction\":[{\"@type\":\"SearchAction\",\"target\":{\"@type\":\"EntryPoint\",\"urlTemplate\":\"https:\\\/\\\/unrostore.com\\\/?s={search_term_string}\"},\"query-input\":{\"@type\":\"PropertyValueSpecification\",\"valueRequired\":true,\"valueName\":\"search_term_string\"}}],\"inLanguage\":\"de-AT\"},{\"@type\":\"Organization\",\"@id\":\"https:\\\/\\\/unrostore.com\\\/#organization\",\"name\":\"UNRO\",\"url\":\"https:\\\/\\\/unrostore.com\\\/\",\"logo\":{\"@type\":\"ImageObject\",\"inLanguage\":\"de-AT\",\"@id\":\"https:\\\/\\\/unrostore.com\\\/#\\\/schema\\\/logo\\\/image\\\/\",\"url\":\"https:\\\/\\\/unrostore.com\\\/wp-content\\\/uploads\\\/2022\\\/05\\\/Logo-UNRO.png\",\"contentUrl\":\"https:\\\/\\\/unrostore.com\\\/wp-content\\\/uploads\\\/2022\\\/05\\\/Logo-UNRO.png\",\"width\":605,\"height\":179,\"caption\":\"UNRO\"},\"image\":{\"@id\":\"https:\\\/\\\/unrostore.com\\\/#\\\/schema\\\/logo\\\/image\\\/\"}}]}<\/script>\n<!-- \/ Yoast SEO plugin. -->","yoast_head_json":{"title":"Farbige Fruchtschalenkorallen - UNRO","description":"Vervollst\u00e4ndigen Sie Ihr Corals-Geschirrset und f\u00fcgen Sie die Coloured Fruit Bowl Corals hinzu. Wie w\u00fcrden Sie sie verwenden? Finden Sie es jetzt heraus und bestellen Sie sie noch heute!","robots":{"index":"index","follow":"follow","max-snippet":"max-snippet:-1","max-image-preview":"max-image-preview:large","max-video-preview":"max-video-preview:-1"},"canonical":"https:\/\/unrostore.com\/de-at\/shop\/terrafina\/korallen\/bunte-obstschale-korallen\/","og_locale":"de_DE","og_type":"article","og_title":"Gekleurde Fruitschaal Corals &#8226; UNRO","og_description":"Maak je serviesset van Corals compleet en voeg de Gekleurde Fruitschaal Corals toe. Hoe zou jij deze gebruiken? Ontdek het nu en bestel hem vandaag nog!","og_url":"https:\/\/unrostore.com\/de-at\/shop\/terrafina\/korallen\/bunte-obstschale-korallen\/","og_site_name":"UNRO","article_modified_time":"2026-01-19T20:38:18+00:00","og_image":[{"width":1000,"height":1000,"url":"https:\/\/unrostore.com\/wp-content\/uploads\/2022\/10\/unro-gekleurde-fruitschaal-grote-kom.webp","type":"image\/webp"}],"twitter_card":"summary_large_image","schema":{"@context":"https:\/\/schema.org","@graph":[{"@type":"WebPage","@id":"https:\/\/unrostore.com\/shop\/terrafina\/corals\/gekleurde-fruitschaal-corals\/","url":"https:\/\/unrostore.com\/shop\/terrafina\/corals\/gekleurde-fruitschaal-corals\/","name":"Farbige Fruchtschalenkorallen - UNRO","isPartOf":{"@id":"https:\/\/unrostore.com\/#website"},"primaryImageOfPage":{"@id":"https:\/\/unrostore.com\/shop\/terrafina\/corals\/gekleurde-fruitschaal-corals\/#primaryimage"},"image":{"@id":"https:\/\/unrostore.com\/shop\/terrafina\/corals\/gekleurde-fruitschaal-corals\/#primaryimage"},"thumbnailUrl":"https:\/\/unrostore.com\/wp-content\/uploads\/2022\/10\/unro-gekleurde-fruitschaal-grote-kom.webp","datePublished":"2022-10-14T10:43:41+00:00","dateModified":"2026-01-19T20:38:18+00:00","description":"Vervollst\u00e4ndigen Sie Ihr Corals-Geschirrset und f\u00fcgen Sie die Coloured Fruit Bowl Corals hinzu. Wie w\u00fcrden Sie sie verwenden? Finden Sie es jetzt heraus und bestellen Sie sie noch heute!","breadcrumb":{"@id":"https:\/\/unrostore.com\/shop\/terrafina\/corals\/gekleurde-fruitschaal-corals\/#breadcrumb"},"inLanguage":"de-AT","potentialAction":[{"@type":"ReadAction","target":["https:\/\/unrostore.com\/shop\/terrafina\/corals\/gekleurde-fruitschaal-corals\/"]}]},{"@type":"ImageObject","inLanguage":"de-AT","@id":"https:\/\/unrostore.com\/shop\/terrafina\/corals\/gekleurde-fruitschaal-corals\/#primaryimage","url":"https:\/\/unrostore.com\/wp-content\/uploads\/2022\/10\/unro-gekleurde-fruitschaal-grote-kom.webp","contentUrl":"https:\/\/unrostore.com\/wp-content\/uploads\/2022\/10\/unro-gekleurde-fruitschaal-grote-kom.webp","width":1000,"height":1000,"caption":"gekleurde fruitschaal grote slakom"},{"@type":"BreadcrumbList","@id":"https:\/\/unrostore.com\/shop\/terrafina\/corals\/gekleurde-fruitschaal-corals\/#breadcrumb","itemListElement":[{"@type":"ListItem","position":1,"name":"Home","item":"https:\/\/unrostore.com\/"},{"@type":"ListItem","position":2,"name":"Shop","item":"https:\/\/unrostore.com\/shop\/"},{"@type":"ListItem","position":3,"name":"Gekleurde Fruitschaal Corals"}]},{"@type":"WebSite","@id":"https:\/\/unrostore.com\/#website","url":"https:\/\/unrostore.com\/","name":"UNRO","description":"Portugiesisches Geschirr, das Sie gl\u00fccklich machen wird!","publisher":{"@id":"https:\/\/unrostore.com\/#organization"},"potentialAction":[{"@type":"SearchAction","target":{"@type":"EntryPoint","urlTemplate":"https:\/\/unrostore.com\/?s={search_term_string}"},"query-input":{"@type":"PropertyValueSpecification","valueRequired":true,"valueName":"search_term_string"}}],"inLanguage":"de-AT"},{"@type":"Organization","@id":"https:\/\/unrostore.com\/#organization","name":"UNRO","url":"https:\/\/unrostore.com\/","logo":{"@type":"ImageObject","inLanguage":"de-AT","@id":"https:\/\/unrostore.com\/#\/schema\/logo\/image\/","url":"https:\/\/unrostore.com\/wp-content\/uploads\/2022\/05\/Logo-UNRO.png","contentUrl":"https:\/\/unrostore.com\/wp-content\/uploads\/2022\/05\/Logo-UNRO.png","width":605,"height":179,"caption":"UNRO"},"image":{"@id":"https:\/\/unrostore.com\/#\/schema\/logo\/image\/"}}]}},"_links":{"self":[{"href":"https:\/\/unrostore.com\/de-at\/wp-json\/wp\/v2\/product\/2068","targetHints":{"allow":["GET"]}}],"collection":[{"href":"https:\/\/unrostore.com\/de-at\/wp-json\/wp\/v2\/product"}],"about":[{"href":"https:\/\/unrostore.com\/de-at\/wp-json\/wp\/v2\/types\/product"}],"wp:featuredmedia":[{"embeddable":true,"href":"https:\/\/unrostore.com\/de-at\/wp-json\/wp\/v2\/media\/7165"}],"wp:attachment":[{"href":"https:\/\/unrostore.com\/de-at\/wp-json\/wp\/v2\/media?parent=2068"}],"wp:term":[{"taxonomy":"product_brand","embeddable":true,"href":"https:\/\/unrostore.com\/de-at\/wp-json\/wp\/v2\/product_brand?post=2068"},{"taxonomy":"product_cat","embeddable":true,"href":"https:\/\/unrostore.com\/de-at\/wp-json\/wp\/v2\/product_cat?post=2068"},{"taxonomy":"product_tag","embeddable":true,"href":"https:\/\/unrostore.com\/de-at\/wp-json\/wp\/v2\/product_tag?post=2068"}],"curies":[{"name":"wp","href":"https:\/\/api.w.org\/{rel}","templated":true}]}}