{"id":2057,"date":"2022-10-14T10:19:20","date_gmt":"2022-10-14T10:19:20","guid":{"rendered":"https:\/\/unrostore.com\/?post_type=product&#038;p=2057"},"modified":"2026-01-19T20:38:18","modified_gmt":"2026-01-19T20:38:18","slug":"farbige-teebecher-korallen-2-stuck","status":"publish","type":"product","link":"https:\/\/unrostore.com\/de-at\/shop\/terrafina\/korallen\/farbige-teebecher-korallen-2-stuck\/","title":{"rendered":"Farbige Teebecher 450 ml Korallen - 2-tlg."},"content":{"rendered":"<h3>Farbige Teebecher Corals - 2-teilig<\/h3>\n<p>Die<strong> Farbige Becher Corals - 2-teilig<\/strong> werden in Portugal aus hochwertiger Keramik handgefertigt und sind von der Marke <a href=\"https:\/\/www.terrafinastore.com\/en\/collections\/corals\">Terrafina<\/a>. <span style=\"font-weight: 400;\">Diese gro\u00dfen farbigen Teetassen sind eine echte Bereicherung f\u00fcr Ihr <a href=\"https:\/\/unrostore.com\/de-at\/shop\/terrafina\/korallen\/corals-serviesset-12-delig\/\">Corals Geschirrset<\/a>. Sehr sch\u00f6n zu kombinieren oder separat f\u00fcr Ihren Tee Moment zu verwenden. Da die bunten Teebecher sind extra gro\u00df, sind Sie garantiert den ganzen Tag hydratisiert zu bleiben. Auch k\u00f6stlich w\u00e4hrend Ihrer Kaffeezeit an k\u00e4lteren und regnerischen Tagen als gro\u00dfer Becher f\u00fcr (hei\u00dfe) Schokolade mit Schlagsahne oder w\u00e4hrend High Tea. Die extragro\u00dfen bunten Kaffeebecher sind ein dezentes Augenzwinkern, um den Tag bei Kaffee und Kuchen zu versch\u00f6nern. Die farbenfrohen Kaffeetassen machen sich auch gut in Ihrer Kaffee-Ecke, Kaffee-Nische oder Kaffee-Bar. Diese fr\u00f6hlichen Kaffeetassen mit Henkel haben eine blau-gelbe Glasur, die von Hand auf einen matten braunen Untergrund aufgetragen wird. Dadurch erhalten die gro\u00dfen Tassen sch\u00f6ne, organische, runde Formen und jede einzelne hat ihren eigenen Charakter. Machen Sie sich selbst oder jemand anderem eine Freude mit diesem einzigartigen und originellen Geschenk!\u00a0<\/span><\/p>\n<p>Tipp von UNRO: ideal als Ostergeschenk, Ostergeschenk oder Ostergeschenk f\u00fcr Ihre Mitarbeiter! Aber auch als Geburtstags- oder Einweihungsgeschenk sind die gro\u00dfen bunten Becher dank der Unisex-Farben ein passendes Geschenk f\u00fcr Frauen und M\u00e4nner!<\/p>\n<h3>\nDies ist die Anzahl der Becher, die Sie geliefert bekommen<\/h3>\n<ul>\n<li>2x Corals Becher (450-500 ml trinkbares Fassungsverm\u00f6gen)<\/li>\n<li>1x Terrafina Geschenkbox<\/li>\n<\/ul>\n<p>&nbsp;<\/p>\n<p><em><strong>Nachhaltig f\u00fcr Mensch und Umwelt:<\/strong><br \/>\nJedes Produkt ist ein Unikat, denn es wird in Handarbeit hergestellt.<br \/>\nDruck und Textur k\u00f6nnen daher leicht vom Produktfoto abweichen.<\/em><\/p>","protected":false},"excerpt":{"rendered":"<div class=\"usps\"><i class=\"far fa-check-circle\"><\/i> Mikrowellenfest<br \/>\n<i class=\"far fa-check-circle\"><\/i> Backofenfest (bis zu 200 Grad)<br \/>\n<i class=\"far fa-check-circle\"><\/i> Sp\u00fclmaschinentauglich<br \/>\n<i class=\"far fa-thumbs-up\"><\/i> Handgefertigt<\/div>","protected":false},"featured_media":7092,"template":"","meta":[],"product_brand":[],"product_cat":[869,316,127,132,119],"product_tag":[309,634,128,643,774,689,642,636,638,635,775,633,123,637,632],"class_list":{"0":"post-2057","1":"product","2":"type-product","3":"status-publish","4":"has-post-thumbnail","6":"product_cat-unro-cadeautips","7":"product_cat-cappuccino-mokken","8":"product_cat-corals","9":"product_cat-kopjes-en-mokken","10":"product_cat-terrafina","11":"product_tag-cappuccino-mokken","12":"product_tag-chai-latte","13":"product_tag-corals","14":"product_tag-corals-cappuccino-mokken","15":"product_tag-gekleurde-mokken","16":"product_tag-high-tea","17":"product_tag-kleurrijke-cappuccino-mokken","18":"product_tag-kleurrijke-mokken","19":"product_tag-koffiekopjes","20":"product_tag-koffiemok","21":"product_tag-koffietijs","22":"product_tag-latte-macchiato","23":"product_tag-terrafina","24":"product_tag-theekopjes","25":"product_tag-theemokken","26":"product_shipping_class-pakket","28":"first","29":"outofstock","30":"sale","31":"taxable","32":"shipping-taxable","33":"purchasable","34":"product-type-simple"},"yoast_head":"<!-- This site is optimized with the Yoast SEO plugin v27.4 - https:\/\/yoast.com\/product\/yoast-seo-wordpress\/ -->\n<title>Gekleurde Theemokken 450 ml Corals - 2-delig &#8226; UNRO<\/title>\n<meta name=\"description\" content=\"De Gekleurde Theemokken Corals - 2-delig zijn echt een toevoeging aan je Corals servies set. Voor jouw dagelijkse koffietijd of leuk bij de high tea!\" \/>\n<meta name=\"robots\" content=\"index, follow, max-snippet:-1, max-image-preview:large, max-video-preview:-1\" \/>\n<link rel=\"canonical\" href=\"https:\/\/unrostore.com\/de-at\/shop\/terrafina\/korallen\/farbige-teebecher-korallen-2-stuck\/\" \/>\n<meta property=\"og:locale\" content=\"de_DE\" \/>\n<meta property=\"og:type\" content=\"article\" \/>\n<meta property=\"og:title\" content=\"Gekleurde Theemokken 450 ml Corals - 2-delig &#8226; UNRO\" \/>\n<meta property=\"og:description\" content=\"De Gekleurde Theemokken Corals - 2-delig zijn echt een toevoeging aan je Corals servies set. Voor jouw dagelijkse koffietijd of leuk bij de high tea!\" \/>\n<meta property=\"og:url\" content=\"https:\/\/unrostore.com\/de-at\/shop\/terrafina\/korallen\/farbige-teebecher-korallen-2-stuck\/\" \/>\n<meta property=\"og:site_name\" content=\"UNRO\" \/>\n<meta property=\"article:modified_time\" content=\"2026-01-19T20:38:18+00:00\" \/>\n<meta property=\"og:image\" content=\"https:\/\/unrostore.com\/wp-content\/uploads\/2022\/10\/unro-gekleurde-theemokken-groot.webp\" \/>\n\t<meta property=\"og:image:width\" content=\"1000\" \/>\n\t<meta property=\"og:image:height\" content=\"1000\" \/>\n\t<meta property=\"og:image:type\" content=\"image\/webp\" \/>\n<meta name=\"twitter:card\" content=\"summary_large_image\" \/>\n<script type=\"application\/ld+json\" class=\"yoast-schema-graph\">{\"@context\":\"https:\\\/\\\/schema.org\",\"@graph\":[{\"@type\":\"WebPage\",\"@id\":\"https:\\\/\\\/unrostore.com\\\/shop\\\/terrafina\\\/corals\\\/gekleurde-theemokken-corals-2-delig\\\/\",\"url\":\"https:\\\/\\\/unrostore.com\\\/shop\\\/terrafina\\\/corals\\\/gekleurde-theemokken-corals-2-delig\\\/\",\"name\":\"Gekleurde Theemokken 450 ml Corals - 2-delig &#8226; UNRO\",\"isPartOf\":{\"@id\":\"https:\\\/\\\/unrostore.com\\\/#website\"},\"primaryImageOfPage\":{\"@id\":\"https:\\\/\\\/unrostore.com\\\/shop\\\/terrafina\\\/corals\\\/gekleurde-theemokken-corals-2-delig\\\/#primaryimage\"},\"image\":{\"@id\":\"https:\\\/\\\/unrostore.com\\\/shop\\\/terrafina\\\/corals\\\/gekleurde-theemokken-corals-2-delig\\\/#primaryimage\"},\"thumbnailUrl\":\"https:\\\/\\\/unrostore.com\\\/wp-content\\\/uploads\\\/2022\\\/10\\\/unro-gekleurde-theemokken-groot.webp\",\"datePublished\":\"2022-10-14T10:19:20+00:00\",\"dateModified\":\"2026-01-19T20:38:18+00:00\",\"description\":\"De Gekleurde Theemokken Corals - 2-delig zijn echt een toevoeging aan je Corals servies set. Voor jouw dagelijkse koffietijd of leuk bij de high tea!\",\"breadcrumb\":{\"@id\":\"https:\\\/\\\/unrostore.com\\\/shop\\\/terrafina\\\/corals\\\/gekleurde-theemokken-corals-2-delig\\\/#breadcrumb\"},\"inLanguage\":\"de-AT\",\"potentialAction\":[{\"@type\":\"ReadAction\",\"target\":[\"https:\\\/\\\/unrostore.com\\\/shop\\\/terrafina\\\/corals\\\/gekleurde-theemokken-corals-2-delig\\\/\"]}]},{\"@type\":\"ImageObject\",\"inLanguage\":\"de-AT\",\"@id\":\"https:\\\/\\\/unrostore.com\\\/shop\\\/terrafina\\\/corals\\\/gekleurde-theemokken-corals-2-delig\\\/#primaryimage\",\"url\":\"https:\\\/\\\/unrostore.com\\\/wp-content\\\/uploads\\\/2022\\\/10\\\/unro-gekleurde-theemokken-groot.webp\",\"contentUrl\":\"https:\\\/\\\/unrostore.com\\\/wp-content\\\/uploads\\\/2022\\\/10\\\/unro-gekleurde-theemokken-groot.webp\",\"width\":1000,\"height\":1000,\"caption\":\"gekleurde theemokken groot\"},{\"@type\":\"BreadcrumbList\",\"@id\":\"https:\\\/\\\/unrostore.com\\\/shop\\\/terrafina\\\/corals\\\/gekleurde-theemokken-corals-2-delig\\\/#breadcrumb\",\"itemListElement\":[{\"@type\":\"ListItem\",\"position\":1,\"name\":\"Home\",\"item\":\"https:\\\/\\\/unrostore.com\\\/\"},{\"@type\":\"ListItem\",\"position\":2,\"name\":\"Shop\",\"item\":\"https:\\\/\\\/unrostore.com\\\/shop\\\/\"},{\"@type\":\"ListItem\",\"position\":3,\"name\":\"Gekleurde Theemokken 450 ml Corals &#8211; 2-delig\"}]},{\"@type\":\"WebSite\",\"@id\":\"https:\\\/\\\/unrostore.com\\\/#website\",\"url\":\"https:\\\/\\\/unrostore.com\\\/\",\"name\":\"UNRO\",\"description\":\"Portugees servies waar je blij van wordt!\",\"publisher\":{\"@id\":\"https:\\\/\\\/unrostore.com\\\/#organization\"},\"potentialAction\":[{\"@type\":\"SearchAction\",\"target\":{\"@type\":\"EntryPoint\",\"urlTemplate\":\"https:\\\/\\\/unrostore.com\\\/?s={search_term_string}\"},\"query-input\":{\"@type\":\"PropertyValueSpecification\",\"valueRequired\":true,\"valueName\":\"search_term_string\"}}],\"inLanguage\":\"de-AT\"},{\"@type\":\"Organization\",\"@id\":\"https:\\\/\\\/unrostore.com\\\/#organization\",\"name\":\"UNRO\",\"url\":\"https:\\\/\\\/unrostore.com\\\/\",\"logo\":{\"@type\":\"ImageObject\",\"inLanguage\":\"de-AT\",\"@id\":\"https:\\\/\\\/unrostore.com\\\/#\\\/schema\\\/logo\\\/image\\\/\",\"url\":\"https:\\\/\\\/unrostore.com\\\/wp-content\\\/uploads\\\/2022\\\/05\\\/Logo-UNRO.png\",\"contentUrl\":\"https:\\\/\\\/unrostore.com\\\/wp-content\\\/uploads\\\/2022\\\/05\\\/Logo-UNRO.png\",\"width\":605,\"height\":179,\"caption\":\"UNRO\"},\"image\":{\"@id\":\"https:\\\/\\\/unrostore.com\\\/#\\\/schema\\\/logo\\\/image\\\/\"}}]}<\/script>\n<!-- \/ Yoast SEO plugin. -->","yoast_head_json":{"title":"Farbige Teebecher 450 ml Korallen - 2-teilig - UNRO","description":"Die farbigen Teebecher Corals - 2-teilig sind eine echte Bereicherung f\u00fcr Ihr Corals-Geschirrset. F\u00fcr die t\u00e4gliche Kaffeezeit oder den Spa\u00df beim High Tea!","robots":{"index":"index","follow":"follow","max-snippet":"max-snippet:-1","max-image-preview":"max-image-preview:large","max-video-preview":"max-video-preview:-1"},"canonical":"https:\/\/unrostore.com\/de-at\/shop\/terrafina\/korallen\/farbige-teebecher-korallen-2-stuck\/","og_locale":"de_DE","og_type":"article","og_title":"Gekleurde Theemokken 450 ml Corals - 2-delig &#8226; UNRO","og_description":"De Gekleurde Theemokken Corals - 2-delig zijn echt een toevoeging aan je Corals servies set. Voor jouw dagelijkse koffietijd of leuk bij de high tea!","og_url":"https:\/\/unrostore.com\/de-at\/shop\/terrafina\/korallen\/farbige-teebecher-korallen-2-stuck\/","og_site_name":"UNRO","article_modified_time":"2026-01-19T20:38:18+00:00","og_image":[{"width":1000,"height":1000,"url":"https:\/\/unrostore.com\/wp-content\/uploads\/2022\/10\/unro-gekleurde-theemokken-groot.webp","type":"image\/webp"}],"twitter_card":"summary_large_image","schema":{"@context":"https:\/\/schema.org","@graph":[{"@type":"WebPage","@id":"https:\/\/unrostore.com\/shop\/terrafina\/corals\/gekleurde-theemokken-corals-2-delig\/","url":"https:\/\/unrostore.com\/shop\/terrafina\/corals\/gekleurde-theemokken-corals-2-delig\/","name":"Farbige Teebecher 450 ml Korallen - 2-teilig - UNRO","isPartOf":{"@id":"https:\/\/unrostore.com\/#website"},"primaryImageOfPage":{"@id":"https:\/\/unrostore.com\/shop\/terrafina\/corals\/gekleurde-theemokken-corals-2-delig\/#primaryimage"},"image":{"@id":"https:\/\/unrostore.com\/shop\/terrafina\/corals\/gekleurde-theemokken-corals-2-delig\/#primaryimage"},"thumbnailUrl":"https:\/\/unrostore.com\/wp-content\/uploads\/2022\/10\/unro-gekleurde-theemokken-groot.webp","datePublished":"2022-10-14T10:19:20+00:00","dateModified":"2026-01-19T20:38:18+00:00","description":"Die farbigen Teebecher Corals - 2-teilig sind eine echte Bereicherung f\u00fcr Ihr Corals-Geschirrset. F\u00fcr die t\u00e4gliche Kaffeezeit oder den Spa\u00df beim High Tea!","breadcrumb":{"@id":"https:\/\/unrostore.com\/shop\/terrafina\/corals\/gekleurde-theemokken-corals-2-delig\/#breadcrumb"},"inLanguage":"de-AT","potentialAction":[{"@type":"ReadAction","target":["https:\/\/unrostore.com\/shop\/terrafina\/corals\/gekleurde-theemokken-corals-2-delig\/"]}]},{"@type":"ImageObject","inLanguage":"de-AT","@id":"https:\/\/unrostore.com\/shop\/terrafina\/corals\/gekleurde-theemokken-corals-2-delig\/#primaryimage","url":"https:\/\/unrostore.com\/wp-content\/uploads\/2022\/10\/unro-gekleurde-theemokken-groot.webp","contentUrl":"https:\/\/unrostore.com\/wp-content\/uploads\/2022\/10\/unro-gekleurde-theemokken-groot.webp","width":1000,"height":1000,"caption":"gekleurde theemokken groot"},{"@type":"BreadcrumbList","@id":"https:\/\/unrostore.com\/shop\/terrafina\/corals\/gekleurde-theemokken-corals-2-delig\/#breadcrumb","itemListElement":[{"@type":"ListItem","position":1,"name":"Home","item":"https:\/\/unrostore.com\/"},{"@type":"ListItem","position":2,"name":"Shop","item":"https:\/\/unrostore.com\/shop\/"},{"@type":"ListItem","position":3,"name":"Gekleurde Theemokken 450 ml Corals &#8211; 2-delig"}]},{"@type":"WebSite","@id":"https:\/\/unrostore.com\/#website","url":"https:\/\/unrostore.com\/","name":"UNRO","description":"Portugiesisches Geschirr, das Sie gl\u00fccklich machen wird!","publisher":{"@id":"https:\/\/unrostore.com\/#organization"},"potentialAction":[{"@type":"SearchAction","target":{"@type":"EntryPoint","urlTemplate":"https:\/\/unrostore.com\/?s={search_term_string}"},"query-input":{"@type":"PropertyValueSpecification","valueRequired":true,"valueName":"search_term_string"}}],"inLanguage":"de-AT"},{"@type":"Organization","@id":"https:\/\/unrostore.com\/#organization","name":"UNRO","url":"https:\/\/unrostore.com\/","logo":{"@type":"ImageObject","inLanguage":"de-AT","@id":"https:\/\/unrostore.com\/#\/schema\/logo\/image\/","url":"https:\/\/unrostore.com\/wp-content\/uploads\/2022\/05\/Logo-UNRO.png","contentUrl":"https:\/\/unrostore.com\/wp-content\/uploads\/2022\/05\/Logo-UNRO.png","width":605,"height":179,"caption":"UNRO"},"image":{"@id":"https:\/\/unrostore.com\/#\/schema\/logo\/image\/"}}]}},"_links":{"self":[{"href":"https:\/\/unrostore.com\/de-at\/wp-json\/wp\/v2\/product\/2057","targetHints":{"allow":["GET"]}}],"collection":[{"href":"https:\/\/unrostore.com\/de-at\/wp-json\/wp\/v2\/product"}],"about":[{"href":"https:\/\/unrostore.com\/de-at\/wp-json\/wp\/v2\/types\/product"}],"wp:featuredmedia":[{"embeddable":true,"href":"https:\/\/unrostore.com\/de-at\/wp-json\/wp\/v2\/media\/7092"}],"wp:attachment":[{"href":"https:\/\/unrostore.com\/de-at\/wp-json\/wp\/v2\/media?parent=2057"}],"wp:term":[{"taxonomy":"product_brand","embeddable":true,"href":"https:\/\/unrostore.com\/de-at\/wp-json\/wp\/v2\/product_brand?post=2057"},{"taxonomy":"product_cat","embeddable":true,"href":"https:\/\/unrostore.com\/de-at\/wp-json\/wp\/v2\/product_cat?post=2057"},{"taxonomy":"product_tag","embeddable":true,"href":"https:\/\/unrostore.com\/de-at\/wp-json\/wp\/v2\/product_tag?post=2057"}],"curies":[{"name":"wp","href":"https:\/\/api.w.org\/{rel}","templated":true}]}}