{"id":2040,"date":"2022-10-14T09:38:05","date_gmt":"2022-10-14T09:38:05","guid":{"rendered":"https:\/\/unrostore.com\/?post_type=product&#038;p=2040"},"modified":"2026-01-19T20:38:18","modified_gmt":"2026-01-19T20:38:18","slug":"buntes-geschirrset-korallen-mit-schalen-4-personen","status":"publish","type":"product","link":"https:\/\/unrostore.com\/de-at\/shop\/terrafina\/korallen\/buntes-geschirrset-korallen-mit-schalen-4-personen\/","title":{"rendered":"Buntes Geschirrset mit Schalen Corals - 4 Personen"},"content":{"rendered":"<h3>Entdecken Sie das Farbspiel des buntes Geschirrset Corals mit Schalen - 4 Personen<\/h3>\n<p><strong>Buntes Geschirrset Corals mit Schalen <\/strong>f\u00fcr 4 Personen ist von der portugiesischen Marke <a href=\"https:\/\/www.terrafinastore.com\/en\/collections\/corals\">Terrafina<\/a> und ist handgefertigt aus <a href=\"https:\/\/unrostore.com\/de-at\/worauf-ist-beim-kauf-von-geschirr-zu-achten-teil-1-qualitat\/\">hochwertige Keramiken<\/a>. Dieses 12-teilige farbige Geschirr ist die perfekte Basis f\u00fcr Ihr Zuhause und ideal f\u00fcr den t\u00e4glichen Gebrauch oder einfach f\u00fcr ein 3-G\u00e4nge-Men\u00fc oder ein festliches Abendessen bei Ihnen zu Hause. Die blau-gelbe Schale eignet sich perfekt als Tapasschale, Fr\u00fchst\u00fccksschale, Suppenschale oder Snackschale. Genie\u00dfen Sie gemeinsam mit Ihrer Familie, Verwandten und Freunden die <a href=\"https:\/\/unrostore.com\/de-at\/shop\/terrafina\/korallen\/corals-dinerborden-4-delig\/\">Corals Essteller<\/a>, <a href=\"https:\/\/unrostore.com\/de-at\/shop\/terrafina\/korallen\/corals-ontbijtborden-4-delig\/\">Corals Fr\u00fchst\u00fccksteller<\/a> und die <a href=\"https:\/\/unrostore.com\/de-at\/shop\/terrafina\/korallen\/corals-kommen-2-delig\/\">Korallen Schalen<\/a> in diesem kompletten 12-teiligen Geschirrset mit fr\u00f6hlichen, glasierten blauen und gelben Farben. Sie k\u00f6nnen dieses farbige Geschirrset auch mit dem passenden gro\u00dfen <a href=\"https:\/\/unrostore.com\/de-at\/shop\/terrafina\/korallen\/grote-mokken-gekleurd-corals-4-delig\/\">farbige Teebecher<\/a> (450-500 ml), <a href=\"https:\/\/unrostore.com\/de-at\/shop\/terrafina\/korallen\/nudelteller-farbig-4er-set-korallen\/\">Bunte Nudelteller<\/a> oder der Spa\u00df <a href=\"https:\/\/unrostore.com\/de-at\/shop\/terrafina\/korallen\/farbige-tabletts-setzen-korallen\/\">Buntes Serviergeschirr-Set<\/a>. Wussten Sie, dass dieses farbenfrohe Geschirr auch das perfekte Ostergeschirr ist? Siehe <a href=\"https:\/\/unrostore.com\/de-at\/gedeckter-ostertisch-mit-unro\/\">hier<\/a> unseren Blog und holen Sie sich Ihre Inspiration f\u00fcr Ostern! Die verspielte Farbkombination von Coral wird Sie jeden Tag gl\u00fccklich machen. Erleben Sie es jetzt selbst oder verschenken Sie dieses fr\u00f6hliche portugiesische Geschirr!<\/p>\n<p>&nbsp;<\/p>\n<h3>Dies ist die Nummer, die Sie zugestellt bekommen<\/h3>\n<ul>\n<li><strong>4x<\/strong> Corals Schale \u00f8 15 cm<\/li>\n<li><strong>4x<\/strong> Corals Fr\u00fchst\u00fccksteller \u00f8 22 cm<\/li>\n<li><strong>4x<\/strong> Corals Essteller \u00f8 28,5 cm<\/li>\n<li><strong>4x<\/strong> Terrafina Geschenkbox<\/li>\n<\/ul>\n<p>&nbsp;<\/p>\n<p><em><strong>Nachhaltig f\u00fcr Mensch und Umwelt:<\/strong><br \/>\nJedes Produkt ist ein Unikat, denn es wird in Handarbeit hergestellt.<br \/>\nDruck und Textur k\u00f6nnen daher leicht vom Produktfoto abweichen.<\/em><\/p>","protected":false},"excerpt":{"rendered":"<div style=\"font-family: nunito sans; font-size: 14px; border: 1px solid #dedede; border-radius: 4px; padding: 15px 0 0 14px; margin-top: 20px; margin-bottom: 20px; width: 160px; box-shadow: 1px 1px 7px 0px rgb(0 0 0 \/ 15%), 0px 0px 2px 0px rgb(0 0 0 \/ 5%); color: #00b900;\">\n<p>Mit dem Festpreis sparen Sie <strong>\u20ac6,-<\/strong><\/p>\n<\/div>\n<div class=\"usps\"><i class=\"far fa-check-circle\"><\/i> Mikrowellenfest<br \/>\n<i class=\"far fa-check-circle\"><\/i> Backofenfest (bis zu 200 Grad)<br \/>\n<i class=\"far fa-check-circle\"><\/i> Sp\u00fclmaschinentauglich<br \/>\n<i class=\"far fa-thumbs-up\"><\/i> Handgefertigt<\/div>","protected":false},"featured_media":7090,"template":"","meta":[],"product_brand":[],"product_cat":[729,127,122,119],"product_tag":[647,310,129,128,284,648,650,409,131,291,289,125,646,649,123],"class_list":{"0":"post-2040","1":"product","2":"type-product","3":"status-publish","4":"has-post-thumbnail","6":"product_cat-12-delig-servies-schaaltjes","7":"product_cat-corals","8":"product_cat-serviesset","9":"product_cat-terrafina","10":"product_tag-12-delige-serviesset","11":"product_tag-4-personen","12":"product_tag-borden","13":"product_tag-corals","14":"product_tag-dinerborden","15":"product_tag-kleurrijk-servies","16":"product_tag-kleurrijke","17":"product_tag-kleurrijke-serviesset","18":"product_tag-kommen","19":"product_tag-kommetjes","20":"product_tag-ontbijtborden","21":"product_tag-serviesset","22":"product_tag-serviesset-met-kommen","23":"product_tag-serviesset-voor-4-personen","24":"product_tag-terrafina","25":"product_shipping_class-pakket","27":"first","28":"outofstock","29":"sale","30":"taxable","31":"shipping-taxable","32":"purchasable","33":"product-type-simple"},"yoast_head":"<!-- This site is optimized with the Yoast SEO plugin v27.4 - https:\/\/yoast.com\/product\/yoast-seo-wordpress\/ -->\n<title>Gekleurd Serviesset Corals met Kommen - 4 personen &#8226; UNRO<\/title>\n<meta name=\"description\" content=\"Ontdek het vrolijke Gekleurd Serviesset Corals met kommen voor 4 personen. Combineer jouw set met een mooie schaal of kleine of grotere kopjes.\" \/>\n<meta name=\"robots\" content=\"index, follow, max-snippet:-1, max-image-preview:large, max-video-preview:-1\" \/>\n<link rel=\"canonical\" href=\"https:\/\/unrostore.com\/de-at\/shop\/terrafina\/korallen\/buntes-geschirrset-korallen-mit-schalen-4-personen\/\" \/>\n<meta property=\"og:locale\" content=\"de_DE\" \/>\n<meta property=\"og:type\" content=\"article\" \/>\n<meta property=\"og:title\" content=\"Gekleurd Serviesset Corals met Kommen - 4 personen &#8226; UNRO\" \/>\n<meta property=\"og:description\" content=\"Ontdek het vrolijke Gekleurd Serviesset Corals met kommen voor 4 personen. Combineer jouw set met een mooie schaal of kleine of grotere kopjes.\" \/>\n<meta property=\"og:url\" content=\"https:\/\/unrostore.com\/de-at\/shop\/terrafina\/korallen\/buntes-geschirrset-korallen-mit-schalen-4-personen\/\" \/>\n<meta property=\"og:site_name\" content=\"UNRO\" \/>\n<meta property=\"article:modified_time\" content=\"2026-01-19T20:38:18+00:00\" \/>\n<meta property=\"og:image\" content=\"https:\/\/unrostore.com\/wp-content\/uploads\/2022\/10\/unro-gekleurde-serviesset-kommen.webp\" \/>\n\t<meta property=\"og:image:width\" content=\"1000\" \/>\n\t<meta property=\"og:image:height\" content=\"1000\" \/>\n\t<meta property=\"og:image:type\" content=\"image\/webp\" \/>\n<meta name=\"twitter:card\" content=\"summary_large_image\" \/>\n<script type=\"application\/ld+json\" class=\"yoast-schema-graph\">{\"@context\":\"https:\\\/\\\/schema.org\",\"@graph\":[{\"@type\":\"WebPage\",\"@id\":\"https:\\\/\\\/unrostore.com\\\/shop\\\/terrafina\\\/corals\\\/gekleurd-serviesset-corals-met-kommen-4-personen\\\/\",\"url\":\"https:\\\/\\\/unrostore.com\\\/shop\\\/terrafina\\\/corals\\\/gekleurd-serviesset-corals-met-kommen-4-personen\\\/\",\"name\":\"Gekleurd Serviesset Corals met Kommen - 4 personen &#8226; UNRO\",\"isPartOf\":{\"@id\":\"https:\\\/\\\/unrostore.com\\\/#website\"},\"primaryImageOfPage\":{\"@id\":\"https:\\\/\\\/unrostore.com\\\/shop\\\/terrafina\\\/corals\\\/gekleurd-serviesset-corals-met-kommen-4-personen\\\/#primaryimage\"},\"image\":{\"@id\":\"https:\\\/\\\/unrostore.com\\\/shop\\\/terrafina\\\/corals\\\/gekleurd-serviesset-corals-met-kommen-4-personen\\\/#primaryimage\"},\"thumbnailUrl\":\"https:\\\/\\\/unrostore.com\\\/wp-content\\\/uploads\\\/2022\\\/10\\\/unro-gekleurde-serviesset-kommen.webp\",\"datePublished\":\"2022-10-14T09:38:05+00:00\",\"dateModified\":\"2026-01-19T20:38:18+00:00\",\"description\":\"Ontdek het vrolijke Gekleurd Serviesset Corals met kommen voor 4 personen. Combineer jouw set met een mooie schaal of kleine of grotere kopjes.\",\"breadcrumb\":{\"@id\":\"https:\\\/\\\/unrostore.com\\\/shop\\\/terrafina\\\/corals\\\/gekleurd-serviesset-corals-met-kommen-4-personen\\\/#breadcrumb\"},\"inLanguage\":\"de-AT\",\"potentialAction\":[{\"@type\":\"ReadAction\",\"target\":[\"https:\\\/\\\/unrostore.com\\\/shop\\\/terrafina\\\/corals\\\/gekleurd-serviesset-corals-met-kommen-4-personen\\\/\"]}]},{\"@type\":\"ImageObject\",\"inLanguage\":\"de-AT\",\"@id\":\"https:\\\/\\\/unrostore.com\\\/shop\\\/terrafina\\\/corals\\\/gekleurd-serviesset-corals-met-kommen-4-personen\\\/#primaryimage\",\"url\":\"https:\\\/\\\/unrostore.com\\\/wp-content\\\/uploads\\\/2022\\\/10\\\/unro-gekleurde-serviesset-kommen.webp\",\"contentUrl\":\"https:\\\/\\\/unrostore.com\\\/wp-content\\\/uploads\\\/2022\\\/10\\\/unro-gekleurde-serviesset-kommen.webp\",\"width\":1000,\"height\":1000,\"caption\":\"gekleurde serviesset kommen\"},{\"@type\":\"BreadcrumbList\",\"@id\":\"https:\\\/\\\/unrostore.com\\\/shop\\\/terrafina\\\/corals\\\/gekleurd-serviesset-corals-met-kommen-4-personen\\\/#breadcrumb\",\"itemListElement\":[{\"@type\":\"ListItem\",\"position\":1,\"name\":\"Home\",\"item\":\"https:\\\/\\\/unrostore.com\\\/\"},{\"@type\":\"ListItem\",\"position\":2,\"name\":\"Shop\",\"item\":\"https:\\\/\\\/unrostore.com\\\/shop\\\/\"},{\"@type\":\"ListItem\",\"position\":3,\"name\":\"Gekleurd Serviesset Corals met Kommen &#8211; 4 personen\"}]},{\"@type\":\"WebSite\",\"@id\":\"https:\\\/\\\/unrostore.com\\\/#website\",\"url\":\"https:\\\/\\\/unrostore.com\\\/\",\"name\":\"UNRO\",\"description\":\"Portugees servies waar je blij van wordt!\",\"publisher\":{\"@id\":\"https:\\\/\\\/unrostore.com\\\/#organization\"},\"potentialAction\":[{\"@type\":\"SearchAction\",\"target\":{\"@type\":\"EntryPoint\",\"urlTemplate\":\"https:\\\/\\\/unrostore.com\\\/?s={search_term_string}\"},\"query-input\":{\"@type\":\"PropertyValueSpecification\",\"valueRequired\":true,\"valueName\":\"search_term_string\"}}],\"inLanguage\":\"de-AT\"},{\"@type\":\"Organization\",\"@id\":\"https:\\\/\\\/unrostore.com\\\/#organization\",\"name\":\"UNRO\",\"url\":\"https:\\\/\\\/unrostore.com\\\/\",\"logo\":{\"@type\":\"ImageObject\",\"inLanguage\":\"de-AT\",\"@id\":\"https:\\\/\\\/unrostore.com\\\/#\\\/schema\\\/logo\\\/image\\\/\",\"url\":\"https:\\\/\\\/unrostore.com\\\/wp-content\\\/uploads\\\/2022\\\/05\\\/Logo-UNRO.png\",\"contentUrl\":\"https:\\\/\\\/unrostore.com\\\/wp-content\\\/uploads\\\/2022\\\/05\\\/Logo-UNRO.png\",\"width\":605,\"height\":179,\"caption\":\"UNRO\"},\"image\":{\"@id\":\"https:\\\/\\\/unrostore.com\\\/#\\\/schema\\\/logo\\\/image\\\/\"}}]}<\/script>\n<!-- \/ Yoast SEO plugin. -->","yoast_head_json":{"title":"Buntes Geschirrset Korallen mit Schalen - 4 Personen - UNRO","description":"Entdecken Sie das fr\u00f6hliche Coloured Serving Set Corals mit Schalen f\u00fcr 4 Personen. Kombinieren Sie Ihr Set mit einer h\u00fcbschen Schale oder kleinen oder gr\u00f6\u00dferen Tassen.","robots":{"index":"index","follow":"follow","max-snippet":"max-snippet:-1","max-image-preview":"max-image-preview:large","max-video-preview":"max-video-preview:-1"},"canonical":"https:\/\/unrostore.com\/de-at\/shop\/terrafina\/korallen\/buntes-geschirrset-korallen-mit-schalen-4-personen\/","og_locale":"de_DE","og_type":"article","og_title":"Gekleurd Serviesset Corals met Kommen - 4 personen &#8226; UNRO","og_description":"Ontdek het vrolijke Gekleurd Serviesset Corals met kommen voor 4 personen. Combineer jouw set met een mooie schaal of kleine of grotere kopjes.","og_url":"https:\/\/unrostore.com\/de-at\/shop\/terrafina\/korallen\/buntes-geschirrset-korallen-mit-schalen-4-personen\/","og_site_name":"UNRO","article_modified_time":"2026-01-19T20:38:18+00:00","og_image":[{"width":1000,"height":1000,"url":"https:\/\/unrostore.com\/wp-content\/uploads\/2022\/10\/unro-gekleurde-serviesset-kommen.webp","type":"image\/webp"}],"twitter_card":"summary_large_image","schema":{"@context":"https:\/\/schema.org","@graph":[{"@type":"WebPage","@id":"https:\/\/unrostore.com\/shop\/terrafina\/corals\/gekleurd-serviesset-corals-met-kommen-4-personen\/","url":"https:\/\/unrostore.com\/shop\/terrafina\/corals\/gekleurd-serviesset-corals-met-kommen-4-personen\/","name":"Buntes Geschirrset Korallen mit Schalen - 4 Personen - UNRO","isPartOf":{"@id":"https:\/\/unrostore.com\/#website"},"primaryImageOfPage":{"@id":"https:\/\/unrostore.com\/shop\/terrafina\/corals\/gekleurd-serviesset-corals-met-kommen-4-personen\/#primaryimage"},"image":{"@id":"https:\/\/unrostore.com\/shop\/terrafina\/corals\/gekleurd-serviesset-corals-met-kommen-4-personen\/#primaryimage"},"thumbnailUrl":"https:\/\/unrostore.com\/wp-content\/uploads\/2022\/10\/unro-gekleurde-serviesset-kommen.webp","datePublished":"2022-10-14T09:38:05+00:00","dateModified":"2026-01-19T20:38:18+00:00","description":"Entdecken Sie das fr\u00f6hliche Coloured Serving Set Corals mit Schalen f\u00fcr 4 Personen. Kombinieren Sie Ihr Set mit einer h\u00fcbschen Schale oder kleinen oder gr\u00f6\u00dferen Tassen.","breadcrumb":{"@id":"https:\/\/unrostore.com\/shop\/terrafina\/corals\/gekleurd-serviesset-corals-met-kommen-4-personen\/#breadcrumb"},"inLanguage":"de-AT","potentialAction":[{"@type":"ReadAction","target":["https:\/\/unrostore.com\/shop\/terrafina\/corals\/gekleurd-serviesset-corals-met-kommen-4-personen\/"]}]},{"@type":"ImageObject","inLanguage":"de-AT","@id":"https:\/\/unrostore.com\/shop\/terrafina\/corals\/gekleurd-serviesset-corals-met-kommen-4-personen\/#primaryimage","url":"https:\/\/unrostore.com\/wp-content\/uploads\/2022\/10\/unro-gekleurde-serviesset-kommen.webp","contentUrl":"https:\/\/unrostore.com\/wp-content\/uploads\/2022\/10\/unro-gekleurde-serviesset-kommen.webp","width":1000,"height":1000,"caption":"gekleurde serviesset kommen"},{"@type":"BreadcrumbList","@id":"https:\/\/unrostore.com\/shop\/terrafina\/corals\/gekleurd-serviesset-corals-met-kommen-4-personen\/#breadcrumb","itemListElement":[{"@type":"ListItem","position":1,"name":"Home","item":"https:\/\/unrostore.com\/"},{"@type":"ListItem","position":2,"name":"Shop","item":"https:\/\/unrostore.com\/shop\/"},{"@type":"ListItem","position":3,"name":"Gekleurd Serviesset Corals met Kommen &#8211; 4 personen"}]},{"@type":"WebSite","@id":"https:\/\/unrostore.com\/#website","url":"https:\/\/unrostore.com\/","name":"UNRO","description":"Portugiesisches Geschirr, das Sie gl\u00fccklich machen wird!","publisher":{"@id":"https:\/\/unrostore.com\/#organization"},"potentialAction":[{"@type":"SearchAction","target":{"@type":"EntryPoint","urlTemplate":"https:\/\/unrostore.com\/?s={search_term_string}"},"query-input":{"@type":"PropertyValueSpecification","valueRequired":true,"valueName":"search_term_string"}}],"inLanguage":"de-AT"},{"@type":"Organization","@id":"https:\/\/unrostore.com\/#organization","name":"UNRO","url":"https:\/\/unrostore.com\/","logo":{"@type":"ImageObject","inLanguage":"de-AT","@id":"https:\/\/unrostore.com\/#\/schema\/logo\/image\/","url":"https:\/\/unrostore.com\/wp-content\/uploads\/2022\/05\/Logo-UNRO.png","contentUrl":"https:\/\/unrostore.com\/wp-content\/uploads\/2022\/05\/Logo-UNRO.png","width":605,"height":179,"caption":"UNRO"},"image":{"@id":"https:\/\/unrostore.com\/#\/schema\/logo\/image\/"}}]}},"_links":{"self":[{"href":"https:\/\/unrostore.com\/de-at\/wp-json\/wp\/v2\/product\/2040","targetHints":{"allow":["GET"]}}],"collection":[{"href":"https:\/\/unrostore.com\/de-at\/wp-json\/wp\/v2\/product"}],"about":[{"href":"https:\/\/unrostore.com\/de-at\/wp-json\/wp\/v2\/types\/product"}],"wp:featuredmedia":[{"embeddable":true,"href":"https:\/\/unrostore.com\/de-at\/wp-json\/wp\/v2\/media\/7090"}],"wp:attachment":[{"href":"https:\/\/unrostore.com\/de-at\/wp-json\/wp\/v2\/media?parent=2040"}],"wp:term":[{"taxonomy":"product_brand","embeddable":true,"href":"https:\/\/unrostore.com\/de-at\/wp-json\/wp\/v2\/product_brand?post=2040"},{"taxonomy":"product_cat","embeddable":true,"href":"https:\/\/unrostore.com\/de-at\/wp-json\/wp\/v2\/product_cat?post=2040"},{"taxonomy":"product_tag","embeddable":true,"href":"https:\/\/unrostore.com\/de-at\/wp-json\/wp\/v2\/product_tag?post=2040"}],"curies":[{"name":"wp","href":"https:\/\/api.w.org\/{rel}","templated":true}]}}