{"id":5404,"date":"2023-08-30T18:01:30","date_gmt":"2023-08-30T18:01:30","guid":{"rendered":"https:\/\/unrostore.com\/?page_id=5404"},"modified":"2023-11-05T19:44:14","modified_gmt":"2023-11-05T19:44:14","slug":"unro-verpflegungsdienst","status":"publish","type":"page","link":"https:\/\/unrostore.com\/de-at\/unro-verpflegungsdienst\/","title":{"rendered":"Tafelgeschirr UNRO"},"content":{"rendered":"<div style=\"height:30px\" aria-hidden=\"true\" class=\"wp-block-spacer\"><\/div>\n\n\n\n<div class=\"wp-block-media-text has-media-on-the-right is-stacked-on-mobile has-background\" style=\"background-color:#fbf2e647\"><div class=\"wp-block-media-text__content\">\n<p><em>UNRO, portugiesisches Catering-Geschirr, das Sie gl\u00fccklich machen wird!<\/em><\/p>\n\n\n\n<div style=\"height:20px\" aria-hidden=\"true\" class=\"wp-block-spacer\"><\/div>\n\n\n\n<h2 class=\"wp-block-heading\">Portugiesisches Catering-Geschirr f\u00fcr Ihr Restaurant \u2661<\/h2>\n\n\n\n<p>Sind Sie auf der Suche nach hochwertigem Geschirr mit einem einzigartigen Design? Das finden Sie in unserem Catering-Geschirr, das in Portugal handgefertigt wird, wodurch jedes St\u00fcck einzigartig ist.<\/p>\n\n\n\n<p>Unser Geschirr wird aus lokalem, reinem <a href=\"https:\/\/unrostore.com\/de-at\/2023\/07\/31\/worauf-ist-beim-kauf-von-geschirr-zu-achten-teil-1-qualitat\/\">Steingut<\/a> von h\u00f6chster Qualit\u00e4t. Das macht unser Geschirr sehr geeignet f\u00fcr den Einsatz in Unternehmen. <br><br>Lesen Sie unten weitere Vorteile! \u2193<\/p>\n<\/div><figure class=\"wp-block-media-text__media\"><img loading=\"lazy\" decoding=\"async\" width=\"1000\" height=\"1000\" src=\"https:\/\/unrostore.com\/wp-content\/uploads\/2023\/09\/unro-horeca-servies-creme-jpg.webp\" alt=\"UNRO Catering-Geschirr\" class=\"wp-image-5566 size-full\" srcset=\"https:\/\/unrostore.com\/wp-content\/uploads\/2023\/09\/unro-horeca-servies-creme-jpg.webp 1000w, https:\/\/unrostore.com\/wp-content\/uploads\/2023\/09\/unro-horeca-servies-creme-jpg-640x640.webp 640w, https:\/\/unrostore.com\/wp-content\/uploads\/2023\/09\/unro-horeca-servies-creme-300x300.webp 300w, https:\/\/unrostore.com\/wp-content\/uploads\/2023\/09\/unro-horeca-servies-creme-150x150.webp 150w, https:\/\/unrostore.com\/wp-content\/uploads\/2023\/09\/unro-horeca-servies-creme-768x768.webp 768w\" sizes=\"auto, (max-width: 1000px) 100vw, 1000px\" \/><\/figure><\/div>\n\n\n\n<div style=\"height:200px\" aria-hidden=\"true\" class=\"wp-block-spacer\"><\/div>\n\n\n\n<figure class=\"wp-block-gallery aligncenter has-nested-images columns-default is-cropped wp-block-gallery-1 is-layout-flex wp-block-gallery-is-layout-flex\"><div class=\"wp-block-image is-style-default\">\n<figure class=\"aligncenter size-full is-resized\"><img loading=\"lazy\" decoding=\"async\" width=\"444\" height=\"600\" data-id=\"5598\" src=\"https:\/\/unrostore.com\/wp-content\/uploads\/2023\/09\/unro-horeca-servies-blauw-koffie-jpg.webp\" alt=\"Kaffeebecher f\u00fcr die Gastronomie\" class=\"wp-image-5598\" style=\"object-fit:cover;width:250px;height:250px\" srcset=\"https:\/\/unrostore.com\/wp-content\/uploads\/2023\/09\/unro-horeca-servies-blauw-koffie-jpg.webp 444w, https:\/\/unrostore.com\/wp-content\/uploads\/2023\/09\/unro-horeca-servies-blauw-koffie-222x300.webp 222w\" sizes=\"auto, (max-width: 444px) 100vw, 444px\" \/><\/figure><\/div>\n\n<div class=\"wp-block-image is-style-default\">\n<figure class=\"aligncenter size-full is-resized\"><img loading=\"lazy\" decoding=\"async\" width=\"1220\" height=\"892\" data-id=\"5599\" src=\"https:\/\/unrostore.com\/wp-content\/uploads\/2023\/09\/unro-horeca-servies-schaaltjes-jpg.webp\" alt=\"Catering-Service Gerichte\" class=\"wp-image-5599\" style=\"object-fit:cover;width:250px;height:250px\" srcset=\"https:\/\/unrostore.com\/wp-content\/uploads\/2023\/09\/unro-horeca-servies-schaaltjes-jpg.webp 1220w, https:\/\/unrostore.com\/wp-content\/uploads\/2023\/09\/unro-horeca-servies-schaaltjes-jpg-1000x731.webp 1000w, https:\/\/unrostore.com\/wp-content\/uploads\/2023\/09\/unro-horeca-servies-schaaltjes-300x219.webp 300w, https:\/\/unrostore.com\/wp-content\/uploads\/2023\/09\/unro-horeca-servies-schaaltjes-1024x749.webp 1024w, https:\/\/unrostore.com\/wp-content\/uploads\/2023\/09\/unro-horeca-servies-schaaltjes-768x562.webp 768w\" sizes=\"auto, (max-width: 1220px) 100vw, 1220px\" \/><\/figure><\/div>\n\n<div class=\"wp-block-image is-style-default\">\n<figure class=\"aligncenter size-full is-resized\"><img loading=\"lazy\" decoding=\"async\" width=\"1204\" height=\"1700\" data-id=\"5600\" src=\"https:\/\/unrostore.com\/wp-content\/uploads\/2023\/09\/unro-portugees-horeca-servies-blauw-jpg.webp\" alt=\"Tafelgeschirr Teller\" class=\"wp-image-5600\" style=\"object-fit:cover;width:250px;height:250px\" srcset=\"https:\/\/unrostore.com\/wp-content\/uploads\/2023\/09\/unro-portugees-horeca-servies-blauw-jpg.webp 1204w, https:\/\/unrostore.com\/wp-content\/uploads\/2023\/09\/unro-portugees-horeca-servies-blauw-jpg-1000x1412.webp 1000w, https:\/\/unrostore.com\/wp-content\/uploads\/2023\/09\/unro-portugees-horeca-servies-blauw-212x300.webp 212w, https:\/\/unrostore.com\/wp-content\/uploads\/2023\/09\/unro-portugees-horeca-servies-blauw-725x1024.webp 725w, https:\/\/unrostore.com\/wp-content\/uploads\/2023\/09\/unro-portugees-horeca-servies-blauw-768x1084.webp 768w, https:\/\/unrostore.com\/wp-content\/uploads\/2023\/09\/unro-portugees-horeca-servies-blauw-1088x1536.webp 1088w\" sizes=\"auto, (max-width: 1204px) 100vw, 1204px\" \/><\/figure><\/div><\/figure>\n\n\n\n<div style=\"height:200px\" aria-hidden=\"true\" class=\"wp-block-spacer\"><\/div>\n\n\n\n<div class=\"wp-block-media-text is-stacked-on-mobile has-background\" style=\"background-color:#fbf2e647\"><figure class=\"wp-block-media-text__media\"><img loading=\"lazy\" decoding=\"async\" width=\"1000\" height=\"1000\" src=\"https:\/\/unrostore.com\/wp-content\/uploads\/2023\/11\/unro-wit-espresso-kopje-met-schotel.jpg\" alt=\"wei\u00dfe Espressotasse mit Untertasse Catering-Service unro\" class=\"wp-image-6341 size-full\" srcset=\"https:\/\/unrostore.com\/wp-content\/uploads\/2023\/11\/unro-wit-espresso-kopje-met-schotel.jpg 1000w, https:\/\/unrostore.com\/wp-content\/uploads\/2023\/11\/unro-wit-espresso-kopje-met-schotel-640x640.jpg 640w, https:\/\/unrostore.com\/wp-content\/uploads\/2023\/11\/unro-wit-espresso-kopje-met-schotel-300x300.jpg 300w, https:\/\/unrostore.com\/wp-content\/uploads\/2023\/11\/unro-wit-espresso-kopje-met-schotel-150x150.jpg 150w, https:\/\/unrostore.com\/wp-content\/uploads\/2023\/11\/unro-wit-espresso-kopje-met-schotel-768x768.jpg 768w\" sizes=\"auto, (max-width: 1000px) 100vw, 1000px\" \/><\/figure><div class=\"wp-block-media-text__content\">\n<h2 class=\"wp-block-heading\">Vorteile unseres Geschirrs f\u00fcr Ihr Hotel, Restaurant oder Caf\u00e9:<\/h2>\n\n\n\n<p>  \u2661 Vaatwasser, magnetron- & oven bestendig (tot 200\u00b0C)<br>  K\u00fchlschrank- und gefrierfest (bis -20\u00b0C)<br>  \u2661 Fair und nachhaltig handgefertigt in Portugal <br>  \u2661 Luxuri\u00f6se Ausf\u00fchrung aus sehr hochwertiger Keramik <br>  \u2661 Modernes portugiesisches Design exklusiv bei UNRO in den Niederlanden!<\/p>\n\n\n\n<div style=\"height:40px\" aria-hidden=\"true\" class=\"wp-block-spacer\"><\/div>\n\n\n\n<div class=\"wp-block-buttons is-content-justification-center is-layout-flex wp-container-core-buttons-is-layout-16018d1d wp-block-buttons-is-layout-flex\">\n<div class=\"wp-block-button has-custom-font-size\" style=\"font-size:14px\"><a class=\"wp-block-button__link has-pale-cyan-blue-background-color has-background wp-element-button\" href=\"https:\/\/us8.list-manage.com\/contact-form?u=06cfcb8bb2cb88da8e73fa1ec&form_id=514a03457c615d5eb8df05dea8c959ea\" style=\"border-radius:5px\">Nehmen Sie Kontakt mit uns auf!<\/a><\/div>\n<\/div>\n<\/div><\/div>\n\n\n\n<div style=\"height:200px\" aria-hidden=\"true\" class=\"wp-block-spacer\"><\/div>\n\n\n\n<figure class=\"wp-block-gallery aligncenter has-nested-images columns-default is-cropped wp-block-gallery-2 is-layout-flex wp-block-gallery-is-layout-flex\"><div class=\"wp-block-image is-style-default\">\n<figure class=\"aligncenter size-full is-resized\"><img loading=\"lazy\" decoding=\"async\" width=\"1000\" height=\"1000\" data-id=\"6344\" src=\"https:\/\/unrostore.com\/wp-content\/uploads\/2023\/11\/unro-groene-borden-set-horeca-servies.webp\" alt=\"Gr\u00fcnes Tellerset Catering Service unro\" class=\"wp-image-6344\" style=\"object-fit:cover;width:250px;height:250px\" srcset=\"https:\/\/unrostore.com\/wp-content\/uploads\/2023\/11\/unro-groene-borden-set-horeca-servies.webp 1000w, https:\/\/unrostore.com\/wp-content\/uploads\/2023\/11\/unro-groene-borden-set-horeca-servies-640x640.webp 640w, https:\/\/unrostore.com\/wp-content\/uploads\/2023\/11\/unro-groene-borden-set-horeca-servies-300x300.webp 300w, https:\/\/unrostore.com\/wp-content\/uploads\/2023\/11\/unro-groene-borden-set-horeca-servies-150x150.webp 150w, https:\/\/unrostore.com\/wp-content\/uploads\/2023\/11\/unro-groene-borden-set-horeca-servies-768x768.webp 768w\" sizes=\"auto, (max-width: 1000px) 100vw, 1000px\" \/><\/figure><\/div>\n\n<div class=\"wp-block-image is-style-default\">\n<figure class=\"aligncenter size-full is-resized\"><img loading=\"lazy\" decoding=\"async\" width=\"1000\" height=\"1000\" data-id=\"6345\" src=\"https:\/\/unrostore.com\/wp-content\/uploads\/2023\/11\/unro-zwart-espresso-kopje-met-schotel.jpg\" alt=\"schwarzes espresso set catering service\" class=\"wp-image-6345\" style=\"object-fit:cover;width:250px;height:250px\" srcset=\"https:\/\/unrostore.com\/wp-content\/uploads\/2023\/11\/unro-zwart-espresso-kopje-met-schotel.jpg 1000w, https:\/\/unrostore.com\/wp-content\/uploads\/2023\/11\/unro-zwart-espresso-kopje-met-schotel-640x640.jpg 640w, https:\/\/unrostore.com\/wp-content\/uploads\/2023\/11\/unro-zwart-espresso-kopje-met-schotel-300x300.jpg 300w, https:\/\/unrostore.com\/wp-content\/uploads\/2023\/11\/unro-zwart-espresso-kopje-met-schotel-150x150.jpg 150w, https:\/\/unrostore.com\/wp-content\/uploads\/2023\/11\/unro-zwart-espresso-kopje-met-schotel-768x768.jpg 768w\" sizes=\"auto, (max-width: 1000px) 100vw, 1000px\" \/><\/figure><\/div>\n\n<div class=\"wp-block-image is-style-default\">\n<figure class=\"aligncenter size-full is-resized\"><img loading=\"lazy\" decoding=\"async\" width=\"1000\" height=\"1000\" data-id=\"6346\" src=\"https:\/\/unrostore.com\/wp-content\/uploads\/2023\/11\/unro-groene-borden-horeca-servies.jpg\" alt=\"gr\u00fcnes tiefes Tellerset Catering Service\" class=\"wp-image-6346\" style=\"object-fit:cover;width:250px;height:250px\" srcset=\"https:\/\/unrostore.com\/wp-content\/uploads\/2023\/11\/unro-groene-borden-horeca-servies.jpg 1000w, https:\/\/unrostore.com\/wp-content\/uploads\/2023\/11\/unro-groene-borden-horeca-servies-640x640.jpg 640w, https:\/\/unrostore.com\/wp-content\/uploads\/2023\/11\/unro-groene-borden-horeca-servies-300x300.jpg 300w, https:\/\/unrostore.com\/wp-content\/uploads\/2023\/11\/unro-groene-borden-horeca-servies-150x150.jpg 150w, https:\/\/unrostore.com\/wp-content\/uploads\/2023\/11\/unro-groene-borden-horeca-servies-768x768.jpg 768w\" sizes=\"auto, (max-width: 1000px) 100vw, 1000px\" \/><\/figure><\/div><\/figure>\n\n\n\n<div style=\"height:200px\" aria-hidden=\"true\" class=\"wp-block-spacer\"><\/div>\n\n\n\n<div class=\"wp-block-media-text has-media-on-the-right is-stacked-on-mobile has-background\" style=\"background-color:#fbf2e647\"><div class=\"wp-block-media-text__content\">\n<p>Sie m\u00f6chten unseren Gesch\u00e4ftskatalog erhalten? Haben Sie unser Geschirr in Ihrem Kochbuch oder Weihnachtspaket abgebildet? Oder sind Sie neugierig, was wir f\u00fcr Sie und Ihr Hotel, Restaurant oder Caf\u00e9 tun k\u00f6nnen? \u2193<\/p>\n\n\n\n<div style=\"height:40px\" aria-hidden=\"true\" class=\"wp-block-spacer\"><\/div>\n\n\n\n<div class=\"wp-block-buttons is-content-justification-center is-layout-flex wp-container-core-buttons-is-layout-16018d1d wp-block-buttons-is-layout-flex\">\n<div class=\"wp-block-button has-custom-font-size\" style=\"font-size:14px\"><a class=\"wp-block-button__link has-pale-cyan-blue-background-color has-background wp-element-button\" href=\"https:\/\/us8.list-manage.com\/contact-form?u=06cfcb8bb2cb88da8e73fa1ec&form_id=514a03457c615d5eb8df05dea8c959ea\" style=\"border-radius:5px\">Nehmen Sie Kontakt mit uns auf!<\/a><\/div>\n<\/div>\n<\/div><figure class=\"wp-block-media-text__media\"><img loading=\"lazy\" decoding=\"async\" width=\"1000\" height=\"1000\" src=\"https:\/\/unrostore.com\/wp-content\/uploads\/2023\/11\/unro-wit-bord-horeca-servies-portugees.jpg\" alt=\"wei\u00dfe Teller Catering-Saucensch\u00fcssel\" class=\"wp-image-6342 size-full\" srcset=\"https:\/\/unrostore.com\/wp-content\/uploads\/2023\/11\/unro-wit-bord-horeca-servies-portugees.jpg 1000w, https:\/\/unrostore.com\/wp-content\/uploads\/2023\/11\/unro-wit-bord-horeca-servies-portugees-640x640.jpg 640w, https:\/\/unrostore.com\/wp-content\/uploads\/2023\/11\/unro-wit-bord-horeca-servies-portugees-300x300.jpg 300w, https:\/\/unrostore.com\/wp-content\/uploads\/2023\/11\/unro-wit-bord-horeca-servies-portugees-150x150.jpg 150w, https:\/\/unrostore.com\/wp-content\/uploads\/2023\/11\/unro-wit-bord-horeca-servies-portugees-768x768.jpg 768w\" sizes=\"auto, (max-width: 1000px) 100vw, 1000px\" \/><\/figure><\/div>\n\n\n\n<div style=\"height:100px\" aria-hidden=\"true\" class=\"wp-block-spacer\"><\/div>","protected":false},"excerpt":{"rendered":"","protected":false},"author":1,"featured_media":0,"parent":0,"menu_order":0,"comment_status":"closed","ping_status":"closed","template":"template-pagetitle.php","meta":{"footnotes":""},"class_list":["post-5404","page","type-page","status-publish","hentry"],"yoast_head":"<!-- This site is optimized with the Yoast SEO plugin v27.6 - https:\/\/yoast.com\/product\/yoast-seo-wordpress\/ -->\n<title>Horeca Servies UNRO &#8226; UNRO<\/title>\n<meta name=\"description\" content=\"Ben jij op zoek naar mooi horeca servies van goede kwaliteit met een uniek design? Dit vind je terug in ons Portugese UNRO horeca servies!\" \/>\n<meta name=\"robots\" content=\"index, follow, max-snippet:-1, max-image-preview:large, max-video-preview:-1\" \/>\n<link rel=\"canonical\" href=\"https:\/\/unrostore.com\/de-at\/unro-verpflegungsdienst\/\" \/>\n<meta property=\"og:locale\" content=\"de_DE\" \/>\n<meta property=\"og:type\" content=\"article\" \/>\n<meta property=\"og:title\" content=\"Horeca Servies UNRO &#8226; UNRO\" \/>\n<meta property=\"og:description\" content=\"Ben jij op zoek naar mooi horeca servies van goede kwaliteit met een uniek design? Dit vind je terug in ons Portugese UNRO horeca servies!\" \/>\n<meta property=\"og:url\" content=\"https:\/\/unrostore.com\/de-at\/unro-verpflegungsdienst\/\" \/>\n<meta property=\"og:site_name\" content=\"UNRO\" \/>\n<meta property=\"article:modified_time\" content=\"2023-11-05T19:44:14+00:00\" \/>\n<meta property=\"og:image\" content=\"https:\/\/unrostore.com\/wp-content\/uploads\/2023\/09\/unro-horeca-servies-creme-jpg.webp\" \/>\n<meta name=\"twitter:card\" content=\"summary_large_image\" \/>\n<script type=\"application\/ld+json\" class=\"yoast-schema-graph\">{\"@context\":\"https:\\\/\\\/schema.org\",\"@graph\":[{\"@type\":\"WebPage\",\"@id\":\"https:\\\/\\\/unrostore.com\\\/unro-horeca-servies\\\/\",\"url\":\"https:\\\/\\\/unrostore.com\\\/unro-horeca-servies\\\/\",\"name\":\"Horeca Servies UNRO &#8226; UNRO\",\"isPartOf\":{\"@id\":\"https:\\\/\\\/unrostore.com\\\/#website\"},\"primaryImageOfPage\":{\"@id\":\"https:\\\/\\\/unrostore.com\\\/unro-horeca-servies\\\/#primaryimage\"},\"image\":{\"@id\":\"https:\\\/\\\/unrostore.com\\\/unro-horeca-servies\\\/#primaryimage\"},\"thumbnailUrl\":\"https:\\\/\\\/unrostore.com\\\/wp-content\\\/uploads\\\/2023\\\/09\\\/unro-horeca-servies-creme-jpg.webp\",\"datePublished\":\"2023-08-30T18:01:30+00:00\",\"dateModified\":\"2023-11-05T19:44:14+00:00\",\"description\":\"Ben jij op zoek naar mooi horeca servies van goede kwaliteit met een uniek design? Dit vind je terug in ons Portugese UNRO horeca servies!\",\"breadcrumb\":{\"@id\":\"https:\\\/\\\/unrostore.com\\\/unro-horeca-servies\\\/#breadcrumb\"},\"inLanguage\":\"de-AT\",\"potentialAction\":[{\"@type\":\"ReadAction\",\"target\":[\"https:\\\/\\\/unrostore.com\\\/unro-horeca-servies\\\/\"]}]},{\"@type\":\"ImageObject\",\"inLanguage\":\"de-AT\",\"@id\":\"https:\\\/\\\/unrostore.com\\\/unro-horeca-servies\\\/#primaryimage\",\"url\":\"https:\\\/\\\/unrostore.com\\\/wp-content\\\/uploads\\\/2023\\\/09\\\/unro-horeca-servies-creme-jpg.webp\",\"contentUrl\":\"https:\\\/\\\/unrostore.com\\\/wp-content\\\/uploads\\\/2023\\\/09\\\/unro-horeca-servies-creme-jpg.webp\"},{\"@type\":\"BreadcrumbList\",\"@id\":\"https:\\\/\\\/unrostore.com\\\/unro-horeca-servies\\\/#breadcrumb\",\"itemListElement\":[{\"@type\":\"ListItem\",\"position\":1,\"name\":\"Home\",\"item\":\"https:\\\/\\\/unrostore.com\\\/\"},{\"@type\":\"ListItem\",\"position\":2,\"name\":\"Horeca Servies UNRO\"}]},{\"@type\":\"WebSite\",\"@id\":\"https:\\\/\\\/unrostore.com\\\/#website\",\"url\":\"https:\\\/\\\/unrostore.com\\\/\",\"name\":\"UNRO\",\"description\":\"Portugees servies waar je blij van wordt!\",\"publisher\":{\"@id\":\"https:\\\/\\\/unrostore.com\\\/#organization\"},\"potentialAction\":[{\"@type\":\"SearchAction\",\"target\":{\"@type\":\"EntryPoint\",\"urlTemplate\":\"https:\\\/\\\/unrostore.com\\\/?s={search_term_string}\"},\"query-input\":{\"@type\":\"PropertyValueSpecification\",\"valueRequired\":true,\"valueName\":\"search_term_string\"}}],\"inLanguage\":\"de-AT\"},{\"@type\":\"Organization\",\"@id\":\"https:\\\/\\\/unrostore.com\\\/#organization\",\"name\":\"UNRO\",\"url\":\"https:\\\/\\\/unrostore.com\\\/\",\"logo\":{\"@type\":\"ImageObject\",\"inLanguage\":\"de-AT\",\"@id\":\"https:\\\/\\\/unrostore.com\\\/#\\\/schema\\\/logo\\\/image\\\/\",\"url\":\"https:\\\/\\\/unrostore.com\\\/wp-content\\\/uploads\\\/2022\\\/05\\\/Logo-UNRO.png\",\"contentUrl\":\"https:\\\/\\\/unrostore.com\\\/wp-content\\\/uploads\\\/2022\\\/05\\\/Logo-UNRO.png\",\"width\":605,\"height\":179,\"caption\":\"UNRO\"},\"image\":{\"@id\":\"https:\\\/\\\/unrostore.com\\\/#\\\/schema\\\/logo\\\/image\\\/\"}}]}<\/script>\n<!-- \/ Yoast SEO plugin. -->","yoast_head_json":{"title":"UNRO-Geschirr - UNRO","description":"Sind Sie auf der Suche nach sch\u00f6nem, hochwertigem Catering-Geschirr mit einem einzigartigen Design? Das finden Sie in unserem portugiesischen UNRO-Gastronomiegeschirr!","robots":{"index":"index","follow":"follow","max-snippet":"max-snippet:-1","max-image-preview":"max-image-preview:large","max-video-preview":"max-video-preview:-1"},"canonical":"https:\/\/unrostore.com\/de-at\/unro-verpflegungsdienst\/","og_locale":"de_DE","og_type":"article","og_title":"Horeca Servies UNRO &#8226; UNRO","og_description":"Ben jij op zoek naar mooi horeca servies van goede kwaliteit met een uniek design? Dit vind je terug in ons Portugese UNRO horeca servies!","og_url":"https:\/\/unrostore.com\/de-at\/unro-verpflegungsdienst\/","og_site_name":"UNRO","article_modified_time":"2023-11-05T19:44:14+00:00","og_image":[{"url":"https:\/\/unrostore.com\/wp-content\/uploads\/2023\/09\/unro-horeca-servies-creme-jpg.webp","type":"","width":"","height":""}],"twitter_card":"summary_large_image","schema":{"@context":"https:\/\/schema.org","@graph":[{"@type":"WebPage","@id":"https:\/\/unrostore.com\/unro-horeca-servies\/","url":"https:\/\/unrostore.com\/unro-horeca-servies\/","name":"UNRO-Geschirr - UNRO","isPartOf":{"@id":"https:\/\/unrostore.com\/#website"},"primaryImageOfPage":{"@id":"https:\/\/unrostore.com\/unro-horeca-servies\/#primaryimage"},"image":{"@id":"https:\/\/unrostore.com\/unro-horeca-servies\/#primaryimage"},"thumbnailUrl":"https:\/\/unrostore.com\/wp-content\/uploads\/2023\/09\/unro-horeca-servies-creme-jpg.webp","datePublished":"2023-08-30T18:01:30+00:00","dateModified":"2023-11-05T19:44:14+00:00","description":"Sind Sie auf der Suche nach sch\u00f6nem, hochwertigem Catering-Geschirr mit einem einzigartigen Design? Das finden Sie in unserem portugiesischen UNRO-Gastronomiegeschirr!","breadcrumb":{"@id":"https:\/\/unrostore.com\/unro-horeca-servies\/#breadcrumb"},"inLanguage":"de-AT","potentialAction":[{"@type":"ReadAction","target":["https:\/\/unrostore.com\/unro-horeca-servies\/"]}]},{"@type":"ImageObject","inLanguage":"de-AT","@id":"https:\/\/unrostore.com\/unro-horeca-servies\/#primaryimage","url":"https:\/\/unrostore.com\/wp-content\/uploads\/2023\/09\/unro-horeca-servies-creme-jpg.webp","contentUrl":"https:\/\/unrostore.com\/wp-content\/uploads\/2023\/09\/unro-horeca-servies-creme-jpg.webp"},{"@type":"BreadcrumbList","@id":"https:\/\/unrostore.com\/unro-horeca-servies\/#breadcrumb","itemListElement":[{"@type":"ListItem","position":1,"name":"Home","item":"https:\/\/unrostore.com\/"},{"@type":"ListItem","position":2,"name":"Horeca Servies UNRO"}]},{"@type":"WebSite","@id":"https:\/\/unrostore.com\/#website","url":"https:\/\/unrostore.com\/","name":"UNRO","description":"Portugiesisches Geschirr, das Sie gl\u00fccklich machen wird!","publisher":{"@id":"https:\/\/unrostore.com\/#organization"},"potentialAction":[{"@type":"SearchAction","target":{"@type":"EntryPoint","urlTemplate":"https:\/\/unrostore.com\/?s={search_term_string}"},"query-input":{"@type":"PropertyValueSpecification","valueRequired":true,"valueName":"search_term_string"}}],"inLanguage":"de-AT"},{"@type":"Organization","@id":"https:\/\/unrostore.com\/#organization","name":"UNRO","url":"https:\/\/unrostore.com\/","logo":{"@type":"ImageObject","inLanguage":"de-AT","@id":"https:\/\/unrostore.com\/#\/schema\/logo\/image\/","url":"https:\/\/unrostore.com\/wp-content\/uploads\/2022\/05\/Logo-UNRO.png","contentUrl":"https:\/\/unrostore.com\/wp-content\/uploads\/2022\/05\/Logo-UNRO.png","width":605,"height":179,"caption":"UNRO"},"image":{"@id":"https:\/\/unrostore.com\/#\/schema\/logo\/image\/"}}]}},"_links":{"self":[{"href":"https:\/\/unrostore.com\/de-at\/wp-json\/wp\/v2\/pages\/5404","targetHints":{"allow":["GET"]}}],"collection":[{"href":"https:\/\/unrostore.com\/de-at\/wp-json\/wp\/v2\/pages"}],"about":[{"href":"https:\/\/unrostore.com\/de-at\/wp-json\/wp\/v2\/types\/page"}],"author":[{"embeddable":true,"href":"https:\/\/unrostore.com\/de-at\/wp-json\/wp\/v2\/users\/1"}],"replies":[{"embeddable":true,"href":"https:\/\/unrostore.com\/de-at\/wp-json\/wp\/v2\/comments?post=5404"}],"version-history":[{"count":0,"href":"https:\/\/unrostore.com\/de-at\/wp-json\/wp\/v2\/pages\/5404\/revisions"}],"wp:attachment":[{"href":"https:\/\/unrostore.com\/de-at\/wp-json\/wp\/v2\/media?parent=5404"}],"curies":[{"name":"wp","href":"https:\/\/api.w.org\/{rel}","templated":true}]}}