{"id":5033,"date":"2023-07-31T18:18:32","date_gmt":"2023-07-31T18:18:32","guid":{"rendered":"https:\/\/unrostore.com\/?page_id=5033"},"modified":"2024-08-11T08:26:33","modified_gmt":"2024-08-11T08:26:33","slug":"geschirrsets","status":"publish","type":"page","link":"https:\/\/unrostore.com\/de-at\/geschirrsets\/","title":{"rendered":"Geschirrsets"},"content":{"rendered":"<div style=\"height:40px\" aria-hidden=\"true\" class=\"wp-block-spacer\"><\/div>\n\n\n\n<div class=\"wp-block-cover is-light\"><span aria-hidden=\"true\" class=\"wp-block-cover__background has-background-dim-20 has-background-dim\"><\/span><img loading=\"lazy\" decoding=\"async\" width=\"1000\" height=\"1000\" class=\"wp-block-cover__image-background wp-image-5791\" alt=\"wei\u00dfes Geschirrset\" src=\"https:\/\/unrostore.com\/wp-content\/uploads\/2022\/10\/unro-portugees-servies-wit-jpg.webp\" style=\"object-position:53% 41%\" data-object-fit=\"cover\" data-object-position=\"53% 41%\" srcset=\"https:\/\/unrostore.com\/wp-content\/uploads\/2022\/10\/unro-portugees-servies-wit-jpg.webp 1000w, https:\/\/unrostore.com\/wp-content\/uploads\/2022\/10\/unro-portugees-servies-wit-jpg-640x640.webp 640w, https:\/\/unrostore.com\/wp-content\/uploads\/2022\/10\/unro-portugees-servies-wit-300x300.webp 300w, https:\/\/unrostore.com\/wp-content\/uploads\/2022\/10\/unro-portugees-servies-wit-150x150.webp 150w, https:\/\/unrostore.com\/wp-content\/uploads\/2022\/10\/unro-portugees-servies-wit-768x768.webp 768w\" sizes=\"auto, (max-width: 1000px) 100vw, 1000px\" \/><div class=\"wp-block-cover__inner-container is-layout-flow wp-block-cover-is-layout-flow\">\n<h2 class=\"wp-block-heading has-text-align-center has-white-color has-text-color has-large-font-size\">Geschirrsets<\/h2>\n\n\n\n<div class=\"wp-block-buttons is-content-justification-center is-layout-flex wp-container-core-buttons-is-layout-16018d1d wp-block-buttons-is-layout-flex\">\n<div class=\"wp-block-button\"><a class=\"wp-block-button__link has-pale-cyan-blue-background-color has-background wp-element-button\" href=\"https:\/\/unrostore.com\/de-at\/produktkategorie-2\/geschirrset\/\" style=\"border-radius:16px\">Alle Geschirrsets anzeigen<\/a><\/div>\n<\/div>\n<\/div><\/div>\n\n\n\n<div style=\"height:40px\" aria-hidden=\"true\" class=\"wp-block-spacer\"><\/div>\n\n\n\n<div class=\"wp-block-columns is-layout-flex wp-container-core-columns-is-layout-9d6595d7 wp-block-columns-is-layout-flex\">\n<div class=\"wp-block-column is-layout-flow wp-block-column-is-layout-flow\">\n<div class=\"wp-block-cover is-light\"><span aria-hidden=\"true\" class=\"wp-block-cover__background has-background-dim-20 has-background-dim\"><\/span><img loading=\"lazy\" decoding=\"async\" width=\"1000\" height=\"1000\" class=\"wp-block-cover__image-background wp-image-5940\" alt=\"blaues Geschirrset mit Pastatellern\" src=\"https:\/\/unrostore.com\/wp-content\/uploads\/2023\/05\/unro-blauw-serives-set-portugees-servies.jpg\" data-object-fit=\"cover\" srcset=\"https:\/\/unrostore.com\/wp-content\/uploads\/2023\/05\/unro-blauw-serives-set-portugees-servies.jpg 1000w, https:\/\/unrostore.com\/wp-content\/uploads\/2023\/05\/unro-blauw-serives-set-portugees-servies-640x640.jpg 640w, https:\/\/unrostore.com\/wp-content\/uploads\/2023\/05\/unro-blauw-serives-set-portugees-servies-300x300.jpg 300w, https:\/\/unrostore.com\/wp-content\/uploads\/2023\/05\/unro-blauw-serives-set-portugees-servies-150x150.jpg 150w, https:\/\/unrostore.com\/wp-content\/uploads\/2023\/05\/unro-blauw-serives-set-portugees-servies-768x768.jpg 768w\" sizes=\"auto, (max-width: 1000px) 100vw, 1000px\" \/><div class=\"wp-block-cover__inner-container is-layout-flow wp-block-cover-is-layout-flow\">\n<h2 class=\"wp-block-heading has-text-align-center has-white-color has-text-color has-large-font-size\">Geschirrsets Nudeln<\/h2>\n\n\n\n<div class=\"wp-block-buttons is-content-justification-center is-layout-flex wp-container-core-buttons-is-layout-16018d1d wp-block-buttons-is-layout-flex\">\n<div class=\"wp-block-button\"><a class=\"wp-block-button__link has-pale-cyan-blue-background-color has-background wp-element-button\" href=\"https:\/\/unrostore.com\/de-at\/produktkategorie-2\/12-teiliges-nudelset\/\" style=\"border-radius:16px\">Ansicht Pasta-Geschirrsets<\/a><\/div>\n<\/div>\n<\/div><\/div>\n<\/div>\n\n\n\n<div class=\"wp-block-column is-layout-flow wp-block-column-is-layout-flow\">\n<div class=\"wp-block-cover is-light\"><span aria-hidden=\"true\" class=\"wp-block-cover__background has-background-dim-20 has-background-dim\"><\/span><img decoding=\"async\" class=\"wp-block-cover__image-background wp-image-3373\" alt=\"Amazonia Cream Tafelset - Portugiesisches Keramikgeschirr f\u00fcr 4 Personen\" src=\"https:\/\/unrostore.com\/wp-content\/uploads\/2023\/01\/unro-portugees-servies-amazonia-cream-serviesset-4-personen-terrafina-768x1024.jpg\" style=\"object-position:36% 48%\" data-object-fit=\"cover\" data-object-position=\"36% 48%\"\/><div class=\"wp-block-cover__inner-container is-layout-flow wp-block-cover-is-layout-flow\">\n<h2 class=\"wp-block-heading has-text-align-center has-white-color has-text-color has-large-font-size\">Geschirrsets Geschirr<\/h2>\n\n\n\n<div class=\"wp-block-buttons is-content-justification-center is-layout-flex wp-container-core-buttons-is-layout-16018d1d wp-block-buttons-is-layout-flex\">\n<div class=\"wp-block-button\"><a class=\"wp-block-button__link has-pale-cyan-blue-background-color has-background wp-element-button\" href=\"https:\/\/unrostore.com\/de-at\/produktkategorie-2\/12-teiliges-tafelservice-geschirr\/\" style=\"border-radius:16px\">Ansicht Geschirrsets Sch\u00fcsseln<\/a><\/div>\n<\/div>\n<\/div><\/div>\n<\/div>\n\n\n\n<div class=\"wp-block-column is-layout-flow wp-block-column-is-layout-flow\">\n<div class=\"wp-block-cover is-light\"><span aria-hidden=\"true\" class=\"wp-block-cover__background has-background-dim-20 has-background-dim\"><\/span><img loading=\"lazy\" decoding=\"async\" width=\"1000\" height=\"1000\" class=\"wp-block-cover__image-background wp-image-5762\" alt=\"wei\u00dfes Essgeschirr 16 St\u00fcck\" src=\"https:\/\/unrostore.com\/wp-content\/uploads\/2023\/09\/unro-portugees-servies-wit-pastaborden-kommen.jpg\" data-object-fit=\"cover\" srcset=\"https:\/\/unrostore.com\/wp-content\/uploads\/2023\/09\/unro-portugees-servies-wit-pastaborden-kommen.jpg 1000w, https:\/\/unrostore.com\/wp-content\/uploads\/2023\/09\/unro-portugees-servies-wit-pastaborden-kommen-640x640.jpg 640w, https:\/\/unrostore.com\/wp-content\/uploads\/2023\/09\/unro-portugees-servies-wit-pastaborden-kommen-300x300.webp 300w, https:\/\/unrostore.com\/wp-content\/uploads\/2023\/09\/unro-portugees-servies-wit-pastaborden-kommen-150x150.webp 150w, https:\/\/unrostore.com\/wp-content\/uploads\/2023\/09\/unro-portugees-servies-wit-pastaborden-kommen-768x768.webp 768w\" sizes=\"auto, (max-width: 1000px) 100vw, 1000px\" \/><div class=\"wp-block-cover__inner-container is-layout-flow wp-block-cover-is-layout-flow\">\n<h2 class=\"wp-block-heading has-text-align-center has-white-color has-text-color has-large-font-size\">Essgeschirr 16 St\u00fcck<\/h2>\n\n\n\n<div class=\"wp-block-buttons is-content-justification-center is-layout-flex wp-container-core-buttons-is-layout-16018d1d wp-block-buttons-is-layout-flex\">\n<div class=\"wp-block-button\"><a class=\"wp-block-button__link has-pale-cyan-blue-background-color has-background wp-element-button\" href=\"https:\/\/unrostore.com\/de-at\/produktkategorie-2\/geschirr-16-stuck\/\" style=\"border-radius:16px\">Ansicht Essgeschirr 16 St\u00fcck<\/a><\/div>\n<\/div>\n<\/div><\/div>\n<\/div>\n<\/div>\n\n\n\n<div style=\"height:50px\" aria-hidden=\"true\" class=\"wp-block-spacer\"><\/div>\n\n\n\n<div class=\"wp-block-columns is-layout-flex wp-container-core-columns-is-layout-9d6595d7 wp-block-columns-is-layout-flex\">\n<div class=\"wp-block-column is-layout-flow wp-block-column-is-layout-flow\" style=\"flex-basis:5%\"><\/div>\n\n\n\n<div class=\"wp-block-column is-layout-flow wp-block-column-is-layout-flow\" style=\"flex-basis:90%\">\n<h3 class=\"wp-block-heading\">Geschirrsets in verschiedenen Zusammensetzungen<\/h3>\n\n\n\n<p>M\u00f6chten Sie sch\u00f6nes Geschirr kaufen? Dann finden Sie Ihr Lieblingsgeschirrset aus handgefertigter Keramik aus Portugal bei <a href=\"https:\/\/www.terrafinastore.com\/en\/representatives\/unro\" target=\"_blank\" rel=\"noreferrer noopener\"><strong><mark style=\"background-color:rgba(0, 0, 0, 0);color:#f18874\" class=\"has-inline-color\">Terrafina<\/mark><\/strong><\/a>. Von einem <a href=\"https:\/\/unrostore.com\/de-at\/produktkategorie-2\/terrafina\/schwarzes-geschirr-schwarzer-stein-2\/\"><strong><mark style=\"background-color:rgba(0, 0, 0, 0);color:#f18874\" class=\"has-inline-color\">Schwarzes Geschirrset <\/mark><\/strong><\/a>\ud83d\udda4 bis <strong><a href=\"https:\/\/unrostore.com\/de-at\/produktkategorie-2\/terrafina\/sail\/\"><mark style=\"background-color:rgba(0, 0, 0, 0);color:#f18874\" class=\"has-inline-color\">Blaues und wei\u00dfes Geschirr<\/mark><\/a><\/strong> und <strong><a href=\"https:\/\/unrostore.com\/de-at\/produktkategorie-2\/terrafina\/korallen\/\"><mark style=\"background-color:rgba(0, 0, 0, 0);color:#f18874\" class=\"has-inline-color\">Buntes Geschirr<\/mark><\/a><\/strong> \ud83d\udc99\ud83d\udc9b, bei uns werden Sie f\u00fcndig. Wir bieten Geschirrsets f\u00fcr 4 Personen als Tafelservice mit Nudeltellern (12-teiliges Geschirr), Geschirrsets mit kleinen Sch\u00fcsseln (12-teiliges Geschirr) und Geschirrsets mit sowohl Sch\u00fcsseln als auch Nudeltellern (16-teiliges Geschirr).\u00a0<\/p>\n\n\n\n<p>Die Geschirrsets sind f\u00fcr 4 Personen \ud83d\udc68\u200d\ud83d\udc69\u200d\ud83d\udc67\u200d\ud83d\udc66, k\u00f6nnen aber leicht f\u00fcr mehrere Personen erweitert werden. So k\u00f6nnen Sie die <a href=\"https:\/\/unrostore.com\/de-at\/zeichen\/\"><strong><mark style=\"background-color:rgba(0, 0, 0, 0);color:#f18874\" class=\"has-inline-color\">Plattens\u00e4tze<\/mark><\/strong><\/a> <a href=\"https:\/\/unrostore.com\/de-at\/produktkategorie-2\/fruhstucksteller\/\"><strong><mark style=\"background-color:rgba(0, 0, 0, 0);color:#f18874\" class=\"has-inline-color\">Fr\u00fchst\u00fccksteller\/Kuchenplatten<\/mark><\/strong><\/a>, <a href=\"https:\/\/unrostore.com\/de-at\/produktkategorie-2\/essteller\/\"><strong><mark style=\"background-color:rgba(0, 0, 0, 0);color:#f18874\" class=\"has-inline-color\">Essteller<\/mark><\/strong><\/a> &amp; <a href=\"https:\/\/unrostore.com\/de-at\/produktkategorie-2\/nudelplatten-2\/\"><strong><mark style=\"background-color:rgba(0, 0, 0, 0);color:#f18874\" class=\"has-inline-color\">Nudelteller\/Suppenteller<\/mark><\/strong><\/a> pro 4 Teller kaufen und die <a href=\"https:\/\/unrostore.com\/de-at\/produktkategorie-2\/schalen-3\/\"><strong><mark style=\"background-color:rgba(0, 0, 0, 0);color:#f18874\" class=\"has-inline-color\">Schalen<\/mark><\/strong><\/a> Kaufen Sie Sets f\u00fcr je 2 Tabletts.\u00a0<\/p>\n\n\n\n<p>Aber auch diese Geschirrsets lassen sich mit dem verschiedenfarbigen Geschirr kombinieren und mit passenden <a href=\"https:\/\/unrostore.com\/de-at\/produktkategorie-2\/serviergeschirr\/\"><strong><mark style=\"background-color:rgba(0, 0, 0, 0);color:#f18874\" class=\"has-inline-color\">Serviergeschirr<\/mark><\/strong><\/a>Obstschalen, Salatsch\u00fcsseln und <a href=\"https:\/\/unrostore.com\/de-at\/kaffeetassen\/\"><strong><mark style=\"background-color:rgba(0, 0, 0, 0);color:#f18874\" class=\"has-inline-color\">Tassen und Becher<\/mark><\/strong><\/a> aus der gleichen Geschirrkollektion. St\u00f6bern Sie in unserem Angebot an Geschirrsets und entdecken Sie Ihren Favoriten!<\/p>\n\n\n\n<div style=\"height:40px\" aria-hidden=\"true\" class=\"wp-block-spacer\"><\/div>\n\n\n\n<h3 class=\"wp-block-heading\">Geschirrsets Nudeln<\/h3>\n\n\n\n<p>Unsere Geschirrsets mit Pastatellern \ud83c\udf5d sind 12-teilige Geschirrsets bestehend aus: 1 Tellerset mit 4 Fr\u00fchst\u00fcckstellern, 1 Tellerset mit 4 Esstellern und 1 Tellerset mit 4 Nudeltellern. Die Pastateller in diesen Geschirrsets sind tiefe Teller, die auch als Suppenteller und Salatteller verwendet werden k\u00f6nnen. Au\u00dferdem sind diese tiefen Teller sehr gut f\u00fcr Ihre Akazienschale geeignet.&nbsp;<\/p>\n\n\n\n<div style=\"height:40px\" aria-hidden=\"true\" class=\"wp-block-spacer\"><\/div>\n\n\n\n<h3 class=\"wp-block-heading\">Geschirrsets Sch\u00fcsseln<\/h3>\n\n\n\n<p>Das 12-teilige Geschirrset mit Schalen ist ein echter Klassiker. Dieses Tafelservice f\u00fcr 4 Personen eignet sich f\u00fcr jede Tageszeit und sowohl f\u00fcr besondere Anl\u00e4sse als auch f\u00fcr den t\u00e4glichen Gebrauch. Beim Fr\u00fchst\u00fcck k\u00f6nnen Sie die Schalen als Joghurtbecher verwenden \ud83e\udd63. Beim Mittag- oder Abendessen sind die Schalen ideal als Tapasschalen und Suppenschalen! <br><br>Die Fr\u00fchst\u00fccksteller sind ebenfalls vielseitig verwendbar: als Fr\u00fchst\u00fccksteller, Mittagsteller, Kuchenteller und Teller f\u00fcr Vorspeisen oder gemeinsame Mahlzeiten. Die Essteller wiederum k\u00f6nnen sowohl als Servierplatten\/Sch\u00fcsseln als auch als Essteller verwendet werden. Das gro\u00dfe Format der Essteller l\u00e4sst Ihr Geschirr schick aussehen oder bietet gen\u00fcgend Platz zum Servieren von Speisen w\u00e4hrend Ihres (gesunden) Snackabends.&nbsp;<\/p>\n\n\n\n<div style=\"height:40px\" aria-hidden=\"true\" class=\"wp-block-spacer\"><\/div>\n\n\n\n<h3 class=\"wp-block-heading\">Essgeschirr 16 St\u00fcck<\/h3>\n\n\n\n<p>M\u00f6chten Sie ein komplettes Tafelservice, k\u00f6nnen sich aber nicht zwischen Pastatellern und Sch\u00fcsseln entscheiden? Dann ist das 16-teilige Tafelservice mit Sch\u00fcsseln und Pastatellern ein wahrer Gl\u00fccksgriff. Die Nudelteller sind auch sehr praktisch als Acai-Schalen, Suppenteller, Salatteller und tiefe Teller. Die Schalen wiederum sind ideal f\u00fcr Joghurt, Snackschalen und Tapas. \u00dcberzeugen Sie sich selbst von der Vielseitigkeit eines kompletten Geschirrsets! \u2728<\/p>\n<\/div>\n\n\n\n<div class=\"wp-block-column is-layout-flow wp-block-column-is-layout-flow\" style=\"flex-basis:5%\"><\/div>\n<\/div>","protected":false},"excerpt":{"rendered":"<p>Geschirrsets in verschiedenen Zusammensetzungen M\u00f6chten Sie sch\u00f6nes Geschirr kaufen? Dann finden Sie bei Terrafina Ihr Lieblingsgeschirrset aus handgefertigter Keramik aus Portugal. Von einem schwarzen Geschirrset \ud83d\udda4 \u00fcber blau-wei\u00dfes Geschirr bis hin zu farbigem Geschirr \ud83d\udc99\ud83d\udc9b finden Sie hier alles. Wir bieten Geschirrsets f\u00fcr 4 Personen als Geschirrset mit...<\/p>","protected":false},"author":1,"featured_media":0,"parent":0,"menu_order":0,"comment_status":"closed","ping_status":"closed","template":"","meta":{"footnotes":""},"class_list":["post-5033","page","type-page","status-publish","hentry"],"yoast_head":"<!-- This site is optimized with the Yoast SEO plugin v27.4 - https:\/\/yoast.com\/product\/yoast-seo-wordpress\/ -->\n<title>Serviessets &#8226; UNRO<\/title>\n<meta name=\"description\" content=\"Ontdek hier ons aanbod aan kleurrijke moderne serviessets met een uniek design die op een eerlijke manier handgemaakt worden in Portugal!\" \/>\n<meta name=\"robots\" content=\"index, follow, max-snippet:-1, max-image-preview:large, max-video-preview:-1\" \/>\n<link rel=\"canonical\" href=\"https:\/\/unrostore.com\/de-at\/geschirrsets\/\" \/>\n<meta property=\"og:locale\" content=\"de_DE\" \/>\n<meta property=\"og:type\" content=\"article\" \/>\n<meta property=\"og:title\" content=\"Serviessets &#8226; UNRO\" \/>\n<meta property=\"og:description\" content=\"Ontdek hier ons aanbod aan kleurrijke moderne serviessets met een uniek design die op een eerlijke manier handgemaakt worden in Portugal!\" \/>\n<meta property=\"og:url\" content=\"https:\/\/unrostore.com\/de-at\/geschirrsets\/\" \/>\n<meta property=\"og:site_name\" content=\"UNRO\" \/>\n<meta property=\"article:modified_time\" content=\"2024-08-11T08:26:33+00:00\" \/>\n<meta property=\"og:image\" content=\"https:\/\/unrostore.com\/wp-content\/uploads\/2022\/10\/unro-portugees-servies-wit-jpg.webp\" \/>\n<meta name=\"twitter:card\" content=\"summary_large_image\" \/>\n<script type=\"application\/ld+json\" class=\"yoast-schema-graph\">{\"@context\":\"https:\\\/\\\/schema.org\",\"@graph\":[{\"@type\":\"WebPage\",\"@id\":\"https:\\\/\\\/unrostore.com\\\/serviessets\\\/\",\"url\":\"https:\\\/\\\/unrostore.com\\\/serviessets\\\/\",\"name\":\"Serviessets &#8226; UNRO\",\"isPartOf\":{\"@id\":\"https:\\\/\\\/unrostore.com\\\/#website\"},\"primaryImageOfPage\":{\"@id\":\"https:\\\/\\\/unrostore.com\\\/serviessets\\\/#primaryimage\"},\"image\":{\"@id\":\"https:\\\/\\\/unrostore.com\\\/serviessets\\\/#primaryimage\"},\"thumbnailUrl\":\"https:\\\/\\\/unrostore.com\\\/wp-content\\\/uploads\\\/2022\\\/10\\\/unro-portugees-servies-wit-jpg.webp\",\"datePublished\":\"2023-07-31T18:18:32+00:00\",\"dateModified\":\"2024-08-11T08:26:33+00:00\",\"description\":\"Ontdek hier ons aanbod aan kleurrijke moderne serviessets met een uniek design die op een eerlijke manier handgemaakt worden in Portugal!\",\"breadcrumb\":{\"@id\":\"https:\\\/\\\/unrostore.com\\\/serviessets\\\/#breadcrumb\"},\"inLanguage\":\"de-AT\",\"potentialAction\":[{\"@type\":\"ReadAction\",\"target\":[\"https:\\\/\\\/unrostore.com\\\/serviessets\\\/\"]}]},{\"@type\":\"ImageObject\",\"inLanguage\":\"de-AT\",\"@id\":\"https:\\\/\\\/unrostore.com\\\/serviessets\\\/#primaryimage\",\"url\":\"https:\\\/\\\/unrostore.com\\\/wp-content\\\/uploads\\\/2022\\\/10\\\/unro-portugees-servies-wit-jpg.webp\",\"contentUrl\":\"https:\\\/\\\/unrostore.com\\\/wp-content\\\/uploads\\\/2022\\\/10\\\/unro-portugees-servies-wit-jpg.webp\"},{\"@type\":\"BreadcrumbList\",\"@id\":\"https:\\\/\\\/unrostore.com\\\/serviessets\\\/#breadcrumb\",\"itemListElement\":[{\"@type\":\"ListItem\",\"position\":1,\"name\":\"Home\",\"item\":\"https:\\\/\\\/unrostore.com\\\/\"},{\"@type\":\"ListItem\",\"position\":2,\"name\":\"Serviessets\"}]},{\"@type\":\"WebSite\",\"@id\":\"https:\\\/\\\/unrostore.com\\\/#website\",\"url\":\"https:\\\/\\\/unrostore.com\\\/\",\"name\":\"UNRO\",\"description\":\"Portugees servies waar je blij van wordt!\",\"publisher\":{\"@id\":\"https:\\\/\\\/unrostore.com\\\/#organization\"},\"potentialAction\":[{\"@type\":\"SearchAction\",\"target\":{\"@type\":\"EntryPoint\",\"urlTemplate\":\"https:\\\/\\\/unrostore.com\\\/?s={search_term_string}\"},\"query-input\":{\"@type\":\"PropertyValueSpecification\",\"valueRequired\":true,\"valueName\":\"search_term_string\"}}],\"inLanguage\":\"de-AT\"},{\"@type\":\"Organization\",\"@id\":\"https:\\\/\\\/unrostore.com\\\/#organization\",\"name\":\"UNRO\",\"url\":\"https:\\\/\\\/unrostore.com\\\/\",\"logo\":{\"@type\":\"ImageObject\",\"inLanguage\":\"de-AT\",\"@id\":\"https:\\\/\\\/unrostore.com\\\/#\\\/schema\\\/logo\\\/image\\\/\",\"url\":\"https:\\\/\\\/unrostore.com\\\/wp-content\\\/uploads\\\/2022\\\/05\\\/Logo-UNRO.png\",\"contentUrl\":\"https:\\\/\\\/unrostore.com\\\/wp-content\\\/uploads\\\/2022\\\/05\\\/Logo-UNRO.png\",\"width\":605,\"height\":179,\"caption\":\"UNRO\"},\"image\":{\"@id\":\"https:\\\/\\\/unrostore.com\\\/#\\\/schema\\\/logo\\\/image\\\/\"}}]}<\/script>\n<!-- \/ Yoast SEO plugin. -->","yoast_head_json":{"title":"Geschirrsets - UNRO","description":"Entdecken Sie hier unser Sortiment an farbenfrohen, modernen Geschirrsets mit einzigartigem Design, die in Portugal in ehrlicher Handarbeit hergestellt werden!","robots":{"index":"index","follow":"follow","max-snippet":"max-snippet:-1","max-image-preview":"max-image-preview:large","max-video-preview":"max-video-preview:-1"},"canonical":"https:\/\/unrostore.com\/de-at\/geschirrsets\/","og_locale":"de_DE","og_type":"article","og_title":"Serviessets &#8226; UNRO","og_description":"Ontdek hier ons aanbod aan kleurrijke moderne serviessets met een uniek design die op een eerlijke manier handgemaakt worden in Portugal!","og_url":"https:\/\/unrostore.com\/de-at\/geschirrsets\/","og_site_name":"UNRO","article_modified_time":"2024-08-11T08:26:33+00:00","og_image":[{"url":"https:\/\/unrostore.com\/wp-content\/uploads\/2022\/10\/unro-portugees-servies-wit-jpg.webp","type":"","width":"","height":""}],"twitter_card":"summary_large_image","schema":{"@context":"https:\/\/schema.org","@graph":[{"@type":"WebPage","@id":"https:\/\/unrostore.com\/serviessets\/","url":"https:\/\/unrostore.com\/serviessets\/","name":"Geschirrsets - UNRO","isPartOf":{"@id":"https:\/\/unrostore.com\/#website"},"primaryImageOfPage":{"@id":"https:\/\/unrostore.com\/serviessets\/#primaryimage"},"image":{"@id":"https:\/\/unrostore.com\/serviessets\/#primaryimage"},"thumbnailUrl":"https:\/\/unrostore.com\/wp-content\/uploads\/2022\/10\/unro-portugees-servies-wit-jpg.webp","datePublished":"2023-07-31T18:18:32+00:00","dateModified":"2024-08-11T08:26:33+00:00","description":"Entdecken Sie hier unser Sortiment an farbenfrohen, modernen Geschirrsets mit einzigartigem Design, die in Portugal in ehrlicher Handarbeit hergestellt werden!","breadcrumb":{"@id":"https:\/\/unrostore.com\/serviessets\/#breadcrumb"},"inLanguage":"de-AT","potentialAction":[{"@type":"ReadAction","target":["https:\/\/unrostore.com\/serviessets\/"]}]},{"@type":"ImageObject","inLanguage":"de-AT","@id":"https:\/\/unrostore.com\/serviessets\/#primaryimage","url":"https:\/\/unrostore.com\/wp-content\/uploads\/2022\/10\/unro-portugees-servies-wit-jpg.webp","contentUrl":"https:\/\/unrostore.com\/wp-content\/uploads\/2022\/10\/unro-portugees-servies-wit-jpg.webp"},{"@type":"BreadcrumbList","@id":"https:\/\/unrostore.com\/serviessets\/#breadcrumb","itemListElement":[{"@type":"ListItem","position":1,"name":"Home","item":"https:\/\/unrostore.com\/"},{"@type":"ListItem","position":2,"name":"Serviessets"}]},{"@type":"WebSite","@id":"https:\/\/unrostore.com\/#website","url":"https:\/\/unrostore.com\/","name":"UNRO","description":"Portugiesisches Geschirr, das Sie gl\u00fccklich machen wird!","publisher":{"@id":"https:\/\/unrostore.com\/#organization"},"potentialAction":[{"@type":"SearchAction","target":{"@type":"EntryPoint","urlTemplate":"https:\/\/unrostore.com\/?s={search_term_string}"},"query-input":{"@type":"PropertyValueSpecification","valueRequired":true,"valueName":"search_term_string"}}],"inLanguage":"de-AT"},{"@type":"Organization","@id":"https:\/\/unrostore.com\/#organization","name":"UNRO","url":"https:\/\/unrostore.com\/","logo":{"@type":"ImageObject","inLanguage":"de-AT","@id":"https:\/\/unrostore.com\/#\/schema\/logo\/image\/","url":"https:\/\/unrostore.com\/wp-content\/uploads\/2022\/05\/Logo-UNRO.png","contentUrl":"https:\/\/unrostore.com\/wp-content\/uploads\/2022\/05\/Logo-UNRO.png","width":605,"height":179,"caption":"UNRO"},"image":{"@id":"https:\/\/unrostore.com\/#\/schema\/logo\/image\/"}}]}},"_links":{"self":[{"href":"https:\/\/unrostore.com\/de-at\/wp-json\/wp\/v2\/pages\/5033","targetHints":{"allow":["GET"]}}],"collection":[{"href":"https:\/\/unrostore.com\/de-at\/wp-json\/wp\/v2\/pages"}],"about":[{"href":"https:\/\/unrostore.com\/de-at\/wp-json\/wp\/v2\/types\/page"}],"author":[{"embeddable":true,"href":"https:\/\/unrostore.com\/de-at\/wp-json\/wp\/v2\/users\/1"}],"replies":[{"embeddable":true,"href":"https:\/\/unrostore.com\/de-at\/wp-json\/wp\/v2\/comments?post=5033"}],"version-history":[{"count":0,"href":"https:\/\/unrostore.com\/de-at\/wp-json\/wp\/v2\/pages\/5033\/revisions"}],"wp:attachment":[{"href":"https:\/\/unrostore.com\/de-at\/wp-json\/wp\/v2\/media?parent=5033"}],"curies":[{"name":"wp","href":"https:\/\/api.w.org\/{rel}","templated":true}]}}