{"id":4995,"date":"2023-07-29T14:05:37","date_gmt":"2023-07-29T14:05:37","guid":{"rendered":"https:\/\/unrostore.com\/?page_id=4995"},"modified":"2024-08-11T09:56:19","modified_gmt":"2024-08-11T09:56:19","slug":"schalen-und-tabletts","status":"publish","type":"page","link":"https:\/\/unrostore.com\/de-at\/schalen-und-tabletts\/","title":{"rendered":"Schalen &amp; Sch\u00fcsseln"},"content":{"rendered":"<div style=\"height:40px\" aria-hidden=\"true\" class=\"wp-block-spacer\"><\/div>\n\n\n\n<div class=\"wp-block-cover is-light\"><span aria-hidden=\"true\" class=\"wp-block-cover__background has-background-dim-20 has-background-dim\"><\/span><img loading=\"lazy\" decoding=\"async\" width=\"2560\" height=\"1600\" class=\"wp-block-cover__image-background wp-image-4996\" alt=\"segelwei\u00dfe ovale Servierschalen - 2 Gr\u00f6\u00dfen - handgemachte Keramik - modernes portugiesisches Geschirr bei UNRO\" src=\"https:\/\/unrostore.com\/wp-content\/uploads\/2023\/07\/unro-wit-servies-handgemaakt-keramiek-serveerschalen-serveerkom-fruitschaal-edited-scaled.jpg\" style=\"object-position:47% 43%\" data-object-fit=\"cover\" data-object-position=\"47% 43%\" srcset=\"https:\/\/unrostore.com\/wp-content\/uploads\/2023\/07\/unro-wit-servies-handgemaakt-keramiek-serveerschalen-serveerkom-fruitschaal-edited-scaled.jpg 2560w, https:\/\/unrostore.com\/wp-content\/uploads\/2023\/07\/unro-wit-servies-handgemaakt-keramiek-serveerschalen-serveerkom-fruitschaal-edited-scaled-1000x625.jpg 1000w, https:\/\/unrostore.com\/wp-content\/uploads\/2023\/07\/unro-wit-servies-handgemaakt-keramiek-serveerschalen-serveerkom-fruitschaal-edited-300x188.jpg 300w, https:\/\/unrostore.com\/wp-content\/uploads\/2023\/07\/unro-wit-servies-handgemaakt-keramiek-serveerschalen-serveerkom-fruitschaal-edited-1024x640.jpg 1024w, https:\/\/unrostore.com\/wp-content\/uploads\/2023\/07\/unro-wit-servies-handgemaakt-keramiek-serveerschalen-serveerkom-fruitschaal-edited-768x480.jpg 768w, https:\/\/unrostore.com\/wp-content\/uploads\/2023\/07\/unro-wit-servies-handgemaakt-keramiek-serveerschalen-serveerkom-fruitschaal-edited-1536x960.jpg 1536w, https:\/\/unrostore.com\/wp-content\/uploads\/2023\/07\/unro-wit-servies-handgemaakt-keramiek-serveerschalen-serveerkom-fruitschaal-edited-2048x1280.jpg 2048w, https:\/\/unrostore.com\/wp-content\/uploads\/2023\/07\/unro-wit-servies-handgemaakt-keramiek-serveerschalen-serveerkom-fruitschaal-edited-20x12.jpg 20w\" sizes=\"auto, (max-width: 2560px) 100vw, 2560px\" \/><div class=\"wp-block-cover__inner-container is-layout-flow wp-block-cover-is-layout-flow\">\n<h1 class=\"wp-block-heading has-text-align-center has-white-color has-text-color has-large-font-size\">Schalen &amp; Sch\u00fcsseln \u2193<\/h1>\n<\/div><\/div>\n\n\n\n<div style=\"height:40px\" aria-hidden=\"true\" class=\"wp-block-spacer\"><\/div>\n\n\n\n<div class=\"wp-block-columns is-layout-flex wp-container-core-columns-is-layout-9d6595d7 wp-block-columns-is-layout-flex\">\n<div class=\"wp-block-column is-layout-flow wp-block-column-is-layout-flow\">\n<div class=\"wp-block-cover is-light\"><span aria-hidden=\"true\" class=\"wp-block-cover__background has-background-dim-20 has-background-dim\"><\/span><img loading=\"lazy\" decoding=\"async\" width=\"1024\" height=\"1024\" class=\"wp-block-cover__image-background wp-image-4997\" alt=\"\" src=\"https:\/\/unrostore.com\/wp-content\/uploads\/2023\/07\/unro-witte-kommen-sail-handgemaakt-keramiek-1024x1024.jpg\" style=\"object-position:30% 64%\" data-object-fit=\"cover\" data-object-position=\"30% 64%\" srcset=\"https:\/\/unrostore.com\/wp-content\/uploads\/2023\/07\/unro-witte-kommen-sail-handgemaakt-keramiek-1024x1024.jpg 1024w, https:\/\/unrostore.com\/wp-content\/uploads\/2023\/07\/unro-witte-kommen-sail-handgemaakt-keramiek-640x640.jpg 640w, https:\/\/unrostore.com\/wp-content\/uploads\/2023\/07\/unro-witte-kommen-sail-handgemaakt-keramiek-1000x1000.jpg 1000w, https:\/\/unrostore.com\/wp-content\/uploads\/2023\/07\/unro-witte-kommen-sail-handgemaakt-keramiek-300x300.jpg 300w, https:\/\/unrostore.com\/wp-content\/uploads\/2023\/07\/unro-witte-kommen-sail-handgemaakt-keramiek-150x150.jpg 150w, https:\/\/unrostore.com\/wp-content\/uploads\/2023\/07\/unro-witte-kommen-sail-handgemaakt-keramiek-768x768.jpg 768w\" sizes=\"auto, (max-width: 1024px) 100vw, 1024px\" \/><div class=\"wp-block-cover__inner-container is-layout-flow wp-block-cover-is-layout-flow\">\n<h2 class=\"wp-block-heading has-text-align-center has-white-color has-text-color has-large-font-size\">Schalen<\/h2>\n\n\n\n<div class=\"wp-block-buttons is-content-justification-center is-layout-flex wp-container-core-buttons-is-layout-16018d1d wp-block-buttons-is-layout-flex\">\n<div class=\"wp-block-button\"><a class=\"wp-block-button__link has-pale-cyan-blue-background-color has-background wp-element-button\" href=\"https:\/\/unrostore.com\/de-at\/produktkategorie-2\/schalen-3\/\" style=\"border-radius:16px\">Alle kommen sehen<\/a><\/div>\n<\/div>\n<\/div><\/div>\n<\/div>\n\n\n\n<div class=\"wp-block-column is-layout-flow wp-block-column-is-layout-flow\">\n<div class=\"wp-block-cover is-light\"><span aria-hidden=\"true\" class=\"wp-block-cover__background has-background-dim-20 has-background-dim\"><\/span><img loading=\"lazy\" decoding=\"async\" width=\"1024\" height=\"1024\" class=\"wp-block-cover__image-background wp-image-4998\" alt=\"\" src=\"https:\/\/unrostore.com\/wp-content\/uploads\/2023\/07\/unro-kleurrijke-serveerschalen-corals-1024x1024.jpg\" style=\"object-position:63% 47%\" data-object-fit=\"cover\" data-object-position=\"63% 47%\" srcset=\"https:\/\/unrostore.com\/wp-content\/uploads\/2023\/07\/unro-kleurrijke-serveerschalen-corals-1024x1024.jpg 1024w, https:\/\/unrostore.com\/wp-content\/uploads\/2023\/07\/unro-kleurrijke-serveerschalen-corals-640x640.jpg 640w, https:\/\/unrostore.com\/wp-content\/uploads\/2023\/07\/unro-kleurrijke-serveerschalen-corals-1000x1000.jpg 1000w, https:\/\/unrostore.com\/wp-content\/uploads\/2023\/07\/unro-kleurrijke-serveerschalen-corals-300x300.jpg 300w, https:\/\/unrostore.com\/wp-content\/uploads\/2023\/07\/unro-kleurrijke-serveerschalen-corals-150x150.jpg 150w, https:\/\/unrostore.com\/wp-content\/uploads\/2023\/07\/unro-kleurrijke-serveerschalen-corals-768x768.jpg 768w\" sizes=\"auto, (max-width: 1024px) 100vw, 1024px\" \/><div class=\"wp-block-cover__inner-container is-layout-flow wp-block-cover-is-layout-flow\">\n<h2 class=\"wp-block-heading has-text-align-center has-white-color has-text-color has-large-font-size\">Serviergeschirr-Set<\/h2>\n\n\n\n<div class=\"wp-block-buttons is-content-justification-center is-layout-flex wp-container-core-buttons-is-layout-16018d1d wp-block-buttons-is-layout-flex\">\n<div class=\"wp-block-button\"><a class=\"wp-block-button__link has-pale-cyan-blue-background-color has-background wp-element-button\" href=\"https:\/\/unrostore.com\/de-at\/produktkategorie-2\/serviergeschirr\/\" style=\"border-radius:16px\">Alle Servierschalen anzeigen<\/a><\/div>\n<\/div>\n<\/div><\/div>\n<\/div>\n\n\n\n<div class=\"wp-block-column is-layout-flow wp-block-column-is-layout-flow\">\n<div class=\"wp-block-cover is-light\"><span aria-hidden=\"true\" class=\"wp-block-cover__background has-background-dim-20 has-background-dim\"><\/span><img loading=\"lazy\" decoding=\"async\" width=\"1000\" height=\"1000\" class=\"wp-block-cover__image-background wp-image-6028\" alt=\"Obstschale\" src=\"https:\/\/unrostore.com\/wp-content\/uploads\/2022\/10\/unro-creme-salade-schaal.jpg\" style=\"object-position:52% 56%\" data-object-fit=\"cover\" data-object-position=\"52% 56%\" srcset=\"https:\/\/unrostore.com\/wp-content\/uploads\/2022\/10\/unro-creme-salade-schaal.jpg 1000w, https:\/\/unrostore.com\/wp-content\/uploads\/2022\/10\/unro-creme-salade-schaal-640x640.jpg 640w, https:\/\/unrostore.com\/wp-content\/uploads\/2022\/10\/unro-creme-salade-schaal-300x300.jpg 300w, https:\/\/unrostore.com\/wp-content\/uploads\/2022\/10\/unro-creme-salade-schaal-150x150.jpg 150w, https:\/\/unrostore.com\/wp-content\/uploads\/2022\/10\/unro-creme-salade-schaal-768x768.jpg 768w\" sizes=\"auto, (max-width: 1000px) 100vw, 1000px\" \/><div class=\"wp-block-cover__inner-container is-layout-flow wp-block-cover-is-layout-flow\">\n<h2 class=\"wp-block-heading has-text-align-center has-white-color has-text-color has-large-font-size\">Obstschalen &amp; Salatsch\u00fcsseln<\/h2>\n\n\n\n<div class=\"wp-block-buttons is-content-justification-center is-layout-flex wp-container-core-buttons-is-layout-16018d1d wp-block-buttons-is-layout-flex\">\n<div class=\"wp-block-button\"><a class=\"wp-block-button__link has-pale-cyan-blue-background-color has-background wp-element-button\" href=\"https:\/\/unrostore.com\/de-at\/produktkategorie-2\/obst-und-salatschusseln\/\" style=\"border-radius:16px\">Alle Tabletts anzeigen<\/a><\/div>\n<\/div>\n<\/div><\/div>\n<\/div>\n<\/div>\n\n\n\n<div style=\"height:50px\" aria-hidden=\"true\" class=\"wp-block-spacer\"><\/div>\n\n\n\n<div class=\"wp-block-columns is-layout-flex wp-container-core-columns-is-layout-9d6595d7 wp-block-columns-is-layout-flex\">\n<div class=\"wp-block-column is-layout-flow wp-block-column-is-layout-flow\" style=\"flex-basis:5%\"><\/div>\n\n\n\n<div class=\"wp-block-column is-layout-flow wp-block-column-is-layout-flow\" style=\"flex-basis:90%\">\n<h3 class=\"wp-block-heading\">Verschiedene Sch\u00fcsseln und Schalen<\/h3>\n\n\n\n<p>Hier finden Sie die richtigen Schalen, Sch\u00e4lchen, Suppenschalen, Servierschalen, Obstschalen und Salatschalen von <a href=\"https:\/\/www.terrafinastore.com\/en\/representatives\/unro\" target=\"_blank\" rel=\"noreferrer noopener\"><strong><mark style=\"background-color:rgba(0, 0, 0, 0);color:#f18874\" class=\"has-inline-color\">Terrafina<\/mark><\/strong><\/a>. So finden Sie garantiert f\u00fcr jedes Gericht die richtige Schale, um es sch\u00f6n zu servieren oder anzurichten. Ideale Joghurtschalen f\u00fcr Ihr gesundes Fr\u00fchst\u00fcck oder als Dessertschalen \ud83c\udf68 \ud83c\udf67 oder Bonbonschalen \ud83c\udf6c f\u00fcr Ihre Kaffeezeit oder Ihren High Tea \ud83c\udf70 \ud83e\uded6 , aber auch perfekt als Schmuckschalen, zum Beispiel zum Verschenken.&nbsp;<\/p>\n\n\n\n<p>Die gro\u00dfen Servierschalen wiederum sind sehr praktisch als Obstschalen, Salatsch\u00fcsseln oder Auflaufformen. Das portugiesische Geschirr besteht aus handgefertigter Keramik und ist sp\u00fclmaschinen-, mikrowellen- und ofenfest (bis zu 200 Grad). Kombinieren Sie die gro\u00dfe runde Servierschale mit den kleinen Schalen und Sch\u00fcsseln f\u00fcr einen gem\u00fctlichen (gesunden) Snackabend, bei dem Ihr Tisch mit der einzigartigen modernen portugiesischen Keramik wundersch\u00f6n dekoriert ist. \ud83c\udf47 \ud83e\uddc0 \ud83c\udf77<\/p>\n\n\n\n<div style=\"height:40px\" aria-hidden=\"true\" class=\"wp-block-spacer\"><\/div>\n\n\n\n<h3 class=\"wp-block-heading\">Schalen<\/h3>\n\n\n\n<p>Unser Sortiment an Schalen ist sehr vielseitig, so dass Sie die kleinen Schalen als Suppenschalen, Fr\u00fchst\u00fccksschalen oder Tapasschalen verwenden k\u00f6nnen. Die blauen, cremefarbenen und gr\u00fcnen Schalen aus der Amazonia-Kollektion sind kleine Schalen, die sich perfekt als Schmuckschalen, Tapasschalen, Bonbonschalen oder Dessertschalen eignen. \ud83c\udf6a W\u00e4hrend die <a href=\"https:\/\/unrostore.com\/de-at\/produktkategorie-2\/terrafina\/sail\/\"><strong><mark style=\"background-color:rgba(0, 0, 0, 0);color:#f18874\" class=\"has-inline-color\">Sail<\/mark><\/strong><\/a>, <a href=\"https:\/\/unrostore.com\/de-at\/produktkategorie-2\/terrafina\/kaffee\/\"><strong><mark style=\"background-color:rgba(0, 0, 0, 0);color:#f18874\" class=\"has-inline-color\">Coffee<\/mark><\/strong><\/a> und <a href=\"https:\/\/unrostore.com\/de-at\/produktkategorie-2\/terrafina\/korallen\/\"><strong><mark style=\"background-color:rgba(0, 0, 0, 0);color:#f18874\" class=\"has-inline-color\">Corals<\/mark><\/strong><\/a> Die Schalen sind gr\u00f6\u00dfer und eignen sich ideal als Joghurt-, Suppen- oder Fr\u00fchst\u00fcckssch\u00fcssel. \ud83e\udd63<\/p>\n\n\n\n<div style=\"height:40px\" aria-hidden=\"true\" class=\"wp-block-spacer\"><\/div>\n\n\n\n<h3 class=\"wp-block-heading\">Serviergeschirr-Set<\/h3>\n\n\n\n<p>Die handgefertigten gro\u00dfen portugiesischen Schalen f\u00fcr den Tisch k\u00f6nnen als 2er oder 4er Set gekauft werden. Das Set mit 2 Servierschalen, wie die <a href=\"https:\/\/unrostore.com\/de-at\/shop\/terrafina\/sail\/witte-ovale-serveerschalen\/\"><strong><mark style=\"background-color:rgba(0, 0, 0, 0);color:#f18874\" class=\"has-inline-color\">Serviergeschirr wei\u00df<\/mark><\/strong><\/a>besteht aus einer gro\u00dfen und einer mittleren Servierplatte. Diese flachen Keramikschalen mit einer ovalen Form sind auch als Ofenschalen geeignet und k\u00f6nnen bis zu 200 Grad erhitzt werden. Die flachen Schalen k\u00f6nnen auch als Obstschalen oder (gro\u00dfe) Salatsch\u00fcsseln verwendet werden. Au\u00dferdem sehen die handgefertigten Schalen auf dem Tisch sch\u00f6n aus, besonders mit dem Geschirr aus der passenden Kollektion. Das 2er-Set Servierschalen ist aber auch ein sch\u00f6nes Geschenk zur Einweihung, zum Geburtstag oder zu einer anderen Party. \ud83c\udf89<\/p>\n\n\n\n<div style=\"height:40px\" aria-hidden=\"true\" class=\"wp-block-spacer\"><\/div>\n\n\n\n<h3 class=\"wp-block-heading\">Obst- und Salatsch\u00fcssel<\/h3>\n\n\n\n<p>Unsere handgefertigten portugiesischen runden und tiefen Servierschalen eignen sich perfekt als Obstschalen \ud83e\udd5d \ud83c\udf4a\ud83c\udf53 und Salatsch\u00fcsseln. Wie w\u00e4re es mit dem <a href=\"https:\/\/unrostore.com\/de-at\/shop\/terrafina\/amazonia-grun\/obstschale-grun-amazonia-grun\/\"><strong><mark style=\"background-color:rgba(0, 0, 0, 0);color:#f18874\" class=\"has-inline-color\">gr\u00fcne Obstschale<\/mark><\/strong><\/a> aus Keramik? Die schwarze Farbe bietet einen sch\u00f6nen Kontrast zu Ihrem bunten Obst, Salat oder anderen Speisen! Aber auch als Salatsch\u00fcsseln sind die gro\u00dfen Keramikschalen ideal. \ud83e\udd57 Egal, ob Sie die Servierschalen als Obstschale oder Salatsch\u00fcssel verwenden, sie sehen auf Ihrem Esstisch, in Ihrer K\u00fcche oder K\u00fccheninsel toll aus, sind aber auch ein sch\u00f6nes Geschenk f\u00fcr einen Geburtstag, eine Einweihung oder f\u00fcr die Feiertage! \ud83c\udf84<\/p>\n<\/div>\n\n\n\n<div class=\"wp-block-column is-layout-flow wp-block-column-is-layout-flow\" style=\"flex-basis:5%\"><\/div>\n<\/div>","protected":false},"excerpt":{"rendered":"<p>Verschiedene Schalen und Sch\u00fcsseln Sehen Sie sich die richtigen Schalen, Sch\u00e4lchen, Suppensch\u00fcsseln, Servierschalen, Obstschalen und Salatsch\u00fcsseln von Terrafina an. Hier finden Sie garantiert f\u00fcr jedes Gericht die richtige Schale, um es sch\u00f6n zu servieren oder anzurichten. Ideale Joghurtschalen f\u00fcr Ihr gesundes Fr\u00fchst\u00fcck oder als Dessertschalen \ud83c\udf68 \ud83c\udf67 oder Bonbonschalen \ud83c\udf6c...<\/p>","protected":false},"author":1,"featured_media":0,"parent":0,"menu_order":0,"comment_status":"closed","ping_status":"closed","template":"","meta":{"footnotes":""},"class_list":["post-4995","page","type-page","status-publish","hentry"],"yoast_head":"<!-- This site is optimized with the Yoast SEO plugin v27.4 - https:\/\/yoast.com\/product\/yoast-seo-wordpress\/ -->\n<title>Kommen en Schalen &#8226; UNRO<\/title>\n<meta name=\"description\" content=\"Kom kijken naar het aanbod kommen, soepkom, schalen, fruitschalen en saladeschalen. Voor jouw ontbijt, high tea of hapjes avond!\" \/>\n<meta name=\"robots\" content=\"index, follow, max-snippet:-1, max-image-preview:large, max-video-preview:-1\" \/>\n<link rel=\"canonical\" href=\"https:\/\/unrostore.com\/de-at\/schalen-und-tabletts\/\" \/>\n<meta property=\"og:locale\" content=\"de_DE\" \/>\n<meta property=\"og:type\" content=\"article\" \/>\n<meta property=\"og:title\" content=\"Kommen en Schalen &#8226; UNRO\" \/>\n<meta property=\"og:description\" content=\"Kom kijken naar het aanbod kommen, soepkom, schalen, fruitschalen en saladeschalen. Voor jouw ontbijt, high tea of hapjes avond!\" \/>\n<meta property=\"og:url\" content=\"https:\/\/unrostore.com\/de-at\/schalen-und-tabletts\/\" \/>\n<meta property=\"og:site_name\" content=\"UNRO\" \/>\n<meta property=\"article:modified_time\" content=\"2024-08-11T09:56:19+00:00\" \/>\n<meta property=\"og:image\" content=\"https:\/\/unrostore.com\/wp-content\/uploads\/2023\/07\/unro-wit-servies-handgemaakt-keramiek-serveerschalen-serveerkom-fruitschaal-edited-scaled.jpg\" \/>\n<meta name=\"twitter:card\" content=\"summary_large_image\" \/>\n<script type=\"application\/ld+json\" class=\"yoast-schema-graph\">{\"@context\":\"https:\\\/\\\/schema.org\",\"@graph\":[{\"@type\":\"WebPage\",\"@id\":\"https:\\\/\\\/unrostore.com\\\/kommen-en-schalen\\\/\",\"url\":\"https:\\\/\\\/unrostore.com\\\/kommen-en-schalen\\\/\",\"name\":\"Kommen en Schalen &#8226; UNRO\",\"isPartOf\":{\"@id\":\"https:\\\/\\\/unrostore.com\\\/#website\"},\"primaryImageOfPage\":{\"@id\":\"https:\\\/\\\/unrostore.com\\\/kommen-en-schalen\\\/#primaryimage\"},\"image\":{\"@id\":\"https:\\\/\\\/unrostore.com\\\/kommen-en-schalen\\\/#primaryimage\"},\"thumbnailUrl\":\"https:\\\/\\\/unrostore.com\\\/wp-content\\\/uploads\\\/2023\\\/07\\\/unro-wit-servies-handgemaakt-keramiek-serveerschalen-serveerkom-fruitschaal-edited-scaled.jpg\",\"datePublished\":\"2023-07-29T14:05:37+00:00\",\"dateModified\":\"2024-08-11T09:56:19+00:00\",\"description\":\"Kom kijken naar het aanbod kommen, soepkom, schalen, fruitschalen en saladeschalen. Voor jouw ontbijt, high tea of hapjes avond!\",\"breadcrumb\":{\"@id\":\"https:\\\/\\\/unrostore.com\\\/kommen-en-schalen\\\/#breadcrumb\"},\"inLanguage\":\"de-AT\",\"potentialAction\":[{\"@type\":\"ReadAction\",\"target\":[\"https:\\\/\\\/unrostore.com\\\/kommen-en-schalen\\\/\"]}]},{\"@type\":\"ImageObject\",\"inLanguage\":\"de-AT\",\"@id\":\"https:\\\/\\\/unrostore.com\\\/kommen-en-schalen\\\/#primaryimage\",\"url\":\"https:\\\/\\\/unrostore.com\\\/wp-content\\\/uploads\\\/2023\\\/07\\\/unro-wit-servies-handgemaakt-keramiek-serveerschalen-serveerkom-fruitschaal-edited-scaled.jpg\",\"contentUrl\":\"https:\\\/\\\/unrostore.com\\\/wp-content\\\/uploads\\\/2023\\\/07\\\/unro-wit-servies-handgemaakt-keramiek-serveerschalen-serveerkom-fruitschaal-edited-scaled.jpg\"},{\"@type\":\"BreadcrumbList\",\"@id\":\"https:\\\/\\\/unrostore.com\\\/kommen-en-schalen\\\/#breadcrumb\",\"itemListElement\":[{\"@type\":\"ListItem\",\"position\":1,\"name\":\"Home\",\"item\":\"https:\\\/\\\/unrostore.com\\\/\"},{\"@type\":\"ListItem\",\"position\":2,\"name\":\"Kommen en Schalen\"}]},{\"@type\":\"WebSite\",\"@id\":\"https:\\\/\\\/unrostore.com\\\/#website\",\"url\":\"https:\\\/\\\/unrostore.com\\\/\",\"name\":\"UNRO\",\"description\":\"Portugees servies waar je blij van wordt!\",\"publisher\":{\"@id\":\"https:\\\/\\\/unrostore.com\\\/#organization\"},\"potentialAction\":[{\"@type\":\"SearchAction\",\"target\":{\"@type\":\"EntryPoint\",\"urlTemplate\":\"https:\\\/\\\/unrostore.com\\\/?s={search_term_string}\"},\"query-input\":{\"@type\":\"PropertyValueSpecification\",\"valueRequired\":true,\"valueName\":\"search_term_string\"}}],\"inLanguage\":\"de-AT\"},{\"@type\":\"Organization\",\"@id\":\"https:\\\/\\\/unrostore.com\\\/#organization\",\"name\":\"UNRO\",\"url\":\"https:\\\/\\\/unrostore.com\\\/\",\"logo\":{\"@type\":\"ImageObject\",\"inLanguage\":\"de-AT\",\"@id\":\"https:\\\/\\\/unrostore.com\\\/#\\\/schema\\\/logo\\\/image\\\/\",\"url\":\"https:\\\/\\\/unrostore.com\\\/wp-content\\\/uploads\\\/2022\\\/05\\\/Logo-UNRO.png\",\"contentUrl\":\"https:\\\/\\\/unrostore.com\\\/wp-content\\\/uploads\\\/2022\\\/05\\\/Logo-UNRO.png\",\"width\":605,\"height\":179,\"caption\":\"UNRO\"},\"image\":{\"@id\":\"https:\\\/\\\/unrostore.com\\\/#\\\/schema\\\/logo\\\/image\\\/\"}}]}<\/script>\n<!-- \/ Yoast SEO plugin. -->","yoast_head_json":{"title":"Schalen und Tabletts - UNRO","description":"Schauen Sie sich das Angebot an Schalen, Suppenschalen, Platten, Obstschalen und Salatschalen an. F\u00fcr Ihr Fr\u00fchst\u00fcck, Ihren Nachmittagstee oder Ihre Snacks am Abend!","robots":{"index":"index","follow":"follow","max-snippet":"max-snippet:-1","max-image-preview":"max-image-preview:large","max-video-preview":"max-video-preview:-1"},"canonical":"https:\/\/unrostore.com\/de-at\/schalen-und-tabletts\/","og_locale":"de_DE","og_type":"article","og_title":"Kommen en Schalen &#8226; UNRO","og_description":"Kom kijken naar het aanbod kommen, soepkom, schalen, fruitschalen en saladeschalen. Voor jouw ontbijt, high tea of hapjes avond!","og_url":"https:\/\/unrostore.com\/de-at\/schalen-und-tabletts\/","og_site_name":"UNRO","article_modified_time":"2024-08-11T09:56:19+00:00","og_image":[{"url":"https:\/\/unrostore.com\/wp-content\/uploads\/2023\/07\/unro-wit-servies-handgemaakt-keramiek-serveerschalen-serveerkom-fruitschaal-edited-scaled.jpg","type":"","width":"","height":""}],"twitter_card":"summary_large_image","schema":{"@context":"https:\/\/schema.org","@graph":[{"@type":"WebPage","@id":"https:\/\/unrostore.com\/kommen-en-schalen\/","url":"https:\/\/unrostore.com\/kommen-en-schalen\/","name":"Schalen und Tabletts - UNRO","isPartOf":{"@id":"https:\/\/unrostore.com\/#website"},"primaryImageOfPage":{"@id":"https:\/\/unrostore.com\/kommen-en-schalen\/#primaryimage"},"image":{"@id":"https:\/\/unrostore.com\/kommen-en-schalen\/#primaryimage"},"thumbnailUrl":"https:\/\/unrostore.com\/wp-content\/uploads\/2023\/07\/unro-wit-servies-handgemaakt-keramiek-serveerschalen-serveerkom-fruitschaal-edited-scaled.jpg","datePublished":"2023-07-29T14:05:37+00:00","dateModified":"2024-08-11T09:56:19+00:00","description":"Schauen Sie sich das Angebot an Schalen, Suppenschalen, Platten, Obstschalen und Salatschalen an. F\u00fcr Ihr Fr\u00fchst\u00fcck, Ihren Nachmittagstee oder Ihre Snacks am Abend!","breadcrumb":{"@id":"https:\/\/unrostore.com\/kommen-en-schalen\/#breadcrumb"},"inLanguage":"de-AT","potentialAction":[{"@type":"ReadAction","target":["https:\/\/unrostore.com\/kommen-en-schalen\/"]}]},{"@type":"ImageObject","inLanguage":"de-AT","@id":"https:\/\/unrostore.com\/kommen-en-schalen\/#primaryimage","url":"https:\/\/unrostore.com\/wp-content\/uploads\/2023\/07\/unro-wit-servies-handgemaakt-keramiek-serveerschalen-serveerkom-fruitschaal-edited-scaled.jpg","contentUrl":"https:\/\/unrostore.com\/wp-content\/uploads\/2023\/07\/unro-wit-servies-handgemaakt-keramiek-serveerschalen-serveerkom-fruitschaal-edited-scaled.jpg"},{"@type":"BreadcrumbList","@id":"https:\/\/unrostore.com\/kommen-en-schalen\/#breadcrumb","itemListElement":[{"@type":"ListItem","position":1,"name":"Home","item":"https:\/\/unrostore.com\/"},{"@type":"ListItem","position":2,"name":"Kommen en Schalen"}]},{"@type":"WebSite","@id":"https:\/\/unrostore.com\/#website","url":"https:\/\/unrostore.com\/","name":"UNRO","description":"Portugiesisches Geschirr, das Sie gl\u00fccklich machen wird!","publisher":{"@id":"https:\/\/unrostore.com\/#organization"},"potentialAction":[{"@type":"SearchAction","target":{"@type":"EntryPoint","urlTemplate":"https:\/\/unrostore.com\/?s={search_term_string}"},"query-input":{"@type":"PropertyValueSpecification","valueRequired":true,"valueName":"search_term_string"}}],"inLanguage":"de-AT"},{"@type":"Organization","@id":"https:\/\/unrostore.com\/#organization","name":"UNRO","url":"https:\/\/unrostore.com\/","logo":{"@type":"ImageObject","inLanguage":"de-AT","@id":"https:\/\/unrostore.com\/#\/schema\/logo\/image\/","url":"https:\/\/unrostore.com\/wp-content\/uploads\/2022\/05\/Logo-UNRO.png","contentUrl":"https:\/\/unrostore.com\/wp-content\/uploads\/2022\/05\/Logo-UNRO.png","width":605,"height":179,"caption":"UNRO"},"image":{"@id":"https:\/\/unrostore.com\/#\/schema\/logo\/image\/"}}]}},"_links":{"self":[{"href":"https:\/\/unrostore.com\/de-at\/wp-json\/wp\/v2\/pages\/4995","targetHints":{"allow":["GET"]}}],"collection":[{"href":"https:\/\/unrostore.com\/de-at\/wp-json\/wp\/v2\/pages"}],"about":[{"href":"https:\/\/unrostore.com\/de-at\/wp-json\/wp\/v2\/types\/page"}],"author":[{"embeddable":true,"href":"https:\/\/unrostore.com\/de-at\/wp-json\/wp\/v2\/users\/1"}],"replies":[{"embeddable":true,"href":"https:\/\/unrostore.com\/de-at\/wp-json\/wp\/v2\/comments?post=4995"}],"version-history":[{"count":0,"href":"https:\/\/unrostore.com\/de-at\/wp-json\/wp\/v2\/pages\/4995\/revisions"}],"wp:attachment":[{"href":"https:\/\/unrostore.com\/de-at\/wp-json\/wp\/v2\/media?parent=4995"}],"curies":[{"name":"wp","href":"https:\/\/api.w.org\/{rel}","templated":true}]}}