{"id":4879,"date":"2023-07-16T10:16:20","date_gmt":"2023-07-16T10:16:20","guid":{"rendered":"https:\/\/unrostore.com\/?page_id=4879"},"modified":"2024-08-11T12:55:04","modified_gmt":"2024-08-11T12:55:04","slug":"zeichen","status":"publish","type":"page","link":"https:\/\/unrostore.com\/de-at\/zeichen\/","title":{"rendered":"Teller"},"content":{"rendered":"<div style=\"height:40px\" aria-hidden=\"true\" class=\"wp-block-spacer\"><\/div>\n\n\n\n<div class=\"wp-block-cover\"><span aria-hidden=\"true\" class=\"wp-block-cover__background has-background-dim-20 has-background-dim\"><\/span><img loading=\"lazy\" decoding=\"async\" width=\"1000\" height=\"1000\" class=\"wp-block-cover__image-background wp-image-5783\" alt=\"Zeichen\" src=\"https:\/\/unrostore.com\/wp-content\/uploads\/2023\/03\/unro-groene-dinerborden-portugees-servies-jpg.webp\" style=\"object-position:69% 70%\" data-object-fit=\"cover\" data-object-position=\"69% 70%\" srcset=\"https:\/\/unrostore.com\/wp-content\/uploads\/2023\/03\/unro-groene-dinerborden-portugees-servies-jpg.webp 1000w, https:\/\/unrostore.com\/wp-content\/uploads\/2023\/03\/unro-groene-dinerborden-portugees-servies-jpg-640x640.webp 640w, https:\/\/unrostore.com\/wp-content\/uploads\/2023\/03\/unro-groene-dinerborden-portugees-servies-300x300.webp 300w, https:\/\/unrostore.com\/wp-content\/uploads\/2023\/03\/unro-groene-dinerborden-portugees-servies-150x150.webp 150w, https:\/\/unrostore.com\/wp-content\/uploads\/2023\/03\/unro-groene-dinerborden-portugees-servies-768x768.webp 768w\" sizes=\"auto, (max-width: 1000px) 100vw, 1000px\" \/><div class=\"wp-block-cover__inner-container is-layout-flow wp-block-cover-is-layout-flow\">\n<h1 class=\"wp-block-heading has-text-align-center has-white-color has-text-color has-large-font-size\">Teller<\/h1>\n\n\n\n<div class=\"wp-block-buttons is-content-justification-center is-layout-flex wp-container-core-buttons-is-layout-16018d1d wp-block-buttons-is-layout-flex\">\n<div class=\"wp-block-button\"><a class=\"wp-block-button__link has-pale-cyan-blue-background-color has-background wp-element-button\" href=\"https:\/\/unrostore.com\/de-at\/produktkategorie-2\/zeichen\/\" style=\"border-radius:16px\">Alle Zeichen sehen<\/a><\/div>\n<\/div>\n<\/div><\/div>\n\n\n\n<div style=\"height:40px\" aria-hidden=\"true\" class=\"wp-block-spacer\"><\/div>\n\n\n\n<div class=\"wp-block-columns is-layout-flex wp-container-core-columns-is-layout-9d6595d7 wp-block-columns-is-layout-flex\">\n<div class=\"wp-block-column is-layout-flow wp-block-column-is-layout-flow\">\n<div class=\"wp-block-cover is-light\"><span aria-hidden=\"true\" class=\"wp-block-cover__background has-background-dim-20 has-background-dim\"><\/span><img loading=\"lazy\" decoding=\"async\" width=\"1024\" height=\"1024\" class=\"wp-block-cover__image-background wp-image-4889\" alt=\"Nudelteller\" src=\"https:\/\/unrostore.com\/wp-content\/uploads\/2023\/07\/unro-groene-pastaborden-portugees-servies-3-1024x1024.jpg\" data-object-fit=\"cover\" srcset=\"https:\/\/unrostore.com\/wp-content\/uploads\/2023\/07\/unro-groene-pastaborden-portugees-servies-3-1024x1024.jpg 1024w, https:\/\/unrostore.com\/wp-content\/uploads\/2023\/07\/unro-groene-pastaborden-portugees-servies-3-640x640.jpg 640w, https:\/\/unrostore.com\/wp-content\/uploads\/2023\/07\/unro-groene-pastaborden-portugees-servies-3-1000x1000.jpg 1000w, https:\/\/unrostore.com\/wp-content\/uploads\/2023\/07\/unro-groene-pastaborden-portugees-servies-3-300x300.jpg 300w, https:\/\/unrostore.com\/wp-content\/uploads\/2023\/07\/unro-groene-pastaborden-portugees-servies-3-150x150.jpg 150w, https:\/\/unrostore.com\/wp-content\/uploads\/2023\/07\/unro-groene-pastaborden-portugees-servies-3-768x768.jpg 768w\" sizes=\"auto, (max-width: 1024px) 100vw, 1024px\" \/><div class=\"wp-block-cover__inner-container is-layout-flow wp-block-cover-is-layout-flow\">\n<h2 class=\"wp-block-heading has-text-align-center has-white-color has-text-color has-large-font-size\">Nudelteller<\/h2>\n\n\n\n<div class=\"wp-block-buttons is-content-justification-center is-layout-flex wp-container-core-buttons-is-layout-16018d1d wp-block-buttons-is-layout-flex\">\n<div class=\"wp-block-button\"><a class=\"wp-block-button__link has-pale-cyan-blue-background-color has-background wp-element-button\" href=\"https:\/\/unrostore.com\/de-at\/produktkategorie-2\/nudelplatten-2\/\" style=\"border-radius:16px\">Ansicht Nudelplatten<\/a><\/div>\n<\/div>\n<\/div><\/div>\n<\/div>\n\n\n\n<div class=\"wp-block-column is-layout-flow wp-block-column-is-layout-flow\">\n<div class=\"wp-block-cover is-light\"><span aria-hidden=\"true\" class=\"wp-block-cover__background has-background-dim-20 has-background-dim\"><\/span><img loading=\"lazy\" decoding=\"async\" width=\"1024\" height=\"1024\" class=\"wp-block-cover__image-background wp-image-4887\" alt=\"Fr\u00fchst\u00fccksteller\" src=\"https:\/\/unrostore.com\/wp-content\/uploads\/2023\/07\/unro-blauwe-ontbijtborden-gebalsborden-portugees-servies-1024x1024.jpg\" data-object-fit=\"cover\" srcset=\"https:\/\/unrostore.com\/wp-content\/uploads\/2023\/07\/unro-blauwe-ontbijtborden-gebalsborden-portugees-servies-1024x1024.jpg 1024w, https:\/\/unrostore.com\/wp-content\/uploads\/2023\/07\/unro-blauwe-ontbijtborden-gebalsborden-portugees-servies-640x640.jpg 640w, https:\/\/unrostore.com\/wp-content\/uploads\/2023\/07\/unro-blauwe-ontbijtborden-gebalsborden-portugees-servies-1000x1000.jpg 1000w, https:\/\/unrostore.com\/wp-content\/uploads\/2023\/07\/unro-blauwe-ontbijtborden-gebalsborden-portugees-servies-300x300.jpg 300w, https:\/\/unrostore.com\/wp-content\/uploads\/2023\/07\/unro-blauwe-ontbijtborden-gebalsborden-portugees-servies-150x150.jpg 150w, https:\/\/unrostore.com\/wp-content\/uploads\/2023\/07\/unro-blauwe-ontbijtborden-gebalsborden-portugees-servies-768x768.jpg 768w\" sizes=\"auto, (max-width: 1024px) 100vw, 1024px\" \/><div class=\"wp-block-cover__inner-container is-layout-flow wp-block-cover-is-layout-flow\">\n<h2 class=\"wp-block-heading has-text-align-center has-white-color has-text-color has-large-font-size\">Fr\u00fchst\u00fccksteller<\/h2>\n\n\n\n<div class=\"wp-block-buttons is-content-justification-center is-layout-flex wp-container-core-buttons-is-layout-16018d1d wp-block-buttons-is-layout-flex\">\n<div class=\"wp-block-button\"><a class=\"wp-block-button__link has-pale-cyan-blue-background-color has-background wp-element-button\" href=\"https:\/\/unrostore.com\/de-at\/produktkategorie-2\/fruhstucksteller\/\" style=\"border-radius:16px\">Ansicht Fr\u00fchst\u00fccksteller<\/a><\/div>\n<\/div>\n<\/div><\/div>\n<\/div>\n\n\n\n<div class=\"wp-block-column is-layout-flow wp-block-column-is-layout-flow\">\n<div class=\"wp-block-cover is-light\"><span aria-hidden=\"true\" class=\"wp-block-cover__background has-background-dim-20 has-background-dim\"><\/span><img loading=\"lazy\" decoding=\"async\" width=\"1000\" height=\"1000\" class=\"wp-block-cover__image-background wp-image-5793\" alt=\"Essteller\" src=\"https:\/\/unrostore.com\/wp-content\/uploads\/2022\/10\/unro-witte-dinerborden-set-portugees-servies-jpg.webp\" data-object-fit=\"cover\" srcset=\"https:\/\/unrostore.com\/wp-content\/uploads\/2022\/10\/unro-witte-dinerborden-set-portugees-servies-jpg.webp 1000w, https:\/\/unrostore.com\/wp-content\/uploads\/2022\/10\/unro-witte-dinerborden-set-portugees-servies-jpg-640x640.webp 640w, https:\/\/unrostore.com\/wp-content\/uploads\/2022\/10\/unro-witte-dinerborden-set-portugees-servies-300x300.webp 300w, https:\/\/unrostore.com\/wp-content\/uploads\/2022\/10\/unro-witte-dinerborden-set-portugees-servies-150x150.webp 150w, https:\/\/unrostore.com\/wp-content\/uploads\/2022\/10\/unro-witte-dinerborden-set-portugees-servies-768x768.webp 768w\" sizes=\"auto, (max-width: 1000px) 100vw, 1000px\" \/><div class=\"wp-block-cover__inner-container is-layout-flow wp-block-cover-is-layout-flow\">\n<h2 class=\"wp-block-heading has-text-align-center has-white-color has-text-color has-large-font-size\">Essteller<\/h2>\n\n\n\n<div class=\"wp-block-buttons is-content-justification-center is-layout-flex wp-container-core-buttons-is-layout-16018d1d wp-block-buttons-is-layout-flex\">\n<div class=\"wp-block-button\"><a class=\"wp-block-button__link has-pale-cyan-blue-background-color has-background wp-element-button\" href=\"https:\/\/unrostore.com\/de-at\/produktkategorie-2\/essteller\/\" style=\"border-radius:16px\">Ansicht Essteller<\/a><\/div>\n<\/div>\n<\/div><\/div>\n<\/div>\n<\/div>\n\n\n\n<div style=\"height:50px\" aria-hidden=\"true\" class=\"wp-block-spacer\"><\/div>\n\n\n\n<div class=\"wp-block-columns is-layout-flex wp-container-core-columns-is-layout-9d6595d7 wp-block-columns-is-layout-flex\">\n<div class=\"wp-block-column is-layout-flow wp-block-column-is-layout-flow\" style=\"flex-basis:5%\"><\/div>\n\n\n\n<div class=\"wp-block-column is-layout-flow wp-block-column-is-layout-flow\" style=\"flex-basis:90%\">\n<h3 class=\"wp-block-heading\">Verschiedene Arten von Platten<\/h3>\n\n\n\n<p>Wollten Sie schon immer anders sein als die anderen? Dann sind diese Schilder genau das Richtige f\u00fcr Sie! Schau dir die <a href=\"https:\/\/unrostore.com\/de-at\/shop\/terrafina\/korallen\/kleurrijk-dinerborden-corals-4-delig\/\"><strong><mark style=\"background-color:rgba(0, 0, 0, 0);color:#f18874\" class=\"has-inline-color\">Korallen Essteller<\/mark><\/strong><\/a> von <a href=\"https:\/\/www.terrafinastore.com\/en\/representatives\/unro\"><strong><mark style=\"background-color:rgba(0, 0, 0, 0);color:#f18874\" class=\"has-inline-color\">Terrafina<\/mark><\/strong><\/a>Diese sind sehr bunt, und ja, auch sehr unterschiedlich. Sie sehen super sch\u00f6n aus in ruhigen Interieurs, aber auch einfach in bunten Interieurs. Alle Teller sind multifunktional, sie k\u00f6nnen alle in die Sp\u00fclmaschine und Sie k\u00f6nnen sie jeden Tag f\u00fcr Ihre leckeren Gerichte verwenden. Sind Sie neugierig auf unsere begehrtesten Teller? Dann werfen Sie doch mal einen Blick auf den Amazonia <a href=\"https:\/\/unrostore.com\/de-at\/shop\/terrafina\/amazonia-grun\/groene-dinerborden-amazonia-green-4-delig\/\"><strong><mark style=\"background-color:rgba(0, 0, 0, 0);color:#f18874\" class=\"has-inline-color\">Gr\u00fcn<\/mark><\/strong><\/a>, <a href=\"https:\/\/unrostore.com\/de-at\/shop\/terrafina\/amazonenblau\/blaue-essteller-amazonia-blau-4-stuck\/\"><strong><mark style=\"background-color:rgba(0, 0, 0, 0);color:#f18874\" class=\"has-inline-color\">Blau<\/mark><\/strong><\/a> & <a href=\"https:\/\/unrostore.com\/de-at\/shop\/terrafina\/amazonia-creme\/creme-dinerborden-amazonia-cream-4-delig\/\"><mark style=\"background-color:rgba(0, 0, 0, 0);color:#f18874\" class=\"has-inline-color\"><strong>Creme<\/strong><\/mark><\/a> Zeichen.<\/p>\n\n\n\n<p>Alle unsere Teller sind aus hochwertiger Keramik, die aus Portugal bezogen wird. Das macht die Teller robust und man kann sie sogar im Backofen verwenden. Es ist uns wichtig, dass wir gute Qualit\u00e4t verkaufen, was sich auch in den Reaktionen unserer Kunden widerspiegelt! Wir w\u00fcnschen Ihnen viel Gl\u00fcck &amp; viel Spa\u00df mit Ihrem perfekten Tellerset auf unserer Website. \ud83e\udd29<\/p>\n\n\n\n<div style=\"height:40px\" aria-hidden=\"true\" class=\"wp-block-spacer\"><\/div>\n\n\n\n<h3 class=\"wp-block-heading\">Tiefe Nudelplatten<\/h3>\n\n\n\n<p>Die tiefen Nudelteller sind multifunktional und ideal f\u00fcr verschiedene Gerichte. Machen Sie es sich leicht und essen Sie morgens Ihren Joghurt oder Ihr M\u00fcsli auf dem tiefen Teller. Abends k\u00f6nnen Sie die tiefen Teller als Suppenteller oder Salatteller verwenden, um Ihre k\u00f6stliche portugiesische Suppe oder Ihren Salat zu genie\u00dfen. \ud83c\uddf5\ud83c\uddf9 Alle Pastateller haben einen Durchmesser von \u00f8 22 cm und sind \u2193 2,2 cm tief.<\/p>\n\n\n\n<div style=\"height:40px\" aria-hidden=\"true\" class=\"wp-block-spacer\"><\/div>\n\n\n\n<h3 class=\"wp-block-heading\">Fr\u00fchst\u00fccksteller<\/h3>\n\n\n\n<p>Fr\u00fchst\u00fccksteller sind auch f\u00fcr andere Tageszeiten praktisch. Man kann sie einfach als Fr\u00fchst\u00fccksteller verwenden, aber auch kleine Tapas-Gerichte darauf servieren, oder f\u00fcr alle Naschkatzen unter uns, als Kuchenteller. \ud83c\udf70 Die Fr\u00fchst\u00fccksteller haben einen Durchmesser von \u00f8 21 cm und sind supersch\u00f6n.<\/p>\n\n\n\n<div style=\"height:40px\" aria-hidden=\"true\" class=\"wp-block-spacer\"><\/div>\n\n\n\n<h3 class=\"wp-block-heading\">Essteller<\/h3>\n\n\n\n<p>Das Auge will nat\u00fcrlich auch etwas, der Hauptgang sieht perfekt aus, aber es fehlt einfach etwas... \ud83e\udd14 Richtig, Ihnen fehlen noch die sch\u00f6nen portugiesischen Essteller, die es bei UNRO gibt. Um Ihren Hauptgang wirklich zu vervollst\u00e4ndigen, empfehlen wir Ihnen, einen Blick auf diese sch\u00f6nen Essteller in unserem Webshop zu werfen. Ihre G\u00e4ste werden neidisch sein, versprochen! \ud83d\ude0d Die Essteller haben einen Durchmesser von \u00f8 28 cm. <\/p>\n<\/div>\n\n\n\n<div class=\"wp-block-column is-layout-flow wp-block-column-is-layout-flow\" style=\"flex-basis:5%\"><\/div>\n<\/div>","protected":false},"excerpt":{"rendered":"<p>Verschiedene Arten von Schildern Wollten Sie schon immer anders sein als die anderen? Dann sind diese Teller genau das Richtige f\u00fcr Sie! Schauen Sie sich die Corals Essteller von Terrafina an, diese sind sehr farbenfroh, und ja, auch sehr anders. Sie sehen super sch\u00f6n aus in ruhigen Interieurs, aber auch einfach in bunten Interieurs. Alle Teller sind multifunktional, sie...<\/p>","protected":false},"author":1,"featured_media":4887,"parent":0,"menu_order":0,"comment_status":"closed","ping_status":"closed","template":"","meta":{"footnotes":""},"class_list":["post-4879","page","type-page","status-publish","has-post-thumbnail","hentry"],"yoast_head":"<!-- This site is optimized with the Yoast SEO plugin v27.5 - https:\/\/yoast.com\/product\/yoast-seo-wordpress\/ -->\n<title>Borden &#8226; UNRO<\/title>\n<meta name=\"description\" content=\"Op zoek naar prachtige moderne Portugese borden? Dan ben je aan het juiste adres! Bekijk &amp; bestel direct online jouw nieuwe borden van UNRO.\" \/>\n<meta name=\"robots\" content=\"index, follow, max-snippet:-1, max-image-preview:large, max-video-preview:-1\" \/>\n<link rel=\"canonical\" href=\"https:\/\/unrostore.com\/de-at\/zeichen\/\" \/>\n<meta property=\"og:locale\" content=\"de_DE\" \/>\n<meta property=\"og:type\" content=\"article\" \/>\n<meta property=\"og:title\" content=\"Borden &#8226; UNRO\" \/>\n<meta property=\"og:description\" content=\"Op zoek naar prachtige moderne Portugese borden? Dan ben je aan het juiste adres! Bekijk &amp; bestel direct online jouw nieuwe borden van UNRO.\" \/>\n<meta property=\"og:url\" content=\"https:\/\/unrostore.com\/de-at\/zeichen\/\" \/>\n<meta property=\"og:site_name\" content=\"UNRO\" \/>\n<meta property=\"article:modified_time\" content=\"2024-08-11T12:55:04+00:00\" \/>\n<meta property=\"og:image\" content=\"https:\/\/unrostore.com\/wp-content\/uploads\/2023\/07\/unro-blauwe-ontbijtborden-gebalsborden-portugees-servies.jpg\" \/>\n\t<meta property=\"og:image:width\" content=\"2000\" \/>\n\t<meta property=\"og:image:height\" content=\"2000\" \/>\n\t<meta property=\"og:image:type\" content=\"image\/jpeg\" \/>\n<meta name=\"twitter:card\" content=\"summary_large_image\" \/>\n<script type=\"application\/ld+json\" class=\"yoast-schema-graph\">{\"@context\":\"https:\\\/\\\/schema.org\",\"@graph\":[{\"@type\":\"WebPage\",\"@id\":\"https:\\\/\\\/unrostore.com\\\/nl-nl\\\/borden\\\/\",\"url\":\"https:\\\/\\\/unrostore.com\\\/nl-nl\\\/borden\\\/\",\"name\":\"Borden &#8226; UNRO\",\"isPartOf\":{\"@id\":\"https:\\\/\\\/unrostore.com\\\/#website\"},\"primaryImageOfPage\":{\"@id\":\"https:\\\/\\\/unrostore.com\\\/nl-nl\\\/borden\\\/#primaryimage\"},\"image\":{\"@id\":\"https:\\\/\\\/unrostore.com\\\/nl-nl\\\/borden\\\/#primaryimage\"},\"thumbnailUrl\":\"https:\\\/\\\/unrostore.com\\\/wp-content\\\/uploads\\\/2023\\\/07\\\/unro-blauwe-ontbijtborden-gebalsborden-portugees-servies.jpg\",\"datePublished\":\"2023-07-16T10:16:20+00:00\",\"dateModified\":\"2024-08-11T12:55:04+00:00\",\"description\":\"Op zoek naar prachtige moderne Portugese borden? Dan ben je aan het juiste adres! Bekijk & bestel direct online jouw nieuwe borden van UNRO.\",\"breadcrumb\":{\"@id\":\"https:\\\/\\\/unrostore.com\\\/nl-nl\\\/borden\\\/#breadcrumb\"},\"inLanguage\":\"de-AT\",\"potentialAction\":[{\"@type\":\"ReadAction\",\"target\":[\"https:\\\/\\\/unrostore.com\\\/nl-nl\\\/borden\\\/\"]}]},{\"@type\":\"ImageObject\",\"inLanguage\":\"de-AT\",\"@id\":\"https:\\\/\\\/unrostore.com\\\/nl-nl\\\/borden\\\/#primaryimage\",\"url\":\"https:\\\/\\\/unrostore.com\\\/wp-content\\\/uploads\\\/2023\\\/07\\\/unro-blauwe-ontbijtborden-gebalsborden-portugees-servies.jpg\",\"contentUrl\":\"https:\\\/\\\/unrostore.com\\\/wp-content\\\/uploads\\\/2023\\\/07\\\/unro-blauwe-ontbijtborden-gebalsborden-portugees-servies.jpg\",\"width\":2000,\"height\":2000,\"caption\":\"Mooie borden\"},{\"@type\":\"BreadcrumbList\",\"@id\":\"https:\\\/\\\/unrostore.com\\\/nl-nl\\\/borden\\\/#breadcrumb\",\"itemListElement\":[{\"@type\":\"ListItem\",\"position\":1,\"name\":\"Home\",\"item\":\"https:\\\/\\\/unrostore.com\\\/\"},{\"@type\":\"ListItem\",\"position\":2,\"name\":\"Borden\"}]},{\"@type\":\"WebSite\",\"@id\":\"https:\\\/\\\/unrostore.com\\\/#website\",\"url\":\"https:\\\/\\\/unrostore.com\\\/\",\"name\":\"UNRO\",\"description\":\"Portugees servies waar je blij van wordt!\",\"publisher\":{\"@id\":\"https:\\\/\\\/unrostore.com\\\/#organization\"},\"potentialAction\":[{\"@type\":\"SearchAction\",\"target\":{\"@type\":\"EntryPoint\",\"urlTemplate\":\"https:\\\/\\\/unrostore.com\\\/?s={search_term_string}\"},\"query-input\":{\"@type\":\"PropertyValueSpecification\",\"valueRequired\":true,\"valueName\":\"search_term_string\"}}],\"inLanguage\":\"de-AT\"},{\"@type\":\"Organization\",\"@id\":\"https:\\\/\\\/unrostore.com\\\/#organization\",\"name\":\"UNRO\",\"url\":\"https:\\\/\\\/unrostore.com\\\/\",\"logo\":{\"@type\":\"ImageObject\",\"inLanguage\":\"de-AT\",\"@id\":\"https:\\\/\\\/unrostore.com\\\/#\\\/schema\\\/logo\\\/image\\\/\",\"url\":\"https:\\\/\\\/unrostore.com\\\/wp-content\\\/uploads\\\/2022\\\/05\\\/Logo-UNRO.png\",\"contentUrl\":\"https:\\\/\\\/unrostore.com\\\/wp-content\\\/uploads\\\/2022\\\/05\\\/Logo-UNRO.png\",\"width\":605,\"height\":179,\"caption\":\"UNRO\"},\"image\":{\"@id\":\"https:\\\/\\\/unrostore.com\\\/#\\\/schema\\\/logo\\\/image\\\/\"}}]}<\/script>\n<!-- \/ Yoast SEO plugin. -->","yoast_head_json":{"title":"Schilder - UNRO","description":"Suchen Sie sch\u00f6ne moderne portugiesische Teller? Dann sind Sie bei uns genau richtig! Sehen Sie sich Ihre neuen Schilder von UNRO an und bestellen Sie sie gleich online.","robots":{"index":"index","follow":"follow","max-snippet":"max-snippet:-1","max-image-preview":"max-image-preview:large","max-video-preview":"max-video-preview:-1"},"canonical":"https:\/\/unrostore.com\/de-at\/zeichen\/","og_locale":"de_DE","og_type":"article","og_title":"Borden &#8226; UNRO","og_description":"Op zoek naar prachtige moderne Portugese borden? Dan ben je aan het juiste adres! Bekijk & bestel direct online jouw nieuwe borden van UNRO.","og_url":"https:\/\/unrostore.com\/de-at\/zeichen\/","og_site_name":"UNRO","article_modified_time":"2024-08-11T12:55:04+00:00","og_image":[{"width":2000,"height":2000,"url":"https:\/\/unrostore.com\/wp-content\/uploads\/2023\/07\/unro-blauwe-ontbijtborden-gebalsborden-portugees-servies.jpg","type":"image\/jpeg"}],"twitter_card":"summary_large_image","schema":{"@context":"https:\/\/schema.org","@graph":[{"@type":"WebPage","@id":"https:\/\/unrostore.com\/nl-nl\/borden\/","url":"https:\/\/unrostore.com\/nl-nl\/borden\/","name":"Schilder - UNRO","isPartOf":{"@id":"https:\/\/unrostore.com\/#website"},"primaryImageOfPage":{"@id":"https:\/\/unrostore.com\/nl-nl\/borden\/#primaryimage"},"image":{"@id":"https:\/\/unrostore.com\/nl-nl\/borden\/#primaryimage"},"thumbnailUrl":"https:\/\/unrostore.com\/wp-content\/uploads\/2023\/07\/unro-blauwe-ontbijtborden-gebalsborden-portugees-servies.jpg","datePublished":"2023-07-16T10:16:20+00:00","dateModified":"2024-08-11T12:55:04+00:00","description":"Suchen Sie sch\u00f6ne moderne portugiesische Teller? Dann sind Sie bei uns genau richtig! Sehen Sie sich Ihre neuen Schilder von UNRO an und bestellen Sie sie gleich online.","breadcrumb":{"@id":"https:\/\/unrostore.com\/nl-nl\/borden\/#breadcrumb"},"inLanguage":"de-AT","potentialAction":[{"@type":"ReadAction","target":["https:\/\/unrostore.com\/nl-nl\/borden\/"]}]},{"@type":"ImageObject","inLanguage":"de-AT","@id":"https:\/\/unrostore.com\/nl-nl\/borden\/#primaryimage","url":"https:\/\/unrostore.com\/wp-content\/uploads\/2023\/07\/unro-blauwe-ontbijtborden-gebalsborden-portugees-servies.jpg","contentUrl":"https:\/\/unrostore.com\/wp-content\/uploads\/2023\/07\/unro-blauwe-ontbijtborden-gebalsborden-portugees-servies.jpg","width":2000,"height":2000,"caption":"Mooie borden"},{"@type":"BreadcrumbList","@id":"https:\/\/unrostore.com\/nl-nl\/borden\/#breadcrumb","itemListElement":[{"@type":"ListItem","position":1,"name":"Home","item":"https:\/\/unrostore.com\/"},{"@type":"ListItem","position":2,"name":"Borden"}]},{"@type":"WebSite","@id":"https:\/\/unrostore.com\/#website","url":"https:\/\/unrostore.com\/","name":"UNRO","description":"Portugiesisches Geschirr, das Sie gl\u00fccklich machen wird!","publisher":{"@id":"https:\/\/unrostore.com\/#organization"},"potentialAction":[{"@type":"SearchAction","target":{"@type":"EntryPoint","urlTemplate":"https:\/\/unrostore.com\/?s={search_term_string}"},"query-input":{"@type":"PropertyValueSpecification","valueRequired":true,"valueName":"search_term_string"}}],"inLanguage":"de-AT"},{"@type":"Organization","@id":"https:\/\/unrostore.com\/#organization","name":"UNRO","url":"https:\/\/unrostore.com\/","logo":{"@type":"ImageObject","inLanguage":"de-AT","@id":"https:\/\/unrostore.com\/#\/schema\/logo\/image\/","url":"https:\/\/unrostore.com\/wp-content\/uploads\/2022\/05\/Logo-UNRO.png","contentUrl":"https:\/\/unrostore.com\/wp-content\/uploads\/2022\/05\/Logo-UNRO.png","width":605,"height":179,"caption":"UNRO"},"image":{"@id":"https:\/\/unrostore.com\/#\/schema\/logo\/image\/"}}]}},"_links":{"self":[{"href":"https:\/\/unrostore.com\/de-at\/wp-json\/wp\/v2\/pages\/4879","targetHints":{"allow":["GET"]}}],"collection":[{"href":"https:\/\/unrostore.com\/de-at\/wp-json\/wp\/v2\/pages"}],"about":[{"href":"https:\/\/unrostore.com\/de-at\/wp-json\/wp\/v2\/types\/page"}],"author":[{"embeddable":true,"href":"https:\/\/unrostore.com\/de-at\/wp-json\/wp\/v2\/users\/1"}],"replies":[{"embeddable":true,"href":"https:\/\/unrostore.com\/de-at\/wp-json\/wp\/v2\/comments?post=4879"}],"version-history":[{"count":0,"href":"https:\/\/unrostore.com\/de-at\/wp-json\/wp\/v2\/pages\/4879\/revisions"}],"wp:featuredmedia":[{"embeddable":true,"href":"https:\/\/unrostore.com\/de-at\/wp-json\/wp\/v2\/media\/4887"}],"wp:attachment":[{"href":"https:\/\/unrostore.com\/de-at\/wp-json\/wp\/v2\/media?parent=4879"}],"curies":[{"name":"wp","href":"https:\/\/api.w.org\/{rel}","templated":true}]}}