{"id":1994,"date":"2022-10-09T08:35:31","date_gmt":"2022-10-09T08:35:31","guid":{"rendered":"https:\/\/unrostore.com\/?page_id=1994"},"modified":"2024-05-19T11:29:24","modified_gmt":"2024-05-19T11:29:24","slug":"terrafina","status":"publish","type":"page","link":"https:\/\/unrostore.com\/de-at\/terrafina\/","title":{"rendered":"Terrafina"},"content":{"rendered":"<figure class=\"wp-block-embed alignfull is-type-video is-provider-youtube wp-block-embed-youtube wp-embed-aspect-16-9 wp-has-aspect-ratio\"><div class=\"wp-block-embed__wrapper\">\n<iframe loading=\"lazy\" title=\"Terrafina-Steinzeug von ceramirupe\" width=\"1170\" height=\"658\" src=\"https:\/\/www.youtube.com\/embed\/3pGfZIe7qHA?feature=oembed&#038;enablejsapi=1&#038;origin=https:\/\/unrostore.com\" frameborder=\"0\" allow=\"accelerometer; autoplay; clipboard-write; encrypted-media; gyroscope; picture-in-picture; web-share\" referrerpolicy=\"strict-origin-when-cross-origin\" allowfullscreen><\/iframe>\n<\/div><\/figure>\n\n\n\n<div style=\"height:0px\" aria-hidden=\"true\" class=\"wp-block-spacer\"><\/div>\n\n\n<div class=\"wp-block-image\">\n<figure class=\"aligncenter size-large is-resized\"><img loading=\"lazy\" decoding=\"async\" width=\"1024\" height=\"454\" src=\"https:\/\/unrostore.com\/wp-content\/uploads\/2022\/10\/Terrafina_cores-1024x454.png\" alt=\"\" class=\"wp-image-2009\" style=\"width:206px;height:92px\" srcset=\"https:\/\/unrostore.com\/wp-content\/uploads\/2022\/10\/Terrafina_cores-1024x454.png 1024w, https:\/\/unrostore.com\/wp-content\/uploads\/2022\/10\/Terrafina_cores-1000x444.png 1000w, https:\/\/unrostore.com\/wp-content\/uploads\/2022\/10\/Terrafina_cores-300x133.png 300w, https:\/\/unrostore.com\/wp-content\/uploads\/2022\/10\/Terrafina_cores-768x341.png 768w, https:\/\/unrostore.com\/wp-content\/uploads\/2022\/10\/Terrafina_cores-20x10.png 20w\" sizes=\"auto, (max-width: 1024px) 100vw, 1024px\" \/><\/figure><\/div>\n\n\n<div style=\"height:10px\" aria-hidden=\"true\" class=\"wp-block-spacer\"><\/div>\n\n\n\n<p class=\"has-text-align-center\"><em><strong>Ausgenommen<\/strong><\/em> unter <img loading=\"lazy\" decoding=\"async\" width=\"50\" height=\"15\" class=\"wp-image-3759\" style=\"width: 50px;\" src=\"https:\/\/unrostore.com\/wp-content\/uploads\/2023\/03\/Logo-UNRO-1.png\" alt=\"\"> verf\u00fcgbar<\/p>\n\n\n\n<p class=\"has-text-align-center\" style=\"font-size:15px\">Terrafina ist eine moderne portugiesische Geschirrmarke, die mit dem Wissen des renommierten Keramikunternehmens Ceramirupe entstanden ist.<br>Die Marke steht f\u00fcr <strong>Liebe<\/strong>, <strong>Menschlichkeit<\/strong> und <strong>Qualit\u00e4t<\/strong>.<\/p>\n\n\n\n<div style=\"height:10px\" aria-hidden=\"true\" class=\"wp-block-spacer\"><\/div>\n\n\n\n<hr class=\"wp-block-separator has-text-color has-alpha-channel-opacity has-background\" style=\"background-color:#e0ddda;color:#e0ddda\"\/>\n\n\n\n<div class=\"wp-block-columns is-layout-flex wp-container-core-columns-is-layout-9d6595d7 wp-block-columns-is-layout-flex\">\n<div class=\"wp-block-column is-layout-flow wp-block-column-is-layout-flow\" style=\"flex-basis:100%\">\n<div class=\"wp-block-columns is-layout-flex wp-container-core-columns-is-layout-9d6595d7 wp-block-columns-is-layout-flex\">\n<div class=\"wp-block-column is-layout-flow wp-block-column-is-layout-flow\" style=\"flex-basis:5%\"><\/div>\n\n\n\n<div class=\"wp-block-column is-layout-flow wp-block-column-is-layout-flow\" style=\"flex-basis:90%\">\t<div class=\"row products thb-product-category-grid\">\n\t\t\t\t\t\t<div class=\"small-6 medium-6 medium-3 columns product-category product\">\n\t\t\t\t\t\t<a href=\"https:\/\/unrostore.com\/de-at\/shop\/produktkategorie-2\/terrafina\/beige-geschirr-vieira-beige-matt-2\/\" class=\"thb-category-link\">\t<div class=\"thb-product-category-image\">\n\t\t\t\t\t\t\t<img loading=\"lazy\" decoding=\"async\" src=\"https:\/\/unrostore.com\/wp-content\/uploads\/2024\/05\/unro-beige-borden-zand-640x640.webp\" alt=\"Beigefarbenes Essgeschirr - Vieira Beige\" width=\"640\" height=\"640\" srcset=\"https:\/\/unrostore.com\/wp-content\/uploads\/2024\/05\/unro-beige-borden-zand-640x640.webp 640w, https:\/\/unrostore.com\/wp-content\/uploads\/2024\/05\/unro-beige-borden-zand-300x300.webp 300w, https:\/\/unrostore.com\/wp-content\/uploads\/2024\/05\/unro-beige-borden-zand-150x150.webp 150w, https:\/\/unrostore.com\/wp-content\/uploads\/2024\/05\/unro-beige-borden-zand-12x12.webp 12w\" sizes=\"auto, (max-width: 640px) 100vw, 640px\" \/>\t\t\t\t\t\t<\/div>\n\t\t\t\t\t\t<h2 class=\"woocommerce-loop-category__title\">\n\t\t\t\t\t\tBeigefarbenes Essgeschirr - Vieira Beige\t\t\t\t\t\t\t\t\t\t\t\t<\/h2>\n\t\t\t\t\t<\/a>\n\t\t\t\t<\/div>\n\t\t\t\t\t\t\t\t<div class=\"small-6 medium-6 medium-3 columns product-category product\">\n\t\t\t\t\t\t<a href=\"https:\/\/unrostore.com\/de-at\/shop\/produktkategorie-2\/terrafina\/kaffee\/\" class=\"thb-category-link\">\t<div class=\"thb-product-category-image\">\n\t\t\t\t\t\t\t<img loading=\"lazy\" decoding=\"async\" src=\"https:\/\/unrostore.com\/wp-content\/uploads\/2023\/10\/unro-portugees-bruin-servies-set-640x640.jpg\" alt=\"Braunes Essgeschirr - Coffee\" width=\"640\" height=\"640\" srcset=\"https:\/\/unrostore.com\/wp-content\/uploads\/2023\/10\/unro-portugees-bruin-servies-set-640x640.jpg 640w, https:\/\/unrostore.com\/wp-content\/uploads\/2023\/10\/unro-portugees-bruin-servies-set-150x150.jpg 150w\" sizes=\"auto, (max-width: 640px) 100vw, 640px\" \/>\t\t\t\t\t\t<\/div>\n\t\t\t\t\t\t<h2 class=\"woocommerce-loop-category__title\">\n\t\t\t\t\t\tBraunes Essgeschirr - Coffee\t\t\t\t\t\t\t\t\t\t\t\t<\/h2>\n\t\t\t\t\t<\/a>\n\t\t\t\t<\/div>\n\t\t\t\t\t\t\t\t<div class=\"small-6 medium-6 medium-3 columns product-category product\">\n\t\t\t\t\t\t<a href=\"https:\/\/unrostore.com\/de-at\/shop\/produktkategorie-2\/terrafina\/sail\/\" class=\"thb-category-link\">\t<div class=\"thb-product-category-image\">\n\t\t\t\t\t\t\t<img loading=\"lazy\" decoding=\"async\" src=\"https:\/\/unrostore.com\/wp-content\/uploads\/2022\/10\/unro-portugees-servies-wit-jpg-640x640.webp\" alt=\"Wei\u00dfes Geschirr - Sail\" width=\"640\" height=\"640\" srcset=\"https:\/\/unrostore.com\/wp-content\/uploads\/2022\/10\/unro-portugees-servies-wit-jpg-640x640.webp 640w, https:\/\/unrostore.com\/wp-content\/uploads\/2022\/10\/unro-portugees-servies-wit-300x300.webp 300w, https:\/\/unrostore.com\/wp-content\/uploads\/2022\/10\/unro-portugees-servies-wit-150x150.webp 150w\" sizes=\"auto, (max-width: 640px) 100vw, 640px\" \/>\t\t\t\t\t\t<\/div>\n\t\t\t\t\t\t<h2 class=\"woocommerce-loop-category__title\">\n\t\t\t\t\t\tWei\u00dfes Geschirr - Sail\t\t\t\t\t\t\t\t\t\t\t\t<\/h2>\n\t\t\t\t\t<\/a>\n\t\t\t\t<\/div>\n\t\t\t\t\t\t\t\t<div class=\"small-6 medium-6 medium-3 columns product-category product\">\n\t\t\t\t\t\t<a href=\"https:\/\/unrostore.com\/de-at\/shop\/produktkategorie-2\/terrafina\/amazonia-grun\/\" class=\"thb-category-link\">\t<div class=\"thb-product-category-image\">\n\t\t\t\t\t\t\t<img loading=\"lazy\" decoding=\"async\" src=\"https:\/\/unrostore.com\/wp-content\/uploads\/2023\/03\/unro-groene-dinerborden-portugees-servies-jpg-640x640.webp\" alt=\"Gr\u00fcnes Geschirr - Amazonia Green\" width=\"640\" height=\"640\" srcset=\"https:\/\/unrostore.com\/wp-content\/uploads\/2023\/03\/unro-groene-dinerborden-portugees-servies-jpg-640x640.webp 640w, https:\/\/unrostore.com\/wp-content\/uploads\/2023\/03\/unro-groene-dinerborden-portugees-servies-300x300.webp 300w, https:\/\/unrostore.com\/wp-content\/uploads\/2023\/03\/unro-groene-dinerborden-portugees-servies-150x150.webp 150w\" sizes=\"auto, (max-width: 640px) 100vw, 640px\" \/>\t\t\t\t\t\t<\/div>\n\t\t\t\t\t\t<h2 class=\"woocommerce-loop-category__title\">\n\t\t\t\t\t\tGr\u00fcnes Geschirr - Amazonia Green\t\t\t\t\t\t\t\t\t\t\t\t<\/h2>\n\t\t\t\t\t<\/a>\n\t\t\t\t<\/div>\n\t\t\t\t\t\t\t\t<div class=\"small-6 medium-6 medium-3 columns product-category product\">\n\t\t\t\t\t\t<a href=\"https:\/\/unrostore.com\/de-at\/shop\/produktkategorie-2\/terrafina\/amazonia-creme\/\" class=\"thb-category-link\">\t<div class=\"thb-product-category-image\">\n\t\t\t\t\t\t\t<img loading=\"lazy\" decoding=\"async\" src=\"https:\/\/unrostore.com\/wp-content\/uploads\/2023\/10\/unro-creme-servies-portugees-servies-640x640.jpg\" alt=\"Sahnegeschirr - Amazonia Cream\" width=\"640\" height=\"640\" srcset=\"https:\/\/unrostore.com\/wp-content\/uploads\/2023\/10\/unro-creme-servies-portugees-servies-640x640.jpg 640w, https:\/\/unrostore.com\/wp-content\/uploads\/2023\/10\/unro-creme-servies-portugees-servies-150x150.jpg 150w\" sizes=\"auto, (max-width: 640px) 100vw, 640px\" \/>\t\t\t\t\t\t<\/div>\n\t\t\t\t\t\t<h2 class=\"woocommerce-loop-category__title\">\n\t\t\t\t\t\tSahnegeschirr - Amazonia Cream\t\t\t\t\t\t\t\t\t\t\t\t<\/h2>\n\t\t\t\t\t<\/a>\n\t\t\t\t<\/div>\n\t\t\t\t\t\t\t\t<div class=\"small-6 medium-6 medium-3 columns product-category product\">\n\t\t\t\t\t\t<a href=\"https:\/\/unrostore.com\/de-at\/shop\/produktkategorie-2\/terrafina\/amazonenblau\/\" class=\"thb-category-link\">\t<div class=\"thb-product-category-image\">\n\t\t\t\t\t\t\t<img loading=\"lazy\" decoding=\"async\" src=\"https:\/\/unrostore.com\/wp-content\/uploads\/2023\/10\/unro-blauw-servies-640x640.jpg\" alt=\"Blaues Geschirr - Amazonia Blue\" width=\"640\" height=\"640\" srcset=\"https:\/\/unrostore.com\/wp-content\/uploads\/2023\/10\/unro-blauw-servies-640x640.jpg 640w, https:\/\/unrostore.com\/wp-content\/uploads\/2023\/10\/unro-blauw-servies-150x150.jpg 150w\" sizes=\"auto, (max-width: 640px) 100vw, 640px\" \/>\t\t\t\t\t\t<\/div>\n\t\t\t\t\t\t<h2 class=\"woocommerce-loop-category__title\">\n\t\t\t\t\t\tBlaues Geschirr - Amazonia Blue\t\t\t\t\t\t\t\t\t\t\t\t<\/h2>\n\t\t\t\t\t<\/a>\n\t\t\t\t<\/div>\n\t\t\t\t\t\t\t\t<div class=\"small-6 medium-6 medium-3 columns product-category product\">\n\t\t\t\t\t\t<a href=\"https:\/\/unrostore.com\/de-at\/shop\/produktkategorie-2\/terrafina\/schwarzes-geschirr-schwarzer-stein-2\/\" class=\"thb-category-link\">\t<div class=\"thb-product-category-image\">\n\t\t\t\t\t\t\t<img loading=\"lazy\" decoding=\"async\" src=\"https:\/\/unrostore.com\/wp-content\/uploads\/2023\/10\/unro-zwarte-espresso-kopjes-640x640.jpg\" alt=\"Schwarzes Geschirr - Black Stone\" width=\"640\" height=\"640\" srcset=\"https:\/\/unrostore.com\/wp-content\/uploads\/2023\/10\/unro-zwarte-espresso-kopjes-640x640.jpg 640w, https:\/\/unrostore.com\/wp-content\/uploads\/2023\/10\/unro-zwarte-espresso-kopjes-150x150.jpg 150w\" sizes=\"auto, (max-width: 640px) 100vw, 640px\" \/>\t\t\t\t\t\t<\/div>\n\t\t\t\t\t\t<h2 class=\"woocommerce-loop-category__title\">\n\t\t\t\t\t\tSchwarzes Geschirr - Black Stone\t\t\t\t\t\t\t\t\t\t\t\t<\/h2>\n\t\t\t\t\t<\/a>\n\t\t\t\t<\/div>\n\t\t\t\t\t\t\t\t<div class=\"small-6 medium-6 medium-3 columns product-category product\">\n\t\t\t\t\t\t<a href=\"https:\/\/unrostore.com\/de-at\/shop\/produktkategorie-2\/terrafina\/korallen\/\" class=\"thb-category-link\">\t<div class=\"thb-product-category-image\">\n\t\t\t\t\t\t\t<img loading=\"lazy\" decoding=\"async\" src=\"https:\/\/unrostore.com\/wp-content\/uploads\/2022\/10\/unro-gekleurde-mokken-extra-grote-theemokken-set-640x640.webp\" alt=\"Farbiges Geschirr - Corals\" width=\"640\" height=\"640\" srcset=\"https:\/\/unrostore.com\/wp-content\/uploads\/2022\/10\/unro-gekleurde-mokken-extra-grote-theemokken-set-640x640.webp 640w, https:\/\/unrostore.com\/wp-content\/uploads\/2022\/10\/unro-gekleurde-mokken-extra-grote-theemokken-set-300x300.webp 300w, https:\/\/unrostore.com\/wp-content\/uploads\/2022\/10\/unro-gekleurde-mokken-extra-grote-theemokken-set-150x150.webp 150w, https:\/\/unrostore.com\/wp-content\/uploads\/2022\/10\/unro-gekleurde-mokken-extra-grote-theemokken-set-12x12.webp 12w\" sizes=\"auto, (max-width: 640px) 100vw, 640px\" \/>\t\t\t\t\t\t<\/div>\n\t\t\t\t\t\t<h2 class=\"woocommerce-loop-category__title\">\n\t\t\t\t\t\tFarbiges Geschirr - Corals\t\t\t\t\t\t\t\t\t\t\t\t<\/h2>\n\t\t\t\t\t<\/a>\n\t\t\t\t<\/div>\n\t\t\t\t\t<\/div>\n\t<\/div>\n\n\n\n<div class=\"wp-block-column is-layout-flow wp-block-column-is-layout-flow\" style=\"flex-basis:5%\"><\/div>\n<\/div>\n<\/div>\n<\/div>\n\n\n\n<hr class=\"wp-block-separator has-text-color has-alpha-channel-opacity has-background\" style=\"background-color:#e0ddda;color:#e0ddda\"\/>\n\n\n\n<div style=\"height:20px\" aria-hidden=\"true\" class=\"wp-block-spacer\"><\/div>\n\n\n\n<div class=\"wp-block-columns is-layout-flex wp-container-core-columns-is-layout-9d6595d7 wp-block-columns-is-layout-flex\">\n<div class=\"wp-block-column is-layout-flow wp-block-column-is-layout-flow\" style=\"flex-basis:60%\">\n<h3 class=\"wp-block-heading\"><em><strong>Authentizit\u00e4t<\/strong><\/em><\/h3>\n\n\n\n<p>Terrafina bietet hochwertiges Geschirr in mehreren Kollektionen an, die jeweils eine eigene Identit\u00e4t und einen eigenen Stil haben. Da zeitgen\u00f6ssisches Geschirr handgefertigt und von Hand bearbeitet wird, ist auch jedes St\u00fcck ein echtes Unikat!<\/p>\n\n\n\n<div style=\"height:20px\" aria-hidden=\"true\" class=\"wp-block-spacer\"><\/div>\n\n\n\n<h3 class=\"wp-block-heading\"><em><strong>Liebe<\/strong><\/em><\/h3>\n\n\n\n<p>Das Geschirr von Terrafina wird mit Sorgfalt und Aufmerksamkeit hergestellt, und die Leidenschaft, die dahinter steckt, ist im Ergebnis deutlich sichtbar: vom Design bis zur Verpackung. Terrafina basiert auch auf der Idee, sich selbst oder jemandem, der einem wichtig ist, etwas wirklich Einzigartiges zu schenken. Die Produkte von Terrafina sind die Verk\u00f6rperung der Liebe zu original portugiesischem Geschirr aus hochwertiger Keramik.<\/p>\n\n\n\n<p>Da die Produkte von <a href=\"https:\/\/unrostore.com\/de-at\/2023\/07\/31\/worauf-ist-beim-kauf-von-geschirr-zu-achten-teil-1-qualitat\/\"><mark style=\"background-color:rgba(0, 0, 0, 0);color:#f18874\" class=\"has-inline-color\"><strong>hohe Qualit\u00e4t<\/strong><\/mark><\/a> sind, ist es langlebige Keramik, die Sie immer wieder verwenden wollen und k\u00f6nnen. Terrafina bietet modernes portugiesisches Geschirr mit zeitlosem Design, von dem man einfach nicht genug bekommen kann.&nbsp;<\/p>\n<\/div>\n\n\n\n<div class=\"wp-block-column is-layout-flow wp-block-column-is-layout-flow\" style=\"flex-basis:44%\">\n<div style=\"height:10px\" aria-hidden=\"true\" class=\"wp-block-spacer\"><\/div>\n\n\n\n<figure class=\"wp-block-image size-large\"><img loading=\"lazy\" decoding=\"async\" width=\"1919\" height=\"2560\" src=\"https:\/\/unrostore.com\/wp-content\/uploads\/2023\/10\/unro-portugees-servies-groene-mok-edited-scaled.webp\" alt=\"\" class=\"wp-image-5703\" style=\"aspect-ratio:1;object-fit:cover\" title=\"Segelbecher Portugiesisches Geschirr\" srcset=\"https:\/\/unrostore.com\/wp-content\/uploads\/2023\/10\/unro-portugees-servies-groene-mok-edited-scaled.webp 1919w, https:\/\/unrostore.com\/wp-content\/uploads\/2023\/10\/unro-portugees-servies-groene-mok-edited-scaled-1000x1334.webp 1000w, https:\/\/unrostore.com\/wp-content\/uploads\/2023\/10\/unro-portugees-servies-groene-mok-edited-225x300.webp 225w, https:\/\/unrostore.com\/wp-content\/uploads\/2023\/10\/unro-portugees-servies-groene-mok-edited-768x1025.webp 768w, https:\/\/unrostore.com\/wp-content\/uploads\/2023\/10\/unro-portugees-servies-groene-mok-edited-1151x1536.webp 1151w, https:\/\/unrostore.com\/wp-content\/uploads\/2023\/10\/unro-portugees-servies-groene-mok-edited-1535x2048.webp 1535w, https:\/\/unrostore.com\/wp-content\/uploads\/2023\/10\/unro-portugees-servies-groene-mok-edited-9x12.webp 9w\" sizes=\"auto, (max-width: 1919px) 100vw, 1919px\" \/><\/figure>\n<\/div>\n<\/div>\n\n\n\n<div style=\"height:140px\" aria-hidden=\"true\" class=\"wp-block-spacer\"><\/div>\n\n\n\n<hr class=\"wp-block-separator alignfull has-text-color has-alpha-channel-opacity has-background is-style-default\" style=\"background-color:#e0ddda;color:#e0ddda\"\/>\n\n\n\n<div class=\"wp-block-columns is-layout-flex wp-container-core-columns-is-layout-9d6595d7 wp-block-columns-is-layout-flex\">\n<div class=\"wp-block-column is-layout-flow wp-block-column-is-layout-flow\">\t<div class=\"thb-iconbox align-left\">\n\t\t<div class=\"thb-iconbox-image\">\n\t\t\t<img loading=\"lazy\" decoding=\"async\" width=\"120\" height=\"120\" src=\"https:\/\/unrostore.com\/wp-content\/uploads\/2023\/07\/dinnerware.png\" class=\"attachment-thumbnail size-thumbnail\" alt=\"Handgefertigtes portugiesisches Keramikgeschirr\" \/>\t\t<\/div>\n\t\t<div class=\"thb-iconbox-inner\">\n\t\t\t<h6>Hochwertiges Porzellangeschirr<\/h6>\n\t\t\t<p>Authentisches Portugiesisch<\/p>\n\t\t<\/div>\n\t<\/div>\n\t<\/div>\n\n\n\n<div class=\"wp-block-column is-layout-flow wp-block-column-is-layout-flow\">\t<div class=\"thb-iconbox align-left\">\n\t\t<div class=\"thb-iconbox-image\">\n\t\t\t<img loading=\"lazy\" decoding=\"async\" width=\"120\" height=\"120\" src=\"https:\/\/unrostore.com\/wp-content\/uploads\/2023\/07\/truck.png\" class=\"attachment-thumbnail size-thumbnail\" alt=\"Versand portugiesischen Geschirrs\" \/>\t\t<\/div>\n\t\t<div class=\"thb-iconbox-inner\">\n\t\t\t<h6>Schneller Versand<\/h6>\n\t\t\t<p>Kostenloser Versand ab 75 \u20ac<\/p>\n\t\t<\/div>\n\t<\/div>\n\t<\/div>\n\n\n\n<div class=\"wp-block-column is-layout-flow wp-block-column-is-layout-flow\">\t<div class=\"thb-iconbox align-left\">\n\t\t<div class=\"thb-iconbox-image\">\n\t\t\t<img loading=\"lazy\" decoding=\"async\" width=\"120\" height=\"120\" src=\"https:\/\/unrostore.com\/wp-content\/uploads\/2023\/07\/ambacht.png\" class=\"attachment-thumbnail size-thumbnail\" alt=\"Handgefertigtes portugiesisches Tafelgeschirr\" \/>\t\t<\/div>\n\t\t<div class=\"thb-iconbox-inner\">\n\t\t\t<h6>Faire Preise<\/h6>\n\t\t\t<p>F\u00fcr handwerkliche Arbeiten<\/p>\n\t\t<\/div>\n\t<\/div>\n\t<\/div>\n\n\n\n<div class=\"wp-block-column is-layout-flow wp-block-column-is-layout-flow\">\t<div class=\"thb-iconbox align-left\">\n\t\t<div class=\"thb-iconbox-image\">\n\t\t\t<img loading=\"lazy\" decoding=\"async\" width=\"120\" height=\"120\" src=\"https:\/\/unrostore.com\/wp-content\/uploads\/2023\/07\/retouren.png\" class=\"attachment-thumbnail size-thumbnail\" alt=\"\" \/>\t\t<\/div>\n\t\t<div class=\"thb-iconbox-inner\">\n\t\t\t<h6>30-t\u00e4gige Bedenkzeit<\/h6>\n\t\t\t<p>Einfache und direkte R\u00fcckgabe.<\/p>\n\t\t<\/div>\n\t<\/div>\n\t<\/div>\n<\/div>","protected":false},"excerpt":{"rendered":"<p>Exklusiv bei uns erh\u00e4ltlich Terrafina ist eine moderne portugiesische Geschirrmarke, die aus dem Wissen des renommierten Keramikunternehmens Ceramirupe entstanden ist und f\u00fcr Liebe, Menschlichkeit und Qualit\u00e4t steht. Authentizit\u00e4t Terrafina bietet hochwertiges Geschirr in verschiedenen Kollektionen an, die jeweils ihre eigene Identit\u00e4t und ihren eigenen Stil haben. Da das zeitgen\u00f6ssische Geschirr handgefertigt und veredelt ist,...<\/p>","protected":false},"author":1,"featured_media":0,"parent":0,"menu_order":0,"comment_status":"closed","ping_status":"closed","template":"","meta":{"footnotes":""},"class_list":["post-1994","page","type-page","status-publish","hentry"],"yoast_head":"<!-- This site is optimized with the Yoast SEO plugin v27.4 - https:\/\/yoast.com\/product\/yoast-seo-wordpress\/ -->\n<title>Terrafina &#8226; Modern Portugees Servies&#8226; UNRO<\/title>\n<meta name=\"description\" content=\"Terrafina hoge kwaliteit servies in verschillende collecties. Al het moderne servies is met de hand gemaakt en afgewerkt.\" \/>\n<meta name=\"robots\" content=\"index, follow, max-snippet:-1, max-image-preview:large, max-video-preview:-1\" \/>\n<link rel=\"canonical\" href=\"https:\/\/unrostore.com\/de-at\/terrafina\/\" \/>\n<meta property=\"og:locale\" content=\"de_DE\" \/>\n<meta property=\"og:type\" content=\"article\" \/>\n<meta property=\"og:title\" content=\"Terrafina &#8226; Modern Portugees Servies&#8226; UNRO\" \/>\n<meta property=\"og:description\" content=\"Terrafina hoge kwaliteit servies in verschillende collecties. Al het moderne servies is met de hand gemaakt en afgewerkt.\" \/>\n<meta property=\"og:url\" content=\"https:\/\/unrostore.com\/de-at\/terrafina\/\" \/>\n<meta property=\"og:site_name\" content=\"UNRO\" \/>\n<meta property=\"article:modified_time\" content=\"2024-05-19T11:29:24+00:00\" \/>\n<meta property=\"og:image\" content=\"https:\/\/unrostore.com\/wp-content\/uploads\/2022\/10\/Terrafina_cores-1024x454.png\" \/>\n<meta name=\"twitter:card\" content=\"summary_large_image\" \/>\n<script type=\"application\/ld+json\" class=\"yoast-schema-graph\">{\"@context\":\"https:\\\/\\\/schema.org\",\"@graph\":[{\"@type\":\"WebPage\",\"@id\":\"https:\\\/\\\/unrostore.com\\\/nl-nl\\\/terrafina\\\/\",\"url\":\"https:\\\/\\\/unrostore.com\\\/nl-nl\\\/terrafina\\\/\",\"name\":\"Terrafina &#8226; Modern Portugees Servies&#8226; UNRO\",\"isPartOf\":{\"@id\":\"https:\\\/\\\/unrostore.com\\\/#website\"},\"primaryImageOfPage\":{\"@id\":\"https:\\\/\\\/unrostore.com\\\/nl-nl\\\/terrafina\\\/#primaryimage\"},\"image\":{\"@id\":\"https:\\\/\\\/unrostore.com\\\/nl-nl\\\/terrafina\\\/#primaryimage\"},\"thumbnailUrl\":\"https:\\\/\\\/unrostore.com\\\/wp-content\\\/uploads\\\/2022\\\/10\\\/Terrafina_cores-1024x454.png\",\"datePublished\":\"2022-10-09T08:35:31+00:00\",\"dateModified\":\"2024-05-19T11:29:24+00:00\",\"description\":\"Terrafina hoge kwaliteit servies in verschillende collecties. Al het moderne servies is met de hand gemaakt en afgewerkt.\",\"breadcrumb\":{\"@id\":\"https:\\\/\\\/unrostore.com\\\/nl-nl\\\/terrafina\\\/#breadcrumb\"},\"inLanguage\":\"de-AT\",\"potentialAction\":[{\"@type\":\"ReadAction\",\"target\":[\"https:\\\/\\\/unrostore.com\\\/nl-nl\\\/terrafina\\\/\"]}]},{\"@type\":\"ImageObject\",\"inLanguage\":\"de-AT\",\"@id\":\"https:\\\/\\\/unrostore.com\\\/nl-nl\\\/terrafina\\\/#primaryimage\",\"url\":\"https:\\\/\\\/unrostore.com\\\/wp-content\\\/uploads\\\/2022\\\/10\\\/Terrafina_cores-1024x454.png\",\"contentUrl\":\"https:\\\/\\\/unrostore.com\\\/wp-content\\\/uploads\\\/2022\\\/10\\\/Terrafina_cores-1024x454.png\"},{\"@type\":\"BreadcrumbList\",\"@id\":\"https:\\\/\\\/unrostore.com\\\/nl-nl\\\/terrafina\\\/#breadcrumb\",\"itemListElement\":[{\"@type\":\"ListItem\",\"position\":1,\"name\":\"Home\",\"item\":\"https:\\\/\\\/unrostore.com\\\/\"},{\"@type\":\"ListItem\",\"position\":2,\"name\":\"Terrafina\"}]},{\"@type\":\"WebSite\",\"@id\":\"https:\\\/\\\/unrostore.com\\\/#website\",\"url\":\"https:\\\/\\\/unrostore.com\\\/\",\"name\":\"UNRO\",\"description\":\"Portugees servies waar je blij van wordt!\",\"publisher\":{\"@id\":\"https:\\\/\\\/unrostore.com\\\/#organization\"},\"potentialAction\":[{\"@type\":\"SearchAction\",\"target\":{\"@type\":\"EntryPoint\",\"urlTemplate\":\"https:\\\/\\\/unrostore.com\\\/?s={search_term_string}\"},\"query-input\":{\"@type\":\"PropertyValueSpecification\",\"valueRequired\":true,\"valueName\":\"search_term_string\"}}],\"inLanguage\":\"de-AT\"},{\"@type\":\"Organization\",\"@id\":\"https:\\\/\\\/unrostore.com\\\/#organization\",\"name\":\"UNRO\",\"url\":\"https:\\\/\\\/unrostore.com\\\/\",\"logo\":{\"@type\":\"ImageObject\",\"inLanguage\":\"de-AT\",\"@id\":\"https:\\\/\\\/unrostore.com\\\/#\\\/schema\\\/logo\\\/image\\\/\",\"url\":\"https:\\\/\\\/unrostore.com\\\/wp-content\\\/uploads\\\/2022\\\/05\\\/Logo-UNRO.png\",\"contentUrl\":\"https:\\\/\\\/unrostore.com\\\/wp-content\\\/uploads\\\/2022\\\/05\\\/Logo-UNRO.png\",\"width\":605,\"height\":179,\"caption\":\"UNRO\"},\"image\":{\"@id\":\"https:\\\/\\\/unrostore.com\\\/#\\\/schema\\\/logo\\\/image\\\/\"}}]}<\/script>\n<!-- \/ Yoast SEO plugin. -->","yoast_head_json":{"title":"Terrafina - Modernes Portugiesisch Serbien - UNRO","description":"Hochwertiges Geschirr von Terrafina in verschiedenen Kollektionen. Alle modernen Geschirrteile sind handgefertigt und von Hand bearbeitet.","robots":{"index":"index","follow":"follow","max-snippet":"max-snippet:-1","max-image-preview":"max-image-preview:large","max-video-preview":"max-video-preview:-1"},"canonical":"https:\/\/unrostore.com\/de-at\/terrafina\/","og_locale":"de_DE","og_type":"article","og_title":"Terrafina &#8226; Modern Portugees Servies&#8226; UNRO","og_description":"Terrafina hoge kwaliteit servies in verschillende collecties. Al het moderne servies is met de hand gemaakt en afgewerkt.","og_url":"https:\/\/unrostore.com\/de-at\/terrafina\/","og_site_name":"UNRO","article_modified_time":"2024-05-19T11:29:24+00:00","og_image":[{"url":"https:\/\/unrostore.com\/wp-content\/uploads\/2022\/10\/Terrafina_cores-1024x454.png","type":"","width":"","height":""}],"twitter_card":"summary_large_image","schema":{"@context":"https:\/\/schema.org","@graph":[{"@type":"WebPage","@id":"https:\/\/unrostore.com\/nl-nl\/terrafina\/","url":"https:\/\/unrostore.com\/nl-nl\/terrafina\/","name":"Terrafina - Modernes Portugiesisch Serbien - UNRO","isPartOf":{"@id":"https:\/\/unrostore.com\/#website"},"primaryImageOfPage":{"@id":"https:\/\/unrostore.com\/nl-nl\/terrafina\/#primaryimage"},"image":{"@id":"https:\/\/unrostore.com\/nl-nl\/terrafina\/#primaryimage"},"thumbnailUrl":"https:\/\/unrostore.com\/wp-content\/uploads\/2022\/10\/Terrafina_cores-1024x454.png","datePublished":"2022-10-09T08:35:31+00:00","dateModified":"2024-05-19T11:29:24+00:00","description":"Hochwertiges Geschirr von Terrafina in verschiedenen Kollektionen. Alle modernen Geschirrteile sind handgefertigt und von Hand bearbeitet.","breadcrumb":{"@id":"https:\/\/unrostore.com\/nl-nl\/terrafina\/#breadcrumb"},"inLanguage":"de-AT","potentialAction":[{"@type":"ReadAction","target":["https:\/\/unrostore.com\/nl-nl\/terrafina\/"]}]},{"@type":"ImageObject","inLanguage":"de-AT","@id":"https:\/\/unrostore.com\/nl-nl\/terrafina\/#primaryimage","url":"https:\/\/unrostore.com\/wp-content\/uploads\/2022\/10\/Terrafina_cores-1024x454.png","contentUrl":"https:\/\/unrostore.com\/wp-content\/uploads\/2022\/10\/Terrafina_cores-1024x454.png"},{"@type":"BreadcrumbList","@id":"https:\/\/unrostore.com\/nl-nl\/terrafina\/#breadcrumb","itemListElement":[{"@type":"ListItem","position":1,"name":"Home","item":"https:\/\/unrostore.com\/"},{"@type":"ListItem","position":2,"name":"Terrafina"}]},{"@type":"WebSite","@id":"https:\/\/unrostore.com\/#website","url":"https:\/\/unrostore.com\/","name":"UNRO","description":"Portugiesisches Geschirr, das Sie gl\u00fccklich machen wird!","publisher":{"@id":"https:\/\/unrostore.com\/#organization"},"potentialAction":[{"@type":"SearchAction","target":{"@type":"EntryPoint","urlTemplate":"https:\/\/unrostore.com\/?s={search_term_string}"},"query-input":{"@type":"PropertyValueSpecification","valueRequired":true,"valueName":"search_term_string"}}],"inLanguage":"de-AT"},{"@type":"Organization","@id":"https:\/\/unrostore.com\/#organization","name":"UNRO","url":"https:\/\/unrostore.com\/","logo":{"@type":"ImageObject","inLanguage":"de-AT","@id":"https:\/\/unrostore.com\/#\/schema\/logo\/image\/","url":"https:\/\/unrostore.com\/wp-content\/uploads\/2022\/05\/Logo-UNRO.png","contentUrl":"https:\/\/unrostore.com\/wp-content\/uploads\/2022\/05\/Logo-UNRO.png","width":605,"height":179,"caption":"UNRO"},"image":{"@id":"https:\/\/unrostore.com\/#\/schema\/logo\/image\/"}}]}},"_links":{"self":[{"href":"https:\/\/unrostore.com\/de-at\/wp-json\/wp\/v2\/pages\/1994","targetHints":{"allow":["GET"]}}],"collection":[{"href":"https:\/\/unrostore.com\/de-at\/wp-json\/wp\/v2\/pages"}],"about":[{"href":"https:\/\/unrostore.com\/de-at\/wp-json\/wp\/v2\/types\/page"}],"author":[{"embeddable":true,"href":"https:\/\/unrostore.com\/de-at\/wp-json\/wp\/v2\/users\/1"}],"replies":[{"embeddable":true,"href":"https:\/\/unrostore.com\/de-at\/wp-json\/wp\/v2\/comments?post=1994"}],"version-history":[{"count":0,"href":"https:\/\/unrostore.com\/de-at\/wp-json\/wp\/v2\/pages\/1994\/revisions"}],"wp:attachment":[{"href":"https:\/\/unrostore.com\/de-at\/wp-json\/wp\/v2\/media?parent=1994"}],"curies":[{"name":"wp","href":"https:\/\/api.w.org\/{rel}","templated":true}]}}