{"id":1129,"date":"2022-05-08T10:17:03","date_gmt":"2022-05-08T10:17:03","guid":{"rendered":"https:\/\/unrostore.com\/?page_id=1129"},"modified":"2024-02-11T16:22:44","modified_gmt":"2024-02-11T16:22:44","slug":"bestellung-und-bezahlung","status":"publish","type":"page","link":"https:\/\/unrostore.com\/de-at\/bestellung-und-bezahlung\/","title":{"rendered":"Bestellung &amp; Bezahlung"},"content":{"rendered":"<div style=\"height:20px\" aria-hidden=\"true\" class=\"wp-block-spacer\"><\/div>\n\n\n\n<div class=\"wp-block-columns is-layout-flex wp-container-core-columns-is-layout-9d6595d7 wp-block-columns-is-layout-flex\">\n<div class=\"wp-block-column is-layout-flow wp-block-column-is-layout-flow\" style=\"flex-basis:25%\"><\/div>\n\n\n\n<div class=\"wp-block-column is-layout-flow wp-block-column-is-layout-flow\" style=\"flex-basis:50%\">\n<meta charset=\"utf-8\">\n<title>H\u00e4ufig gestellte Fragen UNRO<\/title>\n<link rel=\"stylesheet\" href=\"https:\/\/use.fontawesome.com\/releases\/v5.8.2\/css\/all.css\" integrity=\"sha384-oS3vJWv+0UjzBfQzYUhtDYW+Pj2yciDJxpsK1OYPAYjqT085Qq\/1cq5FLXAZQ7Ay\" crossorigin=\"anonymous\">\n\n<style>\n\ninput {\n    display: none;\n}\n\nlabel {\n  display: block;\n  background: #fcf7f5;\n  color: #000;\n  cursor: pointer;\n  padding: 18px;\n  margin: 0 0 1px 0;\n  border-radius: 6px;\n  transition: ease .5s;\n  position: relative;\n  font-size: 14px;\n  font-weight: 300;\n  font-family: nunito sans; \n}\n\nlabel:hover {\n  background-color: #eef7fc;\n  \n}\n\nlabel::after {\n\tfont-family: \"Font Awesome 5 Free\";\n\tcontent: '\\f078';\n\tfont-weight: bold;\n\tfont-size: 14px;\n\tposition: absolute;\n\tright: 10px;\n\ttop: 6px;\n}\n\ninput:checked + label::after {\n\tcontent: '\\f077';\n}\n\n.content {\n    background: #eef7fc;\n    padding: 10px 25px;\n    color: #000;\n    font-size: 14px;\n    font-family: avenir;\n    \n    \n\n    margin: 0 0 1px 0;\n    border-radius: 6px;\n}\n\ninput + label + .content {\n    display: none;\n}\n\ninput:checked + label + .content {\n    display: block;\n}\n<\/style>\n\n\n<center><h2>Bestellen & betalen<\/h2><\/center>\n\n\n<input type=\"checkbox\" id=\"title1\">\n<label for=\"title1\">Wie kann ich eine Bestellung aufgeben?<\/label>\n<div class=\"content\">\n  <p>1. W\u00e4hlen Sie Ihre Lieblingsprodukte aus, w\u00e4hlen Sie die gew\u00fcnschte Menge und legen Sie sie in den Warenkorb, indem Sie auf \"In den Warenkorb\" klicken.<br><br>2. Haben Sie alle gew\u00fcnschten Produkte zusammengestellt und m\u00f6chten Sie mit der Bestellung beginnen? Dann gehen Sie zu Ihrem Warenkorb (oben rechts) und klicken Sie auf \"Zur Kasse gehen\".<br><br>3. Geben Sie Ihre Daten ein, stimmen Sie unseren Allgemeinen Gesch\u00e4ftsbedingungen zu und klicken Sie dann auf \"Bestellung aufgeben\".<br><br>4. W\u00e4hlen Sie Ihre bevorzugte Zahlungsmethode und geben Sie Ihre Bestellung auf. <br><br>Voila, die Bestellung ist aufgegeben und innerhalb weniger Minuten erhalten Sie Ihre Bestellbest\u00e4tigung mit Ihrer Bestellnummer \ud83d\ude42 .<\/p>\n<\/div>\n\n<input type=\"checkbox\" id=\"title2\">\n<label for=\"title2\">Hat UNRO auch einen Shop?<\/label>\n<div class=\"content\">\n  <p>UNRO ist jetzt nur noch online \u00fcber unsere Website unro.co.uk erh\u00e4ltlich. Haben Sie eine Frage, sind Sie verwirrt oder k\u00f6nnen wir Ihnen vielleicht helfen?<br><br> Wenn ja, k\u00f6nnen Sie uns gerne \u00fcber unsere E-Mail kontaktieren: <a href=\"mailto:support@unrostore.com\">support@unrostore.com<\/a> Wir werden unser Bestes tun, um so schnell wie m\u00f6glich zu antworten \ud83d\ude09 .\n<\/p>\n<\/div>\n\n<input type=\"checkbox\" id=\"title3\">\n<label for=\"title3\">Wie lautet meine Bestellnummer und wo finde ich sie?<\/label>\n<div class=\"content\">\n  <p>Eine Bestellnummer ist die Referenz f\u00fcr Ihre Bestellung. Sie finden sie in Ihrer Auftragsbest\u00e4tigung per E-Mail.<br><br><strong>Haben Sie ein UNRO-Konto?<\/strong> Dann k\u00f6nnen Sie durch <a href=\"https:\/\/unrostore.com\/de-at\/mein-unro\/\">hier<\/a> loggen Sie sich ein und finden Sie alle Ihre Bestellungen mit den entsprechenden Bestellnummern.<\/p>\n<\/div>\n\n\n<input type=\"checkbox\" id=\"title4\">\n<label for=\"title4\">Muss ich ein Konto haben, um zu bestellen?<\/label>\n<div class=\"content\">\n  <p>Es ist nicht notwendig, ein Konto zu haben, um eine Bestellung bei uns aufzugeben.<br><br>Es ist jedoch sehr praktisch, weil Sie alle Ihre Bestellungen in Ihrem Konto leicht einsehen k\u00f6nnen.<br><br> Klicken Sie auf <a href=\"https:\/\/unrostore.com\/de-at\/mein-unro\/\">hier<\/a> Um ein Konto zu erstellen! <\/p>\n<\/div>\n\n<input type=\"checkbox\" id=\"title5\">\n<label for=\"title5\">Welche Zahlungsm\u00f6glichkeiten gibt es?<\/label>\n<div class=\"content\">\n  <p>iDeal, Bancontact, PayPal, Mastercard, Maestro, American Express, Visa, Giropay und die M\u00f6glichkeit, nachtr\u00e4glich zu bezahlen (Klarna).<\/p>\n<\/div>\n\n<input type=\"checkbox\" id=\"title6\">\n<label for=\"title6\">Was ist Mollie?<\/label>\n<div class=\"content\">\n  <p>Mollie ist das Zahlungssystem, mit dem wir arbeiten, und gew\u00e4hrleistet einen \u00e4u\u00dferst sicheren und zuverl\u00e4ssigen Zahlungsverkehr. <\/p>\n<\/div>\n\n<input type=\"checkbox\" id=\"title8\">\n<label for=\"title8\">Kann ich auch nachtr\u00e4glich bezahlen?<\/label>\n<div class=\"content\">\n  <p>Nachzahlung ist bei uns m\u00f6glich, wenn Sie die Zahlungsmethode Klarna w\u00e4hlen.<\/p>\n<\/div>\n\n<input type=\"checkbox\" id=\"title9\">\n<label for=\"title9\">Ist der UNRO-Webshop (be)sicher(t)?<\/label>\n<div class=\"content\">\n  <p>Ja, die UNRO-Website ist durch eine SSL-Verbindung gesichert. Sie k\u00f6nnen also sicher und gesch\u00fctzt bei uns einkaufen.<\/p>\n<\/div>\n\n<input type=\"checkbox\" id=\"title10\">\n<label for=\"title10\">Was ist die UNRO-Geschenkkarte?<\/label>\n<div class=\"content\">\n  <p>Machen Sie jemandem eine Freude mit einem UNRO-Gutschein! Wenn Sie einen UNRO-Gutschein kaufen m\u00f6chten, k\u00f6nnen Sie dies hier tun: <a href=\"https:\/\/unrostore.com\/de-at\/produktkategorie-2\/geschenkgutscheine\/\"><strong>hier<\/strong><\/a> einen Geschenkgutschein kaufen!<\/p>\n<\/div>\n\n<input type=\"checkbox\" id=\"title11\">\n<label for=\"title11\">Wo kann ich meinen Rabattcode eingeben?<\/label>\n<div class=\"content\">\n  <p>Sie k\u00f6nnen Ihren Gutschein- oder Rabattcode ganz einfach auf der Warenkorb- und Kassenseite eingeben.<\/p>\n<\/div>\n\n<input type=\"checkbox\" id=\"title12\">\n<label for=\"title12\">Ich habe eine Bestellung aufgegeben und keine Auftragsbest\u00e4tigung erhalten, was nun?<\/label>\n<div class=\"content\">\n  <p>In den meisten F\u00e4llen erhalten Sie Ihre Auftragsbest\u00e4tigung innerhalb weniger Minuten \u00fcber die von Ihnen angegebene E-Mail-Adresse. Manchmal kann die E-Mail in Ihrem Junk-Mail- oder Spam-Ordner landen. Es ist auch m\u00f6glich, dass Sie die Auftragsbest\u00e4tigung nicht nach wenigen Minuten, sondern erst nach 15 oder 20 Minuten erhalten.<\/p><p> Sie haben nach einer halben Stunde noch keine Auftragsbest\u00e4tigung erhalten? Dann senden Sie eine E-Mail an <a href=\"mailto:support@unrostore.com\">support@unrostore.com<\/a> mit den von Ihnen bestellten Artikeln, dem Gesamtbetrag der Bestellung und Ihrem Kontoauszug. Wir werden dann f\u00fcr Sie arbeiten, um Ihre Bestellung zu verfolgen und eine L\u00f6sung zu finden. <\/p>\n<\/div>\n\n<input type=\"checkbox\" id=\"title13\">\n<label for=\"title13\">Kann ich meine Bestellung noch stornieren?<\/label>\n<div class=\"content\">\n  <p>Schade, dass Sie Ihre Bestellung stornieren m\u00f6chten. Das ist noch bis zu einer halben Stunde nach Ihrer Bestellung m\u00f6glich. Bitte senden Sie eine E-Mail mit dem Betreff \"Stornierung der Bestellnummer *Ihre Bestellnummer*\" an <a href=\"mailto:support@unrostore.com\">support@unrostore.com<\/a><\/p>\n<\/div>\n\n<input type=\"checkbox\" id=\"title14\">\n<label for=\"title14\">Kann ich meine Lieferadresse nach der Lieferung \u00e4ndern?<\/label>\n<div class=\"content\">\n  <p>Sie k\u00f6nnen Ihre Lieferadresse in der Mein UNRO-Umgebung f\u00fcr Ihre n\u00e4chste Bestellung \u00e4ndern.<\/p>\n<\/div>\n<\/div>\n\n\n\n<div class=\"wp-block-column is-layout-flow wp-block-column-is-layout-flow\" style=\"flex-basis:25%\"><\/div>\n<\/div>\n\n\n\n<div style=\"height:20px\" aria-hidden=\"true\" class=\"wp-block-spacer\"><\/div>","protected":false},"excerpt":{"rendered":"<p>H\u00e4ufig gestellte Fragen UNRO Bestellung &amp; Bezahlung Wie kann ich eine Bestellung aufgeben? 1. W\u00e4hlen Sie Ihre Lieblingsprodukte aus, bestimmen Sie die gew\u00fcnschte Menge und legen Sie sie in den Einkaufswagen, indem Sie auf \"In den Einkaufswagen legen\" klicken. 2. Haben Sie alle gew\u00fcnschten Produkte zusammengestellt und m\u00f6chten Sie diese bestellen? Dann gehen Sie zu Ihrem Einkaufswagen (oben rechts)...<\/p>","protected":false},"author":1,"featured_media":0,"parent":0,"menu_order":0,"comment_status":"closed","ping_status":"closed","template":"","meta":{"footnotes":""},"class_list":["post-1129","page","type-page","status-publish","hentry"],"yoast_head":"<!-- This site is optimized with the Yoast SEO plugin v27.5 - https:\/\/yoast.com\/product\/yoast-seo-wordpress\/ -->\n<title>Bestellen &amp; Betaling &#8226; UNRO<\/title>\n<meta name=\"robots\" content=\"index, follow, max-snippet:-1, max-image-preview:large, max-video-preview:-1\" \/>\n<link rel=\"canonical\" href=\"https:\/\/unrostore.com\/de-at\/bestellung-und-bezahlung\/\" \/>\n<meta property=\"og:locale\" content=\"de_DE\" \/>\n<meta property=\"og:type\" content=\"article\" \/>\n<meta property=\"og:title\" content=\"Bestellen &amp; Betaling &#8226; UNRO\" \/>\n<meta property=\"og:description\" content=\"Veelgestelde vragen UNRO Bestellen &amp; betalen Hoe plaats ik een bestelling? 1. Kies jouw favoriete producten uit, kies het gewenste aantal en plaats deze in de winkelwagen door \u2018toevoegen aan winkelwagen\u2019 aan te klikken. 2. Heb je al je gewenste producten verzameld en wil je deze gaan bestellen? Ga dan naar je winkelwagen (rechts bovenin)&hellip;\" \/>\n<meta property=\"og:url\" content=\"https:\/\/unrostore.com\/de-at\/bestellung-und-bezahlung\/\" \/>\n<meta property=\"og:site_name\" content=\"UNRO\" \/>\n<meta property=\"article:modified_time\" content=\"2024-02-11T16:22:44+00:00\" \/>\n<meta property=\"og:image\" content=\"https:\/\/unrostore.com\/wp-content\/uploads\/2023\/10\/unro-groene-serviesset-portugees-servies-terrafina.jpg\" \/>\n\t<meta property=\"og:image:width\" content=\"1000\" \/>\n\t<meta property=\"og:image:height\" content=\"1000\" \/>\n\t<meta property=\"og:image:type\" content=\"image\/jpeg\" \/>\n<meta name=\"twitter:card\" content=\"summary_large_image\" \/>\n<script type=\"application\/ld+json\" class=\"yoast-schema-graph\">{\"@context\":\"https:\\\/\\\/schema.org\",\"@graph\":[{\"@type\":\"WebPage\",\"@id\":\"https:\\\/\\\/unrostore.com\\\/bestellen-en-betaling\\\/\",\"url\":\"https:\\\/\\\/unrostore.com\\\/bestellen-en-betaling\\\/\",\"name\":\"Bestellen & Betaling &#8226; UNRO\",\"isPartOf\":{\"@id\":\"https:\\\/\\\/unrostore.com\\\/#website\"},\"datePublished\":\"2022-05-08T10:17:03+00:00\",\"dateModified\":\"2024-02-11T16:22:44+00:00\",\"breadcrumb\":{\"@id\":\"https:\\\/\\\/unrostore.com\\\/bestellen-en-betaling\\\/#breadcrumb\"},\"inLanguage\":\"de-AT\",\"potentialAction\":[{\"@type\":\"ReadAction\",\"target\":[\"https:\\\/\\\/unrostore.com\\\/bestellen-en-betaling\\\/\"]}]},{\"@type\":\"BreadcrumbList\",\"@id\":\"https:\\\/\\\/unrostore.com\\\/bestellen-en-betaling\\\/#breadcrumb\",\"itemListElement\":[{\"@type\":\"ListItem\",\"position\":1,\"name\":\"Home\",\"item\":\"https:\\\/\\\/unrostore.com\\\/\"},{\"@type\":\"ListItem\",\"position\":2,\"name\":\"Bestellen &#038; Betaling\"}]},{\"@type\":\"WebSite\",\"@id\":\"https:\\\/\\\/unrostore.com\\\/#website\",\"url\":\"https:\\\/\\\/unrostore.com\\\/\",\"name\":\"UNRO\",\"description\":\"Portugees servies waar je blij van wordt!\",\"publisher\":{\"@id\":\"https:\\\/\\\/unrostore.com\\\/#organization\"},\"potentialAction\":[{\"@type\":\"SearchAction\",\"target\":{\"@type\":\"EntryPoint\",\"urlTemplate\":\"https:\\\/\\\/unrostore.com\\\/?s={search_term_string}\"},\"query-input\":{\"@type\":\"PropertyValueSpecification\",\"valueRequired\":true,\"valueName\":\"search_term_string\"}}],\"inLanguage\":\"de-AT\"},{\"@type\":\"Organization\",\"@id\":\"https:\\\/\\\/unrostore.com\\\/#organization\",\"name\":\"UNRO\",\"url\":\"https:\\\/\\\/unrostore.com\\\/\",\"logo\":{\"@type\":\"ImageObject\",\"inLanguage\":\"de-AT\",\"@id\":\"https:\\\/\\\/unrostore.com\\\/#\\\/schema\\\/logo\\\/image\\\/\",\"url\":\"https:\\\/\\\/unrostore.com\\\/wp-content\\\/uploads\\\/2022\\\/05\\\/Logo-UNRO.png\",\"contentUrl\":\"https:\\\/\\\/unrostore.com\\\/wp-content\\\/uploads\\\/2022\\\/05\\\/Logo-UNRO.png\",\"width\":605,\"height\":179,\"caption\":\"UNRO\"},\"image\":{\"@id\":\"https:\\\/\\\/unrostore.com\\\/#\\\/schema\\\/logo\\\/image\\\/\"}}]}<\/script>\n<!-- \/ Yoast SEO plugin. -->","yoast_head_json":{"title":"Bestellung &amp; Bezahlung - UNRO","robots":{"index":"index","follow":"follow","max-snippet":"max-snippet:-1","max-image-preview":"max-image-preview:large","max-video-preview":"max-video-preview:-1"},"canonical":"https:\/\/unrostore.com\/de-at\/bestellung-und-bezahlung\/","og_locale":"de_DE","og_type":"article","og_title":"Bestellen & Betaling &#8226; UNRO","og_description":"Veelgestelde vragen UNRO Bestellen & betalen Hoe plaats ik een bestelling? 1. Kies jouw favoriete producten uit, kies het gewenste aantal en plaats deze in de winkelwagen door \u2018toevoegen aan winkelwagen\u2019 aan te klikken. 2. Heb je al je gewenste producten verzameld en wil je deze gaan bestellen? Ga dan naar je winkelwagen (rechts bovenin)&hellip;","og_url":"https:\/\/unrostore.com\/de-at\/bestellung-und-bezahlung\/","og_site_name":"UNRO","article_modified_time":"2024-02-11T16:22:44+00:00","og_image":[{"width":1000,"height":1000,"url":"https:\/\/unrostore.com\/wp-content\/uploads\/2023\/10\/unro-groene-serviesset-portugees-servies-terrafina.jpg","type":"image\/jpeg"}],"twitter_card":"summary_large_image","schema":{"@context":"https:\/\/schema.org","@graph":[{"@type":"WebPage","@id":"https:\/\/unrostore.com\/bestellen-en-betaling\/","url":"https:\/\/unrostore.com\/bestellen-en-betaling\/","name":"Bestellung &amp; Bezahlung - UNRO","isPartOf":{"@id":"https:\/\/unrostore.com\/#website"},"datePublished":"2022-05-08T10:17:03+00:00","dateModified":"2024-02-11T16:22:44+00:00","breadcrumb":{"@id":"https:\/\/unrostore.com\/bestellen-en-betaling\/#breadcrumb"},"inLanguage":"de-AT","potentialAction":[{"@type":"ReadAction","target":["https:\/\/unrostore.com\/bestellen-en-betaling\/"]}]},{"@type":"BreadcrumbList","@id":"https:\/\/unrostore.com\/bestellen-en-betaling\/#breadcrumb","itemListElement":[{"@type":"ListItem","position":1,"name":"Home","item":"https:\/\/unrostore.com\/"},{"@type":"ListItem","position":2,"name":"Bestellen &#038; Betaling"}]},{"@type":"WebSite","@id":"https:\/\/unrostore.com\/#website","url":"https:\/\/unrostore.com\/","name":"UNRO","description":"Portugiesisches Geschirr, das Sie gl\u00fccklich machen wird!","publisher":{"@id":"https:\/\/unrostore.com\/#organization"},"potentialAction":[{"@type":"SearchAction","target":{"@type":"EntryPoint","urlTemplate":"https:\/\/unrostore.com\/?s={search_term_string}"},"query-input":{"@type":"PropertyValueSpecification","valueRequired":true,"valueName":"search_term_string"}}],"inLanguage":"de-AT"},{"@type":"Organization","@id":"https:\/\/unrostore.com\/#organization","name":"UNRO","url":"https:\/\/unrostore.com\/","logo":{"@type":"ImageObject","inLanguage":"de-AT","@id":"https:\/\/unrostore.com\/#\/schema\/logo\/image\/","url":"https:\/\/unrostore.com\/wp-content\/uploads\/2022\/05\/Logo-UNRO.png","contentUrl":"https:\/\/unrostore.com\/wp-content\/uploads\/2022\/05\/Logo-UNRO.png","width":605,"height":179,"caption":"UNRO"},"image":{"@id":"https:\/\/unrostore.com\/#\/schema\/logo\/image\/"}}]}},"_links":{"self":[{"href":"https:\/\/unrostore.com\/de-at\/wp-json\/wp\/v2\/pages\/1129","targetHints":{"allow":["GET"]}}],"collection":[{"href":"https:\/\/unrostore.com\/de-at\/wp-json\/wp\/v2\/pages"}],"about":[{"href":"https:\/\/unrostore.com\/de-at\/wp-json\/wp\/v2\/types\/page"}],"author":[{"embeddable":true,"href":"https:\/\/unrostore.com\/de-at\/wp-json\/wp\/v2\/users\/1"}],"replies":[{"embeddable":true,"href":"https:\/\/unrostore.com\/de-at\/wp-json\/wp\/v2\/comments?post=1129"}],"version-history":[{"count":0,"href":"https:\/\/unrostore.com\/de-at\/wp-json\/wp\/v2\/pages\/1129\/revisions"}],"wp:attachment":[{"href":"https:\/\/unrostore.com\/de-at\/wp-json\/wp\/v2\/media?parent=1129"}],"curies":[{"name":"wp","href":"https:\/\/api.w.org\/{rel}","templated":true}]}}